{"id":486,"date":"2021-03-29T16:04:06","date_gmt":"2021-03-29T16:04:06","guid":{"rendered":"https:\/\/211md.org\/?page_id=486"},"modified":"2026-01-08T08:51:22","modified_gmt":"2026-01-08T13:51:22","slug":"partenaire","status":"publish","type":"page","link":"https:\/\/211md.org\/fr\/partner\/","title":{"rendered":"Fournisseurs de services communautaires"},"content":{"rendered":"<img decoding=\"async\" src=\"https:\/\/stg-maryland211-staging.kinsta.cloud\/wp-content\/uploads\/2025\/08\/5-1-scaled.png\" alt=\"5\" itemprop=\"image\" height=\"692\" width=\"2560\" title=\"5\" onerror=\"this.style.display='none'\" loading=\"lazy\" \/>\n\t\t<p>Nous collaborons avec les organismes communautaires pour permettre aux habitants du Maryland d&#039;acc\u00e9der aux services essentiels. En tant qu&#039;administrateur agr\u00e9\u00e9 des services 211 par l&#039;\u00c9tat, le Maryland Information Network facilite \u00e9galement l&#039;acc\u00e8s \u00e0 l&#039;information. <\/p>\n<p>Si vous aidez les personnes touch\u00e9es par la fermeture des services f\u00e9d\u00e9raux, parlez-nous-en sur <a href=\"https:\/\/bit.ly\/211-food-help\" target=\"_blank\" rel=\"noopener\">ce formulaire<\/a> afin de pouvoir informer le public des ressources disponibles \u00e0 proximit\u00e9.<\/p>\n\t\t\t<a href=\"#start\" target=\"_self\">\n\t\t\t\t\t\tCommencer\n\t\t\t\t\t<\/a>\n\t\t\t\t<img decoding=\"async\" src=\"https:\/\/211md.org\/wp-content\/plugins\/bb-plugin\/img\/pixel.png\" alt=\"\" itemprop=\"image\" onerror=\"this.style.display='none'\" loading=\"lazy\" \/>\n\t\t\t\t<img decoding=\"async\" src=\"https:\/\/211md.org\/wp-content\/uploads\/2023\/01\/211-database.png\" alt=\"211 base de donn\u00e9es de ressources consultable\" itemprop=\"image\" height=\"564\" width=\"1024\" title=\"base de donn\u00e9es 211\" onerror=\"this.style.display='none'\" loading=\"lazy\" \/>\n\t\t<h2>Ajoutez votre ressource communautaire \u00e0 notre base de donn\u00e9es<\/h2>\n\t\t<p>Avec plus de 8 500 ressources communautaires, notre base de donn\u00e9es est la plus compl\u00e8te de l&#039;\u00c9tat pour les besoins essentiels.<\/p>\n<p><a href=\"https:\/\/211md.org\/fr\/politique-dinclusion\/\" rel=\"noopener\">Lire<\/a> notre politique d&#039;inclusion. Si votre organisme r\u00e9pond aux crit\u00e8res, <a href=\"http:\/\/search.211md.org\" target=\"_blank\" rel=\"noopener\">v\u00e9rifier<\/a> pour v\u00e9rifier si vous \u00eates d\u00e9j\u00e0 r\u00e9pertori\u00e9.<\/p>\n<p>Vous n&#039;\u00eates pas r\u00e9pertori\u00e9 ? Faites-nous savoir que vous souhaitez rejoindre la base de donn\u00e9es des ressources communautaires.<\/p>\n\t\t\t<a href=\"https:\/\/docs.google.com\/forms\/d\/e\/1FAIpQLSdP1V4oqiAOGr2uK9rkCIxzTpexnlyuDmDkqfJ0CjtIbmWV0A\/viewform\" target=\"_blank\" rel=\"noopener\">\n\t\t\t\t\t\t\tAjouter une ressource\n\t\t\t\t\t<\/a>\n\t<h3>Mettez \u00e0 jour votre liste de ressources<\/h3>\n<p>La programmation de votre agence ou vos horaires ont-ils chang\u00e9\u00a0? Pour mettre \u00e0 jour votre liste de ressources, envoyez-nous un courriel \u00e0\u00a0: <a href=\"mailto:resources@211md.org\" target=\"_blank\" rel=\"noopener\">resources@211md.org<\/a>.<\/p>\n\t\t\t\t<img decoding=\"async\" src=\"https:\/\/211md.org\/wp-content\/uploads\/2023\/01\/2022_MIN_Logo_White.png\" alt=\"Logo MIN Blanc\" itemprop=\"image\" height=\"446\" width=\"1272\" title=\"2022_MIN_Logo_Blanc\" onerror=\"this.style.display='none'\" loading=\"lazy\" \/>\n\t\t\n\t\t<h3><strong>Depuis 2010, <\/strong><strong>R\u00e9seau d&#039;information du Maryland<br \/>\na aliment\u00e9 le syst\u00e8me 211 dans le Maryland.<\/strong><\/h3>\n\t\t\t<a href=\"https:\/\/mdinfonet.org\/\" target=\"_blank\" rel=\"noopener\">\n\t\t\t\t\t\tApprendre encore plus\n\t\t\t\t\t<\/a>\n\t\t\t\t<img decoding=\"async\" src=\"https:\/\/211md.org\/wp-content\/uploads\/2023\/01\/211-MD_Logo-white-400x273.png\" alt=\"211 Maryland Logo white\" itemprop=\"image\" height=\"273\" width=\"400\" title=\"211-MD_Logo-blanc\" onerror=\"this.style.display='none'\" loading=\"lazy\" \/>\n\t<h2>Faites conna\u00eetre le 211 aux autres<\/h2>\n<h4><em>T\u00e9l\u00e9chargez et utilisez la bo\u00eete \u00e0 outils marketing 211<\/em><\/h4>\n<p>Nous appr\u00e9cions votre aide pour connecter les Marylanders au 211. T\u00e9l\u00e9chargez du mat\u00e9riel de marketing num\u00e9rique ou commandez du mat\u00e9riel pr\u00eat \u00e0 imprimer pour le partager avec votre communaut\u00e9.<\/p>\n\t\t\t<a href=\"https:\/\/211md.org\/fr\/boite-a-outils-marketing\/\" target=\"_blank\" rel=\"noopener\">\n\t\t\t\t\t\t\tObtenez du mat\u00e9riel de marketing\n\t\t\t\t\t<\/a>\n\t\t\t\t<img decoding=\"async\" src=\"http:\/\/211md.org\/wp-content\/uploads\/2021\/05\/Top-View-Postcard-Mockup-scaled.jpg\" alt=\"211 cartes de sensibilisation du Maryland\" itemprop=\"image\" title=\"Maquette de carte postale vue de dessus\" onerror=\"this.style.display='none'\" loading=\"lazy\" \/>\n\t\t<h2>Vous avez une question sur le 211\u00a0?<\/h2>\n\t\t<p>Lisez notre Foire aux questions (FAQ) ou\u00a0<strong><a href=\"\/fr\/contactez-nous\/\">Contactez-nous<\/a>.<\/strong><\/p>\n\t\t\t<a href=\"\/fr\/about\/faq\/\" target=\"_self\">\n\t\t\t\t\t\t\tLisez notre FAQ\n\t\t\t\t\t<\/a>\n<h2>\n\t\t\tLes partenariats renforcent les communaut\u00e9s\t<\/h2>\n\t<p>En p\u00e9riode de grand besoin, les agences \u00e9tatiques et locales se tournent vers nous pour connecter les habitants du Maryland.<\/p>\n\t\t\t\t<img decoding=\"async\" src=\"http:\/\/211md.org\/wp-content\/uploads\/2022\/04\/Group-333.svg\" alt=\"Logo du Bureau des Affaires des Immigrants du Gouverneur du Maryland\" itemprop=\"image\" height=\"215\" width=\"245\" title=\"Logo du Bureau des Affaires des Immigrants du Gouverneur du Maryland\" onerror=\"this.style.display='none'\" loading=\"lazy\" \/>\n<h3>MDStopHate<\/h3><p>Signalez la haine, la discrimination ou l\u2019intimidation.<\/p>\n<p>Le 211 est \u00e9galement une ressource unique pour les immigrants et les nouveaux Am\u00e9ricains, offrant une assistance multilingue dans plus de 150 langues.<\/p>\n<p>&nbsp;<\/p>\n\t\t\t\t<img decoding=\"async\" src=\"http:\/\/211md.org\/wp-content\/uploads\/2021\/05\/Health-DoL_primary_rgb_300ppi-1@2x.png\" alt=\"Logo du minist\u00e8re de la Sant\u00e9 du Maryland\" itemprop=\"image\" title=\"Sant\u00e9 DoL_primary_rgb_300ppi (1)@2x\" onerror=\"this.style.display='none'\" loading=\"lazy\" \/>\n<h3>211 Coordination des soins de sant\u00e9 comportementale<\/h3><p>Ces programmes connectent le personnel hospitalier et les patients aux services de sant\u00e9 comportementale communautaires. Ils bouclent \u00e9galement la boucle avec les patients et les planificateurs de sortie.<\/p>\n<p>&nbsp;<\/p>\n<h2>\n\t\t\tNos partenaires\t<\/h2>\n\t\t\t\t<img decoding=\"async\" src=\"https:\/\/211md.org\/wp-content\/uploads\/2021\/04\/NAMI-Md@2x.png\" alt=\"Logo NAMI Maryland\" itemprop=\"image\" height=\"38\" width=\"210\" title=\"NAMI MD@2x\" onerror=\"this.style.display='none'\" loading=\"lazy\" \/>\n\t\t\t\t<img decoding=\"async\" src=\"http:\/\/211md.org\/wp-content\/uploads\/2021\/06\/DOH-Logo.svg\" alt=\"Logo du minist\u00e8re de la Sant\u00e9 du Maryland\" itemprop=\"image\" height=\"95\" width=\"118\" title=\"Logo du minist\u00e8re de la Sant\u00e9\" onerror=\"this.style.display='none'\" loading=\"lazy\" \/>\n\t\t\t\t<img decoding=\"async\" src=\"http:\/\/211md.org\/wp-content\/uploads\/2024\/01\/Mid-Shore-Health-Improvement-Coalition-logo.png\" alt=\"Logo de la Coalition pour l&#039;am\u00e9lioration de la sant\u00e9 du Mid Shore\" itemprop=\"image\" title=\"Logo de la Coalition pour l&#039;am\u00e9lioration de la sant\u00e9 du Mid Shore\" onerror=\"this.style.display='none'\" loading=\"lazy\" \/>\n\t\t\t\t<img decoding=\"async\" src=\"https:\/\/211md.org\/wp-content\/uploads\/2021\/05\/Aging-DoL_primary_rgb_300ppi-3@2x.png\" alt=\"Logo du D\u00e9partement du vieillissement du Maryland\" itemprop=\"image\" height=\"213\" width=\"260\" title=\"Vieillissement DoL_primary_rgb_300ppi (3)@2x\" onerror=\"this.style.display='none'\" loading=\"lazy\" \/>\n\t\t\t\t<img decoding=\"async\" src=\"http:\/\/211md.org\/wp-content\/uploads\/2024\/06\/Department-of-Public-Safety-and-Corrections.png\" alt=\"Minist\u00e8re de la S\u00e9curit\u00e9 publique et des Services correctionnels\" itemprop=\"image\" title=\"Minist\u00e8re de la S\u00e9curit\u00e9 publique et des Services correctionnels\" onerror=\"this.style.display='none'\" loading=\"lazy\" \/>\n\t\t\t\t<img decoding=\"async\" src=\"https:\/\/211md.org\/wp-content\/uploads\/2021\/06\/DoL_juvenile-logo.svg\" alt=\"Logo du D\u00e9partement des services aux mineurs du Maryland\" itemprop=\"image\" height=\"103\" width=\"118\" title=\"DoL_logo juv\u00e9nile\" onerror=\"this.style.display='none'\" loading=\"lazy\" \/>\n\t\t\t\t<img decoding=\"async\" src=\"https:\/\/211md.org\/wp-content\/uploads\/2021\/05\/RALI-Logo.svg\" alt=\"Logo RALI\" itemprop=\"image\" height=\"111\" width=\"236\" title=\"Logo RALI\" onerror=\"this.style.display='none'\" loading=\"lazy\" \/>\n\t\t\t\t<img decoding=\"async\" src=\"https:\/\/211md.org\/wp-content\/uploads\/2023\/01\/MDEM-primary-black-logo.png\" alt=\"Logo noir primaire MDEM\" itemprop=\"image\" height=\"233\" width=\"266\" title=\"Logo noir primaire MDEM\" onerror=\"this.style.display='none'\" loading=\"lazy\" \/>\n\t\t\t\t<img decoding=\"async\" src=\"https:\/\/211md.org\/wp-content\/uploads\/2021\/06\/MDH-logo.svg\" alt=\"Logo du Bureau de pr\u00e9paration et d&#039;intervention du D\u00e9partement de la sant\u00e9 du Maryland\" itemprop=\"image\" height=\"101\" width=\"172\" title=\"Logo MDH\" onerror=\"this.style.display='none'\" loading=\"lazy\" \/>\n\t\t\t<a href=\"https:\/\/211md.org\/fr\/contactez-nous\/\" target=\"_self\">\n\t\t\t\t\t\t\tPartenons\n\t\t\t\t\t<\/a>\n\t<h2>Questions fr\u00e9quemment pos\u00e9es pour les partenaires<\/h2>\n\t\t\t\t\t<h3 id=\"fl-accordion--label-0\" tabindex=\"0\" aria-controls=\"fl-accordion--panel-0\">Qu&#039;est-ce que le 211 Maryland\u00a0?<\/h3>\n\t\t\t\t\t\t\t\t\t\t\t<a href=\"#\" id=\"fl-accordion--icon-0\"  tabindex=\"0\"><i title=\"Effondrement\">Effondrement<\/i><\/a>\n\t\t\t\t\t<p>211 Maryland est le syst\u00e8me d&#039;information et d&#039;orientation en mati\u00e8re de sant\u00e9 et de services sociaux le plus complet de l&#039;\u00c9tat. Avec plus de 7\u00a0500 ressources, les personnes ayant des besoins essentiels peuvent acc\u00e9der \u00e0 une aide locale 24h\/24, 7j\/7 et 365j\/an. 211 Maryland est un service gratuit et confidentiel, avec traduction disponible dans plus de 150 langues.<\/p>\n<p>Les<a href=\"https:\/\/mdinfonet.org\/\" target=\"_blank\" rel=\"noopener\">\u00a0R\u00e9seau d&#039;information du Maryland<\/a>\u00a0(MdInfoNet), une organisation \u00e0 but non lucratif 501(c)3, est l&#039;administrateur d\u00e9sign\u00e9 par l&#039;\u00c9tat du syst\u00e8me 211 dans le Maryland.<\/p>\n\t\t\t\t\t<h3 id=\"fl-accordion--label-1\" tabindex=\"0\" aria-controls=\"fl-accordion--panel-1\">Comment maintenez-vous votre base de donn\u00e9es de ressources \u00e0 jour\u00a0?<\/h3>\n\t\t\t\t\t\t\t\t\t\t\t<a href=\"#\" id=\"fl-accordion--icon-1\"  tabindex=\"0\"><i title=\"D\u00e9velopper\">D\u00e9velopper<\/i><\/a>\n\t\t\t\t\t<p>La base de donn\u00e9es compl\u00e8te de plus de 7 500 ressources \u00e0 l&#039;\u00e9chelle de l&#039;\u00c9tat est mise \u00e0 jour au moins une fois par an et souvent plus fr\u00e9quemment. Nous nous appuyons sur notre v\u00e9rification annuelle, les mises \u00e0 jour des agences et les commentaires des appelants pour mettre en relation les Marylanders avec les meilleures ressources pour leur emplacement et les derni\u00e8res qualifications du programme au moment o\u00f9 ils en ont besoin.<\/p>\n<p><a href=\"https:\/\/211md.org\/fr\/partenaire\/\">V\u00e9rifiez votre organisation dans la base de donn\u00e9es 211 Maryland<\/a>, et mettez-le \u00e0 jour.<\/p>\n\t\t\t\t\t<h3 id=\"fl-accordion--label-2\" tabindex=\"0\" aria-controls=\"fl-accordion--panel-2\">Comment ajouter mon agence \u00e0 la base de donn\u00e9es\u00a0?<\/h3>\n\t\t\t\t\t\t\t\t\t\t\t<a href=\"#\" id=\"fl-accordion--icon-2\"  tabindex=\"0\"><i title=\"D\u00e9velopper\">D\u00e9velopper<\/i><\/a>\n\t\t\t\t\t<p>En tant que connecteur central pour le Maryland, nous accueillons de nouvelles organisations dans notre base de donn\u00e9es. Nous acceptons les demandes des groupes \u00e0 but non lucratif et \u00e0 but lucratif suivants\u00a0:<\/p>\n<ul>\n<li>Non lucratif\u00a0<u>et<\/u>\u00a0organisations \u00e0 but lucratif critiques et agences gouvernementales et fonctionnaires fournissant des services de sant\u00e9, de services sociaux, d&#039;\u00e9ducation, de biblioth\u00e8que, d&#039;emploi, juridiques, r\u00e9cr\u00e9atifs et autres services humains.<\/li>\n<li>Les organisations \u00e0 but non lucratif, telles que les groupes religieux, les clubs sociaux et les associations communautaires, qui offrent des services \u00e0 la communaut\u00e9 dans son ensemble, pas seulement \u00e0 leurs propres membres.<\/li>\n<li>Groupes de soutien d\u2019entraide \u00e0 but non lucratif (un \u00ab groupe d\u2019entraide \u00bb est un rassemblement volontaire de personnes partageant un probl\u00e8me, une condition ou une histoire similaire).<\/li>\n<li>Non lucratif\u00a0<u>et<\/u>\u00a0organisations critiques \u00e0 but lucratif, multi-\u00e9tats ou nationales non situ\u00e9es dans le Maryland qui fournissent des services de sant\u00e9 et des services sociaux aux r\u00e9sidents du Maryland.<\/li>\n<li>Organisations \u00e0 but non lucratif qui pr\u00e9conisent des programmes et des politiques de services sociaux qui soutiennent un environnement sain.<\/li>\n<\/ul>\n<p>Pour plus d&#039;informations et pour d\u00e9marrer le processus de candidature,\u00a0<a href=\"https:\/\/211md.org\/fr\/partenaire\/\">va ici.<\/a><\/p>\n\t\t\t\t\t<h3 id=\"fl-accordion--label-3\" tabindex=\"0\" aria-controls=\"fl-accordion--panel-3\">Vos sp\u00e9cialistes des appels 211 Maryland sont-ils form\u00e9s ou certifi\u00e9s ?<\/h3>\n\t\t\t\t\t\t\t\t\t\t\t<a href=\"#\" id=\"fl-accordion--icon-3\"  tabindex=\"0\"><i title=\"D\u00e9velopper\">D\u00e9velopper<\/i><\/a>\n\t\t\t\t\t<p>Le personnel du centre d&#039;appels est certifi\u00e9 et accr\u00e9dit\u00e9 par l&#039;Alliance of Information and Referral Systems (AIRS) et l&#039;American Association of Suicidology (AAS). Les deux sont des organisations professionnelles nationales.<\/p>\n<p>Les sp\u00e9cialistes de l\u2019information et de l\u2019orientation sont \u00e9galement form\u00e9s et exp\u00e9riment\u00e9s dans les ressources en mati\u00e8re de sant\u00e9 et de services sociaux. Ils sont titulaires d&#039;un baccalaur\u00e9at ou d&#039;une ma\u00eetrise en travail social, en services \u00e0 la personne, en conseil ou dans un domaine connexe, ainsi qu&#039;au moins un an d&#039;exp\u00e9rience.<\/p>\n\t\t\t\t\t<h3 id=\"fl-accordion--label-4\" tabindex=\"0\" aria-controls=\"fl-accordion--panel-4\">A quels types d&#039;appels r\u00e9pondez-vous ?<\/h3>\n\t\t\t\t\t\t\t\t\t\t\t<a href=\"#\" id=\"fl-accordion--icon-4\"  tabindex=\"0\"><i title=\"D\u00e9velopper\">D\u00e9velopper<\/i><\/a>\n\t\t\t\t\t<p>211 Maryland peut servir de connecteur central pour les besoins essentiels suivants en mati\u00e8re de sant\u00e9 et de services sociaux\u00a0:<\/p>\n<ul>\n<li>Nourriture<\/li>\n<li>Logement<\/li>\n<li>Abri d&#039;urgence<\/li>\n<li>Assistance utilitaire<\/li>\n<li>Aide financi\u00e8re<\/li>\n<li>Abus de substance<\/li>\n<li>Sant\u00e9 mentale<\/li>\n<li>Intervention en cas de suicide et de crise<\/li>\n<li>Soins de sant\u00e9<\/li>\n<li>Enfants et familles (garde d&#039;enfants, soutien parental, fournitures et v\u00eatements, pr\u00e9paration \u00e0 l&#039;\u00e9cole)<\/li>\n<li>Informations fiscales et aide \u00e0 la pr\u00e9paration<\/li>\n<li>Vieillissement et handicap<\/li>\n<li>Services juridiques<\/li>\n<li>Violence domestique, h\u00e9bergement et soutien<\/li>\n<li>Emploi<\/li>\n<li>anciens combattants<\/li>\n<li>Transport<\/li>\n<\/ul>\n\t\t\t\t\t<h3 id=\"fl-accordion--label-5\" tabindex=\"0\" aria-controls=\"fl-accordion--panel-5\">Quelle est la diff\u00e9rence entre le 211 Maryland United Way Helpline et le 211 Maryland ?<\/h3>\n\t\t\t\t\t\t\t\t\t\t\t<a href=\"#\" id=\"fl-accordion--icon-5\"  tabindex=\"0\"><i title=\"D\u00e9velopper\">D\u00e9velopper<\/i><\/a>\n\t\t\t\t\t<p>Cr\u00e9\u00e9 par la loi de l&#039;\u00c9tat, le Maryland Information Network (MdInfoNet) est l&#039;administrateur d\u00e9sign\u00e9 par l&#039;\u00c9tat du syst\u00e8me 211 du Maryland. MdInfoNet supervise et g\u00e8re un r\u00e9seau de services d&#039;information et d&#039;orientation accessible \u00e0 tous les r\u00e9sidents du Maryland. Pour connecter les habitants de toutes les r\u00e9gions de l&#039;\u00c9tat, nous nous appuyons sur un r\u00e9seau de centres d&#039;appels.<\/p>\n<p>United Way of Central Maryland couvre une zone de l&#039;\u00c9tat. 211 Maryland utilise d&#039;autres centres d&#039;appels strat\u00e9giquement plac\u00e9s pour atteindre les Marylanders dans toutes les r\u00e9gions de l&#039;\u00c9tat.<\/p>\n\t\t\t\t\t<h3 id=\"fl-accordion--label-6\" tabindex=\"0\" aria-controls=\"fl-accordion--panel-6\">Comment puis-je informer les autres sur 211 Maryland et ses programmes ?<\/h3>\n\t\t\t\t\t\t\t\t\t\t\t<a href=\"#\" id=\"fl-accordion--icon-6\"  tabindex=\"0\"><i title=\"D\u00e9velopper\">D\u00e9velopper<\/i><\/a>\n\t\t\t\t\t<p>Nous vous remercions de faire conna\u00eetre les programmes et services du 211 Maryland aux habitants du Maryland. Vous pouvez utiliser nos cartes et fiches d&#039;information.\u00a0<a href=\"https:\/\/211md.org\/fr\/boite-a-outils-marketing\/\" target=\"_blank\" rel=\"noopener\">T\u00e9l\u00e9chargez les outils marketing.<\/a><\/p>\n\t\t\t\t\t<h3 id=\"fl-accordion--label-7\" tabindex=\"0\" aria-controls=\"fl-accordion--panel-7\">Comment le 211 Maryland est-il financ\u00e9 ?<\/h3>\n\t\t\t\t\t\t\t\t\t\t\t<a href=\"#\" id=\"fl-accordion--icon-7\"  tabindex=\"0\"><i title=\"D\u00e9velopper\">D\u00e9velopper<\/i><\/a>\n\t\t\t\t\t<p>Le syst\u00e8me 211 du Maryland est aliment\u00e9 par le\u00a0<a href=\"https:\/\/mdinfonet.org\/\" target=\"_blank\" rel=\"noopener\">R\u00e9seau d&#039;information du Maryland<\/a>, une organisation \u00e0 but non lucratif 501(c)(3). Le financement est re\u00e7u du secteur public et priv\u00e9.<\/p>\n\t\t\t\t\t<h3 id=\"fl-accordion--label-8\" tabindex=\"0\" aria-controls=\"fl-accordion--panel-8\">Les dons sont-ils d\u00e9ductibles des imp\u00f4ts ?<\/h3>\n\t\t\t\t\t\t\t\t\t\t\t<a href=\"#\" id=\"fl-accordion--icon-8\"  tabindex=\"0\"><i title=\"D\u00e9velopper\">D\u00e9velopper<\/i><\/a>\n\t\t\t\t\t<p>Oui.\u00a0<a href=\"https:\/\/211md.org\/fr\/donner\/\">Les dons sont d\u00e9ductibles des imp\u00f4ts<\/a>.<\/p>\n\t\t\t\t\t<h3 id=\"fl-accordion--label-9\" tabindex=\"0\" aria-controls=\"fl-accordion--panel-9\">Comment contacter le syst\u00e8me 211 dans le Maryland\u00a0?<\/h3>\n\t\t\t\t\t\t\t\t\t\t\t<a href=\"#\" id=\"fl-accordion--icon-9\"  tabindex=\"0\"><i title=\"D\u00e9velopper\">D\u00e9velopper<\/i><\/a>\n\t\t\t\t\t<p><strong>E-mail:\u00a0<\/strong><a href=\"mailto:info@211md.org\">info@211md.org<\/a><\/p>\n<p><strong>Poster:<\/strong>\u00a09770 Patuxent Woods Drive, Suite 334, Columbia, MD 21046<\/p>","protected":false},"excerpt":{"rendered":"<p>Nous collaborons avec les organismes communautaires pour permettre aux habitants du Maryland d&#039;acc\u00e9der aux services essentiels. En tant qu&#039;organisme autoris\u00e9 par l&#039;\u00c9tat \u00e0 g\u00e9rer les services 211, le R\u00e9seau d&#039;information du Maryland facilite \u00e9galement l&#039;acc\u00e8s \u00e0 l&#039;information. Si vous aidez les personnes touch\u00e9es par la fermeture des services f\u00e9d\u00e9raux, veuillez nous en informer via ce formulaire afin que nous puissions informer le public des ressources disponibles \u00e0 proximit\u00e9. Commencer Ajouter\u2026<\/p>","protected":false},"author":8,"featured_media":33780,"parent":0,"menu_order":0,"comment_status":"closed","ping_status":"closed","template":"","meta":{"footnotes":""},"class_list":["post-486","page","type-page","status-publish","has-post-thumbnail","hentry"],"_links":{"self":[{"href":"https:\/\/211md.org\/fr\/wp-json\/wp\/v2\/pages\/486","targetHints":{"allow":["GET"]}}],"collection":[{"href":"https:\/\/211md.org\/fr\/wp-json\/wp\/v2\/pages"}],"about":[{"href":"https:\/\/211md.org\/fr\/wp-json\/wp\/v2\/types\/page"}],"author":[{"embeddable":true,"href":"https:\/\/211md.org\/fr\/wp-json\/wp\/v2\/users\/8"}],"replies":[{"embeddable":true,"href":"https:\/\/211md.org\/fr\/wp-json\/wp\/v2\/comments?post=486"}],"version-history":[{"count":11,"href":"https:\/\/211md.org\/fr\/wp-json\/wp\/v2\/pages\/486\/revisions"}],"predecessor-version":[{"id":34166,"href":"https:\/\/211md.org\/fr\/wp-json\/wp\/v2\/pages\/486\/revisions\/34166"}],"wp:featuredmedia":[{"embeddable":true,"href":"https:\/\/211md.org\/fr\/wp-json\/wp\/v2\/media\/33780"}],"wp:attachment":[{"href":"https:\/\/211md.org\/fr\/wp-json\/wp\/v2\/media?parent=486"}],"curies":[{"name":"wp","href":"https:\/\/api.w.org\/{rel}","templated":true}]}}