{"id":4932,"date":"2025-08-18T17:21:52","date_gmt":"2025-08-18T21:21:52","guid":{"rendered":"https:\/\/211md.org\/?page_id=4932"},"modified":"2025-10-14T19:36:17","modified_gmt":"2025-10-14T23:36:17","slug":"refuge-sur","status":"publish","type":"page","link":"https:\/\/211md.org\/fr\/resources\/children-families\/safe-haven\/","title":{"rendered":"Refuge s\u00fbr\u00a0: Aide aux nouveaux parents qui ne peuvent pas s&#039;occuper d&#039;un enfant"},"content":{"rendered":"<img decoding=\"async\" src=\"http:\/\/211md.org\/wp-content\/uploads\/2025\/07\/Pregnant-mom-looking-out-window.jpg\" alt=\"Maman enceinte regardant par la fen\u00eatre\" itemprop=\"image\" title=\"Maman enceinte regardant par la fen\u00eatre\" onerror=\"this.style.display='none'\" loading=\"lazy\" \/>\n\t<p>De l\u2019aide est disponible pour les personnes enceintes ou celles qui ont r\u00e9cemment eu un b\u00e9b\u00e9 et qui ne sont pas pr\u00eates \u00e0 devenir parents ou \u00e0 fonder une famille.<\/p>\n<h2>Qu&#039;est-ce que Safe Haven ?<\/h2>\n<p>Safe Haven offre une alternative l\u00e9gale et s\u00fbre aux parents pour leur permettre de confier anonymement un b\u00e9b\u00e9 indemne jusqu&#039;\u00e0 60 jours.<\/p>\n<p>Il n\u2019y a aucune cons\u00e9quence juridique \u00e0 l\u2019utilisation du programme si le b\u00e9b\u00e9 a \u00e9t\u00e9 pris en charge jusqu\u2019\u00e0 ce moment.<\/p>\n<p>Vous n&#039;\u00eates pas oblig\u00e9 de r\u00e9pondre \u00e0 aucune question.<\/p>\n<p>L\u2019objectif est d\u2019offrir aux parents une alternative s\u00fbre et de donner aux nourrissons un d\u00e9part sain.<\/p>\n\t<h2>Comment \u00e7a fonctionne<\/h2>\n<p>Les parents ou un autre adulte de plus de 18 ans peuvent confier le b\u00e9b\u00e9 \u00e0 un \u00e9tablissement d\u00e9sign\u00e9.<\/p>\n<p>Il s\u2019agit notamment des casernes de pompiers, des postes de police ou d\u2019un cabinet m\u00e9dical d\u00e9sign\u00e9.<\/p>\n<p>Tout ce qu\u2019il faut dire, c\u2019est : \u00ab C\u2019est un b\u00e9b\u00e9 Safe Haven. \u00bb<\/p>\n<p>En tant que partenaire Safe Haven, 211 peut connecter les Marylanders aux emplacements Safe Haven locaux.<\/p>\n<p>Composez le 211 et parlez \u00e0 une personne attentionn\u00e9e et compatissante qui vous fournira un soutien fiable et clair.<\/p>\n\t\t\t\t<img decoding=\"async\" src=\"https:\/\/211md.org\/wp-content\/uploads\/2025\/08\/Safe-Haven-logo-400x279.png\" alt=\"Logo de Safe Haven\" itemprop=\"image\" height=\"279\" width=\"400\" title=\"Logo de Safe Haven\" onerror=\"this.style.display='none'\" loading=\"lazy\" \/>\n\t\t<h3>Trouver un endroit s\u00fbr<\/h3>\n\t\t<p>Les parents peuvent \u00e9galement rechercher des emplacements dans le Maryland par code postal.<\/p>\n<p>Lorsque la personne arrive avec le b\u00e9b\u00e9 indemne, dites : \u00ab Ceci est un b\u00e9b\u00e9 en s\u00e9curit\u00e9. \u00bb<\/p>\n\t\t\t<a href=\"https:\/\/search.211md.org\/search?query=LJ-5000.8000&#038;query_label=Safe+Havens+for+Abandoned+Newborns&#038;query_type=taxonomy\" target=\"_blank\" rel=\"noopener\">\n\t\t\t\t\t\t\tTrouver un lieu s\u00fbr\n\t\t\t\t\t<\/a>\n\t<h3>Questions fr\u00e9quemment pos\u00e9es<\/h3>\n<p>Des questions\u00a0? Obtenez des r\u00e9ponses ou appelez le 211 pour obtenir de l&#039;aide.<\/p>\n<h3>Qu&#039;est-ce que Safe Haven ?<\/h3>\n<p>Un programme con\u00e7u pour prot\u00e9ger le nouveau-n\u00e9 du danger ou de la mort et pour vous prot\u00e9ger des poursuites judiciaires.<\/p>\n<p>L&#039;enfant peut \u00eatre remis sans arrestation ni poursuites dans les 60 jours suivant sa naissance.<\/p>\n<h3>Que veux-tu dire par indemne ?<\/h3>\n<p>Cela signifie que l\u2019enfant n\u2019est ni maltrait\u00e9 ni n\u00e9glig\u00e9 et qu\u2019il n\u2019y a aucune preuve de blessure physique ou de manque de soins \u00e0 l\u2019\u00e9gard de l\u2019enfant.<\/p>\n<h3>O\u00f9 peut-on confier les b\u00e9b\u00e9s en toute s\u00e9curit\u00e9 ?<\/h3>\n<p>Les b\u00e9b\u00e9s peuvent \u00eatre remis de mani\u00e8re anonyme \u00e0 un h\u00f4pital du Maryland, \u00e0 un cabinet m\u00e9dical d\u00e9sign\u00e9, \u00e0 un poste de police ou \u00e0 une caserne de pompiers. <a href=\"https:\/\/search.211md.org\/search?query=LJ-5000.8000&amp;query_label=Safe+Havens+for+Abandoned+Newborns&amp;query_type=taxonomy\" target=\"_blank\" rel=\"noopener\">Recherche<\/a> pour un emplacement Safe Haven par code postal ou composez le 211.<\/p>\n<h3>Que doit-on dire lors de la passation de pouvoir ?<\/h3>\n<p>Dites simplement : \u00ab Ceci est un b\u00e9b\u00e9 Safe Haven \u00bb et \u00e9loignez-vous.<\/p>\n<p>On peut vous poser des questions sur la sant\u00e9 du b\u00e9b\u00e9 et sur les ant\u00e9c\u00e9dents m\u00e9dicaux de la famille afin que les soignants puissent mieux prendre soin du nourrisson, mais il n\u2019y a aucune obligation de r\u00e9pondre \u00e0 ces questions.<\/p>\n<h3>J&#039;ai peur. Quelqu&#039;un d&#039;autre peut-il me passer la parole\u00a0?<\/h3>\n<p>Oui, \u00e0 condition d&#039;avoir plus de 18 ans. Aucune question n&#039;est requise.<\/p>\n<p>Dites simplement : \u00ab C\u2019est un b\u00e9b\u00e9 Safe Haven. \u00bb<\/p>\n<h3>Qu&#039;arrivera-t-il au b\u00e9b\u00e9 ?<\/h3>\n<p>Le nourrisson recevra tous les soins m\u00e9dicaux n\u00e9cessaires et sera ensuite transf\u00e9r\u00e9 au d\u00e9partement local des services sociaux et plac\u00e9 en vue d\u2019une adoption.<\/p>\n<h3>Et si je change d\u2019avis ?<\/h3>\n<p>L&#039;objectif est de placer le b\u00e9b\u00e9 dans un foyer permanent, s\u00fbr et stable. Cependant, les personnes concern\u00e9es peuvent contacter leur service local des services sociaux.<\/p>\n<h3>O\u00f9 le parent peut-il recevoir des soins m\u00e9dicaux ?<\/h3>\n<p>Si vous ressentez de la douleur, des saignements abondants ou de la fi\u00e8vre, rendez-vous aux urgences les plus proches ou contactez un m\u00e9decin pour obtenir de l\u2019aide.<\/p>\n<p>N&#039;oubliez pas que confier un b\u00e9b\u00e9 \u00e0 Safe Haven est l\u00e9gal et que vous n&#039;en subirez aucune cons\u00e9quence.<\/p>\n<h3>Vous avez d\u2019autres questions ?<\/h3>\n<p>Composez le 211, le D\u00e9partement des services sociaux au 1-800-332-6347 ou un <a href=\"https:\/\/dhs.maryland.gov\/local-offices\/\" target=\"_blank\" rel=\"noopener\">locale<\/a> D\u00e9partement des services sociaux. Les appels sont anonymes. Demandez \u00e0 parler \u00e0 un repr\u00e9sentant de Safe Haven.<\/p>\n<p>&nbsp;<\/p>","protected":false},"excerpt":{"rendered":"<p>Une aide est disponible pour les femmes enceintes ou celles qui viennent d&#039;accoucher et qui ne sont pas pr\u00eates \u00e0 devenir parents ou \u00e0 fonder une famille. Qu&#039;est-ce que Safe Haven\u00a0? Safe Haven offre une alternative l\u00e9gale et s\u00fbre aux parents qui souhaitent confier anonymement leur b\u00e9b\u00e9 sain et sauf, \u00e2g\u00e9 de moins de 60\u00a0jours. Il n&#039;y a pas\u2026<\/p>","protected":false},"author":7,"featured_media":4934,"parent":839,"menu_order":0,"comment_status":"closed","ping_status":"closed","template":"","meta":{"footnotes":""},"class_list":["post-4932","page","type-page","status-publish","has-post-thumbnail","hentry"],"_links":{"self":[{"href":"https:\/\/211md.org\/fr\/wp-json\/wp\/v2\/pages\/4932","targetHints":{"allow":["GET"]}}],"collection":[{"href":"https:\/\/211md.org\/fr\/wp-json\/wp\/v2\/pages"}],"about":[{"href":"https:\/\/211md.org\/fr\/wp-json\/wp\/v2\/types\/page"}],"author":[{"embeddable":true,"href":"https:\/\/211md.org\/fr\/wp-json\/wp\/v2\/users\/7"}],"replies":[{"embeddable":true,"href":"https:\/\/211md.org\/fr\/wp-json\/wp\/v2\/comments?post=4932"}],"version-history":[{"count":6,"href":"https:\/\/211md.org\/fr\/wp-json\/wp\/v2\/pages\/4932\/revisions"}],"predecessor-version":[{"id":4985,"href":"https:\/\/211md.org\/fr\/wp-json\/wp\/v2\/pages\/4932\/revisions\/4985"}],"up":[{"embeddable":true,"href":"https:\/\/211md.org\/fr\/wp-json\/wp\/v2\/pages\/839"}],"wp:featuredmedia":[{"embeddable":true,"href":"https:\/\/211md.org\/fr\/wp-json\/wp\/v2\/media\/4934"}],"wp:attachment":[{"href":"https:\/\/211md.org\/fr\/wp-json\/wp\/v2\/media?parent=4932"}],"curies":[{"name":"wp","href":"https:\/\/api.w.org\/{rel}","templated":true}]}}