{"id":719,"date":"2021-04-05T21:15:11","date_gmt":"2021-04-05T21:15:11","guid":{"rendered":"https:\/\/211md.org\/?page_id=719"},"modified":"2024-09-19T06:31:43","modified_gmt":"2024-09-19T10:31:43","slug":"carrieres-2","status":"publish","type":"page","link":"https:\/\/211md.org\/fr\/about\/careers\/","title":{"rendered":"Carri\u00e8res"},"content":{"rendered":"<h2>Une carri\u00e8re qui fait la diff\u00e9rence<\/h2>\n<p>211 Maryland est une organisation \u00e0 but non lucratif 501(c)(3) en pleine croissance avec un certain nombre d&#039;initiatives nouvelles et passionnantes. Pour postuler, envoyez votre CV et vos pr\u00e9tentions salariales \u00e0&nbsp;<a href=\"mailto:info@211md.org\">info@211md.org<\/a>. Pas d&#039;appels t\u00e9l\u00e9phoniques s&#039;il vous pla\u00eet.<\/p>\n\t<h2>Postes ouverts<\/h2>\n<p>Aucun poste ouvert pour le moment.<\/p>\n\t<h2>Travailler au 211 Maryland, Inc.<\/h2>\n<p>Je crois que chacun de nous doit trouver un sens \u00e0 son travail et cela se produit \u00e0 son meilleur quand vous savez que ce n&#039;est pas seulement du travail, mais quelque chose qui aide \u00e0 am\u00e9liorer la vie des autres. Les employ\u00e9s du Maryland Information Network, \u00e9galement connu sous le nom de 211 Maryland, s&#039;efforcent chaque jour de faire la diff\u00e9rence. Cela commence par notre&nbsp;<strong>Promesse de la marque<\/strong>&nbsp;<em>\u00ab\u00a0\u00e9lever les individus et les communaut\u00e9s en reliant ceux qui ont des besoins non satisfaits aux ressources essentielles.\u00a0\u00bb<\/em><\/p>\n<p>En tant que connecteur central 24\/7\/365 aux services de sant\u00e9 et sociaux de l&#039;\u00c9tat, nous avons un r\u00e9seau de centres d&#039;appels, qui sont des h\u00e9ros qui soutiennent ceux qui en ont besoin. Notre technologie permet \u00e0 quiconque de se connecter avec nous par t\u00e9l\u00e9phone, SMS ou chat. Nos partenaires communautaires qui travaillent avec nous permettent de r\u00e9pondre aux besoins non satisfaits de plus de 400 000 habitants du Maryland chaque ann\u00e9e.<\/p>\n<p>Notre vision organisationnelle nous am\u00e8ne \u00e0 imaginer faire l&#039;impossible et notre innovation nous positionne comme un chef de file dans notre domaine.<\/p>\n<p>L\u2019\u00e9quipe 211 Maryland est soud\u00e9e. \u00c0 mesure que nous agrandissons notre \u00e9quipe, je suis enthousiasm\u00e9 par toutes les fa\u00e7ons dont le talent et l&#039;exp\u00e9rience d&#039;un individu fa\u00e7onnent la vie des Marylanders et leur croissance individuelle et professionnelle\u00a0!<\/p>\n<p>\u2013 Quinton Askew, pr\u00e9sident et chef de la direction<\/p>","protected":false},"excerpt":{"rendered":"<p>Une carri\u00e8re qui fait la diff\u00e9rence 211 Maryland est une organisation \u00e0 but non lucratif de type 501(c)(3) en pleine croissance avec un certain nombre d&#039;initiatives nouvelles et passionnantes. Pour postuler, envoyez votre CV et vos exigences salariales \u00e0 info@211md.org. Pas d&#039;appels t\u00e9l\u00e9phoniques s&#039;il vous pla\u00eet. Postes ouverts Aucun poste ouvert pour le moment. En travaillant chez 211 Maryland, Inc, je crois que chacun de nous doit trouver un sens\u2026<\/p>","protected":false},"author":8,"featured_media":1630,"parent":521,"menu_order":0,"comment_status":"closed","ping_status":"closed","template":"","meta":{"footnotes":""},"class_list":["post-719","page","type-page","status-publish","has-post-thumbnail","hentry"],"_links":{"self":[{"href":"https:\/\/211md.org\/fr\/wp-json\/wp\/v2\/pages\/719","targetHints":{"allow":["GET"]}}],"collection":[{"href":"https:\/\/211md.org\/fr\/wp-json\/wp\/v2\/pages"}],"about":[{"href":"https:\/\/211md.org\/fr\/wp-json\/wp\/v2\/types\/page"}],"author":[{"embeddable":true,"href":"https:\/\/211md.org\/fr\/wp-json\/wp\/v2\/users\/8"}],"replies":[{"embeddable":true,"href":"https:\/\/211md.org\/fr\/wp-json\/wp\/v2\/comments?post=719"}],"version-history":[{"count":0,"href":"https:\/\/211md.org\/fr\/wp-json\/wp\/v2\/pages\/719\/revisions"}],"up":[{"embeddable":true,"href":"https:\/\/211md.org\/fr\/wp-json\/wp\/v2\/pages\/521"}],"wp:featuredmedia":[{"embeddable":true,"href":"https:\/\/211md.org\/fr\/wp-json\/wp\/v2\/media\/1630"}],"wp:attachment":[{"href":"https:\/\/211md.org\/fr\/wp-json\/wp\/v2\/media?parent=719"}],"curies":[{"name":"wp","href":"https:\/\/api.w.org\/{rel}","templated":true}]}}