{"id":750,"date":"2021-04-06T14:10:21","date_gmt":"2021-04-06T14:10:21","guid":{"rendered":"https:\/\/211md.org\/?page_id=750"},"modified":"2025-10-29T07:08:30","modified_gmt":"2025-10-29T11:08:30","slug":"ressources-par-comte","status":"publish","type":"page","link":"https:\/\/211md.org\/fr\/resources-by-county\/","title":{"rendered":"Ressources par comt\u00e9"},"content":{"rendered":"<h2>Trouvez des ressources pr\u00e8s de chez vous<\/h2>\n<p>Avez-vous besoin d&#039;aide pour la nourriture, le logement, les services publics ou la sant\u00e9 mentale\u00a0? Tu n&#039;es pas seul.<\/p>\n<p>S\u00e9lectionnez le comt\u00e9 o\u00f9 vous souhaitez obtenir de l&#039;aide et nous vous montrerons les meilleurs r\u00e9sultats afin que vous puissiez trouver des ressources rapidement.<\/p>\n\t<!--?xml version=\"1.0\" encoding=\"UTF-8\"?-->","protected":false},"excerpt":{"rendered":"<p>Trouvez des ressources pr\u00e8s de chez vous. Besoin d&#039;aide en mati\u00e8re d&#039;alimentation, de logement, de services publics ou de sant\u00e9 mentale\u00a0? Vous n&#039;\u00eates pas seul. S\u00e9lectionnez le d\u00e9partement o\u00f9 vous souhaitez obtenir de l&#039;aide et nous vous pr\u00e9senterons les meilleurs r\u00e9sultats pour vous permettre de trouver rapidement des ressources.<\/p>","protected":false},"author":8,"featured_media":1635,"parent":0,"menu_order":0,"comment_status":"closed","ping_status":"closed","template":"","meta":{"footnotes":""},"class_list":["post-750","page","type-page","status-publish","has-post-thumbnail","hentry"],"_links":{"self":[{"href":"https:\/\/211md.org\/fr\/wp-json\/wp\/v2\/pages\/750","targetHints":{"allow":["GET"]}}],"collection":[{"href":"https:\/\/211md.org\/fr\/wp-json\/wp\/v2\/pages"}],"about":[{"href":"https:\/\/211md.org\/fr\/wp-json\/wp\/v2\/types\/page"}],"author":[{"embeddable":true,"href":"https:\/\/211md.org\/fr\/wp-json\/wp\/v2\/users\/8"}],"replies":[{"embeddable":true,"href":"https:\/\/211md.org\/fr\/wp-json\/wp\/v2\/comments?post=750"}],"version-history":[{"count":3,"href":"https:\/\/211md.org\/fr\/wp-json\/wp\/v2\/pages\/750\/revisions"}],"predecessor-version":[{"id":34089,"href":"https:\/\/211md.org\/fr\/wp-json\/wp\/v2\/pages\/750\/revisions\/34089"}],"wp:featuredmedia":[{"embeddable":true,"href":"https:\/\/211md.org\/fr\/wp-json\/wp\/v2\/media\/1635"}],"wp:attachment":[{"href":"https:\/\/211md.org\/fr\/wp-json\/wp\/v2\/media?parent=750"}],"curies":[{"name":"wp","href":"https:\/\/api.w.org\/{rel}","templated":true}]}}