{"id":758,"date":"2021-04-06T14:59:28","date_gmt":"2021-04-06T14:59:28","guid":{"rendered":"https:\/\/211md.org\/?page_id=758"},"modified":"2025-07-11T18:05:03","modified_gmt":"2025-07-11T22:05:03","slug":"rejoignez-notre-base-de-donnees","status":"publish","type":"page","link":"https:\/\/211md.org\/fr\/partner\/join-our-database\/","title":{"rendered":"Rejoignez notre base de donn\u00e9es"},"content":{"rendered":"<h2>\n\t\t\tAjoutez votre agence en tant que ressource\t<\/h2>\n\t<p>Nous sommes impatients de consid\u00e9rer votre organisation comme une ressource pour connecter les habitants du Maryland. Nous incluons les agences de sant\u00e9 et de services sociaux et les organisations desservant les r\u00e9sidents de cet \u00c9tat, quel que soit l&#039;emplacement physique du fournisseur de services. Lisez notre\u00a0<a href=\"\/fr\/politique-dinclusion\/\">Politique d&#039;inclusion<\/a>.<\/p>\n\t\t\t<a href=\"https:\/\/docs.google.com\/forms\/d\/e\/1FAIpQLSdP1V4oqiAOGr2uK9rkCIxzTpexnlyuDmDkqfJ0CjtIbmWV0A\/viewform\" target=\"_blank\" rel=\"noopener\">\n\t\t\t\t\t\t\tAdh\u00e9rer maintenant\n\t\t\t\t\t<\/a>\n\t<p>Besoin de mettre \u00e0 jour votre annonce dans la base de donn\u00e9es des ressources ? <a href=\"mailto: resources@211md.org\" target=\"_blank\" rel=\"noopener\">Envoyez-nous un e-mail<\/a>.<\/p>\n<h2>\n\t\t\tComment pouvons-nous aider votre organisation\t<\/h2>\n\t<p>Le 211 est une ressource pour tous : particuliers, travailleurs sociaux, m\u00e9decins, infirmiers, fonctionnaires, associations et organisations. Nous mettons les Marylandais en contact avec des ressources pour r\u00e9pondre \u00e0 tous leurs besoins.<\/p>\n\t\t\t\t<img decoding=\"async\" src=\"https:\/\/211md.org\/wp-content\/uploads\/2021\/05\/Image-Pre-Screen-Callers.png\" alt=\"Femme avec casque r\u00e9pondant \u00e0 un appel\" itemprop=\"image\" height=\"211\" width=\"211\" title=\"Appelants \u00e0 image pr\u00e9-filtr\u00e9e\" onerror=\"this.style.display='none'\" loading='lazy' \/>\n<h3>Appelants pr\u00e9filtr\u00e9s<\/h3><p>Nous soutenons les organisations en pr\u00e9s\u00e9lectionnant les habitants du Maryland et en r\u00e9f\u00e9rant uniquement ceux qui r\u00e9pondent aux crit\u00e8res d&#039;\u00e9ligibilit\u00e9.<\/p>\n\t\t\t\t<img decoding=\"async\" src=\"https:\/\/211md.org\/wp-content\/uploads\/2021\/05\/Image-Guidance-on-Eligibility-Requirements.png\" alt=\"Femme travaillant avec un casque en regardant la cam\u00e9ra\" itemprop=\"image\" height=\"211\" width=\"211\" title=\"Conseils d&#039;image sur les conditions d&#039;\u00e9ligibilit\u00e9\" onerror=\"this.style.display='none'\" loading='lazy' \/>\n<h3>Conseils sur les conditions d&#039;\u00e9ligibilit\u00e9<\/h3><p>Nous guidons les appelants \u00e0 travers les crit\u00e8res d&#039;\u00e9ligibilit\u00e9, afin qu&#039;ils aient tous les documents n\u00e9cessaires pr\u00eats \u00e0 demander des prestations ou \u00e0 demander de l&#039;aide.<\/p>\n\t\t\t\t<img decoding=\"async\" src=\"https:\/\/211md.org\/wp-content\/uploads\/2021\/05\/Image-Saves-Time-and-Money.png\" alt=\"femme travaillant, regarder appareil-photo\" itemprop=\"image\" height=\"211\" width=\"211\" title=\"L&#039;image permet d&#039;\u00e9conomiser du temps et de l&#039;argent\" onerror=\"this.style.display='none'\" loading='lazy' \/>\n<h3>Gain de temps et d&#039;argent<\/h3><p>Nos sp\u00e9cialistes des ressources sont form\u00e9s aux services d&#039;information et d&#039;orientation, ce qui permet \u00e0 votre organisation de gagner du temps pour r\u00e9pondre aux demandes de renseignements sur les prestations et les programmes.<\/p>\n\t\t\t\t<img decoding=\"async\" src=\"https:\/\/211md.org\/wp-content\/uploads\/2021\/05\/Image-Support-Your-Programs.png\" alt=\"Gens d&#039;affaires se serrant la main\" itemprop=\"image\" height=\"211\" width=\"211\" title=\"Image-Soutenez vos programmes\" onerror=\"this.style.display='none'\" loading='lazy' \/>\n<h3>Soutenez vos programmes<\/h3><p>En tant que point d&#039;acc\u00e8s unique, nous pouvons aider votre organisation \u00e0 se concentrer sur le service aux clients plut\u00f4t que sur leur recherche.<\/p>","protected":false},"excerpt":{"rendered":"<p>Ajoutez votre organisme comme ressource. Nous serions ravis de consid\u00e9rer votre organisation comme une ressource pour connecter les Marylandais. Nous incluons les organismes de sant\u00e9 et de services sociaux et les organisations au service des r\u00e9sidents de cet \u00c9tat, quel que soit leur emplacement g\u00e9ographique. Consultez notre politique d&#039;inclusion. Rejoignez-nous maintenant. Besoin de mettre \u00e0 jour votre inscription dans la base de donn\u00e9es des ressources\u00a0?<\/p>","protected":false},"author":8,"featured_media":1982,"parent":486,"menu_order":0,"comment_status":"closed","ping_status":"closed","template":"","meta":{"footnotes":""},"class_list":["post-758","page","type-page","status-publish","has-post-thumbnail","hentry"],"_links":{"self":[{"href":"https:\/\/211md.org\/fr\/wp-json\/wp\/v2\/pages\/758","targetHints":{"allow":["GET"]}}],"collection":[{"href":"https:\/\/211md.org\/fr\/wp-json\/wp\/v2\/pages"}],"about":[{"href":"https:\/\/211md.org\/fr\/wp-json\/wp\/v2\/types\/page"}],"author":[{"embeddable":true,"href":"https:\/\/211md.org\/fr\/wp-json\/wp\/v2\/users\/8"}],"replies":[{"embeddable":true,"href":"https:\/\/211md.org\/fr\/wp-json\/wp\/v2\/comments?post=758"}],"version-history":[{"count":3,"href":"https:\/\/211md.org\/fr\/wp-json\/wp\/v2\/pages\/758\/revisions"}],"predecessor-version":[{"id":4917,"href":"https:\/\/211md.org\/fr\/wp-json\/wp\/v2\/pages\/758\/revisions\/4917"}],"up":[{"embeddable":true,"href":"https:\/\/211md.org\/fr\/wp-json\/wp\/v2\/pages\/486"}],"wp:featuredmedia":[{"embeddable":true,"href":"https:\/\/211md.org\/fr\/wp-json\/wp\/v2\/media\/1982"}],"wp:attachment":[{"href":"https:\/\/211md.org\/fr\/wp-json\/wp\/v2\/media?parent=758"}],"curies":[{"name":"wp","href":"https:\/\/api.w.org\/{rel}","templated":true}]}}