{"id":766,"date":"2021-04-06T16:00:16","date_gmt":"2021-04-06T16:00:16","guid":{"rendered":"https:\/\/211md.org\/?page_id=766"},"modified":"2025-08-21T11:44:39","modified_gmt":"2025-08-21T15:44:39","slug":"fournisseurs-de-ressources","status":"publish","type":"page","link":"https:\/\/211md.org\/fr\/partner\/resource-providers\/","title":{"rendered":"Fournisseurs de ressources"},"content":{"rendered":"<h2>\n\t\t\tMerci d&#039;\u00eatre une ressource\t<\/h2>\n\t<p>S&#039;il te pla\u00eet <a href=\"http:\/\/search.211md.org\" target=\"_blank\" rel=\"noopener\">revoir<\/a> et mettre \u00e0 jour (si n\u00e9cessaire) les informations du programme de votre agence.<\/p>\n\t\t\t<a href=\"mailto:%20resources@211md.org\" target=\"_blank\" rel=\"noopener\">\n\t\t\t\t\t\t\tMettre \u00e0 jour la liste\n\t\t\t\t\t<\/a>\n\t\t\t<a href=\"https:\/\/docs.google.com\/forms\/d\/e\/1FAIpQLSdP1V4oqiAOGr2uK9rkCIxzTpexnlyuDmDkqfJ0CjtIbmWV0A\/viewform\" target=\"_blank\" rel=\"noopener\">\n\t\t\t\t\t\t\tAjouter une organisation\n\t\t\t\t\t<\/a>","protected":false},"excerpt":{"rendered":"<p>Merci d&#039;\u00eatre une ressource. Veuillez v\u00e9rifier et mettre \u00e0 jour (si n\u00e9cessaire) les informations du programme de votre agence. Mettre \u00e0 jour la liste Ajouter une organisation<\/p>","protected":false},"author":8,"featured_media":1633,"parent":486,"menu_order":0,"comment_status":"closed","ping_status":"closed","template":"","meta":{"footnotes":""},"class_list":["post-766","page","type-page","status-publish","has-post-thumbnail","hentry"],"_links":{"self":[{"href":"https:\/\/211md.org\/fr\/wp-json\/wp\/v2\/pages\/766","targetHints":{"allow":["GET"]}}],"collection":[{"href":"https:\/\/211md.org\/fr\/wp-json\/wp\/v2\/pages"}],"about":[{"href":"https:\/\/211md.org\/fr\/wp-json\/wp\/v2\/types\/page"}],"author":[{"embeddable":true,"href":"https:\/\/211md.org\/fr\/wp-json\/wp\/v2\/users\/8"}],"replies":[{"embeddable":true,"href":"https:\/\/211md.org\/fr\/wp-json\/wp\/v2\/comments?post=766"}],"version-history":[{"count":4,"href":"https:\/\/211md.org\/fr\/wp-json\/wp\/v2\/pages\/766\/revisions"}],"predecessor-version":[{"id":4974,"href":"https:\/\/211md.org\/fr\/wp-json\/wp\/v2\/pages\/766\/revisions\/4974"}],"up":[{"embeddable":true,"href":"https:\/\/211md.org\/fr\/wp-json\/wp\/v2\/pages\/486"}],"wp:featuredmedia":[{"embeddable":true,"href":"https:\/\/211md.org\/fr\/wp-json\/wp\/v2\/media\/1633"}],"wp:attachment":[{"href":"https:\/\/211md.org\/fr\/wp-json\/wp\/v2\/media?parent=766"}],"curies":[{"name":"wp","href":"https:\/\/api.w.org\/{rel}","templated":true}]}}