{"id":813,"date":"2021-04-07T18:54:23","date_gmt":"2021-04-07T18:54:23","guid":{"rendered":"https:\/\/211md.org\/?page_id=813"},"modified":"2024-05-02T13:40:17","modified_gmt":"2024-05-02T17:40:17","slug":"redaction","status":"publish","type":"page","link":"https:\/\/211md.org\/fr\/newsroom\/","title":{"rendered":"R\u00e9daction"},"content":{"rendered":"<h2>\n\t\tArticles en vedette\n\t<\/h2>\n<h2>\n\t\t211 Nouvelles du Maryland\n\t<\/h2>\n\t\t\t<a href=\"\/fr\/redaction\/211-maryland-news\/\" target=\"_self\" rel=\"noopener\">\n\t\t\t\t\t\t\tVoir toutes les nouvelles\n\t\t\t\t\t<\/a>\n<h3>\n\t\tCat\u00e9gories\n\t<\/h3>\n\t\t<h2>ENTRER EN CONTACT<\/h2>\n\t\t<p>Veuillez nous contacter pour planifier un entretien ou obtenir des donn\u00e9es relatives aux appels 211 Maryland et \u00e0 la plateforme de SMS \u00e0 la demande\u00a0:\u00a0<a href=\"mailto:media@211md.org\">media@211md.org<\/a><\/p>\n\t\t\t<a href=\"mailto:media@211md.org\" target=\"_self\" rel=\"noopener\">\n\t\t\t\t\t\t\tEnvoyez-nous un email\n\t\t\t\t\t<\/a>\n\t\t\t\t<img loading=\"lazy\" decoding=\"async\" src=\"https:\/\/211md.org\/wp-content\/uploads\/2021\/04\/Data-1.png\" alt=\"Femme travaillant sur son ordinateur en regardant des graphiques\" itemprop=\"image\" height=\"348\" width=\"460\" title=\"Donn\u00e9es-1\" onerror=\"this.style.display='none'\"  \/>\n\t<h2><strong>Laissez les chiffres raconter l&#039;histoire<\/strong><\/h2>\n<p>Les connexions continues de 211 Maryland informent la communaut\u00e9 sur les tendances en mati\u00e8re de sant\u00e9 et de services sociaux. Acc\u00e9dez \u00e0 des milliers d&#039;histoires sur les besoins collectifs fondamentaux dans votre zone de couverture gr\u00e2ce \u00e0 l&#039;ensemble de donn\u00e9es sur les besoins non satisfaits le plus complet de l&#039;\u00c9tat. Racontez l&#039;histoire de votre communaut\u00e9 aujourd&#039;hui\u00a0!<\/p>\n\t<h2><strong>Bo\u00eete \u00e0 outils 211 Maryland<\/strong><\/h2>\n<p>T\u00e9l\u00e9chargez du mat\u00e9riel de la bo\u00eete \u00e0 outils comme des cartes de sensibilisation, des graphiques pour les r\u00e9seaux sociaux et des fiches d&#039;information sur le 211 et ses programmes. Utilisez les t\u00e9l\u00e9chargements num\u00e9riques ou commandez du mat\u00e9riel pr\u00eat \u00e0 imprimer.<\/p>\n\t\t\t\t<img loading=\"lazy\" decoding=\"async\" src=\"https:\/\/211md.org\/wp-content\/uploads\/2021\/05\/Top-View-Postcard-Mockup-scaled.jpg\" alt=\"211 cartes de sensibilisation du Maryland\" itemprop=\"image\" height=\"1707\" width=\"2560\" title=\"Maquette de carte postale vue de dessus\" onerror=\"this.style.display='none'\"  \/>","protected":false},"excerpt":{"rendered":"<p>Histoires en vedette 211 Maryland News Voir toutes les cat\u00e9gories d&#039;actualit\u00e9s ENTRER EN CONTACT Veuillez nous contacter pour planifier une interview ou obtenir des donn\u00e9es relatives aux appels 211 Maryland et \u00e0 la plateforme d&#039;envoi de SMS \u00e0 la demande : media@211md.org Envoyez-nous un e-mail Laissez les chiffres raconter l&#039;histoire 211 Maryland en continu les connexions informent la communaut\u00e9 sur les tendances en mati\u00e8re de sant\u00e9 et de services sociaux. Acc\u00e9dez \u00e0 des milliers de\u2026<\/p>","protected":false},"author":8,"featured_media":1874,"parent":0,"menu_order":0,"comment_status":"closed","ping_status":"closed","template":"","meta":{"footnotes":""},"class_list":["post-813","page","type-page","status-publish","has-post-thumbnail","hentry"],"_links":{"self":[{"href":"https:\/\/211md.org\/fr\/wp-json\/wp\/v2\/pages\/813","targetHints":{"allow":["GET"]}}],"collection":[{"href":"https:\/\/211md.org\/fr\/wp-json\/wp\/v2\/pages"}],"about":[{"href":"https:\/\/211md.org\/fr\/wp-json\/wp\/v2\/types\/page"}],"author":[{"embeddable":true,"href":"https:\/\/211md.org\/fr\/wp-json\/wp\/v2\/users\/8"}],"replies":[{"embeddable":true,"href":"https:\/\/211md.org\/fr\/wp-json\/wp\/v2\/comments?post=813"}],"version-history":[{"count":0,"href":"https:\/\/211md.org\/fr\/wp-json\/wp\/v2\/pages\/813\/revisions"}],"wp:featuredmedia":[{"embeddable":true,"href":"https:\/\/211md.org\/fr\/wp-json\/wp\/v2\/media\/1874"}],"wp:attachment":[{"href":"https:\/\/211md.org\/fr\/wp-json\/wp\/v2\/media?parent=813"}],"curies":[{"name":"wp","href":"https:\/\/api.w.org\/{rel}","templated":true}]}}