{"id":836,"date":"2021-04-08T19:38:57","date_gmt":"2021-04-08T19:38:57","guid":{"rendered":"https:\/\/211md.org\/?page_id=836"},"modified":"2025-12-01T14:22:37","modified_gmt":"2025-12-01T19:22:37","slug":"sante-mentale","status":"publish","type":"page","link":"https:\/\/211md.org\/fr\/resources\/mental-health\/","title":{"rendered":"Trouver un soutien en sant\u00e9 mentale dans le Maryland"},"content":{"rendered":"<img decoding=\"async\" src=\"https:\/\/stg-maryland211-staging.kinsta.cloud\/wp-content\/uploads\/2025\/08\/5-1-scaled.png\" alt=\"5\" itemprop=\"image\" height=\"692\" width=\"2560\" title=\"5\" onerror=\"this.style.display='none'\" loading=\"lazy\" \/>\n\t\t<p>De l&#039;aide est disponible pour toute personne aux prises avec l&#039;anxi\u00e9t\u00e9, la d\u00e9pression, les pens\u00e9es suicidaires, le d\u00e9passement de soi, le stress ou d&#039;autres probl\u00e8mes de sant\u00e9 mentale. Vous n&#039;\u00eates pas seul(e)\u00a0!<\/p>\n<p>Composez le 988 pour obtenir une aide imm\u00e9diate.<\/p>\n<p>Il existe \u00e9galement des ressources confidentielles disponibles pour soutenir la sant\u00e9 mentale des adolescents et des adultes.<\/p>\n\t\t\t<a href=\"#start\" target=\"_self\">\n\t\t\t\t\t\tCommencer\n\t\t\t\t\t<\/a>\n\t\t\t\t<img decoding=\"async\" src=\"https:\/\/211md.org\/wp-content\/plugins\/bb-plugin\/img\/pixel.png\" alt=\"\" itemprop=\"image\" onerror=\"this.style.display='none'\" loading=\"lazy\" \/>\n\t\t\t\t<img decoding=\"async\" src=\"https:\/\/stg-maryland211-staging.kinsta.cloud\/wp-content\/uploads\/2025\/08\/16.png\" alt=\"16\" itemprop=\"image\" height=\"1000\" width=\"1000\" title=\"16\" onerror=\"this.style.display='none'\" loading=\"lazy\" \/>\n\t\t\t\t<img decoding=\"async\" src=\"http:\/\/211md.org\/wp-content\/uploads\/2025\/10\/Thoughtful-man-sitting-on-park-bench.jpg\" alt=\"Homme pensif assis sur un banc de parc\" itemprop=\"image\" title=\"Homme pensif assis sur un banc de parc\" onerror=\"this.style.display='none'\" loading=\"lazy\" \/>\n\t<h3>Que se passe-t-il lorsque vous appelez le 988 dans le Maryland\u00a0?<\/h3>\n<p>Si vous connaissez quelqu\u2019un qui envisage le suicide, ne le laissez pas seul.<\/p>\n<p>Essayez de convaincre votre proche de demander de l\u2019aide imm\u00e9diatement en appelant le 988.<\/p>\n<p>Des sp\u00e9cialistes form\u00e9s professionnellement sont disponibles 24\/7\/365 pour \u00e9couter et parler.<\/p>\n<p>Les sp\u00e9cialistes du 211 de Baltimore Crisis Response r\u00e9pondent \u00e0 certains de ces appels.<\/p>\n<p>Elijah McBride est le directeur du centre d&#039;appels et a parl\u00e9 des fa\u00e7ons dont ils peuvent aider les individus sur le \u00ab<a href=\"https:\/\/211md.org\/fr\/podcast\/baltimore-city-mental-health\/\" target=\"_blank\" rel=\"noopener\">C&#039;est quoi le 211\u00a0?\u00a0\u00bb podcast<\/a>.<\/p>\n<blockquote><p>\u00ab Ainsi, lorsque quelqu&#039;un appelle, il est directement mis en relation avec un conseiller t\u00e9l\u00e9phonique qualifi\u00e9. Ce conseiller de la hotline leur fournira des informations ad\u00e9quates et pr\u00e9cises, les \u00e9coutera et r\u00e9fl\u00e9chira r\u00e9ellement aux options et solutions potentielles \u00e0 la crise ou au probl\u00e8me particulier qu&#039;ils pr\u00e9sentent par t\u00e9l\u00e9phone \u00bb, a expliqu\u00e9 McBride.<\/p><\/blockquote>\n<p>Discutez en ligne avec un professionnel de la sant\u00e9 mentale ou composez ou envoyez un SMS au 988.<\/p>\n\t\t\t<a href=\"https:\/\/988lifeline.org\/chat\/\" target=\"_blank\" rel=\"noopener\">\n\t\t\t\t\t\t\tChat avec 988 (anglais)\n\t\t\t\t\t<\/a>\n\t\t\t<a href=\"https:\/\/988lifeline.org\/es\/home\/\" target=\"_blank\" rel=\"noopener\">\n\t\t\t\t\t\t\tChat avec 988 (espagnol)\n\t\t\t\t\t<\/a>\n\t\t\t\t<a href=\"https:\/\/search.988.mdinfonet.org\/\" target=\"_blank\" rel=\"noopener\" itemprop=\"url\">\n\t\t\t\t<img decoding=\"async\" src=\"https:\/\/stg-maryland211-staging.kinsta.cloud\/wp-content\/uploads\/2025\/08\/2025_MdInfoNet_Icon-Sets-white_Locate.png\" alt=\"\" itemprop=\"image\" onerror=\"this.style.display='none'\" loading=\"lazy\" \/>\n\t\t\t\t<\/a>\n<h2><a href=\"https:\/\/search.988.mdinfonet.org\/\" target=\"_blank\" rel=\"noopener\">Trouvez des ressources en sant\u00e9 mentale d\u00e8s maintenant<\/a><\/h2><p>Trouvez un soutien en mati\u00e8re de sant\u00e9 comportementale pr\u00e8s de chez vous, en recherchant dans la base de donn\u00e9es 988, aliment\u00e9e par Maryland Information Network et 211.<\/p>\n<p>Entrez votre code postal et utilisez les filtres pour affiner les r\u00e9sultats.<\/p>\n\t\t\t<a href=\"https:\/\/search.988.mdinfonet.org\/\" target=\"_blank\" rel=\"noopener\">\n\t\t\t\t\t\t\tRechercher maintenant\n\t\t\t<\/a>\n\t\t\t\t<img decoding=\"async\" src=\"http:\/\/211md.org\/wp-content\/uploads\/2025\/10\/Adult-texting.jpg\" alt=\"SMS pour adultes\" itemprop=\"image\" title=\"SMS pour adultes\" onerror=\"this.style.display='none'\" loading=\"lazy\" \/>\n\t<h3>Programmes de messagerie texte 211<\/h3>\n<p>Nous proposons deux programmes d&#039;information et de motivation par SMS. Recevez des SMS contenant des conseils et des outils pratiques pour am\u00e9liorer votre bien-\u00eatre mental.<\/p>\n<p>Ils sont gratuits et confidentiels.<\/p>\n<p>Il existe deux programmes, un pour les adultes en anglais et en espagnol et un programme de textes en anglais pour les adolescents.<\/p>\n<h3>MDMindHealth\/MDSaludMental (Adultes)<\/h3>\n<p>Les adultes peuvent s&#039;inscrire \u00e0 MDMindHealth (anglais) ou MDSaludMental (espagnol).<\/p>\n<p>Sur mobile, cliquez sur le mot-cl\u00e9 pour ouvrir la messagerie texte.<\/p>\n<p>Sinon, envoyez le mot-cl\u00e9 par SMS au 898-211.<\/p>\n<p>Texte\u00a0<strong>MDMindHealth<\/strong>\u00a0au 898-211<\/p>\n<p>Texte\u00a0<strong>MDSaludMental\u00a0<\/strong>au 898-211<\/p>\n<p>&nbsp;<\/p>\n\t\t\t<a href=\"sms:\/\/898-211;?&#038;body=MDMINDHEALTH\" target=\"_blank\" rel=\"noopener\">\n\t\t\t\t\t\tTexte mdmindhealth\n\t\t\t\t\t<\/a>\n\t\t\t<a href=\"sms:\/\/898-211;?&#038;body=MDSALUDMENTAL\" target=\"_blank\" rel=\"noopener\">\n\t\t\t\t\t\tTexte MdSaludMental\n\t\t\t\t\t<\/a>\n\t<p><em>211 Maryland propose des programmes d&#039;alerte par SMS qui fournissent des informations sur les ressources sp\u00e9cifiques \u00e0 la r\u00e9gion ou des alertes en cas de catastrophe. Des frais de messagerie et de donn\u00e9es peuvent s&#039;appliquer et la fr\u00e9quence des messages peut varier. Pour obtenir de l&#039;aide, envoyez HELP par SMS. Pour vous d\u00e9sinscrire, envoyez STOP par SMS au m\u00eame num\u00e9ro. Conditions compl\u00e8tes des SMS sur\u00a0<a href=\"https:\/\/211md.org\/fr\/sms\/\">https:\/\/211md.org\/sms\/<\/a>\u00a0s&#039;appliquera \u00e9galement.<\/em><\/p>\n\t\t<h3>MDYoungMinds (Ados)<\/h3>\n<p>Les adolescents peuvent recevoir des messages texte informatifs ax\u00e9s sur les pr\u00e9occupations des adolescents de la part de MDYoungMinds.<\/p>\n<p>Sur mobile, cliquez sur le mot-cl\u00e9 pour ouvrir la messagerie texte. Sinon, envoyez le mot-cl\u00e9 par SMS au num\u00e9ro de t\u00e9l\u00e9phone.<\/p>\n<p>Adolescents : Texte<strong>\u00a0MDYoungMinds\u00a0<\/strong>au 898-211<\/p>\n\t\t\t<a href=\"tel:+211sms:\/\/898-211;?&#038;body=MDYOUNGMINDS\" target=\"_blank\" rel=\"noopener\">\n\t\t\t\t\t\tTexte MdYoungMinds\n\t\t\t\t\t<\/a>\n\t\t\t\t<img decoding=\"async\" src=\"http:\/\/211md.org\/wp-content\/uploads\/2025\/10\/Teen-texting.jpg\" alt=\"textos pour adolescents\" itemprop=\"image\" title=\"SMS pour adolescents\" onerror=\"this.style.display='none'\" loading=\"lazy\" \/>\n\t<h2>Comment la sant\u00e9 mentale nous affecte<\/h2>\n<p>La sant\u00e9 mentale a un impact sur la fa\u00e7on dont vous pensez, ressentez et agissez. Il d\u00e9termine la fa\u00e7on dont vous interagissez avec les autres, faites des choix et g\u00e9rez le stress, selon les <a href=\"https:\/\/www.samhsa.gov\/mental-health\" target=\"_blank\" rel=\"noopener\">Administration des services de toxicomanie et de sant\u00e9 mentale<\/a> (SAMHSA).<\/p>\n<p>C&#039;est tout aussi important que votre sant\u00e9 physique. <a href=\"https:\/\/211md.org\/fr\/ressources\/sante-mentale\/depression\/\">Une d\u00e9pression<\/a> peut m\u00eame augmenter les risques de certains probl\u00e8mes de sant\u00e9 physique.<\/p>\n<p>Si vous \u00e9prouvez des difficult\u00e9s, demandez de l&#039;aide. C&#039;est un signe de force. Nous sommes l\u00e0 quand vous avez le plus besoin de nous.<\/p>\n<p>Composez le 2-1-1 et nous pouvons vous mettre en contact avec le support.<\/p>\n\t\t\t\t<img decoding=\"async\" src=\"http:\/\/211md.org\/wp-content\/uploads\/2023\/04\/Woman-in-wheelchair-getting-mental-health-support.jpg\" alt=\"Femme en fauteuil roulant recevant un soutien en sant\u00e9 mentale\" itemprop=\"image\" title=\"Femme en fauteuil roulant recevant un soutien en sant\u00e9 mentale\" onerror=\"this.style.display='none'\" loading=\"lazy\" \/>\n\t<h2>Comment trouver un prestataire de sant\u00e9 mentale<\/h2>\n<p>Trouver un prestataire de soins de sant\u00e9 mentale peut prendre du temps. Sur <a href=\"https:\/\/211md.org\/fr\/blog\/categorie\/balados\/\">C&#039;est quoi le 211 ? podcast<\/a> et la s\u00e9rie Minorit\u00e9s et sant\u00e9 mentale sur 92Q, nous avons discut\u00e9 avec des sp\u00e9cialistes de la sant\u00e9 comportementale des temps d&#039;attente et de la difficult\u00e9 \u00e0 trouver quelqu&#039;un de confiance, en particulier pour la communaut\u00e9 noire.<\/p>\n<p>Il faudra peut-\u00eatre plusieurs prestataires avant de trouver la bonne solution. Mais ne retardez pas le traitement. D\u00e9marrez la conversation avec un th\u00e9rapeute disponible d\u00e8s que possible.<\/p>\n<p>Lorsque vous trouvez un th\u00e9rapeute qui vous convient, renseignez-vous sur\u00a0:<\/p>\n<ul>\n<li>les types de th\u00e9rapie qu&#039;ils proposent<\/li>\n<li>options de traitement<\/li>\n<li>m\u00e9thodes de payement<\/li>\n<\/ul>\n<p>&nbsp;<\/p>\n\t<p>Vous voulez un th\u00e9rapeute avec qui vous pouvez avoir une conversation honn\u00eate et ouverte. Cela peut prendre quelques essais avant de trouver celui avec qui vous vous connectez et en qui vous avez confiance. Si votre premier choix n&#039;est pas disponible, d\u00e9marrez la conversation avec un th\u00e9rapeute qui a des ouvertures. C&#039;est un point de d\u00e9part. L&#039;aide en sant\u00e9 mentale est un processus.<\/p>\n<p><a href=\"https:\/\/211md.org\/fr\/blog\/sentiments-de-sante-mentale\/\">La th\u00e9rapie peut vous aider \u00e0 vous sentir valid\u00e9<\/a> et mettez des mots sur ce que vous ressentez.<\/p>\n<p>Ensemble <a href=\"https:\/\/211md.org\/fr\/blog\/objectifs-de-sante-mentale\/\" target=\"_blank\" rel=\"noopener\">objectifs de sant\u00e9 mentale<\/a> qui fonctionnent pour vous. N&#039;oubliez pas, ce n&#039;est pas grave de ne pas aller bien.<\/p>\n\t\t\t\t<a href=\"https:\/\/search.988.mdinfonet.org\/\" target=\"_blank\" rel=\"noopener\" itemprop=\"url\">\n\t\t\t\t<img decoding=\"async\" src=\"https:\/\/stg-maryland211-staging.kinsta.cloud\/wp-content\/uploads\/2025\/08\/2025_MdInfoNet_Icon-Sets-white_Locate.png\" alt=\"\" itemprop=\"image\" onerror=\"this.style.display='none'\" loading=\"lazy\" \/>\n\t\t\t\t<\/a>\n<h2><a href=\"https:\/\/search.988.mdinfonet.org\/\" target=\"_blank\" rel=\"noopener\">Rechercher des prestataires de soins de sant\u00e9 mentale<\/a><\/h2><p>Connectez-vous aux prestataires pr\u00e8s de chez vous. Consultez la base de donn\u00e9es 988, aliment\u00e9e par le Maryland Information Network et le 211.<\/p>\n\t\t\t<a href=\"https:\/\/search.988.mdinfonet.org\/\" target=\"_blank\" rel=\"noopener\">\n\t\t\t\t\t\t\tRechercher maintenant\n\t\t\t<\/a>\n<h2>\n\t\t\tInformations suppl\u00e9mentaires sur la sant\u00e9 mentale\t<\/h2>\n\t<h3>211 Podcasts<\/h3>\n<p>Continuez \u00e0 vous renseigner sur le soutien communautaire en mati\u00e8re de sant\u00e9 mentale gr\u00e2ce \u00e0 ces 211 ressources en sant\u00e9 mentale, notamment des podcasts et une discussion communautaire sur la sant\u00e9 mentale des hommes.<\/p>\n\t<h2>Besoin de parler?\u00a0<\/h2>\n<p>&nbsp;<\/p>\n\t<h2>Appelez ou envoyez un SMS au 988<\/h2>\n\t\t\t<a href=\"https:\/\/988lifeline.org\/chat\/\" target=\"_blank\" rel=\"noopener\">\n\t\t\t\t\t\t\tDiscutez maintenant (anglais)\n\t\t\t\t\t<\/a>\n\t\t\t<a href=\"https:\/\/988lifeline.org\/es\/chat\/\" target=\"_blank\" rel=\"noopener\">\n\t\t\t\t\t\t\tCh\u00e2teau Ahora (espagnol)\n\t\t\t\t\t<\/a>\n\t<p>Toute personne ayant besoin d\u2019aide en mati\u00e8re de sant\u00e9 mentale ou de toxicomanie peut appeler le 988. <a href=\"https:\/\/health.maryland.gov\/bha\/Pages\/988md.aspx\" target=\"_blank\" rel=\"noopener\">En savoir plus sur le 988 dans le Maryland<\/a>.<\/p>\n\t\t<h4><a href=\"\/fr\/ressources\/vieillissement-handicap\/?utm_source=Home&#038;utm_medium=Referral&#038;utm_campaign=211Resources&#038;utm_content=Aging\" target=\"_self\">Vieillissement &amp; Handicap<\/a><\/h4>\n\t\t\t\t<a href=\"\/fr\/ressources\/vieillissement-handicap\/?utm_source=Home&#038;utm_medium=Referral&#038;utm_campaign=211Resources&#038;utm_content=Aging\"  target=\"_self\" itemprop=\"url\">\n\t\t\t\t<img decoding=\"async\" src=\"https:\/\/211md.org\/wp-content\/uploads\/bb-plugin\/cache\/2025_MdInfoNet_Icon-Sets_Aging-disability-square-c466727102cae71e5f27b8539bb51945-.png\" alt=\"\" itemprop=\"image\" onerror=\"this.style.display='none'\" loading=\"lazy\" \/>\n\t\t\t\t<\/a>\n\t\t<h4><a href=\"\/fr\/ressources\/enfants-familles\/?utm_source=Home&#038;utm_medium=Referral&#038;utm_campaign=211Resources&#038;utm_content=Children\" target=\"_self\">Enfants et familles<\/a><\/h4>\n\t\t\t\t<a href=\"\/fr\/ressources\/enfants-familles\/?utm_source=Home&#038;utm_medium=Referral&#038;utm_campaign=211Resources&#038;utm_content=Children\"  target=\"_self\" itemprop=\"url\">\n\t\t\t\t<img decoding=\"async\" src=\"https:\/\/211md.org\/wp-content\/uploads\/bb-plugin\/cache\/2025_211_Icon-Sets_Child-care-square-f3b0d4edab3dcc467fadb5f55f4064c6-.png\" alt=\"parent and child icon for child care\" itemprop=\"image\" height=\"417\" width=\"417\" title=\"2025_211_Ensembles d&#039;ic\u00f4nes_Garde d&#039;enfants\" onerror=\"this.style.display='none'\" loading=\"lazy\" \/>\n\t\t\t\t<\/a>\n\t\t<h4><a href=\"\/fr\/ressources\/violence-familiale-domestique\/?utm_source=Home&#038;utm_medium=Referral&#038;utm_campaign=211Resources&#038;utm_content=Domestic\" target=\"_self\">Violence Domestique<\/a><\/h4>\n\t\t\t\t<a href=\"\/fr\/ressources\/violence-familiale-domestique\/?utm_source=Home&#038;utm_medium=Referral&#038;utm_campaign=211Resources&#038;utm_content=Domestic\"  target=\"_self\" itemprop=\"url\">\n\t\t\t\t<img decoding=\"async\" src=\"https:\/\/211md.org\/wp-content\/uploads\/bb-plugin\/cache\/2025_211_Icon-Sets_Domestic-Violence-square-7b597694a6f05fe90cdc376aa573bc63-.png\" alt=\"Ic\u00f4ne de violence domestique\" itemprop=\"image\" height=\"417\" width=\"417\" title=\"2025_211_Ensembles d&#039;ic\u00f4nes_Violence domestique\" onerror=\"this.style.display='none'\" loading=\"lazy\" \/>\n\t\t\t\t<\/a>\n\t\t<h4><a href=\"\/fr\/ressources\/recherche-demploi\/?utm_source=Home&#038;utm_medium=Referral&#038;utm_campaign=211Resources&#038;utm_content=Employment\" target=\"_self\">Emploi<\/a><\/h4>\n\t\t\t\t<a href=\"\/fr\/ressources\/recherche-demploi\/?utm_source=Home&#038;utm_medium=Referral&#038;utm_campaign=211Resources&#038;utm_content=Employment\"  target=\"_self\" itemprop=\"url\">\n\t\t\t\t<img decoding=\"async\" src=\"https:\/\/211md.org\/wp-content\/uploads\/bb-plugin\/cache\/2025_MdInfoNet_Icon-Sets_Employment-square-44707bd410e4df10a470bf130ebcea86-.png\" alt=\"\" itemprop=\"image\" onerror=\"this.style.display='none'\" loading=\"lazy\" \/>\n\t\t\t\t<\/a>\n\t\t<h4><a href=\"\/fr\/ressources\/soins-de-sante\/?utm_source=Home&#038;utm_medium=Referral&#038;utm_campaign=211Resources&#038;utm_content=Health%20Care\" target=\"_self\">Soins de sant\u00e9<\/a><\/h4>\n\t\t\t\t<a href=\"\/fr\/ressources\/soins-de-sante\/?utm_source=Home&#038;utm_medium=Referral&#038;utm_campaign=211Resources&#038;utm_content=Health%20Care\"  target=\"_self\" itemprop=\"url\">\n\t\t\t\t<img decoding=\"async\" src=\"https:\/\/211md.org\/wp-content\/uploads\/bb-plugin\/cache\/2025_MdInfoNet_Icon-Sets_Health-Care-square-dee98a0060cbe0e7f27eda253fc12679-.png\" alt=\"\" itemprop=\"image\" onerror=\"this.style.display='none'\" loading=\"lazy\" \/>\n\t\t\t\t<\/a>\n\t\t<h4><a href=\"\/fr\/ressources\/enfants-familles\/parente\/?utm_source=Home&#038;utm_medium=Referral&#038;utm_campaign=211Resources&#038;utm_content=Kinship\" target=\"_self\">Parent\u00e9<\/a><\/h4>\n\t\t\t\t<a href=\"\/fr\/ressources\/enfants-familles\/parente\/?utm_source=Home&#038;utm_medium=Referral&#038;utm_campaign=211Resources&#038;utm_content=Kinship\"  target=\"_self\" itemprop=\"url\">\n\t\t\t\t<img decoding=\"async\" src=\"https:\/\/211md.org\/wp-content\/uploads\/bb-plugin\/cache\/2025_211_Icon-Sets_Kinship-square-45bdf872866f5735f842c32071109267-.png\" alt=\"Ic\u00f4ne de parent\u00e9\" itemprop=\"image\" height=\"417\" width=\"417\" title=\"2025_211_Ensembles d&#039;ic\u00f4nes_Parent\u00e9\" onerror=\"this.style.display='none'\" loading=\"lazy\" \/>\n\t\t\t\t<\/a>\n\t\t<h4><a href=\"\/fr\/ressources\/services-juridiques\/?utm_source=Home&#038;utm_medium=Referral&#038;utm_campaign=211Resources&#038;utm_content=Legal\" target=\"_self\">Services juridiques<\/a><\/h4>\n\t\t\t\t<a href=\"\/fr\/ressources\/services-juridiques\/?utm_source=Home&#038;utm_medium=Referral&#038;utm_campaign=211Resources&#038;utm_content=Legal\"  target=\"_self\" itemprop=\"url\">\n\t\t\t\t<img decoding=\"async\" src=\"https:\/\/211md.org\/wp-content\/uploads\/bb-plugin\/cache\/2025_MdInfoNet_Icon-Sets_Legal-square-18fdf438feb8435588174d9046463257-.png\" alt=\"\" itemprop=\"image\" onerror=\"this.style.display='none'\" loading=\"lazy\" \/>\n\t\t\t\t<\/a>\n\t\t<h4><a href=\"\/fr\/ressources\/sante-mentale\/?utm_source=Home&#038;utm_medium=Referral&#038;utm_campaign=211Resources&#038;utm_content=Mental\" target=\"_self\">Sant\u00e9 mentale<\/a><\/h4>\n\t\t\t\t<a href=\"\/fr\/ressources\/sante-mentale\/?utm_source=Home&#038;utm_medium=Referral&#038;utm_campaign=211Resources&#038;utm_content=Mental\"  target=\"_self\" itemprop=\"url\">\n\t\t\t\t<img decoding=\"async\" src=\"https:\/\/211md.org\/wp-content\/uploads\/bb-plugin\/cache\/2025_MdInfoNet_Icon-Sets_Mental-Health-square-c59b38c4a993a947d4c9280fbe2d2fee-.png\" alt=\"\" itemprop=\"image\" onerror=\"this.style.display='none'\" loading=\"lazy\" \/>\n\t\t\t\t<\/a>\n\t\t<h4><a href=\"\/fr\/ressources\/mdreentry\/?utm_source=Home&#038;utm_medium=Referral&#038;utm_campaign=211Resources&#038;utm_content=Reentry\" target=\"_self\">Rentr\u00e9e<\/a><\/h4>\n\t\t\t\t<a href=\"\/fr\/ressources\/mdreentry\/?utm_source=Home&#038;utm_medium=Referral&#038;utm_campaign=211Resources&#038;utm_content=Reentry\"  target=\"_self\" itemprop=\"url\">\n\t\t\t\t<img decoding=\"async\" src=\"https:\/\/211md.org\/wp-content\/uploads\/bb-plugin\/cache\/2025_211_Icon-Sets_Reentry-square-8676fea38abd920a832f45642fe31cca-.png\" alt=\"Ic\u00f4ne de rentr\u00e9e\" itemprop=\"image\" height=\"417\" width=\"417\" title=\"2025_211_Ensembles d&#039;ic\u00f4nes_R\u00e9entr\u00e9e\" onerror=\"this.style.display='none'\" loading=\"lazy\" \/>\n\t\t\t\t<\/a>\n\t\t<h4><a href=\"\/fr\/ressources\/consommation-de-substances\/?utm_source=Home&#038;utm_medium=Referral&#038;utm_campaign=211Resources&#038;utm_content=Substance\" target=\"_self\">Consommation de substances<\/a><\/h4>\n\t\t\t\t<a href=\"\/fr\/ressources\/consommation-de-substances\/?utm_source=Home&#038;utm_medium=Referral&#038;utm_campaign=211Resources&#038;utm_content=Substance\"  target=\"_self\" itemprop=\"url\">\n\t\t\t\t<img decoding=\"async\" src=\"https:\/\/211md.org\/wp-content\/uploads\/bb-plugin\/cache\/2025_MdInfoNet_Icon-Sets_Substance-Abuse-square-9022fec9d18a64118ad685c101885b55-.png\" alt=\"\" itemprop=\"image\" onerror=\"this.style.display='none'\" loading=\"lazy\" \/>\n\t\t\t\t<\/a>\n\t\t<h4><a href=\"\/fr\/ressources\/anciens-combattants\/?utm_source=Home&#038;utm_medium=Referral&#038;utm_campaign=211Resources&#038;utm_content=Veterans\" target=\"_self\">anciens combattants<\/a><\/h4>\n\t\t\t\t<a href=\"\/fr\/ressources\/anciens-combattants\/?utm_source=Home&#038;utm_medium=Referral&#038;utm_campaign=211Resources&#038;utm_content=Veterans\"  target=\"_self\" itemprop=\"url\">\n\t\t\t\t<img decoding=\"async\" src=\"https:\/\/211md.org\/wp-content\/uploads\/bb-plugin\/cache\/2025_MdInfoNet_Icon-Sets_Rating-square-6e60d00cce4faa8e0a6d4ad7366aa733-.png\" alt=\"\" itemprop=\"image\" onerror=\"this.style.display='none'\" loading=\"lazy\" \/>\n\t\t\t\t<\/a>","protected":false},"excerpt":{"rendered":"<p>Toute personne aux prises avec l&#039;anxi\u00e9t\u00e9, la d\u00e9pression, des pens\u00e9es suicidaires, le d\u00e9passement de soi, le stress ou d&#039;autres probl\u00e8mes de sant\u00e9 mentale peut obtenir de l&#039;aide. Vous n&#039;\u00eates pas seul(e)\u00a0! Composez le 988 pour obtenir une aide imm\u00e9diate. Des ressources confidentielles sont \u00e9galement disponibles pour soutenir la sant\u00e9 mentale des adolescents et des adultes. Commencer\u00a0: Que se passe-t-il lorsque vous appelez le 988 dans le Maryland\u00a0? Si vous\u2026<\/p>","protected":false},"author":8,"featured_media":33920,"parent":930,"menu_order":0,"comment_status":"closed","ping_status":"closed","template":"","meta":{"footnotes":""},"class_list":["post-836","page","type-page","status-publish","has-post-thumbnail","hentry"],"_links":{"self":[{"href":"https:\/\/211md.org\/fr\/wp-json\/wp\/v2\/pages\/836","targetHints":{"allow":["GET"]}}],"collection":[{"href":"https:\/\/211md.org\/fr\/wp-json\/wp\/v2\/pages"}],"about":[{"href":"https:\/\/211md.org\/fr\/wp-json\/wp\/v2\/types\/page"}],"author":[{"embeddable":true,"href":"https:\/\/211md.org\/fr\/wp-json\/wp\/v2\/users\/8"}],"replies":[{"embeddable":true,"href":"https:\/\/211md.org\/fr\/wp-json\/wp\/v2\/comments?post=836"}],"version-history":[{"count":11,"href":"https:\/\/211md.org\/fr\/wp-json\/wp\/v2\/pages\/836\/revisions"}],"predecessor-version":[{"id":33961,"href":"https:\/\/211md.org\/fr\/wp-json\/wp\/v2\/pages\/836\/revisions\/33961"}],"up":[{"embeddable":true,"href":"https:\/\/211md.org\/fr\/wp-json\/wp\/v2\/pages\/930"}],"wp:featuredmedia":[{"embeddable":true,"href":"https:\/\/211md.org\/fr\/wp-json\/wp\/v2\/media\/33920"}],"wp:attachment":[{"href":"https:\/\/211md.org\/fr\/wp-json\/wp\/v2\/media?parent=836"}],"curies":[{"name":"wp","href":"https:\/\/api.w.org\/{rel}","templated":true}]}}