{"id":899,"date":"2021-04-14T19:11:10","date_gmt":"2021-04-14T19:11:10","guid":{"rendered":"https:\/\/211md.org\/?page_id=899"},"modified":"2025-10-29T06:36:42","modified_gmt":"2025-10-29T10:36:42","slug":"donner","status":"publish","type":"page","link":"https:\/\/211md.org\/fr\/donate\/","title":{"rendered":"Donner"},"content":{"rendered":"<img decoding=\"async\" src=\"https:\/\/stg-maryland211-staging.kinsta.cloud\/wp-content\/uploads\/2025\/08\/5-1-scaled.png\" alt=\"5\" itemprop=\"image\" height=\"692\" width=\"2560\" title=\"5\" onerror=\"this.style.display='none'\" loading=\"lazy\" \/>\n\t\t<h1><a href=\"https:\/\/secure.givelively.org\/donate\/maryland-information-network-2-1-1-maryland-inc\/support-the-211-call-center-network\" target=\"_blank\" rel=\"noopener\">Pr\u00eat \u00e0 changer de vie ? R\u00e9pandre l&#039;espoir.<\/a><\/h1><p>Chaque ann\u00e9e, plus de 1,1 million d&#039;habitants du Maryland font appel au 211 pour acc\u00e9der \u00e0 des informations et aux ressources communautaires lorsqu&#039;ils ont besoin d&#039;aide. Que ce soit pour consulter notre base de donn\u00e9es ou pour parler \u00e0 une personne \u00e0 l&#039;\u00e9coute et bienveillante, une assistance est disponible 24 h\/24 et 7 j\/7.<\/p>\n<p>En tant que syst\u00e8me d&#039;information et d&#039;orientation le plus complet de l&#039;\u00c9tat en mati\u00e8re de sant\u00e9 et de services sociaux, nous donnons acc\u00e8s \u00e0 plus de 8 500 ressources communautaires.<\/p>\n<p>211 est aliment\u00e9 par le <a href=\"https:\/\/mdinfonet.org\/\" target=\"_blank\" rel=\"noopener\">R\u00e9seau d&#039;information du Maryland<\/a>, une organisation \u00e0 but non lucratif 501(c)(3) et l&#039;administrateur autoris\u00e9 de l&#039;\u00c9tat du syst\u00e8me 211 dans le Maryland.<\/p>\n\t\t\t<a href=\"https:\/\/secure.givelively.org\/donate\/maryland-information-network-2-1-1-maryland-inc\/support-the-211-call-center-network\" target=\"_blank\" rel=\"noopener\">\n\t\t\t\t\t\tDonner\n\t\t\t\t\t<\/a>\n\t\t\t\t<img decoding=\"async\" src=\"https:\/\/211md.org\/wp-content\/plugins\/bb-plugin\/img\/pixel.png\" alt=\"\" itemprop=\"image\" onerror=\"this.style.display='none'\" loading=\"lazy\" \/>\n\t\t\t\t<img decoding=\"async\" src=\"https:\/\/stg-maryland211-staging.kinsta.cloud\/wp-content\/uploads\/2025\/08\/16.png\" alt=\"16\" itemprop=\"image\" height=\"1000\" width=\"1000\" title=\"16\" onerror=\"this.style.display='none'\" loading=\"lazy\" \/>\n\t<h2>Notre impact<\/h2>\n\t\tPlus de 1 151 771 connexions\n\t<p><em>Je voulais juste dire merci \u00e0 tous. Je vous remercie chaleureusement pour cette derni\u00e8re livraison d&#039;aide alimentaire que j&#039;ai re\u00e7ue. Je l&#039;appr\u00e9cie s\u00fbrement. Merci encore.<\/em><\/p>\n<p>-211 Appelant<\/p>\n\t\t\t<a href=\"https:\/\/secure.givelively.org\/donate\/maryland-information-network-2-1-1-maryland-inc\/support-the-211-call-center-network\" target=\"_blank\" rel=\"noopener\">\n\t\t\t\t\t\t\tDonner\n\t\t\t\t\t<\/a>\n<h3>\n\t\t\tComment votre don aide\t<\/h3>\n\t<h2>$500<\/h2>\n<p>Connecter le Maryland<\/p>\n\t<h2>$211<\/h2>\n<p>C\u00e9l\u00e9brez le 211<\/p>\n\t<h2>$100<\/h2>\n<p>Accro\u00eetre la sensibilisation et la sensibilisation<\/p>\n\t<h2>$50<\/h2>\n<p>Prend en charge la plate-forme de ressources de messagerie texte<\/p>\n\t\t\t<a href=\"https:\/\/secure.givelively.org\/donate\/maryland-information-network-2-1-1-maryland-inc\/support-the-211-call-center-network\" target=\"_blank\" rel=\"noopener\">\n\t\t\t\t\t\t\tFaire un don maintenant\n\t\t\t\t\t<\/a>","protected":false},"excerpt":{"rendered":"<p>Pr\u00eat \u00e0 changer des vies ? Semez l&#039;espoir. Chaque ann\u00e9e, plus de 1,1 million de Marylandais font appel au 211 pour acc\u00e9der \u00e0 des informations et des ressources communautaires lorsqu&#039;ils ont besoin d&#039;aide. Que vous souhaitiez consulter notre base de donn\u00e9es de ressources ou parler \u00e0 une personne bienveillante et \u00e0 l&#039;\u00e9coute, une assistance est disponible 24h\/24 et 7j\/7. En tant que service de sant\u00e9 et d&#039;aide sociale le plus complet de l&#039;\u00c9tat\u2026<\/p>","protected":false},"author":8,"featured_media":2181,"parent":0,"menu_order":0,"comment_status":"closed","ping_status":"closed","template":"","meta":{"footnotes":""},"class_list":["post-899","page","type-page","status-publish","has-post-thumbnail","hentry"],"_links":{"self":[{"href":"https:\/\/211md.org\/fr\/wp-json\/wp\/v2\/pages\/899","targetHints":{"allow":["GET"]}}],"collection":[{"href":"https:\/\/211md.org\/fr\/wp-json\/wp\/v2\/pages"}],"about":[{"href":"https:\/\/211md.org\/fr\/wp-json\/wp\/v2\/types\/page"}],"author":[{"embeddable":true,"href":"https:\/\/211md.org\/fr\/wp-json\/wp\/v2\/users\/8"}],"replies":[{"embeddable":true,"href":"https:\/\/211md.org\/fr\/wp-json\/wp\/v2\/comments?post=899"}],"version-history":[{"count":2,"href":"https:\/\/211md.org\/fr\/wp-json\/wp\/v2\/pages\/899\/revisions"}],"predecessor-version":[{"id":34064,"href":"https:\/\/211md.org\/fr\/wp-json\/wp\/v2\/pages\/899\/revisions\/34064"}],"wp:featuredmedia":[{"embeddable":true,"href":"https:\/\/211md.org\/fr\/wp-json\/wp\/v2\/media\/2181"}],"wp:attachment":[{"href":"https:\/\/211md.org\/fr\/wp-json\/wp\/v2\/media?parent=899"}],"curies":[{"name":"wp","href":"https:\/\/api.w.org\/{rel}","templated":true}]}}