{"id":912,"date":"2021-04-14T20:04:50","date_gmt":"2021-04-14T20:04:50","guid":{"rendered":"https:\/\/211md.org\/?page_id=912"},"modified":"2026-01-16T08:31:10","modified_gmt":"2026-01-16T13:31:10","slug":"contactez-nous","status":"publish","type":"page","link":"https:\/\/211md.org\/fr\/contact-us\/","title":{"rendered":"Contactez-nous"},"content":{"rendered":"<p><strong>Dial 211 for questions about food, housing, rent, or other essential needs. <\/strong><\/p>\n<p>Visitez notre <a href=\"\/fr\/about\/obtenir-de-laide\/\">obtenir la page d&#039;aide<\/a> to learn more about the ways to connect with help.<\/p>\n<p>For general questions, not related to an essential need, you can contact us below or by emailing us at: <a href=\"mailto:info@211MD.org\" target=\"_blank\" rel=\"noopener\">info@211MD.org<\/a><\/p>\n<p>*We will respond when we can. To connect with help, please dial 211 or use the 211 Community Resource Database to <a href=\"http:\/\/search.211md.org\" target=\"_blank\" rel=\"noopener\">search for resources<\/a>.<\/p>\n\t<h2>Avoir des probl\u00e8mes?<\/h2>\n<p>La plupart des t\u00e9l\u00e9phones prennent en charge la composition du 211. Si vous rencontrez des difficult\u00e9s pour joindre le 211, vous pouvez appeler les num\u00e9ros suivants pour parler avec un sp\u00e9cialiste des appels 211\u00a0:<\/p>\n<strong>R\u00e9gion de la capitale et S. Maryland\u00a0:<\/strong>\u00a0301-864-7161<br \/>\nComt\u00e9s de Calvert, Charles, Prince George&#039;s, St. Mary&#039;s et les 2\/3 sud du comt\u00e9 de Montgomery\n<strong>Centre du Maryland\u00a0:<\/strong> 1-866-406-8156<br \/>\nAnne Arundel, comt\u00e9s de Baltimore, Baltimore City, Carroll, Harford et Howard\n<strong>C\u00f4te Est\u00a0:<\/strong>\u00a01-866-231-7101<br \/>\nComt\u00e9s de Caroline, Cecil, Dorchester, Kent, Queen Anne, Somerset, Talbot, Wicomico et Worcester\n<strong>Maryland occidental :<\/strong>\u00a01-866-411-6803<br \/>\nComt\u00e9s d&#039;Allegany, Frederick, Garrett et Washington et le tiers nord du comt\u00e9 de Montgomery\n\t<h2>Contactez-nous<\/h2>\n<p>Vous pouvez joindre notre bureau en appelant le 301-970-9888.<\/p>\n<strong>Adresse:<\/strong><br \/>\n<a href=\"https:\/\/maps.app.goo.gl\/rvmzh444CPiBK11C6\" target=\"_blank\" rel=\"noopener\">Maryland Information Network, powering 211 Maryland<\/a><br \/>\n9770 promenade Patuxent Woods<br \/>\nBureau 334<br \/>\nColombie, MD 21046\n<p>&nbsp;<\/p>","protected":false},"excerpt":{"rendered":"<p>Dial 211 for questions about food, housing, rent, or other essential needs. Visit our get help page to learn more about the ways to connect with help. For general questions, not related to an essential need, you can contact us below or by emailing us at: info@211MD.org *We will respond when we can. To connect&hellip;<\/p>","protected":false},"author":8,"featured_media":931,"parent":0,"menu_order":0,"comment_status":"closed","ping_status":"closed","template":"","meta":{"footnotes":""},"class_list":["post-912","page","type-page","status-publish","has-post-thumbnail","hentry"],"_links":{"self":[{"href":"https:\/\/211md.org\/fr\/wp-json\/wp\/v2\/pages\/912","targetHints":{"allow":["GET"]}}],"collection":[{"href":"https:\/\/211md.org\/fr\/wp-json\/wp\/v2\/pages"}],"about":[{"href":"https:\/\/211md.org\/fr\/wp-json\/wp\/v2\/types\/page"}],"author":[{"embeddable":true,"href":"https:\/\/211md.org\/fr\/wp-json\/wp\/v2\/users\/8"}],"replies":[{"embeddable":true,"href":"https:\/\/211md.org\/fr\/wp-json\/wp\/v2\/comments?post=912"}],"version-history":[{"count":8,"href":"https:\/\/211md.org\/fr\/wp-json\/wp\/v2\/pages\/912\/revisions"}],"predecessor-version":[{"id":4874,"href":"https:\/\/211md.org\/fr\/wp-json\/wp\/v2\/pages\/912\/revisions\/4874"}],"wp:featuredmedia":[{"embeddable":true,"href":"https:\/\/211md.org\/fr\/wp-json\/wp\/v2\/media\/931"}],"wp:attachment":[{"href":"https:\/\/211md.org\/fr\/wp-json\/wp\/v2\/media?parent=912"}],"curies":[{"name":"wp","href":"https:\/\/api.w.org\/{rel}","templated":true}]}}