{"id":920,"date":"2021-04-15T13:52:40","date_gmt":"2021-04-15T13:52:40","guid":{"rendered":"https:\/\/211md.org\/?page_id=920"},"modified":"2025-06-24T16:57:50","modified_gmt":"2025-06-24T20:57:50","slug":"as","status":"publish","type":"page","link":"https:\/\/211md.org\/fr\/resources\/children-families\/aces\/","title":{"rendered":"Pr\u00e9venir l&#039;adversit\u00e9 de l&#039;enfance"},"content":{"rendered":"<p>Les exp\u00e9riences de l&#039;enfance, bonnes et mauvaises, fa\u00e7onnent le d\u00e9veloppement du cerveau de l&#039;enfant. Les communaut\u00e9s jouent un r\u00f4le en fournissant des environnements positifs et en pr\u00e9venant l\u2019adversit\u00e9.<\/p>\n<h2>Pourquoi l\u2019adversit\u00e9 durant l\u2019enfance est-elle importante\u00a0?<\/h2>\n<p>Les exp\u00e9riences et environnements d\u00e9favorables de l\u2019enfance sont courants. Ils incluent des choses comme \u00eatre t\u00e9moin de violence ou \u00eatre victime de discrimination.<\/p>\n<p>Si les enfants ne re\u00e7oivent pas de soutien face \u00e0 l&#039;adversit\u00e9, cela peut causer des dommages durables, compromettant leur sant\u00e9 \u00e9motionnelle et physique.<\/p>\n<p>Lorsque les enfants sont expos\u00e9s \u00e0 de graves adversit\u00e9s et que les adultes ne sont pas l\u00e0 pour les aider \u00e0 y faire face, leur syst\u00e8me de stress peut s&#039;activer de mani\u00e8re excessive. Cette \u00ab r\u00e9ponse au stress toxique \u00bb augmente le risque de probl\u00e8mes de sant\u00e9 ult\u00e9rieurs. Pourtant, les enfants peuvent tol\u00e9rer un stress intense \u2013 si des relations adultes stables et r\u00e9actives sont en place pour att\u00e9nuer l\u2019impact n\u00e9gatif.<\/p>\n\t\t\t\t<img decoding=\"async\" src=\"http:\/\/211md.org\/wp-content\/uploads\/2024\/02\/Mom-comforting-daughter-grabbing-her-face.jpg\" alt=\"Maman r\u00e9conforte sa fille pendant l&#039;adversit\u00e9 en lui saisissant le visage\" itemprop=\"image\" title=\"Maman fille r\u00e9confortante en saisissant son visage\" onerror=\"this.style.display='none'\"  \/>\n\t<h3>Comment l\u2019adversit\u00e9 pr\u00e9coce affecte les enfants<\/h3>\n<p>\u00c0 la fin des ann\u00e9es 1990, une \u00e9tude historique a montr\u00e9 une relation puissante entre les \u00e9v\u00e9nements graves et n\u00e9gatifs survenus dans l&#039;enfance et la sant\u00e9 physique et mentale des personnes \u00e0 l&#039;\u00e2ge adulte.<\/p>\n<p>Les <a href=\"https:\/\/vetoviolence.cdc.gov\/apps\/aces-infographic\/\" target=\"_blank\" rel=\"noopener\">\u00c9tude sur les exp\u00e9riences ind\u00e9sirables de l&#039;enfance (ACE)<\/a> ont demand\u00e9 \u00e0 des patients adultes de signaler certains \u00e9v\u00e9nements potentiellement traumatisants qu&#039;ils auraient pu vivre avant l&#039;\u00e2ge de 18 ans. Les chercheurs ont pos\u00e9 des questions sp\u00e9cifiques sur 10 exp\u00e9riences difficiles \u2013 des choses comme \u00eatre t\u00e9moin ou subir de la violence ou vivre avec un membre de la famille atteint d&#039;une maladie mentale \u2013 et ont ensuite examin\u00e9 comment les nombre d\u2019ACE suivis avec les r\u00e9sultats en mati\u00e8re de sant\u00e9 des adultes.<\/p>\n<p>Certaines d\u00e9couvertes correspondent \u00e0 ce \u00e0 quoi on pourrait s\u2019attendre. Par exemple, les personnes qui ont \u00e9t\u00e9 victimes de violence ou de n\u00e9gligence dans leur enfance \u00e9taient plus susceptibles d\u2019avoir des probl\u00e8mes de sant\u00e9 mentale \u00e0 l\u2019\u00e2ge adulte.<\/p>\n<p>Mais d\u2019autres d\u00e9couvertes \u00e9taient surprenantes \u2013 comme la prise de conscience que plus une personne \u00e9tait confront\u00e9e \u00e0 l\u2019adversit\u00e9 t\u00f4t, plus elle avait d\u2019effets plus tard dans la vie. Un \u00e9v\u00e9nement grave survenu dans l\u2019enfance semblait avoir peu ou pas de cons\u00e9quences \u00e0 long terme. Mais plusieurs ACE augmentent le risque de probl\u00e8mes de sant\u00e9 \u00e0 l\u2019\u00e2ge adulte.<\/p>\n<p>Par exemple, les enfants qui ont v\u00e9cu quatre exp\u00e9riences n\u00e9gatives \u00e9taient deux fois plus susceptibles de recevoir un diagnostic de cancer que ceux qui n\u2019avaient pas v\u00e9cu de traumatisme infantile significatif.<\/p>\n<h3>L\u2019adversit\u00e9 est-elle courante ?<\/h3>\n<p>Si vous ou votre enfant avez fait face \u00e0 de graves adversit\u00e9s, vous n&#039;\u00eates pas seul. La plupart des habitants du Maryland ont connu au moins une forme d\u2019adversit\u00e9 avant de devenir adultes.<\/p>\n<blockquote><p>Environ 1 r\u00e9sident du Maryland sur 4 a connu 3 ACE ou plus, selon <a href=\"http:\/\/goccp.maryland.gov\/wp-content\/uploads\/ACEs-Handouts.pdf\" target=\"_blank\" rel=\"noopener\">Conseil d&#039;\u00c9tat du Maryland sur la maltraitance et la n\u00e9gligence envers les enfants<\/a>.<\/p><\/blockquote>\n\t\t<h2>\t\n\tAppelez le 9-8-8 pour un soutien en sant\u00e9 mentale<\/h2><p>Si vous ou votre enfant avez v\u00e9cu une grave adversit\u00e9 et que vous craignez que cela affecte votre sant\u00e9 ou votre sant\u00e9 mentale, appelez le 9-8-8 pour obtenir une aide imm\u00e9diate.<\/p>\n<p>Vous pouvez \u00e9galement rechercher le <a href=\"https:\/\/search.988.mdinfonet.org\/\" target=\"_blank\" rel=\"noopener\">la base de donn\u00e9es sur la sant\u00e9 comportementale la plus compl\u00e8te de l&#039;\u00c9tat<\/a> pour un soutien pr\u00e8s de chez vous.<\/p>\n\t<h2>Ce qui peut \u00eatre fait?<\/h2>\n<p>En tant qu\u2019\u00c9tat, nous pouvons promouvoir la sant\u00e9 et le bien-\u00eatre en prenant des mesures pour pr\u00e9venir l\u2019adversit\u00e9 en premier lieu et en offrant un soutien aux personnes qui ont v\u00e9cu l\u2019adversit\u00e9, en particulier aux enfants et aux adultes de leur entourage.<\/p>\n<p>Vous pouvez \u00e9couter <a href=\"https:\/\/211md.org\/fr\/episode-16-tremplin-services-communautaires\/\" target=\"_blank\" rel=\"noopener\">\u00c9pisode 17 de C&#039;est quoi le 211 ? podcast pour d\u00e9couvrir comment Springboard Community Services<\/a> travaille avec <a href=\"https:\/\/www.springboardmd.org\/adverse-childhood-experiences-interface-training\/\" target=\"_blank\" rel=\"noopener\">Comt\u00e9 de Harford<\/a> construire une communaut\u00e9 d\u2019auto-gu\u00e9rison qui r\u00e9duit les incidences d\u2019exp\u00e9riences n\u00e9gatives pendant l\u2019enfance.<\/p>\n\t\t\t\t<img decoding=\"async\" src=\"http:\/\/211md.org\/wp-content\/uploads\/2024\/02\/Dad-and-daughter-bonding-with-heads-together-looking-at-each-other-smiling.jpg\" alt=\"Papa et fille se regardent en souriant\" itemprop=\"image\" title=\"Papa et fille se lient les t\u00eates ensemble et se regardent en souriant\" onerror=\"this.style.display='none'\"  \/>\n\t\t\t\t<img decoding=\"async\" src=\"http:\/\/211md.org\/wp-content\/uploads\/2024\/02\/Dad-talking-to-his-child-on-park-bench.jpg\" alt=\"Papa parle \u00e0 son enfant sur un banc de parc\" itemprop=\"image\" title=\"Belle fille adolescente racontant des secrets \u00e0 son p\u00e8re, se reposant sur un banc dans le parc\" onerror=\"this.style.display='none'\"  \/>\n\t<h3>Le 211 connecte les parents au soutien<\/h3>\n<p>Il faut une communaut\u00e9 pour emp\u00eacher les ACE. Un soutien \u00e9conomique, une parentalit\u00e9 positive et des soins et une \u00e9ducation de qualit\u00e9 sont trois moyens fondamentaux de pr\u00e9venir ce traumatisme.\u00a0\u00a0<\/p>\n<p>Le 211 soutient les parents avec des ressources pour <a href=\"https:\/\/211md.org\/fr\/ressources\/logement-refuge\/\">logement<\/a>, <a href=\"https:\/\/211md.org\/fr\/ressources\/assistance-utilitaire\/\">factures de services publics<\/a>, <a href=\"https:\/\/211md.org\/fr\/ressources\/recherche-demploi\/\">emploi<\/a> et <a href=\"https:\/\/211md.org\/fr\/ressources\/enfants-familles\/\">garde d&#039;enfants<\/a>.\u00a0\u00a0<\/p>\n<p>Lorsque vous appelez le 2-1-1, vous parlerez \u00e0 un sp\u00e9cialiste de l&#039;information et de l&#039;orientation qui pourra vous aider \u00e0 identifier les programmes et les ressources pouvant vous apporter un soutien.<\/p>\n<p>Vous pouvez \u00e9galement vous connecter avec un <a href=\"https:\/\/211md.org\/fr\/ressources\/enfants-familles\/etre-parent\/\">programme de soutien familial par les pairs ou autre programme de soutien aux parents<\/a>.<\/p>\n\t<h3>Prise en charge des textes pour adolescents<\/h3>\n<p><a href=\"https:\/\/211md.org\/fr\/about\/des-messages-texte\/mdyoungminds\/\">MDYoungMinds<\/a> est un programme d&#039;assistance textuelle pour adolescents qui traite des pr\u00e9occupations des adolescents. Inscrivez-vous en envoyant un SMS \u00e0 MDYoungMinds au 898-211.<\/p>\n<p>Si vous ou quelqu&#039;un que vous connaissez avez besoin d&#039;une assistance imm\u00e9diate, appelez ou envoyez un SMS au 988. Vous parlerez ou enverrez un SMS \u00e0 quelqu&#039;un du 988 Suicide &amp; Crisis Lifeline. Chats en ligne dans <a href=\"https:\/\/988lifeline.org\/chat\/\" target=\"_blank\" rel=\"noopener\">Anglais<\/a> et <a href=\"https:\/\/988lifeline.org\/es\/chat\/\" target=\"_blank\" rel=\"noopener\">Espagnol<\/a> sont \u00e9galement disponibles.\u00a0<\/p>\n<p>&nbsp;<\/p>\n\t<h3>Rejoignez un groupe de soutien familial par les pairs<\/h3>\n<p>Vous pouvez \u00e9galement contacter la Coalition des familles du Maryland. Ils offrent des sp\u00e9cialistes du soutien par les pairs aux familles qui peuvent aider les familles \u00e0 naviguer dans les services, \u00e0 \u00e9couter leurs pr\u00e9occupations, \u00e0 assister \u00e0 des r\u00e9unions avec la famille, \u00e0 expliquer leurs droits, \u00e0 \u00e9tablir des liens, \u00e0 offrir des opportunit\u00e9s d&#039;apprentissage et de sensibilisation.\u00a0<\/p>\n<p>Le service est gratuit. Composez le 410-730-8267 et appuyez sur 1 pour une assistance imm\u00e9diate. Vous pouvez aussi\u00a0<a href=\"http:\/\/www.mdcoalition.org\/get-help-now\/list-of-family-navigators\" target=\"_blank\" rel=\"noopener\">contactez le sp\u00e9cialiste local du soutien par les pairs dans votre comt\u00e9<\/a>.\u00a0<\/p>\n<p>MCF propose \u00e9galement des groupes de soutien \u00e0 travers l&#039;\u00c9tat pour le deuil, la consommation de substances, le soutien par les pairs et plus encore.\u00a0<a href=\"http:\/\/www.mdcoalition.org\/get-help-now\/parent-caregiver-support-groups\" target=\"_blank\" rel=\"noopener\">Trouver un groupe de soutien du Maryland pour les parents, les soignants ou les jeunes adultes<\/a>.\u00a0<\/p>\n<p>Vous pouvez \u00e9galement trouver des ressources pour plusieurs probl\u00e8mes de sant\u00e9 mentale comme les traumatismes, le TDAH et la d\u00e9pression dans la trousse de ressources familiales Children&#039;s Mental Health Matters, disponible en <a href=\"https:\/\/www.childrensmentalhealthmatters.org\/files\/2021\/03\/CMHM-Family-Resource-Kit-2021.pdf\" target=\"_blank\" rel=\"noopener\">Anglais<\/a> et <a href=\"https:\/\/www.childrensmentalhealthmatters.org\/files\/2021\/07\/CMHM-Family-Resource-Kit-2021_ES.pdf\" target=\"_blank\" rel=\"noopener\">Espagnol<\/a>.<\/p>\n<p>&nbsp;<\/p>\n<h2>Informations connexes<\/h2>\n<p><a title=\"\u00catre parent\" href=\"https:\/\/211md.org\/fr\/ressources\/enfants-familles\/etre-parent\/\">Soutien parental<\/a><\/p>\n<p><a title=\"Programmes d&#039;\u00e9t\u00e9\" href=\"https:\/\/211md.org\/fr\/ressources\/enfants-familles\/programmes-dete\/\">Programmes d&#039;\u00e9t\u00e9<\/a><\/p>\n<p><a title=\"Avoir un b\u00e9b\u00e9\" href=\"https:\/\/211md.org\/fr\/ressources\/enfants-familles\/avoir-un-bebe\/\">Avoir un b\u00e9b\u00e9<\/a><\/p>\n<p><a href=\"https:\/\/211md.org\/fr\/ressources\/nourriture\/wic\/\">Femmes, nourrissons et enfants (WIC)<\/a><\/p>\n<p><a title=\"Mon enfant est hors de contr\u00f4le\" href=\"https:\/\/211md.org\/fr\/ressources\/enfants-familles\/comportements-enfants\/\">Comportements de l&#039;enfant<\/a><\/p>\n<p><a href=\"https:\/\/211md.org\/fr\/ressources\/enfants-familles\/parente\/\" target=\"_blank\" rel=\"noopener\">Soins de la parent\u00e9<\/a><\/p>\n<p><a href=\"https:\/\/211md.org\/fr\/ressources\/enfants-familles\/navigation-parente\/\" target=\"_blank\" rel=\"noopener\">Navigation de parent\u00e9<\/a><\/p>\n<h2>\n\t\tTrouver des ressources\n\t<\/h2>\n\t\t\t\t<a href=\"\/fr\/ressources\/vieillissement-handicap\/\"  target=\"_self\" itemprop=\"url\">\n\t\t\t\t<img loading=\"lazy\" decoding=\"async\" src=\"https:\/\/211md.org\/wp-content\/uploads\/bb-plugin\/cache\/Mask-Group-41@2x-circle-73eaadba4cad8269faa4720e25cf1c85-.png\" alt=\"Les pieds d&#039;une femme plus \u00e2g\u00e9e et d&#039;une femme plus jeune marchant ensemble\" itemprop=\"image\" height=\"500\" width=\"500\" title=\"Services aux personnes handicap\u00e9es\" onerror=\"this.style.display='none'\"  \/>\n\t\t\t\t<\/a>\n\t\t<h3><a href=\"\/fr\/ressources\/vieillissement-handicap\/\" target=\"_self\">Vieillissement &amp; Handicap<\/a><\/h3>\t\n\t\t\t\t<a href=\"\/fr\/ressources\/enfants-familles\/\"  target=\"_self\" itemprop=\"url\">\n\t\t\t\t<img loading=\"lazy\" decoding=\"async\" src=\"https:\/\/211md.org\/wp-content\/uploads\/bb-plugin\/cache\/Mask-Group-38@2x-circle-ac40d46265fbec62083cd27f6dcf23b0-.png\" alt=\"Un jeune gar\u00e7on et une fille souriant et regardant la cam\u00e9ra\" itemprop=\"image\" height=\"500\" width=\"500\" title=\"Groupe de masques 38@2x\" onerror=\"this.style.display='none'\"  \/>\n\t\t\t\t<\/a>\n\t\t<h3><a href=\"\/fr\/ressources\/enfants-familles\/\" target=\"_self\">Enfants et familles<\/a><\/h3>\t\n\t\t\t\t<a href=\"\/fr\/ressources\/violence-familiale-domestique\/\"  target=\"_self\" itemprop=\"url\">\n\t\t\t\t<img loading=\"lazy\" decoding=\"async\" src=\"https:\/\/211md.org\/wp-content\/uploads\/bb-plugin\/cache\/Mask-Group-39@2x-circle-b2589197a13c791d910f46dd10b27a87-.png\" alt=\"Deux paires de mains se tenant\" itemprop=\"image\" height=\"500\" width=\"500\" title=\"Groupe de masques 39@2x\" onerror=\"this.style.display='none'\"  \/>\n\t\t\t\t<\/a>\n\t\t<h3><a href=\"\/fr\/ressources\/violence-familiale-domestique\/\" target=\"_self\">Violence domestique\/familiale<\/a><\/h3>\t\n\t\t\t\t<a href=\"\/fr\/ressources\/recherche-demploi\/\"  target=\"_self\" itemprop=\"url\">\n\t\t\t\t<img loading=\"lazy\" decoding=\"async\" src=\"https:\/\/211md.org\/wp-content\/uploads\/bb-plugin\/cache\/Employment-circle-bf72562329e950df948954f5d3f44b2e-.png\" alt=\"Un m\u00e9canicien automobile\" itemprop=\"image\" height=\"500\" width=\"500\" title=\"Emploi\" onerror=\"this.style.display='none'\"  \/>\n\t\t\t\t<\/a>\n\t\t<h3><a href=\"\/fr\/ressources\/recherche-demploi\/\" target=\"_self\">Emploi<\/a><\/h3>\t\n\t\t\t\t<a href=\"\/fr\/ressources\/soins-de-sante\/\"  target=\"_self\" itemprop=\"url\">\n\t\t\t\t<img loading=\"lazy\" decoding=\"async\" src=\"https:\/\/211md.org\/wp-content\/uploads\/bb-plugin\/cache\/Mask-Group-35@2x-circle-94be10c13e4adae1683b4589dc2f5b2f-.png\" alt=\"Docteur regardant la jambe des gar\u00e7ons\" itemprop=\"image\" height=\"500\" width=\"500\" title=\"Groupe de masques 35@2x\" onerror=\"this.style.display='none'\"  \/>\n\t\t\t\t<\/a>\n\t\t<h3><a href=\"\/fr\/ressources\/soins-de-sante\/\" target=\"_self\">Soins de sant\u00e9<\/a><\/h3>\t\n\t\t\t\t<a href=\"\/fr\/ressources\/nourriture\/\"  target=\"_self\" itemprop=\"url\">\n\t\t\t\t<img loading=\"lazy\" decoding=\"async\" src=\"https:\/\/211md.org\/wp-content\/uploads\/bb-plugin\/cache\/Mask-Group-32@2x-circle-1c6d647dcaf998fa079d26735cedc92b-.png\" alt=\"L\u00e9gumes frais\" itemprop=\"image\" height=\"500\" width=\"500\" title=\"Groupe de masques 32@2x\" onerror=\"this.style.display='none'\"  \/>\n\t\t\t\t<\/a>\n\t\t<h3><a href=\"\/fr\/ressources\/nourriture\/\" target=\"_self\">Nourriture<\/a><\/h3>\t\n\t\t\t\t<a href=\"\/fr\/ressources\/logement-refuge\/\"  target=\"_self\" itemprop=\"url\">\n\t\t\t\t<img loading=\"lazy\" decoding=\"async\" src=\"https:\/\/211md.org\/wp-content\/uploads\/bb-plugin\/cache\/Mask-Group-34@2x-circle-b99c55fc16ef21f35e2f2a1f7cc37b9a-.png\" alt=\"Balcon complexe d&#039;appartements\" itemprop=\"image\" height=\"500\" width=\"500\" title=\"Complexe d&#039;appartements\" onerror=\"this.style.display='none'\"  \/>\n\t\t\t\t<\/a>\n\t\t<h3><a href=\"\/fr\/ressources\/logement-refuge\/\" target=\"_self\">Logement &amp; Abri<\/a><\/h3>\t\n\t\t\t\t<a href=\"\/fr\/ressources\/nouveau-aux-etats-unis-et-au-maryland\/\"  target=\"_self\" itemprop=\"url\">\n\t\t\t\t<img loading=\"lazy\" decoding=\"async\" src=\"https:\/\/211md.org\/wp-content\/uploads\/bb-plugin\/cache\/American-flag-circle-0016cc327e27ef7aeb080f1da6c6e98b-.jpg\" alt=\"nouveau aux \u00c9tats-Unis\" itemprop=\"image\" height=\"364\" width=\"1366\" title=\"Drapeau am\u00e9ricain\" onerror=\"this.style.display='none'\"  \/>\n\t\t\t\t<\/a>\n\t\t<h3><a href=\"\/fr\/ressources\/nouveau-aux-etats-unis-et-au-maryland\/\" target=\"_self\">Immigration<\/a><\/h3>\t\n\t\t\t\t<a href=\"\/fr\/ressources\/enfants-familles\/parente\/\"  target=\"_self\" itemprop=\"url\">\n\t\t\t\t<img decoding=\"async\" src=\"https:\/\/211md.org\/wp-content\/uploads\/bb-plugin\/cache\/kinship-family-navigating-a-computer-circle-045fee9d587aefb20221bfea41a2cf9b-.png\" alt=\"famille de parent\u00e9 naviguant sur un ordinateur\" itemprop=\"image\" title=\"famille de parent\u00e9 naviguant sur un ordinateur\" onerror=\"this.style.display='none'\"  \/>\n\t\t\t\t<\/a>\n\t\t<h3><a href=\"\/fr\/ressources\/enfants-familles\/parente\/\" target=\"_self\">Parent\u00e9<\/a><\/h3>\t\n\t\t\t\t<a href=\"\/fr\/ressources\/services-juridiques\/\"  target=\"_self\" itemprop=\"url\">\n\t\t\t\t<img loading=\"lazy\" decoding=\"async\" src=\"https:\/\/211md.org\/wp-content\/uploads\/bb-plugin\/cache\/Housing-Legal-circle-9a8f3c1c72c54b6e1ce612d2993c1ad4-.png\" alt=\"Marteau juridique avec un mod\u00e8le en plastique d&#039;une maison \u00e0 c\u00f4t\u00e9\" itemprop=\"image\" height=\"348\" width=\"460\" title=\"Juridique du logement\" onerror=\"this.style.display='none'\"  \/>\n\t\t\t\t<\/a>\n\t\t<h3><a href=\"\/fr\/ressources\/services-juridiques\/\" target=\"_self\">Services juridiques<\/a><\/h3>\t\n\t\t\t\t<a href=\"\/fr\/ressources\/sante-mentale\/\"  target=\"_self\" itemprop=\"url\">\n\t\t\t\t<img loading=\"lazy\" decoding=\"async\" src=\"https:\/\/211md.org\/wp-content\/uploads\/bb-plugin\/cache\/Mask-Group-40@2x-circle-7bd9426367852fb3d841bc4bdc57a550-.png\" alt=\"Les profils d&#039;un homme et d&#039;une femme\" itemprop=\"image\" height=\"500\" width=\"500\" title=\"Groupe de masques 40@2x\" onerror=\"this.style.display='none'\"  \/>\n\t\t\t\t<\/a>\n\t\t<h3><a href=\"\/fr\/ressources\/sante-mentale\/\" target=\"_self\">Sant\u00e9 mentale<\/a><\/h3>\t\n\t\t\t\t<a href=\"\/fr\/ressources\/mdreentry\/\"  target=\"_self\" itemprop=\"url\">\n\t\t\t\t<img loading=\"lazy\" decoding=\"async\" src=\"https:\/\/211md.org\/wp-content\/uploads\/bb-plugin\/cache\/Diverse-group-of-community-members-circle-4457c114cd48613bc79a0fb50060319c-.jpg\" alt=\"Groupe diversifi\u00e9 de membres de la communaut\u00e9\" itemprop=\"image\" height=\"800\" width=\"1200\" title=\"Groupe diversifi\u00e9 de membres de la communaut\u00e9\" onerror=\"this.style.display='none'\"  \/>\n\t\t\t\t<\/a>\n\t\t<h3><a href=\"\/fr\/ressources\/mdreentry\/\" target=\"_self\">Rentr\u00e9e<\/a><\/h3>\t\n\t\t\t\t<a href=\"\/fr\/arreter\/\"  target=\"_self\" itemprop=\"url\">\n\t\t\t\t<img loading=\"lazy\" decoding=\"async\" src=\"https:\/\/211md.org\/wp-content\/uploads\/bb-plugin\/cache\/Background-section-MDStophate-circle-08e2bae1cf9f2ad6cc83e01e23da8cb9-.jpg\" alt=\"Arri\u00e8re-plan-section-MDStophate\" itemprop=\"image\" height=\"768\" width=\"1366\" title=\"Arri\u00e8re-plan-section-MDStophate\" onerror=\"this.style.display='none'\"  \/>\n\t\t\t\t<\/a>\n\t\t<h3><a href=\"\/fr\/arreter\/\" target=\"_self\">Arr\u00eatez la haine<\/a><\/h3>\t\n\t\t\t\t<a href=\"\/fr\/ressources\/consommation-de-substances\/\"  target=\"_self\" itemprop=\"url\">\n\t\t\t\t<img loading=\"lazy\" decoding=\"async\" src=\"https:\/\/211md.org\/wp-content\/uploads\/bb-plugin\/cache\/Substance-Use-circle-ad2d564932dc31267e0c32a6fb2d915c-.png\" alt=\"Pilules cassantes \u00e0 la main\" itemprop=\"image\" height=\"500\" width=\"500\" title=\"Consommation de substances\" onerror=\"this.style.display='none'\"  \/>\n\t\t\t\t<\/a>\n\t\t<h3><a href=\"\/fr\/ressources\/consommation-de-substances\/\" target=\"_self\">Consommation de substances<\/a><\/h3>\t\n\t\t\t\t<a href=\"\/fr\/ressources\/services-fiscaux\/\"  target=\"_self\" itemprop=\"url\">\n\t\t\t\t<img loading=\"lazy\" decoding=\"async\" src=\"https:\/\/211md.org\/wp-content\/uploads\/bb-plugin\/cache\/Mask-Group-34-circle-166a606e37e61188c9a17d5e634cda3c-.png\" alt=\"Personne remplissant les formulaires d&#039;imp\u00f4t sur le revenu\" itemprop=\"image\" height=\"500\" width=\"500\" title=\"Groupe de masques 34\" onerror=\"this.style.display='none'\"  \/>\n\t\t\t\t<\/a>\n\t\t<h3><a href=\"\/fr\/ressources\/services-fiscaux\/\" target=\"_self\">Services fiscaux<\/a><\/h3>\t\n\t\t\t\t<a href=\"\/fr\/ressources\/assistance-utilitaire\/\"  target=\"_self\" itemprop=\"url\">\n\t\t\t\t<img loading=\"lazy\" decoding=\"async\" src=\"https:\/\/211md.org\/wp-content\/uploads\/bb-plugin\/cache\/Mask-Group-37@2x-circle-9661a11b9c4082079c9a1f06bc539567-.png\" alt=\"Une ampoule allum\u00e9e\" itemprop=\"image\" height=\"500\" width=\"500\" title=\"Masque Groupe 37@2x\" onerror=\"this.style.display='none'\"  \/>\n\t\t\t\t<\/a>\n\t\t<h3><a href=\"\/fr\/ressources\/assistance-utilitaire\/\" target=\"_self\">Assistance utilitaire<\/a><\/h3>\t\n\t\t\t\t<a href=\"\/fr\/ressources\/anciens-combattants\/\"  target=\"_self\" itemprop=\"url\">\n\t\t\t\t<img decoding=\"async\" src=\"https:\/\/211md.org\/wp-content\/uploads\/bb-plugin\/cache\/Veterans-circle-7c6972a59826c74f1f658f61df785fc3-.png\" alt=\"Un soldat serrant la main de quelqu&#039;un et souriant\" itemprop=\"image\" title=\"anciens combattants\" onerror=\"this.style.display='none'\"  \/>\n\t\t\t\t<\/a>\n\t\t<h3><a href=\"\/fr\/ressources\/anciens-combattants\/\" target=\"_self\">anciens combattants<\/a><\/h3>","protected":false},"excerpt":{"rendered":"<p>Les exp\u00e9riences de l&#039;enfance, bonnes et mauvaises, fa\u00e7onnent le d\u00e9veloppement du cerveau de l&#039;enfant. Les communaut\u00e9s jouent un r\u00f4le en fournissant des environnements positifs et en pr\u00e9venant l\u2019adversit\u00e9. Pourquoi l\u2019adversit\u00e9 durant l\u2019enfance est-elle importante\u00a0? Les exp\u00e9riences et environnements d\u00e9favorables de l\u2019enfance sont courants. Ils incluent des choses comme \u00eatre t\u00e9moin de violence ou \u00eatre victime de discrimination. Si les enfants ne re\u00e7oivent pas de soutien face \u00e0 l\u2019adversit\u00e9, cela peut causer des probl\u00e8mes durables\u2026<\/p>","protected":false},"author":8,"featured_media":1977,"parent":839,"menu_order":0,"comment_status":"closed","ping_status":"closed","template":"","meta":{"footnotes":""},"class_list":["post-920","page","type-page","status-publish","has-post-thumbnail","hentry"],"_links":{"self":[{"href":"https:\/\/211md.org\/fr\/wp-json\/wp\/v2\/pages\/920","targetHints":{"allow":["GET"]}}],"collection":[{"href":"https:\/\/211md.org\/fr\/wp-json\/wp\/v2\/pages"}],"about":[{"href":"https:\/\/211md.org\/fr\/wp-json\/wp\/v2\/types\/page"}],"author":[{"embeddable":true,"href":"https:\/\/211md.org\/fr\/wp-json\/wp\/v2\/users\/8"}],"replies":[{"embeddable":true,"href":"https:\/\/211md.org\/fr\/wp-json\/wp\/v2\/comments?post=920"}],"version-history":[{"count":3,"href":"https:\/\/211md.org\/fr\/wp-json\/wp\/v2\/pages\/920\/revisions"}],"predecessor-version":[{"id":4708,"href":"https:\/\/211md.org\/fr\/wp-json\/wp\/v2\/pages\/920\/revisions\/4708"}],"up":[{"embeddable":true,"href":"https:\/\/211md.org\/fr\/wp-json\/wp\/v2\/pages\/839"}],"wp:featuredmedia":[{"embeddable":true,"href":"https:\/\/211md.org\/fr\/wp-json\/wp\/v2\/media\/1977"}],"wp:attachment":[{"href":"https:\/\/211md.org\/fr\/wp-json\/wp\/v2\/media?parent=920"}],"curies":[{"name":"wp","href":"https:\/\/api.w.org\/{rel}","templated":true}]}}