{"id":922,"date":"2021-04-15T14:24:25","date_gmt":"2021-04-15T14:24:25","guid":{"rendered":"https:\/\/211md.org\/?page_id=922"},"modified":"2026-02-02T08:48:53","modified_gmt":"2026-02-02T13:48:53","slug":"violence-familiale-domestique","status":"publish","type":"page","link":"https:\/\/211md.org\/fr\/resources\/domestic-family-violence\/","title":{"rendered":"Soutien \u00e0 la violence familiale et domestique dans le Maryland"},"content":{"rendered":"<figure data-animation-delay=\"0\" data-animation-duration=\"1\" itemscope itemtype=\"https:\/\/schema.org\/ImageObject\">\n\t\t\t\t<img decoding=\"async\" src=\"https:\/\/stg-maryland211-staging.kinsta.cloud\/wp-content\/uploads\/2025\/08\/5-1-scaled.png\" alt=\"5\" height=\"692\" width=\"2560\" title=\"5\" onerror=\"this.style.display='none'\" loading=\"lazy\" \/>\n\t<\/figure>\n\t\t<h1><a href=\"#start\" target=\"_self\">En-t\u00eate de page par d\u00e9faut<\/a><\/h1><p>Des kits d&#039;urgence pour les victimes de violences conjugales quittant rapidement leur domicile \u00e0 l&#039;assistance juridique, un soutien gratuit et confidentiel est disponible. La violence conjugale n&#039;est jamais de votre faute. Contactez les lignes d&#039;assistance t\u00e9l\u00e9phonique d\u00e9di\u00e9es aux victimes de violences conjugales. <a href=\"#community\">ressources communautaires,<\/a> et <a href=\"#sexual\">agression sexuelle<\/a> soutien aux victimes de violences conjugales et familiales. D\u00e9couvrez <a href=\"#warning\">signes avant-coureurs<\/a>\u00a0et trouver <a href=\"#emergency\">abris d&#039;urgence<\/a> pr\u00e8s de toi.<\/p>\n<p>Renseignez-vous \u00e9galement sur les services de protection pour <a href=\"#children\">enfants<\/a> et <a href=\"#adults\">adultes<\/a>.<\/p>\n\t\t\t<a href=\"#start\"  target=\"_self\">\n\t\t\t\t\t\tCommencer\n\t\t\t\t\t<\/a>\n<figure data-animation-delay=\"0\" data-animation-duration=\"1\" itemscope itemtype=\"https:\/\/schema.org\/ImageObject\">\n\t\t\t\t<img decoding=\"async\" src=\"https:\/\/211md.org\/wp-content\/plugins\/bb-plugin\/img\/pixel.png\" alt=\"\" onerror=\"this.style.display='none'\" loading=\"lazy\" \/>\n\t<\/figure>\n<figure data-animation-delay=\"0\" data-animation-duration=\"1.3\" itemscope itemtype=\"https:\/\/schema.org\/ImageObject\">\n\t\t\t\t<img decoding=\"async\" src=\"https:\/\/stg-maryland211-staging.kinsta.cloud\/wp-content\/uploads\/2025\/08\/16.png\" alt=\"16\" height=\"1000\" width=\"1000\" title=\"16\" onerror=\"this.style.display='none'\" loading=\"lazy\" \/>\n\t<\/figure>\n<figure itemscope itemtype=\"https:\/\/schema.org\/ImageObject\">\n\t\t\t\t<img decoding=\"async\" src=\"http:\/\/211md.org\/wp-content\/uploads\/2025\/09\/two-friends-hugging-and-offering-support.jpg\" alt=\"deux amis s&#039;embrassant et s&#039;offrant du soutien\" title=\"deux amis s&#039;embrassant et s&#039;offrant du soutien\" onerror=\"this.style.display='none'\" loading=\"lazy\" \/>\n\t<\/figure>\n<h2>Abri d&#039;urgence et autres \u00e9l\u00e9ments essentiels<\/h2>\n<p>Lorsque vous fuyez une situation de violence conjugale, vous risquez de quitter votre domicile rapidement et sans le n\u00e9cessaire. Des programmes d&#039;aide existent pour vous aider.<\/p>\n<p>Les <a href=\"https:\/\/www.mnadv.org\/get-help\/how-to-help\/\" target=\"_blank\" rel=\"noopener\">R\u00e9seau du Maryland contre la violence domestique<\/a> offre un soutien, notamment une trousse d&#039;urgence.<\/p>\n<h3>Soutien en milieu de c\u00f4te<\/h3>\n<p>Dans les comt\u00e9s de Kent, Dorchester, Queen Anne&#039;s, Talbot et Caroline, connectez-vous au <a href=\"https:\/\/mscfv.org\/get-help\" target=\"_blank\" rel=\"noopener\">Conseil interm\u00e9diaire sur la violence familiale<\/a>.<\/p>\n<p>Ils offrent 24h\/24 et 7j\/7 avec :<\/p>\n<ul>\n<li>intervention de crise<\/li>\n<li>abri d&#039;urgence<\/li>\n<li>planification de la s\u00e9curit\u00e9<\/li>\n<li>s\u00e9curit\u00e9 des animaux de compagnie<\/li>\n<li>information et orientation<\/li>\n<li>soutien \u00e9motionnel<\/li>\n<li>conseil et orientation<\/li>\n<li>services juridiques<\/li>\n<\/ul>\n<p><img loading=\"lazy\" decoding=\"async\" src=\"http:\/\/211md.org\/wp-content\/uploads\/2025\/08\/2025_MdInfoNet_Icon-Sets_Phone-150x150.png\" alt=\"Ic\u00f4ne de t\u00e9l\u00e9phone\" width=\"75\" height=\"75\" \/>Appelez la ligne d&#039;assistance t\u00e9l\u00e9phonique du Mid-Shore Council on Family Violence au 1-800-927-4673.<\/p>\n\t<h2>Lignes d&#039;assistance t\u00e9l\u00e9phonique pour obtenir de l&#039;aide<\/h2>\n\t\t<h3>\t\n\t911<br \/> Urgence<\/h3><p>Composez le 911 si vous \u00eates en danger et avez besoin d\u2019aide d\u2019urgence.<\/p>\n\t\t<h3>\t\n\tLigne d&#039;assistance nationale contre la violence domestique<\/h3><p>Composez le 1-800-799-SAFE (7233) et obtenez des informations sur les refuges et autres prestataires de services de lutte contre la violence familiale.<\/p>\n<p>Vous pouvez \u00e9galement discuter en direct ou envoyer START par SMS au 88788.<\/p>\n\t\t<h3>\t\n\t211 <br \/> Informations et ressources<\/h3><p>Composez le 211 pour acc\u00e9der aux ressources locales. Nos sp\u00e9cialistes de l&#039;information et de l&#039;orientation, attentionn\u00e9s et bienveillants, peuvent \u00e9galement vous aider en mati\u00e8re d&#039;alimentation, de logement, de protection juridique, d&#039;aide aux services publics, de soins de sant\u00e9, d&#039;assurance ch\u00f4mage et d&#039;autres besoins essentiels.<\/p>\n<p>&nbsp;<\/p>\n\t\t<figure itemscope itemtype=\"https:\/\/schema.org\/ImageObject\">\n\t\t\t\t<img decoding=\"async\" src=\"https:\/\/stg-maryland211-staging.kinsta.cloud\/wp-content\/uploads\/2025\/08\/2025_MdInfoNet_Icon-Sets-white_Locate.png\" alt=\"\" onerror=\"this.style.display='none'\" loading=\"lazy\" \/>\n\t<\/figure>\n<h2>Ressources courantes sur la violence domestique<\/h2><p>Consultez la base de donn\u00e9es des ressources communautaires 211 pour trouver de l&#039;aide. Saisissez un code postal pour trouver de l&#039;aide pr\u00e8s de chez vous.<\/p>\n\t\t\t<a href=\"https:\/\/search.211md.org\/search?query=RP-1500.1400-200&#038;query_type=taxonomy&#038;query_label=\" target=\"_blank\" rel=\"noopener\">\n\t\t\t\t\t\tLignes d&#039;assistance pour la violence domestique\n\t\t\t\t\t<\/a>\n\t\t\t<a href=\"https:\/\/search.211md.org\/search?query=FT-6940&#038;query_type=taxonomy&#038;query_label=\" target=\"_blank\" rel=\"noopener\">\n\t\t\t\t\t\tOrdonnances de protection\n\t\t\t\t\t<\/a>\n\t\t\t<a href=\"https:\/\/search.211md.org\/search?query=RP-1500.1400-300&#038;query_type=taxonomy&#038;query_label=\" target=\"_blank\" rel=\"noopener\">\n\t\t\t\t\t\tLigne d&#039;assistance t\u00e9l\u00e9phonique contre la traite des \u00eatres humains\n\t\t\t\t\t<\/a>\n\t\t\t<a href=\"https:\/\/search.211md.org\/search?query=RP-1500.1400-750&#038;query_type=taxonomy&#038;query_label=\" target=\"_blank\" rel=\"noopener\">\n\t\t\t\t\t\tLigne d&#039;assistance t\u00e9l\u00e9phonique pour les agressions sexuelles\n\t\t\t\t\t<\/a>\n\t\t\t<a href=\"https:\/\/search.211md.org\/search?query=BH-1800.1500-100&#038;query_label=Domestic+Violence+Shelters&#038;query_type=taxonomy\" target=\"_blank\" rel=\"noopener\">\n\t\t\t\t\t\tRefuges pour victimes de violence domestique\n\t\t\t\t\t<\/a>\n\t\t\t<a href=\"https:\/\/search.211md.org\/search?query=RP-1500.1400-700&#038;query_type=taxonomy&#038;query_label=\" target=\"_blank\" rel=\"noopener\">\n\t\t\t\t\t\tLignes d&#039;assistance aux jeunes en fugue\/sans-abrisme\n\t\t\t\t\t<\/a>\n<figure itemscope itemtype=\"https:\/\/schema.org\/ImageObject\">\n\t\t\t\t<img decoding=\"async\" src=\"https:\/\/211md.org\/wp-content\/uploads\/2024\/05\/Counselor-talking-to-a-woman.jpg\" alt=\"Conseiller parlant \u00e0 une femme\" height=\"800\" width=\"1200\" title=\"Conseiller parlant \u00e0 une femme\" onerror=\"this.style.display='none'\" loading=\"lazy\" \/>\n\t<\/figure>\n\t<h2>Panneaux de signalisation<\/h2>\n<p>Il peut \u00eatre difficile de d\u00e9celer les signes avant-coureurs de violences conjugales. Le Life Crisis Center, membre du r\u00e9seau de centres d&#039;appels 211, propose un soutien aux victimes. Il met en lumi\u00e8re les comportements progressifs et contr\u00f4lants que vous pourriez observer, notamment les signes suivants d&#039;une relation malsaine\u00a0:<\/p>\n<ul>\n<li>Contr\u00f4le<\/li>\n<li>Isolement<\/li>\n<li>Sabotage<\/li>\n<li>Bl\u00e2mer<\/li>\n<li>Critique<\/li>\n<li>Alcool<\/li>\n<li>Jalousie<\/li>\n<li>Col\u00e8re<\/li>\n<li>Intensit\u00e9<\/li>\n<\/ul>\n<p>Les <a href=\"https:\/\/www.lifecrisiscenter.org\/program\/Domestic-Violence.htm\" target=\"_blank\" rel=\"noopener\">Life Crisis Center describes the warning signs<\/a> and provides strategies for victims in a relationship with warning signs.<\/p>\n<p>Vous pouvez \u00e9galement appeler le 211 pour \u00eatre mis en relation avec un fournisseur local de services de lutte contre la violence domestique ou appeler le service d&#039;assistance 24 heures sur 24. <a href=\"https:\/\/www.thehotline.org\/\" target=\"_blank\" rel=\"noopener\">Ligne d&#039;assistance nationale contre la violence domestique<\/a> au 1-800-799-SAFE (7233).<\/p>\n<h2>Aide aux agressions sexuelles<\/h2>\n<p>Une aide gratuite et confidentielle est disponible pour les victimes d&#039;agression sexuelle. Contactez des experts qui peuvent vous soutenir et sachez qu&#039;une agression sexuelle n&#039;est jamais de votre faute.<\/p>\n<h4>Connectez-vous aux ressources.<\/h4>\n<p>Composez le 2-1-1 pour trouver du soutien pr\u00e8s de chez vous ou contactez une ligne d\u2019assistance t\u00e9l\u00e9phonique pour les agressions sexuelles pour obtenir des informations gratuites et confidentielles.<\/p>\n\t\t\t<a href=\"https:\/\/search.211md.org\/search?query=RP-1500.1400-750&#038;query_label=Sexual%20Assault%20Hotlines&#038;query_type=taxonomy\" target=\"_blank\" rel=\"noopener\">\n\t\t\t\t\t\tTrouver des lignes d&#039;assistance t\u00e9l\u00e9phonique et des ressources en cas d&#039;agression sexuelle\n\t\t\t\t\t<\/a>\n\t<h3>Examens m\u00e9dicaux gratuits<\/h3>\n<p>Le programme SAFE (Sexual Assault Forensic Exams) du Maryland propose des examens m\u00e9dicaux gratuits. Les professionnels sont form\u00e9s pour accompagner les victimes et recueillent des preuves, prodiguent des soins m\u00e9dicaux et proposent des consultations en cas d&#039;exposition au VIH.<\/p>\n<p>Vous pouvez passer un examen SAFE m\u00eame si vous ne souhaitez pas impliquer la police. Si vous \u00eates victime d&#039;agression sexuelle, demandez de l&#039;aide. <a href=\"https:\/\/mcasa.org\/survivors\/getting-medical-attention\" target=\"_blank\" rel=\"noopener\">Rechercher des programmes SAFE dans le Maryland<\/a>.<\/p>\n<h3>Centre de crise et de r\u00e9tablissement en cas de viol<\/h3>\n<p>Le r\u00e9seau des centres d&#039;aide et de r\u00e9tablissement aux victimes de viol du Maryland propose \u00e9galement de l&#039;aide. Ils proposent des interventions de crise et des conseils. Ils vous accompagneront \u00e9galement \u00e0 l&#039;h\u00f4pital, lors des interrogatoires de police et au tribunal.<\/p>\n<p>Vous pouvez composer le 2-1-1 pour trouver un centre pr\u00e8s de chez vous ou visiter le\u00a0<a href=\"https:\/\/mcasa.org\/survivors\/find-a-rape-crisis-center\" target=\"_blank\" rel=\"noopener\">Coalition du Maryland contre les agressions sexuelles<\/a> Site Web (MCASA) pour une liste des centres.<\/p>\n<h3>Aide juridique<\/h3>\n<p>Le MCASA dispose \u00e9galement d&#039;un Institut juridique pour les agressions sexuelles (SALI), qui fournit des services juridiques complets aux survivants. <a href=\"https:\/\/mcasa.org\/survivors\/sali?fbclid=IwZXh0bgNhZW0CMTAAAR1kEo1Ku2GD3GKBOhAz1XXVPvOr68tlAOPPlcrOFiTKhmFIMM4RlndB7a4_aem_AXbTaSde3vm4kISD6ssAc2DvpCxSyWKv-2To8ILAwIAQntLzjKXzkLGWpmWyYNAX_R98yzEsaXiKtXw57NYZB3Dv#services\" target=\"_blank\" rel=\"noopener\">Apprendre encore plus<\/a> sur les services qu&#039;ils fournissent.<\/p>\n\t<h2>Maltraitance et n\u00e9gligence envers les enfants<\/h2>\n<p>La maltraitance et\/ou la n\u00e9gligence envers les enfants peuvent \u00eatre signal\u00e9es de mani\u00e8re anonyme au d\u00e9partement local des services sociaux ou aux forces de l&#039;ordre.<\/p>\n<p>En g\u00e9n\u00e9ral, les signes de <a href=\"https:\/\/dhs.maryland.gov\/child-protective-services\/reporting-suspected-child-abuse-or-neglect\/what-is-child-abuse-and-neglect\/\" target=\"_blank\" rel=\"noopener\">maltraitance et n\u00e9gligence envers les enfants<\/a>\u00a0Peut inclure:<\/p>\n<ul>\n<li aria-level=\"1\">blessure physique \u00e0 un enfant, m\u00eame lorsqu&#039;elle n&#039;est pas visible<\/li>\n<li aria-level=\"1\">d\u00e9faut de soins ou d&#039;attention appropri\u00e9s<\/li>\n<li aria-level=\"1\">laisser un enfant sans surveillance lorsque sa sant\u00e9 ou son bien-\u00eatre est compromis ou qu&#039;il existe un risque substantiel de tel pr\u00e9judice<\/li>\n<li aria-level=\"1\">agression ou exploitation sexuelle<\/li>\n<li aria-level=\"1\">d\u00e9ficience de la capacit\u00e9 mentale ou psychologique d&#039;un enfant \u00e0 fonctionner<\/li>\n<li aria-level=\"1\">trouver des preuves cr\u00e9dibles de maltraitance physique, de n\u00e9gligence ou d&#039;abus sexuel qui n&#039;ont pas \u00e9t\u00e9 r\u00e9fut\u00e9es de mani\u00e8re satisfaisante<\/li>\n<\/ul>\n<p>Si l\u2019\u00c9tat retire un enfant (de moins de 18 ans) de son domicile, un\u00a0<a href=\"https:\/\/mdcourts.gov\/legalhelp\/childabuseneglect\" target=\"_blank\" rel=\"noopener\">proc\u00e9dure l\u00e9gale<\/a> est en place pour assurer la s\u00e9curit\u00e9 et le bien-\u00eatre de l&#039;enfant.<\/p>\n<p>Trouvez des ressources locales de protection de l\u2019enfance dans la base de donn\u00e9es des ressources communautaires 211 ou composez le 211.<\/p>\n\t\t\t<a href=\"https:\/\/search.211md.org\/search?query=PH-6500.1500&#038;query_type=taxonomy&#038;query_label=\" target=\"_blank\" rel=\"noopener\">\n\t\t\t\t\t\tRessources pour la protection de l&#039;enfance\n\t\t\t\t\t<\/a>\n\t<h2>Services de protection des adultes<\/h2>\n<p>L&#039;\u00c9tat offre \u00e9galement des services de protection pour adultes \u00e0 toute personne de plus de 18 ans qui n&#039;a pas la capacit\u00e9 physique ou mentale de subvenir \u00e0 ses besoins. Il existe des signes comportementaux, sociaux, financiers et physiques de violence et de n\u00e9gligence chez les personnes vuln\u00e9rables et les personnes \u00e2g\u00e9es. Ceux-ci peuvent inclure :<\/p>\n<ul>\n<li aria-level=\"1\">Confusion et oubli<\/li>\n<li aria-level=\"1\">Peur, impuissance, honte<\/li>\n<li aria-level=\"1\">Isolement<\/li>\n<li aria-level=\"1\">Violence ou toxicomanie<\/li>\n<li aria-level=\"1\">Activit\u00e9 bancaire inhabituelle<\/li>\n<li aria-level=\"1\">Changement dans les habitudes de consommation<\/li>\n<li aria-level=\"1\">Factures impay\u00e9es<\/li>\n<li aria-level=\"1\">Avoir l&#039;air sale ou mal ras\u00e9<\/li>\n<li aria-level=\"1\">Sous-aliment\u00e9, d\u00e9shydrat\u00e9<\/li>\n<li aria-level=\"1\">Condition m\u00e9dicale non trait\u00e9e<\/li>\n<li aria-level=\"1\">Coupures, blessures, contusions ou autres marques<\/li>\n<li aria-level=\"1\">Impossible de parler librement<\/li>\n<li aria-level=\"1\">Violence ou toxicomanie<\/li>\n<\/ul>\n<p><a href=\"https:\/\/dhs.maryland.gov\/documents\/Brochures\/Adult%20Services%20Flyers\/SSA-AdultProtectiveAbuse_dg.pdf\" target=\"_blank\" rel=\"noopener\">D\u00e9couvrez tous les signes<\/a>\u00a0du D\u00e9partement des services sociaux du Maryland.<\/p>\n<p>Signalez tout soup\u00e7on de maltraitance envers un adulte au 1-800-91-PREVENT (1-800-917-7383).<\/p>\n<p>La base de donn\u00e9es des ressources communautaires 211 fournit une liste de services de protection des adultes.<\/p>\n\t\t\t<a href=\"https:\/\/search.211md.org\/search?query=PH-6500.0500&#038;query_type=taxonomy&#038;query_label=\" target=\"_blank\" rel=\"noopener\">\n\t\t\t\t\t\tTrouver des ressources de protection des adultes\n\t\t\t\t\t<\/a>\n<figure itemscope itemtype=\"https:\/\/schema.org\/ImageObject\">\n\t\t\t\t<img decoding=\"async\" src=\"https:\/\/211md.org\/wp-content\/plugins\/bb-plugin\/img\/pixel.png\" alt=\"\" onerror=\"this.style.display='none'\" loading=\"lazy\" \/>\n\t<\/figure>\n\t\t<figure itemscope itemtype=\"https:\/\/schema.org\/ImageObject\">\n\t\t\t\t<img decoding=\"async\" src=\"https:\/\/211md.org\/wp-content\/uploads\/bb-plugin\/cache\/Call-center-specialst-circle-4e9ecd7b3425be4576416abc911049bb-.jpg\" alt=\"Sp\u00e9cialiste des centres d&#039;appels\" title=\"Sp\u00e9cialiste des centres d&#039;appels\" onerror=\"this.style.display='none'\" loading=\"lazy\" \/>\n\t<\/figure>\n<h2>Composez le 211<\/h2><p>Parlez \u00e0 une personne attentionn\u00e9e et compatissante 24h\/24 et 7j\/7. Elle peut \u00e9galement vous orienter vers des ressources.\u00a0<\/p>\n\t\t<h4><a href=\"\/fr\/ressources\/vieillissement-handicap\/?utm_source=Home&#038;utm_medium=Referral&#038;utm_campaign=211Resources&#038;utm_content=Aging\" target=\"_self\">Vieillissement &amp; Handicap<\/a><\/h4><figure itemscope itemtype=\"https:\/\/schema.org\/ImageObject\">\n\t\t\t\t<a href=\"\/fr\/ressources\/vieillissement-handicap\/?utm_source=Home&#038;utm_medium=Referral&#038;utm_campaign=211Resources&#038;utm_content=Aging\"  target=\"_self\" itemprop=\"url\">\n\t\t\t\t<img decoding=\"async\" src=\"https:\/\/211md.org\/wp-content\/uploads\/bb-plugin\/cache\/2025_MdInfoNet_Icon-Sets_Aging-disability-square-c466727102cae71e5f27b8539bb51945-.png\" alt=\"\" onerror=\"this.style.display='none'\" loading=\"lazy\" \/>\n\t\t\t\t<\/a>\n\t<\/figure>\n\t\t<h4><a href=\"\/fr\/ressources\/enfants-familles\/?utm_source=Home&#038;utm_medium=Referral&#038;utm_campaign=211Resources&#038;utm_content=Children\" target=\"_self\">Enfants et familles<\/a><\/h4><figure itemscope itemtype=\"https:\/\/schema.org\/ImageObject\">\n\t\t\t\t<a href=\"\/fr\/ressources\/enfants-familles\/?utm_source=Home&#038;utm_medium=Referral&#038;utm_campaign=211Resources&#038;utm_content=Children\"  target=\"_self\" itemprop=\"url\">\n\t\t\t\t<img decoding=\"async\" src=\"https:\/\/211md.org\/wp-content\/uploads\/bb-plugin\/cache\/2025_211_Icon-Sets_Child-care-square-f3b0d4edab3dcc467fadb5f55f4064c6-.png\" alt=\"parent and child icon for child care\" height=\"417\" width=\"417\" title=\"2025_211_Ensembles d&#039;ic\u00f4nes_Garde d&#039;enfants\" onerror=\"this.style.display='none'\" loading=\"lazy\" \/>\n\t\t\t\t<\/a>\n\t<\/figure>\n\t\t<h4><a href=\"\/fr\/ressources\/violence-familiale-domestique\/?utm_source=Home&#038;utm_medium=Referral&#038;utm_campaign=211Resources&#038;utm_content=Domestic\" target=\"_self\">Violence Domestique<\/a><\/h4><figure itemscope itemtype=\"https:\/\/schema.org\/ImageObject\">\n\t\t\t\t<a href=\"\/fr\/ressources\/violence-familiale-domestique\/?utm_source=Home&#038;utm_medium=Referral&#038;utm_campaign=211Resources&#038;utm_content=Domestic\"  target=\"_self\" itemprop=\"url\">\n\t\t\t\t<img decoding=\"async\" src=\"https:\/\/211md.org\/wp-content\/uploads\/bb-plugin\/cache\/2025_211_Icon-Sets_Domestic-Violence-square-7b597694a6f05fe90cdc376aa573bc63-.png\" alt=\"House with a heart in the middle icon\" height=\"417\" width=\"417\" title=\"2025_211_Ensembles d&#039;ic\u00f4nes_Violence domestique\" onerror=\"this.style.display='none'\" loading=\"lazy\" \/>\n\t\t\t\t<\/a>\n\t<\/figure>\n\t\t<h4><a href=\"\/fr\/ressources\/recherche-demploi\/?utm_source=Home&#038;utm_medium=Referral&#038;utm_campaign=211Resources&#038;utm_content=Employment\" target=\"_self\">Emploi<\/a><\/h4><figure itemscope itemtype=\"https:\/\/schema.org\/ImageObject\">\n\t\t\t\t<a href=\"\/fr\/ressources\/recherche-demploi\/?utm_source=Home&#038;utm_medium=Referral&#038;utm_campaign=211Resources&#038;utm_content=Employment\"  target=\"_self\" itemprop=\"url\">\n\t\t\t\t<img decoding=\"async\" src=\"https:\/\/211md.org\/wp-content\/uploads\/bb-plugin\/cache\/2025_MdInfoNet_Icon-Sets_Employment-square-44707bd410e4df10a470bf130ebcea86-.png\" alt=\"\" onerror=\"this.style.display='none'\" loading=\"lazy\" \/>\n\t\t\t\t<\/a>\n\t<\/figure>\n\t\t<h4><a href=\"\/fr\/ressources\/soins-de-sante\/?utm_source=Home&#038;utm_medium=Referral&#038;utm_campaign=211Resources&#038;utm_content=Health%20Care\" target=\"_self\">Soins de sant\u00e9<\/a><\/h4><figure itemscope itemtype=\"https:\/\/schema.org\/ImageObject\">\n\t\t\t\t<a href=\"\/fr\/ressources\/soins-de-sante\/?utm_source=Home&#038;utm_medium=Referral&#038;utm_campaign=211Resources&#038;utm_content=Health%20Care\"  target=\"_self\" itemprop=\"url\">\n\t\t\t\t<img decoding=\"async\" src=\"https:\/\/211md.org\/wp-content\/uploads\/bb-plugin\/cache\/2025_MdInfoNet_Icon-Sets_Health-Care-square-dee98a0060cbe0e7f27eda253fc12679-.png\" alt=\"\" onerror=\"this.style.display='none'\" loading=\"lazy\" \/>\n\t\t\t\t<\/a>\n\t<\/figure>\n\t\t<h4><a href=\"\/fr\/ressources\/enfants-familles\/parente\/?utm_source=Home&#038;utm_medium=Referral&#038;utm_campaign=211Resources&#038;utm_content=Kinship\" target=\"_self\">Parent\u00e9<\/a><\/h4><figure itemscope itemtype=\"https:\/\/schema.org\/ImageObject\">\n\t\t\t\t<a href=\"\/fr\/ressources\/enfants-familles\/parente\/?utm_source=Home&#038;utm_medium=Referral&#038;utm_campaign=211Resources&#038;utm_content=Kinship\"  target=\"_self\" itemprop=\"url\">\n\t\t\t\t<img decoding=\"async\" src=\"https:\/\/211md.org\/wp-content\/uploads\/bb-plugin\/cache\/2025_211_Icon-Sets_Kinship-square-45bdf872866f5735f842c32071109267-.png\" alt=\"Ic\u00f4ne de parent\u00e9\" height=\"417\" width=\"417\" title=\"2025_211_Ensembles d&#039;ic\u00f4nes_Parent\u00e9\" onerror=\"this.style.display='none'\" loading=\"lazy\" \/>\n\t\t\t\t<\/a>\n\t<\/figure>\n\t\t<h4><a href=\"\/fr\/ressources\/services-juridiques\/?utm_source=Home&#038;utm_medium=Referral&#038;utm_campaign=211Resources&#038;utm_content=Legal\" target=\"_self\">Services juridiques<\/a><\/h4><figure itemscope itemtype=\"https:\/\/schema.org\/ImageObject\">\n\t\t\t\t<a href=\"\/fr\/ressources\/services-juridiques\/?utm_source=Home&#038;utm_medium=Referral&#038;utm_campaign=211Resources&#038;utm_content=Legal\"  target=\"_self\" itemprop=\"url\">\n\t\t\t\t<img decoding=\"async\" src=\"https:\/\/211md.org\/wp-content\/uploads\/bb-plugin\/cache\/2025_MdInfoNet_Icon-Sets_Legal-square-18fdf438feb8435588174d9046463257-.png\" alt=\"\" onerror=\"this.style.display='none'\" loading=\"lazy\" \/>\n\t\t\t\t<\/a>\n\t<\/figure>\n\t\t<h4><a href=\"\/fr\/ressources\/sante-mentale\/?utm_source=Home&#038;utm_medium=Referral&#038;utm_campaign=211Resources&#038;utm_content=Mental\" target=\"_self\">Sant\u00e9 mentale<\/a><\/h4><figure itemscope itemtype=\"https:\/\/schema.org\/ImageObject\">\n\t\t\t\t<a href=\"\/fr\/ressources\/sante-mentale\/?utm_source=Home&#038;utm_medium=Referral&#038;utm_campaign=211Resources&#038;utm_content=Mental\"  target=\"_self\" itemprop=\"url\">\n\t\t\t\t<img decoding=\"async\" src=\"https:\/\/211md.org\/wp-content\/uploads\/bb-plugin\/cache\/2025_MdInfoNet_Icon-Sets_Mental-Health-square-c59b38c4a993a947d4c9280fbe2d2fee-.png\" alt=\"\" onerror=\"this.style.display='none'\" loading=\"lazy\" \/>\n\t\t\t\t<\/a>\n\t<\/figure>\n\t\t<h4><a href=\"\/fr\/ressources\/mdreentry\/?utm_source=Home&#038;utm_medium=Referral&#038;utm_campaign=211Resources&#038;utm_content=Reentry\" target=\"_self\">Rentr\u00e9e<\/a><\/h4><figure itemscope itemtype=\"https:\/\/schema.org\/ImageObject\">\n\t\t\t\t<a href=\"\/fr\/ressources\/mdreentry\/?utm_source=Home&#038;utm_medium=Referral&#038;utm_campaign=211Resources&#038;utm_content=Reentry\"  target=\"_self\" itemprop=\"url\">\n\t\t\t\t<img decoding=\"async\" src=\"https:\/\/211md.org\/wp-content\/uploads\/bb-plugin\/cache\/2025_211_Icon-Sets_Reentry-square-8676fea38abd920a832f45642fe31cca-.png\" alt=\"Ic\u00f4ne de rentr\u00e9e\" height=\"417\" width=\"417\" title=\"2025_211_Ensembles d&#039;ic\u00f4nes_R\u00e9entr\u00e9e\" onerror=\"this.style.display='none'\" loading=\"lazy\" \/>\n\t\t\t\t<\/a>\n\t<\/figure>\n\t\t<h4><a href=\"\/fr\/ressources\/consommation-de-substances\/?utm_source=Home&#038;utm_medium=Referral&#038;utm_campaign=211Resources&#038;utm_content=Substance\" target=\"_self\">Consommation de substances<\/a><\/h4><figure itemscope itemtype=\"https:\/\/schema.org\/ImageObject\">\n\t\t\t\t<a href=\"\/fr\/ressources\/consommation-de-substances\/?utm_source=Home&#038;utm_medium=Referral&#038;utm_campaign=211Resources&#038;utm_content=Substance\"  target=\"_self\" itemprop=\"url\">\n\t\t\t\t<img decoding=\"async\" src=\"https:\/\/211md.org\/wp-content\/uploads\/bb-plugin\/cache\/2025_MdInfoNet_Icon-Sets_Substance-Abuse-square-9022fec9d18a64118ad685c101885b55-.png\" alt=\"\" onerror=\"this.style.display='none'\" loading=\"lazy\" \/>\n\t\t\t\t<\/a>\n\t<\/figure>\n\t\t<h4><a href=\"\/fr\/ressources\/anciens-combattants\/?utm_source=Home&#038;utm_medium=Referral&#038;utm_campaign=211Resources&#038;utm_content=Veterans\" target=\"_self\">anciens combattants<\/a><\/h4><figure itemscope itemtype=\"https:\/\/schema.org\/ImageObject\">\n\t\t\t\t<a href=\"\/fr\/ressources\/anciens-combattants\/?utm_source=Home&#038;utm_medium=Referral&#038;utm_campaign=211Resources&#038;utm_content=Veterans\"  target=\"_self\" itemprop=\"url\">\n\t\t\t\t<img decoding=\"async\" src=\"https:\/\/211md.org\/wp-content\/uploads\/bb-plugin\/cache\/2025_MdInfoNet_Icon-Sets_Rating-square-6e60d00cce4faa8e0a6d4ad7366aa733-.png\" alt=\"\" onerror=\"this.style.display='none'\" loading=\"lazy\" \/>\n\t\t\t\t<\/a>\n\t<\/figure>","protected":false},"excerpt":{"rendered":"<p>Titre de page par d\u00e9faut\u00a0: Des kits d\u2019urgence pour les victimes de violences conjugales quittant rapidement leur domicile \u00e0 l\u2019assistance juridique, un soutien gratuit et confidentiel est disponible. La violence conjugale n\u2019est jamais de votre faute. Acc\u00e9dez \u00e0 des lignes d\u2019assistance t\u00e9l\u00e9phonique, \u00e0 des ressources communautaires et \u00e0 des services d\u2019aide aux victimes d\u2019agressions sexuelles. Apprenez \u00e0 reconna\u00eetre les signes avant-coureurs et \u00e0 trouver des refuges d\u2019urgence\u2026<\/p>","protected":false},"author":8,"featured_media":2004,"parent":930,"menu_order":0,"comment_status":"closed","ping_status":"closed","template":"","meta":{"footnotes":""},"class_list":["post-922","page","type-page","status-publish","has-post-thumbnail","hentry"],"_links":{"self":[{"href":"https:\/\/211md.org\/fr\/wp-json\/wp\/v2\/pages\/922","targetHints":{"allow":["GET"]}}],"collection":[{"href":"https:\/\/211md.org\/fr\/wp-json\/wp\/v2\/pages"}],"about":[{"href":"https:\/\/211md.org\/fr\/wp-json\/wp\/v2\/types\/page"}],"author":[{"embeddable":true,"href":"https:\/\/211md.org\/fr\/wp-json\/wp\/v2\/users\/8"}],"replies":[{"embeddable":true,"href":"https:\/\/211md.org\/fr\/wp-json\/wp\/v2\/comments?post=922"}],"version-history":[{"count":8,"href":"https:\/\/211md.org\/fr\/wp-json\/wp\/v2\/pages\/922\/revisions"}],"predecessor-version":[{"id":33743,"href":"https:\/\/211md.org\/fr\/wp-json\/wp\/v2\/pages\/922\/revisions\/33743"}],"up":[{"embeddable":true,"href":"https:\/\/211md.org\/fr\/wp-json\/wp\/v2\/pages\/930"}],"wp:featuredmedia":[{"embeddable":true,"href":"https:\/\/211md.org\/fr\/wp-json\/wp\/v2\/media\/2004"}],"wp:attachment":[{"href":"https:\/\/211md.org\/fr\/wp-json\/wp\/v2\/media?parent=922"}],"curies":[{"name":"wp","href":"https:\/\/api.w.org\/{rel}","templated":true}]}}