{"id":924,"date":"2021-04-15T14:57:44","date_gmt":"2021-04-15T14:57:44","guid":{"rendered":"https:\/\/211md.org\/?page_id=924"},"modified":"2025-12-01T12:34:01","modified_gmt":"2025-12-01T17:34:01","slug":"recherche-demploi","status":"publish","type":"page","link":"https:\/\/211md.org\/fr\/resources\/employment-search\/","title":{"rendered":"Aide gratuite \u00e0 la carri\u00e8re et \u00e0 l&#039;emploi dans le Maryland"},"content":{"rendered":"<img decoding=\"async\" src=\"https:\/\/stg-maryland211-staging.kinsta.cloud\/wp-content\/uploads\/2025\/08\/5-1-scaled.png\" alt=\"5\" itemprop=\"image\" height=\"692\" width=\"2560\" title=\"5\" onerror=\"this.style.display='none'\" loading=\"lazy\" \/>\n\t\t<h1><a href=\"#start\" target=\"_self\">En-t\u00eate de page par d\u00e9faut<\/a><\/h1><p>Les demandeurs d&#039;emploi du Maryland peuvent obtenir une aide gratuite en mati\u00e8re d&#039;emploi et de formation professionnelle aupr\u00e8s de deux organisations\u00a0:<\/p>\n<ul>\n<li>Centres d&#039;emploi am\u00e9ricains \u2013 emplacements physiques<\/li>\n<li>Maryland Workforce Exchange (MWE) \u2013 en ligne uniquement<\/li>\n<\/ul>\n<p>Renseignez-vous sur la mani\u00e8re dont chaque programme gratuit d\u2019aide \u00e0 l\u2019emploi peut vous aider, puis connectez-vous.<\/p>\n\t\t\t<a href=\"#start\" target=\"_self\">\n\t\t\t\t\t\tCommencer\n\t\t\t\t\t<\/a>\n\t\t\t\t<img decoding=\"async\" src=\"https:\/\/211md.org\/wp-content\/plugins\/bb-plugin\/img\/pixel.png\" alt=\"\" itemprop=\"image\" onerror=\"this.style.display='none'\" loading=\"lazy\" \/>\n\t\t\t\t<img decoding=\"async\" src=\"https:\/\/stg-maryland211-staging.kinsta.cloud\/wp-content\/uploads\/2025\/08\/16.png\" alt=\"16\" itemprop=\"image\" height=\"1000\" width=\"1000\" title=\"16\" onerror=\"this.style.display='none'\" loading=\"lazy\" \/>\n\t\t\t\t<img decoding=\"async\" src=\"https:\/\/211md.org\/wp-content\/uploads\/2021\/04\/man-stocking-warehouse_249164311.jpg\" alt=\"Bo\u00eetes d&#039;estampage des employ\u00e9s de la quincaillerie\" itemprop=\"image\" height=\"400\" width=\"600\" title=\"homme stockant entrep\u00f4t_249164311\" onerror=\"this.style.display='none'\" loading=\"lazy\" \/>\n\t\t<h3>Centres d&#039;emploi am\u00e9ricains<\/h3>\n\t\t<p>Les demandeurs d&#039;emploi peuvent b\u00e9n\u00e9ficier d&#039;une aide \u00e0 la recherche d&#039;emploi aupr\u00e8s des centres d&#039;emploi am\u00e9ricains. Il existe des dizaines de centres dans tout le Maryland.<\/p>\n<p>Vous pouvez obtenir de l&#039;aide pour\u00a0:<\/p>\n<ul>\n<li>l&#039;orientation professionnelle<\/li>\n<li>pr\u00e9paration \u00e0 l&#039;emploi<\/li>\n<li>pistes d&#039;emploi<\/li>\n<li>cr\u00e9ation de CV<\/li>\n<li>lettres de motivation<\/li>\n<li>prise en charge du r\u00e9seautage<\/li>\n<\/ul>\n<p>Vous pouvez acc\u00e9der \u00e0 des ordinateurs, des imprimantes, des photocopieurs, des t\u00e9l\u00e9copieurs, des t\u00e9l\u00e9phones et \u00e0 Internet pour am\u00e9liorer votre recherche d&#039;emploi.<\/p>\n<p>En plus d&#039;aider les personnes \u00e0 la recherche d&#039;un emploi, les centres peuvent \u00e9galement aider les entreprises.<\/p>\n\t\t\t<a href=\"https:\/\/search.211md.org\/search?query=American+Job+Center&#038;query_label=American+Job+Center&#038;query_type=text\" target=\"_blank\" rel=\"noopener\">\n\t\t\t\t\t\t\tTrouver un centre d&#039;emploi\n\t\t\t<\/a>\n\t<h3>\u00c9change de main-d&#039;\u0153uvre du Maryland<\/h3>\n<p>Si vous recevez <a href=\"https:\/\/211md.org\/fr\/ressources\/recherche-demploi\/prestations-de-chomage-2\/\">prestations d&#039;assurance-ch\u00f4mage<\/a>, vous connaissez peut-\u00eatre \u00e9galement Maryland Workforce Exchange (MWE) car il peut y avoir des exigences pour effectuer des \u00e9tapes MWE chaque semaine pour recevoir une assurance ch\u00f4mage.<\/p>\n<p>Malgr\u00e9 le lien avec les allocations de ch\u00f4mage, les personnes peuvent utiliser les services du MWE m\u00eame si elles ne re\u00e7oivent pas d&#039;allocations.<\/p>\n<p>MWE permet aux demandeurs d&#039;emploi de :<\/p>\n<ul>\n<li>recherche d&#039;emplois \u2013 base de donn\u00e9es centrale pour les offres d&#039;emploi MD<\/li>\n<li>cr\u00e9er un CV<\/li>\n<li>obtenir une \u00e9ducation et une formation<\/li>\n<\/ul>\n<p>Le portail libre-service dispose \u00e9galement d&#039;une application. Recherchez MWEJOBS dans l&#039;Apple iTunes Store ou Google Play.<\/p>\n\t\t\t<a href=\"https:\/\/mwejobs.maryland.gov\/vosnet\/Default.aspx\" target=\"_blank\" rel=\"noopener\">\n\t\t\t\t\t\tAcc\u00e9der \u00e0 Maryland Workforce Exchange\n\t\t\t\t\t<\/a>\n\t\t\t\t<img decoding=\"async\" src=\"https:\/\/stg-maryland211-staging.kinsta.cloud\/wp-content\/uploads\/2025\/08\/2025_MdInfoNet_Icon-Sets-white_Locate.png\" alt=\"\" itemprop=\"image\" onerror=\"this.style.display='none'\" loading=\"lazy\" \/>\n<h2>Recherches d&#039;emploi populaires<\/h2><p>Trouvez un programme de formation \u00e0 l\u2019emploi pr\u00e8s de chez vous, en utilisant ces recherches d\u2019emploi populaires.<\/p>\n\t\t\t<a href=\"https:\/\/search.211md.org\/search?query=ND-2000.6500-360&#038;query_type=taxonomy&#038;query_label=\" target=\"_blank\" rel=\"noopener\">\n\t\t\t\t\t\t\tPr\u00e9paration \u00e0 l&#039;emploi\n\t\t\t\t\t<\/a>\n\t\t\t<a href=\"https:\/\/search.211md.org\/search?query=Job%20Search%20Placement&#038;query_type=text\" target=\"_blank\" rel=\"noopener\">\n\t\t\t\t\t\t\tRecherche d&#039;emploi et placement\n\t\t\t\t\t<\/a>\n\t\t\t<a href=\"https:\/\/search.211md.org\/search?query=ND-2000.3500&#038;query_type=taxonomy&#038;query_label=\" target=\"_blank\" rel=\"noopener\">\n\t\t\t\t\t\t\tFormation professionnelle\n\t\t\t\t\t<\/a>\n\t\t\t<a href=\"https:\/\/search.211md.org\/search?query=Career%20Counseling&#038;query_type=text\" target=\"_blank\" rel=\"noopener\">\n\t\t\t\t\t\t\tL&#039;orientation professionnelle\n\t\t\t\t\t<\/a>\n\t\t\t<a href=\"https:\/\/search.211md.org\/search?query=Computer%20Training&#038;query_type=text\" target=\"_blank\" rel=\"noopener\">\n\t\t\t\t\t\t\tFormation informatique\n\t\t\t\t\t<\/a>\n\t\t\t<a href=\"https:\/\/search.211md.org\/search?query=Vocational%20Assessment&#038;query_type=text\" target=\"_blank\" rel=\"noopener\">\n\t\t\t\t\t\t\t\u00c9valuation professionnelle\n\t\t\t\t\t<\/a>\n\t\t\t\t<img decoding=\"async\" src=\"https:\/\/211md.org\/wp-content\/uploads\/2021\/05\/Test-scaled.jpg\" alt=\"Feuille de test scantron et crayon\" itemprop=\"image\" height=\"1591\" width=\"2560\" title=\"Multiple,Choix,Ged,Test,Texte,,Avec,Crayon\" onerror=\"this.style.display='none'\" loading=\"lazy\" \/>\n\t<h3><b>\u00c9ducation des adultes et soutien GED\u00ae<\/b><\/h3>\n<p>Si vous n\u2019avez pas de dipl\u00f4me d\u2019\u00e9tudes secondaires et que vous souhaitez en obtenir un, plusieurs organisations locales peuvent vous aider \u00e0 pr\u00e9parer les tests par le biais de programmes d\u2019\u00e9ducation des adultes et d\u2019alphab\u00e9tisation.<\/p>\n<ul>\n<li aria-level=\"1\"><a href=\"https:\/\/search.211md.org\/search?query=GED%20Instruction&amp;query_type=text\" target=\"_blank\" rel=\"noopener\">Instruction GED\u00ae<\/a><\/li>\n<li aria-level=\"1\"><a href=\"https:\/\/search.211md.org\/search?query=HH-0500.8000-150&amp;query_type=taxonomy&amp;query_label=\" target=\"_blank\" rel=\"noopener\">Anglais en seconde langue<\/a><\/li>\n<li aria-level=\"1\"><a href=\"https:\/\/search.211md.org\/search?query=HH-4500&amp;query_type=taxonomy&amp;query_label=\" target=\"_blank\" rel=\"noopener\">Programmes d&#039;alphab\u00e9tisation<\/a><\/li>\n<\/ul>\n<p>Pour les tests,\u00a0<a href=\"https:\/\/ged.com\/policies\/maryland\/\" target=\"_blank\" rel=\"noopener\">Service de test GED\u00ae<\/a> est le seul fournisseur autoris\u00e9 dans le Maryland.<\/p>\n\t<h2>Continuer \u00e0 lire<\/h2>\n<p>Le 211 propose \u00e9galement des guides pour les anciens combattants \u00e0 la recherche d\u2019un emploi, les immigrants et les personnes incarc\u00e9r\u00e9es ou anciennement incarc\u00e9r\u00e9es qui r\u00e9int\u00e8grent le march\u00e9 du travail.<\/p>\n\t\t\t\t<img decoding=\"async\" src=\"https:\/\/211md.org\/wp-content\/plugins\/bb-plugin\/img\/pixel.png\" alt=\"\" itemprop=\"image\" onerror=\"this.style.display='none'\" loading=\"lazy\" \/>\n\t\t\t\t<img decoding=\"async\" src=\"https:\/\/211md.org\/wp-content\/uploads\/bb-plugin\/cache\/Call-center-specialst-circle-4e9ecd7b3425be4576416abc911049bb-.jpg\" alt=\"Sp\u00e9cialiste des centres d&#039;appels\" itemprop=\"image\" title=\"Sp\u00e9cialiste des centres d&#039;appels\" onerror=\"this.style.display='none'\" loading=\"lazy\" \/>\n<h2>Composez le 211<\/h2><p>Parlez \u00e0 une personne attentionn\u00e9e et compatissante 24h\/24 et 7j\/7. Elle peut \u00e9galement vous orienter vers des ressources.\u00a0<\/p>\n\t\t\t<a href=\"tel:%20+211\" target=\"_blank\" rel=\"noopener\">\n\t\t\t\t\t\tComposez le 211 (mobile)\n\t\t\t\t\t<\/a>\n\t<h2>Prestations de ch\u00f4mage<\/h2>\n<p>Ces prestations remplacent une partie du revenu d\u2019un employ\u00e9 pendant une dur\u00e9e limit\u00e9e pour les personnes admissibles qui ont perdu leur emploi, sans faute de leur part.<\/p>\n<p><a href=\"\/fr\/ressources\/recherche-demploi\/prestations-de-chomage-2\/\" rel=\"noopener\">D\u00e9couvrez les \u00e9tapes de d\u00e9p\u00f4t d&#039;une r\u00e9clamation<\/a> et la certification hebdomadaire des demandes d&#039;allocations ch\u00f4mage pour maintenir actives.<\/p>\n<h3>Assurance maladie pendant la recherche d&#039;emploi<\/h3>\n<p>Si les soins de sant\u00e9 sont perdus avec l\u2019emploi, les personnes peuvent \u00eatre admissibles \u00e0 :<\/p>\n<ul>\n<li>Aide m\u00e9dicale<\/li>\n<li>COBRA par l&#039;interm\u00e9diaire de leur ancien employeur<\/li>\n<li>Assurance par <a href=\"https:\/\/www.marylandhealthconnection.gov\/lost-your-job-you-can-get-health-coverage\/\" target=\"_blank\" rel=\"noopener\">Connexion sant\u00e9 du Maryland<\/a><\/li>\n<\/ul>\n<p>En r\u00e8gle g\u00e9n\u00e9rale, ces prestations sont disponibles dans les 60 jours suivant la perte d\u2019emploi.<\/p>\n<h3><b>L&#039;indemnisation des travailleurs\u00a0<\/b><\/h3>\n<p>Cette couverture prend en charge les soins m\u00e9dicaux si la demande d&#039;indemnisation des accidents du travail est accept\u00e9e. Le travailleur peut \u00e9galement recevoir une indemnisation pour compenser partiellement la perte de salaire.<\/p>\n<p>L\u2019assurance contre les accidents du travail ne couvre pas toutes les blessures.<\/p>\n<p>Elle couvre g\u00e9n\u00e9ralement les blessures caus\u00e9es par un<\/p>\n<blockquote><p>\u00ab dommages corporels accidentels survenant du fait et au cours du travail. \u00bb<\/p><\/blockquote>\n<p>Les employ\u00e9s doivent signaler l\u2019accident et la blessure \u00e0 leur employeur. <a href=\"https:\/\/www.wcc.state.md.us\/Gen_Info\/Claim_Instr.html\" target=\"_blank\" rel=\"noopener\">Obtenez un formulaire de demande d&#039;indemnisation des accidents du travail pour les employ\u00e9s<\/a>\u00a0ou alors\u00a0<a href=\"https:\/\/www.wcc.state.md.us\/WFMS\/C1_WebForms.html\" target=\"_blank\" rel=\"noopener\">d\u00e9poser le formulaire C-1 en ligne<\/a>.<\/p>\n<p><a href=\"https:\/\/www.wcc.state.md.us\/Gen_Info\/WCC_Benefits.html#filing_a_claim\" target=\"_blank\" rel=\"noopener\">Apprendre encore plus<\/a> sur les types de r\u00e9clamations que vous pouvez d\u00e9poser, le processus et comment contacter la Commission d&#039;indemnisation des accidents du travail du Maryland.<\/p>\n<p>Vous pouvez \u00e9galement obtenir des r\u00e9ponses \u00e0\u00a0<a href=\"https:\/\/www.wcc.state.md.us\/Gen_Info\/WCC_FAQ.html\" target=\"_blank\" rel=\"noopener\">Questions fr\u00e9quemment pos\u00e9es<\/a>\u00a0(FAQ).<\/p>\n<p>&nbsp;<\/p>\n<h2>\n\t\t\tContinuer \u00e0 lire\t<\/h2>\n\t\t<h4><a href=\"\/fr\/ressources\/vieillissement-handicap\/?utm_source=Home&#038;utm_medium=Referral&#038;utm_campaign=211Resources&#038;utm_content=Aging\" target=\"_self\">Vieillissement &amp; Handicap<\/a><\/h4>\n\t\t\t\t<a href=\"\/fr\/ressources\/vieillissement-handicap\/?utm_source=Home&#038;utm_medium=Referral&#038;utm_campaign=211Resources&#038;utm_content=Aging\"  target=\"_self\" itemprop=\"url\">\n\t\t\t\t<img decoding=\"async\" src=\"https:\/\/211md.org\/wp-content\/uploads\/bb-plugin\/cache\/2025_MdInfoNet_Icon-Sets_Aging-disability-square-c466727102cae71e5f27b8539bb51945-.png\" alt=\"\" itemprop=\"image\" onerror=\"this.style.display='none'\" loading=\"lazy\" \/>\n\t\t\t\t<\/a>\n\t\t<h4><a href=\"\/fr\/ressources\/enfants-familles\/?utm_source=Home&#038;utm_medium=Referral&#038;utm_campaign=211Resources&#038;utm_content=Children\" target=\"_self\">Enfants et familles<\/a><\/h4>\n\t\t\t\t<a href=\"\/fr\/ressources\/enfants-familles\/?utm_source=Home&#038;utm_medium=Referral&#038;utm_campaign=211Resources&#038;utm_content=Children\"  target=\"_self\" itemprop=\"url\">\n\t\t\t\t<img decoding=\"async\" src=\"https:\/\/211md.org\/wp-content\/uploads\/bb-plugin\/cache\/2025_211_Icon-Sets_Child-care-square-f3b0d4edab3dcc467fadb5f55f4064c6-.png\" alt=\"parent and child icon for child care\" itemprop=\"image\" height=\"417\" width=\"417\" title=\"2025_211_Ensembles d&#039;ic\u00f4nes_Garde d&#039;enfants\" onerror=\"this.style.display='none'\" loading=\"lazy\" \/>\n\t\t\t\t<\/a>\n\t\t<h4><a href=\"\/fr\/ressources\/violence-familiale-domestique\/?utm_source=Home&#038;utm_medium=Referral&#038;utm_campaign=211Resources&#038;utm_content=Domestic\" target=\"_self\">Violence Domestique<\/a><\/h4>\n\t\t\t\t<a href=\"\/fr\/ressources\/violence-familiale-domestique\/?utm_source=Home&#038;utm_medium=Referral&#038;utm_campaign=211Resources&#038;utm_content=Domestic\"  target=\"_self\" itemprop=\"url\">\n\t\t\t\t<img decoding=\"async\" src=\"https:\/\/211md.org\/wp-content\/uploads\/bb-plugin\/cache\/2025_211_Icon-Sets_Domestic-Violence-square-7b597694a6f05fe90cdc376aa573bc63-.png\" alt=\"Ic\u00f4ne de violence domestique\" itemprop=\"image\" height=\"417\" width=\"417\" title=\"2025_211_Ensembles d&#039;ic\u00f4nes_Violence domestique\" onerror=\"this.style.display='none'\" loading=\"lazy\" \/>\n\t\t\t\t<\/a>\n\t\t<h4><a href=\"\/fr\/ressources\/recherche-demploi\/?utm_source=Home&#038;utm_medium=Referral&#038;utm_campaign=211Resources&#038;utm_content=Employment\" target=\"_self\">Emploi<\/a><\/h4>\n\t\t\t\t<a href=\"\/fr\/ressources\/recherche-demploi\/?utm_source=Home&#038;utm_medium=Referral&#038;utm_campaign=211Resources&#038;utm_content=Employment\"  target=\"_self\" itemprop=\"url\">\n\t\t\t\t<img decoding=\"async\" src=\"https:\/\/211md.org\/wp-content\/uploads\/bb-plugin\/cache\/2025_MdInfoNet_Icon-Sets_Employment-square-44707bd410e4df10a470bf130ebcea86-.png\" alt=\"\" itemprop=\"image\" onerror=\"this.style.display='none'\" loading=\"lazy\" \/>\n\t\t\t\t<\/a>\n\t\t<h4><a href=\"\/fr\/ressources\/soins-de-sante\/?utm_source=Home&#038;utm_medium=Referral&#038;utm_campaign=211Resources&#038;utm_content=Health%20Care\" target=\"_self\">Soins de sant\u00e9<\/a><\/h4>\n\t\t\t\t<a href=\"\/fr\/ressources\/soins-de-sante\/?utm_source=Home&#038;utm_medium=Referral&#038;utm_campaign=211Resources&#038;utm_content=Health%20Care\"  target=\"_self\" itemprop=\"url\">\n\t\t\t\t<img decoding=\"async\" src=\"https:\/\/211md.org\/wp-content\/uploads\/bb-plugin\/cache\/2025_MdInfoNet_Icon-Sets_Health-Care-square-dee98a0060cbe0e7f27eda253fc12679-.png\" alt=\"\" itemprop=\"image\" onerror=\"this.style.display='none'\" loading=\"lazy\" \/>\n\t\t\t\t<\/a>\n\t\t<h4><a href=\"\/fr\/ressources\/enfants-familles\/parente\/?utm_source=Home&#038;utm_medium=Referral&#038;utm_campaign=211Resources&#038;utm_content=Kinship\" target=\"_self\">Parent\u00e9<\/a><\/h4>\n\t\t\t\t<a href=\"\/fr\/ressources\/enfants-familles\/parente\/?utm_source=Home&#038;utm_medium=Referral&#038;utm_campaign=211Resources&#038;utm_content=Kinship\"  target=\"_self\" itemprop=\"url\">\n\t\t\t\t<img decoding=\"async\" src=\"https:\/\/211md.org\/wp-content\/uploads\/bb-plugin\/cache\/2025_211_Icon-Sets_Kinship-square-45bdf872866f5735f842c32071109267-.png\" alt=\"Ic\u00f4ne de parent\u00e9\" itemprop=\"image\" height=\"417\" width=\"417\" title=\"2025_211_Ensembles d&#039;ic\u00f4nes_Parent\u00e9\" onerror=\"this.style.display='none'\" loading=\"lazy\" \/>\n\t\t\t\t<\/a>\n\t\t<h4><a href=\"\/fr\/ressources\/services-juridiques\/?utm_source=Home&#038;utm_medium=Referral&#038;utm_campaign=211Resources&#038;utm_content=Legal\" target=\"_self\">Services juridiques<\/a><\/h4>\n\t\t\t\t<a href=\"\/fr\/ressources\/services-juridiques\/?utm_source=Home&#038;utm_medium=Referral&#038;utm_campaign=211Resources&#038;utm_content=Legal\"  target=\"_self\" itemprop=\"url\">\n\t\t\t\t<img decoding=\"async\" src=\"https:\/\/211md.org\/wp-content\/uploads\/bb-plugin\/cache\/2025_MdInfoNet_Icon-Sets_Legal-square-18fdf438feb8435588174d9046463257-.png\" alt=\"\" itemprop=\"image\" onerror=\"this.style.display='none'\" loading=\"lazy\" \/>\n\t\t\t\t<\/a>\n\t\t<h4><a href=\"\/fr\/ressources\/sante-mentale\/?utm_source=Home&#038;utm_medium=Referral&#038;utm_campaign=211Resources&#038;utm_content=Mental\" target=\"_self\">Sant\u00e9 mentale<\/a><\/h4>\n\t\t\t\t<a href=\"\/fr\/ressources\/sante-mentale\/?utm_source=Home&#038;utm_medium=Referral&#038;utm_campaign=211Resources&#038;utm_content=Mental\"  target=\"_self\" itemprop=\"url\">\n\t\t\t\t<img decoding=\"async\" src=\"https:\/\/211md.org\/wp-content\/uploads\/bb-plugin\/cache\/2025_MdInfoNet_Icon-Sets_Mental-Health-square-c59b38c4a993a947d4c9280fbe2d2fee-.png\" alt=\"\" itemprop=\"image\" onerror=\"this.style.display='none'\" loading=\"lazy\" \/>\n\t\t\t\t<\/a>\n\t\t<h4><a href=\"\/fr\/ressources\/mdreentry\/?utm_source=Home&#038;utm_medium=Referral&#038;utm_campaign=211Resources&#038;utm_content=Reentry\" target=\"_self\">Rentr\u00e9e<\/a><\/h4>\n\t\t\t\t<a href=\"\/fr\/ressources\/mdreentry\/?utm_source=Home&#038;utm_medium=Referral&#038;utm_campaign=211Resources&#038;utm_content=Reentry\"  target=\"_self\" itemprop=\"url\">\n\t\t\t\t<img decoding=\"async\" src=\"https:\/\/211md.org\/wp-content\/uploads\/bb-plugin\/cache\/2025_211_Icon-Sets_Reentry-square-8676fea38abd920a832f45642fe31cca-.png\" alt=\"Ic\u00f4ne de rentr\u00e9e\" itemprop=\"image\" height=\"417\" width=\"417\" title=\"2025_211_Ensembles d&#039;ic\u00f4nes_R\u00e9entr\u00e9e\" onerror=\"this.style.display='none'\" loading=\"lazy\" \/>\n\t\t\t\t<\/a>\n\t\t<h4><a href=\"\/fr\/ressources\/consommation-de-substances\/?utm_source=Home&#038;utm_medium=Referral&#038;utm_campaign=211Resources&#038;utm_content=Substance\" target=\"_self\">Consommation de substances<\/a><\/h4>\n\t\t\t\t<a href=\"\/fr\/ressources\/consommation-de-substances\/?utm_source=Home&#038;utm_medium=Referral&#038;utm_campaign=211Resources&#038;utm_content=Substance\"  target=\"_self\" itemprop=\"url\">\n\t\t\t\t<img decoding=\"async\" src=\"https:\/\/211md.org\/wp-content\/uploads\/bb-plugin\/cache\/2025_MdInfoNet_Icon-Sets_Substance-Abuse-square-9022fec9d18a64118ad685c101885b55-.png\" alt=\"\" itemprop=\"image\" onerror=\"this.style.display='none'\" loading=\"lazy\" \/>\n\t\t\t\t<\/a>\n\t\t<h4><a href=\"\/fr\/ressources\/anciens-combattants\/?utm_source=Home&#038;utm_medium=Referral&#038;utm_campaign=211Resources&#038;utm_content=Veterans\" target=\"_self\">anciens combattants<\/a><\/h4>\n\t\t\t\t<a href=\"\/fr\/ressources\/anciens-combattants\/?utm_source=Home&#038;utm_medium=Referral&#038;utm_campaign=211Resources&#038;utm_content=Veterans\"  target=\"_self\" itemprop=\"url\">\n\t\t\t\t<img decoding=\"async\" src=\"https:\/\/211md.org\/wp-content\/uploads\/bb-plugin\/cache\/2025_MdInfoNet_Icon-Sets_Rating-square-6e60d00cce4faa8e0a6d4ad7366aa733-.png\" alt=\"\" itemprop=\"image\" onerror=\"this.style.display='none'\" loading=\"lazy\" \/>\n\t\t\t\t<\/a>","protected":false},"excerpt":{"rendered":"<p>Titre de page par d\u00e9faut\u00a0: Les demandeurs d\u2019emploi du Maryland peuvent b\u00e9n\u00e9ficier d\u2019une aide gratuite pour l\u2019emploi et la formation professionnelle aupr\u00e8s de deux organismes\u00a0: American Job Centers (emplacements physiques) Maryland Workforce Exchange (MWE) (en ligne uniquement). D\u00e9couvrez comment chaque programme gratuit d\u2019aide \u00e0 l\u2019emploi peut vous aider et contactez-nous. D\u00e9marrer\u00a0? American Job Centers. Les demandeurs d\u2019emploi peuvent recevoir\u2026<\/p>","protected":false},"author":8,"featured_media":1817,"parent":930,"menu_order":0,"comment_status":"closed","ping_status":"closed","template":"","meta":{"footnotes":""},"class_list":["post-924","page","type-page","status-publish","has-post-thumbnail","hentry"],"_links":{"self":[{"href":"https:\/\/211md.org\/fr\/wp-json\/wp\/v2\/pages\/924","targetHints":{"allow":["GET"]}}],"collection":[{"href":"https:\/\/211md.org\/fr\/wp-json\/wp\/v2\/pages"}],"about":[{"href":"https:\/\/211md.org\/fr\/wp-json\/wp\/v2\/types\/page"}],"author":[{"embeddable":true,"href":"https:\/\/211md.org\/fr\/wp-json\/wp\/v2\/users\/8"}],"replies":[{"embeddable":true,"href":"https:\/\/211md.org\/fr\/wp-json\/wp\/v2\/comments?post=924"}],"version-history":[{"count":9,"href":"https:\/\/211md.org\/fr\/wp-json\/wp\/v2\/pages\/924\/revisions"}],"predecessor-version":[{"id":34146,"href":"https:\/\/211md.org\/fr\/wp-json\/wp\/v2\/pages\/924\/revisions\/34146"}],"up":[{"embeddable":true,"href":"https:\/\/211md.org\/fr\/wp-json\/wp\/v2\/pages\/930"}],"wp:featuredmedia":[{"embeddable":true,"href":"https:\/\/211md.org\/fr\/wp-json\/wp\/v2\/media\/1817"}],"wp:attachment":[{"href":"https:\/\/211md.org\/fr\/wp-json\/wp\/v2\/media?parent=924"}],"curies":[{"name":"wp","href":"https:\/\/api.w.org\/{rel}","templated":true}]}}