{"id":926,"date":"2021-04-15T16:08:30","date_gmt":"2021-04-15T16:08:30","guid":{"rendered":"https:\/\/211md.org\/?page_id=926"},"modified":"2026-02-03T17:01:53","modified_gmt":"2026-02-03T22:01:53","slug":"logement-refuge","status":"publish","type":"page","link":"https:\/\/211md.org\/fr\/resources\/housing-shelter\/","title":{"rendered":"Trouvez un refuge d&#039;urgence, un soutien aux sans-abri et obtenez de l&#039;aide au logement"},"content":{"rendered":"<figure data-animation-delay=\"0\" data-animation-duration=\"1\" itemscope itemtype=\"https:\/\/schema.org\/ImageObject\">\n\t\t\t\t<img decoding=\"async\" src=\"https:\/\/stg-maryland211-staging.kinsta.cloud\/wp-content\/uploads\/2025\/08\/5-1-scaled.png\" alt=\"5\" height=\"692\" width=\"2560\" title=\"5\" onerror=\"this.style.display='none'\" loading=\"lazy\" \/>\n\t<\/figure>\n\t\t<p>There are many housing programs in Maryland communities that reduce the cost of rent, cover security deposits, prevent eviction, and provide emergency shelter.\u00a0<\/p>\n<p>Search the 211 Community Resource Database for low-income housing programs, which offer housing vouchers to eligible families, covering a portion of the rent each month. Local housing agencies run these programs. <\/p>\n<p>Or keep reading for other housing needs, including homelessness.<\/p>\n\t\t\t<a href=\"https:\/\/search.211md.org\/search?query=BH-7000.4600&#038;query_type=taxonomy&#038;query_label=&#038;utm_source=Housing%20&#038;utm_medium=Referral&#038;utm_campaign=AffordableSubsidized&#038;utm_content=&#038;utm_source=211&#038;utm_medium=Referral&#038;utm_campaign=Housing&#038;utm_content=subsidized\"  target=\"_blank\" rel=\"noopener\">\n\t\t\t\t\t\tSearch for subsidized housing\n\t\t\t\t\t<\/a>\n<figure data-animation-delay=\"0\" data-animation-duration=\"1\" itemscope itemtype=\"https:\/\/schema.org\/ImageObject\">\n\t\t\t\t<a href=\"https:\/\/search.211md.org\/search?query=BH-7000.4600&#038;query_type=taxonomy&#038;query_label=&#038;utm_source=Housing%20&#038;utm_medium=Referral&#038;utm_campaign=AffordableSubsidized&#038;utm_content=&#038;utm_source=211&#038;utm_medium=Referral&#038;utm_campaign=Housing&#038;utm_content=subsidized\"  target=\"_blank\" rel=\"noopener\"  itemprop=\"url\">\n\t\t\t\t<img decoding=\"async\" src=\"https:\/\/211md.org\/wp-content\/plugins\/bb-plugin\/img\/pixel.png\" alt=\"\" onerror=\"this.style.display='none'\" loading=\"lazy\" \/>\n\t\t\t\t<\/a>\n\t<\/figure>\n<figure data-animation-delay=\"0\" data-animation-duration=\"1.3\" itemscope itemtype=\"https:\/\/schema.org\/ImageObject\">\n\t\t\t\t<img decoding=\"async\" src=\"https:\/\/stg-maryland211-staging.kinsta.cloud\/wp-content\/uploads\/2025\/08\/16.png\" alt=\"16\" height=\"1000\" width=\"1000\" title=\"16\" onerror=\"this.style.display='none'\" loading=\"lazy\" \/>\n\t<\/figure>\n<figure data-animation-delay=\"0\" data-animation-duration=\"1\" itemscope itemtype=\"https:\/\/schema.org\/ImageObject\">\n\t\t\t\t<img decoding=\"async\" src=\"http:\/\/211md.org\/wp-content\/uploads\/2025\/09\/Homeless-Shelter-Beds.jpg\" alt=\"man lying on bed at homeless shelter\" title=\"Lits d&#039;h\u00e9bergement pour sans-abri\" onerror=\"this.style.display='none'\" loading=\"lazy\" \/>\n\t<\/figure>\n\t<h2>Find A Homeless Shelter<\/h2>\n<p>If you or someone you know is experiencing homelessness or you have nowhere to go, a homeless shelter can provide a place to sleep. Motel vouchers are also an option, if needed.<\/p>\n<p>Support services may also be available to help you obtain other benefits at the shelter.<\/p>\n<p>The Coordinated Entry Programs below streamline the process for those needing homeless services, ensuring there is no wrong door to access help.<\/p>\n<p>Ces recherches courantes dans la base de donn\u00e9es des ressources communautaires 211 vous aideront \u00e0 vous connecter aux ressources locales.<\/p>\n\t\t\t<a href=\"https:\/\/search.211md.org\/search?query=BH-1800.3500&#038;query_type=taxonomy&#038;query_label=&#038;utm_source=211&#038;utm_medium=Referral&#038;utm_campaign=Housing&#038;utm_content=Drop%20In\"  target=\"_blank\" rel=\"noopener\">\n\t\t\t\t\t\tCentres d&#039;accueil pour sans-abri\n\t\t\t\t\t<\/a>\n\t\t\t<a href=\"https:\/\/search.211md.org\/search?query=BH-1800.5000&#038;query_label=Homeless+Motel+Vouchers&#038;query_type=taxonomy&#038;utm_source=211&#038;utm_medium=Referral&#038;utm_campaign=Housing&#038;utm_content=Motel%20Vouchers\"  target=\"_blank\" rel=\"noopener\">\n\t\t\t\t\t\tBons de motel sans-abri\n\t\t\t\t\t<\/a>\n\t\t\t<a href=\"https:\/\/search.211md.org\/search?query=BH-0500.3200-310&#038;query_type=taxonomy&#038;query_label=&#038;utm_source=211&#038;utm_medium=Referral&#038;utm_campaign=Housing&#038;utm_content=Coordinated%20Entry\"  target=\"_blank\" rel=\"noopener\">\n\t\t\t\t\t\tAgence d&#039;entr\u00e9e coordonn\u00e9e pour les sans-abri\n\t\t\t\t\t<\/a>\n\t\t\t<a href=\"https:\/\/search.211md.org\/search?query=YV-3000&#038;query_label=Homeless+People&#038;query_type=taxonomy&#038;utm_source=211&#038;utm_medium=Referral&#038;utm_campaign=Housing&#038;utm_content=Homeless%20Resources\"  target=\"_blank\" rel=\"noopener\">\n\t\t\t\t\t\tRessources pour les sans-abri \n\t\t\t\t\t<\/a>\n\t\t\t<a href=\"https:\/\/search.211md.org\/search?query=BH-8600&#038;query_type=taxonomy&#038;query_label=&#038;utm_source=211&#038;utm_medium=Referral&#038;utm_campaign=Housing&#038;utm_content=Transitional\"  target=\"_blank\" rel=\"noopener\">\n\t\t\t\t\t\tLogement\/refuge de transition\n\t\t\t\t\t<\/a>\n\t<h2>Abris d&#039;urgence<\/h2>\n<p>If you are experiencing domestic violence, a weather emergency like extreme heat or cold, or need an emergency shelter, connect with help by choosing the resource you need.<\/p>\n\t\t\t<a href=\"https:\/\/search.211md.org\/search?query=BH-1800.8500-150&#038;query_type=taxonomy&#038;query_label=&#038;utm_source=211&#038;utm_medium=Referral&#038;utm_campaign=Housing&#038;utm_content=Emergency%20Shelter\"  target=\"_blank\" rel=\"noopener\">\n\t\t\t\t\t\tAbris d&#039;urgence\n\t\t\t\t\t<\/a>\n\t\t\t<a href=\"https:\/\/search.211md.org\/search?query=BH-1800.1500-100&#038;query_type=taxonomy&#038;query_label=&#038;utm_source=211&#038;utm_medium=Referral&#038;utm_campaign=Housing&#038;utm_content=Domestic%20Shelter\"  target=\"_blank\" rel=\"noopener\">\n\t\t\t\t\t\tRefuges pour victimes de violence domestique\n\t\t\t\t\t<\/a>\n\t\t\t<a href=\"https:\/\/search.211md.org\/search?query=BH-1800.8500-185&#038;query_type=taxonomy&#038;query_label=&#038;utm_source=211&#038;utm_medium=Referral&#038;utm_campaign=Housing&#038;utm_content=Weather\"  target=\"_blank\" rel=\"noopener\">\n\t\t\t\t\t\tAbris contre les intemp\u00e9ries\n\t\t\t\t\t<\/a>\n\t\t<h2>Aide \u00e0 la location<\/h2>\n<p>Vous avez des difficult\u00e9s \u00e0 payer votre loyer ou besoin d&#039;une caution\u00a0? \u00c9vitez une expulsion gr\u00e2ce aux programmes locaux d&#039;aide au loyer.<\/p>\n<p>Recherchez dans la base de donn\u00e9es des ressources communautaires 211. Choisissez une option ci-dessous et, sur la page de r\u00e9sultats, saisissez un code postal.<\/p>\n\t\t\t<a href=\"https:\/\/search.211md.org\/search?query=BH-3800.7000&#038;query_type=taxonomy&#038;query_label=&#038;&#038;utm_source=211&#038;utm_medium=Referral&#038;utm_campaign=Housing&#038;utm_content=Rental%20Payment\"  target=\"_blank\" rel=\"noopener\">\n\t\t\t\t\t\tTrouver de l&#039;aide pour le paiement du loyer \n\t\t\t\t\t<\/a>\n\t\t\t<a href=\"https:\/\/search.211md.org\/search?query=BH-3800.8000&#038;query_type=taxonomy&#038;query_label=&#038;utm_source=211&#038;utm_medium=Referral&#038;utm_campaign=Housing&#038;utm_content=Security%20Deposit\"  target=\"_blank\" rel=\"noopener\">\n\t\t\t\t\t\tTrouver de l&#039;aide pour le d\u00e9p\u00f4t de garantie de location \n\t\t\t\t\t<\/a>\n\t<h3>Recherche de logement dans le Maryland<\/h3>\n<p>To find a specific property, get an understanding of the rent and its location, use <a href=\"https:\/\/www.mdhousingsearch.org\/index.html\" target=\"_blank\" rel=\"noopener\">Recherche de logement dans le Maryland<\/a>.<\/p>\n<figure data-animation-delay=\"0\" data-animation-duration=\"1\" itemscope itemtype=\"https:\/\/schema.org\/ImageObject\">\n\t\t\t\t<img decoding=\"async\" src=\"http:\/\/211md.org\/wp-content\/uploads\/2022\/05\/City-of-Baltimore-Maryland-skyline.jpg\" alt=\"Toits de Baltimore Maryland\" title=\"City-of-Baltimore,-Maryland-skyline\" onerror=\"this.style.display='none'\" loading=\"lazy\" \/>\n\t<\/figure>\n\t\t<h2>Navigateurs de logements dans la ville de Baltimore<\/h2>\n<p>\u00c0 Baltimore, vous pouvez \u00e9galement b\u00e9n\u00e9ficier de l&#039;aide d&#039;un conseiller en logement. Ses consultations sont gratuites.<\/p>\n<p>Le navigateur de logement peut vous aider \u00e0 comprendre une situation de logement et \u00e0 trouver des solutions.<\/p>\n<p>Ils identifieront les ressources \u00e0 court terme et cr\u00e9eront un plan de logement individualis\u00e9 qui comprend une stabilit\u00e9 du logement \u00e0 long terme.<\/p>\n<p>Les Navigators sont disponibles dans cinq succursales de la biblioth\u00e8que Pratt gr\u00e2ce \u00e0 un programme du Bureau du maire pour les services aux sans-abri (MOHS). Trouvez-en un \u00e0 proximit\u00e9.<\/p>\n\t\t\t<a href=\"https:\/\/homeless.baltimorecity.gov\/housing-navigators-community\" target=\"_blank\" rel=\"noopener\">\n\t\t\t\t\t\tTrouver un navigateur de logement\n\t\t\t\t\t<\/a>\n\t<p>Une aide suppl\u00e9mentaire est disponible \u00e0 Baltimore. Consultez le guide du 211 sur les programmes d&#039;assistance \u00e0 Baltimore pour trouver de l&#039;aide pour d&#039;autres besoins, comme la nourriture, les d\u00e9p\u00f4ts de garantie, l&#039;aide financi\u00e8re, etc.<\/p>\n\t\t\t<a href=\"\/fr\/ressources-par-comte\/baltimore-ville\/?utm_source=211&#038;utm_medium=Referral&#038;utm_campaign=Housing&#038;utm_content=BC\"  target=\"_self\">\n\t\t\t\t\t\tGuide des programmes 211 \u00e0 Baltimore\n\t\t\t\t\t<\/a>\n\t<h3><b>Assistance hypoth\u00e9caire et forclusion<\/b><\/h3>\n<p>Vous \u00eates en retard dans vos paiements hypoth\u00e9caires\u00a0? Des ressources communautaires sont disponibles pour sauver votre maison de la saisie.<\/p>\n<p>Une aide est \u00e9galement disponible si le propri\u00e9taire de la maison que vous louez est confront\u00e9 \u00e0 une saisie immobili\u00e8re.<\/p>\n<h3>Trouver des ressources communautaires<\/h3>\n\t\t\t<a href=\"https:\/\/search.211md.org\/search?query=BH-3800.6500&#038;query_type=taxonomy&#038;query_label=&#038;utm_source=Housing%20&#038;utm_medium=Referral&#038;utm_campaign=PropertyTax&#038;utm_content=\" target=\"_blank\" rel=\"noopener\">\n\t\t\t\t\t\tAide \u00e0 l&#039;imp\u00f4t foncier\n\t\t\t\t\t<\/a>\n\t\t\t<a href=\"https:\/\/search.211md.org\/search?query=BH-1800.5000&#038;query_label=Homeless+Motel+Vouchers&#038;query_type=taxonomy&#038;utm_source=211&#038;utm_medium=Referral&#038;utm_campaign=Housing&#038;utm_content=Homeless%20Motel\" target=\"_blank\" rel=\"noopener\">\n\t\t\t\t\t\tBons de motel sans-abri\n\t\t\t\t\t<\/a>\n\t\t\t<a href=\"https:\/\/search.211md.org\/search?query=DM-1800.8500&#038;query_type=taxonomy&#038;query_label=&#038;utm_source=211&#038;utm_medium=Referral&#038;utm_campaign=Housing&#038;utm_content=Tax%20Foreclosure\" target=\"_blank\" rel=\"noopener\">\n\t\t\t\t\t\tAide \u00e0 la saisie fiscale\n\t\t\t\t\t<\/a>\n\t<h3>Continuer \u00e0 apprendre<\/h3>\n<p>Le guide du 211 sur la proc\u00e9dure de saisie immobili\u00e8re pr\u00e9sente aux propri\u00e9taires les diff\u00e9rentes options qui s&#039;offrent \u00e0 eux, notamment les plans de remboursement, les modifications, etc. Il explique \u00e9galement comment un conseiller en logement peut vous aider et comment en contacter un rapidement.<\/p>\n\t\t\t<a href=\"\/fr\/ressources\/logement-refuge\/saisie-hypothecaire\/?utm_source=211&#038;utm_medium=Referral&#038;utm_campaign=Housing&#038;utm_content=Foreclosure\"  target=\"_self\">\n\t\t\t\t\t\tGuide de saisie immobili\u00e8re du 211\n\t\t\t\t\t<\/a>\n\t\t<figure itemscope itemtype=\"https:\/\/schema.org\/ImageObject\">\n\t\t\t\t<a href=\"https:\/\/search.211md.org\/\" target=\"_blank\" rel=\"noopener\" itemprop=\"url\">\n\t\t\t\t<img decoding=\"async\" src=\"https:\/\/stg-maryland211-staging.kinsta.cloud\/wp-content\/uploads\/2025\/08\/2025_MdInfoNet_Icon-Sets-white_Locate.png\" alt=\"\" onerror=\"this.style.display='none'\" loading=\"lazy\" \/>\n\t\t\t\t<\/a>\n\t<\/figure>\n<h2><a href=\"https:\/\/search.211md.org\/\" target=\"_blank\" rel=\"noopener\">Trouver des ressources en mati\u00e8re de logement<\/a><\/h2><p>There are over 700 housing resources, including shelters, subsidized housing, home maintenance programs, and more. Start searching now, by typing in your need into the 211 Community Resource Database.<\/p>\n\t\t\t<a href=\"https:\/\/search.211md.org\/\" target=\"_blank\" rel=\"noopener\">\n\t\t\t\t\t\t\tRechercher maintenant\n\t\t\t<\/a>\n<h2>\n\t\t\tInformations connexes\t<\/h2>\n\t\t<h4><a href=\"\/fr\/ressources\/vieillissement-handicap\/?utm_source=Home&#038;utm_medium=Referral&#038;utm_campaign=211Resources&#038;utm_content=Aging\" target=\"_self\">Vieillissement &amp; Handicap<\/a><\/h4><figure itemscope itemtype=\"https:\/\/schema.org\/ImageObject\">\n\t\t\t\t<a href=\"\/fr\/ressources\/vieillissement-handicap\/?utm_source=Home&#038;utm_medium=Referral&#038;utm_campaign=211Resources&#038;utm_content=Aging\"  target=\"_self\" itemprop=\"url\">\n\t\t\t\t<img decoding=\"async\" src=\"https:\/\/211md.org\/wp-content\/uploads\/bb-plugin\/cache\/2025_MdInfoNet_Icon-Sets_Aging-disability-square-c466727102cae71e5f27b8539bb51945-.png\" alt=\"\" onerror=\"this.style.display='none'\" loading=\"lazy\" \/>\n\t\t\t\t<\/a>\n\t<\/figure>\n\t\t<h4><a href=\"\/fr\/ressources\/enfants-familles\/?utm_source=Home&#038;utm_medium=Referral&#038;utm_campaign=211Resources&#038;utm_content=Children\" target=\"_self\">Enfants et familles<\/a><\/h4><figure itemscope itemtype=\"https:\/\/schema.org\/ImageObject\">\n\t\t\t\t<a href=\"\/fr\/ressources\/enfants-familles\/?utm_source=Home&#038;utm_medium=Referral&#038;utm_campaign=211Resources&#038;utm_content=Children\"  target=\"_self\" itemprop=\"url\">\n\t\t\t\t<img decoding=\"async\" src=\"https:\/\/211md.org\/wp-content\/uploads\/bb-plugin\/cache\/2025_211_Icon-Sets_Child-care-square-f3b0d4edab3dcc467fadb5f55f4064c6-.png\" alt=\"parent and child icon for child care\" height=\"417\" width=\"417\" title=\"2025_211_Ensembles d&#039;ic\u00f4nes_Garde d&#039;enfants\" onerror=\"this.style.display='none'\" loading=\"lazy\" \/>\n\t\t\t\t<\/a>\n\t<\/figure>\n\t\t<h4><a href=\"\/fr\/ressources\/violence-familiale-domestique\/?utm_source=Home&#038;utm_medium=Referral&#038;utm_campaign=211Resources&#038;utm_content=Domestic\" target=\"_self\">Violence Domestique<\/a><\/h4><figure itemscope itemtype=\"https:\/\/schema.org\/ImageObject\">\n\t\t\t\t<a href=\"\/fr\/ressources\/violence-familiale-domestique\/?utm_source=Home&#038;utm_medium=Referral&#038;utm_campaign=211Resources&#038;utm_content=Domestic\"  target=\"_self\" itemprop=\"url\">\n\t\t\t\t<img decoding=\"async\" src=\"https:\/\/211md.org\/wp-content\/uploads\/bb-plugin\/cache\/2025_211_Icon-Sets_Domestic-Violence-square-7b597694a6f05fe90cdc376aa573bc63-.png\" alt=\"House with a heart in the middle icon\" height=\"417\" width=\"417\" title=\"2025_211_Ensembles d&#039;ic\u00f4nes_Violence domestique\" onerror=\"this.style.display='none'\" loading=\"lazy\" \/>\n\t\t\t\t<\/a>\n\t<\/figure>\n\t\t<h4><a href=\"\/fr\/ressources\/recherche-demploi\/?utm_source=Home&#038;utm_medium=Referral&#038;utm_campaign=211Resources&#038;utm_content=Employment\" target=\"_self\">Emploi<\/a><\/h4><figure itemscope itemtype=\"https:\/\/schema.org\/ImageObject\">\n\t\t\t\t<a href=\"\/fr\/ressources\/recherche-demploi\/?utm_source=Home&#038;utm_medium=Referral&#038;utm_campaign=211Resources&#038;utm_content=Employment\"  target=\"_self\" itemprop=\"url\">\n\t\t\t\t<img decoding=\"async\" src=\"https:\/\/211md.org\/wp-content\/uploads\/bb-plugin\/cache\/2025_MdInfoNet_Icon-Sets_Employment-square-44707bd410e4df10a470bf130ebcea86-.png\" alt=\"\" onerror=\"this.style.display='none'\" loading=\"lazy\" \/>\n\t\t\t\t<\/a>\n\t<\/figure>\n\t\t<h4><a href=\"\/fr\/ressources\/soins-de-sante\/?utm_source=Home&#038;utm_medium=Referral&#038;utm_campaign=211Resources&#038;utm_content=Health%20Care\" target=\"_self\">Soins de sant\u00e9<\/a><\/h4><figure itemscope itemtype=\"https:\/\/schema.org\/ImageObject\">\n\t\t\t\t<a href=\"\/fr\/ressources\/soins-de-sante\/?utm_source=Home&#038;utm_medium=Referral&#038;utm_campaign=211Resources&#038;utm_content=Health%20Care\"  target=\"_self\" itemprop=\"url\">\n\t\t\t\t<img decoding=\"async\" src=\"https:\/\/211md.org\/wp-content\/uploads\/bb-plugin\/cache\/2025_MdInfoNet_Icon-Sets_Health-Care-square-dee98a0060cbe0e7f27eda253fc12679-.png\" alt=\"\" onerror=\"this.style.display='none'\" loading=\"lazy\" \/>\n\t\t\t\t<\/a>\n\t<\/figure>\n\t\t<h4><a href=\"\/fr\/ressources\/enfants-familles\/parente\/?utm_source=Home&#038;utm_medium=Referral&#038;utm_campaign=211Resources&#038;utm_content=Kinship\" target=\"_self\">Parent\u00e9<\/a><\/h4><figure itemscope itemtype=\"https:\/\/schema.org\/ImageObject\">\n\t\t\t\t<a href=\"\/fr\/ressources\/enfants-familles\/parente\/?utm_source=Home&#038;utm_medium=Referral&#038;utm_campaign=211Resources&#038;utm_content=Kinship\"  target=\"_self\" itemprop=\"url\">\n\t\t\t\t<img decoding=\"async\" src=\"https:\/\/211md.org\/wp-content\/uploads\/bb-plugin\/cache\/2025_211_Icon-Sets_Kinship-square-45bdf872866f5735f842c32071109267-.png\" alt=\"Ic\u00f4ne de parent\u00e9\" height=\"417\" width=\"417\" title=\"2025_211_Ensembles d&#039;ic\u00f4nes_Parent\u00e9\" onerror=\"this.style.display='none'\" loading=\"lazy\" \/>\n\t\t\t\t<\/a>\n\t<\/figure>\n\t\t<h4><a href=\"\/fr\/ressources\/services-juridiques\/?utm_source=Home&#038;utm_medium=Referral&#038;utm_campaign=211Resources&#038;utm_content=Legal\" target=\"_self\">Services juridiques<\/a><\/h4><figure itemscope itemtype=\"https:\/\/schema.org\/ImageObject\">\n\t\t\t\t<a href=\"\/fr\/ressources\/services-juridiques\/?utm_source=Home&#038;utm_medium=Referral&#038;utm_campaign=211Resources&#038;utm_content=Legal\"  target=\"_self\" itemprop=\"url\">\n\t\t\t\t<img decoding=\"async\" src=\"https:\/\/211md.org\/wp-content\/uploads\/bb-plugin\/cache\/2025_MdInfoNet_Icon-Sets_Legal-square-18fdf438feb8435588174d9046463257-.png\" alt=\"\" onerror=\"this.style.display='none'\" loading=\"lazy\" \/>\n\t\t\t\t<\/a>\n\t<\/figure>\n\t\t<h4><a href=\"\/fr\/ressources\/sante-mentale\/?utm_source=Home&#038;utm_medium=Referral&#038;utm_campaign=211Resources&#038;utm_content=Mental\" target=\"_self\">Sant\u00e9 mentale<\/a><\/h4><figure itemscope itemtype=\"https:\/\/schema.org\/ImageObject\">\n\t\t\t\t<a href=\"\/fr\/ressources\/sante-mentale\/?utm_source=Home&#038;utm_medium=Referral&#038;utm_campaign=211Resources&#038;utm_content=Mental\"  target=\"_self\" itemprop=\"url\">\n\t\t\t\t<img decoding=\"async\" src=\"https:\/\/211md.org\/wp-content\/uploads\/bb-plugin\/cache\/2025_MdInfoNet_Icon-Sets_Mental-Health-square-c59b38c4a993a947d4c9280fbe2d2fee-.png\" alt=\"\" onerror=\"this.style.display='none'\" loading=\"lazy\" \/>\n\t\t\t\t<\/a>\n\t<\/figure>\n\t\t<h4><a href=\"\/fr\/ressources\/mdreentry\/?utm_source=Home&#038;utm_medium=Referral&#038;utm_campaign=211Resources&#038;utm_content=Reentry\" target=\"_self\">Rentr\u00e9e<\/a><\/h4><figure itemscope itemtype=\"https:\/\/schema.org\/ImageObject\">\n\t\t\t\t<a href=\"\/fr\/ressources\/mdreentry\/?utm_source=Home&#038;utm_medium=Referral&#038;utm_campaign=211Resources&#038;utm_content=Reentry\"  target=\"_self\" itemprop=\"url\">\n\t\t\t\t<img decoding=\"async\" src=\"https:\/\/211md.org\/wp-content\/uploads\/bb-plugin\/cache\/2025_211_Icon-Sets_Reentry-square-8676fea38abd920a832f45642fe31cca-.png\" alt=\"Ic\u00f4ne de rentr\u00e9e\" height=\"417\" width=\"417\" title=\"2025_211_Ensembles d&#039;ic\u00f4nes_R\u00e9entr\u00e9e\" onerror=\"this.style.display='none'\" loading=\"lazy\" \/>\n\t\t\t\t<\/a>\n\t<\/figure>\n\t\t<h4><a href=\"\/fr\/ressources\/consommation-de-substances\/?utm_source=Home&#038;utm_medium=Referral&#038;utm_campaign=211Resources&#038;utm_content=Substance\" target=\"_self\">Consommation de substances<\/a><\/h4><figure itemscope itemtype=\"https:\/\/schema.org\/ImageObject\">\n\t\t\t\t<a href=\"\/fr\/ressources\/consommation-de-substances\/?utm_source=Home&#038;utm_medium=Referral&#038;utm_campaign=211Resources&#038;utm_content=Substance\"  target=\"_self\" itemprop=\"url\">\n\t\t\t\t<img decoding=\"async\" src=\"https:\/\/211md.org\/wp-content\/uploads\/bb-plugin\/cache\/2025_MdInfoNet_Icon-Sets_Substance-Abuse-square-4f414f085e657267739c181957754f48-.png\" alt=\"Pills for substance Use icon\" title=\"2025_MdInfoNet_Icon-Sets_Substance-Abuse\" onerror=\"this.style.display='none'\" loading=\"lazy\" \/>\n\t\t\t\t<\/a>\n\t<\/figure>\n\t\t<h4><a href=\"\/fr\/ressources\/anciens-combattants\/?utm_source=Home&#038;utm_medium=Referral&#038;utm_campaign=211Resources&#038;utm_content=Veterans\" target=\"_self\">anciens combattants<\/a><\/h4><figure itemscope itemtype=\"https:\/\/schema.org\/ImageObject\">\n\t\t\t\t<a href=\"\/fr\/ressources\/anciens-combattants\/?utm_source=Home&#038;utm_medium=Referral&#038;utm_campaign=211Resources&#038;utm_content=Veterans\"  target=\"_self\" itemprop=\"url\">\n\t\t\t\t<img decoding=\"async\" src=\"https:\/\/211md.org\/wp-content\/uploads\/bb-plugin\/cache\/2025_MdInfoNet_Icon-Sets_Rating-square-6e60d00cce4faa8e0a6d4ad7366aa733-.png\" alt=\"\" onerror=\"this.style.display='none'\" loading=\"lazy\" \/>\n\t\t\t\t<\/a>\n\t<\/figure>","protected":false},"excerpt":{"rendered":"<p>There are many housing programs in Maryland communities that reduce the cost of rent, cover security deposits, prevent eviction, and provide emergency shelter.\u00a0 Search the 211 Community Resource Database for low-income housing programs, which offer housing vouchers to eligible families, covering a portion of the rent each month. Local housing agencies run these programs. Or&hellip;<\/p>","protected":false},"author":8,"featured_media":33784,"parent":930,"menu_order":0,"comment_status":"closed","ping_status":"closed","template":"","meta":{"footnotes":""},"class_list":["post-926","page","type-page","status-publish","has-post-thumbnail","hentry"],"_links":{"self":[{"href":"https:\/\/211md.org\/fr\/wp-json\/wp\/v2\/pages\/926","targetHints":{"allow":["GET"]}}],"collection":[{"href":"https:\/\/211md.org\/fr\/wp-json\/wp\/v2\/pages"}],"about":[{"href":"https:\/\/211md.org\/fr\/wp-json\/wp\/v2\/types\/page"}],"author":[{"embeddable":true,"href":"https:\/\/211md.org\/fr\/wp-json\/wp\/v2\/users\/8"}],"replies":[{"embeddable":true,"href":"https:\/\/211md.org\/fr\/wp-json\/wp\/v2\/comments?post=926"}],"version-history":[{"count":12,"href":"https:\/\/211md.org\/fr\/wp-json\/wp\/v2\/pages\/926\/revisions"}],"predecessor-version":[{"id":34648,"href":"https:\/\/211md.org\/fr\/wp-json\/wp\/v2\/pages\/926\/revisions\/34648"}],"up":[{"embeddable":true,"href":"https:\/\/211md.org\/fr\/wp-json\/wp\/v2\/pages\/930"}],"wp:featuredmedia":[{"embeddable":true,"href":"https:\/\/211md.org\/fr\/wp-json\/wp\/v2\/media\/33784"}],"wp:attachment":[{"href":"https:\/\/211md.org\/fr\/wp-json\/wp\/v2\/media?parent=926"}],"curies":[{"name":"wp","href":"https:\/\/api.w.org\/{rel}","templated":true}]}}