{"id":962,"date":"2021-04-16T13:37:14","date_gmt":"2021-04-16T13:37:14","guid":{"rendered":"https:\/\/211md.org\/?page_id=962"},"modified":"2025-10-14T22:03:06","modified_gmt":"2025-10-15T02:03:06","slug":"des-messages-texte","status":"publish","type":"page","link":"https:\/\/211md.org\/fr\/about\/text-messages\/","title":{"rendered":"Des messages texte"},"content":{"rendered":"<h2>Messages texte informatifs et inspirants<\/h2>\n<p>211 Maryland offre aux r\u00e9sidents un certain nombre de moyens de se connecter aux ressources essentielles en mati\u00e8re de sant\u00e9 et de ressources humaines. En plus d&#039;appeler le 211, nous proposons des campagnes textuelles PUSH-ALERT. Vous envoyez un \u00ab\u00a0mot-cl\u00e9\u00a0\u00bb \u00e0 un num\u00e9ro et vous recevrez des messages texte de soutien et d&#039;information.<\/p>\n\t\t\t\t<img decoding=\"async\" src=\"https:\/\/211md.org\/wp-content\/uploads\/2021\/04\/Informational-and-Inspirational-Text-Messages-from-211-Maryland-.jpg\" alt=\"Femme souriant un point et iPhone\" itemprop=\"image\" height=\"630\" width=\"1200\" title=\"Messages texte informatifs et inspirants du 211 Maryland\" onerror=\"this.style.display='none'\" loading='lazy' \/>\n\t<p>Si vous \u00eates sur mobile, cliquez sur le bouton mot-cl\u00e9 pour ouvrir la messagerie texte. Sinon, envoyez le mot-cl\u00e9 par SMS au num\u00e9ro de t\u00e9l\u00e9phone.<\/p>\n\t\t<p><em>211 Maryland propose des programmes d&#039;alerte par SMS qui fournissent des informations sur les ressources sp\u00e9cifiques \u00e0 la r\u00e9gion ou des alertes en cas de catastrophe. Des frais de messagerie et de donn\u00e9es peuvent s&#039;appliquer. La fr\u00e9quence des messages peut varier. Envoyez un SMS STOP au m\u00eame num\u00e9ro pour vous d\u00e9sabonner. Pour obtenir de l&#039;aide, envoyez un SMS HELP. Conditions compl\u00e8tes des SMS sur <a href=\"https:\/\/211md.org\/fr\/sms\/\">https:\/\/211md.org\/sms\/<\/a> et <a href=\"https:\/\/211md.org\/fr\/politique-de-confidentialite\/\">politique de confidentialit\u00e9<\/a> s&#039;appliquera \u00e9galement.\u00a0<\/em><\/p>\n\t\t<h3><a href=\"sms:\/\/898-211;?&#038;body=MDYoungMinds\" target=\"_blank\"  rel=\"noopener\">Soutien en sant\u00e9 mentale pour adolescents<\/a><\/h3><p><strong>MDYoungMinds<\/strong>\u00a0soutient la sant\u00e9 mentale des personnes de 18 ans et moins.<\/p>\n<p>Renseignez-vous sur le\u00a0<a href=\"https:\/\/211md.org\/fr\/ressources\/sante-mentale\/depression\/\" target=\"_blank\" rel=\"noopener\">signes de d\u00e9pression chez les adolescents<\/a>\u00a0et les voies\u00a0<a href=\"https:\/\/211md.org\/fr\/about\/des-messages-texte\/mdyoungminds\/\" target=\"_blank\" rel=\"noopener\">MDYoungMinds<\/a>\u00a0peut soutenir les adolescents et les adolescents.<\/p>\n<p>Partenaire\u00a0: D\u00e9partement de la sant\u00e9 du Maryland, Bureau de la pr\u00e9vention du suicide<\/p>\n<p>Textez MYoungMinds au 898-211.<\/p>\n\t\t\t<a href=\"sms:\/\/898-211;?&#038;body=MDYoungMinds\" target=\"_blank\" rel=\"noopener\">\n\t\t\t\t\t\t\tTexte MDYoungMinds\n\t\t\t\t\t<\/a>\n\t\t<h3><a href=\"sms:\/\/898-211;?&#038;body=MDMINDHEALTH\" target=\"_blank\"  rel=\"noopener\">Sant\u00e9 mentale<\/a><\/h3><p><strong>MDMindHealth<\/strong>\u00a0propose des messages de motivation, des alertes pour maintenir une bonne sant\u00e9 mentale et des ressources pour les services de crise et de conseil du Maryland. Les SMS sont \u00e9galement disponibles en espagnol sur\u00a0<strong>MDSaludMental<\/strong>.<\/p>\n<p><a href=\"https:\/\/211md.org\/fr\/about\/des-messages-texte\/md-sante-de-lesprit\/\">En savoir plus sur les fa\u00e7ons dont MDMindHealth<\/a>\u00a0peut vous aider ou quelqu&#039;un que vous connaissez.<\/p>\n<p>Partenaire : D\u00e9partement de la Sant\u00e9 du Maryland, Administration de la sant\u00e9 comportementale<\/p>\n<p>Textez MDMindHealth au 898-211<\/p>\n<p>Textez MDSaludMental au 898-211<\/p>\n\t\t\t<a href=\"sms:\/\/898-211;?&#038;body=MDMINDHEALTH\" target=\"_blank\" rel=\"noopener\">\n\t\t\t\t\t\t\tTexte MDMindHealth\n\t\t\t\t\t<\/a>\n\t\t\t<a href=\"sms:\/\/898-211;?&#038;body=MDSALUDMENTAL\" target=\"_blank\" rel=\"noopener\">\n\t\t\t\t\t\t\tTexte MDsaludmental\n\t\t\t\t\t<\/a>\n\t\t<h3><a href=\"sms:\/\/898-211;?&#038;body=MDKinCares\" target=\"_blank\"  rel=\"noopener\">Soutien de la parent\u00e9<\/a><\/h3><p><strong>MDKinCares<\/strong>\u00a0offre des encouragements, du soutien et des ressources aux soignants.<\/p>\n<p>Partenaire\u00a0: D\u00e9partement des services sociaux du Maryland<\/p>\n<p>Envoyez MDKinCares par SMS au 898-211.<\/p>\n\t\t\t<a href=\"sms:\/\/898-211;?&#038;body=MDKinCares\" target=\"_blank\" rel=\"noopener\">\n\t\t\t\t\t\t\tTexte MDKinCares\n\t\t\t\t\t<\/a>\n\t\t<h3><a href=\"sms:\/\/898-211;?&#038;body=MDAging\" target=\"_blank\"  rel=\"noopener\">Personnes \u00e2g\u00e9es et adultes handicap\u00e9s<\/a><\/h3><p><strong>MDAging<\/strong>\u00a0fournit un acc\u00e8s imm\u00e9diat et sur demande aux fournisseurs de services et aux ressources pour les personnes \u00e2g\u00e9es et les soignants d&#039;adultes handicap\u00e9s.<\/p>\n<p>Partenaire\u00a0: D\u00e9partement du vieillissement du Maryland<\/p>\n<p>Textez MDAging au 898-211<\/p>\n\t\t\t<a href=\"sms:\/\/898-211;?&#038;body=MDAging\" target=\"_blank\" rel=\"noopener\">\n\t\t\t\t\t\t\tTexte MDAging\n\t\t\t\t\t<\/a>\n\t\t<h3><a href=\"sms:\/\/898-211;?&#038;body=MidShore\" target=\"_blank\"  rel=\"noopener\">\u00c9v\u00e9nements Mid Shore et ressources communautaires<\/a><\/h3><p><strong>Mi-Shore<\/strong> connecte les r\u00e9sidents des comt\u00e9s de Queen Anne, Kent, Talbot, Dorchester et Caroline aux \u00e9v\u00e9nements locaux et aux ressources communautaires. <a href=\"https:\/\/211md.org\/fr\/whats-the-211\/\">Apprendre encore plus<\/a> sur la fa\u00e7on dont le Mid Shore connecte les r\u00e9sidents au 211.<\/p>\n<p>Partenaire\u00a0: Coalition pour l\u2019am\u00e9lioration de la sant\u00e9 de Mid Shore<\/p>\n<p>Envoyez un SMS \u00e0 MidShore au 898-211<\/p>\n\t\t\t<a href=\"sms:\/\/898-211;?&#038;body=MidShore\" target=\"_blank\" rel=\"noopener\">\n\t\t\t\t\t\t\tEnvoyez un SMS \u00e0 MidShore\n\t\t\t\t\t<\/a>\n\t\t<h3><a href=\"sms:\/\/898-211;?&#038;body=MDSTopHate\" target=\"_blank\"  rel=\"noopener\">Signaler des incidents haineux et des crimes<\/a><\/h3><p><strong>MDStopHate<\/strong>\u00a0est une ressource unique pour signaler les crimes et incidents motiv\u00e9s par la haine et fournir des ressources aux victimes.\u00a0<a href=\"https:\/\/211md.org\/fr\/arreter\/\" target=\"_blank\" rel=\"noopener\">Arr\u00eatez la haine en la signalant !<\/a><\/p>\n<p>Partenaire : Bureau du gouverneur charg\u00e9 des affaires d&#039;immigration | Bureau du gouverneur pour l&#039;initiative communautaire<\/p>\n<p>Envoyez MDStopHate par SMS au 898-211<\/p>\n\t\t\t<a href=\"sms:\/\/898-211;?&#038;body=MDSTopHate\" target=\"_blank\" rel=\"noopener\">\n\t\t\t\t\t\t\tTexte MDStopHate\n\t\t\t\t\t<\/a>\n\t\t<h3><a href=\"sms:\/\/898-211;?&#038;body=Reentry\" target=\"_blank\"  rel=\"noopener\">Rentr\u00e9e<\/a><\/h3><p><strong>Rentr\u00e9e<\/strong> connecte les personnes incarc\u00e9r\u00e9es et anciennement incarc\u00e9r\u00e9es et leurs familles \u00e0 des ressources, des \u00e9v\u00e9nements et des informations. <a href=\"https:\/\/211md.org\/fr\/ressources\/mdreentry\/\">Apprendre encore plus<\/a> sur la mani\u00e8re dont ce partenariat connecte les familles aux ressources de r\u00e9insertion.<\/p>\n<p>Partenaire\u00a0: D\u00e9partement de la s\u00e9curit\u00e9 publique et des services correctionnels du Maryland (DPSCS)<\/p>\n<p>R\u00e9-entr\u00e9e par SMS au 898-211<\/p>\n\t\t\t<a href=\"sms:\/\/898-211;?&#038;body=Reentry\" target=\"_blank\" rel=\"noopener\">\n\t\t\t\t\t\t\tR\u00e9entr\u00e9e de texte\n\t\t\t\t\t<\/a>\n\t\t<h3><a href=\"sms:\/\/898-211;?&#038;body=MDCom2Vets\" target=\"_blank\"  rel=\"noopener\">anciens combattants<\/a><\/h3><p><strong>MDCom2Vets<\/strong>\u00a0augmente les liens avec les v\u00e9t\u00e9rans et fournit des mises \u00e0 jour continues sur les \u00e9v\u00e9nements, les ressources et les fournisseurs disponibles dans une communaut\u00e9.<\/p>\n<p>Partenaire : D\u00e9partement de la Sant\u00e9 du Maryland, Administration de la sant\u00e9 comportementale<\/p>\n<p>Textez MDCom2Vets au 898-211<\/p>\n\t\t\t<a href=\"sms:\/\/898-211;?&#038;body=MDCom2Vets\" target=\"_blank\" rel=\"noopener\">\n\t\t\t\t\t\t\tTexte MDCom2Vets\n\t\t\t\t\t<\/a>\n\t\t<h3><a href=\"sms:\/\/898-211;?&#038;body=MDWellness\" target=\"_blank\"  rel=\"noopener\">Bien-\u00eatre<\/a><\/h3><p><strong>MDBien-\u00eatre<\/strong>\u00a0se concentre sur les premiers soins en sant\u00e9 mentale pour la profession d&#039;aidant. Les abonn\u00e9s obtiennent des strat\u00e9gies et des ressources pour acc\u00e9der aux services de gestion du stress par la pleine conscience, la nutrition et l&#039;affiliation sociale.<\/p>\n<p>Partenaire : Universit\u00e9 du Maryland<\/p>\n<p>Textez MDWellness au 898-211<\/p>\n\t\t\t<a href=\"sms:\/\/898-211;?&#038;body=MDWellness\" target=\"_blank\" rel=\"noopener\">\n\t\t\t\t\t\t\tTexte MDWellness\n\t\t\t\t\t<\/a>\n<h2>Connectez-vous \u00e0 votre public \u00e0 la demande<\/h2>\n<p>Utilisez la plateforme de textos 211 Maryland pour envoyer des messages personnalis\u00e9s \u00e0 votre ou vos audiences. Renseignez-vous sur les tarifs et les fonctionnalit\u00e9s, et rejoignez les autres organisations qui utilisent d\u00e9j\u00e0 le 211 MD pour envoyer des SMS. <a href=\"https:\/\/211md.org\/fr\/contactez-nous\/\">Contactez-nous aujourd&#039;hui.<\/a><\/p>","protected":false},"excerpt":{"rendered":"<p>Messages texte informatifs et inspirants 211 Maryland offre aux r\u00e9sidents un certain nombre de fa\u00e7ons de se connecter aux ressources essentielles en mati\u00e8re de sant\u00e9 et de ressources humaines. En plus d&#039;appeler le 211, nous proposons des campagnes textuelles PUSH-ALERT. Vous envoyez un \u00ab\u00a0mot-cl\u00e9\u00a0\u00bb \u00e0 un num\u00e9ro et vous recevrez des messages texte de soutien et d&#039;information. Si vous \u00eates sur mobile, cliquez sur le mot-cl\u00e9\u2026<\/p>","protected":false},"author":8,"featured_media":1925,"parent":521,"menu_order":0,"comment_status":"closed","ping_status":"closed","template":"","meta":{"footnotes":""},"class_list":["post-962","page","type-page","status-publish","has-post-thumbnail","hentry"],"_links":{"self":[{"href":"https:\/\/211md.org\/fr\/wp-json\/wp\/v2\/pages\/962","targetHints":{"allow":["GET"]}}],"collection":[{"href":"https:\/\/211md.org\/fr\/wp-json\/wp\/v2\/pages"}],"about":[{"href":"https:\/\/211md.org\/fr\/wp-json\/wp\/v2\/types\/page"}],"author":[{"embeddable":true,"href":"https:\/\/211md.org\/fr\/wp-json\/wp\/v2\/users\/8"}],"replies":[{"embeddable":true,"href":"https:\/\/211md.org\/fr\/wp-json\/wp\/v2\/comments?post=962"}],"version-history":[{"count":4,"href":"https:\/\/211md.org\/fr\/wp-json\/wp\/v2\/pages\/962\/revisions"}],"predecessor-version":[{"id":4830,"href":"https:\/\/211md.org\/fr\/wp-json\/wp\/v2\/pages\/962\/revisions\/4830"}],"up":[{"embeddable":true,"href":"https:\/\/211md.org\/fr\/wp-json\/wp\/v2\/pages\/521"}],"wp:featuredmedia":[{"embeddable":true,"href":"https:\/\/211md.org\/fr\/wp-json\/wp\/v2\/media\/1925"}],"wp:attachment":[{"href":"https:\/\/211md.org\/fr\/wp-json\/wp\/v2\/media?parent=962"}],"curies":[{"name":"wp","href":"https:\/\/api.w.org\/{rel}","templated":true}]}}