{"id":983,"date":"2021-04-16T16:58:29","date_gmt":"2021-04-16T16:58:29","guid":{"rendered":"https:\/\/211md.org\/?page_id=983"},"modified":"2025-09-07T17:09:00","modified_gmt":"2025-09-07T21:09:00","slug":"saisie-hypothecaire","status":"publish","type":"page","link":"https:\/\/211md.org\/fr\/resources\/housing-shelter\/mortgage-foreclosure\/","title":{"rendered":"Forclusion hypoth\u00e9caire"},"content":{"rendered":"<img decoding=\"async\" src=\"https:\/\/stg-maryland211-staging.kinsta.cloud\/wp-content\/uploads\/2025\/08\/5-1-scaled.png\" alt=\"5\" itemprop=\"image\" height=\"692\" width=\"2560\" title=\"5\" onerror=\"this.style.display='none'\" loading=\"lazy\" \/>\n\t\t<h1><a href=\"#start\" target=\"_self\">En-t\u00eate de page par d\u00e9faut<\/a><\/h1><p>De l&#039;aide est disponible si vous avez du mal \u00e0 payer votre pr\u00eat hypoth\u00e9caire. Plus t\u00f4t vous agirez, mieux ce sera.<\/p>\n<p>Renseignez-vous sur le processus et sur la mani\u00e8re dont un conseiller en logement peut vous aider.<\/p>\n\t\t\t<a href=\"#start\" target=\"_self\">\n\t\t\t\t\t\tCommencer\n\t\t\t\t\t<\/a>\n\t\t\t\t<img decoding=\"async\" src=\"https:\/\/211md.org\/wp-content\/plugins\/bb-plugin\/img\/pixel.png\" alt=\"\" itemprop=\"image\" onerror=\"this.style.display='none'\" loading=\"lazy\" \/>\n\t\t<h2>Faire appel \u00e0 un conseiller en logement<\/h2>\n<p>Il existe des moyens de sauver votre maison si vous n&#039;\u00eates pas en mesure d&#039;effectuer les paiements mensuels ou si vous \u00eates en cours de saisie.<\/p>\n<p>L&#039;initiative Maryland Home Owners Preserving Equity (HOPE) peut aider \u00e0 sauver des maisons.<\/p>\n<p>L&#039;agence travaille avec des conseillers en logement dans des organismes \u00e0 but non lucratif dans tout l&#039;\u00c9tat.<\/p>\n<p>Les conseillers aident les propri\u00e9taires \u00e0 comprendre le processus de saisie et les programmes qui peuvent les aider.<\/p>\n<p>L&#039;aide est gratuite dans le Maryland. M\u00e9fiez-vous des entreprises qui promettent une aide payante.<\/p>\n<p>Appel <a href=\"https:\/\/dhcd.maryland.gov\/Residents\/Pages\/HOPE\/Homeowners.aspx\" target=\"_blank\" rel=\"noopener\">ESPOIR<\/a> au 1-877-462-7555.<\/p>\n<h3>Escroqueries li\u00e9es au sauvetage apr\u00e8s saisie immobili\u00e8re<\/h3>\n<p>Il n&#039;y a pas de frais pour obtenir de l&#039;aide avec une forclusion dans le Maryland.<\/p>\n<p>Certains escrocs incitent les propri\u00e9taires \u00e0 signer leurs actes et \u00e0 prendre la maison pour eux-m\u00eames, tandis que d&#039;autres facturent des frais \u00e9normes sans fournir aucun service.<\/p>\n<p>Ne signez aucun document sans avoir au pr\u00e9alable obtenu un avis juridique objectif, consult\u00e9 votre soci\u00e9t\u00e9 de pr\u00eat hypoth\u00e9caire ou parl\u00e9 avec un conseiller HOPE.<\/p>\n\t\t\t\t<img decoding=\"async\" src=\"http:\/\/211md.org\/wp-content\/uploads\/2025\/09\/homeowner-talking-ot-a-housing-counselor.jpg\" alt=\"propri\u00e9taire parlant \u00e0 un conseiller en logement\" itemprop=\"image\" title=\"propri\u00e9taire parlant \u00e0 un conseiller en logement\" onerror=\"this.style.display='none'\" loading=\"lazy\" \/>\n\t<h3>Recherches de logements populaires dans notre base de donn\u00e9es<\/h3><p>Consultez la base de donn\u00e9es des ressources communautaires pour trouver ces logements populaires. Trouvez ce dont vous avez besoin.<\/p>\n\t\t\t<a href=\"https:\/\/search.211md.org\/search?query=DM-1800.5000&#038;query_label=Mortgage+Delinquency+and+Default+Counseling&#038;query_type=taxonomy\" target=\"_blank\" rel=\"noopener\">\n\t\t\t\t\t\tD\u00e9linquance hypoth\u00e9caire et conseil\n\t\t\t\t\t<\/a>\n\t\t\t<a href=\"https:\/\/search.211md.org\/search?query=BH-3800.5000&#038;query_label=Mortgage+Payment+Assistance&#038;query_type=taxonomy\" target=\"_self\">\n\t\t\t\t\t\taide au paiement des pr\u00eats hypoth\u00e9caires\n\t\t\t\t\t<\/a>\n\t\t\t<a href=\"https:\/\/search.211md.org\/search?query=DM-1800.8500&#038;query_label=Tax+Foreclosure+Assistance&#038;query_type=taxonomy\" target=\"_blank\" rel=\"noopener\">\n\t\t\t\t\t\tAssistance en mati\u00e8re de saisie fiscale\n\t\t\t\t\t<\/a>\n\t\t\t<a href=\"https:\/\/search.211md.org\/search?query=BH-3700&#038;query_label=Housing+Counseling&#038;query_type=taxonomy\" target=\"_blank\" rel=\"noopener\">\n\t\t\t\t\t\tConseil en mati\u00e8re de logement\n\t\t\t\t\t<\/a>\n\t\t\t<a href=\"https:\/\/search.211md.org\/search?query=BH-1800.8500-150%2CBH-3000.3500%2CPH-3300.2750%2CBH-7000.4600%2CBH-8400.6000-060%2CBH-8600&#038;query_label=I+need+help+with+housing.&#038;query_type=taxonomy\" target=\"_blank\" rel=\"noopener\">\n\t\t\t\t\t\tAide g\u00e9n\u00e9rale au logement\n\t\t\t\t\t<\/a>\n\t<h2>Processus de forclusion<\/h2>\n<p>Apr\u00e8s avoir manqu\u00e9 un paiement, un pr\u00eat hypoth\u00e9caire est en d\u00e9faut.<\/p>\n<p>Le pr\u00eateur peut envoyer un \u00ab avis de carence \u00bb.<\/p>\n<p>Apr\u00e8s plusieurs paiements manqu\u00e9s, un avis de d\u00e9faut peut arriver. Il pr\u00e9cise le montant d\u00fb et pr\u00e9vient d&#039;une possible saisie.<\/p>\n<p>Une proc\u00e9dure de saisie immobili\u00e8re peut l\u00e9galement commencer lorsque l\u2019hypoth\u00e8que n\u2019est pas pay\u00e9e pendant 90 jours.<\/p>\n<p>L&#039;\u00e9tape suivante est l&#039;envoi d&#039;un avis de saisie immobili\u00e8re. La loi du Maryland exige que cet avis soit envoy\u00e9 par courrier recommand\u00e9 et par courrier prioritaire au moins 45 jours avant le d\u00e9p\u00f4t de la demande de saisie immobili\u00e8re.<\/p>\n<p>N&#039;attendez pas que cela arrive. Plus t\u00f4t vous obtiendrez de l&#039;aide pour vos probl\u00e8mes de pr\u00eat hypoth\u00e9caire, plus vous aurez de chances de sauver votre maison.<\/p>\n<p>Afficher une chronologie de la\u00a0<a href=\"https:\/\/dhcd.maryland.gov\/Residents\/Documents\/HOPE\/TheNetworkForclosureTimeline_May2012v4.pdf\" target=\"_blank\" rel=\"noopener\">Processus de forclusion du Maryland<\/a>.<\/p>\n\t\t\t\t<img decoding=\"async\" src=\"https:\/\/211md.org\/wp-content\/uploads\/2021\/05\/Housing-Legal.png\" alt=\"Marteau juridique avec un mod\u00e8le en plastique d&#039;une maison \u00e0 c\u00f4t\u00e9\" itemprop=\"image\" height=\"348\" width=\"460\" title=\"Juridique du logement\" onerror=\"this.style.display='none'\" loading=\"lazy\" \/>\n\t<h2>Options de paiement hypoth\u00e9caire<\/h2>\n<p>G\u00e9n\u00e9ralement, les pr\u00eateurs immobiliers ne veulent pas exclure une hypoth\u00e8que. Il y a rarement des gagnants en forclusion en raison des co\u00fbts impliqu\u00e9s. Essayez d&#039;\u00e9tablir un plan de paiement avec votre pr\u00eateur jusqu&#039;\u00e0 ce que vous soyez mieux financi\u00e8rement.<\/p>\n<p>L\u2019essentiel est de demander de l\u2019aide t\u00f4t et de mani\u00e8re persistante et d\u2019obtenir les conseils d\u2019un conseiller en logement agr\u00e9\u00e9 par l\u2019\u00c9tat. Ils peuvent vous aider \u00e0 comprendre vos documents hypoth\u00e9caires, vous expliquer les options qui s\u2019offrent \u00e0 vous et vous aider \u00e0 n\u00e9gocier un \u00ab plan d\u2019entra\u00eenement \u00bb avec votre pr\u00eateur.<\/p>\n<p>Venez au rendez-vous pr\u00e9par\u00e9 avec les documents de r\u00e8glement, les d\u00e9clarations de revenus et tous les avis ou factures de votre pr\u00eateur, ainsi que votre budget familial et la liste des cr\u00e9anciers.<\/p>\n<p>Les plans d&#039;entra\u00eenement possibles pourraient inclure\u00a0:<\/p>\n<ul>\n<li aria-level=\"1\">Plan de remboursement \u2013 Rattrapez votre retard en ajoutant une partie du montant en souffrance \u00e0 vos paiements mensuels.<\/li>\n<li aria-level=\"1\">Plan d&#039;abstention \u2013 Vos paiements mensuels sont temporairement r\u00e9duits ou suspendus. Il y a g\u00e9n\u00e9ralement un montant plus \u00e9lev\u00e9 \u00e0 payer lorsque les paiements sont r\u00e9tablis.<\/li>\n<li aria-level=\"1\">Plan de modification du pr\u00eat \u2013 Le pr\u00eateur s&#039;engage \u00e0 modifier vos conditions d&#039;une mani\u00e8re ou d&#039;une autre. Ils pourraient r\u00e9duire vos int\u00e9r\u00eats, prolonger la p\u00e9riode de remboursement du pr\u00eat ou n\u00e9gocier la p\u00e9nalit\u00e9 pour remboursement anticip\u00e9.<\/li>\n<li aria-level=\"1\">R\u00e9clamation partielle \u2013 Le pr\u00eateur peut proposer un pr\u00eat \u00e0 faible taux d&#039;int\u00e9r\u00eat ou sans int\u00e9r\u00eat par l&#039;interm\u00e9diaire de l&#039;assureur (FHA ou assurance hypoth\u00e9caire priv\u00e9e) pour rattraper l&#039;arri\u00e9r\u00e9. Il peut y avoir de petits paiements mensuels. Le pr\u00eat est exigible lorsque vous vendez la propri\u00e9t\u00e9 ou lorsque vous remboursez votre premi\u00e8re hypoth\u00e8que.<\/li>\n<li aria-level=\"1\">Plan de refonte (non disponible avec Fannie Mae ou Freddie Mac) \u2013 Vous mettez les paiements manqu\u00e9s \u00e0 la fin du pr\u00eat.<\/li>\n<\/ul>\n<p>Si votre pr\u00eateur rejette votre proposition, essayez de n\u00e9gocier et d\u00e9couvrez ce qu\u2019il pourrait \u00eatre pr\u00eat \u00e0 accepter. Si cela semble d\u00e9raisonnable ou injuste, demandez \u00e0 parler \u00e0 un sp\u00e9cialiste ou \u00e0 un superviseur en att\u00e9nuation des pertes. M\u00eame si un conseiller en logement peut \u00eatre d\u2019une grande aide, vous devez agir en tant que d\u00e9fenseur. M\u00eame si la saisie est in\u00e9vitable, vous pouvez toujours n\u00e9gocier de meilleures conditions ou un d\u00e9lai plus long afin de ne pas vous retrouver dans le froid. Soyez pr\u00eat \u00e0 continuer \u00e0 vous battre\u00a0!<\/p>\n\t\t\t\t<img decoding=\"async\" src=\"https:\/\/211md.org\/wp-content\/plugins\/bb-plugin\/img\/pixel.png\" alt=\"\" itemprop=\"image\" onerror=\"this.style.display='none'\" loading=\"lazy\" \/>\n\t\t\t\t<img decoding=\"async\" src=\"https:\/\/211md.org\/wp-content\/uploads\/bb-plugin\/cache\/Call-center-specialst-circle-4e9ecd7b3425be4576416abc911049bb-.jpg\" alt=\"Sp\u00e9cialiste des centres d&#039;appels\" itemprop=\"image\" title=\"Sp\u00e9cialiste des centres d&#039;appels\" onerror=\"this.style.display='none'\" loading=\"lazy\" \/>\n<h2>Composez le 211<\/h2><p>Parlez \u00e0 une personne attentionn\u00e9e et compatissante 24h\/24 et 7j\/7. Elle peut \u00e9galement vous orienter vers des ressources.\u00a0<\/p>\n<h2>\n\t\t\tInformations connexes\t<\/h2>\n\t<h2>explorer les programmes d&#039;assistance<\/h2>\n<p>Renseignez-vous sur les programmes d\u2019avantages sociaux et sur la fa\u00e7on d\u2019obtenir de l\u2019aide.<\/p>\n\t\t<h3><a href=\"\/fr\/ressources\/nourriture\/\" target=\"_self\">Nourriture<\/a><\/h3><p>Nourriture gratuite pr\u00e8s de chez moi, garde-manger, SNAP, WIC, \u00e9conomies sur les courses<\/p>\n<a href=\"\/fr\/ressources\/nourriture\/\"  target=\"_self\">Apprendre encore plus<\/a>\t\n\t\t\t\t<a href=\"\/fr\/ressources\/nourriture\/\"  target=\"_self\" itemprop=\"url\">\n\t\t\t\t<img decoding=\"async\" src=\"https:\/\/211md.org\/wp-content\/uploads\/bb-plugin\/cache\/2025_MdInfoNet_Icon-Sets-white_food-square-dfa1c607bcdb6b34735ae61e84e21386-.png\" alt=\"2025_MdInfoNet_Ensembles d&#039;ic\u00f4nes-blanc_alimentaire\" itemprop=\"image\" title=\"2025_MdInfoNet_Ensembles d&#039;ic\u00f4nes-blanc_alimentaire\" onerror=\"this.style.display='none'\" loading=\"lazy\" \/>\n\t\t\t\t<\/a>\n\t\t<h3><a href=\"\/fr\/ressources\/assistance-utilitaire\/\" target=\"_self\">Utilitaires<\/a><\/h3><p>Programmes d&#039;aide aux factures d&#039;\u00e9lectricit\u00e9, de gaz et d&#039;eau<\/p>\n<a href=\"\/fr\/ressources\/assistance-utilitaire\/\"  target=\"_self\">Apprendre encore plus<\/a>\t\n\t\t\t\t<a href=\"\/fr\/ressources\/assistance-utilitaire\/\"  target=\"_self\" itemprop=\"url\">\n\t\t\t\t<img decoding=\"async\" src=\"https:\/\/211md.org\/wp-content\/uploads\/bb-plugin\/cache\/2025_MdInfoNet_Icon-Sets-white_Utilities-square-485aa1950491235898117da61fd0a70a-.png\" alt=\"2025_MdInfoNet_Ensembles d&#039;ic\u00f4nes-blanc_Utilitaires\" itemprop=\"image\" title=\"2025_MdInfoNet_Ensembles d&#039;ic\u00f4nes-blanc_Utilitaires\" onerror=\"this.style.display='none'\" loading=\"lazy\" \/>\n\t\t\t\t<\/a>\n\t\t\t\t<a href=\"\/fr\/ressources\/logement-refuge\/\"  target=\"_self\" itemprop=\"url\">\n\t\t\t\t<img decoding=\"async\" src=\"https:\/\/211md.org\/wp-content\/uploads\/bb-plugin\/cache\/2025_MdInfoNet_Icon-Sets-white_Housing-square-5b4ab26c33cdf5bd88fd6164be4cc0b8-.png\" alt=\"2025_MdInfoNet_Ensembles d&#039;ic\u00f4nes-blanc_Logement\" itemprop=\"image\" title=\"2025_MdInfoNet_Ensembles d&#039;ic\u00f4nes-blanc_Logement\" onerror=\"this.style.display='none'\" loading=\"lazy\" \/>\n\t\t\t\t<\/a>\n\t\t<h3><a href=\"\/fr\/ressources\/logement-refuge\/\" target=\"_self\">Logement<\/a><\/h3><p>Paiements de loyer, pr\u00e9vention des expulsions, refuges pour sans-abri<\/p>\n<a href=\"\/fr\/ressources\/logement-refuge\/\"  target=\"_self\">Apprendre encore plus<\/a>\t\n\t\t\t\t<a href=\"\/fr\/ressources\/nouveau-aux-etats-unis-et-au-maryland\/\"  target=\"_self\" itemprop=\"url\">\n\t\t\t\t<img decoding=\"async\" src=\"https:\/\/211md.org\/wp-content\/uploads\/bb-plugin\/cache\/2025_MdInfoNet_Icon-Sets-white_Immigration-square-71ef90812193ac6d0e3edc3e61891f7f-.png\" alt=\"2025_MdInfoNet_Ensembles d&#039;ic\u00f4nes-blanc_Immigration\" itemprop=\"image\" title=\"2025_MdInfoNet_Ensembles d&#039;ic\u00f4nes-blanc_Immigration\" onerror=\"this.style.display='none'\" loading=\"lazy\" \/>\n\t\t\t\t<\/a>\n\t\t<h3><a href=\"\/fr\/ressources\/nouveau-aux-etats-unis-et-au-maryland\/\" target=\"_self\">Immigration<\/a><\/h3><p>Aide \u00e0 l&#039;immigration pour les nouveaux Am\u00e9ricains et les r\u00e9fugi\u00e9s<\/p>\n<a href=\"\/fr\/ressources\/nouveau-aux-etats-unis-et-au-maryland\/\"  target=\"_self\">Apprendre encore plus<\/a>\t\n\t\t<h4><a href=\"\/fr\/ressources\/vieillissement-handicap\/\" target=\"_self\">Vieillissement &amp; Handicap<\/a><\/h4>\n\t\t\t\t<a href=\"\/fr\/ressources\/vieillissement-handicap\/\"  target=\"_self\" itemprop=\"url\">\n\t\t\t\t<img decoding=\"async\" src=\"https:\/\/211md.org\/wp-content\/uploads\/bb-plugin\/cache\/2025_MdInfoNet_Icon-Sets_Aging-disability-square-c466727102cae71e5f27b8539bb51945-.png\" alt=\"2025_MdInfoNet_Ensembles d&#039;ic\u00f4nes_Vieillissement-handicap\" itemprop=\"image\" title=\"2025_MdInfoNet_Ensembles d&#039;ic\u00f4nes_Vieillissement-handicap\" onerror=\"this.style.display='none'\" loading=\"lazy\" \/>\n\t\t\t\t<\/a>\n\t\t<h4><a href=\"https:\/\/211md.org\/fr\/ressources\/enfants-familles\/\" target=\"_blank\" rel=\"noopener\">Enfants et familles<\/a><\/h4>\n\t\t\t\t<a href=\"https:\/\/211md.org\/fr\/ressources\/enfants-familles\/\" target=\"_blank\" rel=\"noopener\" itemprop=\"url\">\n\t\t\t\t<img decoding=\"async\" src=\"https:\/\/211md.org\/wp-content\/uploads\/bb-plugin\/cache\/2025_MdInfoNet_Icon-Sets_Child-Care-square-a9a0002f8a1c05e3f89f8b914f61699f-.png\" alt=\"\" itemprop=\"image\" onerror=\"this.style.display='none'\" loading=\"lazy\" \/>\n\t\t\t\t<\/a>\n\t\t<h4><a href=\"\/fr\/ressources\/violence-familiale-domestique\/\" target=\"_self\">Violence Domestique<\/a><\/h4>\n\t\t\t\t<a href=\"\/fr\/ressources\/violence-familiale-domestique\/\"  target=\"_self\" itemprop=\"url\">\n\t\t\t\t<img decoding=\"async\" src=\"https:\/\/211md.org\/wp-content\/uploads\/bb-plugin\/cache\/2025_MdInfoNet_Icon-Sets_Protection-square-ed94a34c5cb05f036201f3e0966332c1-.png\" alt=\"2025_MdInfoNet_Ensembles d&#039;ic\u00f4nes_Protection\" itemprop=\"image\" title=\"2025_MdInfoNet_Ensembles d&#039;ic\u00f4nes_Protection\" onerror=\"this.style.display='none'\" loading=\"lazy\" \/>\n\t\t\t\t<\/a>\n\t\t<h4><a href=\"\/fr\/ressources\/recherche-demploi\/\" target=\"_self\">Emploi<\/a><\/h4>\n\t\t\t\t<a href=\"\/fr\/ressources\/recherche-demploi\/\"  target=\"_self\" itemprop=\"url\">\n\t\t\t\t<img decoding=\"async\" src=\"https:\/\/211md.org\/wp-content\/uploads\/bb-plugin\/cache\/2025_MdInfoNet_Icon-Sets_Employment-square-44707bd410e4df10a470bf130ebcea86-.png\" alt=\"2025_MdInfoNet_Ensembles d&#039;ic\u00f4nes_Emploi\" itemprop=\"image\" title=\"2025_MdInfoNet_Ensembles d&#039;ic\u00f4nes_Emploi\" onerror=\"this.style.display='none'\" loading=\"lazy\" \/>\n\t\t\t\t<\/a>\n\t\t<h4><a href=\"\/fr\/ressources\/soins-de-sante\/\" target=\"_self\">Soins de sant\u00e9<\/a><\/h4>\n\t\t\t\t<a href=\"\/fr\/ressources\/soins-de-sante\/\"  target=\"_self\" itemprop=\"url\">\n\t\t\t\t<img decoding=\"async\" src=\"https:\/\/211md.org\/wp-content\/uploads\/bb-plugin\/cache\/2025_MdInfoNet_Icon-Sets_Health-Care-square-dee98a0060cbe0e7f27eda253fc12679-.png\" alt=\"2025_MdInfoNet_Ensembles d&#039;ic\u00f4nes_Soins de sant\u00e9\" itemprop=\"image\" title=\"2025_MdInfoNet_Ensembles d&#039;ic\u00f4nes_Soins de sant\u00e9\" onerror=\"this.style.display='none'\" loading=\"lazy\" \/>\n\t\t\t\t<\/a>\n\t\t<h4><a href=\"\/fr\/ressources\/enfants-familles\/parente\/\" target=\"_self\">Parent\u00e9<\/a><\/h4>\n\t\t\t\t<a href=\"\/fr\/ressources\/enfants-familles\/parente\/\"  target=\"_self\" itemprop=\"url\">\n\t\t\t\t<img decoding=\"async\" src=\"https:\/\/211md.org\/wp-content\/uploads\/bb-plugin\/cache\/2025_MdInfoNet_Icon-Sets_Community-square-4956d72cf95aef42b6ee5fc6feb149ef-.png\" alt=\"2025_MdInfoNet_Ensembles d&#039;ic\u00f4nes_Communaut\u00e9\" itemprop=\"image\" title=\"2025_MdInfoNet_Ensembles d&#039;ic\u00f4nes_Communaut\u00e9\" onerror=\"this.style.display='none'\" loading=\"lazy\" \/>\n\t\t\t\t<\/a>\n\t\t<h4><a href=\"\/fr\/ressources\/services-juridiques\/\" target=\"_self\">Services juridiques<\/a><\/h4>\n\t\t\t\t<a href=\"\/fr\/ressources\/services-juridiques\/\"  target=\"_self\" itemprop=\"url\">\n\t\t\t\t<img decoding=\"async\" src=\"https:\/\/211md.org\/wp-content\/uploads\/bb-plugin\/cache\/2025_MdInfoNet_Icon-Sets_Legal-square-18fdf438feb8435588174d9046463257-.png\" alt=\"2025_MdInfoNet_Ensembles d&#039;ic\u00f4nes_L\u00e9gal\" itemprop=\"image\" title=\"2025_MdInfoNet_Ensembles d&#039;ic\u00f4nes_L\u00e9gal\" onerror=\"this.style.display='none'\" loading=\"lazy\" \/>\n\t\t\t\t<\/a>\n\t\t<h4><a href=\"\/fr\/ressources\/sante-mentale\/\" target=\"_self\">Sant\u00e9 mentale<\/a><\/h4>\n\t\t\t\t<a href=\"\/fr\/ressources\/sante-mentale\/\"  target=\"_self\" itemprop=\"url\">\n\t\t\t\t<img decoding=\"async\" src=\"https:\/\/211md.org\/wp-content\/uploads\/bb-plugin\/cache\/2025_MdInfoNet_Icon-Sets_Mental-Health-square-c59b38c4a993a947d4c9280fbe2d2fee-.png\" alt=\"2025_MdInfoNet_Ensembles d&#039;ic\u00f4nes_Sant\u00e9 mentale\" itemprop=\"image\" title=\"2025_MdInfoNet_Ensembles d&#039;ic\u00f4nes_Sant\u00e9 mentale\" onerror=\"this.style.display='none'\" loading=\"lazy\" \/>\n\t\t\t\t<\/a>\n\t\t<h4><a href=\"\/fr\/ressources\/mdreentry\/\" target=\"_self\">Rentr\u00e9e<\/a><\/h4>\n\t\t\t\t<a href=\"\/fr\/ressources\/mdreentry\/\"  target=\"_self\" itemprop=\"url\">\n\t\t\t\t<img decoding=\"async\" src=\"https:\/\/211md.org\/wp-content\/uploads\/bb-plugin\/cache\/2025_MdInfoNet_Icon-Sets_Partnership-square-daedf11c7eeda165b0fe97a4a84b80e0-.png\" alt=\"2025_MdInfoNet_Ensembles d&#039;ic\u00f4nes_Partenariat\" itemprop=\"image\" title=\"2025_MdInfoNet_Ensembles d&#039;ic\u00f4nes_Partenariat\" onerror=\"this.style.display='none'\" loading=\"lazy\" \/>\n\t\t\t\t<\/a>\n\t\t<h4><a href=\"\/fr\/ressources\/consommation-de-substances\/\" target=\"_self\">Consommation de substances<\/a><\/h4>\n\t\t\t\t<a href=\"\/fr\/ressources\/consommation-de-substances\/\"  target=\"_self\" itemprop=\"url\">\n\t\t\t\t<img decoding=\"async\" src=\"https:\/\/211md.org\/wp-content\/uploads\/bb-plugin\/cache\/2025_MdInfoNet_Icon-Sets_Substance-Abuse-square-9022fec9d18a64118ad685c101885b55-.png\" alt=\"2025_MdInfoNet_Ensembles d&#039;ic\u00f4nes_Abus de substances\" itemprop=\"image\" title=\"2025_MdInfoNet_Ensembles d&#039;ic\u00f4nes_Abus de substances\" onerror=\"this.style.display='none'\" loading=\"lazy\" \/>\n\t\t\t\t<\/a>\n\t\t<h4><a href=\"\/fr\/ressources\/anciens-combattants\/\" target=\"_self\">anciens combattants<\/a><\/h4>\n\t\t\t\t<a href=\"\/fr\/ressources\/anciens-combattants\/\"  target=\"_self\" itemprop=\"url\">\n\t\t\t\t<img decoding=\"async\" src=\"https:\/\/211md.org\/wp-content\/uploads\/bb-plugin\/cache\/2025_MdInfoNet_Icon-Sets_Rating-square-6e60d00cce4faa8e0a6d4ad7366aa733-.png\" alt=\"2025_MdInfoNet_Ensembles d&#039;ic\u00f4nes_\u00c9valuation\" itemprop=\"image\" title=\"2025_MdInfoNet_Ensembles d&#039;ic\u00f4nes_\u00c9valuation\" onerror=\"this.style.display='none'\" loading=\"lazy\" \/>\n\t\t\t\t<\/a>","protected":false},"excerpt":{"rendered":"<p>En-t\u00eate de page par d\u00e9faut\u00a0: De l\u2019aide est disponible si vous avez des difficult\u00e9s \u00e0 rembourser votre pr\u00eat immobilier. Plus t\u00f4t vous agirez, mieux ce sera. D\u00e9couvrez la proc\u00e9dure et comment un conseiller en logement peut vous aider. Commencer\u00a0: Faire appel \u00e0 un conseiller en logement. Il existe des solutions pour sauver votre maison si vous n\u2019\u00eates pas en mesure d\u2019effectuer vos mensualit\u00e9s ou si votre bien est saisi.<\/p>","protected":false},"author":8,"featured_media":1816,"parent":926,"menu_order":0,"comment_status":"closed","ping_status":"closed","template":"","meta":{"footnotes":""},"class_list":["post-983","page","type-page","status-publish","has-post-thumbnail","hentry"],"_links":{"self":[{"href":"https:\/\/211md.org\/fr\/wp-json\/wp\/v2\/pages\/983","targetHints":{"allow":["GET"]}}],"collection":[{"href":"https:\/\/211md.org\/fr\/wp-json\/wp\/v2\/pages"}],"about":[{"href":"https:\/\/211md.org\/fr\/wp-json\/wp\/v2\/types\/page"}],"author":[{"embeddable":true,"href":"https:\/\/211md.org\/fr\/wp-json\/wp\/v2\/users\/8"}],"replies":[{"embeddable":true,"href":"https:\/\/211md.org\/fr\/wp-json\/wp\/v2\/comments?post=983"}],"version-history":[{"count":3,"href":"https:\/\/211md.org\/fr\/wp-json\/wp\/v2\/pages\/983\/revisions"}],"predecessor-version":[{"id":33718,"href":"https:\/\/211md.org\/fr\/wp-json\/wp\/v2\/pages\/983\/revisions\/33718"}],"up":[{"embeddable":true,"href":"https:\/\/211md.org\/fr\/wp-json\/wp\/v2\/pages\/926"}],"wp:featuredmedia":[{"embeddable":true,"href":"https:\/\/211md.org\/fr\/wp-json\/wp\/v2\/media\/1816"}],"wp:attachment":[{"href":"https:\/\/211md.org\/fr\/wp-json\/wp\/v2\/media?parent=983"}],"curies":[{"name":"wp","href":"https:\/\/api.w.org\/{rel}","templated":true}]}}