{"id":985,"date":"2021-04-16T17:24:12","date_gmt":"2021-04-16T17:24:12","guid":{"rendered":"https:\/\/211md.org\/?page_id=985"},"modified":"2025-10-23T18:21:25","modified_gmt":"2025-10-23T22:21:25","slug":"prestations-de-chomage-2","status":"publish","type":"page","link":"https:\/\/211md.org\/fr\/resources\/employment-search\/unemployment-benefits\/","title":{"rendered":"Allocations de ch\u00f4mage du Maryland"},"content":{"rendered":"<img decoding=\"async\" src=\"https:\/\/stg-maryland211-staging.kinsta.cloud\/wp-content\/uploads\/2025\/08\/5-1-scaled.png\" alt=\"5\" itemprop=\"image\" height=\"692\" width=\"2560\" title=\"5\" onerror=\"this.style.display='none'\" loading=\"lazy\" \/>\n\t\t<p>Les employ\u00e9s du Maryland qui perdent leur emploi sans faute de leur part peuvent avoir droit \u00e0 des allocations ch\u00f4mage. Ce programme offre des prestations d&#039;assurance ch\u00f4mage temporaires pour remplacer une partie de leurs revenus.<\/p>\n<p>Dans le Maryland, les particuliers doivent d\u00e9poser une d\u00e9claration chaque semaine et v\u00e9rifier qu&#039;ils recherchent activement un emploi.<\/p>\n<p>Apprenez comment demander des prestations, obtenir une assurance maladie lorsque vous \u00eates au ch\u00f4mage et comment r\u00e9clamer des prestations dans vos d\u00e9clarations de revenus.<\/p>\n\t\t\t<a href=\"#start\" target=\"_self\">\n\t\t\t\t\t\tCommencer\n\t\t\t\t\t<\/a>\n\t\t\t\t<img decoding=\"async\" src=\"https:\/\/211md.org\/wp-content\/plugins\/bb-plugin\/img\/pixel.png\" alt=\"\" itemprop=\"image\" onerror=\"this.style.display='none'\" loading=\"lazy\" \/>\n\t\t\t\t<img decoding=\"async\" src=\"https:\/\/stg-maryland211-staging.kinsta.cloud\/wp-content\/uploads\/2025\/08\/16.png\" alt=\"16\" itemprop=\"image\" height=\"1000\" width=\"1000\" title=\"16\" onerror=\"this.style.display='none'\" loading=\"lazy\" \/>\n\t\t\t\t<img decoding=\"async\" src=\"http:\/\/211md.org\/wp-content\/uploads\/2021\/05\/Girl-Looking-At-Phone-scaled.jpg\" alt=\"Fille regardant le t\u00e9l\u00e9phone avec un bloc-notes et un stylo\" itemprop=\"image\" title=\"Hispanique, Latin, Jeune, Adolescent, Fille, Coll\u00e8ge, \u00c9tudiant, Tenant, Smartphone, \u00c9tudier\" onerror=\"this.style.display='none'\" loading=\"lazy\" \/>\n<h2>Quel est le taux de ch\u00f4mage dans le Maryland ?<\/h2>\n<p>Il existe deux principaux chiffres du ch\u00f4mage. L&#039;un est un agent en direct et l&#039;autre est le syst\u00e8me t\u00e9l\u00e9phonique IVR. Vous pouvez \u00e9galement d\u00e9marrer une <a href=\"http:\/\/www.labor.maryland.gov\/employment\/unemployment.shtml\" target=\"_blank\" rel=\"noopener\">discuter avec un assistant virtuel<\/a>.<\/p>\n<p>Nouvelle r\u00e9clamation ou demande d&#039;information sur une r\u00e9clamation existante :<\/p>\n<img loading=\"lazy\" decoding=\"async\" src=\"http:\/\/211md.org\/wp-content\/uploads\/2025\/08\/2025_MdInfoNet_Icon-Sets_Phone-400x400.png\" alt=\"Ic\u00f4ne de t\u00e9l\u00e9phone\" width=\"50\" height=\"50\" \/>Appel<br \/>\n667-206-6520. Certification de r\u00e9clamation hebdomadaire, r\u00e9initialisation de code PIN ou v\u00e9rification de l&#039;\u00e9tat de paiement\u00a0: appelez <img loading=\"lazy\" decoding=\"async\" src=\"http:\/\/211md.org\/wp-content\/uploads\/2025\/08\/2025_MdInfoNet_Icon-Sets_Phone-400x400.png\" alt=\"Ic\u00f4ne de t\u00e9l\u00e9phone\" width=\"50\" height=\"50\" \/>Appel<br \/>\n410-949-0022.\n<p>&nbsp;<\/p>\n<p>Il existe \u00e9galement une option pour <a href=\"http:\/\/www.labor.maryland.gov\/employment\/officenum.shtml\" target=\"_blank\" rel=\"noopener\">bavarder sur Internet<\/a>.<\/p>\n<h3>Fermeture du gouvernement f\u00e9d\u00e9ral et ch\u00f4mage<\/h3>\n<p>Si vous \u00eates fonctionnaire f\u00e9d\u00e9ral, vous pourriez avoir droit \u00e0 l&#039;assurance-ch\u00f4mage pendant la fermeture des services gouvernementaux. Cela d\u00e9pend de votre statut. <a href=\"https:\/\/labor.maryland.gov\/unemployment-insurance\/claimants\/federal-employees\/frequently-asked-questions.shtml\" target=\"_blank\" rel=\"noopener\">Ces questions fr\u00e9quemment pos\u00e9es<\/a> du minist\u00e8re du Travail du Maryland aide \u00e0 r\u00e9pondre aux questions courantes sur les prestations.<\/p>\n<p>Il y a aussi un <a href=\"https:\/\/labor.maryland.gov\/federalworkers\/shutdownloan\/\" target=\"_blank\" rel=\"noopener\">Programme de pr\u00eats f\u00e9d\u00e9raux pour la fermeture du gouvernement<\/a> qui fournit un pr\u00eat sans int\u00e9r\u00eat de $700 qui est rembours\u00e9 une fois la fermeture termin\u00e9e et le salaire r\u00e9troactif re\u00e7u.<\/p>\n<h3><b>Qu&#039;est-ce que BEACON 2.0 ?<\/b><\/h3>\n<p>Le D\u00e9partement du Travail du Maryland, Division de l&#039;Assurance-ch\u00f4mage, utilise un programme appel\u00e9 <a href=\"https:\/\/beacon.labor.maryland.gov\/beacon\/claimant-page.html\" target=\"_blank\" rel=\"noopener\">BALISE 2.0<\/a> pour aider les Marylanders \u00e0 d\u00e9poser une demande d&#039;allocations ch\u00f4mage et \u00e0 g\u00e9rer les demandes d&#039;assurance ch\u00f4mage (WEBCERT).<\/p>\n<h3>De quels documents avez-vous besoin pour d\u00e9poser une demande d&#039;allocation ch\u00f4mage ?<\/h3>\n<p>Avant de d\u00e9poser une demande de ch\u00f4mage, rassemblez les documents dont l&#039;\u00c9tat aura besoin pour v\u00e9rifier votre demande. Il s&#039;agit notamment des informations personnelles et des ant\u00e9c\u00e9dents professionnels des 18 derniers mois. Vous aurez besoin du nom, de l&#039;adresse et du num\u00e9ro de t\u00e9l\u00e9phone de tous vos employeurs pendant cette p\u00e9riode.<\/p>\n<p>Les candidats peuvent \u00eatre invit\u00e9s \u00e0 fournir des documents tels que :<\/p>\n<ul>\n<li>talons de paie<\/li>\n<li>W-2<\/li>\n<li>formulaires 1099<\/li>\n<li>d\u00e9claration de revenus<\/li>\n<\/ul>\n<p><a href=\"http:\/\/www.labor.maryland.gov\/employment\/uiclaimdocs.pdf\" target=\"_blank\" rel=\"noopener\">Renseignez-vous sur les documents<\/a> qui peuvent \u00eatre n\u00e9cessaires pour d\u00e9poser une r\u00e9clamation.<\/p>\n<h3><b>Comment certifier la r\u00e9clamation chaque semaine<\/b><\/h3>\n<p>Chaque semaine, les b\u00e9n\u00e9ficiaires d&#039;allocations ch\u00f4mage doivent d\u00e9poser une attestation de demande. Trois m\u00e9thodes sont possibles\u00a0:<\/p>\n<ul>\n<li aria-level=\"1\">D\u00e9p\u00f4t \u00e0 travers\u00a0<a href=\"https:\/\/beacon.labor.maryland.gov\/beacon\/claimant-page.html\" target=\"_blank\" rel=\"noopener\">BALISE 2.0<\/a><\/li>\n<li aria-level=\"1\">En utilisant l\u2019application appel\u00e9e \u00ab MD Unemployment for Claimants \u00bb. T\u00e9l\u00e9chargez-le sur\u00a0<a href=\"https:\/\/bit.ly\/AppleMDBEACON\" target=\"_blank\" rel=\"noopener\">Apple iTunesStore<\/a>\u00a0ou alors\u00a0<a href=\"https:\/\/bit.ly\/GoogleMDBEACON\" target=\"_blank\" rel=\"noopener\">jeu de Google<\/a>.<\/li>\n<li aria-level=\"1\">Appelant 410-949-0022<\/li>\n<\/ul>\n\t\t<h2><a href=\"https:\/\/labor.maryland.gov\/unemployment-insurance\/claimants\/job-search.shtml\" target=\"_blank\" rel=\"noopener\">Activit\u00e9s professionnelles hebdomadaires obligatoires<\/a><\/h2><p>Pour continuer \u00e0 avoir droit aux allocations de ch\u00f4mage, les Marylandais doivent rechercher activement un emploi.<\/p>\n<p>Chaque semaine, les demandeurs d&#039;emploi doivent effectuer au moins trois d\u00e9marches de r\u00e9emploi valides, dont au moins une doit \u00eatre un contact d&#039;emploi.<\/p>\n<p>Un contact d&#039;emploi admissible implique de contacter un employeur potentiel. Cela peut se faire en personne, en ligne ou par t\u00e9l\u00e9copieur ou courriel.<\/p>\n<p>Le minist\u00e8re du Travail du Maryland dispose d\u2019une liste d\u2019activit\u00e9s \u00e9ligibles \u00e0 cette exigence.<\/p>\n<p>&nbsp;<\/p>\n\t\t\t<a href=\"https:\/\/labor.maryland.gov\/unemployment-insurance\/claimants\/job-search.shtml\" target=\"_blank\" rel=\"noopener\">\n\t\t\t\t\t\t\tApprendre encore plus\n\t\t\t\t\t<\/a>\n\t\t\t\t<a href=\"https:\/\/search.211md.org\/\" target=\"_blank\" rel=\"noopener\" itemprop=\"url\">\n\t\t\t\t<img decoding=\"async\" src=\"https:\/\/stg-maryland211-staging.kinsta.cloud\/wp-content\/uploads\/2025\/08\/2025_MdInfoNet_Icon-Sets-white_Locate.png\" alt=\"\" itemprop=\"image\" onerror=\"this.style.display='none'\" loading=\"lazy\" \/>\n\t\t\t\t<\/a>\n<h2><a href=\"https:\/\/search.211md.org\/\" target=\"_blank\" rel=\"noopener\">Trouver des ressources maintenant<\/a><\/h2><p>Trouver <strong>ressources communautaires <\/strong>Pour l&#039;alimentation, les soins de sant\u00e9, le logement et plus encore, consultez notre base de donn\u00e9es. Recherchez par code postal.<\/p>\n\t\t\t<a href=\"https:\/\/search.211md.org\/\" target=\"_blank\" rel=\"noopener\">\n\t\t\t\t\t\t\tRechercher maintenant\n\t\t\t<\/a>\n\t\t\t\t<img decoding=\"async\" src=\"http:\/\/211md.org\/wp-content\/uploads\/2025\/09\/person-doing-taxes.jpg\" alt=\"personne faisant des imp\u00f4ts, remplissant le formulaire 1040\" itemprop=\"image\" title=\"personne qui fait les imp\u00f4ts\" onerror=\"this.style.display='none'\" loading=\"lazy\" \/>\n\t\t<h2>Comment d\u00e9clarer ses imp\u00f4ts sur le ch\u00f4mage<\/h2>\n<p>Lors de la d\u00e9claration des imp\u00f4ts, les b\u00e9n\u00e9ficiaires de l&#039;assurance ch\u00f4mage (UI) fournissent la preuve des prestations (argent) re\u00e7ues avec le formulaire 1099-G.<\/p>\n<h3>Qu&#039;est-ce que le formulaire 1099-G\u00a0?<\/h3>\n<p>Ce formulaire est appel\u00e9 D\u00e9claration pour les b\u00e9n\u00e9ficiaires de certains paiements gouvernementaux.<\/p>\n<p>Le formulaire 1099-G comprend le montant total des prestations de ch\u00f4mage du Maryland pour chaque ann\u00e9e civile.<\/p>\n<p>Il peut s\u2019agir d\u2019un montant diff\u00e9rent de celui re\u00e7u pour la ou les semaines de ch\u00f4mage r\u00e9mun\u00e9r\u00e9.<\/p>\n<p>Pour toute question, veuillez contacter un pr\u00e9parateur de d\u00e9clarations de revenus. Des services gratuits de pr\u00e9paration de d\u00e9clarations de revenus sont offerts dans le Maryland aux personnes admissibles.<\/p>\n\t\t\t<a href=\"https:\/\/211md.org\/fr\/ressources\/services-fiscaux\/\" target=\"_blank\" rel=\"noopener\">\n\t\t\t\t\t\t\tTrouver une aide fiscale gratuite\n\t\t\t\t\t<\/a>\n\t<h2>Comment obtenir une assurance maladie tout en \u00e9tant au ch\u00f4mage<\/h2>\n<p>Lorsqu&#039;on perd son emploi, des inqui\u00e9tudes suppl\u00e9mentaires s&#039;ajoutent \u00e0 la fin des salaires. Qu&#039;en est-il de l&#039;assurance maladie\u00a0?<\/p>\n<p>M\u00eame si l\u2019emploi prend fin aupr\u00e8s d\u2019un employeur, les anciens employ\u00e9s peuvent \u00eatre admissibles \u00e0 :<\/p>\n<ul>\n<li>continuer \u00e0 b\u00e9n\u00e9ficier de leur assurance maladie pendant leur ch\u00f4mage gr\u00e2ce \u00e0 COBRA<\/li>\n<li>ou souscrivez une assurance via Maryland Health Connection<\/li>\n<\/ul>\n<p>Renseignez-vous sur les deux options.<\/p>\n<h3>Qu&#039;est-ce que COBRA ?<\/h3>\n<p>COBRA signifie Consolidated Omnibus Budget Reconciliation Act (loi sur la r\u00e9conciliation budg\u00e9taire omnibus consolid\u00e9e).<\/p>\n<p>C&#039;est un grand nom, mais on l&#039;appelle plus commun\u00e9ment COBRA.<\/p>\n\t\t\t\t<img decoding=\"async\" src=\"http:\/\/211md.org\/wp-content\/uploads\/2022\/05\/woman-talking-to-her-doctor.jpg\" alt=\"femme parlant \u00e0 son m\u00e9decin\" itemprop=\"image\" title=\"femme-parlant-a-son-medecin\" onerror=\"this.style.display='none'\" loading=\"lazy\" \/>\n\t<p>Il permet aux travailleurs et \u00e0 leurs familles d\u2019acc\u00e9der \u00e0 une assurance maladie apr\u00e8s un licenciement.<\/p>\n<p>COBRA est g\u00e9n\u00e9ralement disponible pour\u00a0:<\/p>\n<ul>\n<li>employ\u00e9s licenci\u00e9s<\/li>\n<li>perdre leur emploi, \u00e0 condition qu&#039;il n&#039;y ait pas de faute grave<\/li>\n<li>pour les personnes qui quittent volontairement un emploi<\/li>\n<\/ul>\n<h4>Combien de temps dure COBRA ?<\/h4>\n<p>Les prestations de sant\u00e9 peuvent se poursuivre pendant au moins 18 mois, et jusqu\u2019\u00e0 36 mois dans certains cas.<\/p>\n<h4>Quel est le co\u00fbt ?<\/h4>\n<p>C&#039;est g\u00e9n\u00e9ralement plus cher que la prime d&#039;assurance maladie pay\u00e9e pendant que vous \u00eates employ\u00e9 dans l&#039;entreprise.<\/p>\n<p>Parfois, le prix est nettement plus \u00e9lev\u00e9. Pourquoi\u00a0? Parce que l&#039;employeur ne prend plus en charge une partie de l&#039;assurance maladie.<\/p>\n<p>La personne qui ach\u00e8te COBRA paie g\u00e9n\u00e9ralement la prime d\u2019assurance compl\u00e8te.<\/p>\n<p>Discutez avec votre ancien employeur pour savoir si COBRA est disponible pendant le ch\u00f4mage.<\/p>\n<h3>Connexion sant\u00e9 du Maryland<\/h3>\n<p>Les ch\u00f4meurs peuvent demander une couverture d\u2019assurance via Maryland Health Connection.<\/p>\n<p>Lisez le guide du 211 sur l\u2019assurance maladie.<\/p>\n\t\t\t<a href=\"https:\/\/211md.org\/fr\/ressources\/soins-de-sante\/assurance-sante\/\" target=\"_self\">\n\t\t\t\t\t\t\tRenseignez-vous sur les options d&#039;assurance maladie\n\t\t\t\t\t<\/a>\n\t\t\t\t<img decoding=\"async\" src=\"https:\/\/211md.org\/wp-content\/plugins\/bb-plugin\/img\/pixel.png\" alt=\"\" itemprop=\"image\" onerror=\"this.style.display='none'\" loading=\"lazy\" \/>\n\t\t\t\t<img decoding=\"async\" src=\"https:\/\/211md.org\/wp-content\/uploads\/bb-plugin\/cache\/Call-center-specialst-circle-4e9ecd7b3425be4576416abc911049bb-.jpg\" alt=\"Sp\u00e9cialiste des centres d&#039;appels\" itemprop=\"image\" title=\"Sp\u00e9cialiste des centres d&#039;appels\" onerror=\"this.style.display='none'\" loading=\"lazy\" \/>\n<h2>Composez le 211<\/h2><p>Parlez \u00e0 une personne attentionn\u00e9e et compatissante 24h\/24 et 7j\/7. Elle peut \u00e9galement vous orienter vers des ressources.\u00a0<\/p>\n\t\t\t<a href=\"tel:%20+211\" target=\"_blank\" rel=\"noopener\">\n\t\t\t\t\t\tComposez le 211 (mobile)\n\t\t\t\t\t<\/a>\n<h2>\n\t\t\tInformations connexes sur les besoins en mati\u00e8re d&#039;emploi\t<\/h2>\n\t\t<h4><a href=\"\/fr\/ressources\/vieillissement-handicap\/?utm_source=Home&#038;utm_medium=Referral&#038;utm_campaign=211Resources&#038;utm_content=Aging\" target=\"_self\">Vieillissement &amp; Handicap<\/a><\/h4>\n\t\t\t\t<a href=\"\/fr\/ressources\/vieillissement-handicap\/?utm_source=Home&#038;utm_medium=Referral&#038;utm_campaign=211Resources&#038;utm_content=Aging\"  target=\"_self\" itemprop=\"url\">\n\t\t\t\t<img decoding=\"async\" src=\"https:\/\/211md.org\/wp-content\/uploads\/bb-plugin\/cache\/2025_MdInfoNet_Icon-Sets_Aging-disability-square-c466727102cae71e5f27b8539bb51945-.png\" alt=\"\" itemprop=\"image\" onerror=\"this.style.display='none'\" loading=\"lazy\" \/>\n\t\t\t\t<\/a>\n\t\t<h4><a href=\"\/fr\/ressources\/enfants-familles\/?utm_source=Home&#038;utm_medium=Referral&#038;utm_campaign=211Resources&#038;utm_content=Children\" target=\"_self\">Enfants et familles<\/a><\/h4>\n\t\t\t\t<a href=\"\/fr\/ressources\/enfants-familles\/?utm_source=Home&#038;utm_medium=Referral&#038;utm_campaign=211Resources&#038;utm_content=Children\"  target=\"_self\" itemprop=\"url\">\n\t\t\t\t<img decoding=\"async\" src=\"https:\/\/211md.org\/wp-content\/uploads\/bb-plugin\/cache\/2025_211_Icon-Sets_Child-care-square-f3b0d4edab3dcc467fadb5f55f4064c6-.png\" alt=\"2025_211_Ensembles d&#039;ic\u00f4nes_Garde d&#039;enfants\" itemprop=\"image\" height=\"417\" width=\"417\" title=\"2025_211_Ensembles d&#039;ic\u00f4nes_Garde d&#039;enfants\" onerror=\"this.style.display='none'\" loading=\"lazy\" \/>\n\t\t\t\t<\/a>\n\t\t<h4><a href=\"\/fr\/ressources\/violence-familiale-domestique\/?utm_source=Home&#038;utm_medium=Referral&#038;utm_campaign=211Resources&#038;utm_content=Domestic\" target=\"_self\">Violence Domestique<\/a><\/h4>\n\t\t\t\t<a href=\"\/fr\/ressources\/violence-familiale-domestique\/?utm_source=Home&#038;utm_medium=Referral&#038;utm_campaign=211Resources&#038;utm_content=Domestic\"  target=\"_self\" itemprop=\"url\">\n\t\t\t\t<img decoding=\"async\" src=\"https:\/\/211md.org\/wp-content\/uploads\/bb-plugin\/cache\/2025_211_Icon-Sets_Domestic-Violence-square-7b597694a6f05fe90cdc376aa573bc63-.png\" alt=\"Ic\u00f4ne de violence domestique\" itemprop=\"image\" height=\"417\" width=\"417\" title=\"2025_211_Ensembles d&#039;ic\u00f4nes_Violence domestique\" onerror=\"this.style.display='none'\" loading=\"lazy\" \/>\n\t\t\t\t<\/a>\n\t\t<h4><a href=\"\/fr\/ressources\/recherche-demploi\/?utm_source=Home&#038;utm_medium=Referral&#038;utm_campaign=211Resources&#038;utm_content=Employment\" target=\"_self\">Emploi<\/a><\/h4>\n\t\t\t\t<a href=\"\/fr\/ressources\/recherche-demploi\/?utm_source=Home&#038;utm_medium=Referral&#038;utm_campaign=211Resources&#038;utm_content=Employment\"  target=\"_self\" itemprop=\"url\">\n\t\t\t\t<img decoding=\"async\" src=\"https:\/\/211md.org\/wp-content\/uploads\/bb-plugin\/cache\/2025_MdInfoNet_Icon-Sets_Employment-square-44707bd410e4df10a470bf130ebcea86-.png\" alt=\"\" itemprop=\"image\" onerror=\"this.style.display='none'\" loading=\"lazy\" \/>\n\t\t\t\t<\/a>\n\t\t<h4><a href=\"\/fr\/ressources\/soins-de-sante\/?utm_source=Home&#038;utm_medium=Referral&#038;utm_campaign=211Resources&#038;utm_content=Health%20Care\" target=\"_self\">Soins de sant\u00e9<\/a><\/h4>\n\t\t\t\t<a href=\"\/fr\/ressources\/soins-de-sante\/?utm_source=Home&#038;utm_medium=Referral&#038;utm_campaign=211Resources&#038;utm_content=Health%20Care\"  target=\"_self\" itemprop=\"url\">\n\t\t\t\t<img decoding=\"async\" src=\"https:\/\/211md.org\/wp-content\/uploads\/bb-plugin\/cache\/2025_MdInfoNet_Icon-Sets_Health-Care-square-dee98a0060cbe0e7f27eda253fc12679-.png\" alt=\"\" itemprop=\"image\" onerror=\"this.style.display='none'\" loading=\"lazy\" \/>\n\t\t\t\t<\/a>\n\t\t<h4><a href=\"\/fr\/ressources\/enfants-familles\/parente\/?utm_source=Home&#038;utm_medium=Referral&#038;utm_campaign=211Resources&#038;utm_content=Kinship\" target=\"_self\">Parent\u00e9<\/a><\/h4>\n\t\t\t\t<a href=\"\/fr\/ressources\/enfants-familles\/parente\/?utm_source=Home&#038;utm_medium=Referral&#038;utm_campaign=211Resources&#038;utm_content=Kinship\"  target=\"_self\" itemprop=\"url\">\n\t\t\t\t<img decoding=\"async\" src=\"https:\/\/211md.org\/wp-content\/uploads\/bb-plugin\/cache\/2025_211_Icon-Sets_Kinship-square-45bdf872866f5735f842c32071109267-.png\" alt=\"Ic\u00f4ne de parent\u00e9\" itemprop=\"image\" height=\"417\" width=\"417\" title=\"2025_211_Ensembles d&#039;ic\u00f4nes_Parent\u00e9\" onerror=\"this.style.display='none'\" loading=\"lazy\" \/>\n\t\t\t\t<\/a>\n\t\t<h4><a href=\"\/fr\/ressources\/services-juridiques\/?utm_source=Home&#038;utm_medium=Referral&#038;utm_campaign=211Resources&#038;utm_content=Legal\" target=\"_self\">Services juridiques<\/a><\/h4>\n\t\t\t\t<a href=\"\/fr\/ressources\/services-juridiques\/?utm_source=Home&#038;utm_medium=Referral&#038;utm_campaign=211Resources&#038;utm_content=Legal\"  target=\"_self\" itemprop=\"url\">\n\t\t\t\t<img decoding=\"async\" src=\"https:\/\/211md.org\/wp-content\/uploads\/bb-plugin\/cache\/2025_MdInfoNet_Icon-Sets_Legal-square-18fdf438feb8435588174d9046463257-.png\" alt=\"\" itemprop=\"image\" onerror=\"this.style.display='none'\" loading=\"lazy\" \/>\n\t\t\t\t<\/a>\n\t\t<h4><a href=\"\/fr\/ressources\/sante-mentale\/?utm_source=Home&#038;utm_medium=Referral&#038;utm_campaign=211Resources&#038;utm_content=Mental\" target=\"_self\">Sant\u00e9 mentale<\/a><\/h4>\n\t\t\t\t<a href=\"\/fr\/ressources\/sante-mentale\/?utm_source=Home&#038;utm_medium=Referral&#038;utm_campaign=211Resources&#038;utm_content=Mental\"  target=\"_self\" itemprop=\"url\">\n\t\t\t\t<img decoding=\"async\" src=\"https:\/\/211md.org\/wp-content\/uploads\/bb-plugin\/cache\/2025_MdInfoNet_Icon-Sets_Mental-Health-square-c59b38c4a993a947d4c9280fbe2d2fee-.png\" alt=\"\" itemprop=\"image\" onerror=\"this.style.display='none'\" loading=\"lazy\" \/>\n\t\t\t\t<\/a>\n\t\t<h4><a href=\"\/fr\/ressources\/mdreentry\/?utm_source=Home&#038;utm_medium=Referral&#038;utm_campaign=211Resources&#038;utm_content=Reentry\" target=\"_self\">Rentr\u00e9e<\/a><\/h4>\n\t\t\t\t<a href=\"\/fr\/ressources\/mdreentry\/?utm_source=Home&#038;utm_medium=Referral&#038;utm_campaign=211Resources&#038;utm_content=Reentry\"  target=\"_self\" itemprop=\"url\">\n\t\t\t\t<img decoding=\"async\" src=\"https:\/\/211md.org\/wp-content\/uploads\/bb-plugin\/cache\/2025_211_Icon-Sets_Reentry-square-8676fea38abd920a832f45642fe31cca-.png\" alt=\"Ic\u00f4ne de rentr\u00e9e\" itemprop=\"image\" height=\"417\" width=\"417\" title=\"2025_211_Ensembles d&#039;ic\u00f4nes_R\u00e9entr\u00e9e\" onerror=\"this.style.display='none'\" loading=\"lazy\" \/>\n\t\t\t\t<\/a>\n\t\t<h4><a href=\"\/fr\/ressources\/consommation-de-substances\/?utm_source=Home&#038;utm_medium=Referral&#038;utm_campaign=211Resources&#038;utm_content=Substance\" target=\"_self\">Consommation de substances<\/a><\/h4>\n\t\t\t\t<a href=\"\/fr\/ressources\/consommation-de-substances\/?utm_source=Home&#038;utm_medium=Referral&#038;utm_campaign=211Resources&#038;utm_content=Substance\"  target=\"_self\" itemprop=\"url\">\n\t\t\t\t<img decoding=\"async\" src=\"https:\/\/211md.org\/wp-content\/uploads\/bb-plugin\/cache\/2025_MdInfoNet_Icon-Sets_Substance-Abuse-square-9022fec9d18a64118ad685c101885b55-.png\" alt=\"\" itemprop=\"image\" onerror=\"this.style.display='none'\" loading=\"lazy\" \/>\n\t\t\t\t<\/a>\n\t\t<h4><a href=\"\/fr\/ressources\/anciens-combattants\/?utm_source=Home&#038;utm_medium=Referral&#038;utm_campaign=211Resources&#038;utm_content=Veterans\" target=\"_self\">anciens combattants<\/a><\/h4>\n\t\t\t\t<a href=\"\/fr\/ressources\/anciens-combattants\/?utm_source=Home&#038;utm_medium=Referral&#038;utm_campaign=211Resources&#038;utm_content=Veterans\"  target=\"_self\" itemprop=\"url\">\n\t\t\t\t<img decoding=\"async\" src=\"https:\/\/211md.org\/wp-content\/uploads\/bb-plugin\/cache\/2025_MdInfoNet_Icon-Sets_Rating-square-6e60d00cce4faa8e0a6d4ad7366aa733-.png\" alt=\"\" itemprop=\"image\" onerror=\"this.style.display='none'\" loading=\"lazy\" \/>\n\t\t\t\t<\/a>","protected":false},"excerpt":{"rendered":"<p>Les employ\u00e9s du Maryland qui perdent leur emploi sans faute de leur part peuvent avoir droit aux allocations ch\u00f4mage. Ce programme offre des prestations d&#039;assurance ch\u00f4mage temporaires pour remplacer une partie de leurs revenus. Dans le Maryland, les personnes doivent d\u00e9clarer leur situation chaque semaine et confirmer qu&#039;elles recherchent activement un emploi. D\u00e9couvrez comment demander des allocations, obtenir une assurance maladie\u2026<\/p>","protected":false},"author":8,"featured_media":33905,"parent":924,"menu_order":0,"comment_status":"closed","ping_status":"closed","template":"","meta":{"footnotes":""},"class_list":["post-985","page","type-page","status-publish","has-post-thumbnail","hentry"],"_links":{"self":[{"href":"https:\/\/211md.org\/fr\/wp-json\/wp\/v2\/pages\/985","targetHints":{"allow":["GET"]}}],"collection":[{"href":"https:\/\/211md.org\/fr\/wp-json\/wp\/v2\/pages"}],"about":[{"href":"https:\/\/211md.org\/fr\/wp-json\/wp\/v2\/types\/page"}],"author":[{"embeddable":true,"href":"https:\/\/211md.org\/fr\/wp-json\/wp\/v2\/users\/8"}],"replies":[{"embeddable":true,"href":"https:\/\/211md.org\/fr\/wp-json\/wp\/v2\/comments?post=985"}],"version-history":[{"count":5,"href":"https:\/\/211md.org\/fr\/wp-json\/wp\/v2\/pages\/985\/revisions"}],"predecessor-version":[{"id":34019,"href":"https:\/\/211md.org\/fr\/wp-json\/wp\/v2\/pages\/985\/revisions\/34019"}],"up":[{"embeddable":true,"href":"https:\/\/211md.org\/fr\/wp-json\/wp\/v2\/pages\/924"}],"wp:featuredmedia":[{"embeddable":true,"href":"https:\/\/211md.org\/fr\/wp-json\/wp\/v2\/media\/33905"}],"wp:attachment":[{"href":"https:\/\/211md.org\/fr\/wp-json\/wp\/v2\/media?parent=985"}],"curies":[{"name":"wp","href":"https:\/\/api.w.org\/{rel}","templated":true}]}}