{"id":991,"date":"2021-04-16T17:42:02","date_gmt":"2021-04-16T17:42:02","guid":{"rendered":"https:\/\/211md.org\/?page_id=991"},"modified":"2025-12-01T10:13:33","modified_gmt":"2025-12-01T15:13:33","slug":"wic","status":"publish","type":"page","link":"https:\/\/211md.org\/fr\/resources\/food\/wic\/","title":{"rendered":"Comment le programme WIC du Maryland aide les femmes, les nourrissons et les enfants \u00e0 se nourrir"},"content":{"rendered":"<img decoding=\"async\" src=\"https:\/\/stg-maryland211-staging.kinsta.cloud\/wp-content\/uploads\/2025\/08\/5-1-scaled.png\" alt=\"5\" itemprop=\"image\" height=\"692\" width=\"2560\" title=\"5\" onerror=\"this.style.display='none'\" loading=\"lazy\" \/>\n\t\t<p>Le WIC fournit des bons d&#039;alimentation aux futures mamans \u00e9ligibles, aux nouvelles mamans qui allaitent et aux enfants jusqu&#039;\u00e0 5 ans.<\/p>\n<p>Renseignez-vous sur l\u2019admissibilit\u00e9 et connectez-vous \u00e0 ce programme alimentaire et \u00e0 d\u2019autres.<\/p>\n\t\t\t<a href=\"#start\" target=\"_self\">\n\t\t\t\t\t\tCommencer\n\t\t\t\t\t<\/a>\n\t\t\t\t<img decoding=\"async\" src=\"https:\/\/211md.org\/wp-content\/plugins\/bb-plugin\/img\/pixel.png\" alt=\"\" itemprop=\"image\" onerror=\"this.style.display='none'\" loading=\"lazy\" \/>\n\t\t\t\t<img decoding=\"async\" src=\"https:\/\/stg-maryland211-staging.kinsta.cloud\/wp-content\/uploads\/2025\/08\/16.png\" alt=\"16\" itemprop=\"image\" height=\"1000\" width=\"1000\" title=\"16\" onerror=\"this.style.display='none'\" loading=\"lazy\" \/>\n\t\t\t\t<img decoding=\"async\" src=\"https:\/\/211md.org\/wp-content\/uploads\/2021\/05\/Woman-Feeding-Baby.png\" alt=\"M\u00e8re nourrissant un nouveau-n\u00e9\" itemprop=\"image\" height=\"348\" width=\"460\" title=\"femme, alimentation, b\u00e9b\u00e9\" onerror=\"this.style.display='none'\" loading=\"lazy\" \/>\n\t<h2>WIC Maryland<\/h2>\n<p>Le Maryland WIC propose des bons d&#039;alimentation, une \u00e9ducation nutritionnelle et un soutien \u00e0 l&#039;allaitement.<\/p>\n<p>Le programme d\u2019assistance se concentre sur une meilleure nutrition et un avenir meilleur pour les enfants.<\/p>\n<p>Le programme peut \u00e9galement mettre en relation les femmes et les enfants avec d\u2019autres services.\u00a0<\/p>\n<h3>Que pouvez-vous acheter avec WIC ?<\/h3>\n<p>Les cartes WIC peuvent \u00eatre utilis\u00e9es pour acheter des produits d\u2019\u00e9picerie tels que :<\/p>\n<ul>\n<li>fruits frais<\/li>\n<li>l\u00e9gumes<\/li>\n<li>nourriture pour b\u00e9b\u00e9s<\/li>\n<li>lait<\/li>\n<li>\u0153ufs<\/li>\n<li>haricots<\/li>\n<li>fromage<\/li>\n<\/ul>\n<p>Selon le\u00a0<a href=\"https:\/\/health.maryland.gov\/phpa\/wic\/Pages\/participants.aspx\" target=\"_blank\" rel=\"noopener\">D\u00e9partement de la sant\u00e9 du Maryland<\/a>, plus de la moiti\u00e9 des nourrissons n\u00e9s aux \u00c9tats-Unis sont sous WIC.\u00a0<\/p>\n\t\t\t\t<a href=\"https:\/\/search.211md.org\/\" target=\"_blank\" rel=\"noopener\" itemprop=\"url\">\n\t\t\t\t<img decoding=\"async\" src=\"https:\/\/stg-maryland211-staging.kinsta.cloud\/wp-content\/uploads\/2025\/08\/2025_MdInfoNet_Icon-Sets-white_Locate.png\" alt=\"\" itemprop=\"image\" onerror=\"this.style.display='none'\" loading=\"lazy\" \/>\n\t\t\t\t<\/a>\n<h2><a href=\"https:\/\/search.211md.org\/\" target=\"_blank\" rel=\"noopener\">Trouver des ressources maintenant<\/a><\/h2><p>Trouver <strong>ressources communautaires <\/strong>Pour l&#039;alimentation, les soins de sant\u00e9, le logement et plus encore, consultez notre base de donn\u00e9es. Recherchez par code postal.<\/p>\n\t\t\t<a href=\"https:\/\/search.211md.org\/\" target=\"_blank\" rel=\"noopener\">\n\t\t\t\t\t\t\tRechercher maintenant\n\t\t\t<\/a>\n\t\t\t\t<img decoding=\"async\" src=\"http:\/\/211md.org\/wp-content\/uploads\/2025\/09\/Child-eating-food.jpg\" alt=\"Enfant mangeant de la nourriture\" itemprop=\"image\" title=\"Enfant mangeant de la nourriture\" onerror=\"this.style.display='none'\" loading=\"lazy\" \/>\n\t<h3>Qui est admissible au WIC dans le Maryland\u00a0?<\/h3>\n<p>Pour postuler au WIC, vous devez respecter les directives de qualification et prendre rendez-vous avec votre agence WIC locale.<\/p>\n<p>Vous pouvez postuler pour Maryland WIC si vous\u00a0:<\/p>\n<ul>\n<li>Vivre dans le Maryland<\/li>\n<li>Tu es:\n<ul>\n<li>Enceinte<\/li>\n<li>Nouvelle maman (jusqu&#039;\u00e0 six mois apr\u00e8s l&#039;accouchement)<\/li>\n<li>Allaitement (jusqu&#039;\u00e0 un an apr\u00e8s l&#039;accouchement)<\/li>\n<li>Nourrisson<\/li>\n<li>Enfant de moins de cinq ans<\/li>\n<\/ul>\n<\/li>\n<li>Rencontrer\u00a0<a href=\"https:\/\/health.maryland.gov\/phpa\/wic\/Documents\/certification\/O-00%20Income%20Guidelines%20E_S%20Current.pdf\" target=\"_blank\" rel=\"noopener\">lignes directrices sur le revenu<\/a><\/li>\n<li>Avoir un besoin nutritionnel<\/li>\n<\/ul>\n<p>Si vous remplissez ces qualifications, vous pouvez b\u00e9n\u00e9ficier des prestations WIC quel que soit votre emploi ou votre situation personnelle. Vous pouvez \u00eatre admissible m\u00eame si vous \u00eates employ\u00e9, au ch\u00f4mage, mari\u00e9, c\u00e9libataire, propri\u00e9taire d&#039;une maison ou si vous vivez avec des amis.<\/p>\n<p>Les mamans, les papas, les grands-parents et les tuteurs peuvent demander des prestations pour les enfants de moins de cinq ans.<\/p>\n<p>&nbsp;<\/p>\n\t\t\n\t\t<h2>Demande WIC du Maryland<\/h2>\n<p>Pour commencer avec l&#039;application Maryland WIC, vous devrez prendre rendez-vous avec votre agence WIC locale.\u00a0<\/p>\n<p>Vous devrez apporter une preuve des revenus du m\u00e9nage, une preuve d&#039;identit\u00e9, une preuve de votre adresse et \u00e9ventuellement une preuve de grossesse, le carnet de vaccination de votre enfant ou une r\u00e9f\u00e9rence.<\/p>\n<h3>Contactez WIC<\/h3>\n<ul>\n<li>Appelez le 1-800-242-4942 <\/li>\n<li>Courriel MDH.WIC@Maryland.gov<\/li>\n<li>Rendez-vous dans un bureau local<\/li>\n<\/ul>\n\t\t\t<a href=\"https:\/\/phpa.health.maryland.gov\/wic\/Pages\/wic-apply.aspx\" target=\"_blank\" rel=\"noopener\">\n\t\t\t\t\t\t\tConnectez-vous avec WIC\n\t\t\t\t\t<\/a>\n\t\t\t\t<img decoding=\"async\" src=\"https:\/\/211md.org\/wp-content\/plugins\/bb-plugin\/img\/pixel.png\" alt=\"\" itemprop=\"image\" onerror=\"this.style.display='none'\" loading=\"lazy\" \/>\n\t\t\t\t<img decoding=\"async\" src=\"https:\/\/211md.org\/wp-content\/uploads\/bb-plugin\/cache\/Call-center-specialst-circle-eeffe277a2415307db9e1df3ed658a58-.jpg\" alt=\"Sp\u00e9cialiste des centres d&#039;appels\" itemprop=\"image\" height=\"800\" width=\"1200\" title=\"Sp\u00e9cialiste des centres d&#039;appels\" onerror=\"this.style.display='none'\" loading=\"lazy\" \/>\n<h2>Composez le 211<\/h2><p>Parlez \u00e0 une personne attentionn\u00e9e et compatissante 24h\/24 et 7j\/7. Elle peut \u00e9galement vous orienter vers des ressources.<\/p>\n<p>Composez le 211 ou sur mobile, cliquez sur le bouton ci-dessous.<\/p>\n\t\t\t<a href=\"tel:%20+211\" target=\"_blank\" rel=\"noopener\">\n\t\t\t\t\t\tComposez le 211\n\t\t\t\t\t<\/a>\n\t\t\t\t<img decoding=\"async\" src=\"http:\/\/211md.org\/wp-content\/uploads\/2025\/09\/Maryland-WIC-App-Screenshots.jpg\" alt=\"Captures d&#039;\u00e9cran de l&#039;application WIC du Maryland\" itemprop=\"image\" title=\"Captures d&#039;\u00e9cran de l&#039;application WIC du Maryland\" onerror=\"this.style.display='none'\" loading=\"lazy\" \/>\n<h3>Application WIC<\/h3>\n<p>Il existe \u00e9galement une application gratuite disponible pour vous connecter aux avantages WIC dans le Maryland. Vous pouvez voir les rendez-vous \u00e0 venir, les avantages alimentaires, scanner les UPC lors de vos achats pour voir si le produit est approuv\u00e9 par le WIC et trouver les emplacements des magasins WIC et les cliniques WIC dans tout le Maryland.<\/p>\n\t\t\t<a href=\"https:\/\/phpa.health.maryland.gov\/wic\/Pages\/wic-apply.aspx\" target=\"_blank\" rel=\"noopener\">\n\t\t\t\t\t\tT\u00e9l\u00e9charger sur Apple\n\t\t\t\t\t<\/a>\n\t\t\t<a href=\"https:\/\/play.google.com\/store\/apps\/details?id=com.sigmasoftware.mdwic&#038;hl=en_US\" target=\"_blank\" rel=\"noopener\">\n\t\t\t\t\t\tT\u00e9l\u00e9charger sur Android\n\t\t\t\t\t<\/a>\n<h2>\n\t\t\tObtenez plus d&#039;informations sur l&#039;alimentation et les enfants\t<\/h2>\n\t\t<h4><a href=\"\/fr\/ressources\/vieillissement-handicap\/?utm_source=Home&#038;utm_medium=Referral&#038;utm_campaign=211Resources&#038;utm_content=Aging\" target=\"_self\">Vieillissement &amp; Handicap<\/a><\/h4>\n\t\t\t\t<a href=\"\/fr\/ressources\/vieillissement-handicap\/?utm_source=Home&#038;utm_medium=Referral&#038;utm_campaign=211Resources&#038;utm_content=Aging\"  target=\"_self\" itemprop=\"url\">\n\t\t\t\t<img decoding=\"async\" src=\"https:\/\/211md.org\/wp-content\/uploads\/bb-plugin\/cache\/2025_MdInfoNet_Icon-Sets_Aging-disability-square-c466727102cae71e5f27b8539bb51945-.png\" alt=\"\" itemprop=\"image\" onerror=\"this.style.display='none'\" loading=\"lazy\" \/>\n\t\t\t\t<\/a>\n\t\t<h4><a href=\"\/fr\/ressources\/enfants-familles\/?utm_source=Home&#038;utm_medium=Referral&#038;utm_campaign=211Resources&#038;utm_content=Children\" target=\"_self\">Enfants et familles<\/a><\/h4>\n\t\t\t\t<a href=\"\/fr\/ressources\/enfants-familles\/?utm_source=Home&#038;utm_medium=Referral&#038;utm_campaign=211Resources&#038;utm_content=Children\"  target=\"_self\" itemprop=\"url\">\n\t\t\t\t<img decoding=\"async\" src=\"https:\/\/211md.org\/wp-content\/uploads\/bb-plugin\/cache\/2025_211_Icon-Sets_Child-care-square-f3b0d4edab3dcc467fadb5f55f4064c6-.png\" alt=\"parent and child icon for child care\" itemprop=\"image\" height=\"417\" width=\"417\" title=\"2025_211_Ensembles d&#039;ic\u00f4nes_Garde d&#039;enfants\" onerror=\"this.style.display='none'\" loading=\"lazy\" \/>\n\t\t\t\t<\/a>\n\t\t<h4><a href=\"\/fr\/ressources\/violence-familiale-domestique\/?utm_source=Home&#038;utm_medium=Referral&#038;utm_campaign=211Resources&#038;utm_content=Domestic\" target=\"_self\">Violence Domestique<\/a><\/h4>\n\t\t\t\t<a href=\"\/fr\/ressources\/violence-familiale-domestique\/?utm_source=Home&#038;utm_medium=Referral&#038;utm_campaign=211Resources&#038;utm_content=Domestic\"  target=\"_self\" itemprop=\"url\">\n\t\t\t\t<img decoding=\"async\" src=\"https:\/\/211md.org\/wp-content\/uploads\/bb-plugin\/cache\/2025_211_Icon-Sets_Domestic-Violence-square-7b597694a6f05fe90cdc376aa573bc63-.png\" alt=\"Ic\u00f4ne de violence domestique\" itemprop=\"image\" height=\"417\" width=\"417\" title=\"2025_211_Ensembles d&#039;ic\u00f4nes_Violence domestique\" onerror=\"this.style.display='none'\" loading=\"lazy\" \/>\n\t\t\t\t<\/a>\n\t\t<h4><a href=\"\/fr\/ressources\/recherche-demploi\/?utm_source=Home&#038;utm_medium=Referral&#038;utm_campaign=211Resources&#038;utm_content=Employment\" target=\"_self\">Emploi<\/a><\/h4>\n\t\t\t\t<a href=\"\/fr\/ressources\/recherche-demploi\/?utm_source=Home&#038;utm_medium=Referral&#038;utm_campaign=211Resources&#038;utm_content=Employment\"  target=\"_self\" itemprop=\"url\">\n\t\t\t\t<img decoding=\"async\" src=\"https:\/\/211md.org\/wp-content\/uploads\/bb-plugin\/cache\/2025_MdInfoNet_Icon-Sets_Employment-square-44707bd410e4df10a470bf130ebcea86-.png\" alt=\"\" itemprop=\"image\" onerror=\"this.style.display='none'\" loading=\"lazy\" \/>\n\t\t\t\t<\/a>\n\t\t<h4><a href=\"\/fr\/ressources\/soins-de-sante\/?utm_source=Home&#038;utm_medium=Referral&#038;utm_campaign=211Resources&#038;utm_content=Health%20Care\" target=\"_self\">Soins de sant\u00e9<\/a><\/h4>\n\t\t\t\t<a href=\"\/fr\/ressources\/soins-de-sante\/?utm_source=Home&#038;utm_medium=Referral&#038;utm_campaign=211Resources&#038;utm_content=Health%20Care\"  target=\"_self\" itemprop=\"url\">\n\t\t\t\t<img decoding=\"async\" src=\"https:\/\/211md.org\/wp-content\/uploads\/bb-plugin\/cache\/2025_MdInfoNet_Icon-Sets_Health-Care-square-dee98a0060cbe0e7f27eda253fc12679-.png\" alt=\"\" itemprop=\"image\" onerror=\"this.style.display='none'\" loading=\"lazy\" \/>\n\t\t\t\t<\/a>\n\t\t<h4><a href=\"\/fr\/ressources\/enfants-familles\/parente\/?utm_source=Home&#038;utm_medium=Referral&#038;utm_campaign=211Resources&#038;utm_content=Kinship\" target=\"_self\">Parent\u00e9<\/a><\/h4>\n\t\t\t\t<a href=\"\/fr\/ressources\/enfants-familles\/parente\/?utm_source=Home&#038;utm_medium=Referral&#038;utm_campaign=211Resources&#038;utm_content=Kinship\"  target=\"_self\" itemprop=\"url\">\n\t\t\t\t<img decoding=\"async\" src=\"https:\/\/211md.org\/wp-content\/uploads\/bb-plugin\/cache\/2025_211_Icon-Sets_Kinship-square-45bdf872866f5735f842c32071109267-.png\" alt=\"Ic\u00f4ne de parent\u00e9\" itemprop=\"image\" height=\"417\" width=\"417\" title=\"2025_211_Ensembles d&#039;ic\u00f4nes_Parent\u00e9\" onerror=\"this.style.display='none'\" loading=\"lazy\" \/>\n\t\t\t\t<\/a>\n\t\t<h4><a href=\"\/fr\/ressources\/services-juridiques\/?utm_source=Home&#038;utm_medium=Referral&#038;utm_campaign=211Resources&#038;utm_content=Legal\" target=\"_self\">Services juridiques<\/a><\/h4>\n\t\t\t\t<a href=\"\/fr\/ressources\/services-juridiques\/?utm_source=Home&#038;utm_medium=Referral&#038;utm_campaign=211Resources&#038;utm_content=Legal\"  target=\"_self\" itemprop=\"url\">\n\t\t\t\t<img decoding=\"async\" src=\"https:\/\/211md.org\/wp-content\/uploads\/bb-plugin\/cache\/2025_MdInfoNet_Icon-Sets_Legal-square-18fdf438feb8435588174d9046463257-.png\" alt=\"\" itemprop=\"image\" onerror=\"this.style.display='none'\" loading=\"lazy\" \/>\n\t\t\t\t<\/a>\n\t\t<h4><a href=\"\/fr\/ressources\/sante-mentale\/?utm_source=Home&#038;utm_medium=Referral&#038;utm_campaign=211Resources&#038;utm_content=Mental\" target=\"_self\">Sant\u00e9 mentale<\/a><\/h4>\n\t\t\t\t<a href=\"\/fr\/ressources\/sante-mentale\/?utm_source=Home&#038;utm_medium=Referral&#038;utm_campaign=211Resources&#038;utm_content=Mental\"  target=\"_self\" itemprop=\"url\">\n\t\t\t\t<img decoding=\"async\" src=\"https:\/\/211md.org\/wp-content\/uploads\/bb-plugin\/cache\/2025_MdInfoNet_Icon-Sets_Mental-Health-square-c59b38c4a993a947d4c9280fbe2d2fee-.png\" alt=\"\" itemprop=\"image\" onerror=\"this.style.display='none'\" loading=\"lazy\" \/>\n\t\t\t\t<\/a>\n\t\t<h4><a href=\"\/fr\/ressources\/mdreentry\/?utm_source=Home&#038;utm_medium=Referral&#038;utm_campaign=211Resources&#038;utm_content=Reentry\" target=\"_self\">Rentr\u00e9e<\/a><\/h4>\n\t\t\t\t<a href=\"\/fr\/ressources\/mdreentry\/?utm_source=Home&#038;utm_medium=Referral&#038;utm_campaign=211Resources&#038;utm_content=Reentry\"  target=\"_self\" itemprop=\"url\">\n\t\t\t\t<img decoding=\"async\" src=\"https:\/\/211md.org\/wp-content\/uploads\/bb-plugin\/cache\/2025_211_Icon-Sets_Reentry-square-8676fea38abd920a832f45642fe31cca-.png\" alt=\"Ic\u00f4ne de rentr\u00e9e\" itemprop=\"image\" height=\"417\" width=\"417\" title=\"2025_211_Ensembles d&#039;ic\u00f4nes_R\u00e9entr\u00e9e\" onerror=\"this.style.display='none'\" loading=\"lazy\" \/>\n\t\t\t\t<\/a>\n\t\t<h4><a href=\"\/fr\/ressources\/consommation-de-substances\/?utm_source=Home&#038;utm_medium=Referral&#038;utm_campaign=211Resources&#038;utm_content=Substance\" target=\"_self\">Consommation de substances<\/a><\/h4>\n\t\t\t\t<a href=\"\/fr\/ressources\/consommation-de-substances\/?utm_source=Home&#038;utm_medium=Referral&#038;utm_campaign=211Resources&#038;utm_content=Substance\"  target=\"_self\" itemprop=\"url\">\n\t\t\t\t<img decoding=\"async\" src=\"https:\/\/211md.org\/wp-content\/uploads\/bb-plugin\/cache\/2025_MdInfoNet_Icon-Sets_Substance-Abuse-square-9022fec9d18a64118ad685c101885b55-.png\" alt=\"\" itemprop=\"image\" onerror=\"this.style.display='none'\" loading=\"lazy\" \/>\n\t\t\t\t<\/a>\n\t\t<h4><a href=\"\/fr\/ressources\/anciens-combattants\/?utm_source=Home&#038;utm_medium=Referral&#038;utm_campaign=211Resources&#038;utm_content=Veterans\" target=\"_self\">anciens combattants<\/a><\/h4>\n\t\t\t\t<a href=\"\/fr\/ressources\/anciens-combattants\/?utm_source=Home&#038;utm_medium=Referral&#038;utm_campaign=211Resources&#038;utm_content=Veterans\"  target=\"_self\" itemprop=\"url\">\n\t\t\t\t<img decoding=\"async\" src=\"https:\/\/211md.org\/wp-content\/uploads\/bb-plugin\/cache\/2025_MdInfoNet_Icon-Sets_Rating-square-6e60d00cce4faa8e0a6d4ad7366aa733-.png\" alt=\"\" itemprop=\"image\" onerror=\"this.style.display='none'\" loading=\"lazy\" \/>\n\t\t\t\t<\/a>","protected":false},"excerpt":{"rendered":"<p>Le programme WIC offre des bons d&#039;alimentation aux futures mamans, aux jeunes mamans qui allaitent et aux enfants jusqu&#039;\u00e0 5 ans admissibles. Renseignez-vous sur les conditions d&#039;\u00e9ligibilit\u00e9 et contactez ce programme alimentaire et d&#039;autres. D\u00e9marrer\u00a0? WIC Maryland. Le programme WIC Maryland propose des bons d&#039;alimentation, des informations nutritionnelles et un soutien \u00e0 l&#039;allaitement. Ce programme d&#039;aide vise \u00e0 am\u00e9liorer la nutrition et l&#039;avenir des\u2026<\/p>","protected":false},"author":8,"featured_media":33737,"parent":746,"menu_order":0,"comment_status":"closed","ping_status":"closed","template":"","meta":{"footnotes":""},"class_list":["post-991","page","type-page","status-publish","has-post-thumbnail","hentry"],"_links":{"self":[{"href":"https:\/\/211md.org\/fr\/wp-json\/wp\/v2\/pages\/991","targetHints":{"allow":["GET"]}}],"collection":[{"href":"https:\/\/211md.org\/fr\/wp-json\/wp\/v2\/pages"}],"about":[{"href":"https:\/\/211md.org\/fr\/wp-json\/wp\/v2\/types\/page"}],"author":[{"embeddable":true,"href":"https:\/\/211md.org\/fr\/wp-json\/wp\/v2\/users\/8"}],"replies":[{"embeddable":true,"href":"https:\/\/211md.org\/fr\/wp-json\/wp\/v2\/comments?post=991"}],"version-history":[{"count":11,"href":"https:\/\/211md.org\/fr\/wp-json\/wp\/v2\/pages\/991\/revisions"}],"predecessor-version":[{"id":34179,"href":"https:\/\/211md.org\/fr\/wp-json\/wp\/v2\/pages\/991\/revisions\/34179"}],"up":[{"embeddable":true,"href":"https:\/\/211md.org\/fr\/wp-json\/wp\/v2\/pages\/746"}],"wp:featuredmedia":[{"embeddable":true,"href":"https:\/\/211md.org\/fr\/wp-json\/wp\/v2\/media\/33737"}],"wp:attachment":[{"href":"https:\/\/211md.org\/fr\/wp-json\/wp\/v2\/media?parent=991"}],"curies":[{"name":"wp","href":"https:\/\/api.w.org\/{rel}","templated":true}]}}