{"id":999,"date":"2021-04-16T18:11:18","date_gmt":"2021-04-16T18:11:18","guid":{"rendered":"https:\/\/211md.org\/?page_id=999"},"modified":"2025-09-07T20:53:11","modified_gmt":"2025-09-08T00:53:11","slug":"programmes-dete","status":"publish","type":"page","link":"https:\/\/211md.org\/fr\/resources\/children-families\/summer-programs\/","title":{"rendered":"Camps d&#039;\u00e9t\u00e9, programmes et soutien alimentaire pour les enfants"},"content":{"rendered":"<p>Vous vous demandez comment occuper votre enfant pendant ses vacances d&#039;\u00e9t\u00e9 ? Il existe des programmes de loisirs gratuits ou \u00e0 faible co\u00fbt disponibles dans votre r\u00e9gion.\u00a0\u00a0<\/p>\n<p>De nombreux services et organisations locaux de parcs et de loisirs proposent des programmes et des camps pour garder les enfants actifs pendant l&#039;\u00e9t\u00e9 de mani\u00e8re amusante et engageante.<\/p>\n<h2>Trouver un camp d&#039;\u00e9t\u00e9 dans le Maryland<\/h2>\n<p><a href=\"https:\/\/search.211md.org\/search?query=PL-6400.1500-820&amp;query_type=taxonomy&amp;query_label=&amp;query_language=en\" target=\"_blank\" rel=\"noopener\">Le 211 poss\u00e8de une base de donn\u00e9es de pr\u00e8s de 200 camps d&#039;\u00e9t\u00e9 et ressources<\/a>. Vous pouvez effectuer une recherche par ville ou code postal, langue et \u00e2ge de l&#039;enfant. <\/p>\n<p>Cette liste comprend les programmes de parcs et loisirs, le YMCA et d&#039;autres organisations. La base de donn\u00e9es 211 comprend \u00e9galement des ressources sur les camps comme le r\u00e9pertoire des camps d&#039;\u00e9t\u00e9 de la Baltimore Family Alliance, qui propose des camps dans la r\u00e9gion de Baltimore. Vous devez fournir votre nom et votre email pour t\u00e9l\u00e9charger le <a href=\"https:\/\/www.baltimorefamilies.org\/summer-camp-directory.html\" target=\"_blank\" rel=\"noopener\">Annuaire des camps d&#039;\u00e9t\u00e9 \u00e0 Baltimore<\/a>.<\/p>\n<p>Vous pouvez \u00e9galement rechercher des camps d&#039;\u00e9t\u00e9 et v\u00e9rifier que celui que vous avez choisi est agr\u00e9\u00e9, avec le <a href=\"https:\/\/mdhyouthcamps.force.com\/CampSearch\/s\/\" target=\"_blank\" rel=\"noopener\">Base de donn\u00e9es des camps du minist\u00e8re de la Sant\u00e9 du Maryland<\/a>. La base de donn\u00e9es du minist\u00e8re de la Sant\u00e9 vous permet d&#039;effectuer une recherche par nom de camp, num\u00e9ro de licence ou comt\u00e9.<\/p>\n\t\t\t\t<img decoding=\"async\" src=\"https:\/\/211md.org\/wp-content\/uploads\/2021\/05\/Diverse-Children.png\" alt=\"Un groupe d&#039;enfants avec les mains lev\u00e9es et souriant\" itemprop=\"image\" height=\"348\" width=\"460\" title=\"Enfants divers\" onerror=\"this.style.display='none'\" loading='lazy' \/>\n\t<h3>Programmes d&#039;enrichissement<\/h3>\n<p>Le 211 fournit \u00e9galement une liste de programmes d&#039;enrichissement pour les jeunes pour l&#039;\u00e9t\u00e9. Ceux-ci peuvent inclure du tutorat, des activit\u00e9s \u00e9ducatives, un soutien acad\u00e9mique et d\u2019autres programmes sp\u00e9ciaux. <a href=\"https:\/\/search.211md.org\/search?query=PL-6400.1500-820&amp;query_type=taxonomy&amp;query_label=&amp;query_language=en\" target=\"_blank\" rel=\"noopener\">Recherchez des programmes d&#039;enrichissement dans notre base de donn\u00e9es de ressources \u00e0 l&#039;\u00e9chelle de l&#039;\u00c9tat<\/a>.<\/p>\n<h4>Autres soutiens pour les enfants<\/h4>\n<p>Le 211 propose \u00e9galement des ressources pour les enfants qui peuvent les aider en mati\u00e8re de tutorat ou de mentorat. Nous effectuons \u00e9galement des recherches sur les \u00e9coles publiques. V\u00e9rifiez aupr\u00e8s de votre district scolaire local s&#039;il propose un programme d&#039;\u00e9t\u00e9 ou une \u00e9cole d&#039;\u00e9t\u00e9.<\/p>\n<p>Vous pouvez \u00e9galement toujours composer le 211 pour obtenir de l\u2019aide pour trouver un camp ou un programme d\u2019\u00e9t\u00e9.<\/p>\n<p>Rechercher:<\/p>\n<ul>\n<li><a href=\"https:\/\/search.211md.org\/search?query=HL-8700&amp;query_type=taxonomy&amp;query_label=&amp;query_language=en\" target=\"_blank\" rel=\"noopener\">Services de tutorat<\/a><\/li>\n<li><a href=\"https:\/\/search.211md.org\/search?query=HD-8000&amp;query_type=taxonomy&amp;query_label=&amp;query_language=en\" target=\"_blank\" rel=\"noopener\">\u00c9coles publiques<\/a><\/li>\n<li><a href=\"https:\/\/search.211md.org\/search?query=PH-1400.5000-100&amp;query_type=taxonomy&amp;query_label=&amp;query_language=en\" target=\"_blank\" rel=\"noopener\">Programmes de mentorat adultes\/enfants<\/a><\/li>\n<\/ul>\n\t<h2><b>Nourriture pour les enfants d&#039;\u00e2ge scolaire pendant l&#039;\u00e9t\u00e9<\/b>\u00a0<\/h2>\n<p>De nombreux districts scolaires offrent des repas sains aux enfants pendant l&#039;\u00e9t\u00e9 dans le prolongement des services offerts pendant l&#039;ann\u00e9e scolaire. Vous n&#039;avez pas besoin de vous inscrire ni de fournir une pi\u00e8ce d&#039;identit\u00e9 pour recevoir la nourriture pour les enfants de 18 ans et moins.\u00a0<\/p>\n<p>Les programmes se d\u00e9roulent g\u00e9n\u00e9ralement \u00e0 la biblioth\u00e8que, \u00e0 l&#039;\u00e9cole, dans une organisation confessionnelle, dans un centre r\u00e9cr\u00e9atif ou chez un autre partenaire communautaire.<\/p>\n<p><a href=\"https:\/\/mars.msde.maryland.gov\/mars_sitesearch\/\" target=\"_blank\" rel=\"noopener\">Trouvez un restaurant d&#039;\u00e9t\u00e9 pr\u00e8s de chez vous<\/a>.\u00a0<\/p>\n<h3>Dollars du soleil d&#039;\u00e9t\u00e9<\/h3>\n<p>\u00c0 partir de cette ann\u00e9e, il y aura \u00e9galement un programme EBT d&#039;\u00e9t\u00e9 connu sous le nom de <a href=\"https:\/\/www.fns.usda.gov\/summer\/sunbucks\" target=\"_blank\" rel=\"noopener\">Dollars SOLEIL<\/a> pour r\u00e9duire la faim en \u00e9t\u00e9.<\/p>\n<p>Les familles \u00e9ligibles recevront $120 par enfant pour les aider \u00e0 faire l&#039;\u00e9picerie de leurs enfants pendant l&#039;\u00e9t\u00e9, lorsque l&#039;\u00e9cole est ferm\u00e9e. La plupart des familles du Maryland seront automatiquement inscrites. Vous n&#039;\u00eates pas oblig\u00e9 de postuler si :<\/p>\n<ul>\n<li>le m\u00e9nage b\u00e9n\u00e9ficie de repas scolaires gratuits ou \u00e0 prix r\u00e9duit<\/li>\n<li>le m\u00e9nage participe au SNAP (bons alimentaires), \u00e0 l&#039;assistance temporaire en esp\u00e8ces (TCA) ou \u00e0 Medicaid<\/li>\n<li>les enfants sont en famille d&#039;accueil, sans abri, migrants ou en fugue<\/li>\n<\/ul>\n<p>Le programme devrait contribuer \u00e0 nourrir 50 000 enfants dans tout l\u2019\u00c9tat.<\/p>\n<p>Il s\u2019agit d\u2019une prestation d\u2019\u00e9picerie financ\u00e9e par le gouvernement f\u00e9d\u00e9ral. En juin, juillet et ao\u00fbt, les familles recevront $40 par mois ($120 au total) par \u00e9l\u00e8ve \u00e9ligible. Les fonds expirent 122 jours apr\u00e8s leur \u00e9mission et ne peuvent pas \u00eatre r\u00e9\u00e9mis.<\/p>\n<p>En savoir plus sur <a href=\"https:\/\/dhs.maryland.gov\/sunbucks\/\" target=\"_blank\" rel=\"noopener\">Soleil d&#039;\u00e9t\u00e9 Bucks dans le Maryland<\/a>.<\/p>\n\t\t\t\t<img decoding=\"async\" src=\"http:\/\/211md.org\/wp-content\/uploads\/2024\/04\/School-aged-children-getting-free-lunch.jpg\" alt=\"Les enfants d&#039;\u00e2ge scolaire re\u00e7oivent un d\u00e9jeuner gratuit\" itemprop=\"image\" title=\"Les enfants d&#039;\u00e2ge scolaire re\u00e7oivent un d\u00e9jeuner gratuit\" onerror=\"this.style.display='none'\" loading='lazy' \/>\n<h2>Informations connexes<\/h2>\n<p><a title=\"\u00catre parent\" href=\"https:\/\/211md.org\/fr\/ressources\/enfants-familles\/etre-parent\/\">Soutien parental<\/a><\/p>\n<p><a title=\"Avoir un b\u00e9b\u00e9\" href=\"https:\/\/211md.org\/fr\/ressources\/enfants-familles\/avoir-un-bebe\/\">Avoir un b\u00e9b\u00e9<\/a><\/p>\n<p><a href=\"https:\/\/211md.org\/fr\/ressources\/nourriture\/wic\/\">Femmes, nourrissons et enfants (WIC)<\/a><\/p>\n<p><a title=\"ACE\" href=\"https:\/\/211md.org\/fr\/ressources\/enfants-familles\/as\/\">ACE<\/a><\/p>\n<p><a title=\"Mon enfant est hors de contr\u00f4le\" href=\"https:\/\/211md.org\/fr\/ressources\/enfants-familles\/comportements-enfants\/\">Comportements de l&#039;enfant<\/a><\/p>\n<p><a href=\"https:\/\/211md.org\/fr\/ressources\/enfants-familles\/parente\/\" target=\"_blank\" rel=\"noopener\">Soins de la parent\u00e9<\/a><\/p>\n<p><a href=\"https:\/\/211md.org\/fr\/ressources\/enfants-familles\/navigation-parente\/\" target=\"_blank\" rel=\"noopener\">Navigation de parent\u00e9<\/a><\/p>\n<h2>\n\t\t\tTrouver des ressources\t<\/h2>\n\t\t\t\t<a href=\"\/fr\/ressources\/vieillissement-handicap\/\"  target=\"_self\" itemprop=\"url\">\n\t\t\t\t<img decoding=\"async\" src=\"https:\/\/211md.org\/wp-content\/uploads\/bb-plugin\/cache\/Mask-Group-41@2x-circle-73eaadba4cad8269faa4720e25cf1c85-.png\" alt=\"Les pieds d&#039;une femme plus \u00e2g\u00e9e et d&#039;une femme plus jeune marchant ensemble\" itemprop=\"image\" height=\"500\" width=\"500\" title=\"Services aux personnes handicap\u00e9es\" onerror=\"this.style.display='none'\" loading='lazy' \/>\n\t\t\t\t<\/a>\n\t\t<h3><a href=\"\/fr\/ressources\/vieillissement-handicap\/\" target=\"_self\">Vieillissement &amp; Handicap<\/a><\/h3>\t\n\t\t\t\t<a href=\"\/fr\/ressources\/enfants-familles\/\"  target=\"_self\" itemprop=\"url\">\n\t\t\t\t<img decoding=\"async\" src=\"https:\/\/211md.org\/wp-content\/uploads\/bb-plugin\/cache\/Mask-Group-38@2x-circle-ac40d46265fbec62083cd27f6dcf23b0-.png\" alt=\"Un jeune gar\u00e7on et une fille souriant et regardant la cam\u00e9ra\" itemprop=\"image\" height=\"500\" width=\"500\" title=\"Groupe de masques 38@2x\" onerror=\"this.style.display='none'\" loading='lazy' \/>\n\t\t\t\t<\/a>\n\t\t<h3><a href=\"\/fr\/ressources\/enfants-familles\/\" target=\"_self\">Enfants et familles<\/a><\/h3>\t\n\t\t\t\t<a href=\"\/fr\/ressources\/violence-familiale-domestique\/\"  target=\"_self\" itemprop=\"url\">\n\t\t\t\t<img decoding=\"async\" src=\"https:\/\/211md.org\/wp-content\/uploads\/bb-plugin\/cache\/Mask-Group-39@2x-circle-b2589197a13c791d910f46dd10b27a87-.png\" alt=\"Deux paires de mains se tenant\" itemprop=\"image\" height=\"500\" width=\"500\" title=\"Groupe de masques 39@2x\" onerror=\"this.style.display='none'\" loading='lazy' \/>\n\t\t\t\t<\/a>\n\t\t<h3><a href=\"\/fr\/ressources\/violence-familiale-domestique\/\" target=\"_self\">Violence domestique\/familiale<\/a><\/h3>\t\n\t\t\t\t<a href=\"\/fr\/ressources\/recherche-demploi\/\"  target=\"_self\" itemprop=\"url\">\n\t\t\t\t<img decoding=\"async\" src=\"https:\/\/211md.org\/wp-content\/uploads\/bb-plugin\/cache\/Employment-circle-bf72562329e950df948954f5d3f44b2e-.png\" alt=\"Un m\u00e9canicien automobile\" itemprop=\"image\" height=\"500\" width=\"500\" title=\"Emploi\" onerror=\"this.style.display='none'\" loading='lazy' \/>\n\t\t\t\t<\/a>\n\t\t<h3><a href=\"\/fr\/ressources\/recherche-demploi\/\" target=\"_self\">Emploi<\/a><\/h3>\t\n\t\t\t\t<a href=\"\/fr\/ressources\/soins-de-sante\/\"  target=\"_self\" itemprop=\"url\">\n\t\t\t\t<img decoding=\"async\" src=\"https:\/\/211md.org\/wp-content\/uploads\/bb-plugin\/cache\/Mask-Group-35@2x-circle-94be10c13e4adae1683b4589dc2f5b2f-.png\" alt=\"Docteur regardant la jambe des gar\u00e7ons\" itemprop=\"image\" height=\"500\" width=\"500\" title=\"Groupe de masques 35@2x\" onerror=\"this.style.display='none'\" loading='lazy' \/>\n\t\t\t\t<\/a>\n\t\t<h3><a href=\"\/fr\/ressources\/soins-de-sante\/\" target=\"_self\">Soins de sant\u00e9<\/a><\/h3>\t\n\t\t\t\t<a href=\"\/fr\/ressources\/nourriture\/\"  target=\"_self\" itemprop=\"url\">\n\t\t\t\t<img decoding=\"async\" src=\"https:\/\/211md.org\/wp-content\/uploads\/bb-plugin\/cache\/Mask-Group-32@2x-circle-1c6d647dcaf998fa079d26735cedc92b-.png\" alt=\"L\u00e9gumes frais\" itemprop=\"image\" height=\"500\" width=\"500\" title=\"Groupe de masques 32@2x\" onerror=\"this.style.display='none'\" loading='lazy' \/>\n\t\t\t\t<\/a>\n\t\t<h3><a href=\"\/fr\/ressources\/nourriture\/\" target=\"_self\">Nourriture<\/a><\/h3>\t\n\t\t\t\t<a href=\"\/fr\/ressources\/logement-refuge\/\"  target=\"_self\" itemprop=\"url\">\n\t\t\t\t<img decoding=\"async\" src=\"https:\/\/211md.org\/wp-content\/uploads\/bb-plugin\/cache\/Mask-Group-34@2x-circle-b99c55fc16ef21f35e2f2a1f7cc37b9a-.png\" alt=\"Balcon complexe d&#039;appartements\" itemprop=\"image\" height=\"500\" width=\"500\" title=\"Complexe d&#039;appartements\" onerror=\"this.style.display='none'\" loading='lazy' \/>\n\t\t\t\t<\/a>\n\t\t<h3><a href=\"\/fr\/ressources\/logement-refuge\/\" target=\"_self\">Logement &amp; Abri<\/a><\/h3>\t\n\t\t\t\t<a href=\"\/fr\/ressources\/nouveau-aux-etats-unis-et-au-maryland\/\"  target=\"_self\" itemprop=\"url\">\n\t\t\t\t<img decoding=\"async\" src=\"https:\/\/211md.org\/wp-content\/uploads\/bb-plugin\/cache\/American-flag-circle-0016cc327e27ef7aeb080f1da6c6e98b-.jpg\" alt=\"nouveau aux \u00c9tats-Unis\" itemprop=\"image\" height=\"364\" width=\"1366\" title=\"Drapeau am\u00e9ricain\" onerror=\"this.style.display='none'\" loading='lazy' \/>\n\t\t\t\t<\/a>\n\t\t<h3><a href=\"\/fr\/ressources\/nouveau-aux-etats-unis-et-au-maryland\/\" target=\"_self\">Immigration<\/a><\/h3>\t\n\t\t\t\t<a href=\"\/fr\/ressources\/enfants-familles\/parente\/\"  target=\"_self\" itemprop=\"url\">\n\t\t\t\t<img decoding=\"async\" src=\"https:\/\/211md.org\/wp-content\/uploads\/bb-plugin\/cache\/kinship-family-navigating-a-computer-circle-045fee9d587aefb20221bfea41a2cf9b-.png\" alt=\"famille de parent\u00e9 naviguant sur un ordinateur\" itemprop=\"image\" title=\"famille de parent\u00e9 naviguant sur un ordinateur\" onerror=\"this.style.display='none'\" loading='lazy' \/>\n\t\t\t\t<\/a>\n\t\t<h3><a href=\"\/fr\/ressources\/enfants-familles\/parente\/\" target=\"_self\">Parent\u00e9<\/a><\/h3>\t\n\t\t\t\t<a href=\"\/fr\/ressources\/services-juridiques\/\"  target=\"_self\" itemprop=\"url\">\n\t\t\t\t<img decoding=\"async\" src=\"https:\/\/211md.org\/wp-content\/uploads\/bb-plugin\/cache\/Housing-Legal-circle-9a8f3c1c72c54b6e1ce612d2993c1ad4-.png\" alt=\"Marteau juridique avec un mod\u00e8le en plastique d&#039;une maison \u00e0 c\u00f4t\u00e9\" itemprop=\"image\" height=\"348\" width=\"460\" title=\"Juridique du logement\" onerror=\"this.style.display='none'\" loading='lazy' \/>\n\t\t\t\t<\/a>\n\t\t<h3><a href=\"\/fr\/ressources\/services-juridiques\/\" target=\"_self\">Services juridiques<\/a><\/h3>\t\n\t\t\t\t<a href=\"\/fr\/ressources\/sante-mentale\/\"  target=\"_self\" itemprop=\"url\">\n\t\t\t\t<img decoding=\"async\" src=\"https:\/\/211md.org\/wp-content\/uploads\/bb-plugin\/cache\/Mask-Group-40@2x-circle-7bd9426367852fb3d841bc4bdc57a550-.png\" alt=\"Les profils d&#039;un homme et d&#039;une femme\" itemprop=\"image\" height=\"500\" width=\"500\" title=\"Groupe de masques 40@2x\" onerror=\"this.style.display='none'\" loading='lazy' \/>\n\t\t\t\t<\/a>\n\t\t<h3><a href=\"\/fr\/ressources\/sante-mentale\/\" target=\"_self\">Sant\u00e9 mentale<\/a><\/h3>\t\n\t\t\t\t<a href=\"\/fr\/ressources\/mdreentry\/\"  target=\"_self\" itemprop=\"url\">\n\t\t\t\t<img decoding=\"async\" src=\"https:\/\/211md.org\/wp-content\/uploads\/bb-plugin\/cache\/Diverse-group-of-community-members-circle-4457c114cd48613bc79a0fb50060319c-.jpg\" alt=\"Groupe diversifi\u00e9 de membres de la communaut\u00e9\" itemprop=\"image\" height=\"800\" width=\"1200\" title=\"Groupe diversifi\u00e9 de membres de la communaut\u00e9\" onerror=\"this.style.display='none'\" loading='lazy' \/>\n\t\t\t\t<\/a>\n\t\t<h3><a href=\"\/fr\/ressources\/mdreentry\/\" target=\"_self\">Rentr\u00e9e<\/a><\/h3>\t\n\t\t\t\t<a href=\"\/fr\/arreter\/\"  target=\"_self\" itemprop=\"url\">\n\t\t\t\t<img decoding=\"async\" src=\"https:\/\/211md.org\/wp-content\/uploads\/bb-plugin\/cache\/Background-section-MDStophate-circle-08e2bae1cf9f2ad6cc83e01e23da8cb9-.jpg\" alt=\"Arri\u00e8re-plan-section-MDStophate\" itemprop=\"image\" height=\"768\" width=\"1366\" title=\"Arri\u00e8re-plan-section-MDStophate\" onerror=\"this.style.display='none'\" loading='lazy' \/>\n\t\t\t\t<\/a>\n\t\t<h3><a href=\"\/fr\/arreter\/\" target=\"_self\">Arr\u00eatez la haine<\/a><\/h3>\t\n\t\t\t\t<a href=\"\/fr\/ressources\/consommation-de-substances\/\"  target=\"_self\" itemprop=\"url\">\n\t\t\t\t<img decoding=\"async\" src=\"https:\/\/211md.org\/wp-content\/uploads\/bb-plugin\/cache\/Substance-Use-circle-ad2d564932dc31267e0c32a6fb2d915c-.png\" alt=\"Pilules cassantes \u00e0 la main\" itemprop=\"image\" height=\"500\" width=\"500\" title=\"Consommation de substances\" onerror=\"this.style.display='none'\" loading='lazy' \/>\n\t\t\t\t<\/a>\n\t\t<h3><a href=\"\/fr\/ressources\/consommation-de-substances\/\" target=\"_self\">Consommation de substances<\/a><\/h3>\t\n\t\t\t\t<a href=\"\/fr\/ressources\/services-fiscaux\/\"  target=\"_self\" itemprop=\"url\">\n\t\t\t\t<img decoding=\"async\" src=\"https:\/\/211md.org\/wp-content\/uploads\/bb-plugin\/cache\/Mask-Group-34-circle-166a606e37e61188c9a17d5e634cda3c-.png\" alt=\"Personne remplissant les formulaires d&#039;imp\u00f4t sur le revenu\" itemprop=\"image\" height=\"500\" width=\"500\" title=\"Groupe de masques 34\" onerror=\"this.style.display='none'\" loading='lazy' \/>\n\t\t\t\t<\/a>\n\t\t<h3><a href=\"\/fr\/ressources\/services-fiscaux\/\" target=\"_self\">Services fiscaux<\/a><\/h3>\t\n\t\t\t\t<a href=\"\/fr\/ressources\/assistance-utilitaire\/\"  target=\"_self\" itemprop=\"url\">\n\t\t\t\t<img decoding=\"async\" src=\"https:\/\/211md.org\/wp-content\/uploads\/bb-plugin\/cache\/Mask-Group-37@2x-circle-9661a11b9c4082079c9a1f06bc539567-.png\" alt=\"Une ampoule allum\u00e9e\" itemprop=\"image\" height=\"500\" width=\"500\" title=\"Masque Groupe 37@2x\" onerror=\"this.style.display='none'\" loading='lazy' \/>\n\t\t\t\t<\/a>\n\t\t<h3><a href=\"\/fr\/ressources\/assistance-utilitaire\/\" target=\"_self\">Assistance utilitaire<\/a><\/h3>\t\n\t\t\t\t<a href=\"\/fr\/ressources\/anciens-combattants\/\"  target=\"_self\" itemprop=\"url\">\n\t\t\t\t<img decoding=\"async\" src=\"https:\/\/211md.org\/wp-content\/uploads\/bb-plugin\/cache\/Veterans-circle-7c6972a59826c74f1f658f61df785fc3-.png\" alt=\"Un soldat serrant la main de quelqu&#039;un et souriant\" itemprop=\"image\" title=\"anciens combattants\" onerror=\"this.style.display='none'\" loading='lazy' \/>\n\t\t\t\t<\/a>\n\t\t<h3><a href=\"\/fr\/ressources\/anciens-combattants\/\" target=\"_self\">anciens combattants<\/a><\/h3>","protected":false},"excerpt":{"rendered":"<p>Vous vous demandez comment occuper votre enfant pendant les vacances d&#039;\u00e9t\u00e9 ? Il existe des programmes de loisirs gratuits ou \u00e0 faible co\u00fbt disponibles dans votre r\u00e9gion. De nombreux services et organismes locaux de parcs et de loisirs proposent des programmes et des camps pour garder les enfants actifs pendant l&#039;\u00e9t\u00e9 de mani\u00e8re amusante et engageante. Trouvez un \u00e9t\u00e9 dans le Maryland\u2026<\/p>","protected":false},"author":8,"featured_media":3225,"parent":839,"menu_order":0,"comment_status":"closed","ping_status":"closed","template":"","meta":{"footnotes":""},"class_list":["post-999","page","type-page","status-publish","has-post-thumbnail","hentry"],"_links":{"self":[{"href":"https:\/\/211md.org\/fr\/wp-json\/wp\/v2\/pages\/999","targetHints":{"allow":["GET"]}}],"collection":[{"href":"https:\/\/211md.org\/fr\/wp-json\/wp\/v2\/pages"}],"about":[{"href":"https:\/\/211md.org\/fr\/wp-json\/wp\/v2\/types\/page"}],"author":[{"embeddable":true,"href":"https:\/\/211md.org\/fr\/wp-json\/wp\/v2\/users\/8"}],"replies":[{"embeddable":true,"href":"https:\/\/211md.org\/fr\/wp-json\/wp\/v2\/comments?post=999"}],"version-history":[{"count":2,"href":"https:\/\/211md.org\/fr\/wp-json\/wp\/v2\/pages\/999\/revisions"}],"predecessor-version":[{"id":4679,"href":"https:\/\/211md.org\/fr\/wp-json\/wp\/v2\/pages\/999\/revisions\/4679"}],"up":[{"embeddable":true,"href":"https:\/\/211md.org\/fr\/wp-json\/wp\/v2\/pages\/839"}],"wp:featuredmedia":[{"embeddable":true,"href":"https:\/\/211md.org\/fr\/wp-json\/wp\/v2\/media\/3225"}],"wp:attachment":[{"href":"https:\/\/211md.org\/fr\/wp-json\/wp\/v2\/media?parent=999"}],"curies":[{"name":"wp","href":"https:\/\/api.w.org\/{rel}","templated":true}]}}