{"id":1000,"date":"2021-04-16T18:12:42","date_gmt":"2021-04-16T18:12:42","guid":{"rendered":"https:\/\/211md.org\/?page_id=1000"},"modified":"2025-06-09T13:52:06","modified_gmt":"2025-06-09T17:52:06","slug":"sispek-abi","status":"publish","type":"page","link":"https:\/\/211md.org\/ht\/resources\/aging-disability\/suspect-abuse\/","title":{"rendered":"Sisp\u00e8k Abi?"},"content":{"rendered":"<h2>Rap\u00f2te abi sisp\u00e8k<\/h2>\n<p>Pou rap\u00f2te abi sisp\u00e8k: Rele 1-800-917-7383, 24 \u00e8dtan pa jou, nenp\u00f2t kote nan eta MD oswa\u00a0<a href=\"https:\/\/dhr.maryland.gov\/child-protective-services\/reporting-suspected-child-abuse-or-neglect\/local-offices\/\" target=\"_blank\" rel=\"noreferrer noopener\">klike la a<\/a>\u00a0pou jwenn nimewo a nan biwo Depatman S\u00e8vis Sosyal lokal ou a, S\u00e8vis Pwoteksyon Adilt.<\/p>\n<p>S\u00e8vis Pwoteksyon pou Adilt (APS) se yon pwogram ki s\u00e8vi adilt ki gen 18 an oswa plis ki nan yon sitiyasyon vilnerabilite epi ki swa ki riske, oswa ki f\u00e8 eksperyans eksplwatasyon ak domaj. Yo mennen ank\u00e8t sou sitiyasyon yo sisp\u00e8k abi epi yo bay s\u00e8vis pwofesyon\u00e8l ki f\u00e8t pou pwoteje byenn\u00e8t adilt vilnerab yo. Gen yon varyete kalite abi ak neglijans ki jistifye yon rap\u00f2 ke yo te f\u00e8 nan S\u00e8vis Pwoteksyon Adilt:<\/p>\n<ul>\n<li><strong>Abi Fizik<\/strong>\u00a0\u2013 f\u00e8 doul\u00e8 fizik oswa blesi sou yon granmoun aje, pa egzanp souflete, ematom, oswa kontrent pa mwayen fizik oswa chimik.<\/li>\n<li><strong>Abi Seksy\u00e8l<\/strong>\u00a0\u2013 nenp\u00f2t kalite kontak seksy\u00e8l ki pa dak\u00f2.<\/li>\n<li><strong>Neglijans<\/strong>\u00a0\u2013 pa moun ki responsab pou bay manje, abri, swen sante, oswa pwoteksyon pou yon ansyen vilnerab.<\/li>\n<li><strong>Eksplwatasyon<\/strong>\u00a0\u2013 pran ilegal, move itilizasyon, oswa kache lajan, pwopriyete oswa byen yon granmoun aje pou benefis yon l\u00f2t moun.<\/li>\n<li><strong>Abi Emosyon\u00e8l<\/strong>\u00a0\u2013 enflije doul\u00e8 mantal, k\u00e8 sere, oswa detr\u00e8s sou yon granmoun aje atrav\u00e8 zak v\u00e8bal oswa non v\u00e8bal, pa egzanp imilyan, entimidasyon, oswa menas.<\/li>\n<li><strong>Abandone<\/strong>\u00a0\u2013 abandon yon ansyen vilnerab pa nenp\u00f2t moun ki te pran responsablite pou swen oswa gad moun sa a.<\/li>\n<li><strong>Neglijans pw\u00f2p t\u00e8t ou<\/strong>\u00a0\u2013 karakterize k\u00f2m ech\u00e8k yon moun pou f\u00e8 travay esansy\u00e8l pou pran swen t\u00e8t li e ke ech\u00e8k sa a menase pw\u00f2p sante li oswa sekirite li.<\/li>\n<\/ul>\n<p><em>(yo pran nan sitw\u00e8b Administration on Aging- National Center on Elder Abuse,\u00a0<a href=\"https:\/\/ncea.acl.gov\/\" target=\"_blank\" rel=\"noreferrer noopener\">pou plis enf\u00f2masyon, klike isit la<\/a>)<\/em><\/p>\n\t<h2>Siy Abi<\/h2>\n<p>Menm jan gen plizy\u00e8 kalite abi, gen yon varyete siy abi. Men sa yo enkli:<\/p>\n\t<h3>Abi Fizik<\/h3>\n<ul>\n<li>koupe, ematom, welts oswa blesi<\/li>\n<li>boule<\/li>\n<li>sanble dezagreyab, sal, santi bon<\/li>\n<li>malnouri<\/li>\n<li>yon kondisyon medikal ki pa trete<\/li>\n<li>blesi ki sanble etranj<\/li>\n<\/ul>\n<h3>Konp\u00f2tman<\/h3>\n<ul>\n<li>k\u00f2l\u00e8<\/li>\n<li>depresyon<\/li>\n<li>konfizyon<\/li>\n<li>p\u00e8<\/li>\n<li>enpuisans<\/li>\n<li>wont<\/li>\n<\/ul>\n<ul>\n\n<\/ul>\n\t<h3>Sosyal<\/h3>\n<ul>\n<li>izolasyon retr\u00e8 nan zanmi, fanmi ak aktivite<\/li>\n<li>abi sibstans, aji dey\u00f2<\/li>\n<li>difikilte pou pale lib<\/li>\n<\/ul>\n<p>&nbsp;<\/p>\n<h3>Finansye<\/h3>\n<ul>\n<li>aktivite depans etranj<\/li>\n<li>chanje kont labank<\/li>\n<li>b\u00f2dwo ki poko peye<\/li>\n<li>siyati sou ch\u00e8k ak l\u00f2t dokiman pa matche<\/li>\n\n<\/ul>\n\t<p><a href=\"https:\/\/dhr.maryland.gov\/child-protective-services\/reporting-suspected-child-abuse-or-neglect\/signs-neglect-abuse\/\" target=\"_blank\" rel=\"noreferrer noopener\">Klike la a pou w w\u00e8 yon dokiman Depatman S\u00e8vis Imen MD ak plis enf\u00f2masyon sou siy abi.<\/a><\/p>\n<p>Byenke tout moun kapab epi yo ankouraje yo f\u00e8 yon rap\u00f2 bay APS kons\u00e8nan abi sisp\u00e8k (pa bezwen pr\u00e8v), gen plizy\u00e8 gwoup moun ki legalman oblije f\u00e8 sa. Men sa yo enkli: pwofesyon\u00e8l sante, travay\u00e8 s\u00e8vis imen ak lapolis epi yo rele yo rep\u00f2t\u00e8 obligatwa.<\/p>\n<p>Ou ka f\u00e8 yon rap\u00f2 anonimman epi nenp\u00f2t moun ki f\u00e8 yon rap\u00f2 &quot;de bon lafwa&quot; legalman pwoteje kont responsablite sivil ak sanksyon krimin\u00e8l. Sepandan, si ou gen l\u00f2t kesyon oswa ou pa santi w al\u00e8z pou f\u00e8 sa, tanpri rele 211 pou jwenn kons\u00e8y ak asistans.<\/p>\n<p>L\u00e8 w ap f\u00e8 yon rap\u00f2, travay\u00e8 APS la ap mande plizy\u00e8 enf\u00f2masyon. Sa a gendwa gen ladan: non, laj, adr\u00e8s ak kote adilt vilnerab la, enf\u00f2masyon sou moun ki responsab swen yo, yon deskripsyon &quot;nati ak limit&quot; abi a, ansanm ak l\u00f2t enf\u00f2masyon ki enp\u00f2tan. Menmsi ou pa gen anpil enf\u00f2masyon detaye epi ou pa kl\u00e8 sou s\u00e8ten pati nan sitiyasyon an, li pi bon pou w rele APS epi ba yo enf\u00f2masyon ou genyen an pou yo ka evalye rap\u00f2 a epi deside ki jan pou yo kontinye.<\/p>\n<p>Gen sitiyasyon kote yo f\u00e8 yon rap\u00f2 bay APS epi paske yo pa satisf\u00e8 definisyon\/estanda abi yo, yo pa envestige oswa ent\u00e8vni. Si yo toujou bezwen \u00e8d ak resous adisyon\u00e8l nan sitiyasyon sa yo, li ka benefisye pou kontakte k\u00e8k nan kalite ajans ak s\u00e8vis sa yo:<\/p>\n<ul>\n<li>\n<ul>\n<li><em><strong>Jesyon ka -<\/strong><\/em>\u00a0Gen k\u00e8k pwogram ki travay ak granmoun aje ak granmoun vilnerab pou evalye bezwen yo; devlope plan swen; s\u00e8vis aks\u00e8; kow\u00f2done livrezon s\u00e8vis ki neses\u00e8 yo; asire ke s\u00e8vis yo jwenn epi swiv ak kontwole pwogr\u00e8.<\/li>\n<li><em><strong>Enf\u00f2masyon ak Asistans pou granmoun aje yo -<\/strong><\/em>\u00a0Chak konte nan Maryland ak Vil Baltimore gen yon biwo Enf\u00f2masyon ak Asistans pou granmoun aje, ki f\u00e8t pou s\u00e8vi granmoun aje epi bay enf\u00f2masyon ak referans nan resous kominot\u00e8 yo. Espesyalis ki resevwa f\u00f2masyon yo pral evalye bezwen yo epi dirije moun ki rele yo yon fason apwopriye.\u00a0<a href=\"http:\/\/www.aging.maryland.gov\/Pages\/ProgramsAndServices.aspx\" target=\"_blank\" rel=\"noreferrer noopener\">Klike pou w jwenn yon lis biwo Enf\u00f2masyon ak Asistans pou granmoun aje yo\u00a0<\/a><\/li>\n<li><em><strong>Pwen Aks\u00e8 Maryland (MAP) -<\/strong><\/em>\u00a0Anpil konte nan Maryland ak Baltimore City gen yon biwo Maryland Access Point. Biwo sa yo f\u00e8t pou s\u00e8vi k\u00f2m yon s\u00e8l pwen antre pou anpil pwogram ak resous ki f\u00e8t pou ede granmoun aje ak granmoun (18+) ki gen yon andikap. Espesyalis yo pral evalye bezwen yo epi f\u00e8 referans apwopriye.\u00a0<a href=\"https:\/\/www.marylandaccesspoint.info\/consumer\/connect.php\" target=\"_blank\" rel=\"noreferrer noopener\">Klike pou jwenn yon biwo MAP nan z\u00f2n ou an<\/a><\/li>\n<li><em><strong>211 &#8211;<\/strong><\/em> Nou disponib 24 sou 24\/7 jou sou 7 pou nou konekte moun k ap rele yo ak yon pak\u00e8t resous sante ak resous imen nan kominote yo a. Espesyalis ki resevwa f\u00f2masyon ap f\u00e8 yon evalyasyon bezwen yo epi bay referans ki apwopriye yo. Pou kontakte nou, tou senpleman rele 211.<\/li>\n<\/ul>\n<\/li>\n<\/ul>\n<h2>Enf\u00f2masyon ki gen rap\u00f2<\/h2>\n<p><a href=\"https:\/\/211md.org\/ht\/resous-yo\/aje-andikap\/medikal\/\">Benefis Medicare<\/a><\/p>\n<p><a href=\"https:\/\/211md.org\/ht\/resous-yo\/aje-andikap\/sispek-abi\/\">Sisp\u00e8k Abi?<\/a><\/p>\n<p><a href=\"https:\/\/marylandaccesspoint.211md.org\/\" target=\"_blank\" rel=\"noopener\">Pwen Aks\u00e8 Maryland (MAP)<\/a><\/p>\n<p><a href=\"https:\/\/211md.org\/ht\/resous-yo\/aje-andikap\/senior-housing\/\">Lojman pou granmoun aje<\/a><\/p>\n<h2>\n\t\t\tJwenn Resous\t<\/h2>\n\t\t\t\t<a href=\"\/ht\/resous-yo\/aje-andikap\/\"  target=\"_self\" itemprop=\"url\">\n\t\t\t\t<img decoding=\"async\" src=\"https:\/\/211md.org\/wp-content\/uploads\/bb-plugin\/cache\/Mask-Group-41@2x-circle-73eaadba4cad8269faa4720e25cf1c85-.png\" alt=\"Pye yon fanm ki pi gran ak yon ti fi k ap mache ansanm\" itemprop=\"image\" height=\"500\" width=\"500\" title=\"S\u00e8vis Enfimite\" onerror=\"this.style.display='none'\" loading='lazy' \/>\n\t\t\t\t<\/a>\n\t\t<h3><a href=\"\/ht\/resous-yo\/aje-andikap\/\" target=\"_self\">Aje ak Andikap<\/a><\/h3>\t\n\t\t\t\t<a href=\"\/ht\/resous-yo\/timoun-fanmi-yo\/\"  target=\"_self\" itemprop=\"url\">\n\t\t\t\t<img decoding=\"async\" src=\"https:\/\/211md.org\/wp-content\/uploads\/bb-plugin\/cache\/Mask-Group-38@2x-circle-ac40d46265fbec62083cd27f6dcf23b0-.png\" alt=\"Yon j\u00e8n ti gason ak ti fi k ap souri epi gade kamera a\" itemprop=\"image\" height=\"500\" width=\"500\" title=\"Gwoup Mask 38@2x\" onerror=\"this.style.display='none'\" loading='lazy' \/>\n\t\t\t\t<\/a>\n\t\t<h3><a href=\"\/ht\/resous-yo\/timoun-fanmi-yo\/\" target=\"_self\">Timoun ak Fanmi<\/a><\/h3>\t\n\t\t\t\t<a href=\"\/ht\/resous-yo\/vyolans-familyal-domestik\/\"  target=\"_self\" itemprop=\"url\">\n\t\t\t\t<img decoding=\"async\" src=\"https:\/\/211md.org\/wp-content\/uploads\/bb-plugin\/cache\/Mask-Group-39@2x-circle-b2589197a13c791d910f46dd10b27a87-.png\" alt=\"De p\u00e8 men kenbe youn ak l\u00f2t\" itemprop=\"image\" height=\"500\" width=\"500\" title=\"Gwoup Mask 39@2x\" onerror=\"this.style.display='none'\" loading='lazy' \/>\n\t\t\t\t<\/a>\n\t\t<h3><a href=\"\/ht\/resous-yo\/vyolans-familyal-domestik\/\" target=\"_self\">Vyolans Domestik\/ Fanmi<\/a><\/h3>\t\n\t\t\t\t<a href=\"\/ht\/resous-yo\/rechech-travay\/\"  target=\"_self\" itemprop=\"url\">\n\t\t\t\t<img decoding=\"async\" src=\"https:\/\/211md.org\/wp-content\/uploads\/bb-plugin\/cache\/Employment-circle-bf72562329e950df948954f5d3f44b2e-.png\" alt=\"Yon mekanisyen machin\" itemprop=\"image\" height=\"500\" width=\"500\" title=\"Travay\" onerror=\"this.style.display='none'\" loading='lazy' \/>\n\t\t\t\t<\/a>\n\t\t<h3><a href=\"\/ht\/resous-yo\/rechech-travay\/\" target=\"_self\">Travay<\/a><\/h3>\t\n\t\t\t\t<a href=\"\/ht\/resous-yo\/swen-sante\/\"  target=\"_self\" itemprop=\"url\">\n\t\t\t\t<img decoding=\"async\" src=\"https:\/\/211md.org\/wp-content\/uploads\/bb-plugin\/cache\/Mask-Group-35@2x-circle-94be10c13e4adae1683b4589dc2f5b2f-.png\" alt=\"Dokt\u00e8 ap gade janm gason\" itemprop=\"image\" height=\"500\" width=\"500\" title=\"Gwoup Mask 35@2x\" onerror=\"this.style.display='none'\" loading='lazy' \/>\n\t\t\t\t<\/a>\n\t\t<h3><a href=\"\/ht\/resous-yo\/swen-sante\/\" target=\"_self\">Swen Sante<\/a><\/h3>\t\n\t\t\t\t<a href=\"\/ht\/resous-yo\/manje\/\"  target=\"_self\" itemprop=\"url\">\n\t\t\t\t<img decoding=\"async\" src=\"https:\/\/211md.org\/wp-content\/uploads\/bb-plugin\/cache\/Mask-Group-32@2x-circle-1c6d647dcaf998fa079d26735cedc92b-.png\" alt=\"Legim fre\" itemprop=\"image\" height=\"500\" width=\"500\" title=\"Gwoup Mask 32@2x\" onerror=\"this.style.display='none'\" loading='lazy' \/>\n\t\t\t\t<\/a>\n\t\t<h3><a href=\"\/ht\/resous-yo\/manje\/\" target=\"_self\">Manje<\/a><\/h3>\t\n\t\t\t\t<a href=\"\/ht\/resous-yo\/abri-lojman\/\"  target=\"_self\" itemprop=\"url\">\n\t\t\t\t<img decoding=\"async\" src=\"https:\/\/211md.org\/wp-content\/uploads\/bb-plugin\/cache\/Mask-Group-34@2x-circle-b99c55fc16ef21f35e2f2a1f7cc37b9a-.png\" alt=\"Balkon konpl\u00e8ks apatman\" itemprop=\"image\" height=\"500\" width=\"500\" title=\"Apatman-Konpl\u00e8ks\" onerror=\"this.style.display='none'\" loading='lazy' \/>\n\t\t\t\t<\/a>\n\t\t<h3><a href=\"\/ht\/resous-yo\/abri-lojman\/\" target=\"_self\">Lojman &amp; Abri<\/a><\/h3>\t\n\t\t\t\t<a href=\"\/ht\/resous-yo\/nouvo-nan-nou-ak-maryland\/\"  target=\"_self\" itemprop=\"url\">\n\t\t\t\t<img decoding=\"async\" src=\"https:\/\/211md.org\/wp-content\/uploads\/bb-plugin\/cache\/American-flag-circle-0016cc327e27ef7aeb080f1da6c6e98b-.jpg\" alt=\"nouvo nan eta Zini\" itemprop=\"image\" height=\"364\" width=\"1366\" title=\"Ameriken-drapo\" onerror=\"this.style.display='none'\" loading='lazy' \/>\n\t\t\t\t<\/a>\n\t\t<h3><a href=\"\/ht\/resous-yo\/nouvo-nan-nou-ak-maryland\/\" target=\"_self\">Imigrasyon<\/a><\/h3>\t\n\t\t\t\t<a href=\"\/ht\/resous-yo\/timoun-fanmi-yo\/swen-fanmi\/\"  target=\"_self\" itemprop=\"url\">\n\t\t\t\t<img decoding=\"async\" src=\"https:\/\/211md.org\/wp-content\/uploads\/bb-plugin\/cache\/kinship-family-navigating-a-computer-circle-045fee9d587aefb20221bfea41a2cf9b-.png\" alt=\"fanmi fanmi navige nan yon \u00f2dinat\u00e8\" itemprop=\"image\" title=\"fanmi fanmi navige nan yon \u00f2dinat\u00e8\" onerror=\"this.style.display='none'\" loading='lazy' \/>\n\t\t\t\t<\/a>\n\t\t<h3><a href=\"\/ht\/resous-yo\/timoun-fanmi-yo\/swen-fanmi\/\" target=\"_self\">Parente<\/a><\/h3>\t\n\t\t\t\t<a href=\"\/ht\/resous-yo\/sevis-legal-yo\/\"  target=\"_self\" itemprop=\"url\">\n\t\t\t\t<img decoding=\"async\" src=\"https:\/\/211md.org\/wp-content\/uploads\/bb-plugin\/cache\/Housing-Legal-circle-9a8f3c1c72c54b6e1ce612d2993c1ad4-.png\" alt=\"Mato legal ak yon mod\u00e8l plastik nan yon kay akote li\" itemprop=\"image\" height=\"348\" width=\"460\" title=\"Lojman Legal\" onerror=\"this.style.display='none'\" loading='lazy' \/>\n\t\t\t\t<\/a>\n\t\t<h3><a href=\"\/ht\/resous-yo\/sevis-legal-yo\/\" target=\"_self\">S\u00e8vis Legal<\/a><\/h3>\t\n\t\t\t\t<a href=\"\/ht\/resous-yo\/sante-mantal\/\"  target=\"_self\" itemprop=\"url\">\n\t\t\t\t<img decoding=\"async\" src=\"https:\/\/211md.org\/wp-content\/uploads\/bb-plugin\/cache\/Mask-Group-40@2x-circle-7bd9426367852fb3d841bc4bdc57a550-.png\" alt=\"Des yon gason ak yon fanm\" itemprop=\"image\" height=\"500\" width=\"500\" title=\"Gwoup Mask 40@2x\" onerror=\"this.style.display='none'\" loading='lazy' \/>\n\t\t\t\t<\/a>\n\t\t<h3><a href=\"\/ht\/resous-yo\/sante-mantal\/\" target=\"_self\">Sante mantal<\/a><\/h3>\t\n\t\t\t\t<a href=\"\/ht\/resous-yo\/mdreentry\/\"  target=\"_self\" itemprop=\"url\">\n\t\t\t\t<img decoding=\"async\" src=\"https:\/\/211md.org\/wp-content\/uploads\/bb-plugin\/cache\/Diverse-group-of-community-members-circle-4457c114cd48613bc79a0fb50060319c-.jpg\" alt=\"Gwoup div\u00e8s manm kominote a\" itemprop=\"image\" height=\"800\" width=\"1200\" title=\"Gwoup div\u00e8s manm kominote a\" onerror=\"this.style.display='none'\" loading='lazy' \/>\n\t\t\t\t<\/a>\n\t\t<h3><a href=\"\/ht\/resous-yo\/mdreentry\/\" target=\"_self\">Reantre<\/a><\/h3>\t\n\t\t\t\t<a href=\"\/ht\/sispann\/\"  target=\"_self\" itemprop=\"url\">\n\t\t\t\t<img decoding=\"async\" src=\"https:\/\/211md.org\/wp-content\/uploads\/bb-plugin\/cache\/Background-section-MDStophate-circle-08e2bae1cf9f2ad6cc83e01e23da8cb9-.jpg\" alt=\"Jan nou koumanse-seksyon-MDStophate\" itemprop=\"image\" height=\"768\" width=\"1366\" title=\"Jan nou koumanse-seksyon-MDStophate\" onerror=\"this.style.display='none'\" loading='lazy' \/>\n\t\t\t\t<\/a>\n\t\t<h3><a href=\"\/ht\/sispann\/\" target=\"_self\">Sispann Rayi<\/a><\/h3>\t\n\t\t\t\t<a href=\"\/ht\/resous-yo\/itilizasyon-sibstans\/\"  target=\"_self\" itemprop=\"url\">\n\t\t\t\t<img decoding=\"async\" src=\"https:\/\/211md.org\/wp-content\/uploads\/bb-plugin\/cache\/Substance-Use-circle-ad2d564932dc31267e0c32a6fb2d915c-.png\" alt=\"Grenn kraze men yo\" itemprop=\"image\" height=\"500\" width=\"500\" title=\"Sibstans-Itilize\" onerror=\"this.style.display='none'\" loading='lazy' \/>\n\t\t\t\t<\/a>\n\t\t<h3><a href=\"\/ht\/resous-yo\/itilizasyon-sibstans\/\" target=\"_self\">Itilizasyon sibstans<\/a><\/h3>\t\n\t\t\t\t<a href=\"\/ht\/resous-yo\/sevis-taks\/\"  target=\"_self\" itemprop=\"url\">\n\t\t\t\t<img decoding=\"async\" src=\"https:\/\/211md.org\/wp-content\/uploads\/bb-plugin\/cache\/Mask-Group-34-circle-166a606e37e61188c9a17d5e634cda3c-.png\" alt=\"Moun ki ranpli papye taks sou revni\" itemprop=\"image\" height=\"500\" width=\"500\" title=\"Gwoup Mask 34\" onerror=\"this.style.display='none'\" loading='lazy' \/>\n\t\t\t\t<\/a>\n\t\t<h3><a href=\"\/ht\/resous-yo\/sevis-taks\/\" target=\"_self\">S\u00e8vis taks<\/a><\/h3>\t\n\t\t\t\t<a href=\"\/ht\/resous-yo\/asistans-sevis-piblik\/\"  target=\"_self\" itemprop=\"url\">\n\t\t\t\t<img decoding=\"async\" src=\"https:\/\/211md.org\/wp-content\/uploads\/bb-plugin\/cache\/Mask-Group-37@2x-circle-9661a11b9c4082079c9a1f06bc539567-.png\" alt=\"Yon anpoul limen\" itemprop=\"image\" height=\"500\" width=\"500\" title=\"Gwoup Mask 37@2x\" onerror=\"this.style.display='none'\" loading='lazy' \/>\n\t\t\t\t<\/a>\n\t\t<h3><a href=\"\/ht\/resous-yo\/asistans-sevis-piblik\/\" target=\"_self\">Asistans s\u00e8vis piblik<\/a><\/h3>\t\n\t\t\t\t<a href=\"\/ht\/resous-yo\/veteran-yo\/\"  target=\"_self\" itemprop=\"url\">\n\t\t\t\t<img decoding=\"async\" src=\"https:\/\/211md.org\/wp-content\/uploads\/bb-plugin\/cache\/Veterans-circle-7c6972a59826c74f1f658f61df785fc3-.png\" alt=\"Yon s\u00f2lda ki bay men yon moun epi li souri\" itemprop=\"image\" title=\"Veteran yo\" onerror=\"this.style.display='none'\" loading='lazy' \/>\n\t\t\t\t<\/a>\n\t\t<h3><a href=\"\/ht\/resous-yo\/veteran-yo\/\" target=\"_self\">Veteran yo<\/a><\/h3>","protected":false},"excerpt":{"rendered":"<p>Rap\u00f2te abi sisp\u00e8k Pou rap\u00f2te abi sisp\u00e8k: Rele 1-800-917-7383, 24 \u00e8dtan pa jou, soti nenp\u00f2t kote nan eta MD oswa klike la a pou jwenn nimewo a nan biwo Depatman S\u00e8vis Sosyal lokal ou a, S\u00e8vis Pwoteksyon pou granmoun. S\u00e8vis Pwoteksyon Adilt (APS) se yon pwogram ki s\u00e8vi granmoun 18 an oswa plis ki nan yon sitiyasyon...<\/p>","protected":false},"author":8,"featured_media":1597,"parent":840,"menu_order":0,"comment_status":"closed","ping_status":"closed","template":"","meta":{"footnotes":""},"class_list":["post-1000","page","type-page","status-publish","has-post-thumbnail","hentry"],"_links":{"self":[{"href":"https:\/\/211md.org\/ht\/wp-json\/wp\/v2\/pages\/1000","targetHints":{"allow":["GET"]}}],"collection":[{"href":"https:\/\/211md.org\/ht\/wp-json\/wp\/v2\/pages"}],"about":[{"href":"https:\/\/211md.org\/ht\/wp-json\/wp\/v2\/types\/page"}],"author":[{"embeddable":true,"href":"https:\/\/211md.org\/ht\/wp-json\/wp\/v2\/users\/8"}],"replies":[{"embeddable":true,"href":"https:\/\/211md.org\/ht\/wp-json\/wp\/v2\/comments?post=1000"}],"version-history":[{"count":2,"href":"https:\/\/211md.org\/ht\/wp-json\/wp\/v2\/pages\/1000\/revisions"}],"predecessor-version":[{"id":4684,"href":"https:\/\/211md.org\/ht\/wp-json\/wp\/v2\/pages\/1000\/revisions\/4684"}],"up":[{"embeddable":true,"href":"https:\/\/211md.org\/ht\/wp-json\/wp\/v2\/pages\/840"}],"wp:featuredmedia":[{"embeddable":true,"href":"https:\/\/211md.org\/ht\/wp-json\/wp\/v2\/media\/1597"}],"wp:attachment":[{"href":"https:\/\/211md.org\/ht\/wp-json\/wp\/v2\/media?parent=1000"}],"curies":[{"name":"wp","href":"https:\/\/api.w.org\/{rel}","templated":true}]}}