{"id":1003,"date":"2021-04-16T18:15:08","date_gmt":"2021-04-16T18:15:08","guid":{"rendered":"https:\/\/211md.org\/?page_id=1003"},"modified":"2026-03-03T15:25:48","modified_gmt":"2026-03-03T20:25:48","slug":"koupon-pou-manje","status":"publish","type":"page","link":"https:\/\/211md.org\/ht\/resources\/food\/food-stamps\/","title":{"rendered":"Koupon pou Manje Maryland\/Pwogram Asistans Nitrisyon Siplemant\u00e8 (SNAP)"},"content":{"rendered":"<figure data-animation-delay=\"0\" data-animation-duration=\"1\" itemscope itemtype=\"https:\/\/schema.org\/ImageObject\">\n\t\t\t\t<img decoding=\"async\" src=\"https:\/\/stg-maryland211-staging.kinsta.cloud\/wp-content\/uploads\/2025\/08\/5-1-scaled.png\" alt=\"5\" height=\"692\" width=\"2560\" title=\"5\" onerror=\"this.style.display='none'\" loading=\"lazy\" \/>\n\t<\/figure>\n\t\t<h2><a href=\"#start\" target=\"_self\">Koupon Manje<\/a><\/h2><p>Pwogram Asistans Nitrisyon\u00e8l Siplemant\u00e8 (SNAP), ke yo te konnen anvan k\u00f2m koupon manje, bay asistans finansy\u00e8 pou fanmi ki gen ti revni pou yo ka achte manje.<\/p>\n<p>Pou pif\u00f2 kay, benefis SNAP s\u00e8lman kouvri k\u00e8k nan depans manje yo.\u00a0<\/p>\n<p>Aprann plis sou pwogram nan.\u00a0<\/p>\n\t\t\t<a href=\"#start\"  target=\"_self\">\n\t\t\t\t\t\tK\u00f2manse\n\t\t\t\t\t<\/a>\n<figure data-animation-delay=\"0\" data-animation-duration=\"1\" itemscope itemtype=\"https:\/\/schema.org\/ImageObject\">\n\t\t\t\t<img decoding=\"async\" src=\"https:\/\/211md.org\/wp-content\/plugins\/bb-plugin\/img\/pixel.png\" alt=\"\" onerror=\"this.style.display='none'\" loading=\"lazy\" \/>\n\t<\/figure>\n<figure data-animation-delay=\"0\" data-animation-duration=\"1\" itemscope itemtype=\"https:\/\/schema.org\/ImageObject\">\n\t\t\t\t<img decoding=\"async\" src=\"http:\/\/211md.org\/wp-content\/uploads\/2025\/09\/Girl-unpacking-groceries.jpg\" alt=\"Ti fi ap debale acha manje\" title=\"Ti fi ap debale acha manje\" onerror=\"this.style.display='none'\" loading=\"lazy\" \/>\n\t<\/figure>\n\t\t<h2>Ki moun ki kalifye pou koupon pou manje?<\/h2>\n\t\t<p>Ou ka kalifye pou koupon manje (SNAP) si ou:<\/p>\n<ul>\n<li>travay pou sal\u00e8 ki ba<\/li>\n<li>yo pap travay<\/li>\n<li>travay a tan pasy\u00e8l<\/li>\n<li>resevwa Asistans Lajan Kach Tanpor\u00e8 (TCA) oswa l\u00f2t asistans piblik<\/li>\n<li>se granmoun aje oswa andikape epi k ap viv sou yon ti revni<\/li>\n<li>yo san kay<\/li>\n<\/ul>\n<p>Genyen <a href=\"https:\/\/dhs.maryland.gov\/supplemental-nutrition-assistance-program\/\" target=\"_blank\" rel=\"noopener\">revni<\/a> ak kondisyon kalifikasyon pou kalifye pou koupon manje oswa benefis SNAP nan Maryland. Yon ent\u00e8vyou ka neses\u00e8 tou.<\/p>\n<p>Reponn k\u00e8k kesyon rapid pou w konnen si w kalifye pou Pwogram Asistans Nitrisyon\u00e8l Siplemant\u00e8 a ak l\u00f2t pwogram benefis yo.<\/p>\n<h3>Konbyen lajan mwen jwenn?<\/h3>\n<p>Benefis SNAP yo baze sou:<\/p>\n<ul>\n<li>gwos\u00e8 kay la<\/li>\n<li>revni<\/li>\n<li>sikonstans espesifik<\/li>\n<\/ul>\n<p>Benefis yo baze sou yon f\u00f2mil federal ki det\u00e8mine konbyen li koute pou achte manje pou f\u00e8 repa nourisan ak bon mache pou kay ou.<\/p>\n<p>Benefis yo chanje chak ane.<\/p>\n<p>211 toujou disponib pou ede w konprann benefis SNAP yo epi jwenn manje pou fanmi w.<\/p>\n\t\t\t<a href=\"https:\/\/benefits.maryland.gov\/home\/#\/\" target=\"_blank\" rel=\"noopener\">\n\t\t\t\t\t\t\tCheck food stamp eligibility\n\t\t\t<\/a>\n\t<h2>Resous Manje Popil\u00e8<\/h2>\n<p>Search the 211 Community Resource Database for nearby organizations that can help with food. These are common searches to get started. Click the button below that fits the need, and then on the results page enter a ZIP code to find nearby locations.<\/p>\n\t\t\t<a href=\"https:\/\/search.211md.org\/search?query=BD-1800.2250&#038;query_label=Food+vouchers&#038;query_type=taxonomy&#038;utm_source=211&#038;utm_medium=Referral&#038;utm_campaign=Foodlink&#038;utm_content=Food%20Vouchers\" target=\"_blank\" rel=\"noopener\">\n\t\t\t\t\t\tBon manje\n\t\t\t\t\t<\/a>\n\t\t\t<a href=\"https:\/\/search.211md.org\/search?query=Food+Banks+%26+Pantries&#038;query_label=Food+Banks+%26+Pantries&#038;query_type=taxonomy\" target=\"_blank\" rel=\"noopener\">\n\t\t\t\t\t\tBank Manje\n\t\t\t\t\t<\/a>\n\t\t\t<a href=\"https:\/\/search.211md.org\/search?query=BD-1800.2250&#038;query_type=taxonomy&#038;query_label=&#038;utm_source=&#038;utm_medium=Referral&#038;utm_campaign=Foodlink&#038;utm_content=Fresh%20Food\" target=\"_blank\" rel=\"noopener\">\n\t\t\t\t\t\tManje fre\n\t\t\t\t\t<\/a>\n\t\t\t<a href=\"https:\/\/search.211md.org\/search?query=BD-1800.8200-250&#038;query_label=Formula%2FBaby+Food&#038;query_type=taxonomy&#038;utm_source=&#038;utm_medium=Referral&#038;utm_campaign=Foodlink&#038;utm_content=Baby%20Formula\" target=\"_blank\" rel=\"noopener\">\n\t\t\t\t\t\tF\u00f2mil \/ Manje Ti bebe\n\t\t\t\t\t<\/a>\n\t\t\t<a href=\"https:\/\/search.211md.org\/search?query=BD-2400.2590&#038;query_type=taxonomy&#038;query_label=&#038;utm_source=&#038;utm_medium=Referral&#038;utm_campaign=Foodlink&#038;utm_content=Grocery%20Delivery\" target=\"_blank\" rel=\"noopener\">\n\t\t\t\t\t\tLivrezon mak\u00e8t\n\t\t\t\t\t<\/a>\n\t\t\t<a href=\"https:\/\/search.211md.org\/search?query=food+pantry&#038;query_label=food+pantry&#038;query_type=text\" target=\"_blank\" rel=\"noopener\">\n\t\t\t\t\t\tPantry Manje\n\t\t\t\t\t<\/a>\n<figure data-animation-delay=\"0\" data-animation-duration=\"1\" itemscope itemtype=\"https:\/\/schema.org\/ImageObject\">\n\t\t\t\t<img decoding=\"async\" src=\"http:\/\/211md.org\/wp-content\/uploads\/2025\/09\/Buying-groceries-with-SNAP.jpg\" alt=\"Achte manje ak SNAP\" title=\"Achte manje ak SNAP\" onerror=\"this.style.display='none'\" loading=\"lazy\" \/>\n\t<\/figure>\n\t<h2>Kisa m ka achte?<\/h2>\n<p>Av\u00e8k koupon manje oswa benefis SNAP, moun ka achte manje ki bon pou sante tankou:<\/p>\n<ul>\n<li>fwi ak legim fre, nan friz\u00e8 oswa nan bwat<\/li>\n<li>l\u00e8t<\/li>\n<li>vyann<\/li>\n<li>ze<\/li>\n<li>plant plantules legim ak z\u00e8b pou grandi pw\u00f2p manje ou<\/li>\n<\/ul>\n<p>Ou ka achte manje nan mak\u00e8t, sou ent\u00e8n\u00e8t, oswa nan mache kiltivat\u00e8 a.<\/p>\n\t<h3>F\u00e8 mak\u00e8t sou ent\u00e8n\u00e8t<\/h3>\n<p>Ou ka itilize avantaj SNAP yo pou achte pwodui fre ak manje sou ent\u00e8n\u00e8t nan d\u00e9taillants ak mache sou ent\u00e8n\u00e8t tankou Amazon, Walmart, ak ShopRite. Magazen k ap patisipe yo enkli Amazon, ShopRite, ak Walmart. <\/p>\n<p>Benefis SNAP yo ap kouvri s\u00e8lman manje ki kalifye yo, epi yo pa pral kouvri livrezon oswa l\u00f2t fr\u00e8.<\/p>\n<p>Sou Amazon, manje a ap gen yon etik\u00e8t ki di &quot;SNAP EBT elijib.&quot; Sepandan, ou ap w\u00e8 sa s\u00e8lman apre ou fin ajoute kat SNAP EBT ou a nan kont Amazon ou.<\/p>\n<p>Depatman S\u00e8vis Imen an, ki sip\u00e8vize benefis SNAP nan Maryland, eksplike kijan pou itilize benefis SNAP ou yo ak magazen sou ent\u00e8n\u00e8t.\u00a0<\/p>\n\t\t\t<a href=\"https:\/\/dhs.maryland.gov\/documents\/COVID-19\/SNAP%20Online%20%20%205_28_20.pdf\" target=\"_blank\" rel=\"noopener\">\n\t\t\t\t\t\t\tAprann plis bagay sou snap\n\t\t\t\t\t<\/a>\n\t<h2>Kijan Pou Aplike Pou SNAP<\/h2>\n<p>Gen twa fason pou aplike pou Pwogram Asistans Nitrisyon\u00e8l Siplemant\u00e8 a. Chwazi youn ki pi bon pou ou.<\/p>\n<p>Yo revize aplikasyon yo menm jou yo resevwa yo. Gen k\u00e8k moun ki kalifye pou yon benefis rapid nan 7 jou apre aplikasyon an.<\/p>\n<p>Pif\u00f2 moun ki kalifye ka resevwa benefis SNAP nan lespas 30 jou apre yo fin soum\u00e8t aplikasyon yo a.<\/p>\n\t\t\t<a href=\"https:\/\/ub.benefits.maryland.gov\/ub\/#\/one-app\/help-benefits\" target=\"_blank\" rel=\"noopener\">\n\t\t\t\t\t\t\tAplikasyon sou ent\u00e8n\u00e8t\n\t\t\t\t\t<\/a>\n\t\t\t<a href=\"https:\/\/ub.benefits.maryland.gov\/ub\/#\/one-app\/help-benefits\" target=\"_blank\" rel=\"noopener\">\n\t\t\t\t\t\t\tKontakte S\u00e8vis Sosyal yo\n\t\t\t\t\t<\/a>\n\t\t\t<a href=\"https:\/\/dhs.maryland.gov\/documents\/DHS%20Forms\/FIA%20Forms\/English\/To-Apply-for-Assistance\/2--Fill-Out-App-for-Assistance\/9701-DHS-FIA-Application-for-Assistance-7.18.2024.pdf\" target=\"_blank\" rel=\"noopener\">\n\t\t\t\t\t\t\tTelechaje Aplikasyon an\n\t\t\t\t\t<\/a>\n\t<h3>Distribisyon Koupon pou Manje<\/h3>\n<p>Benefis yo chaje sou yon kat Transf\u00e8 Benefis Elektwonik (EBT) epi yo distribye chak mwa. Lajan yo distribye nan yon jou espesifik chak mwa, selon twa premye l\u00e8t non ou.\u00a0<a href=\"https:\/\/dhs.maryland.gov\/food-supplement-program\/food-supplement-benefits-schedule\/\" target=\"_blank\" rel=\"noopener\">Tcheke pou w\u00e8 ki jou nan mwa a ou pral resevwa benefis yo<\/a>.\u00a0\u00a0<\/p>\n<p>Pou tcheke balans ou sou kat EBT ou a, rele Maryland EBT Customer Call Center nan 1-800-997-2222 oswa vizite\u00a0<a href=\"https:\/\/www.connectebt.com\/\" target=\"_blank\" rel=\"noopener\">Maryland EBT<\/a>.\u00a0<\/p>\n<h3>Re-s\u00e8tifye Elijibilite pou Benefis<\/h3>\n<p>Tanzantan, ou ka bezwen res\u00e8tifye kalifikasyon ou pou benefis yo. Chwazi redet\u00e8minasyon sou la <a href=\"https:\/\/mymdthink.maryland.gov\/home\/#\/\" target=\"_blank\" rel=\"noopener\">myMDTHINK<\/a>\u00a0tablodb\u00f2 epi telechaje enf\u00f2masyon ki neses\u00e8 yo.\u00a0<\/p>\n<h3>\u00c8ske mwen ka pase benefis yo?<\/h3>\n<p>Wi. Ou ka woule sou benefis SNAP ki pa itilize yo de yon mwa nan yon l\u00f2t. Benefis ki pa itilize yo rete sou kat EBT pou jiska n\u00e8f mwa.<\/p>\n<figure data-animation-delay=\"0\" data-animation-duration=\"1\" itemscope itemtype=\"https:\/\/schema.org\/ImageObject\">\n\t\t\t\t<img decoding=\"async\" src=\"https:\/\/211md.org\/wp-content\/uploads\/2024\/07\/woman-shopping-at-farmers-market.jpg\" alt=\"fanm f\u00e8 mak\u00e8t nan mache f\u00e8mye yo\" height=\"800\" width=\"1200\" title=\"fanm f\u00e8 mak\u00e8t nan mache f\u00e8mye yo\" onerror=\"this.style.display='none'\" loading=\"lazy\" \/>\n\t<\/figure>\n<figure itemscope itemtype=\"https:\/\/schema.org\/ImageObject\">\n\t\t\t\t<img decoding=\"async\" src=\"http:\/\/211md.org\/wp-content\/uploads\/2022\/01\/Man-chatting-on-computer.jpg\" alt=\"Man ap diskite sou \u00f2dinat\u00e8\" title=\"Man ap diskite sou \u00f2dinat\u00e8\" onerror=\"this.style.display='none'\" loading=\"lazy\" \/>\n\t<\/figure>\n\t<h3>New work requirements<\/h3>\n<p>Starting in 2026, a larger group of SNAP recipients will be subject to work requirements. In Maryland, the new rules require these people to work, volunteer, or participate in a job-training program for at least 80 hours a month:<\/p>\n<ul>\n<li>Adults between the ages of 55 and 64<\/li>\n<li>Adults who have children age 14-17 living at home<\/li>\n<li>Veteran yo<\/li>\n<li>Young adults who aged out of out-of-home care under age 24<\/li>\n<li>Unhoused people<\/li>\n<\/ul>\n<p>During your next recertification, you will be screened for these new work requirements. However, the requirements apply immediately.<\/p>\n<h3>Exemptions<\/h3>\n<p>There are exemptions for those who are:<\/p>\n<ul>\n<li>Under 17 or over 64 years old<\/li>\n<li>Medically certified as physically or mentally unable to work<\/li>\n<li>Parent or caregiver of a dependent child under age 14<\/li>\n<li>Enrolled in a Temporary Cash Assistance (TCA) employment program<\/li>\n<\/ul>\n<p>If an individual does not meet these requirements, benefits are limited to three months every three years.<\/p>\n<p>The work requirement has always been part of SNAP benefits, but it now applies to a larger group of recipients. It&#8217;s estimated that up to 80,000 additional Marylanders will be subject to the new requirements.<\/p>\n<p>Genyen tou <a href=\"https:\/\/dhs.maryland.gov\/important-changes-snap-benefits\/\" target=\"_blank\" rel=\"noopener\">impacts on benefits<\/a>.<\/p>\n<p>If you need help, <a href=\"https:\/\/dhs.maryland.gov\/local-offices\/\" target=\"_blank\" rel=\"noopener\">contact your local Department of Social Services<\/a> or call the Customer Service hotline, 1-800-332-6347.<\/p>\n\t<h2>Kouman mwen ka ekonomize lajan sou manje?<\/h2>\n<p>Benefis SNAP yo se s\u00e8lman yon pati nan bidj\u00e8 manje ou. F\u00e8 yo ale pi lwen l\u00e8 w double lajan w, jiska $10, nan mache kiltivat\u00e8 yo oswa nan lavant nan magazen yo.<\/p>\n<h3>Maryland Market Lajan<\/h3>\n<p><a href=\"https:\/\/www.marylandmarketmoney.org\/howmmmworks\" target=\"_blank\" rel=\"noopener\">Maryland Market Lajan<\/a> se yon pwogram mache kiltivat\u00e8 ki egalize depans SNAP dola pou dola, jiska $10.<\/p>\n<p>Pa egzanp, si ou depanse $5 pou achte legim ak fwi fre, ou ap jwenn $5 anplis pou ou depanse.<\/p>\n<p>Ch\u00e8che yon tant &quot;Market Info&quot; nan mache kiltivat\u00e8 w la. <a href=\"https:\/\/www.marylandmarketmoney.org\/mmmlocations\" target=\"_blank\" rel=\"noopener\">Ch\u00e8che kote k ap patisipe nan Maryland<\/a>.<\/p>\n<p>&nbsp;<\/p>\n<figure data-animation-delay=\"0\" data-animation-duration=\"1\" itemscope itemtype=\"https:\/\/schema.org\/ImageObject\">\n\t\t\t\t<img decoding=\"async\" src=\"http:\/\/211md.org\/wp-content\/uploads\/2022\/09\/free-food-box.jpg\" alt=\"bwat manje gratis\" title=\"bwat-manje-gratis\" onerror=\"this.style.display='none'\" loading=\"lazy\" \/>\n\t<\/figure>\n\t<h3>SHARE Food Network<\/h3>\n<p>La <a href=\"https:\/\/www.catholiccharitiesdc.org\/share\/\" target=\"_blank\" rel=\"noopener\">SHARE Food Network<\/a> ofri ekonomi jiska 50% sou manje pou fanmi yo. Gen yon meni espesifik chak mwa ak pwen distribisyon nan tout z\u00f2n nan.<\/p>\n<h3>L\u00f2t pwogram benefis yo<\/h3>\n<p>Ou ka kalifye tou pou l\u00f2t pwogram benefis tankou Pwogram Nitrisyon Siplemant\u00e8 Espesyal pou <a href=\"https:\/\/211md.org\/ht\/resous-yo\/manje\/wic\/\">Fanm, Tibebe ak Timoun, ke yo rele tou WIC<\/a>. Manje nourisan, ansanm ak sip\u00f2 adisyon\u00e8l, ka disponib atrav\u00e8 WIC si w kalifye. Se yon pwogram pou fanm ansent ki elijib pou revni, nouvo manman (jiska sis mwa), manman ki bay tete (jiska 1 ane), tibebe ak timoun ki poko gen 5 an.<\/p>\n<h3>Manje Pantris<\/h3>\n<p>Epitou, <a href=\"https:\/\/211md.org\/ht\/resous-yo\/manje\/\">bank manje ak gadmanje manje<\/a> ka ranpli nenp\u00f2t twou vid tanpor\u00e8man.<\/p>\n<figure itemscope itemtype=\"https:\/\/schema.org\/ImageObject\">\n\t\t\t\t<img decoding=\"async\" src=\"https:\/\/211md.org\/wp-content\/plugins\/bb-plugin\/img\/pixel.png\" alt=\"\" onerror=\"this.style.display='none'\" loading=\"lazy\" \/>\n\t<\/figure>\n\t\t<figure itemscope itemtype=\"https:\/\/schema.org\/ImageObject\">\n\t\t\t\t<img decoding=\"async\" src=\"https:\/\/211md.org\/wp-content\/uploads\/bb-plugin\/cache\/Call-center-specialst-circle-4e9ecd7b3425be4576416abc911049bb-.jpg\" alt=\"Espesyalis nan sant ap\u00e8l\" title=\"Espesyalis nan sant ap\u00e8l\" onerror=\"this.style.display='none'\" loading=\"lazy\" \/>\n\t<\/figure>\n<h2>Rele 211<\/h2><p>Pale ak yon moun ki gen sousi pou ou epi ki gen konpasyon 24 sou 24, 7 jou sou 7. Yo kapab tou mete ou an kontak ak resous.\u00a0<\/p>\n<h2>\n\t\t\tEnf\u00f2masyon ki gen rap\u00f2\t<\/h2>\n\t\t<h4><a href=\"\/ht\/resous-yo\/aje-andikap\/?utm_source=Home&#038;utm_medium=Referral&#038;utm_campaign=211Resources&#038;utm_content=Aging\" target=\"_self\">Aje ak Andikap<\/a><\/h4><figure itemscope itemtype=\"https:\/\/schema.org\/ImageObject\">\n\t\t\t\t<a href=\"\/ht\/resous-yo\/aje-andikap\/?utm_source=Home&#038;utm_medium=Referral&#038;utm_campaign=211Resources&#038;utm_content=Aging\"  target=\"_self\" itemprop=\"url\">\n\t\t\t\t<img decoding=\"async\" src=\"https:\/\/211md.org\/wp-content\/uploads\/bb-plugin\/cache\/2025_MdInfoNet_Icon-Sets_Aging-disability-square-c466727102cae71e5f27b8539bb51945-.png\" alt=\"\" onerror=\"this.style.display='none'\" loading=\"lazy\" \/>\n\t\t\t\t<\/a>\n\t<\/figure>\n\t\t<h4><a href=\"\/ht\/resous-yo\/timoun-fanmi-yo\/?utm_source=Home&#038;utm_medium=Referral&#038;utm_campaign=211Resources&#038;utm_content=Children\" target=\"_self\">Timoun ak Fanmi<\/a><\/h4><figure itemscope itemtype=\"https:\/\/schema.org\/ImageObject\">\n\t\t\t\t<a href=\"\/ht\/resous-yo\/timoun-fanmi-yo\/?utm_source=Home&#038;utm_medium=Referral&#038;utm_campaign=211Resources&#038;utm_content=Children\"  target=\"_self\" itemprop=\"url\">\n\t\t\t\t<img decoding=\"async\" src=\"https:\/\/211md.org\/wp-content\/uploads\/bb-plugin\/cache\/2025_211_Icon-Sets_Child-care-square-f3b0d4edab3dcc467fadb5f55f4064c6-.png\" alt=\"parent and child icon for child care\" height=\"417\" width=\"417\" title=\"2025_211_Ansanm Ik\u00f2n_Swen Timoun\" onerror=\"this.style.display='none'\" loading=\"lazy\" \/>\n\t\t\t\t<\/a>\n\t<\/figure>\n\t\t<h4><a href=\"\/ht\/resous-yo\/vyolans-familyal-domestik\/?utm_source=Home&#038;utm_medium=Referral&#038;utm_campaign=211Resources&#038;utm_content=Domestic\" target=\"_self\">Vyolans domestik<\/a><\/h4><figure itemscope itemtype=\"https:\/\/schema.org\/ImageObject\">\n\t\t\t\t<a href=\"\/ht\/resous-yo\/vyolans-familyal-domestik\/?utm_source=Home&#038;utm_medium=Referral&#038;utm_campaign=211Resources&#038;utm_content=Domestic\"  target=\"_self\" itemprop=\"url\">\n\t\t\t\t<img decoding=\"async\" src=\"https:\/\/211md.org\/wp-content\/uploads\/bb-plugin\/cache\/2025_211_Icon-Sets_Domestic-Violence-square-7b597694a6f05fe90cdc376aa573bc63-.png\" alt=\"House with a heart in the middle icon\" height=\"417\" width=\"417\" title=\"2025_211_Ansanm Ik\u00f2n_Vyolans Domestik\" onerror=\"this.style.display='none'\" loading=\"lazy\" \/>\n\t\t\t\t<\/a>\n\t<\/figure>\n\t\t<h4><a href=\"\/ht\/resous-yo\/rechech-travay\/?utm_source=Home&#038;utm_medium=Referral&#038;utm_campaign=211Resources&#038;utm_content=Employment\" target=\"_self\">Travay<\/a><\/h4><figure itemscope itemtype=\"https:\/\/schema.org\/ImageObject\">\n\t\t\t\t<a href=\"\/ht\/resous-yo\/rechech-travay\/?utm_source=Home&#038;utm_medium=Referral&#038;utm_campaign=211Resources&#038;utm_content=Employment\"  target=\"_self\" itemprop=\"url\">\n\t\t\t\t<img decoding=\"async\" src=\"https:\/\/211md.org\/wp-content\/uploads\/bb-plugin\/cache\/2025_MdInfoNet_Icon-Sets_Employment-square-44707bd410e4df10a470bf130ebcea86-.png\" alt=\"\" onerror=\"this.style.display='none'\" loading=\"lazy\" \/>\n\t\t\t\t<\/a>\n\t<\/figure>\n\t\t<h4><a href=\"\/ht\/resous-yo\/swen-sante\/?utm_source=Home&#038;utm_medium=Referral&#038;utm_campaign=211Resources&#038;utm_content=Health%20Care\" target=\"_self\">Swen Sante<\/a><\/h4><figure itemscope itemtype=\"https:\/\/schema.org\/ImageObject\">\n\t\t\t\t<a href=\"\/ht\/resous-yo\/swen-sante\/?utm_source=Home&#038;utm_medium=Referral&#038;utm_campaign=211Resources&#038;utm_content=Health%20Care\"  target=\"_self\" itemprop=\"url\">\n\t\t\t\t<img decoding=\"async\" src=\"https:\/\/211md.org\/wp-content\/uploads\/bb-plugin\/cache\/2025_MdInfoNet_Icon-Sets_Health-Care-square-dee98a0060cbe0e7f27eda253fc12679-.png\" alt=\"\" onerror=\"this.style.display='none'\" loading=\"lazy\" \/>\n\t\t\t\t<\/a>\n\t<\/figure>\n\t\t<h4><a href=\"\/ht\/resous-yo\/nouvo-nan-nou-ak-maryland\/?utm_source=Home&#038;utm_medium=Referral&#038;utm_campaign=211Resources&#038;utm_content=Immigration\" target=\"_self\">Imigrasyon<\/a><\/h4><figure itemscope itemtype=\"https:\/\/schema.org\/ImageObject\">\n\t\t\t\t<a href=\"\/ht\/resous-yo\/nouvo-nan-nou-ak-maryland\/?utm_source=Home&#038;utm_medium=Referral&#038;utm_campaign=211Resources&#038;utm_content=Immigration\"  target=\"_self\" itemprop=\"url\">\n\t\t\t\t<img decoding=\"async\" src=\"https:\/\/211md.org\/wp-content\/uploads\/bb-plugin\/cache\/2025_MdInfoNet_Icon-Sets_Immigration-square-8b97b7fdfe5e6071405e216855065118-.png\" alt=\"ik\u00f2n imigrasyon\" title=\"2025_MdInfoNet_Icon-Sets_Immigration\" onerror=\"this.style.display='none'\" loading=\"lazy\" \/>\n\t\t\t\t<\/a>\n\t<\/figure>\n\t\t<h4><a href=\"\/ht\/resous-yo\/timoun-fanmi-yo\/swen-fanmi\/?utm_source=Home&#038;utm_medium=Referral&#038;utm_campaign=211Resources&#038;utm_content=Kinship\" target=\"_self\">Parente<\/a><\/h4><figure itemscope itemtype=\"https:\/\/schema.org\/ImageObject\">\n\t\t\t\t<a href=\"\/ht\/resous-yo\/timoun-fanmi-yo\/swen-fanmi\/?utm_source=Home&#038;utm_medium=Referral&#038;utm_campaign=211Resources&#038;utm_content=Kinship\"  target=\"_self\" itemprop=\"url\">\n\t\t\t\t<img decoding=\"async\" src=\"https:\/\/211md.org\/wp-content\/uploads\/bb-plugin\/cache\/2025_211_Icon-Sets_Kinship-square-45bdf872866f5735f842c32071109267-.png\" alt=\"Ik\u00f2n fanmi\" height=\"417\" width=\"417\" title=\"2025_211_Ansanm Ik\u00f2n_Fanmitay\" onerror=\"this.style.display='none'\" loading=\"lazy\" \/>\n\t\t\t\t<\/a>\n\t<\/figure>\n\t\t<h4><a href=\"\/ht\/resous-yo\/sevis-legal-yo\/?utm_source=Home&#038;utm_medium=Referral&#038;utm_campaign=211Resources&#038;utm_content=Legal\" target=\"_self\">S\u00e8vis Legal<\/a><\/h4><figure itemscope itemtype=\"https:\/\/schema.org\/ImageObject\">\n\t\t\t\t<a href=\"\/ht\/resous-yo\/sevis-legal-yo\/?utm_source=Home&#038;utm_medium=Referral&#038;utm_campaign=211Resources&#038;utm_content=Legal\"  target=\"_self\" itemprop=\"url\">\n\t\t\t\t<img decoding=\"async\" src=\"https:\/\/211md.org\/wp-content\/uploads\/bb-plugin\/cache\/2025_MdInfoNet_Icon-Sets_Legal-square-18fdf438feb8435588174d9046463257-.png\" alt=\"\" onerror=\"this.style.display='none'\" loading=\"lazy\" \/>\n\t\t\t\t<\/a>\n\t<\/figure>\n\t\t<h4><a href=\"\/ht\/resous-yo\/sante-mantal\/?utm_source=Home&#038;utm_medium=Referral&#038;utm_campaign=211Resources&#038;utm_content=Mental\" target=\"_self\">Sante mantal<\/a><\/h4><figure itemscope itemtype=\"https:\/\/schema.org\/ImageObject\">\n\t\t\t\t<a href=\"\/ht\/resous-yo\/sante-mantal\/?utm_source=Home&#038;utm_medium=Referral&#038;utm_campaign=211Resources&#038;utm_content=Mental\"  target=\"_self\" itemprop=\"url\">\n\t\t\t\t<img decoding=\"async\" src=\"https:\/\/211md.org\/wp-content\/uploads\/bb-plugin\/cache\/2025_MdInfoNet_Icon-Sets_Mental-Health-square-c59b38c4a993a947d4c9280fbe2d2fee-.png\" alt=\"\" onerror=\"this.style.display='none'\" loading=\"lazy\" \/>\n\t\t\t\t<\/a>\n\t<\/figure>\n\t\t<h4><a href=\"\/ht\/resous-yo\/mdreentry\/?utm_source=Home&#038;utm_medium=Referral&#038;utm_campaign=211Resources&#038;utm_content=Reentry\" target=\"_self\">Reantre<\/a><\/h4><figure itemscope itemtype=\"https:\/\/schema.org\/ImageObject\">\n\t\t\t\t<a href=\"\/ht\/resous-yo\/mdreentry\/?utm_source=Home&#038;utm_medium=Referral&#038;utm_campaign=211Resources&#038;utm_content=Reentry\"  target=\"_self\" itemprop=\"url\">\n\t\t\t\t<img decoding=\"async\" src=\"https:\/\/211md.org\/wp-content\/uploads\/bb-plugin\/cache\/2025_211_Icon-Sets_Reentry-square-8676fea38abd920a832f45642fe31cca-.png\" alt=\"Ik\u00f2n Reantre\" height=\"417\" width=\"417\" title=\"2025_211_Ansanm Ik\u00f2n_Reantre\" onerror=\"this.style.display='none'\" loading=\"lazy\" \/>\n\t\t\t\t<\/a>\n\t<\/figure>\n\t\t<h4><a href=\"\/ht\/resous-yo\/itilizasyon-sibstans\/?utm_source=Home&#038;utm_medium=Referral&#038;utm_campaign=211Resources&#038;utm_content=Substance\" target=\"_self\">Itilizasyon sibstans<\/a><\/h4><figure itemscope itemtype=\"https:\/\/schema.org\/ImageObject\">\n\t\t\t\t<a href=\"\/ht\/resous-yo\/itilizasyon-sibstans\/?utm_source=Home&#038;utm_medium=Referral&#038;utm_campaign=211Resources&#038;utm_content=Substance\"  target=\"_self\" itemprop=\"url\">\n\t\t\t\t<img decoding=\"async\" src=\"https:\/\/211md.org\/wp-content\/uploads\/bb-plugin\/cache\/2025_MdInfoNet_Icon-Sets_Substance-Abuse-square-4f414f085e657267739c181957754f48-.png\" alt=\"Pills for substance Use icon\" title=\"2025_MdInfoNet_Icon-Sets_Substance-Abuse\" onerror=\"this.style.display='none'\" loading=\"lazy\" \/>\n\t\t\t\t<\/a>\n\t<\/figure>\n\t\t<h4><a href=\"\/ht\/resous-yo\/veteran-yo\/?utm_source=Home&#038;utm_medium=Referral&#038;utm_campaign=211Resources&#038;utm_content=Veterans\" target=\"_self\">Veteran yo<\/a><\/h4><figure itemscope itemtype=\"https:\/\/schema.org\/ImageObject\">\n\t\t\t\t<a href=\"\/ht\/resous-yo\/veteran-yo\/?utm_source=Home&#038;utm_medium=Referral&#038;utm_campaign=211Resources&#038;utm_content=Veterans\"  target=\"_self\" itemprop=\"url\">\n\t\t\t\t<img decoding=\"async\" src=\"https:\/\/211md.org\/wp-content\/uploads\/bb-plugin\/cache\/2025_MdInfoNet_Icon-Sets_Rating-square-6e60d00cce4faa8e0a6d4ad7366aa733-.png\" alt=\"\" onerror=\"this.style.display='none'\" loading=\"lazy\" \/>\n\t\t\t\t<\/a>\n\t<\/figure>","protected":false},"excerpt":{"rendered":"<p>Koupon Manje Pwogram Asistans Nitrisyon\u00e8l Siplemant\u00e8 (SNAP), ke yo te konnen anvan k\u00f2m koupon manje, bay asistans finansy\u00e8 pou fanmi ki gen ti revni pou yo ka achte manje. Pou pif\u00f2 fanmi, benefis SNAP yo s\u00e8lman kouvri yon pati nan depans manje yo. Aprann plis sou pwogram nan. K\u00f2manse Ki moun ki kalifye pou koupon manje? Ou ka kalifye pou koupon manje...<\/p>","protected":false},"author":8,"featured_media":2055,"parent":746,"menu_order":0,"comment_status":"closed","ping_status":"closed","template":"","meta":{"footnotes":""},"class_list":["post-1003","page","type-page","status-publish","has-post-thumbnail","hentry"],"_links":{"self":[{"href":"https:\/\/211md.org\/ht\/wp-json\/wp\/v2\/pages\/1003","targetHints":{"allow":["GET"]}}],"collection":[{"href":"https:\/\/211md.org\/ht\/wp-json\/wp\/v2\/pages"}],"about":[{"href":"https:\/\/211md.org\/ht\/wp-json\/wp\/v2\/types\/page"}],"author":[{"embeddable":true,"href":"https:\/\/211md.org\/ht\/wp-json\/wp\/v2\/users\/8"}],"replies":[{"embeddable":true,"href":"https:\/\/211md.org\/ht\/wp-json\/wp\/v2\/comments?post=1003"}],"version-history":[{"count":11,"href":"https:\/\/211md.org\/ht\/wp-json\/wp\/v2\/pages\/1003\/revisions"}],"predecessor-version":[{"id":34404,"href":"https:\/\/211md.org\/ht\/wp-json\/wp\/v2\/pages\/1003\/revisions\/34404"}],"up":[{"embeddable":true,"href":"https:\/\/211md.org\/ht\/wp-json\/wp\/v2\/pages\/746"}],"wp:featuredmedia":[{"embeddable":true,"href":"https:\/\/211md.org\/ht\/wp-json\/wp\/v2\/media\/2055"}],"wp:attachment":[{"href":"https:\/\/211md.org\/ht\/wp-json\/wp\/v2\/media?parent=1003"}],"curies":[{"name":"wp","href":"https:\/\/api.w.org\/{rel}","templated":true}]}}