{"id":1014,"date":"2021-04-16T18:37:05","date_gmt":"2021-04-16T18:37:05","guid":{"rendered":"https:\/\/211md.org\/?page_id=1014"},"modified":"2026-04-04T10:13:42","modified_gmt":"2026-04-04T14:13:42","slug":"medikal","status":"publish","type":"page","link":"https:\/\/211md.org\/ht\/resources\/health-care\/medicare\/","title":{"rendered":"Benefis Medicare"},"content":{"rendered":"<figure data-animation-delay=\"0\" data-animation-duration=\"1\" itemscope itemtype=\"https:\/\/schema.org\/ImageObject\">\n\t\t\t\t<img decoding=\"async\" src=\"https:\/\/stg-maryland211-staging.kinsta.cloud\/wp-content\/uploads\/2025\/08\/5-1-scaled.png\" alt=\"5\" height=\"692\" width=\"2560\" title=\"5\" onerror=\"this.style.display='none'\" loading=\"lazy\" \/>\n\t<\/figure>\n\t\t<h1><a href=\"#start\" target=\"_self\">Tit Paj Defo<\/a><\/h1><p>Medicare se yon pwogram asirans sante gouv\u00e8nman an, ki bay asistans pou moun ki gen 65 an oswa plis, moun ki poko gen 65 an ki gen s\u00e8ten andikap, ak nenp\u00f2t moun ki gen maladi renal nan d\u00e8nye etap li oswa ensifizans renal p\u00e8manan ki bezwen dyaliz oswa transplantasyon ren.<\/p>\n<p>Aprann plis sou kalite pwoteksyon Medicare yo ak kijan pou jwenn \u00e8d pou navige ladan l atrav\u00e8 yon pwogram yo rele SHIP.<\/p>\n\t\t\t<a href=\"#start\"  target=\"_self\">\n\t\t\t\t\t\tK\u00f2manse\n\t\t\t\t\t<\/a>\n<figure data-animation-delay=\"0\" data-animation-duration=\"1\" itemscope itemtype=\"https:\/\/schema.org\/ImageObject\">\n\t\t\t\t<img decoding=\"async\" src=\"https:\/\/211md.org\/wp-content\/plugins\/bb-plugin\/img\/pixel.png\" alt=\"\" onerror=\"this.style.display='none'\" loading=\"lazy\" \/>\n\t<\/figure>\n<figure data-animation-delay=\"0\" data-animation-duration=\"1.3\" itemscope itemtype=\"https:\/\/schema.org\/ImageObject\">\n\t\t\t\t<img decoding=\"async\" src=\"https:\/\/stg-maryland211-staging.kinsta.cloud\/wp-content\/uploads\/2025\/08\/16.png\" alt=\"16\" height=\"1000\" width=\"1000\" title=\"16\" onerror=\"this.style.display='none'\" loading=\"lazy\" \/>\n\t<\/figure>\n<figure data-animation-delay=\"0\" data-animation-duration=\"1\" itemscope itemtype=\"https:\/\/schema.org\/ImageObject\">\n\t\t\t\t<img decoding=\"async\" src=\"http:\/\/211md.org\/wp-content\/uploads\/2023\/11\/Person-on-Medicare-at-the-doctor.jpg\" alt=\"Senior at doctor\" title=\"Moun ki sou Medicare nan dokt\u00e8 a\" onerror=\"this.style.display='none'\" loading=\"lazy\" \/>\n\t<\/figure>\n\t<h2>Kalite Kouv\u00e8ti Medicare<\/h2>\n<p>Gen twa kalite pwoteksyon Medicare:<\/p>\n<ul>\n<li>Medicare Pati A: Asirans Lopital<\/li>\n<li>Medicare Pati B: Asirans Medikal<\/li>\n<li>Pati C Medicare: Plan Advantage<\/li>\n<li>Pati D Medicare: Plan Medikaman sou Preskripsyon<\/li>\n<\/ul>\n<h3><strong>Pati A: Asirans Lopital<\/strong><\/h3>\n<p>Medicare Pati A kouvri depans tankou:<\/p>\n<ul>\n<li>swen lopital pou pasyan ent\u00e8ne<\/li>\n<li>etablisman swen enfimy\u00e8 kalifye<\/li>\n<li>reyabilitasyon pou pasyan ent\u00e8ne<\/li>\n<li>swen paliatif<\/li>\n<li>k\u00e8k s\u00e8vis swen sante lakay<\/li>\n<\/ul>\n<p>Gade kat Medicare la pou w\u00e8 si pwoteksyon Pati A a enkli.<\/p>\n<p>Si ou gen Pati A, ou ap w\u00e8 &quot;LOPITAL (PATI A)&quot; enprime sou kat la.<\/p>\n<p>Pif\u00f2 moun pa oblije peye pou Pati A.<\/p>\n<p>Li baze sou travay ki kouvri pa Medicare, jan Administrasyon Sekirite Sosyal la det\u00e8mine sa.<\/p>\n\t<h3>Pati B: Asirans Medikal<\/h3>\n<p>Medicare Pati B se yon asirans medikal ki ede kouvri s\u00e8vis medikalman neses\u00e8 tankou:<\/p>\n<ul>\n<li>vizit dokt\u00e8<\/li>\n<li>swen pou pasyan ekst\u00e8n<\/li>\n<li>ekipman medikal dirab (DME)<\/li>\n<li>s\u00e8ten s\u00e8vis sante lakay<\/li>\n<li>l\u00f2t swen medikal ki pa kouvri pa Pati A<\/li>\n<li>k\u00e8k s\u00e8vis prevantif<\/li>\n<\/ul>\n<p>Pif\u00f2 moun peye chak mwa pou Pati B. Genyen tou yon franchiz any\u00e8l.<\/p>\n<p>La <a href=\"https:\/\/www.cms.gov\/newsroom\/fact-sheets\/2024-medicare-parts-b-premiums-and-deductibles\" target=\"_blank\" rel=\"noopener\">Sant pou Medicare ak Medicaid <\/a>S\u00e8vis yo dirije pwogram nan epi detaye prim yo espere pou Pati B a.<\/p>\n<h3>Pati C: Pwoteksyon Siplemant\u00e8 pa Konpayi Prive yo<\/h3>\n<p>Konpayi prive ki apwouve pa Medicare yo ofri Medicare Pati C, epi yo bay pwoteksyon adisyon\u00e8l.<\/p>\n<p>Sa ka gen ladan:<\/p>\n<ul>\n<li>vizyon<\/li>\n<li>tande<\/li>\n<li>dant\u00e8<\/li>\n<li>pwogram sante ak byenn\u00e8t<\/li>\n<\/ul>\n<p>Pif\u00f2 ladan yo gen ladan yo tou pwoteksyon Medicare pou medikaman sou preskripsyon (Pati D).<\/p>\n<h3>Pati D: Preskripsyon<\/h3>\n<p>Medicare Pati D bay pwoteksyon pou medikaman sou preskripsyon pou tout moun ki gen Medicare.<\/p>\n<p>Pou jwenn asirans Medicare pou medikaman sou preskripsyon, ou dwe rantre nan yon plan ki dirije pa yon konpayi asirans oswa yon l\u00f2t konpayi prive ki apwouve pa Medicare.<\/p>\n<p>Chak plan ka varye nan pri ak medikaman li kouvri yo.<\/p>\n\t<h2>Maryland SHIP: Jwenn \u00e8d pou jwenn bon plan an<\/h2>\n<p>Volont\u00e8 ki resevwa f\u00f2masyon nan Pwogram Asistans Asirans Sante Eta Maryland (SHIP) la ofri kons\u00e8y gratis pou ede moun deside ki plan Medicare pou yo chwazi.<\/p>\n<p>Konseye SHIP yo ka ede moun:<\/p>\n<ul>\n<li>konprann depans ak pwoteksyon<\/li>\n<li>konpare opsyon yo<\/li>\n<li>enskri oswa chanje plan<\/li>\n<li>ranje er\u00e8 oswa pwobl\u00e8m faktirasyon<\/li>\n<\/ul>\n<p>Konseye SHIP lokal yo ka ede ak tout asp\u00e8 Medicare, AD.<\/p>\n<p>Anplis de sa, yo ka ede ak asistans finansy\u00e8 pou benefisy\u00e8 ki gen ti revni ak ak fwod ak abi Medicare.<\/p>\n<h3>Kontakte Maryland SHIP<\/h3>\n<p>Jwenn yon konseye SHIP lokal:<\/p>\n<ul>\n<li>Konte Allegany \u2013 301-783-1710<\/li>\n<li>\u200bKonte Anne Arundel \u2013 410-222-4257\u200b<\/li>\n<li>Baltimore City \u2013 410-396-2273<\/li>\n<li>\u200bKonte Baltimore \u2013 410-887-2059\u200b<\/li>\n<li>\u200bKonte Calvert \u2013 410-535-4606<\/li>\n<li>Konte Carroll \u2013 410-386-3800<\/li>\n<li>Konte Caroline \u2013 410-479-2535<\/li>\n<li>\u200bKonte Cecil \u2013 410-996-8174\u200b<\/li>\n<li>Charles County \u2013 301-934-9305<\/li>\n<li>Konte Dorchester \u2013 410-376-3662<\/li>\n<li>\u200bKonte Frederick \u2013 301-600-1234<\/li>\n<li>Konte Garrett \u2013 301-334-9431<\/li>\n<li>Konte Harford \u2013 410-638-3025<\/li>\n<li>\u200bKonte Howard \u2013 410-313-7392<\/li>\n<li>\u200bKonte Kent \u2013 \u200b\u200b410-778-2564\u200b<\/li>\n<li>Konte Montgomery \u2013 301-255-4250<\/li>\n<li>Konte Prince George a \u2013 301-265-8471<\/li>\n<li>Konte St. Mary&#039;s \u2013 301-475-4200 Ext. 1064<\/li>\n<li>Konte Somerset \u2013 410-742-0505<\/li>\n<li>Konte Talbot \u2013 301-475-4200 Ext. 231<\/li>\n<li>Konte Queen Anne \u2013 410-758-0848 Opsyon 3<\/li>\n<li>\u200bKonte Washington \u2013 301-790-0275<\/li>\n<li>\u200bKonte Wicomico \u2013 410-742-0505<\/li>\n<li>Konte Worcester \u2013 410-742-0505<\/li>\n<\/ul>\n\t\t\t<a href=\"https:\/\/aging.maryland.gov\/Pages\/state-health-insurance-program.aspx\" target=\"_blank\" rel=\"noopener\">\n\t\t\t\t\t\t\tKontakte SHIP\n\t\t\t\t\t<\/a>\n<figure itemscope itemtype=\"https:\/\/schema.org\/ImageObject\">\n\t\t\t\t<img decoding=\"async\" src=\"https:\/\/211md.org\/wp-content\/plugins\/bb-plugin\/img\/pixel.png\" alt=\"\" onerror=\"this.style.display='none'\" loading=\"lazy\" \/>\n\t<\/figure>\n\t\t<figure itemscope itemtype=\"https:\/\/schema.org\/ImageObject\">\n\t\t\t\t<img decoding=\"async\" src=\"https:\/\/211md.org\/wp-content\/uploads\/bb-plugin\/cache\/Call-center-specialst-circle-4e9ecd7b3425be4576416abc911049bb-.jpg\" alt=\"Espesyalis nan sant ap\u00e8l\" title=\"Espesyalis nan sant ap\u00e8l\" onerror=\"this.style.display='none'\" loading=\"lazy\" \/>\n\t<\/figure>\n<h2>Rele 211<\/h2><p>Pale ak yon moun ki gen sousi pou ou epi ki gen konpasyon 24 sou 24, 7 jou sou 7. Yo kapab tou mete ou an kontak ak resous.\u00a0<\/p>\n\t\t\t<a href=\"tel:%20+211\"  target=\"_blank\" rel=\"noopener\">\n\t\t\t\t\t\tRele 211 (mobil)\n\t\t\t\t\t<\/a>\n<figure data-animation-delay=\"0\" data-animation-duration=\"1\" itemscope itemtype=\"https:\/\/schema.org\/ImageObject\">\n\t\t\t\t<img decoding=\"async\" src=\"http:\/\/211md.org\/wp-content\/uploads\/2025\/09\/Senior-couple-looking-at-Medicare-options-on-tablet.jpg\" alt=\"Yon koup granmoun aje ap gade opsyon Medicare sou yon tabl\u00e8t\" title=\"Yon koup granmoun aje ap gade opsyon Medicare sou yon tabl\u00e8t\" onerror=\"this.style.display='none'\" loading=\"lazy\" \/>\n\t<\/figure>\n\t<h2>Enskripsyon ouvri Medicare<\/h2>\n<p>Chak ane, benefisy\u00e8 yo ta dwe revize kouv\u00e8ti Medicare yo ak\u00a0<a href=\"https:\/\/www.medicare.gov\/plan-compare\/#\/?year=2023&amp;lang=en\" target=\"_blank\" rel=\"noopener\">konpare plan yo<\/a>\u00a0pandan enskripsyon ouv\u00e8 ki espesifye nan sezon ot\u00f2n la.<\/p>\n<p>Ou ka rantre nan yon nouvo Plan Medicare Advantage oswa yon plan pou medikaman sou preskripsyon Pati D, chanje soti nan Original Medicare nan yon Plan Medicare Advantage, oswa chanje soti nan yon Plan Medicare Advantage pou ale nan Original Medicare (av\u00e8k oswa san yon plan Pati D).<\/p>\n<p>Ou ka jwenn yon plan Medigap tou (Sipleman Medicare) nan Maryland.<\/p>\n<h3>Ki jan yo revize yon plan Medicare<\/h3>\n<p>Poze t\u00e8t ou kesyon sa yo sou Plan Medicare Advantage ou a:<\/p>\n<ul>\n<li>Konbyen prim yo ye chak mwa, si genyen?<\/li>\n<li>Konbyen franchiz ak ko-asirans\/kopeman pou s\u00e8vis mwen bezwen yo?<\/li>\n<li>Ki pri chak ane soti nan p\u00f2ch la?<\/li>\n<li>Ki z\u00f2n s\u00e8vis plan an?<\/li>\n<li>\u00c8ske dokt\u00e8 ak lopital mwen yo nan rezo a?<\/li>\n<li>Ki r\u00e8g mwen dwe swiv pou jwenn aks\u00e8 nan s\u00e8vis swen sante ak medikaman sou preskripsyon mwen yo?<\/li>\n<li>\u00c8ske plan an kouvri benefis swen sante adisyon\u00e8l ki pa kouvri pa Original Medicare?<\/li>\n<li>Ki evalyasyon etwal plan an?<\/li>\n<li>\u00c8ske plan sa a pral afekte pwoteksyon adisyon\u00e8l mwen genyen an?<\/li>\n<\/ul>\n<p>Konpare plan ou a ak l\u00f2t moun, estime depans ki soti nan p\u00f2ch yo epi gade sist\u00e8m zetwal la pou konprann evalyasyon plan an pou kalite ak p\u00e8f\u00f2mans.<\/p>\n\t<h3>Pery\u00f2d Enskripsyon Espesyal<\/h3>\n<p>Anplis enskripsyon ouv\u00e8, gen pery\u00f2d enskripsyon espesyal ki depann de sikonstans p\u00e8son\u00e8l yo. W ap kalifye pou w enskri nan Medicare si:<\/p>\n<ul>\n<li>Ou deplase.<\/li>\n<li>Ou kalifye pou Medicaid.<\/li>\n<li>Ou kalifye pou \u00c8d Siplemant\u00e8 ak depans medikaman Medicare.<\/li>\n<li>W ap resevwa swen nan yon enstitisyon tankou yon etablisman enfimy\u00e8 kalifye oswa lopital swen alont\u00e8m.<\/li>\n<li>Ou vle chanje nan yon plan ak yon evalyasyon 5-zetwal jeneral kalite.<\/li>\n<\/ul>\n\t\t\t<a href=\"https:\/\/www.medicare.gov\/basics\/get-started-with-medicare\" target=\"_blank\" rel=\"noopener\">\n\t\t\t\t\t\t\tGet started with medicare\n\t\t\t<\/a>\n<h2>\n\t\t\tEnf\u00f2masyon ki gen rap\u00f2\t<\/h2>\n\t\t<h4><a href=\"\/ht\/resous-yo\/aje-andikap\/?utm_source=Home&#038;utm_medium=Referral&#038;utm_campaign=211Resources&#038;utm_content=Aging\" target=\"_self\">Aje ak Andikap<\/a><\/h4><figure itemscope itemtype=\"https:\/\/schema.org\/ImageObject\">\n\t\t\t\t<a href=\"\/ht\/resous-yo\/aje-andikap\/?utm_source=Home&#038;utm_medium=Referral&#038;utm_campaign=211Resources&#038;utm_content=Aging\"  target=\"_self\" itemprop=\"url\">\n\t\t\t\t<img decoding=\"async\" src=\"https:\/\/211md.org\/wp-content\/uploads\/bb-plugin\/cache\/2025_MdInfoNet_Icon-Sets_Aging-disability-square-c466727102cae71e5f27b8539bb51945-.png\" alt=\"\" onerror=\"this.style.display='none'\" loading=\"lazy\" \/>\n\t\t\t\t<\/a>\n\t<\/figure>\n\t\t<h4><a href=\"\/ht\/resous-yo\/timoun-fanmi-yo\/?utm_source=Home&#038;utm_medium=Referral&#038;utm_campaign=211Resources&#038;utm_content=Children\" target=\"_self\">Timoun ak Fanmi<\/a><\/h4><figure itemscope itemtype=\"https:\/\/schema.org\/ImageObject\">\n\t\t\t\t<a href=\"\/ht\/resous-yo\/timoun-fanmi-yo\/?utm_source=Home&#038;utm_medium=Referral&#038;utm_campaign=211Resources&#038;utm_content=Children\"  target=\"_self\" itemprop=\"url\">\n\t\t\t\t<img decoding=\"async\" src=\"https:\/\/211md.org\/wp-content\/uploads\/bb-plugin\/cache\/2025_211_Icon-Sets_Child-care-square-f3b0d4edab3dcc467fadb5f55f4064c6-.png\" alt=\"parent and child icon for child care\" height=\"417\" width=\"417\" title=\"2025_211_Ansanm Ik\u00f2n_Swen Timoun\" onerror=\"this.style.display='none'\" loading=\"lazy\" \/>\n\t\t\t\t<\/a>\n\t<\/figure>\n\t\t<h4><a href=\"\/ht\/resous-yo\/vyolans-familyal-domestik\/?utm_source=Home&#038;utm_medium=Referral&#038;utm_campaign=211Resources&#038;utm_content=Domestic\" target=\"_self\">Vyolans domestik<\/a><\/h4><figure itemscope itemtype=\"https:\/\/schema.org\/ImageObject\">\n\t\t\t\t<a href=\"\/ht\/resous-yo\/vyolans-familyal-domestik\/?utm_source=Home&#038;utm_medium=Referral&#038;utm_campaign=211Resources&#038;utm_content=Domestic\"  target=\"_self\" itemprop=\"url\">\n\t\t\t\t<img decoding=\"async\" src=\"https:\/\/211md.org\/wp-content\/uploads\/bb-plugin\/cache\/2025_211_Icon-Sets_Domestic-Violence-square-7b597694a6f05fe90cdc376aa573bc63-.png\" alt=\"House with a heart in the middle icon\" height=\"417\" width=\"417\" title=\"2025_211_Ansanm Ik\u00f2n_Vyolans Domestik\" onerror=\"this.style.display='none'\" loading=\"lazy\" \/>\n\t\t\t\t<\/a>\n\t<\/figure>\n\t\t<h4><a href=\"\/ht\/resous-yo\/rechech-travay\/?utm_source=Home&#038;utm_medium=Referral&#038;utm_campaign=211Resources&#038;utm_content=Employment\" target=\"_self\">Travay<\/a><\/h4><figure itemscope itemtype=\"https:\/\/schema.org\/ImageObject\">\n\t\t\t\t<a href=\"\/ht\/resous-yo\/rechech-travay\/?utm_source=Home&#038;utm_medium=Referral&#038;utm_campaign=211Resources&#038;utm_content=Employment\"  target=\"_self\" itemprop=\"url\">\n\t\t\t\t<img decoding=\"async\" src=\"https:\/\/211md.org\/wp-content\/uploads\/bb-plugin\/cache\/2025_MdInfoNet_Icon-Sets_Employment-square-44707bd410e4df10a470bf130ebcea86-.png\" alt=\"\" onerror=\"this.style.display='none'\" loading=\"lazy\" \/>\n\t\t\t\t<\/a>\n\t<\/figure>\n\t\t<h4><a href=\"\/ht\/resous-yo\/swen-sante\/?utm_source=Home&#038;utm_medium=Referral&#038;utm_campaign=211Resources&#038;utm_content=Health%20Care\" target=\"_self\">Swen Sante<\/a><\/h4><figure itemscope itemtype=\"https:\/\/schema.org\/ImageObject\">\n\t\t\t\t<a href=\"\/ht\/resous-yo\/swen-sante\/?utm_source=Home&#038;utm_medium=Referral&#038;utm_campaign=211Resources&#038;utm_content=Health%20Care\"  target=\"_self\" itemprop=\"url\">\n\t\t\t\t<img decoding=\"async\" src=\"https:\/\/211md.org\/wp-content\/uploads\/bb-plugin\/cache\/2025_MdInfoNet_Icon-Sets_Health-Care-square-dee98a0060cbe0e7f27eda253fc12679-.png\" alt=\"\" onerror=\"this.style.display='none'\" loading=\"lazy\" \/>\n\t\t\t\t<\/a>\n\t<\/figure>\n\t\t<h4><a href=\"\/ht\/resous-yo\/nouvo-nan-nou-ak-maryland\/?utm_source=Home&#038;utm_medium=Referral&#038;utm_campaign=211Resources&#038;utm_content=Immigration\" target=\"_self\">Imigrasyon<\/a><\/h4><figure itemscope itemtype=\"https:\/\/schema.org\/ImageObject\">\n\t\t\t\t<a href=\"\/ht\/resous-yo\/nouvo-nan-nou-ak-maryland\/?utm_source=Home&#038;utm_medium=Referral&#038;utm_campaign=211Resources&#038;utm_content=Immigration\"  target=\"_self\" itemprop=\"url\">\n\t\t\t\t<img decoding=\"async\" src=\"https:\/\/211md.org\/wp-content\/uploads\/bb-plugin\/cache\/2025_MdInfoNet_Icon-Sets_Immigration-square-8b97b7fdfe5e6071405e216855065118-.png\" alt=\"ik\u00f2n imigrasyon\" title=\"2025_MdInfoNet_Icon-Sets_Immigration\" onerror=\"this.style.display='none'\" loading=\"lazy\" \/>\n\t\t\t\t<\/a>\n\t<\/figure>\n\t\t<h4><a href=\"\/ht\/resous-yo\/timoun-fanmi-yo\/swen-fanmi\/?utm_source=Home&#038;utm_medium=Referral&#038;utm_campaign=211Resources&#038;utm_content=Kinship\" target=\"_self\">Parente<\/a><\/h4><figure itemscope itemtype=\"https:\/\/schema.org\/ImageObject\">\n\t\t\t\t<a href=\"\/ht\/resous-yo\/timoun-fanmi-yo\/swen-fanmi\/?utm_source=Home&#038;utm_medium=Referral&#038;utm_campaign=211Resources&#038;utm_content=Kinship\"  target=\"_self\" itemprop=\"url\">\n\t\t\t\t<img decoding=\"async\" src=\"https:\/\/211md.org\/wp-content\/uploads\/bb-plugin\/cache\/2025_211_Icon-Sets_Kinship-square-45bdf872866f5735f842c32071109267-.png\" alt=\"Ik\u00f2n fanmi\" height=\"417\" width=\"417\" title=\"2025_211_Ansanm Ik\u00f2n_Fanmitay\" onerror=\"this.style.display='none'\" loading=\"lazy\" \/>\n\t\t\t\t<\/a>\n\t<\/figure>\n\t\t<h4><a href=\"\/ht\/resous-yo\/sevis-legal-yo\/?utm_source=Home&#038;utm_medium=Referral&#038;utm_campaign=211Resources&#038;utm_content=Legal\" target=\"_self\">S\u00e8vis Legal<\/a><\/h4><figure itemscope itemtype=\"https:\/\/schema.org\/ImageObject\">\n\t\t\t\t<a href=\"\/ht\/resous-yo\/sevis-legal-yo\/?utm_source=Home&#038;utm_medium=Referral&#038;utm_campaign=211Resources&#038;utm_content=Legal\"  target=\"_self\" itemprop=\"url\">\n\t\t\t\t<img decoding=\"async\" src=\"https:\/\/211md.org\/wp-content\/uploads\/bb-plugin\/cache\/2025_MdInfoNet_Icon-Sets_Legal-square-18fdf438feb8435588174d9046463257-.png\" alt=\"\" onerror=\"this.style.display='none'\" loading=\"lazy\" \/>\n\t\t\t\t<\/a>\n\t<\/figure>\n\t\t<h4><a href=\"\/ht\/resous-yo\/sante-mantal\/?utm_source=Home&#038;utm_medium=Referral&#038;utm_campaign=211Resources&#038;utm_content=Mental\" target=\"_self\">Sante mantal<\/a><\/h4><figure itemscope itemtype=\"https:\/\/schema.org\/ImageObject\">\n\t\t\t\t<a href=\"\/ht\/resous-yo\/sante-mantal\/?utm_source=Home&#038;utm_medium=Referral&#038;utm_campaign=211Resources&#038;utm_content=Mental\"  target=\"_self\" itemprop=\"url\">\n\t\t\t\t<img decoding=\"async\" src=\"https:\/\/211md.org\/wp-content\/uploads\/bb-plugin\/cache\/2025_MdInfoNet_Icon-Sets_Mental-Health-square-c59b38c4a993a947d4c9280fbe2d2fee-.png\" alt=\"\" onerror=\"this.style.display='none'\" loading=\"lazy\" \/>\n\t\t\t\t<\/a>\n\t<\/figure>\n\t\t<h4><a href=\"\/ht\/resous-yo\/mdreentry\/?utm_source=Home&#038;utm_medium=Referral&#038;utm_campaign=211Resources&#038;utm_content=Reentry\" target=\"_self\">Reantre<\/a><\/h4><figure itemscope itemtype=\"https:\/\/schema.org\/ImageObject\">\n\t\t\t\t<a href=\"\/ht\/resous-yo\/mdreentry\/?utm_source=Home&#038;utm_medium=Referral&#038;utm_campaign=211Resources&#038;utm_content=Reentry\"  target=\"_self\" itemprop=\"url\">\n\t\t\t\t<img decoding=\"async\" src=\"https:\/\/211md.org\/wp-content\/uploads\/bb-plugin\/cache\/2025_211_Icon-Sets_Reentry-square-8676fea38abd920a832f45642fe31cca-.png\" alt=\"Ik\u00f2n Reantre\" height=\"417\" width=\"417\" title=\"2025_211_Ansanm Ik\u00f2n_Reantre\" onerror=\"this.style.display='none'\" loading=\"lazy\" \/>\n\t\t\t\t<\/a>\n\t<\/figure>\n\t\t<h4><a href=\"\/ht\/resous-yo\/itilizasyon-sibstans\/?utm_source=Home&#038;utm_medium=Referral&#038;utm_campaign=211Resources&#038;utm_content=Substance\" target=\"_self\">Itilizasyon sibstans<\/a><\/h4><figure itemscope itemtype=\"https:\/\/schema.org\/ImageObject\">\n\t\t\t\t<a href=\"\/ht\/resous-yo\/itilizasyon-sibstans\/?utm_source=Home&#038;utm_medium=Referral&#038;utm_campaign=211Resources&#038;utm_content=Substance\"  target=\"_self\" itemprop=\"url\">\n\t\t\t\t<img decoding=\"async\" src=\"https:\/\/211md.org\/wp-content\/uploads\/bb-plugin\/cache\/2025_MdInfoNet_Icon-Sets_Substance-Abuse-square-4f414f085e657267739c181957754f48-.png\" alt=\"Pills for substance Use icon\" title=\"2025_MdInfoNet_Icon-Sets_Substance-Abuse\" onerror=\"this.style.display='none'\" loading=\"lazy\" \/>\n\t\t\t\t<\/a>\n\t<\/figure>\n\t\t<h4><a href=\"\/ht\/resous-yo\/veteran-yo\/?utm_source=Home&#038;utm_medium=Referral&#038;utm_campaign=211Resources&#038;utm_content=Veterans\" target=\"_self\">Veteran yo<\/a><\/h4><figure itemscope itemtype=\"https:\/\/schema.org\/ImageObject\">\n\t\t\t\t<a href=\"\/ht\/resous-yo\/veteran-yo\/?utm_source=Home&#038;utm_medium=Referral&#038;utm_campaign=211Resources&#038;utm_content=Veterans\"  target=\"_self\" itemprop=\"url\">\n\t\t\t\t<img decoding=\"async\" src=\"https:\/\/211md.org\/wp-content\/uploads\/bb-plugin\/cache\/2025_MdInfoNet_Icon-Sets_Rating-square-6e60d00cce4faa8e0a6d4ad7366aa733-.png\" alt=\"\" onerror=\"this.style.display='none'\" loading=\"lazy\" \/>\n\t\t\t\t<\/a>\n\t<\/figure>","protected":false},"excerpt":{"rendered":"<p>Tit Paj Defo Medicare se yon pwogram asirans sante gouv\u00e8nman an, ki bay asistans pou moun ki gen 65 an oswa plis, moun ki poko gen 65 an ki gen s\u00e8ten andikap, ak nenp\u00f2t moun ki gen maladi renal nan d\u00e8nye etap li oswa ensifizans renal p\u00e8manan ki bezwen dyaliz oswa transplantasyon ren. Aprann sou kalite pwoteksyon Medicare yo ak kijan pou jwenn \u00e8d pou navige...<\/p>","protected":false},"author":8,"featured_media":33836,"parent":838,"menu_order":0,"comment_status":"closed","ping_status":"closed","template":"","meta":{"footnotes":""},"class_list":["post-1014","page","type-page","status-publish","has-post-thumbnail","hentry"],"_links":{"self":[{"href":"https:\/\/211md.org\/ht\/wp-json\/wp\/v2\/pages\/1014","targetHints":{"allow":["GET"]}}],"collection":[{"href":"https:\/\/211md.org\/ht\/wp-json\/wp\/v2\/pages"}],"about":[{"href":"https:\/\/211md.org\/ht\/wp-json\/wp\/v2\/types\/page"}],"author":[{"embeddable":true,"href":"https:\/\/211md.org\/ht\/wp-json\/wp\/v2\/users\/8"}],"replies":[{"embeddable":true,"href":"https:\/\/211md.org\/ht\/wp-json\/wp\/v2\/comments?post=1014"}],"version-history":[{"count":10,"href":"https:\/\/211md.org\/ht\/wp-json\/wp\/v2\/pages\/1014\/revisions"}],"predecessor-version":[{"id":34486,"href":"https:\/\/211md.org\/ht\/wp-json\/wp\/v2\/pages\/1014\/revisions\/34486"}],"up":[{"embeddable":true,"href":"https:\/\/211md.org\/ht\/wp-json\/wp\/v2\/pages\/838"}],"wp:featuredmedia":[{"embeddable":true,"href":"https:\/\/211md.org\/ht\/wp-json\/wp\/v2\/media\/33836"}],"wp:attachment":[{"href":"https:\/\/211md.org\/ht\/wp-json\/wp\/v2\/media?parent=1014"}],"curies":[{"name":"wp","href":"https:\/\/api.w.org\/{rel}","templated":true}]}}