{"id":1021,"date":"2021-04-16T18:52:14","date_gmt":"2021-04-16T18:52:14","guid":{"rendered":"https:\/\/211md.org\/?page_id=1021"},"modified":"2026-04-28T09:58:27","modified_gmt":"2026-04-28T13:58:27","slug":"konpotman-timoun-yo","status":"publish","type":"page","link":"https:\/\/211md.org\/ht\/resources\/children-families\/child-behaviors\/","title":{"rendered":"Jwenn \u00e8d ak konp\u00f2tman timoun yo"},"content":{"rendered":"<figure data-animation-delay=\"0\" data-animation-duration=\"1\" itemscope itemtype=\"https:\/\/schema.org\/ImageObject\">\n\t\t\t\t<img decoding=\"async\" src=\"https:\/\/stg-maryland211-staging.kinsta.cloud\/wp-content\/uploads\/2025\/08\/5-1-scaled.png\" alt=\"5\" height=\"692\" width=\"2560\" title=\"5\" onerror=\"this.style.display='none'\" loading=\"lazy\" \/>\n\t<\/figure>\n\t\t<p>Caring for kids is one of the most important, and sometimes most challenging jobs there is. Raising children takes patience, energy, and support.<\/p>\n<p>It&#8217;s easy to feel overwhelmed.\u00a0When children push boundaries, act out or struggle to express their big feelings, you may be unsure of where to turn for help and support. You don&#8217;t have to figure it out on your own.<\/p>\n<p>Help is available, and it starts with knowing where to turn.<\/p>\n\t\t\t<a href=\"https:\/\/search.211md.org\/search?query=LR-1700&#038;query_label=Early%20Intervention%20for%20Children%20With%20Disabilities%2FDelays&#038;query_type=taxonomy\"  target=\"_blank\" rel=\"noopener\">\n\t\t\t\t\t\t\tsearch for resources\n\t\t\t<\/a>\n<figure data-animation-delay=\"0\" data-animation-duration=\"1\" itemscope itemtype=\"https:\/\/schema.org\/ImageObject\">\n\t\t\t\t<img decoding=\"async\" src=\"https:\/\/211md.org\/wp-content\/plugins\/bb-plugin\/img\/pixel.png\" alt=\"\" onerror=\"this.style.display='none'\" loading=\"lazy\" \/>\n\t<\/figure>\n<figure data-animation-delay=\"0\" data-animation-duration=\"1.3\" itemscope itemtype=\"https:\/\/schema.org\/ImageObject\">\n\t\t\t\t<img decoding=\"async\" src=\"https:\/\/stg-maryland211-staging.kinsta.cloud\/wp-content\/uploads\/2025\/08\/16.png\" alt=\"16\" height=\"1000\" width=\"1000\" title=\"16\" onerror=\"this.style.display='none'\" loading=\"lazy\" \/>\n\t<\/figure>\n<figure itemscope itemtype=\"https:\/\/schema.org\/ImageObject\">\n\t\t\t\t<img decoding=\"async\" src=\"http:\/\/211md.org\/wp-content\/uploads\/2026\/04\/girl-in-wheelchair-visiting-doctor.jpg\" alt=\"girl in wheelchair high fiving doctor\" title=\"girl in wheelchair visiting doctor\" onerror=\"this.style.display='none'\" loading=\"lazy\" \/>\n\t<\/figure>\n<figure itemscope itemtype=\"https:\/\/schema.org\/ImageObject\">\n\t\t\t\t<img decoding=\"async\" src=\"https:\/\/211md.org\/wp-content\/plugins\/bb-plugin\/img\/pixel.png\" alt=\"\" onerror=\"this.style.display='none'\" loading=\"lazy\" \/>\n\t<\/figure>\n\t<h3>Get Help From Your Pediatrician<\/h3>\n<p>When challenging behaviors occur frequently or persist beyond a phase, connect with support as early as possible. It&#8217;s risky to assume that your child will &#8220;grow out of it.&#8221;<\/p>\n<p>Pif\u00f2 pwobl\u00e8m yo ka rezoud ak bon apw\u00f2ch la, men li se anjeneral pi fasil ak pi efikas f\u00e8 yon bagay pi bon\u00e8 anvan yon pwobl\u00e8m vin pi mal.<\/p>\n<p>First, talk to your child&#8217;s pediatrician or healthcare provider. Bring questions, concerns, and examples to your appointment. <a href=\"https:\/\/www.cdc.gov\/ncbddd\/actearly\/pdf\/help_pdfs\/How-Talk-Doctor-English-Spanish-508.pdf\" target=\"_blank\" rel=\"noopener\">Use this tip sheet<\/a> (English\/Spanish) from the Centers for Disease Control and Prevention to prepare for and guide the conversation.<\/p>\n\t<h2>Pou \u00c8d Touswit<\/h2>\n<p>For immediate help, call one of the Maryland hotlines. Caring and compassionate people are always available to offer help and support.<\/p>\n\t\t<h3>24-Hour Parenting HelpLine<br \/>1-800-243-7337<\/h3>\n\t\t<p>The Family Tree runs Maryland&#8217;s Parenting HelpLine.<\/p>\n<p>Dial 1-800-243-7337 for free and confidential parenting support, advice, and community resources.<\/p>\n\t\t\t<a href=\"https:\/\/www.familytreemd.org\/programs\/helpline\/\" target=\"_blank\" rel=\"noopener\">\n\t\t\t\t\t\t\tLearn about the HelpLine\n\t\t\t<\/a>\n\t\t<h3>Sante mantal<br \/>988<\/h3>\n\t\t<p>For a concern about child mental health or substance use, call or text 988.<\/p>\n<p>There is hope. Talk to a trained professional.<\/p>\n\t\t\t<a href=\"https:\/\/health.maryland.gov\/bha\/Pages\/988md.aspx\" target=\"_blank\" rel=\"noopener\">\n\t\t\t\t\t\t\tAprann sou 988 nan Maryland\n\t\t\t<\/a>\n\t\t<h3>Jwenn Resous<br \/>211<\/h3>\n\t\t<p>Connect with 211 for help with child care, early intervention, programs for children, food, recreational opportunities, or ongoing mental health support.<\/p>\n<p>Tradiksyon disponib nan plis pase 150 lang.<\/p>\n\t\t\t<a href=\"https:\/\/search.211md.org\/\" target=\"_blank\" rel=\"noopener\">\n\t\t\t\t\t\t\tsearch by zip code\n\t\t\t<\/a>\n\t\t<h2>Early Intervention Programs<\/h2>\n\t\t<p>If you have concerns, a child development specialist may be able to evaluate the child for eligibility of early intervention services.<\/p>\n<h3>Children Under 3<\/h3>\n<p>For children under age 3, connect with the <a href=\"https:\/\/marylandpublicschools.org\/programs\/Pages\/Special-Education\/MITP\/index.aspx\" target=\"_blank\" rel=\"noopener\">Pwogram Tibebe ak Timoun Piti nan Maryland<\/a>. They screen children for developmental delays and atypical behavior. You&#8217;ll need to create an account and find out if you qualify for a free evaluation or services.<\/p>\n\t\t\t<a href=\"https:\/\/search.211md.org\/search?query=Infants%20and%20Toddlers&#038;query_label=Infants%20and%20Toddlers&#038;query_type=text\" target=\"_blank\" rel=\"noopener\">\n\t\t\t\t\t\t\tFind an Infants and Toddlers Program\n\t\t\t<\/a>\n\t\t<h3>Child Find: Ages 3+<\/h3>\n\t\t<p>Once a child turns 3, support is available from Child Find (through most school districts) for families who need help with autism, emotional disability, intellectual impairment, developmental delays, speech\/language, or a number of other disabilities.<\/p>\n<p>Child Find is available in each Maryland county.<\/p>\n\t\t\t<a href=\"https:\/\/search.211md.org\/search?query=Child%20Find&#038;query_label=Child%20Find&#038;query_type=text\" target=\"_blank\" rel=\"noopener\">\n\t\t\t\t\t\t\tchild find locations\n\t\t\t<\/a>\n\t<h3><strong>Maryland Family Support Programs<\/strong><\/h3>\n<p>Navige konp\u00f2tman sa yo ka difisil pou timoun nan ak paran yo. \u00c8d disponib.<\/p>\n\t\t<h3>Maryland Coalition of Families Peer Support<\/h3>\n\t\t<p>The agency can help you navigate behavioral health concerns as a family through its family peer support program. They can help with IEPs and other resources needed to support the family and child.<\/p>\n\t\t\t<a href=\"https:\/\/www.mdcoalition.org\/what-we-do\/family-peer-support\/\" target=\"_blank\" rel=\"noopener\">\n\t\t\t\t\t\t\tConnect with peer support\n\t\t\t<\/a>\n\t\t<h3>Twous Resous Familyal Children&#039;s Mental Health Matters<\/h3>\n\t\t<p>The resource kit provides information on several topics, including eating disorders, Attention Deficit Hyperactivity Disorder (ADHD), anxiety, depression, and other mental health concerns.<\/p>\n<p>Telechaje li nan <a href=\"https:\/\/www.childrensmentalhealthmatters.org\/files\/2021\/07\/CMHM-Family-Resource-Kit-2021_ES.pdf\" target=\"_blank\" rel=\"noopener\">Pany\u00f2l<\/a>.<\/p>\n\t\t\t<a href=\"https:\/\/www.childrensmentalhealthmatters.org\/files\/2021\/03\/CMHM-Family-Resource-Kit-2021.pdf\" target=\"_blank\" rel=\"noopener\">\n\t\t\t\t\t\t\tTelechaje\n\t\t\t<\/a>\n<figure itemscope itemtype=\"https:\/\/schema.org\/ImageObject\">\n\t\t\t\t<img decoding=\"async\" src=\"http:\/\/211md.org\/wp-content\/uploads\/2026\/04\/Dad-and-son-playing-with-airplanes-in-park.jpg\" alt=\"Family with paper airplanes\" title=\"Dad and son playing with airplanes in park\" onerror=\"this.style.display='none'\" loading=\"lazy\" \/>\n\t<\/figure>\n\t<h2><b>Supporting A Child&#8217;s Social And Emotional Growth <\/b>\u00a0<\/h2>\n<p>Grown-ups are the single most important factor for a child&#8217;s healthy development. Children are not born with the social and emotional skills needed in life. So, it&#8217;s understandable that for some children, managing all of this can feel overwhelming, leading to behavior challenges.<\/p>\n<p>To understand how a child&#8217;s brain develops, think of an air traffic control tower at a busy airport. There&#8217;s a lot happening at once &#8211; planes are landing, going to and from gates and taking off. <\/p>\n<p>Someone has to manage all that traffic! Similarly, a child must learn how to manage the various things happening around them in their environment, both socially and emotionally.\u00a0<\/p>\n\t<p>Learning how to manage all these stimuli allows them to focus their attention, filter distractions, and mentally switch gears when needed.\u00a0<\/p>\n<p>Through play, you can help your child practice these skills as an air traffic controller!<\/p>\n<p>In this engaging video, a Harvard Professor, emphasizes the importance of play in a child&#8217;s brain development.<\/p>\n\t<p><iframe loading=\"lazy\" title=\"jw\u00e8 videyo YouTube\" src=\"https:\/\/www.youtube.com\/embed\/fpiYNkkNmEo\" width=\"560\" height=\"315\" frameborder=\"0\" allowfullscreen=\"allowfullscreen\" data-mce-fragment=\"1\"><\/iframe><\/p>\n\t\t<iframe loading=\"lazy\" title=\"Vroom: Tout moun gen sa ki neses\u00e8 pou yo vin yon moun ki devlope s\u00e8vo!\" width=\"500\" height=\"281\" src=\"https:\/\/www.youtube.com\/embed\/PB1Uo9nbIVU?feature=oembed\" frameborder=\"0\" allow=\"accelerometer; autoplay; clipboard-write; encrypted-media; gyroscope; picture-in-picture; web-share\" referrerpolicy=\"strict-origin-when-cross-origin\" allowfullscreen><\/iframe>\t\n\t\t<h2>Make Learning Fun<\/h2>\n\t\t<p>Long before a child can talk, play serves a valuable role in teaching emotional, social and communication skills to a child. Play is the way your child learns in the early years.\u00a0<\/p>\n<p>Support your child&#8217;s emotional and social growth during unstructured play:<\/p>\n<ul>\n<li>Talk about emotions, feelings, and resolving conflict. <\/li>\n<li>Help your child practice self-regulation and emotional control. <\/li>\n<li>Have them name their feelings when they arise. <\/li>\n<li>Normalize disagreements and show them how to cope with and manage these situations. \u00a0<\/li>\n<\/ul>\n<p>Vroom is a free tool that can help make learning fun every day! Vroom brings learning to mealtime, playtime, bathtime, bedtime, and anytime of the day!\u00a0<\/p>\n<p>With Vroom, you don&#8217;t need special toys or gadgets. You simply need a grown-up and a child ages 0-5.<\/p>\n<p>Vroom is available online, through an app and text message. View sample tips from our partners at Maryland Essentials for Childhood and get started with Vroom.<\/p>\n\t\t\t<a href=\"https:\/\/marylandefc.org\/vroom\/\" target=\"_blank\" rel=\"noopener\">\n\t\t\t\t\t\t\tLearn about Vroom\n\t\t\t<\/a>\n\t\t<h2>Teen and tween emotional support<\/h2>\n\t\t<p>Even if a child copes well in the early years, they may need additional support during the teen years. Children&#8217;s brains are still developing in adolescence and resources are available for this time in a child&#8217;s life, too.<\/p>\n<p>La <a href=\"https:\/\/developingchild.harvard.edu\/resources\/activities-guide-enhancing-and-practicing-executive-function-skills-with-children-from-infancy-to-adolescence\/\" target=\"_blank\" rel=\"noopener\">Sant sou timoun k ap devlope a<\/a> at Harvard University offers an activity guide, organized by age, to help parents teach these essential life skills, sometimes called &#8220;executive function&#8221; and &#8220;self-regulation&#8221; (EF\/SR). <\/p>\n<p>The age-appropriate games and activities show you how to prepare your child for life and foster resilience. This helps them cope with the unknown and learn from mistakes. Help the teen in your life with these life skills.\u00a0<\/p>\n\t\t\t<a href=\"https:\/\/developingchild.harvard.edu\/wp-content\/uploads\/2024\/10\/Activities-for-Adolescents.pdf\" target=\"_blank\" rel=\"noopener\">\n\t\t\t\t\t\t\tView the teen activity guide\n\t\t\t<\/a>\n<figure itemscope itemtype=\"https:\/\/schema.org\/ImageObject\">\n\t\t\t\t<img decoding=\"async\" src=\"http:\/\/211md.org\/wp-content\/uploads\/2026\/04\/Mom-supporting-daughter-with-a-fist-bump.jpg\" alt=\"Mom and daughter fist bump\" title=\"Mom supporting daughter with a fist bump\" onerror=\"this.style.display='none'\" loading=\"lazy\" \/>\n\t<\/figure>\n<figure itemscope itemtype=\"https:\/\/schema.org\/ImageObject\">\n\t\t\t\t<img decoding=\"async\" src=\"https:\/\/211md.org\/wp-content\/plugins\/bb-plugin\/img\/pixel.png\" alt=\"\" onerror=\"this.style.display='none'\" loading=\"lazy\" \/>\n\t<\/figure>\n\t\t<figure itemscope itemtype=\"https:\/\/schema.org\/ImageObject\">\n\t\t\t\t<img decoding=\"async\" src=\"https:\/\/211md.org\/wp-content\/uploads\/bb-plugin\/cache\/Call-center-specialst-circle-4e9ecd7b3425be4576416abc911049bb-.jpg\" alt=\"Espesyalis nan sant ap\u00e8l\" title=\"Espesyalis nan sant ap\u00e8l\" onerror=\"this.style.display='none'\" loading=\"lazy\" \/>\n\t<\/figure>\n<h2>Rele 211<\/h2><p>Pale ak yon moun ki gen sousi pou ou epi ki gen konpasyon 24 sou 24, 7 jou sou 7. Yo kapab tou mete ou an kontak ak resous.\u00a0<\/p>\n\t\t\t<a href=\"tel:%20+211\"  target=\"_blank\" rel=\"noopener\">\n\t\t\t\t\t\tRele 211 (mobil)\n\t\t\t\t\t<\/a>\n<h2>\n\t\t\tRelated Information for Children and Families\t<\/h2>\n\t\t<h4><a href=\"\/ht\/resous-yo\/aje-andikap\/?utm_source=Home&#038;utm_medium=Referral&#038;utm_campaign=211Resources&#038;utm_content=Aging\" target=\"_self\">Aje ak Andikap<\/a><\/h4><figure itemscope itemtype=\"https:\/\/schema.org\/ImageObject\">\n\t\t\t\t<a href=\"\/ht\/resous-yo\/aje-andikap\/?utm_source=Home&#038;utm_medium=Referral&#038;utm_campaign=211Resources&#038;utm_content=Aging\"  target=\"_self\" itemprop=\"url\">\n\t\t\t\t<img decoding=\"async\" src=\"https:\/\/211md.org\/wp-content\/uploads\/bb-plugin\/cache\/2025_MdInfoNet_Icon-Sets_Aging-disability-square-c466727102cae71e5f27b8539bb51945-.png\" alt=\"\" onerror=\"this.style.display='none'\" loading=\"lazy\" \/>\n\t\t\t\t<\/a>\n\t<\/figure>\n\t\t<h4><a href=\"\/ht\/resous-yo\/timoun-fanmi-yo\/?utm_source=Home&#038;utm_medium=Referral&#038;utm_campaign=211Resources&#038;utm_content=Children\" target=\"_self\">Timoun ak Fanmi<\/a><\/h4><figure itemscope itemtype=\"https:\/\/schema.org\/ImageObject\">\n\t\t\t\t<a href=\"\/ht\/resous-yo\/timoun-fanmi-yo\/?utm_source=Home&#038;utm_medium=Referral&#038;utm_campaign=211Resources&#038;utm_content=Children\"  target=\"_self\" itemprop=\"url\">\n\t\t\t\t<img decoding=\"async\" src=\"https:\/\/211md.org\/wp-content\/uploads\/bb-plugin\/cache\/2025_211_Icon-Sets_Child-care-square-f3b0d4edab3dcc467fadb5f55f4064c6-.png\" alt=\"parent and child icon for child care\" height=\"417\" width=\"417\" title=\"2025_211_Ansanm Ik\u00f2n_Swen Timoun\" onerror=\"this.style.display='none'\" loading=\"lazy\" \/>\n\t\t\t\t<\/a>\n\t<\/figure>\n\t\t<h4><a href=\"\/ht\/resous-yo\/vyolans-familyal-domestik\/?utm_source=Home&#038;utm_medium=Referral&#038;utm_campaign=211Resources&#038;utm_content=Domestic\" target=\"_self\">Vyolans domestik<\/a><\/h4><figure itemscope itemtype=\"https:\/\/schema.org\/ImageObject\">\n\t\t\t\t<a href=\"\/ht\/resous-yo\/vyolans-familyal-domestik\/?utm_source=Home&#038;utm_medium=Referral&#038;utm_campaign=211Resources&#038;utm_content=Domestic\"  target=\"_self\" itemprop=\"url\">\n\t\t\t\t<img decoding=\"async\" src=\"https:\/\/211md.org\/wp-content\/uploads\/bb-plugin\/cache\/2025_211_Icon-Sets_Domestic-Violence-square-7b597694a6f05fe90cdc376aa573bc63-.png\" alt=\"House with a heart in the middle icon\" height=\"417\" width=\"417\" title=\"2025_211_Ansanm Ik\u00f2n_Vyolans Domestik\" onerror=\"this.style.display='none'\" loading=\"lazy\" \/>\n\t\t\t\t<\/a>\n\t<\/figure>\n\t\t<h4><a href=\"\/ht\/resous-yo\/rechech-travay\/?utm_source=Home&#038;utm_medium=Referral&#038;utm_campaign=211Resources&#038;utm_content=Employment\" target=\"_self\">Travay<\/a><\/h4><figure itemscope itemtype=\"https:\/\/schema.org\/ImageObject\">\n\t\t\t\t<a href=\"\/ht\/resous-yo\/rechech-travay\/?utm_source=Home&#038;utm_medium=Referral&#038;utm_campaign=211Resources&#038;utm_content=Employment\"  target=\"_self\" itemprop=\"url\">\n\t\t\t\t<img decoding=\"async\" src=\"https:\/\/211md.org\/wp-content\/uploads\/bb-plugin\/cache\/2025_MdInfoNet_Icon-Sets_Employment-square-44707bd410e4df10a470bf130ebcea86-.png\" alt=\"\" onerror=\"this.style.display='none'\" loading=\"lazy\" \/>\n\t\t\t\t<\/a>\n\t<\/figure>\n\t\t<h4><a href=\"\/ht\/resous-yo\/swen-sante\/?utm_source=Home&#038;utm_medium=Referral&#038;utm_campaign=211Resources&#038;utm_content=Health%20Care\" target=\"_self\">Swen Sante<\/a><\/h4><figure itemscope itemtype=\"https:\/\/schema.org\/ImageObject\">\n\t\t\t\t<a href=\"\/ht\/resous-yo\/swen-sante\/?utm_source=Home&#038;utm_medium=Referral&#038;utm_campaign=211Resources&#038;utm_content=Health%20Care\"  target=\"_self\" itemprop=\"url\">\n\t\t\t\t<img decoding=\"async\" src=\"https:\/\/211md.org\/wp-content\/uploads\/bb-plugin\/cache\/2025_MdInfoNet_Icon-Sets_Health-Care-square-dee98a0060cbe0e7f27eda253fc12679-.png\" alt=\"\" onerror=\"this.style.display='none'\" loading=\"lazy\" \/>\n\t\t\t\t<\/a>\n\t<\/figure>\n\t\t<h4><a href=\"\/ht\/resous-yo\/nouvo-nan-nou-ak-maryland\/?utm_source=Home&#038;utm_medium=Referral&#038;utm_campaign=211Resources&#038;utm_content=Immigration\" target=\"_self\">Imigrasyon<\/a><\/h4><figure itemscope itemtype=\"https:\/\/schema.org\/ImageObject\">\n\t\t\t\t<a href=\"\/ht\/resous-yo\/nouvo-nan-nou-ak-maryland\/?utm_source=Home&#038;utm_medium=Referral&#038;utm_campaign=211Resources&#038;utm_content=Immigration\"  target=\"_self\" itemprop=\"url\">\n\t\t\t\t<img decoding=\"async\" src=\"https:\/\/211md.org\/wp-content\/uploads\/bb-plugin\/cache\/2025_MdInfoNet_Icon-Sets_Immigration-square-8b97b7fdfe5e6071405e216855065118-.png\" alt=\"ik\u00f2n imigrasyon\" title=\"2025_MdInfoNet_Icon-Sets_Immigration\" onerror=\"this.style.display='none'\" loading=\"lazy\" \/>\n\t\t\t\t<\/a>\n\t<\/figure>\n\t\t<h4><a href=\"\/ht\/resous-yo\/timoun-fanmi-yo\/swen-fanmi\/?utm_source=Home&#038;utm_medium=Referral&#038;utm_campaign=211Resources&#038;utm_content=Kinship\" target=\"_self\">Parente<\/a><\/h4><figure itemscope itemtype=\"https:\/\/schema.org\/ImageObject\">\n\t\t\t\t<a href=\"\/ht\/resous-yo\/timoun-fanmi-yo\/swen-fanmi\/?utm_source=Home&#038;utm_medium=Referral&#038;utm_campaign=211Resources&#038;utm_content=Kinship\"  target=\"_self\" itemprop=\"url\">\n\t\t\t\t<img decoding=\"async\" src=\"https:\/\/211md.org\/wp-content\/uploads\/bb-plugin\/cache\/2025_211_Icon-Sets_Kinship-square-45bdf872866f5735f842c32071109267-.png\" alt=\"Ik\u00f2n fanmi\" height=\"417\" width=\"417\" title=\"2025_211_Ansanm Ik\u00f2n_Fanmitay\" onerror=\"this.style.display='none'\" loading=\"lazy\" \/>\n\t\t\t\t<\/a>\n\t<\/figure>\n\t\t<h4><a href=\"\/ht\/resous-yo\/sevis-legal-yo\/?utm_source=Home&#038;utm_medium=Referral&#038;utm_campaign=211Resources&#038;utm_content=Legal\" target=\"_self\">S\u00e8vis Legal<\/a><\/h4><figure itemscope itemtype=\"https:\/\/schema.org\/ImageObject\">\n\t\t\t\t<a href=\"\/ht\/resous-yo\/sevis-legal-yo\/?utm_source=Home&#038;utm_medium=Referral&#038;utm_campaign=211Resources&#038;utm_content=Legal\"  target=\"_self\" itemprop=\"url\">\n\t\t\t\t<img decoding=\"async\" src=\"https:\/\/211md.org\/wp-content\/uploads\/bb-plugin\/cache\/2025_MdInfoNet_Icon-Sets_Legal-square-18fdf438feb8435588174d9046463257-.png\" alt=\"\" onerror=\"this.style.display='none'\" loading=\"lazy\" \/>\n\t\t\t\t<\/a>\n\t<\/figure>\n\t\t<h4><a href=\"\/ht\/resous-yo\/sante-mantal\/?utm_source=Home&#038;utm_medium=Referral&#038;utm_campaign=211Resources&#038;utm_content=Mental\" target=\"_self\">Sante mantal<\/a><\/h4><figure itemscope itemtype=\"https:\/\/schema.org\/ImageObject\">\n\t\t\t\t<a href=\"\/ht\/resous-yo\/sante-mantal\/?utm_source=Home&#038;utm_medium=Referral&#038;utm_campaign=211Resources&#038;utm_content=Mental\"  target=\"_self\" itemprop=\"url\">\n\t\t\t\t<img decoding=\"async\" src=\"https:\/\/211md.org\/wp-content\/uploads\/bb-plugin\/cache\/2025_MdInfoNet_Icon-Sets_Mental-Health-square-c59b38c4a993a947d4c9280fbe2d2fee-.png\" alt=\"\" onerror=\"this.style.display='none'\" loading=\"lazy\" \/>\n\t\t\t\t<\/a>\n\t<\/figure>\n\t\t<h4><a href=\"\/ht\/resous-yo\/mdreentry\/?utm_source=Home&#038;utm_medium=Referral&#038;utm_campaign=211Resources&#038;utm_content=Reentry\" target=\"_self\">Reantre<\/a><\/h4><figure itemscope itemtype=\"https:\/\/schema.org\/ImageObject\">\n\t\t\t\t<a href=\"\/ht\/resous-yo\/mdreentry\/?utm_source=Home&#038;utm_medium=Referral&#038;utm_campaign=211Resources&#038;utm_content=Reentry\"  target=\"_self\" itemprop=\"url\">\n\t\t\t\t<img decoding=\"async\" src=\"https:\/\/211md.org\/wp-content\/uploads\/bb-plugin\/cache\/2025_211_Icon-Sets_Reentry-square-8676fea38abd920a832f45642fe31cca-.png\" alt=\"Ik\u00f2n Reantre\" height=\"417\" width=\"417\" title=\"2025_211_Ansanm Ik\u00f2n_Reantre\" onerror=\"this.style.display='none'\" loading=\"lazy\" \/>\n\t\t\t\t<\/a>\n\t<\/figure>\n\t\t<h4><a href=\"\/ht\/resous-yo\/itilizasyon-sibstans\/?utm_source=Home&#038;utm_medium=Referral&#038;utm_campaign=211Resources&#038;utm_content=Substance\" target=\"_self\">Itilizasyon sibstans<\/a><\/h4><figure itemscope itemtype=\"https:\/\/schema.org\/ImageObject\">\n\t\t\t\t<a href=\"\/ht\/resous-yo\/itilizasyon-sibstans\/?utm_source=Home&#038;utm_medium=Referral&#038;utm_campaign=211Resources&#038;utm_content=Substance\"  target=\"_self\" itemprop=\"url\">\n\t\t\t\t<img decoding=\"async\" src=\"https:\/\/211md.org\/wp-content\/uploads\/bb-plugin\/cache\/2025_MdInfoNet_Icon-Sets_Substance-Abuse-square-4f414f085e657267739c181957754f48-.png\" alt=\"Pills for substance Use icon\" title=\"2025_MdInfoNet_Icon-Sets_Substance-Abuse\" onerror=\"this.style.display='none'\" loading=\"lazy\" \/>\n\t\t\t\t<\/a>\n\t<\/figure>\n\t\t<h4><a href=\"\/ht\/resous-yo\/veteran-yo\/?utm_source=Home&#038;utm_medium=Referral&#038;utm_campaign=211Resources&#038;utm_content=Veterans\" target=\"_self\">Veteran yo<\/a><\/h4><figure itemscope itemtype=\"https:\/\/schema.org\/ImageObject\">\n\t\t\t\t<a href=\"\/ht\/resous-yo\/veteran-yo\/?utm_source=Home&#038;utm_medium=Referral&#038;utm_campaign=211Resources&#038;utm_content=Veterans\"  target=\"_self\" itemprop=\"url\">\n\t\t\t\t<img decoding=\"async\" src=\"https:\/\/211md.org\/wp-content\/uploads\/bb-plugin\/cache\/2025_MdInfoNet_Icon-Sets_Rating-square-6e60d00cce4faa8e0a6d4ad7366aa733-.png\" alt=\"\" onerror=\"this.style.display='none'\" loading=\"lazy\" \/>\n\t\t\t\t<\/a>\n\t<\/figure>","protected":false},"excerpt":{"rendered":"<p>Caring for kids is one of the most important, and sometimes most challenging jobs there is. Raising children takes patience, energy, and support. It&#8217;s easy to feel overwhelmed.\u00a0When children push boundaries, act out or struggle to express their big feelings, you may be unsure of where to turn for help and support. You don&#8217;t have&hellip;<\/p>","protected":false},"author":8,"featured_media":2016,"parent":839,"menu_order":0,"comment_status":"closed","ping_status":"closed","template":"","meta":{"footnotes":""},"class_list":["post-1021","page","type-page","status-publish","has-post-thumbnail","hentry"],"_links":{"self":[{"href":"https:\/\/211md.org\/ht\/wp-json\/wp\/v2\/pages\/1021","targetHints":{"allow":["GET"]}}],"collection":[{"href":"https:\/\/211md.org\/ht\/wp-json\/wp\/v2\/pages"}],"about":[{"href":"https:\/\/211md.org\/ht\/wp-json\/wp\/v2\/types\/page"}],"author":[{"embeddable":true,"href":"https:\/\/211md.org\/ht\/wp-json\/wp\/v2\/users\/8"}],"replies":[{"embeddable":true,"href":"https:\/\/211md.org\/ht\/wp-json\/wp\/v2\/comments?post=1021"}],"version-history":[{"count":7,"href":"https:\/\/211md.org\/ht\/wp-json\/wp\/v2\/pages\/1021\/revisions"}],"predecessor-version":[{"id":34584,"href":"https:\/\/211md.org\/ht\/wp-json\/wp\/v2\/pages\/1021\/revisions\/34584"}],"up":[{"embeddable":true,"href":"https:\/\/211md.org\/ht\/wp-json\/wp\/v2\/pages\/839"}],"wp:featuredmedia":[{"embeddable":true,"href":"https:\/\/211md.org\/ht\/wp-json\/wp\/v2\/media\/2016"}],"wp:attachment":[{"href":"https:\/\/211md.org\/ht\/wp-json\/wp\/v2\/media?parent=1021"}],"curies":[{"name":"wp","href":"https:\/\/api.w.org\/{rel}","templated":true}]}}