{"id":1023,"date":"2021-04-16T18:54:38","date_gmt":"2021-04-16T18:54:38","guid":{"rendered":"https:\/\/211md.org\/?page_id=1023"},"modified":"2025-10-03T16:48:43","modified_gmt":"2025-10-03T20:48:43","slug":"gen-yon-ti-bebe","status":"publish","type":"page","link":"https:\/\/211md.org\/ht\/resources\/children-families\/having-a-baby\/","title":{"rendered":"Gen Yon Ti bebe"},"content":{"rendered":"<img decoding=\"async\" src=\"https:\/\/stg-maryland211-staging.kinsta.cloud\/wp-content\/uploads\/2025\/08\/5-1-scaled.png\" alt=\"5\" itemprop=\"image\" height=\"692\" width=\"2560\" title=\"5\" onerror=\"this.style.display='none'\" loading=\"lazy\" \/>\n\t\t<p>Akeyi yon nouvo tibebe se yon moman enteresan. Se yon gwo chanjman tou epi gen anpil bagay pou nou f\u00e8 fas. Soti nan swen prenatal ak nitrisyon rive nan sip\u00f2 emosyon\u00e8l ak bagay esansy\u00e8l pou tibebe a, 211 konekte moun kap bay swen ak paran yo ak sip\u00f2 kominot\u00e8 pou gwos\u00e8s, apre akouchman, ak premye ane nan lavi tibebe a.<\/p>\n<p>K\u00f2manse rech\u00e8ch ou a l\u00e8 w pran telef\u00f2n nan oswa l\u00e8 w ch\u00e8che resous nan baz done resous nou an ki nan tout eta a.<\/p>\n\t\t\t<a href=\"#start\" target=\"_self\">\n\t\t\t\t\t\tK\u00f2manse\n\t\t\t\t\t<\/a>\n\t\t\t\t<img decoding=\"async\" src=\"https:\/\/211md.org\/wp-content\/plugins\/bb-plugin\/img\/pixel.png\" alt=\"\" itemprop=\"image\" onerror=\"this.style.display='none'\" loading=\"lazy\" \/>\n\t\t\t\t<img decoding=\"async\" src=\"https:\/\/stg-maryland211-staging.kinsta.cloud\/wp-content\/uploads\/2025\/08\/16.png\" alt=\"16\" itemprop=\"image\" height=\"1000\" width=\"1000\" title=\"16\" onerror=\"this.style.display='none'\" loading=\"lazy\" \/>\n\t\t\t\t<img decoding=\"async\" src=\"http:\/\/211md.org\/wp-content\/uploads\/2025\/09\/Prenatal-Health-care-for-pregnant-mom.jpg\" alt=\"Swen sante prenatal pou manman ansent\" itemprop=\"image\" title=\"Swen sante prenatal pou manman ansent\" onerror=\"this.style.display='none'\" loading=\"lazy\" \/>\n\t<h2>Swen Sante pou Manman Ansent ak Tibebe<\/h2>\n<p>Pandan gwos\u00e8s, swen sante (swen prenatal) enp\u00f2tan pou sante manman an ak tibebe k ap devlope a. Pwogram asirans sante yo disponib pou ofri swen sante gratis e a pri ab\u00f2dab pandan gwos\u00e8s la.<\/p>\n<p>Si ou pa kalifye pou pwogram yo pandan w ansent, verifye ank\u00f2 yon fwa timoun nan f\u00e8t, paske li ka kalifye menm si ou pa kalifye.<\/p>\n\t\t\t<a href=\"https:\/\/search.211md.org\/search?query=YK-6500.6600&#038;query_label=Pregnant+Individuals&#038;query_type=taxonomy\" target=\"_blank\" rel=\"noopener\">\n\t\t\t\t\t\tSwen Sante pou Manman Ansent\n\t\t\t\t\t<\/a>\n\t\t\t<a href=\"https:\/\/search.211md.org\/search?query=LJ-2000.6750&#038;query_label=Pregnancy+Testing&#038;query_type=taxonomy\" target=\"_self\">\n\t\t\t\t\t\tT\u00e8s Gwos\u00e8s\n\t\t\t\t\t<\/a>\n\t<h3>Medicaid<\/h3>\n<p>Medicaid ofri pwoteksyon pandan gwos\u00e8s ak pou k\u00e8k mwa apre tibebe a f\u00e8t. Aprann <a href=\"https:\/\/health.maryland.gov\/mmcp\/eligibility\/Pages\/generalrequirements.aspx\" target=\"_blank\" rel=\"noopener\">kijan pou kalifye pou Medicaid<\/a>Genyen tou yon opsyon pou moun ki pa sitwayen ameriken, ki <a href=\"https:\/\/health.maryland.gov\/mmcp\/medicaid-mch-initiatives\/Pages\/healthybabies.aspx\" target=\"_blank\" rel=\"noopener\">ansent<\/a>, epi satisf\u00e8 l\u00f2t kalifikasyon yo.<\/p>\n<h3>Pwogram Asirans Sante pou Timoun nan Maryland<\/h3>\n<p>Si ou pa satisf\u00e8 kondisyon kalifikasyon finansye Medicaid yo men ou pa kalifye pou asirans prive tou, yon l\u00f2t opsyon se Pwogram Asirans Sante Timoun Maryland (MCHP). Pwogram sa a sip\u00f2te <strong>fanm ansent ak timoun ki kalifye jiska 19 an<\/strong>.<\/p>\n<p>Yo ka bay:<\/p>\n<ul>\n<li>vizit dokt\u00e8<\/li>\n<li>swen dant\u00e8<\/li>\n<li>travay laboratwa<\/li>\n<li>vaksinasyon<\/li>\n<li>s\u00e8vis sante mantal<\/li>\n<li>swen vizyon<\/li>\n<\/ul>\n<p>Aplike pou pwoteksyon sa a sou ent\u00e8n\u00e8t atrav\u00e8\u00a0<a href=\"https:\/\/www.marylandhealthconnection.gov\/\" target=\"_blank\" rel=\"noopener\">Maryland Health Connection<\/a> oubyen youn nan <a href=\"https:\/\/health.maryland.gov\/mmcp\/eligibility\/Pages\/apply.aspx\" target=\"_blank\" rel=\"noopener\">met\u00f2d alt\u00e8natif<\/a>, tankou depatman sante lokal ou a oswa s\u00e8vis sosyal yo.\u00a0<\/p>\n<p>&nbsp;<\/p>\n\t<h2>Resous Kominot\u00e8 yo<\/h2>\n<p>Nou gen plizy\u00e8 sant\u00e8n resous nan Baz Done Resous Kominot\u00e8 211 nou an pou manman ansent ak manman ki f\u00e8k akouche, ansanm ak tibebe. Jwenn sa ou bezwen yo pa kalite sip\u00f2.<\/p>\n<h3>Gen rap\u00f2 ak gwos\u00e8s<\/h3>\n<ul>\n<li><a href=\"https:\/\/search.211md.org\/search?query=YK-6500.6600&amp;query_label=Pregnant+Individuals&amp;query_type=taxonomy\" target=\"_blank\" rel=\"noopener\">Sip\u00f2 Jeneral pou Gwos\u00e8s<\/a><\/li>\n<li><a href=\"https:\/\/search.211md.org\/search?query=LJ-2000.6750&amp;query_label=Pregnancy+Testing&amp;query_type=taxonomy\" target=\"_blank\" rel=\"noopener\">T\u00e8s Gwos\u00e8s<\/a><\/li>\n<\/ul>\n<h3>Kons\u00e8y\/Sip\u00f2<\/h3>\n<p>Klike sou lyen yo pou jwenn yon lis gwoup kons\u00e8y ak sip\u00f2 ki nan baz done nou an. Antre yon k\u00f2d postal pou lis ki tou pre yo.<\/p>\n<ul>\n<li><a href=\"https:\/\/search.211md.org\/search?query=Family+Planning+%26+Pregnancy+Counseling&amp;query_label=Family+Planning+%26+Pregnancy+Counseling&amp;query_type=taxonomy\" target=\"_blank\" rel=\"noopener\">Planifikasyon Fanmi\/Konseye Gwos\u00e8s<\/a><\/li>\n<li><a href=\"https:\/\/search.211md.org\/search?query=PN-8100.6500-680&amp;query_type=taxonomy&amp;query_label=&amp;query_language=en\">Gwos\u00e8s\/Gwoup Sip\u00f2 pou Akouchman<\/a><\/li>\n<li><a href=\"https:\/\/search.211md.org\/search?query=PH-6100&amp;query_type=taxonomy&amp;query_label=&amp;query_language=en\">Edikasyon paran<\/a><\/li>\n<\/ul>\n<h3>Refij an sekirite<\/h3>\n<p>Si ou pa vle pran swen tibebe a, Safe Haven se yon fason konfidansy\u00e8l pou abandone yon tibebe ki f\u00e8k f\u00e8t san danje. Ou pa bezwen reponn okenn kesyon. Senpleman di, &quot;Sa a se yon tibebe Safe Haven&quot; epi depoze l nan yon kote ki deziyen nan Maryland.<\/p>\n\t\t\t<a href=\"https:\/\/211md.org\/ht\/resous-yo\/timoun-fanmi-yo\/refij-an-sekirite\/\" target=\"_blank\" rel=\"noopener\">\n\t\t\t\t\t\tJwenn yon kote ki an sekirite\n\t\t\t\t\t<\/a>\n\t<h3>Plasman yon Timoun<\/h3>\n<p>Si yon manman pa ka pran swen timoun nan, gen pwogram ki disponib pou ede l.<\/p>\n<p>Sa yo se rech\u00e8ch komen pou kons\u00e8y nan Baz Done Resous nou an.<\/p>\n<ul>\n<li><a href=\"https:\/\/search.211md.org\/search?query=PH-0300&amp;query_type=taxonomy&amp;query_label=&amp;query_language=en\">S\u00e8vis Adopsyon<\/a><\/li>\n<li><a href=\"https:\/\/search.211md.org\/search?query=PH-6300&amp;query_type=taxonomy&amp;query_label=&amp;query_language=en\">Swen Adopsyon\/Kay Gwoup Timoun yo<\/a><\/li>\n<\/ul>\n<p>Fanmi kapab yon opsyon tou si gen yon gwo difikilte. Sa a se yon aranjman tanpor\u00e8 av\u00e8k yon fanmi oswa yon moun ki pa fanmi, epi li kapab f\u00f2m\u00e8l oswa enf\u00f2m\u00e8l.<\/p>\n<h4>Apre akouchman<\/h4>\n<p>Jwenn sip\u00f2 apre akouchman nan baz done nou an.<\/p>\n<ul>\n<li><a href=\"https:\/\/search.211md.org\/search?query=Breastfeeding+Support&amp;query_label=Breastfeeding+Support&amp;query_type=taxonomy\" target=\"_blank\" rel=\"noopener\">Sip\u00f2 pou bay tete<\/a><\/li>\n<li><a href=\"https:\/\/search.211md.org\/search?query=Diapers+%26+Baby+Supplies&amp;query_label=Diapers+%26+Baby+Supplies&amp;query_type=taxonomy\" target=\"_blank\" rel=\"noopener\">Kouch\u00e8t ak founiti pou tibebe<\/a><\/li>\n<li><a href=\"https:\/\/search.211md.org\/search?query=BD-1800.8200-250&amp;query_type=taxonomy&amp;query_label=&amp;query_language=en\" target=\"_blank\" rel=\"noopener\">F\u00f2mil \/ Manje Ti bebe<\/a>\u00a0<\/li>\n<\/ul>\n\t\t\t\t<img decoding=\"async\" src=\"https:\/\/211md.org\/wp-content\/plugins\/bb-plugin\/img\/pixel.png\" alt=\"\" itemprop=\"image\" onerror=\"this.style.display='none'\" loading=\"lazy\" \/>\n\t\t\t\t<img decoding=\"async\" src=\"https:\/\/211md.org\/wp-content\/uploads\/bb-plugin\/cache\/Call-center-specialst-circle-4e9ecd7b3425be4576416abc911049bb-.jpg\" alt=\"Espesyalis nan sant ap\u00e8l\" itemprop=\"image\" title=\"Espesyalis nan sant ap\u00e8l\" onerror=\"this.style.display='none'\" loading=\"lazy\" \/>\n<h2>Rele 211<\/h2><p>Pale ak yon moun ki gen sousi pou ou epi ki gen konpasyon 24 sou 24, 7 jou sou 7. Yo kapab tou mete ou an kontak ak resous.\u00a0<\/p>\n\t\t\t<a href=\"tel:%20+211\" target=\"_blank\" rel=\"noopener\">\n\t\t\t\t\t\tRele 211 (mobil)\n\t\t\t\t\t<\/a>\n\t\t<h2>Nitrisyon pou Gwos\u00e8s: WIC<\/h2>\n\t\t<p>Maryland WIC (Fanm, Tibebe ak Timoun) bay aks\u00e8 a manje, pandan gwos\u00e8s ak tete pou moun ki satisf\u00e8 krit\u00e8 kalifikasyon yo. Li disponib tou pou timoun ki gen jiska senk an.<\/p>\n<p>Maryland WIC ofri bon manje pou manje ki bon pou sante, enf\u00f2masyon sou nitrisyon, ak sip\u00f2 pou bay tete.<\/p>\n<p>Aprann plis sou kalifikasyon yo ak kijan pou aplike.<\/p>\n\t\t\t<a href=\"https:\/\/211md.org\/ht\/resous-yo\/manje\/wic\/\" target=\"_self\">\n\t\t\t\t\t\t\tAprann plis\n\t\t\t\t\t<\/a>\n\t\t\t\t<img decoding=\"async\" src=\"https:\/\/211md.org\/wp-content\/uploads\/2025\/09\/Kid-feeding-his-mom-healthy-food.jpg\" alt=\"Timoun k ap bay manman l manje ki bon pou sante\" itemprop=\"image\" height=\"800\" width=\"1200\" title=\"Timoun k ap bay manman l manje ki bon pou sante\" onerror=\"this.style.display='none'\" loading=\"lazy\" \/>\n\t\t\t\t<img decoding=\"async\" src=\"http:\/\/211md.org\/wp-content\/uploads\/2025\/08\/Infant-Home-visiting-program.jpg\" alt=\"Pwogram vizit lakay pou tibebe\" itemprop=\"image\" title=\"Pwogram vizit lakay pou tibebe\" onerror=\"this.style.display='none'\" loading=\"lazy\" \/>\n\t<h2>Pwogram Vizit Lakay<\/h2>\n<p>Vizit lakay pandan gwos\u00e8s ak apre akouchman se yon bon fason pou jwenn repons pou kesyon ou yo nan konf\u00f2 lakay ou. Li ideyal tou pou yon vizit\u00e8 lakay kapab ede adapte rek\u00f2mandasyon ki pi byen mache pou fanmi ou nan anviw\u00f2nman lakay ou.<\/p>\n<p>Gen de fason pou vizite lakay ou nan Maryland.<\/p>\n<p>Youn se atrav\u00e8 Medicaid e l\u00f2t la se atrav\u00e8 konte lokal ou a.<\/p>\n<h3>Vizit lakay Medicaid<\/h3>\n<p>Moun ki kalifye pou Medicaid ka kalifye pou yon enfimy\u00e8 oswa yon pwofesyon\u00e8l kalifye vizite lakay yo pandan gwos\u00e8s ak apre akouchman.<\/p>\n\t<p>Vizit lakay sa yo ofri yon op\u00f2tinite pou pale sou:<\/p>\n<ul>\n<li>Gwos\u00e8s<\/li>\n<li>Paran<\/li>\n<li>Swen apre akouchman<\/li>\n<li>Nitrisyon<\/li>\n<li>Defi lavi yo<\/li>\n<\/ul>\n<p>Vizit yo espesifik selon sitiyasyon p\u00e8son\u00e8l la.<\/p>\n<p>Mande vizit lakay ou atrav\u00e8 yon patn\u00e8 sante Medicaid, ke yo rele yon \u00d2ganizasyon Swen Jere (MCO) nan Maryland.<\/p>\n<h3>L\u00f2t pwogram vizit lakay nan Maryland<\/h3>\n<p>Genyen tou l\u00f2t pwogram vizit lakay pou nouvo paran nan s\u00e8ten vil ak konte nan tout Maryland.<\/p>\n<p>Family Connects Maryland se yon pwogram gratis e volont\u00e8 pou nouvo manman yo, ki disponib nan k\u00e8k z\u00f2n nan Maryland. Yon enfimy\u00e8 ki anrejistre ka pran swen timoun nan ak paran an.<\/p>\n<p>Genyen tou pwogram Healthy Start ak Healthy Families nan l\u00f2t pati nan eta a.<\/p>\n<p>Konekte ak yon pwogram vizit lakay:<\/p>\n<ul>\n<li><a href=\"https:\/\/www.aahealth.org\/family-health\/healthy-babies\/healthy-start\" target=\"_blank\" rel=\"noopener\">Konte Anne Arundel<\/a><\/li>\n<li><a href=\"https:\/\/baltimorehealthystart.org\/programs\/home-visiting-programs\/\" target=\"_blank\" rel=\"noopener\">Baltimore City<\/a> | <a href=\"https:\/\/www.familytreemd.org\/fcm\/\" target=\"_blank\" rel=\"noopener\">Baltimore City<\/a> (Pasyan Lopital Sinayi)<\/li>\n<li><a href=\"https:\/\/www.frederickhealth.org\/services\/birth-place\/at-home-newborn-visit\/\" target=\"_blank\" rel=\"noopener\">Konte Frederick<\/a><\/li>\n<li><a href=\"https:\/\/www.howardcountymd.gov\/children-families\/home-visiting\" target=\"_blank\" rel=\"noopener\">Konte Howard<\/a><\/li>\n<li><a href=\"https:\/\/www.childresource.org\/how-we-support\/families\/home-visiting-services\/family-connects-prince-georges\/\" target=\"_blank\" rel=\"noopener\">Konte Prince George<\/a><\/li>\n<\/ul>\n<p>Koute yon manman k ap pale sou kijan pwogram sa a ede.<\/p>\n<p><iframe loading=\"lazy\" title=\"Tande Erica Blake, yon pasyan nan Konte Frederick ki rele Family Connects, manman 2 timoun.\" src=\"https:\/\/player.vimeo.com\/video\/1028885783?h=44cc67f279&amp;dnt=1&amp;app_id=122963\" width=\"500\" height=\"281\" frameborder=\"0\" allow=\"autoplay; fullscreen; picture-in-picture; clipboard-write; encrypted-media; web-share\"><\/iframe><\/p>\n<p>Nan\u00a0<a href=\"https:\/\/baltimorehealthystart.org\/programs\/home-visiting-programs\/\" target=\"_blank\" rel=\"noopener\">Baltimore City<\/a>, vizit lakay disponib atrav\u00e8 Pwogram Healthy Start la. Epi nan\u00a0<a href=\"https:\/\/www.howardcountymd.gov\/children-families\/home-visiting\" target=\"_blank\" rel=\"noopener\">Konte Howard,<\/a> Somerset, ak Konte Worcester, se Fanmi ki An Sante.<\/p>\n\t\t\t\t<a href=\"https:\/\/search.211md.org\/\" target=\"_blank\" rel=\"noopener\" itemprop=\"url\">\n\t\t\t\t<img decoding=\"async\" src=\"https:\/\/stg-maryland211-staging.kinsta.cloud\/wp-content\/uploads\/2025\/08\/2025_MdInfoNet_Icon-Sets-white_Locate.png\" alt=\"\" itemprop=\"image\" onerror=\"this.style.display='none'\" loading=\"lazy\" \/>\n\t\t\t\t<\/a>\n<h2><a href=\"https:\/\/search.211md.org\/\" target=\"_blank\" rel=\"noopener\">Jwenn Resous Kounye a<\/a><\/h2><p>Jwenn <strong>resous kominot\u00e8 yo <\/strong>pou manje, swen sante, lojman ak plis ank\u00f2 nan baz done nou an. Ch\u00e8che pa k\u00f2d postal.<\/p>\n\t\t\t<a href=\"https:\/\/search.211md.org\/\" target=\"_blank\" rel=\"noopener\">\n\t\t\t\t\t\t\tCh\u00e8che Kounye a\n\t\t\t<\/a>\n\t\t\t\t<img decoding=\"async\" src=\"http:\/\/211md.org\/wp-content\/uploads\/2025\/09\/babies-at-child-care-center.jpg\" alt=\"tibebe nan sant gadri\" itemprop=\"image\" title=\"tibebe nan sant gadri\" onerror=\"this.style.display='none'\" loading=\"lazy\" \/>\n\t\t\t\t<img decoding=\"async\" src=\"https:\/\/211md.org\/wp-content\/plugins\/bb-plugin\/img\/pixel.png\" alt=\"\" itemprop=\"image\" onerror=\"this.style.display='none'\" loading=\"lazy\" \/>\n\t<h2>Resous Gadri Timoun<\/h2>\n<p>Gadri ka difisil pou jwenn, epi manman ansent yo ka rankontre lis datant. Kidonk, planifye byen bon\u00e8, menm anvan tibebe a f\u00e8t.<\/p>\n<p>Pwogram asistans disponib pou ede peye pou gadri timoun. 211 la <a href=\"https:\/\/211md.org\/ht\/resous-yo\/timoun-fanmi-yo\/\">gid swen timoun<\/a> eksplike opsyon ou yo.<\/p>\n<p>Ou kapab tou ch\u00e8che nan Baz Done Resous Kominot\u00e8 211 nou an pou yon lis sant ak kote pou timoun piti pou jwenn \u00e8d pou peye pou li.<\/p>\n\t\t\t<a href=\"https:\/\/search.211md.org\/search?query=HD-1800&#038;query_type=taxonomy&#038;query_label=&#038;query_language=en\" target=\"_blank\" rel=\"noopener\">\n\t\t\t\t\t\tedikasyon timoun piti <br \/> (sant Judy\/demaraj avantaj)\n\t\t\t\t\t<\/a>\n\t\t\t<a href=\"https:\/\/search.211md.org\/search?query=PH-1250.1800&#038;query_type=taxonomy&#038;query_label=&#038;query_language=en\" target=\"_blank\" rel=\"noopener\">\n\t\t\t\t\t\tswen timoun pwolonje\n\t\t\t\t\t<\/a>\n\t\t\t<a href=\"https:\/\/search.211md.org\/search?query=NL-3000.1500&#038;query_type=taxonomy&#038;query_label=&#038;query_language=en\" target=\"_blank\" rel=\"noopener\">\n\t\t\t\t\t\t\u00c8d ak depans gadri timoun\n\t\t\t\t\t<\/a>\n<h2>\n\t\t\tenf\u00f2masyon ki gen rap\u00f2 ak fanmi yo\t<\/h2>\n\t\t<h4><a href=\"\/ht\/resous-yo\/aje-andikap\/?utm_source=Home&#038;utm_medium=Referral&#038;utm_campaign=211Resources&#038;utm_content=Aging\" target=\"_self\">Aje ak Andikap<\/a><\/h4>\n\t\t\t\t<a href=\"\/ht\/resous-yo\/aje-andikap\/?utm_source=Home&#038;utm_medium=Referral&#038;utm_campaign=211Resources&#038;utm_content=Aging\"  target=\"_self\" itemprop=\"url\">\n\t\t\t\t<img decoding=\"async\" src=\"https:\/\/211md.org\/wp-content\/uploads\/bb-plugin\/cache\/2025_MdInfoNet_Icon-Sets_Aging-disability-square-c466727102cae71e5f27b8539bb51945-.png\" alt=\"\" itemprop=\"image\" onerror=\"this.style.display='none'\" loading=\"lazy\" \/>\n\t\t\t\t<\/a>\n\t\t<h4><a href=\"\/ht\/resous-yo\/timoun-fanmi-yo\/?utm_source=Home&#038;utm_medium=Referral&#038;utm_campaign=211Resources&#038;utm_content=Children\" target=\"_self\">Timoun ak Fanmi<\/a><\/h4>\n\t\t\t\t<a href=\"\/ht\/resous-yo\/timoun-fanmi-yo\/?utm_source=Home&#038;utm_medium=Referral&#038;utm_campaign=211Resources&#038;utm_content=Children\"  target=\"_self\" itemprop=\"url\">\n\t\t\t\t<img decoding=\"async\" src=\"https:\/\/211md.org\/wp-content\/uploads\/bb-plugin\/cache\/2025_211_Icon-Sets_Child-care-square-f3b0d4edab3dcc467fadb5f55f4064c6-.png\" alt=\"2025_211_Ansanm Ik\u00f2n_Swen Timoun\" itemprop=\"image\" height=\"417\" width=\"417\" title=\"2025_211_Ansanm Ik\u00f2n_Swen Timoun\" onerror=\"this.style.display='none'\" loading=\"lazy\" \/>\n\t\t\t\t<\/a>\n\t\t<h4><a href=\"\/ht\/resous-yo\/vyolans-familyal-domestik\/?utm_source=Home&#038;utm_medium=Referral&#038;utm_campaign=211Resources&#038;utm_content=Domestic\" target=\"_self\">Vyolans domestik<\/a><\/h4>\n\t\t\t\t<a href=\"\/ht\/resous-yo\/vyolans-familyal-domestik\/?utm_source=Home&#038;utm_medium=Referral&#038;utm_campaign=211Resources&#038;utm_content=Domestic\"  target=\"_self\" itemprop=\"url\">\n\t\t\t\t<img decoding=\"async\" src=\"https:\/\/211md.org\/wp-content\/uploads\/bb-plugin\/cache\/2025_211_Icon-Sets_Domestic-Violence-square-7b597694a6f05fe90cdc376aa573bc63-.png\" alt=\"Ik\u00f2n Vyolans Domestik\" itemprop=\"image\" height=\"417\" width=\"417\" title=\"2025_211_Ansanm Ik\u00f2n_Vyolans Domestik\" onerror=\"this.style.display='none'\" loading=\"lazy\" \/>\n\t\t\t\t<\/a>\n\t\t<h4><a href=\"\/ht\/resous-yo\/rechech-travay\/?utm_source=Home&#038;utm_medium=Referral&#038;utm_campaign=211Resources&#038;utm_content=Employment\" target=\"_self\">Travay<\/a><\/h4>\n\t\t\t\t<a href=\"\/ht\/resous-yo\/rechech-travay\/?utm_source=Home&#038;utm_medium=Referral&#038;utm_campaign=211Resources&#038;utm_content=Employment\"  target=\"_self\" itemprop=\"url\">\n\t\t\t\t<img decoding=\"async\" src=\"https:\/\/211md.org\/wp-content\/uploads\/bb-plugin\/cache\/2025_MdInfoNet_Icon-Sets_Employment-square-44707bd410e4df10a470bf130ebcea86-.png\" alt=\"\" itemprop=\"image\" onerror=\"this.style.display='none'\" loading=\"lazy\" \/>\n\t\t\t\t<\/a>\n\t\t<h4><a href=\"\/ht\/resous-yo\/swen-sante\/?utm_source=Home&#038;utm_medium=Referral&#038;utm_campaign=211Resources&#038;utm_content=Health%20Care\" target=\"_self\">Swen Sante<\/a><\/h4>\n\t\t\t\t<a href=\"\/ht\/resous-yo\/swen-sante\/?utm_source=Home&#038;utm_medium=Referral&#038;utm_campaign=211Resources&#038;utm_content=Health%20Care\"  target=\"_self\" itemprop=\"url\">\n\t\t\t\t<img decoding=\"async\" src=\"https:\/\/211md.org\/wp-content\/uploads\/bb-plugin\/cache\/2025_MdInfoNet_Icon-Sets_Health-Care-square-dee98a0060cbe0e7f27eda253fc12679-.png\" alt=\"\" itemprop=\"image\" onerror=\"this.style.display='none'\" loading=\"lazy\" \/>\n\t\t\t\t<\/a>\n\t\t<h4><a href=\"\/ht\/resous-yo\/timoun-fanmi-yo\/swen-fanmi\/?utm_source=Home&#038;utm_medium=Referral&#038;utm_campaign=211Resources&#038;utm_content=Kinship\" target=\"_self\">Parente<\/a><\/h4>\n\t\t\t\t<a href=\"\/ht\/resous-yo\/timoun-fanmi-yo\/swen-fanmi\/?utm_source=Home&#038;utm_medium=Referral&#038;utm_campaign=211Resources&#038;utm_content=Kinship\"  target=\"_self\" itemprop=\"url\">\n\t\t\t\t<img decoding=\"async\" src=\"https:\/\/211md.org\/wp-content\/uploads\/bb-plugin\/cache\/2025_211_Icon-Sets_Kinship-square-45bdf872866f5735f842c32071109267-.png\" alt=\"Ik\u00f2n fanmi\" itemprop=\"image\" height=\"417\" width=\"417\" title=\"2025_211_Ansanm Ik\u00f2n_Fanmitay\" onerror=\"this.style.display='none'\" loading=\"lazy\" \/>\n\t\t\t\t<\/a>\n\t\t<h4><a href=\"\/ht\/resous-yo\/sevis-legal-yo\/?utm_source=Home&#038;utm_medium=Referral&#038;utm_campaign=211Resources&#038;utm_content=Legal\" target=\"_self\">S\u00e8vis Legal<\/a><\/h4>\n\t\t\t\t<a href=\"\/ht\/resous-yo\/sevis-legal-yo\/?utm_source=Home&#038;utm_medium=Referral&#038;utm_campaign=211Resources&#038;utm_content=Legal\"  target=\"_self\" itemprop=\"url\">\n\t\t\t\t<img decoding=\"async\" src=\"https:\/\/211md.org\/wp-content\/uploads\/bb-plugin\/cache\/2025_MdInfoNet_Icon-Sets_Legal-square-18fdf438feb8435588174d9046463257-.png\" alt=\"\" itemprop=\"image\" onerror=\"this.style.display='none'\" loading=\"lazy\" \/>\n\t\t\t\t<\/a>\n\t\t<h4><a href=\"\/ht\/resous-yo\/sante-mantal\/?utm_source=Home&#038;utm_medium=Referral&#038;utm_campaign=211Resources&#038;utm_content=Mental\" target=\"_self\">Sante mantal<\/a><\/h4>\n\t\t\t\t<a href=\"\/ht\/resous-yo\/sante-mantal\/?utm_source=Home&#038;utm_medium=Referral&#038;utm_campaign=211Resources&#038;utm_content=Mental\"  target=\"_self\" itemprop=\"url\">\n\t\t\t\t<img decoding=\"async\" src=\"https:\/\/211md.org\/wp-content\/uploads\/bb-plugin\/cache\/2025_MdInfoNet_Icon-Sets_Mental-Health-square-c59b38c4a993a947d4c9280fbe2d2fee-.png\" alt=\"\" itemprop=\"image\" onerror=\"this.style.display='none'\" loading=\"lazy\" \/>\n\t\t\t\t<\/a>\n\t\t<h4><a href=\"\/ht\/resous-yo\/mdreentry\/?utm_source=Home&#038;utm_medium=Referral&#038;utm_campaign=211Resources&#038;utm_content=Reentry\" target=\"_self\">Reantre<\/a><\/h4>\n\t\t\t\t<a href=\"\/ht\/resous-yo\/mdreentry\/?utm_source=Home&#038;utm_medium=Referral&#038;utm_campaign=211Resources&#038;utm_content=Reentry\"  target=\"_self\" itemprop=\"url\">\n\t\t\t\t<img decoding=\"async\" src=\"https:\/\/211md.org\/wp-content\/uploads\/bb-plugin\/cache\/2025_211_Icon-Sets_Reentry-square-8676fea38abd920a832f45642fe31cca-.png\" alt=\"Ik\u00f2n Reantre\" itemprop=\"image\" height=\"417\" width=\"417\" title=\"2025_211_Ansanm Ik\u00f2n_Reantre\" onerror=\"this.style.display='none'\" loading=\"lazy\" \/>\n\t\t\t\t<\/a>\n\t\t<h4><a href=\"\/ht\/resous-yo\/itilizasyon-sibstans\/?utm_source=Home&#038;utm_medium=Referral&#038;utm_campaign=211Resources&#038;utm_content=Substance\" target=\"_self\">Itilizasyon sibstans<\/a><\/h4>\n\t\t\t\t<a href=\"\/ht\/resous-yo\/itilizasyon-sibstans\/?utm_source=Home&#038;utm_medium=Referral&#038;utm_campaign=211Resources&#038;utm_content=Substance\"  target=\"_self\" itemprop=\"url\">\n\t\t\t\t<img decoding=\"async\" src=\"https:\/\/211md.org\/wp-content\/uploads\/bb-plugin\/cache\/2025_MdInfoNet_Icon-Sets_Substance-Abuse-square-9022fec9d18a64118ad685c101885b55-.png\" alt=\"\" itemprop=\"image\" onerror=\"this.style.display='none'\" loading=\"lazy\" \/>\n\t\t\t\t<\/a>\n\t\t<h4><a href=\"\/ht\/resous-yo\/veteran-yo\/?utm_source=Home&#038;utm_medium=Referral&#038;utm_campaign=211Resources&#038;utm_content=Veterans\" target=\"_self\">Veteran yo<\/a><\/h4>\n\t\t\t\t<a href=\"\/ht\/resous-yo\/veteran-yo\/?utm_source=Home&#038;utm_medium=Referral&#038;utm_campaign=211Resources&#038;utm_content=Veterans\"  target=\"_self\" itemprop=\"url\">\n\t\t\t\t<img decoding=\"async\" src=\"https:\/\/211md.org\/wp-content\/uploads\/bb-plugin\/cache\/2025_MdInfoNet_Icon-Sets_Rating-square-6e60d00cce4faa8e0a6d4ad7366aa733-.png\" alt=\"\" itemprop=\"image\" onerror=\"this.style.display='none'\" loading=\"lazy\" \/>\n\t\t\t\t<\/a>","protected":false},"excerpt":{"rendered":"<p>Akeyi yon nouvo tibebe se yon moman enteresan. Se yon gwo chanjman tou epi gen anpil bagay pou nou f\u00e8. Soti nan swen prenatal ak nitrisyon rive nan sip\u00f2 emosyon\u00e8l ak bagay esansy\u00e8l pou tibebe a, 211 konekte moun kap bay swen ak paran yo ak sip\u00f2 kominot\u00e8 pou gwos\u00e8s, apre akouchman, ak premye ane nan lavi tibebe a. K\u00f2manse rech\u00e8ch ou a l\u00e8 w chwazi...<\/p>","protected":false},"author":8,"featured_media":2077,"parent":839,"menu_order":0,"comment_status":"closed","ping_status":"closed","template":"","meta":{"footnotes":""},"class_list":["post-1023","page","type-page","status-publish","has-post-thumbnail","hentry"],"_links":{"self":[{"href":"https:\/\/211md.org\/ht\/wp-json\/wp\/v2\/pages\/1023","targetHints":{"allow":["GET"]}}],"collection":[{"href":"https:\/\/211md.org\/ht\/wp-json\/wp\/v2\/pages"}],"about":[{"href":"https:\/\/211md.org\/ht\/wp-json\/wp\/v2\/types\/page"}],"author":[{"embeddable":true,"href":"https:\/\/211md.org\/ht\/wp-json\/wp\/v2\/users\/8"}],"replies":[{"embeddable":true,"href":"https:\/\/211md.org\/ht\/wp-json\/wp\/v2\/comments?post=1023"}],"version-history":[{"count":10,"href":"https:\/\/211md.org\/ht\/wp-json\/wp\/v2\/pages\/1023\/revisions"}],"predecessor-version":[{"id":33891,"href":"https:\/\/211md.org\/ht\/wp-json\/wp\/v2\/pages\/1023\/revisions\/33891"}],"up":[{"embeddable":true,"href":"https:\/\/211md.org\/ht\/wp-json\/wp\/v2\/pages\/839"}],"wp:featuredmedia":[{"embeddable":true,"href":"https:\/\/211md.org\/ht\/wp-json\/wp\/v2\/media\/2077"}],"wp:attachment":[{"href":"https:\/\/211md.org\/ht\/wp-json\/wp\/v2\/media?parent=1023"}],"curies":[{"name":"wp","href":"https:\/\/api.w.org\/{rel}","templated":true}]}}