{"id":1061,"date":"2021-04-19T13:03:24","date_gmt":"2021-04-19T13:03:24","guid":{"rendered":"https:\/\/211md.org\/?page_id=1061"},"modified":"2026-05-07T16:53:24","modified_gmt":"2026-05-07T20:53:24","slug":"sevis-telefon","status":"publish","type":"page","link":"https:\/\/211md.org\/ht\/resources\/utility-assistance\/phone-services\/","title":{"rendered":"\u00c8d pou b\u00f2dwo telef\u00f2n ak ent\u00e8n\u00e8t"},"content":{"rendered":"<p>\u00c8ske ou bezwen \u00e8d pou peye telef\u00f2n ou oswa b\u00f2dwo ent\u00e8n\u00e8t? \u00c8d disponib pou moun ki kalifye yo.<\/p>\n<p>Pwogram nan bay rab\u00e8 epi li pa bay telef\u00f2n selil\u00e8 gratis. Sepandan, founis\u00e8 yo ka kouvri pri a nan yon telef\u00f2n mobil pou konsomat\u00e8 a. Li t\u00e8m ak kondisyon yo ak anpil atansyon epi chwazi yon founis\u00e8 Lifeline otorize.<\/p>\n<h2>Lifeline Telef\u00f2n ak Ent\u00e8n\u00e8t Rab\u00e8<\/h2>\n<p>Si ou resevwa benefis federal nan yon pwogram asistans gouv\u00e8nman an, ou ka kalifye pou yon rab\u00e8 b\u00f2dwo telef\u00f2n nan <a href=\"https:\/\/www.psc.state.md.us\/telecommunications\/lifeline-availability-maryland\/\" target=\"_blank\" rel=\"noopener\">Pwogram Lifeline<\/a>.<\/p>\n<blockquote><p>Li bay kliyan ki elijib jiska $9.25 yon mwa sou pri telef\u00f2n, Ent\u00e8n\u00e8t oswa s\u00e8vis pak\u00e8t yo. Rab\u00e8 a pi wo pou moun k ap viv sou t\u00e8 Tribi yo.<\/p><\/blockquote>\n<p>Sa a se s\u00e8l pwogram federal pou ede ak b\u00f2dwo Ent\u00e8n\u00e8t paske Pwogram Koneksyon Ab\u00f2dab la te fini. Si ou te resevwa rab\u00e8 sa a nan tan lontan, mande founis\u00e8 w la si yo gen l\u00f2t plan Ent\u00e8n\u00e8t ki pa koute ch\u00e8.<\/p>\n<h3>Elijiblite<\/h3>\n<p>Ou kalifye si w resevwa benefis nan nenp\u00f2t nan pwogram sa yo nan Maryland:<\/p>\n<ul>\n<li>Koupon pou Manje\/Pwogram Asistans Nitrisyon Siplemant\u00e8 (SNAP)<\/li>\n<li>Pwogram Asistans En\u00e8ji Kay pou Revni Ba<\/li>\n<li>Medicaid<\/li>\n<li>Asistans Federal Lojman Piblik<\/li>\n<li>Revni Sekirite Siplemant\u00e8 (SSI)<\/li>\n<li>Pwogram Pansyon Veteran ak Benefis pou Sivivan<\/li>\n<\/ul>\n<p>Ou ka kalifye tou si Revni Total Kay ou a nan oswa anba 135% nan Gid Povrete Federal yo.<\/p>\n\t<h3>Kouman pou aplike<\/h3>\n<p>Pou aplike pou Lifeline sou Ent\u00e8n\u00e8t:<\/p>\n<ol>\n<li><a href=\"https:\/\/getinternet.gov\/apply?id=nv_home&amp;ln=RW5nbGlzaA%3D%3D\" target=\"_blank\" rel=\"noopener\">Kreye yon kont<\/a> epi tcheke kalifikasyon. W ap bezwen kat d\u00e8nye chif nimewo Sekirite Sosyal ou oswa idantifikasyon gouv\u00e8nman an.<\/li>\n<li>Si ou kalifye, ou gen 90 jou pou kontakte konpayi telef\u00f2n ou oswa ent\u00e8n\u00e8t ou pou soum\u00e8t aplikasyon w lan.\u00a0 <a href=\"https:\/\/cnm.universalservice.org\/\" target=\"_blank\" rel=\"noopener\">Jwenn yon founis\u00e8 telef\u00f2n oswa ent\u00e8n\u00e8t<\/a> ki ofri Lifeline nan Maryland.<\/li>\n<\/ol>\n<p>Ou ka telechaje yon aplikasyon tou nan <a href=\"https:\/\/www.lifelinesupport.org\/wp-content\/uploads\/documents\/get-lifeline\/LI_Application_NVstates.pdf\" target=\"_blank\" rel=\"noopener\">angle<\/a> epi <a href=\"https:\/\/www.lifelinesupport.org\/wp-content\/uploads\/documents\/get-lifeline\/LI-SP_Application_NVstates.pdf\" target=\"_blank\" rel=\"noopener\">Pany\u00f2l<\/a>.<\/p>\n<p>Ou ka w\u00e8 tou piblisite pou telef\u00f2n selil\u00e8 gratis, men asire w ke w ap itilize yon founis\u00e8 Lifeline otorize. Ou ka jwenn yo <a href=\"https:\/\/cnm.universalservice.org\/\" target=\"_blank\" rel=\"noopener\">isit la<\/a>. Epitou, li t\u00e8m ak kondisyon yo pou asire w pa gen l\u00f2t fr\u00e8. Finalman, konnen r\u00e8g pwogram Lifeline la.<\/p>\n<p>Se s\u00e8lman yon benefis Lifeline p\u00e8m\u00e8t pou chak kay, epi rab\u00e8 a se $9.25 pa mwa. Ou dwe res\u00e8tifye rab\u00e8 ou chak ane.<\/p>\n<p>Si ou bezwen \u00e8d, rele 211.<\/p>\n<figure itemscope itemtype=\"https:\/\/schema.org\/ImageObject\">\n\t\t\t\t<img decoding=\"async\" src=\"http:\/\/211md.org\/wp-content\/uploads\/2023\/03\/person-going-over-phone-bill.png\" alt=\"moun ki ale sou b\u00f2dwo telef\u00f2n\" title=\"moun ki ale sou b\u00f2dwo telef\u00f2n\" onerror=\"this.style.display='none'\" loading=\"lazy\" \/>\n\t<\/figure>\n<p>&nbsp;<\/p>\n<h2>Bezwen yon l\u00f2t bagay?<\/h2>\n<p>211 has information and referrals for other essential needs. Learn about assistance programs available for food, housing, utility assistance, and more!<\/p>\n<p>&nbsp;<\/p>\n\t\t\t<a href=\"\/ht\/resous-yo\/manje\/\"  target=\"_self\">\n\t\t\t\t\t\tjwenn manje\n\t\t\t\t\t<\/a>\n\t\t\t<a href=\"\/ht\/resous-yo\/abri-lojman\/\"  target=\"_self\">\n\t\t\t\t\t\tjwenn lojman\n\t\t\t\t\t<\/a>\n\t\t\t<a href=\"\/ht\/resous-yo\/utilities\/\"  target=\"_self\">\n\t\t\t\t\t\tjwenn asistans s\u00e8vis piblik\n\t\t\t\t\t<\/a>\n\t\t\t<a href=\"\/ht\/resous-pa-konte\/\"  target=\"_self\">\n\t\t\t\t\t\tresous pa konte\n\t\t\t\t\t<\/a>\n<h2>\n\t\t\tRelated Utility Information\t<\/h2>\n\t\t<h4><a href=\"\/ht\/resous-yo\/aje-andikap\/?utm_source=Home&#038;utm_medium=Referral&#038;utm_campaign=211Resources&#038;utm_content=Aging\" target=\"_self\">Aje ak Andikap<\/a><\/h4><figure itemscope itemtype=\"https:\/\/schema.org\/ImageObject\">\n\t\t\t\t<a href=\"\/ht\/resous-yo\/aje-andikap\/?utm_source=Home&#038;utm_medium=Referral&#038;utm_campaign=211Resources&#038;utm_content=Aging\"  target=\"_self\" itemprop=\"url\">\n\t\t\t\t<img decoding=\"async\" src=\"https:\/\/211md.org\/wp-content\/uploads\/bb-plugin\/cache\/2025_MdInfoNet_Icon-Sets_Aging-disability-square-c466727102cae71e5f27b8539bb51945-.png\" alt=\"\" onerror=\"this.style.display='none'\" loading=\"lazy\" \/>\n\t\t\t\t<\/a>\n\t<\/figure>\n\t\t<h4><a href=\"\/ht\/resous-yo\/timoun-fanmi-yo\/?utm_source=Home&#038;utm_medium=Referral&#038;utm_campaign=211Resources&#038;utm_content=Children\" target=\"_self\">Timoun ak Fanmi<\/a><\/h4><figure itemscope itemtype=\"https:\/\/schema.org\/ImageObject\">\n\t\t\t\t<a href=\"\/ht\/resous-yo\/timoun-fanmi-yo\/?utm_source=Home&#038;utm_medium=Referral&#038;utm_campaign=211Resources&#038;utm_content=Children\"  target=\"_self\" itemprop=\"url\">\n\t\t\t\t<img decoding=\"async\" src=\"https:\/\/211md.org\/wp-content\/uploads\/bb-plugin\/cache\/2025_211_Icon-Sets_Child-care-square-f3b0d4edab3dcc467fadb5f55f4064c6-.png\" alt=\"parent and child icon for child care\" height=\"417\" width=\"417\" title=\"2025_211_Ansanm Ik\u00f2n_Swen Timoun\" onerror=\"this.style.display='none'\" loading=\"lazy\" \/>\n\t\t\t\t<\/a>\n\t<\/figure>\n\t\t<h4><a href=\"\/ht\/resous-yo\/vyolans-familyal-domestik\/?utm_source=Home&#038;utm_medium=Referral&#038;utm_campaign=211Resources&#038;utm_content=Domestic\" target=\"_self\">Vyolans domestik<\/a><\/h4><figure itemscope itemtype=\"https:\/\/schema.org\/ImageObject\">\n\t\t\t\t<a href=\"\/ht\/resous-yo\/vyolans-familyal-domestik\/?utm_source=Home&#038;utm_medium=Referral&#038;utm_campaign=211Resources&#038;utm_content=Domestic\"  target=\"_self\" itemprop=\"url\">\n\t\t\t\t<img decoding=\"async\" src=\"https:\/\/211md.org\/wp-content\/uploads\/bb-plugin\/cache\/2025_211_Icon-Sets_Domestic-Violence-square-7b597694a6f05fe90cdc376aa573bc63-.png\" alt=\"House with a heart in the middle icon\" height=\"417\" width=\"417\" title=\"2025_211_Ansanm Ik\u00f2n_Vyolans Domestik\" onerror=\"this.style.display='none'\" loading=\"lazy\" \/>\n\t\t\t\t<\/a>\n\t<\/figure>\n\t\t<h4><a href=\"\/ht\/resous-yo\/rechech-travay\/?utm_source=Home&#038;utm_medium=Referral&#038;utm_campaign=211Resources&#038;utm_content=Employment\" target=\"_self\">Travay<\/a><\/h4><figure itemscope itemtype=\"https:\/\/schema.org\/ImageObject\">\n\t\t\t\t<a href=\"\/ht\/resous-yo\/rechech-travay\/?utm_source=Home&#038;utm_medium=Referral&#038;utm_campaign=211Resources&#038;utm_content=Employment\"  target=\"_self\" itemprop=\"url\">\n\t\t\t\t<img decoding=\"async\" src=\"https:\/\/211md.org\/wp-content\/uploads\/bb-plugin\/cache\/2025_MdInfoNet_Icon-Sets_Employment-square-44707bd410e4df10a470bf130ebcea86-.png\" alt=\"\" onerror=\"this.style.display='none'\" loading=\"lazy\" \/>\n\t\t\t\t<\/a>\n\t<\/figure>\n\t\t<h4><a href=\"\/ht\/resous-yo\/swen-sante\/?utm_source=Home&#038;utm_medium=Referral&#038;utm_campaign=211Resources&#038;utm_content=Health%20Care\" target=\"_self\">Swen Sante<\/a><\/h4><figure itemscope itemtype=\"https:\/\/schema.org\/ImageObject\">\n\t\t\t\t<a href=\"\/ht\/resous-yo\/swen-sante\/?utm_source=Home&#038;utm_medium=Referral&#038;utm_campaign=211Resources&#038;utm_content=Health%20Care\"  target=\"_self\" itemprop=\"url\">\n\t\t\t\t<img decoding=\"async\" src=\"https:\/\/211md.org\/wp-content\/uploads\/bb-plugin\/cache\/2025_MdInfoNet_Icon-Sets_Health-Care-square-dee98a0060cbe0e7f27eda253fc12679-.png\" alt=\"\" onerror=\"this.style.display='none'\" loading=\"lazy\" \/>\n\t\t\t\t<\/a>\n\t<\/figure>\n\t\t<h4><a href=\"\/ht\/resous-yo\/nouvo-nan-nou-ak-maryland\/?utm_source=Home&#038;utm_medium=Referral&#038;utm_campaign=211Resources&#038;utm_content=Immigration\" target=\"_self\">Imigrasyon<\/a><\/h4><figure itemscope itemtype=\"https:\/\/schema.org\/ImageObject\">\n\t\t\t\t<a href=\"\/ht\/resous-yo\/nouvo-nan-nou-ak-maryland\/?utm_source=Home&#038;utm_medium=Referral&#038;utm_campaign=211Resources&#038;utm_content=Immigration\"  target=\"_self\" itemprop=\"url\">\n\t\t\t\t<img decoding=\"async\" src=\"https:\/\/211md.org\/wp-content\/uploads\/bb-plugin\/cache\/2025_MdInfoNet_Icon-Sets_Immigration-square-8b97b7fdfe5e6071405e216855065118-.png\" alt=\"ik\u00f2n imigrasyon\" title=\"2025_MdInfoNet_Icon-Sets_Immigration\" onerror=\"this.style.display='none'\" loading=\"lazy\" \/>\n\t\t\t\t<\/a>\n\t<\/figure>\n\t\t<h4><a href=\"\/ht\/resous-yo\/timoun-fanmi-yo\/swen-fanmi\/?utm_source=Home&#038;utm_medium=Referral&#038;utm_campaign=211Resources&#038;utm_content=Kinship\" target=\"_self\">Parente<\/a><\/h4><figure itemscope itemtype=\"https:\/\/schema.org\/ImageObject\">\n\t\t\t\t<a href=\"\/ht\/resous-yo\/timoun-fanmi-yo\/swen-fanmi\/?utm_source=Home&#038;utm_medium=Referral&#038;utm_campaign=211Resources&#038;utm_content=Kinship\"  target=\"_self\" itemprop=\"url\">\n\t\t\t\t<img decoding=\"async\" src=\"https:\/\/211md.org\/wp-content\/uploads\/bb-plugin\/cache\/2025_211_Icon-Sets_Kinship-square-45bdf872866f5735f842c32071109267-.png\" alt=\"Ik\u00f2n fanmi\" height=\"417\" width=\"417\" title=\"2025_211_Ansanm Ik\u00f2n_Fanmitay\" onerror=\"this.style.display='none'\" loading=\"lazy\" \/>\n\t\t\t\t<\/a>\n\t<\/figure>\n\t\t<h4><a href=\"\/ht\/resous-yo\/sevis-legal-yo\/?utm_source=Home&#038;utm_medium=Referral&#038;utm_campaign=211Resources&#038;utm_content=Legal\" target=\"_self\">S\u00e8vis Legal<\/a><\/h4><figure itemscope itemtype=\"https:\/\/schema.org\/ImageObject\">\n\t\t\t\t<a href=\"\/ht\/resous-yo\/sevis-legal-yo\/?utm_source=Home&#038;utm_medium=Referral&#038;utm_campaign=211Resources&#038;utm_content=Legal\"  target=\"_self\" itemprop=\"url\">\n\t\t\t\t<img decoding=\"async\" src=\"https:\/\/211md.org\/wp-content\/uploads\/bb-plugin\/cache\/2025_MdInfoNet_Icon-Sets_Legal-square-18fdf438feb8435588174d9046463257-.png\" alt=\"\" onerror=\"this.style.display='none'\" loading=\"lazy\" \/>\n\t\t\t\t<\/a>\n\t<\/figure>\n\t\t<h4><a href=\"\/ht\/resous-yo\/sante-mantal\/?utm_source=Home&#038;utm_medium=Referral&#038;utm_campaign=211Resources&#038;utm_content=Mental\" target=\"_self\">Sante mantal<\/a><\/h4><figure itemscope itemtype=\"https:\/\/schema.org\/ImageObject\">\n\t\t\t\t<a href=\"\/ht\/resous-yo\/sante-mantal\/?utm_source=Home&#038;utm_medium=Referral&#038;utm_campaign=211Resources&#038;utm_content=Mental\"  target=\"_self\" itemprop=\"url\">\n\t\t\t\t<img decoding=\"async\" src=\"https:\/\/211md.org\/wp-content\/uploads\/bb-plugin\/cache\/2025_MdInfoNet_Icon-Sets_Mental-Health-square-c59b38c4a993a947d4c9280fbe2d2fee-.png\" alt=\"\" onerror=\"this.style.display='none'\" loading=\"lazy\" \/>\n\t\t\t\t<\/a>\n\t<\/figure>\n\t\t<h4><a href=\"\/ht\/resous-yo\/mdreentry\/?utm_source=Home&#038;utm_medium=Referral&#038;utm_campaign=211Resources&#038;utm_content=Reentry\" target=\"_self\">Reantre<\/a><\/h4><figure itemscope itemtype=\"https:\/\/schema.org\/ImageObject\">\n\t\t\t\t<a href=\"\/ht\/resous-yo\/mdreentry\/?utm_source=Home&#038;utm_medium=Referral&#038;utm_campaign=211Resources&#038;utm_content=Reentry\"  target=\"_self\" itemprop=\"url\">\n\t\t\t\t<img decoding=\"async\" src=\"https:\/\/211md.org\/wp-content\/uploads\/bb-plugin\/cache\/2025_211_Icon-Sets_Reentry-square-8676fea38abd920a832f45642fe31cca-.png\" alt=\"Ik\u00f2n Reantre\" height=\"417\" width=\"417\" title=\"2025_211_Ansanm Ik\u00f2n_Reantre\" onerror=\"this.style.display='none'\" loading=\"lazy\" \/>\n\t\t\t\t<\/a>\n\t<\/figure>\n\t\t<h4><a href=\"\/ht\/resous-yo\/itilizasyon-sibstans\/?utm_source=Home&#038;utm_medium=Referral&#038;utm_campaign=211Resources&#038;utm_content=Substance\" target=\"_self\">Itilizasyon sibstans<\/a><\/h4><figure itemscope itemtype=\"https:\/\/schema.org\/ImageObject\">\n\t\t\t\t<a href=\"\/ht\/resous-yo\/itilizasyon-sibstans\/?utm_source=Home&#038;utm_medium=Referral&#038;utm_campaign=211Resources&#038;utm_content=Substance\"  target=\"_self\" itemprop=\"url\">\n\t\t\t\t<img decoding=\"async\" src=\"https:\/\/211md.org\/wp-content\/uploads\/bb-plugin\/cache\/2025_MdInfoNet_Icon-Sets_Substance-Abuse-square-4f414f085e657267739c181957754f48-.png\" alt=\"Pills for substance Use icon\" title=\"2025_MdInfoNet_Icon-Sets_Substance-Abuse\" onerror=\"this.style.display='none'\" loading=\"lazy\" \/>\n\t\t\t\t<\/a>\n\t<\/figure>\n\t\t<h4><a href=\"\/ht\/resous-yo\/veteran-yo\/?utm_source=Home&#038;utm_medium=Referral&#038;utm_campaign=211Resources&#038;utm_content=Veterans\" target=\"_self\">Veteran yo<\/a><\/h4><figure itemscope itemtype=\"https:\/\/schema.org\/ImageObject\">\n\t\t\t\t<a href=\"\/ht\/resous-yo\/veteran-yo\/?utm_source=Home&#038;utm_medium=Referral&#038;utm_campaign=211Resources&#038;utm_content=Veterans\"  target=\"_self\" itemprop=\"url\">\n\t\t\t\t<img decoding=\"async\" src=\"https:\/\/211md.org\/wp-content\/uploads\/bb-plugin\/cache\/2025_MdInfoNet_Icon-Sets_Rating-square-6e60d00cce4faa8e0a6d4ad7366aa733-.png\" alt=\"\" onerror=\"this.style.display='none'\" loading=\"lazy\" \/>\n\t\t\t\t<\/a>\n\t<\/figure>","protected":false},"excerpt":{"rendered":"<p>Do you need help paying your phone or Internet bill? Help is available for those who qualify. The program provides discounts and does not provide free cell phones. However, providers may cover the cost of a mobile phone for the consumer. Read the terms and conditions carefully and choose an authorized Lifeline provider. Lifeline Phone&hellip;<\/p>","protected":false},"author":8,"featured_media":3746,"parent":932,"menu_order":0,"comment_status":"closed","ping_status":"closed","template":"","meta":{"footnotes":""},"group":[],"class_list":["post-1061","page","type-page","status-publish","has-post-thumbnail","hentry"],"_links":{"self":[{"href":"https:\/\/211md.org\/ht\/wp-json\/wp\/v2\/pages\/1061","targetHints":{"allow":["GET"]}}],"collection":[{"href":"https:\/\/211md.org\/ht\/wp-json\/wp\/v2\/pages"}],"about":[{"href":"https:\/\/211md.org\/ht\/wp-json\/wp\/v2\/types\/page"}],"author":[{"embeddable":true,"href":"https:\/\/211md.org\/ht\/wp-json\/wp\/v2\/users\/8"}],"replies":[{"embeddable":true,"href":"https:\/\/211md.org\/ht\/wp-json\/wp\/v2\/comments?post=1061"}],"version-history":[{"count":3,"href":"https:\/\/211md.org\/ht\/wp-json\/wp\/v2\/pages\/1061\/revisions"}],"predecessor-version":[{"id":34694,"href":"https:\/\/211md.org\/ht\/wp-json\/wp\/v2\/pages\/1061\/revisions\/34694"}],"up":[{"embeddable":true,"href":"https:\/\/211md.org\/ht\/wp-json\/wp\/v2\/pages\/932"}],"wp:featuredmedia":[{"embeddable":true,"href":"https:\/\/211md.org\/ht\/wp-json\/wp\/v2\/media\/3746"}],"wp:attachment":[{"href":"https:\/\/211md.org\/ht\/wp-json\/wp\/v2\/media?parent=1061"}],"wp:term":[{"taxonomy":"group","embeddable":true,"href":"https:\/\/211md.org\/ht\/wp-json\/wp\/v2\/group?post=1061"}],"curies":[{"name":"wp","href":"https:\/\/api.w.org\/{rel}","templated":true}]}}