{"id":1103,"date":"2021-04-19T14:37:20","date_gmt":"2021-04-19T14:37:20","guid":{"rendered":"https:\/\/211md.org\/?page_id=1103"},"modified":"2025-11-11T13:49:26","modified_gmt":"2025-11-11T18:49:26","slug":"swen-dante","status":"publish","type":"page","link":"https:\/\/211md.org\/ht\/resources\/health-care\/dental-care\/","title":{"rendered":"Find Dental Clinics in Maryland"},"content":{"rendered":"<img decoding=\"async\" src=\"https:\/\/stg-maryland211-staging.kinsta.cloud\/wp-content\/uploads\/2025\/08\/5-1-scaled.png\" alt=\"5\" itemprop=\"image\" height=\"692\" width=\"2560\" title=\"5\" onerror=\"this.style.display='none'\" loading=\"lazy\" \/>\n\t\t<p>\u00c8ske w bezwen swen dant\u00e8? Klinik dant\u00e8 gratis ak bon mache ka yon opsyon si ou bezwen swen dant\u00e8 epi ou pa gen asirans. Koupon ka disponib tou pou redwi pri swen nan yon biwo dantis prive.<\/p>\n\t\t\t<a href=\"#start\" target=\"_self\">\n\t\t\t\t\t\tK\u00f2manse\n\t\t\t\t\t<\/a>\n\t\t\t\t<img decoding=\"async\" src=\"https:\/\/211md.org\/wp-content\/plugins\/bb-plugin\/img\/pixel.png\" alt=\"\" itemprop=\"image\" onerror=\"this.style.display='none'\" loading=\"lazy\" \/>\n\t\t\t\t<img decoding=\"async\" src=\"https:\/\/stg-maryland211-staging.kinsta.cloud\/wp-content\/uploads\/2025\/08\/16.png\" alt=\"16\" itemprop=\"image\" height=\"1000\" width=\"1000\" title=\"16\" onerror=\"this.style.display='none'\" loading=\"lazy\" \/>\n\t\t\t\t<img decoding=\"async\" src=\"http:\/\/211md.org\/wp-content\/uploads\/2025\/11\/Dentist-showing-patient-xrays-of-tooth-at-dental-clinic.jpg\" alt=\"Dentist showing patient xrays of tooth at dental clinic\" itemprop=\"image\" title=\"Dentist showing patient xrays of tooth at dental clinic\" onerror=\"this.style.display='none'\" loading=\"lazy\" \/>\n\t<h2>Maryland Medicaid Dental Program<\/h2>\n<p>Eligible full-time Medicaid beneficiaries may be eligible for dental services through the Maryland Healthy Smiles Dental Program.<\/p>\n<p>This program helps eligible Medicaid recipients:<\/p>\n<ul>\n<li>adults aged 21 to 64<\/li>\n<li>children under age 21<\/li>\n<li>former foster care children through age 25<\/li>\n<li>pregnant and postpartum adults through age 21<\/li>\n<\/ul>\n<p>The Maryland Healthy Smiles Dental Program covers:<\/p>\n<ul>\n<li>routine dental checkups and cleaning<\/li>\n<li>fluoride treatments<\/li>\n<li>X-rays<\/li>\n<li>root canals<\/li>\n<li>crowns<\/li>\n<li>extractions<\/li>\n<li>anesthesia<\/li>\n<li>denture adjustments (adults only)<\/li>\n<\/ul>\n<p>For children under 21 years old, the program also covers orthodontics, fluoride, and sealants.<\/p>\n<p>Get more information on the <a href=\"https:\/\/mmcp.health.maryland.gov\/Pages\/maryland-healthy-smiles-dental-program.aspx\" target=\"_blank\" rel=\"noopener\">Pwogram dant\u00e8 Maryland Healthy Smiles<\/a> or find a <a href=\"https:\/\/mdmwp.sciondental.com\/MWP\/Landing\" target=\"_blank\" rel=\"noopener\">participating Medicaid dentist<\/a>.<\/p>\n\t<h2>Free and low-cost Clinics<\/h2>\n<p>Dental colleges and some health departments offer free and low-cost dental clinics throughout Maryland.<\/p>\n<p>The Dental Hygiene Center at Howard Community College provides affordable dental services, including screenings, X-rays, sealants, non-surgical periodontal treatment, deep cleaning, fluoride treatment, and follow-up care.<\/p>\n<p>The cost is $20 for adults in the community and $10 for children.<\/p>\n<p>The clinic does not provide fillings, extractions, root canals, orthodontics, or other dental treatments. Connect with the <a href=\"https:\/\/www.howardcc.edu\/programs-courses\/academics\/academic-divisions\/health-sciences\/dental-hygiene\/dental-hygiene-center.html\" target=\"_blank\" rel=\"noopener\">Dental Hygiene Center<\/a>.<\/p>\n<p><a href=\"https:\/\/www.allegany.edu\/health-clinics\/dental-hygiene-clinic\/index.html\" target=\"_blank\" rel=\"noopener\">Allegany kol\u00e8j nan Maryland<\/a> tou bay s\u00e8vis dant\u00e8 kominot\u00e8 a bon mache atrav\u00e8 Klinik Ijy\u00e8n Dant\u00e8 li a. Konsantre yo se sou swen prevantif epi yo disponib pandan sem\u00e8s ot\u00f2n ak prentan yo.<\/p>\n<p>There are also community dental programs at <a href=\"https:\/\/www.ccbcmd.edu\/Programs-and-Courses\/Schools-and-Academic-Departments\/School-of-Health-Professions\/Dental-Hygiene.aspx\" target=\"_blank\" rel=\"noopener\">Kol\u00e8j Kominot\u00e8 nan Konte Baltimore<\/a>, la <a href=\"https:\/\/www.dental.umaryland.edu\/\" target=\"_blank\" rel=\"noopener\">University of Maryland School of Dentistry<\/a>, ak la <a href=\"https:\/\/www.ccbcmd.edu\/Programs-and-Courses\/Schools-and-Academic-Departments\/School-of-Health-Professions\/Dental-Hygiene.aspx\" target=\"_blank\" rel=\"noopener\">Kol\u00e8j Kominot\u00e8 nan Konte Baltimore<\/a>. Kontakte kol\u00e8j ki toupre w pou jwenn detay sou pwogram lan.<\/p>\n<h3>Pwogram dan Depatman Sante<\/h3>\n<p>Genyen tou klinik dant\u00e8 nan k\u00e8k depatman sante konte yo.<\/p>\n<p>Nan B\u00e8len, la <a href=\"https:\/\/www.worcesterhealth.org\/dental-sidebar\" target=\"_blank\" rel=\"noopener\">Depatman Sante Worcester County<\/a> bay swen pou timoun ki poko gen 21 an oswa ki ansent epi ki pa gen asirans, ki pa gen ase asirans oswa ki enskri nan Maryland Health Smiles Program.<\/p>\n<p>La <a href=\"https:\/\/health.baltimorecity.gov\/node\/89\" target=\"_blank\" rel=\"noopener\">Depatman Sante vil Baltimore<\/a> bay swen dant\u00e8 debaz ak ijan nan Druid Dental Clinic ak Eastern Dental Clinic. Gen fr\u00e8 ki asosye ak swen an, epi klinik yo aksepte Maryland Health Smiles, pif\u00f2 plan Asistans Medikal\/Medikal, ak k\u00e8k l\u00f2t plan ki ka chanje.<\/p>\n<p>Genyen tou yon klinik dant\u00e8 pedyatrik nan la <a href=\"https:\/\/health.frederickcountymd.gov\/DocumentCenter\/View\/3560\/DENTAL-BrochureEnglish?bidId=\" target=\"_blank\" rel=\"noopener\">Depatman Sante Frederick County<\/a> pou timoun ki pa gen asirans ak moun ki gen asistans medikal. Depatman sante a gen bon dant\u00e8 tou pou granmoun ki bezwen operasyon oral nan yon chirijyen oral prive.<\/p>\n<p>Sa yo se jis k\u00e8k nan pwogram yo nan depatman sante atrav\u00e8 Maryland. Kontakte depatman lokal ou a pou jwenn plis enf\u00f2masyon sou klinik dant\u00e8 ak s\u00e8vis a pri redui, si yo disponib nan kominote a.<\/p>\n<h3>Swen dant\u00e8 pou granmoun aje yo<\/h3>\n<p>Nan Frederick County, gen yon pwogram asistans dant\u00e8 ijans pou pwobl\u00e8m ijans woutin tankou ekstraksyon dan ak oblonje atrav\u00e8 <a href=\"https:\/\/thereligiouscoalition.org\/need-help\/healthcare-programs\/\" target=\"_blank\" rel=\"noopener\">Kowalisyon relijye pou bezwen moun ijans<\/a>. Li disponib s\u00e8lman pou rezidan Frederick County ki gen laj 51 an oswa plis.<\/p>\n\t\t\t\t<a href=\"https:\/\/search.211md.org\/\" target=\"_blank\" rel=\"noopener\" itemprop=\"url\">\n\t\t\t\t<img decoding=\"async\" src=\"https:\/\/stg-maryland211-staging.kinsta.cloud\/wp-content\/uploads\/2025\/08\/2025_MdInfoNet_Icon-Sets-white_Locate.png\" alt=\"\" itemprop=\"image\" onerror=\"this.style.display='none'\" loading=\"lazy\" \/>\n\t\t\t\t<\/a>\n<h2><a href=\"https:\/\/search.211md.org\/\" target=\"_blank\" rel=\"noopener\">Jwenn Resous Kounye a<\/a><\/h2><p>Jwenn <strong>resous kominot\u00e8 yo <\/strong>pou manje, swen sante, lojman ak plis ank\u00f2 nan baz done nou an. Ch\u00e8che pa k\u00f2d postal.<\/p>\n\t\t\t<a href=\"https:\/\/search.211md.org\/\" target=\"_blank\" rel=\"noopener\">\n\t\t\t\t\t\t\tCh\u00e8che Kounye a\n\t\t\t<\/a>\n\t\t\t\t<img decoding=\"async\" src=\"http:\/\/211md.org\/wp-content\/uploads\/2025\/11\/dad-and-daughter-brushing-teeth.jpg\" alt=\"dad and daughter brushing teeth\" itemprop=\"image\" title=\"dad and daughter brushing teeth\" onerror=\"this.style.display='none'\" loading=\"lazy\" \/>\n\t<h3><b>Asirans Dant\u00e8<\/b><\/h3>\n<p>Pou kouvri swen dant\u00e8 debaz ak tretman ou ka achte asirans dant\u00e8 pandan yon ev\u00e8nman ki kalifye pou lavi oswa pandan enskripsyon ouv\u00e8 soti 1ye novanm rive 15 desanm. Kouv\u00e8ti a k\u00f2manse 1ye janvye.<\/p>\n<p>\u00c8ske w ap mande konbyen lajan asirans dant\u00e8 pral koute?\u00a0<a href=\"https:\/\/secure.marylandhealthconnection.gov\/hixui\/public\/home.html#\/getEstimate?lang=en_US&amp;firstTime=1\" target=\"_blank\" rel=\"noopener\">Jwenn yon estimasyon nan Maryland Health Connection<\/a>, epi answit jwenn yon plan ki bon pou ou menm ak fanmi ou.<\/p>\n<p>Gen k\u00e8k konpayi asirans sante ki ka ofri swen dant\u00e8 tou.<\/p>\n<p>Genyen tou pwogram dant\u00e8 atrav\u00e8 eta Maryland ki bay swen atrav\u00e8 kol\u00e8j, depatman sante, ak klinik kominot\u00e8.<\/p>\n\t<h2>Connect with other Health-Related Resources<\/h2>\n\t\t<h4><a href=\"\/ht\/resous-yo\/aje-andikap\/?utm_source=Home&#038;utm_medium=Referral&#038;utm_campaign=211Resources&#038;utm_content=Aging\" target=\"_self\">Aje ak Andikap<\/a><\/h4>\n\t\t\t\t<a href=\"\/ht\/resous-yo\/aje-andikap\/?utm_source=Home&#038;utm_medium=Referral&#038;utm_campaign=211Resources&#038;utm_content=Aging\"  target=\"_self\" itemprop=\"url\">\n\t\t\t\t<img decoding=\"async\" src=\"https:\/\/211md.org\/wp-content\/uploads\/bb-plugin\/cache\/2025_MdInfoNet_Icon-Sets_Aging-disability-square-c466727102cae71e5f27b8539bb51945-.png\" alt=\"\" itemprop=\"image\" onerror=\"this.style.display='none'\" loading=\"lazy\" \/>\n\t\t\t\t<\/a>\n\t\t<h4><a href=\"\/ht\/resous-yo\/timoun-fanmi-yo\/?utm_source=Home&#038;utm_medium=Referral&#038;utm_campaign=211Resources&#038;utm_content=Children\" target=\"_self\">Timoun ak Fanmi<\/a><\/h4>\n\t\t\t\t<a href=\"\/ht\/resous-yo\/timoun-fanmi-yo\/?utm_source=Home&#038;utm_medium=Referral&#038;utm_campaign=211Resources&#038;utm_content=Children\"  target=\"_self\" itemprop=\"url\">\n\t\t\t\t<img decoding=\"async\" src=\"https:\/\/211md.org\/wp-content\/uploads\/bb-plugin\/cache\/2025_211_Icon-Sets_Child-care-square-f3b0d4edab3dcc467fadb5f55f4064c6-.png\" alt=\"2025_211_Ansanm Ik\u00f2n_Swen Timoun\" itemprop=\"image\" height=\"417\" width=\"417\" title=\"2025_211_Ansanm Ik\u00f2n_Swen Timoun\" onerror=\"this.style.display='none'\" loading=\"lazy\" \/>\n\t\t\t\t<\/a>\n\t\t<h4><a href=\"\/ht\/resous-yo\/vyolans-familyal-domestik\/?utm_source=Home&#038;utm_medium=Referral&#038;utm_campaign=211Resources&#038;utm_content=Domestic\" target=\"_self\">Vyolans domestik<\/a><\/h4>\n\t\t\t\t<a href=\"\/ht\/resous-yo\/vyolans-familyal-domestik\/?utm_source=Home&#038;utm_medium=Referral&#038;utm_campaign=211Resources&#038;utm_content=Domestic\"  target=\"_self\" itemprop=\"url\">\n\t\t\t\t<img decoding=\"async\" src=\"https:\/\/211md.org\/wp-content\/uploads\/bb-plugin\/cache\/2025_211_Icon-Sets_Domestic-Violence-square-7b597694a6f05fe90cdc376aa573bc63-.png\" alt=\"Ik\u00f2n Vyolans Domestik\" itemprop=\"image\" height=\"417\" width=\"417\" title=\"2025_211_Ansanm Ik\u00f2n_Vyolans Domestik\" onerror=\"this.style.display='none'\" loading=\"lazy\" \/>\n\t\t\t\t<\/a>\n\t\t<h4><a href=\"\/ht\/resous-yo\/rechech-travay\/?utm_source=Home&#038;utm_medium=Referral&#038;utm_campaign=211Resources&#038;utm_content=Employment\" target=\"_self\">Travay<\/a><\/h4>\n\t\t\t\t<a href=\"\/ht\/resous-yo\/rechech-travay\/?utm_source=Home&#038;utm_medium=Referral&#038;utm_campaign=211Resources&#038;utm_content=Employment\"  target=\"_self\" itemprop=\"url\">\n\t\t\t\t<img decoding=\"async\" src=\"https:\/\/211md.org\/wp-content\/uploads\/bb-plugin\/cache\/2025_MdInfoNet_Icon-Sets_Employment-square-44707bd410e4df10a470bf130ebcea86-.png\" alt=\"\" itemprop=\"image\" onerror=\"this.style.display='none'\" loading=\"lazy\" \/>\n\t\t\t\t<\/a>\n\t\t<h4><a href=\"\/ht\/resous-yo\/swen-sante\/?utm_source=Home&#038;utm_medium=Referral&#038;utm_campaign=211Resources&#038;utm_content=Health%20Care\" target=\"_self\">Swen Sante<\/a><\/h4>\n\t\t\t\t<a href=\"\/ht\/resous-yo\/swen-sante\/?utm_source=Home&#038;utm_medium=Referral&#038;utm_campaign=211Resources&#038;utm_content=Health%20Care\"  target=\"_self\" itemprop=\"url\">\n\t\t\t\t<img decoding=\"async\" src=\"https:\/\/211md.org\/wp-content\/uploads\/bb-plugin\/cache\/2025_MdInfoNet_Icon-Sets_Health-Care-square-dee98a0060cbe0e7f27eda253fc12679-.png\" alt=\"\" itemprop=\"image\" onerror=\"this.style.display='none'\" loading=\"lazy\" \/>\n\t\t\t\t<\/a>\n\t\t<h4><a href=\"\/ht\/resous-yo\/timoun-fanmi-yo\/swen-fanmi\/?utm_source=Home&#038;utm_medium=Referral&#038;utm_campaign=211Resources&#038;utm_content=Kinship\" target=\"_self\">Parente<\/a><\/h4>\n\t\t\t\t<a href=\"\/ht\/resous-yo\/timoun-fanmi-yo\/swen-fanmi\/?utm_source=Home&#038;utm_medium=Referral&#038;utm_campaign=211Resources&#038;utm_content=Kinship\"  target=\"_self\" itemprop=\"url\">\n\t\t\t\t<img decoding=\"async\" src=\"https:\/\/211md.org\/wp-content\/uploads\/bb-plugin\/cache\/2025_211_Icon-Sets_Kinship-square-45bdf872866f5735f842c32071109267-.png\" alt=\"Ik\u00f2n fanmi\" itemprop=\"image\" height=\"417\" width=\"417\" title=\"2025_211_Ansanm Ik\u00f2n_Fanmitay\" onerror=\"this.style.display='none'\" loading=\"lazy\" \/>\n\t\t\t\t<\/a>\n\t\t<h4><a href=\"\/ht\/resous-yo\/sevis-legal-yo\/?utm_source=Home&#038;utm_medium=Referral&#038;utm_campaign=211Resources&#038;utm_content=Legal\" target=\"_self\">S\u00e8vis Legal<\/a><\/h4>\n\t\t\t\t<a href=\"\/ht\/resous-yo\/sevis-legal-yo\/?utm_source=Home&#038;utm_medium=Referral&#038;utm_campaign=211Resources&#038;utm_content=Legal\"  target=\"_self\" itemprop=\"url\">\n\t\t\t\t<img decoding=\"async\" src=\"https:\/\/211md.org\/wp-content\/uploads\/bb-plugin\/cache\/2025_MdInfoNet_Icon-Sets_Legal-square-18fdf438feb8435588174d9046463257-.png\" alt=\"\" itemprop=\"image\" onerror=\"this.style.display='none'\" loading=\"lazy\" \/>\n\t\t\t\t<\/a>\n\t\t<h4><a href=\"\/ht\/resous-yo\/sante-mantal\/?utm_source=Home&#038;utm_medium=Referral&#038;utm_campaign=211Resources&#038;utm_content=Mental\" target=\"_self\">Sante mantal<\/a><\/h4>\n\t\t\t\t<a href=\"\/ht\/resous-yo\/sante-mantal\/?utm_source=Home&#038;utm_medium=Referral&#038;utm_campaign=211Resources&#038;utm_content=Mental\"  target=\"_self\" itemprop=\"url\">\n\t\t\t\t<img decoding=\"async\" src=\"https:\/\/211md.org\/wp-content\/uploads\/bb-plugin\/cache\/2025_MdInfoNet_Icon-Sets_Mental-Health-square-c59b38c4a993a947d4c9280fbe2d2fee-.png\" alt=\"\" itemprop=\"image\" onerror=\"this.style.display='none'\" loading=\"lazy\" \/>\n\t\t\t\t<\/a>\n\t\t<h4><a href=\"\/ht\/resous-yo\/mdreentry\/?utm_source=Home&#038;utm_medium=Referral&#038;utm_campaign=211Resources&#038;utm_content=Reentry\" target=\"_self\">Reantre<\/a><\/h4>\n\t\t\t\t<a href=\"\/ht\/resous-yo\/mdreentry\/?utm_source=Home&#038;utm_medium=Referral&#038;utm_campaign=211Resources&#038;utm_content=Reentry\"  target=\"_self\" itemprop=\"url\">\n\t\t\t\t<img decoding=\"async\" src=\"https:\/\/211md.org\/wp-content\/uploads\/bb-plugin\/cache\/2025_211_Icon-Sets_Reentry-square-8676fea38abd920a832f45642fe31cca-.png\" alt=\"Ik\u00f2n Reantre\" itemprop=\"image\" height=\"417\" width=\"417\" title=\"2025_211_Ansanm Ik\u00f2n_Reantre\" onerror=\"this.style.display='none'\" loading=\"lazy\" \/>\n\t\t\t\t<\/a>\n\t\t<h4><a href=\"\/ht\/resous-yo\/itilizasyon-sibstans\/?utm_source=Home&#038;utm_medium=Referral&#038;utm_campaign=211Resources&#038;utm_content=Substance\" target=\"_self\">Itilizasyon sibstans<\/a><\/h4>\n\t\t\t\t<a href=\"\/ht\/resous-yo\/itilizasyon-sibstans\/?utm_source=Home&#038;utm_medium=Referral&#038;utm_campaign=211Resources&#038;utm_content=Substance\"  target=\"_self\" itemprop=\"url\">\n\t\t\t\t<img decoding=\"async\" src=\"https:\/\/211md.org\/wp-content\/uploads\/bb-plugin\/cache\/2025_MdInfoNet_Icon-Sets_Substance-Abuse-square-9022fec9d18a64118ad685c101885b55-.png\" alt=\"\" itemprop=\"image\" onerror=\"this.style.display='none'\" loading=\"lazy\" \/>\n\t\t\t\t<\/a>\n\t\t<h4><a href=\"\/ht\/resous-yo\/veteran-yo\/?utm_source=Home&#038;utm_medium=Referral&#038;utm_campaign=211Resources&#038;utm_content=Veterans\" target=\"_self\">Veteran yo<\/a><\/h4>\n\t\t\t\t<a href=\"\/ht\/resous-yo\/veteran-yo\/?utm_source=Home&#038;utm_medium=Referral&#038;utm_campaign=211Resources&#038;utm_content=Veterans\"  target=\"_self\" itemprop=\"url\">\n\t\t\t\t<img decoding=\"async\" src=\"https:\/\/211md.org\/wp-content\/uploads\/bb-plugin\/cache\/2025_MdInfoNet_Icon-Sets_Rating-square-6e60d00cce4faa8e0a6d4ad7366aa733-.png\" alt=\"\" itemprop=\"image\" onerror=\"this.style.display='none'\" loading=\"lazy\" \/>\n\t\t\t\t<\/a>","protected":false},"excerpt":{"rendered":"<p>Do you need dental care? Free and low-cost dental clinics may be an option if you need dental care and do not have insurance. Vouchers may also be available to reduce the cost of care at a private dentist&#8217;s office. Get Started Maryland Medicaid Dental Program Eligible full-time Medicaid beneficiaries may be eligible for dental&hellip;<\/p>","protected":false},"author":8,"featured_media":2081,"parent":838,"menu_order":0,"comment_status":"closed","ping_status":"closed","template":"","meta":{"footnotes":""},"class_list":["post-1103","page","type-page","status-publish","has-post-thumbnail","hentry"],"_links":{"self":[{"href":"https:\/\/211md.org\/ht\/wp-json\/wp\/v2\/pages\/1103","targetHints":{"allow":["GET"]}}],"collection":[{"href":"https:\/\/211md.org\/ht\/wp-json\/wp\/v2\/pages"}],"about":[{"href":"https:\/\/211md.org\/ht\/wp-json\/wp\/v2\/types\/page"}],"author":[{"embeddable":true,"href":"https:\/\/211md.org\/ht\/wp-json\/wp\/v2\/users\/8"}],"replies":[{"embeddable":true,"href":"https:\/\/211md.org\/ht\/wp-json\/wp\/v2\/comments?post=1103"}],"version-history":[{"count":4,"href":"https:\/\/211md.org\/ht\/wp-json\/wp\/v2\/pages\/1103\/revisions"}],"predecessor-version":[{"id":34235,"href":"https:\/\/211md.org\/ht\/wp-json\/wp\/v2\/pages\/1103\/revisions\/34235"}],"up":[{"embeddable":true,"href":"https:\/\/211md.org\/ht\/wp-json\/wp\/v2\/pages\/838"}],"wp:featuredmedia":[{"embeddable":true,"href":"https:\/\/211md.org\/ht\/wp-json\/wp\/v2\/media\/2081"}],"wp:attachment":[{"href":"https:\/\/211md.org\/ht\/wp-json\/wp\/v2\/media?parent=1103"}],"curies":[{"name":"wp","href":"https:\/\/api.w.org\/{rel}","templated":true}]}}