{"id":1104,"date":"2021-04-19T14:40:22","date_gmt":"2021-04-19T14:40:22","guid":{"rendered":"https:\/\/211md.org\/?page_id=1104"},"modified":"2026-01-28T09:04:55","modified_gmt":"2026-01-28T14:04:55","slug":"asistans-pou-depans-medikal","status":"publish","type":"page","link":"https:\/\/211md.org\/ht\/resources\/health-care\/medical-expense-assistance\/","title":{"rendered":"Jwenn \u00e8d ak b\u00f2dwo medikal ak depans"},"content":{"rendered":"<p>\u00c8ske ou gen yon depans medikal ke ou pa kapab peye? Ou pa pou kont ou. Maryland ak \u00f2ganizasyon nasyonal yo ka ede konpanse k\u00e8k nan depans medikal ou yo, medyat\u00e8 diskisyon b\u00f2dwo oswa refi swen, oswa bay ekipman medikal gratis.<\/p>\n<h2>\u00c8d Finansye<\/h2>\n<p>Premy\u00e8man, pale ak founis\u00e8 swen sante ou sou pwogram asistans finansye. Anpil lopital gen pwogram pasyan pou ede diminye b\u00f2dwo medikal yo. Mande sou politik asistans finansye founis\u00e8 a pou aprann sou detay ak kondisyon elijiblite pou swen.<\/p>\n<p>Pou egzanp, la <a href=\"https:\/\/www.umms.org\/ummc\/patients-visitors\/for-patients\/financial-assistance\" target=\"_blank\" rel=\"noopener\">University of Maryland Medical Center<\/a> ka ede pasyan yo jwenn s\u00e8vis gratis oswa a pi ba pri si yo pa kapab peye pou tout oswa yon pati nan swen lopital yo.<\/p>\n<p>Lopital la gade kapasite w pou peye pou swen an, sa enkli revni kay la ak kantite fanmi an.<\/p>\n<p>Lopital la kapab ede w aplike pou pwoteksyon atrav\u00e8 Medicaid oswa <a href=\"https:\/\/211md.org\/ht\/resous-yo\/swen-sante\/asirans-sante\/\">Maryland Health Connection.<\/a><\/p>\n<p>Anplis b\u00f2dwo medikal yo, medikaman sou preskripsyon yo ka koute tou. Si dokt\u00e8 ou preskri yon medikaman ou pa kapab peye, genyen <a href=\"https:\/\/211md.org\/ht\/resous-yo\/swen-sante\/preskripsyon\/\">pwogram medikaman sou preskripsyon ki ka ede nan famasi Maryland k ap patisipe yo<\/a>.<\/p>\n<p>Ou ka ch\u00e8che tou baz done resous 211 pou pwogram ak \u00f2ganizasyon lokal ki ka ede.<\/p>\n<ul>\n<li><a href=\"https:\/\/search.211md.org\/search?query=Medical%20Bill%20Assistance&amp;query_type=text\" target=\"_blank\" rel=\"noopener\">Asistans b\u00f2dwo medikal<\/a><\/li>\n<li><a href=\"https:\/\/search.211md.org\/search?query=LH-5100.6500&amp;query_type=taxonomy&amp;query_label=\" target=\"_blank\" rel=\"noopener\">Asistans Medikaman Preskripsyon<\/a><\/li>\n<\/ul>\n<figure itemscope itemtype=\"https:\/\/schema.org\/ImageObject\">\n\t\t\t\t<img decoding=\"async\" src=\"https:\/\/211md.org\/wp-content\/uploads\/2021\/05\/Elderly-Couple-Medication.png\" alt=\"Koup granmoun aje kap enkyete sou papye medikaman\" height=\"348\" width=\"460\" title=\"Medikaman pou granmoun aje\" onerror=\"this.style.display='none'\" loading=\"lazy\" \/>\n\t<\/figure>\n\t<h3>\u00a0Medyasyon yon konfli medikal<\/h3>\n<p>Si w pa ka rezoud b\u00f2dwo medikal la ak founis\u00e8 w la oswa si w pa gen yon l\u00f2t pwobl\u00e8m medikal, Inite Edikasyon ak Defans Sante Pwokir\u00e8 Jeneral Maryland (HEAU) ka anmezi medyat\u00e8 sitiyasyon an gratis. Yo ka ede ak:<\/p>\n<ul>\n<li>diskisyon b\u00f2dwo medikal<\/li>\n<li>b\u00f2dwo medikal sipriz ki soti nan yon etablisman swen ijans ki pa nan rezo a oswa yon founis\u00e8 nan yon lopital oswa yon sant operasyon ki nan rezo a.<\/li>\n<li>te resevwa yon b\u00f2dwo ki pi wo pase estimasyon an b\u00f2n fwa<\/li>\n<li>yon lopital Maryland te faktire pou yon fr\u00e8 etablisman pou pasyan ekst\u00e8n men li pa t resevwa yon divilgasyon sou fr\u00e8 a anvan randevou medikal la.<\/li>\n<li>diskisyon ekipman medikal<\/li>\n<li>enkapasite pou jwenn dosye medikal oswa kopi yo<\/li>\n<li>refi pwoteksyon plan sante prive pou tout oswa yon pati nan swen<\/li>\n<li>navige nan pwogram asistans finansye yon lopital<\/li>\n<li>refize asistans finansye oswa opsyon peman rezonab nan yon lopital Maryland<\/li>\n<li>mete fen nan plan sante prive<\/li>\n<li>yo te refize enskripsyon nan yon Plan Sante Kalifye oswa yo te refize Kredi Taks Prim Avanse oswa Rediksyon Pri Pataje pa Maryland Health Connection<\/li>\n<\/ul>\n<p><a href=\"https:\/\/www.marylandattorneygeneral.gov\/Pages\/CPD\/HEAU\/default.aspx\" target=\"_blank\" rel=\"noopener\">Ch\u00e8che konnen si sitiyasyon medikal ou kalifye pou s\u00e8vis medyasyon gratis<\/a>.<\/p>\n<h3>Maladi kwonik ak ra \u00e8d finansye<\/h3>\n<p>Si ou espere f\u00e8 depans medikal kontiny\u00e8l ak\u00f2z yon maladi kwonik oswa yon maladi ra, ou ka aplike pou asistans atrav\u00e8 founis\u00e8 ou epi tou kontakte \u00f2ganizasyon nasyonal san bi likratif ki ka ede.<\/p>\n<p>La <a href=\"https:\/\/www.panfoundation.org\/about-pan\/\" target=\"_blank\" rel=\"noopener\">Fondasyon PAN<\/a> ede pasyan ki gen asirans federal ak kom\u00e8syal yo jwenn medikaman ak swen yo bezwen pou maladi ki menase lavi, kwonik ak maladi ra. \u00d2ganizasyon an ede ak depans pou medikaman sou preskripsyon ak tretman tou.<\/p>\n<p>Depi 2004, yo te bay $4 milya nan asistans finansye a plis pase yon milyon pasyan ki pa gen asirans.<\/p>\n<p>La <a href=\"https:\/\/www.healthwellfoundation.org\/patients\/\" target=\"_blank\" rel=\"noopener\">HealthWell Foundation<\/a> kapab ede tou moun ki elijib yo ak kopeman, prim, dediktib, ak l\u00f2t depans pou operasyon, sipleman, ak founiti. \u00d2ganizasyon an gen yon kantite <a href=\"https:\/\/www.healthwellfoundation.org\/disease-funds\/\" target=\"_blank\" rel=\"noopener\">Fon Maladi<\/a> ki sip\u00f2te moun ki gen s\u00e8ten maladi.<\/p>\n<p><a href=\"https:\/\/www.cancercare.org\/financial_assistance\" target=\"_blank\" rel=\"noopener\">Kans\u00e8<em>Swen<\/em><\/a> tou bay asistans finansye ak travay ak \u00f2ganizasyon atrav\u00e8 peyi a ki ka ede ak depans pou swen kans\u00e8. <a href=\"https:\/\/www.cancercare.org\/financial\" target=\"_blank\" rel=\"noopener\">Pwogram finansye<\/a> varye selon kalite kans\u00e8 ou genyen ak pa rejyon an. La <a href=\"https:\/\/www.cancercare.org\/copayfoundation\" target=\"_blank\" rel=\"noopener\">pwogram asistans kopeman<\/a> kouvri s\u00e8ten dyagnostik kans\u00e8.<\/p>\n<p>Ou ka mande founis\u00e8 w la tou si yo gen yon politik asistans finansye pou kouvri depans swen kontiny\u00e8l yo.<\/p>\n<h2>Ekipman medikal gratis<\/h2>\n<p>Ekipman medikal dirab kapab ch\u00e8 si ou gen pou achte l. L\u00e8 w bezwen li s\u00e8lman pou yon ti tan, li ka pa vo achte l, oswa ou ka pa kapab peye pri a si konpayi asirans ou a pa kouvri li.<\/p>\n<p>L\u00e8 yo bezwen ekipman medikal alont\u00e8m, Medicare, Medicaid, konpayi asirans ou a ta dwe ede konpanse pri a.<\/p>\n<p>Si se pa ka a, ou ka jwenn itilize ak renovasyon ekipman medikal nan la <a href=\"https:\/\/aging.maryland.gov\/pages\/DME.aspx\" target=\"_blank\" rel=\"noopener\">Pwogram Re-Itilizasyon Ekipman Medikal Dirab Maryland<\/a> (DME). Se Depatman Aje ki dirije li, men li disponib pou tout moun nan Maryland, k\u00e8lkeswa laj yo.<\/p>\n<p>Maryland Department of Aging te diskite sou fason pwogram sa a fonksyone <a href=\"https:\/\/211md.org\/ht\/episode-16-md-depatman-aje\/\">Epizod 16 nan Ki sa ki 211 la? podcast<\/a>.<\/p>\n<p>Ajans la te di ke li itilize terapis okipasyon\u00e8l ak fizik pou matche ekipman an ak yon moun byen. Yo asire gwos\u00e8 a apwopriye pou yon moun ki baze sou bezwen yo, wot\u00e8, pwa ak nenp\u00f2t l\u00f2t fakt\u00e8. Sa ede asire sekirite.<\/p>\n<p>Ou ka mande ekipman tankou baton, beki, mache, ray kabann, ch\u00e8z douch, ch\u00e8z woulant, asans\u00e8 mekanik, scooter elektrik ak kabann lopital lakay ou. Envant\u00e8 varye, kidonk ou dwe soum\u00e8t yon demann.<\/p>\n<p><a href=\"https:\/\/aging.maryland.gov\/pages\/DME.aspx\" target=\"_blank\" rel=\"noopener\">Jwenn kote DME Maryland epi mande f\u00f2m pou ekipman an<\/a>.<\/p>\n\t<h3>Maryland Loan Clots<\/h3>\n<p>Ou ka jwenn tou ekipman medikal oswa teknoloji asistans tanpor\u00e8man, atrav\u00e8 yon kloz\u00e8t pr\u00e8 kominot\u00e8.<\/p>\n<p>Ou ka jwenn ch\u00e8z woulant, kabann lopital, ch\u00e8z douch, asans\u00e8 twal\u00e8t, ray kabann, mache, beki, baton ak l\u00f2t ekipman medikal dirab ou ka bezwen.<\/p>\n<p>Atik yo varye, e pif\u00f2 yo bay gratis oswa prete ak yon depo sekirite ranbousab.<\/p>\n<p>Pou egzanp, nan\u00a0<a href=\"https:\/\/www.charlescountymd.gov\/services\/aging-and-senior-services\/loan-closet-for-durable-medical-equipment\" target=\"_blank\" rel=\"noopener\">Konte Charles<\/a>, kloz\u00e8t pr\u00e8 a p\u00e8m\u00e8t moun yo prete ekipman pou 90 jou. Ekstansyon yo bay sou yon baz ka-pa-ka, tou depann de envant\u00e8 kloz\u00e8t pr\u00e8 a.<\/p>\n<p>Nan\u00a0<a href=\"https:\/\/www.howardcountymd.gov\/disability-services\" target=\"_blank\" rel=\"noopener\">Konte Howard<\/a>, Maryland Department of Aging ap bay kabann lopital ak ch\u00e8z motorize atrav\u00e8 kloz\u00e8t pr\u00e8 Howard County a. Ekipman an aksesib tou pou moun ki abite nan l\u00f2t konte tankou Anne Arundel, Baltimore, Carroll, Frederick, Montgomery ak Konte Prince George.<\/p>\n<p>Si ou pa ka ranmase ekipman an, livrezon gratis disponib atrav\u00e8\u00a0<a href=\"https:\/\/www.howardcountymd.gov\/News051822d\" target=\"_blank\" rel=\"noopener\">Sou ent\u00e8n\u00e8t jw\u00e8t Vwazen woulib<\/a> nan Konte Howard.<\/p>\n<p>Depi Howard County Loan Closet te louvri an 2004, li te distribye plis pase 35,000 py\u00e8s ekipman.\u00a0<a href=\"https:\/\/www.howardcountymd.gov\/disability-services\/loan-closet-equipment\" target=\"_blank\" rel=\"noopener\">Gade ekipman medikal akty\u00e8l la nan Howard County Loan Closet<\/a>.<\/p>\n<p>Jwenn yon founis\u00e8 lokal l\u00e8 w ch\u00e8che baz done 211 la:<\/p>\n<ul>\n<li><a href=\"https:\/\/search.211md.org\/search?query=Medical%20Equipment%20Supplies&amp;query_type=text\" target=\"_blank\" rel=\"noopener\">Ekipman Medikal \/ Founiti<\/a><\/li>\n<li><a href=\"https:\/\/search.211md.org\/search?query=Loan%20Closet&amp;query_type=text\" target=\"_blank\" rel=\"noopener\">Pr\u00e8 Medikal kloz\u00e8t<\/a> (prete ekipman medikal)<\/li>\n<\/ul>\n<h3>Bay Ekipman Medikal<\/h3>\n<p>Si yon manm fanmi an pa bezwen ekipman medikal dirab tankou yon baton, beki, oswa mache, ou ka bay li pou ede yon l\u00f2t moun ki nan bezwen. Bay yon kloz\u00e8t pr\u00e8 kominot\u00e8 oswa Maryland Durable Medical Equipment Re-Use Program (DME) atrav\u00e8 Depatman Aje.<\/p>\n<p>Yon fwa Depatman Aje resevwa yon don, ekipman an dezenfekte, repare ak redistribiye.<\/p>\n<figure itemscope itemtype=\"https:\/\/schema.org\/ImageObject\">\n\t\t\t\t<img decoding=\"async\" src=\"https:\/\/211md.org\/wp-content\/uploads\/2022\/09\/howard-county-loan-closet-for-medical-equipment.jpg\" alt=\"kloz\u00e8t pr\u00e8 Howard County pou ekipman medikal\" height=\"683\" width=\"1024\" title=\"howard-county-loan-kloz\u00e8t-pou-ekipman-medikal\" onerror=\"this.style.display='none'\" loading=\"lazy\" \/>\n\t\t<figcaption>Koutwazi foto: Gouv\u00e8nman Konte Howard<\/figcaption>\n\t<\/figure>\n<h2>Enf\u00f2masyon ki gen rap\u00f2<\/h2>\n<p><a href=\"\/ht\/resous-yo\/swen-sante\/medikal\/\">Medicare<\/a><\/p>\n<p><a href=\"\/ht\/resous-yo\/swen-sante\/eliminasyon-dwog\/\">Dispozisyon Medikaman Preskripsyon Maryland<\/a><\/p>\n<p><a title=\"Swen Dant\u00e8\" href=\"\/ht\/resous-yo\/swen-sante\/swen-dante\/\">Swen Dant\u00e8<\/a><\/p>\n<p><a title=\"Preskripsyon\" href=\"\/ht\/resous-yo\/swen-sante\/preskripsyon\/\">Preskripsyon<\/a><\/p>\n<p><a href=\"\/ht\/resous-yo\/swen-sante\/medicaid\/\">Medicaid<\/a><\/p>\n<p><a title=\"Asirans Sante\" href=\"\/ht\/resous-yo\/swen-sante\/asirans-sante\/\">Asirans Sante<\/a><\/p>\n<p><a title=\"Asistans pou depans medikal\" href=\"\/ht\/resous-yo\/swen-sante\/asistans-pou-depans-medikal\/\">Asistans pou depans medikal<\/a><\/p>\n\t\t<h4><a href=\"\/ht\/resous-yo\/aje-andikap\/?utm_source=Home&#038;utm_medium=Referral&#038;utm_campaign=211Resources&#038;utm_content=Aging\" target=\"_self\">Aje ak Andikap<\/a><\/h4><figure itemscope itemtype=\"https:\/\/schema.org\/ImageObject\">\n\t\t\t\t<a href=\"\/ht\/resous-yo\/aje-andikap\/?utm_source=Home&#038;utm_medium=Referral&#038;utm_campaign=211Resources&#038;utm_content=Aging\"  target=\"_self\" itemprop=\"url\">\n\t\t\t\t<img decoding=\"async\" src=\"https:\/\/211md.org\/wp-content\/uploads\/bb-plugin\/cache\/2025_MdInfoNet_Icon-Sets_Aging-disability-square-c466727102cae71e5f27b8539bb51945-.png\" alt=\"\" onerror=\"this.style.display='none'\" loading=\"lazy\" \/>\n\t\t\t\t<\/a>\n\t<\/figure>\n\t\t<h4><a href=\"\/ht\/resous-yo\/timoun-fanmi-yo\/?utm_source=Home&#038;utm_medium=Referral&#038;utm_campaign=211Resources&#038;utm_content=Children\" target=\"_self\">Timoun ak Fanmi<\/a><\/h4><figure itemscope itemtype=\"https:\/\/schema.org\/ImageObject\">\n\t\t\t\t<a href=\"\/ht\/resous-yo\/timoun-fanmi-yo\/?utm_source=Home&#038;utm_medium=Referral&#038;utm_campaign=211Resources&#038;utm_content=Children\"  target=\"_self\" itemprop=\"url\">\n\t\t\t\t<img decoding=\"async\" src=\"https:\/\/211md.org\/wp-content\/uploads\/bb-plugin\/cache\/2025_211_Icon-Sets_Child-care-square-f3b0d4edab3dcc467fadb5f55f4064c6-.png\" alt=\"parent and child icon for child care\" height=\"417\" width=\"417\" title=\"2025_211_Ansanm Ik\u00f2n_Swen Timoun\" onerror=\"this.style.display='none'\" loading=\"lazy\" \/>\n\t\t\t\t<\/a>\n\t<\/figure>\n\t\t<h4><a href=\"\/ht\/resous-yo\/vyolans-familyal-domestik\/?utm_source=Home&#038;utm_medium=Referral&#038;utm_campaign=211Resources&#038;utm_content=Domestic\" target=\"_self\">Vyolans domestik<\/a><\/h4><figure itemscope itemtype=\"https:\/\/schema.org\/ImageObject\">\n\t\t\t\t<a href=\"\/ht\/resous-yo\/vyolans-familyal-domestik\/?utm_source=Home&#038;utm_medium=Referral&#038;utm_campaign=211Resources&#038;utm_content=Domestic\"  target=\"_self\" itemprop=\"url\">\n\t\t\t\t<img decoding=\"async\" src=\"https:\/\/211md.org\/wp-content\/uploads\/bb-plugin\/cache\/2025_211_Icon-Sets_Domestic-Violence-square-7b597694a6f05fe90cdc376aa573bc63-.png\" alt=\"House with a heart in the middle icon\" height=\"417\" width=\"417\" title=\"2025_211_Ansanm Ik\u00f2n_Vyolans Domestik\" onerror=\"this.style.display='none'\" loading=\"lazy\" \/>\n\t\t\t\t<\/a>\n\t<\/figure>\n\t\t<h4><a href=\"\/ht\/resous-yo\/rechech-travay\/?utm_source=Home&#038;utm_medium=Referral&#038;utm_campaign=211Resources&#038;utm_content=Employment\" target=\"_self\">Travay<\/a><\/h4><figure itemscope itemtype=\"https:\/\/schema.org\/ImageObject\">\n\t\t\t\t<a href=\"\/ht\/resous-yo\/rechech-travay\/?utm_source=Home&#038;utm_medium=Referral&#038;utm_campaign=211Resources&#038;utm_content=Employment\"  target=\"_self\" itemprop=\"url\">\n\t\t\t\t<img decoding=\"async\" src=\"https:\/\/211md.org\/wp-content\/uploads\/bb-plugin\/cache\/2025_MdInfoNet_Icon-Sets_Employment-square-44707bd410e4df10a470bf130ebcea86-.png\" alt=\"\" onerror=\"this.style.display='none'\" loading=\"lazy\" \/>\n\t\t\t\t<\/a>\n\t<\/figure>\n\t\t<h4><a href=\"\/ht\/resous-yo\/swen-sante\/?utm_source=Home&#038;utm_medium=Referral&#038;utm_campaign=211Resources&#038;utm_content=Health%20Care\" target=\"_self\">Swen Sante<\/a><\/h4><figure itemscope itemtype=\"https:\/\/schema.org\/ImageObject\">\n\t\t\t\t<a href=\"\/ht\/resous-yo\/swen-sante\/?utm_source=Home&#038;utm_medium=Referral&#038;utm_campaign=211Resources&#038;utm_content=Health%20Care\"  target=\"_self\" itemprop=\"url\">\n\t\t\t\t<img decoding=\"async\" src=\"https:\/\/211md.org\/wp-content\/uploads\/bb-plugin\/cache\/2025_MdInfoNet_Icon-Sets_Health-Care-square-dee98a0060cbe0e7f27eda253fc12679-.png\" alt=\"\" onerror=\"this.style.display='none'\" loading=\"lazy\" \/>\n\t\t\t\t<\/a>\n\t<\/figure>\n\t\t<h4><a href=\"\/ht\/resous-yo\/timoun-fanmi-yo\/swen-fanmi\/?utm_source=Home&#038;utm_medium=Referral&#038;utm_campaign=211Resources&#038;utm_content=Kinship\" target=\"_self\">Parente<\/a><\/h4><figure itemscope itemtype=\"https:\/\/schema.org\/ImageObject\">\n\t\t\t\t<a href=\"\/ht\/resous-yo\/timoun-fanmi-yo\/swen-fanmi\/?utm_source=Home&#038;utm_medium=Referral&#038;utm_campaign=211Resources&#038;utm_content=Kinship\"  target=\"_self\" itemprop=\"url\">\n\t\t\t\t<img decoding=\"async\" src=\"https:\/\/211md.org\/wp-content\/uploads\/bb-plugin\/cache\/2025_211_Icon-Sets_Kinship-square-45bdf872866f5735f842c32071109267-.png\" alt=\"Ik\u00f2n fanmi\" height=\"417\" width=\"417\" title=\"2025_211_Ansanm Ik\u00f2n_Fanmitay\" onerror=\"this.style.display='none'\" loading=\"lazy\" \/>\n\t\t\t\t<\/a>\n\t<\/figure>\n\t\t<h4><a href=\"\/ht\/resous-yo\/sevis-legal-yo\/?utm_source=Home&#038;utm_medium=Referral&#038;utm_campaign=211Resources&#038;utm_content=Legal\" target=\"_self\">S\u00e8vis Legal<\/a><\/h4><figure itemscope itemtype=\"https:\/\/schema.org\/ImageObject\">\n\t\t\t\t<a href=\"\/ht\/resous-yo\/sevis-legal-yo\/?utm_source=Home&#038;utm_medium=Referral&#038;utm_campaign=211Resources&#038;utm_content=Legal\"  target=\"_self\" itemprop=\"url\">\n\t\t\t\t<img decoding=\"async\" src=\"https:\/\/211md.org\/wp-content\/uploads\/bb-plugin\/cache\/2025_MdInfoNet_Icon-Sets_Legal-square-18fdf438feb8435588174d9046463257-.png\" alt=\"\" onerror=\"this.style.display='none'\" loading=\"lazy\" \/>\n\t\t\t\t<\/a>\n\t<\/figure>\n\t\t<h4><a href=\"\/ht\/resous-yo\/sante-mantal\/?utm_source=Home&#038;utm_medium=Referral&#038;utm_campaign=211Resources&#038;utm_content=Mental\" target=\"_self\">Sante mantal<\/a><\/h4><figure itemscope itemtype=\"https:\/\/schema.org\/ImageObject\">\n\t\t\t\t<a href=\"\/ht\/resous-yo\/sante-mantal\/?utm_source=Home&#038;utm_medium=Referral&#038;utm_campaign=211Resources&#038;utm_content=Mental\"  target=\"_self\" itemprop=\"url\">\n\t\t\t\t<img decoding=\"async\" src=\"https:\/\/211md.org\/wp-content\/uploads\/bb-plugin\/cache\/2025_MdInfoNet_Icon-Sets_Mental-Health-square-c59b38c4a993a947d4c9280fbe2d2fee-.png\" alt=\"\" onerror=\"this.style.display='none'\" loading=\"lazy\" \/>\n\t\t\t\t<\/a>\n\t<\/figure>\n\t\t<h4><a href=\"\/ht\/resous-yo\/mdreentry\/?utm_source=Home&#038;utm_medium=Referral&#038;utm_campaign=211Resources&#038;utm_content=Reentry\" target=\"_self\">Reantre<\/a><\/h4><figure itemscope itemtype=\"https:\/\/schema.org\/ImageObject\">\n\t\t\t\t<a href=\"\/ht\/resous-yo\/mdreentry\/?utm_source=Home&#038;utm_medium=Referral&#038;utm_campaign=211Resources&#038;utm_content=Reentry\"  target=\"_self\" itemprop=\"url\">\n\t\t\t\t<img decoding=\"async\" src=\"https:\/\/211md.org\/wp-content\/uploads\/bb-plugin\/cache\/2025_211_Icon-Sets_Reentry-square-8676fea38abd920a832f45642fe31cca-.png\" alt=\"Ik\u00f2n Reantre\" height=\"417\" width=\"417\" title=\"2025_211_Ansanm Ik\u00f2n_Reantre\" onerror=\"this.style.display='none'\" loading=\"lazy\" \/>\n\t\t\t\t<\/a>\n\t<\/figure>\n\t\t<h4><a href=\"\/ht\/resous-yo\/itilizasyon-sibstans\/?utm_source=Home&#038;utm_medium=Referral&#038;utm_campaign=211Resources&#038;utm_content=Substance\" target=\"_self\">Itilizasyon sibstans<\/a><\/h4><figure itemscope itemtype=\"https:\/\/schema.org\/ImageObject\">\n\t\t\t\t<a href=\"\/ht\/resous-yo\/itilizasyon-sibstans\/?utm_source=Home&#038;utm_medium=Referral&#038;utm_campaign=211Resources&#038;utm_content=Substance\"  target=\"_self\" itemprop=\"url\">\n\t\t\t\t<img decoding=\"async\" src=\"https:\/\/211md.org\/wp-content\/uploads\/bb-plugin\/cache\/2025_MdInfoNet_Icon-Sets_Substance-Abuse-square-9022fec9d18a64118ad685c101885b55-.png\" alt=\"\" onerror=\"this.style.display='none'\" loading=\"lazy\" \/>\n\t\t\t\t<\/a>\n\t<\/figure>\n\t\t<h4><a href=\"\/ht\/resous-yo\/veteran-yo\/?utm_source=Home&#038;utm_medium=Referral&#038;utm_campaign=211Resources&#038;utm_content=Veterans\" target=\"_self\">Veteran yo<\/a><\/h4><figure itemscope itemtype=\"https:\/\/schema.org\/ImageObject\">\n\t\t\t\t<a href=\"\/ht\/resous-yo\/veteran-yo\/?utm_source=Home&#038;utm_medium=Referral&#038;utm_campaign=211Resources&#038;utm_content=Veterans\"  target=\"_self\" itemprop=\"url\">\n\t\t\t\t<img decoding=\"async\" src=\"https:\/\/211md.org\/wp-content\/uploads\/bb-plugin\/cache\/2025_MdInfoNet_Icon-Sets_Rating-square-6e60d00cce4faa8e0a6d4ad7366aa733-.png\" alt=\"\" onerror=\"this.style.display='none'\" loading=\"lazy\" \/>\n\t\t\t\t<\/a>\n\t<\/figure>\n\t<h2>Jwenn bon resous yo<\/h2>\n<p>Ki sa nou ka ede w av\u00e8k jodi a?<\/p>\n\t<meta name=\"algolia-site-verification\"  content=\"577A0FE2E1B79863\" \/>","protected":false},"excerpt":{"rendered":"<p>\u00c8ske ou gen yon depans medikal ke ou pa kapab peye? Ou pa pou kont ou. Maryland ak \u00f2ganizasyon nasyonal yo ka ede konpanse k\u00e8k nan depans medikal ou yo, medyat\u00e8 diskisyon b\u00f2dwo oswa refi swen, oswa bay ekipman medikal gratis. \u00c8d Finansye Premy\u00e8man, pale ak founis\u00e8 swen sante w sou pwogram asistans finansye. Anpil lopital gen...<\/p>","protected":false},"author":8,"featured_media":2105,"parent":838,"menu_order":0,"comment_status":"closed","ping_status":"closed","template":"","meta":{"footnotes":""},"class_list":["post-1104","page","type-page","status-publish","has-post-thumbnail","hentry"],"_links":{"self":[{"href":"https:\/\/211md.org\/ht\/wp-json\/wp\/v2\/pages\/1104","targetHints":{"allow":["GET"]}}],"collection":[{"href":"https:\/\/211md.org\/ht\/wp-json\/wp\/v2\/pages"}],"about":[{"href":"https:\/\/211md.org\/ht\/wp-json\/wp\/v2\/types\/page"}],"author":[{"embeddable":true,"href":"https:\/\/211md.org\/ht\/wp-json\/wp\/v2\/users\/8"}],"replies":[{"embeddable":true,"href":"https:\/\/211md.org\/ht\/wp-json\/wp\/v2\/comments?post=1104"}],"version-history":[{"count":4,"href":"https:\/\/211md.org\/ht\/wp-json\/wp\/v2\/pages\/1104\/revisions"}],"predecessor-version":[{"id":34219,"href":"https:\/\/211md.org\/ht\/wp-json\/wp\/v2\/pages\/1104\/revisions\/34219"}],"up":[{"embeddable":true,"href":"https:\/\/211md.org\/ht\/wp-json\/wp\/v2\/pages\/838"}],"wp:featuredmedia":[{"embeddable":true,"href":"https:\/\/211md.org\/ht\/wp-json\/wp\/v2\/media\/2105"}],"wp:attachment":[{"href":"https:\/\/211md.org\/ht\/wp-json\/wp\/v2\/media?parent=1104"}],"curies":[{"name":"wp","href":"https:\/\/api.w.org\/{rel}","templated":true}]}}