{"id":1105,"date":"2021-04-19T14:42:46","date_gmt":"2021-04-19T14:42:46","guid":{"rendered":"https:\/\/211md.org\/?page_id=1105"},"modified":"2025-10-03T22:52:11","modified_gmt":"2025-10-04T02:52:11","slug":"preskripsyon","status":"publish","type":"page","link":"https:\/\/211md.org\/ht\/resources\/health-care\/prescriptions\/","title":{"rendered":"Preskripsyon"},"content":{"rendered":"<p>Si w bezwen \u00e8d pou ranpli yon preskripsyon, gen eta, pwogram asistans pasyan pharmaceutique ak gwoup lokal san bi likratif ki ka diminye pri medikaman an. Rele 211 pou jwenn pi bon resous pou sitiyasyon w.<\/p>\n<p>Ou kapab tou&nbsp;<a href=\"https:\/\/search.211md.org\/search?query=prescription+medication&amp;query_type=text&amp;query_language=en\" target=\"_blank\" rel=\"noopener\">jwenn pwogram asistans pou medikaman sou preskripsyon nan baz done 211 la<\/a>.<\/p>\n\t<h3><b>Rab\u00e8 Medikaman<\/b><\/h3>\n<p>Maryland Rx Card la se yon pwogram rab\u00e8 gratis ki bay rab\u00e8 medikaman nan famasi k ap patisipe yo.<\/p>\n<p>Pa gen okenn fr\u00e8 enskripsyon, kondisyon elijiblite epi pa gen f\u00f2m pou ranpli. Enprime, voye t\u00e8ks oswa im\u00e8l kat yo pou t\u00e8t ou.&nbsp;<a href=\"https:\/\/marylandrxcard.com\/create\" target=\"_blank\" rel=\"noopener\">Jwenn yon Maryland Rx Kat<\/a>.<\/p>\n<p>Genyen tou l\u00f2t kat epay medikaman sou preskripsyon ki disponib nan tout Maryland. Pale ak dokt\u00e8 w, famasyen oswa&nbsp;<a href=\"https:\/\/search.211md.org\/search?query=prescription+medication&amp;query_type=text&amp;query_language=en\" target=\"_blank\" rel=\"noopener\">ch\u00e8che baz done 211 Maryland pou jwenn l\u00f2t pwogram<\/a>.<\/p>\n<p>Si w se granmoun aje, Pwogram Asistans Medikaman Preskripsyon (SPDAP) se yon sibvansyon yo ofri pou moun ki abite Maryland ki gen revni modere ki elijib pou Medicare epi ki enskri nan yon plan pou medikaman sou preskripsyon.&nbsp;<a href=\"http:\/\/marylandspdap.com\/\" target=\"_blank\" rel=\"noopener\">Aprann plis<\/a>&nbsp;sou direktiv kalifikasyon pou pwogram sa a.<\/p>\n\t\t\t\t<img loading=\"lazy\" decoding=\"async\" src=\"https:\/\/211md.org\/wp-content\/uploads\/2021\/05\/Pharmacist.png\" alt=\"Famasyen kenbe medikaman ak yon telef\u00f2n\" itemprop=\"image\" height=\"348\" width=\"460\" title=\"Famasyen\" onerror=\"this.style.display='none'\">\n\t<h3><b>Jwenn Pwogram Asistans Pasyan&nbsp;<\/b><\/h3>\n<p>Pou jwenn l\u00f2t pwogram asistans piblik ak prive, ch\u00e8che nan&nbsp;<a href=\"https:\/\/medicineassistancetool.org\/\" target=\"_blank\" rel=\"noopener\">Zouti Asistans Medikaman<\/a>&nbsp;(MAT). Zouti a koresponn pasyan ki gen resous ak pwogram pataje pri ki ka diminye depans ki soti nan p\u00f2ch yo, menm si ou gen asirans.<\/p>\n<p>Anpil konpayi dw\u00f2g ofri medikaman gratis oswa a pri ki ba pou moun ki pa gen asirans ki pa gen mwayen pou medikaman yo. W ap bezwen kontakte chak Pwogram Asistans Pasyan pou jwenn direktiv kalifikasyon yo.<\/p>\n<p>&nbsp;<\/p>\n<h3><b>\u00c8d Finansye Pou Preskripsyon<\/b><\/h3>\n<p>Legliz lokal yo ak gwoup san bi likratif yo ka kapab tou bay asistans finansye pou konpanse depans medikaman yo. Rele 211 pou jwenn yon pwogram lokal oswa <a href=\"https:\/\/search.211md.org\/search?query=Financial%20Assistance%20Health%20Conditions&amp;query_type=text&amp;query_language=en\" target=\"_blank\" rel=\"noopener\">ch\u00e8che baz done a.<\/a><\/p>\n<h2>Enf\u00f2masyon ki gen rap\u00f2<\/h2>\n<p><a href=\"\/ht\/resous-yo\/swen-sante\/medikal\/\">Medicare<\/a><\/p>\n<p><a href=\"\/ht\/resous-yo\/swen-sante\/eliminasyon-dwog\/\">Dispozisyon Medikaman Preskripsyon Maryland<\/a><\/p>\n<p><a title=\"Swen Dant\u00e8\" href=\"\/ht\/resous-yo\/swen-sante\/swen-dante\/\">Swen Dant\u00e8<\/a><\/p>\n<p><a title=\"Preskripsyon\" href=\"\/ht\/resous-yo\/swen-sante\/preskripsyon\/\">Preskripsyon<\/a><\/p>\n<p><a href=\"\/ht\/resous-yo\/swen-sante\/medicaid\/\">Medicaid<\/a><\/p>\n<p><a title=\"Asirans Sante\" href=\"\/ht\/resous-yo\/swen-sante\/asirans-sante\/\">Asirans Sante<\/a><\/p>\n<p><a title=\"Asistans pou depans medikal\" href=\"\/ht\/resous-yo\/swen-sante\/asistans-pou-depans-medikal\/\">Asistans pou depans medikal<\/a><\/p>\n<h2>\n\t\tJwenn Resous\n\t<\/h2>\n\t\t\t\t<a href=\"\/ht\/resous-yo\/aje-andikap\/\" target=\"_self\" itemprop=\"url\" rel=\"noopener\">\n\t\t\t\t<img loading=\"lazy\" decoding=\"async\" src=\"https:\/\/211md.org\/wp-content\/uploads\/bb-plugin\/cache\/Mask-Group-41@2x-circle-73eaadba4cad8269faa4720e25cf1c85-.png\" alt=\"Pye yon fanm ki pi gran ak yon ti fi k ap mache ansanm\" itemprop=\"image\" height=\"500\" width=\"500\" title=\"S\u00e8vis Enfimite\" onerror=\"this.style.display='none'\">\n\t\t\t\t<\/a>\n\t\t<h3><a href=\"\/ht\/resous-yo\/aje-andikap\/\" target=\"_self\" rel=\"noopener\">Aje ak Andikap<\/a><\/h3>\t\t\n\t\t\t\t<a href=\"\/ht\/resous-yo\/timoun-fanmi-yo\/\" target=\"_self\" itemprop=\"url\" rel=\"noopener\">\n\t\t\t\t<img loading=\"lazy\" decoding=\"async\" src=\"https:\/\/211md.org\/wp-content\/uploads\/bb-plugin\/cache\/Mask-Group-38@2x-circle-ac40d46265fbec62083cd27f6dcf23b0-.png\" alt=\"Yon j\u00e8n ti gason ak ti fi k ap souri epi gade kamera a\" itemprop=\"image\" height=\"500\" width=\"500\" title=\"Gwoup Mask 38@2x\" onerror=\"this.style.display='none'\">\n\t\t\t\t<\/a>\n\t\t<h3><a href=\"\/ht\/resous-yo\/timoun-fanmi-yo\/\" target=\"_self\" rel=\"noopener\">Timoun ak Fanmi<\/a><\/h3>\t\t\n\t\t\t\t<a href=\"\/ht\/resous-yo\/sant-resous-covid-19\/\" target=\"_self\" itemprop=\"url\" rel=\"noopener\">\n\t\t\t\t<img loading=\"lazy\" decoding=\"async\" src=\"https:\/\/211md.org\/wp-content\/uploads\/bb-plugin\/cache\/Mask-Group-35-circle-1d65595bca7a4e0f07d3d14ca4f42835-.png\" alt=\"Yon gason ak yon fanm koud frape\" itemprop=\"image\" height=\"500\" width=\"500\" title=\"Gwoup Mask 35\" onerror=\"this.style.display='none'\">\n\t\t\t\t<\/a>\n\t\t<h3><a href=\"\/ht\/resous-yo\/sant-resous-covid-19\/\" target=\"_self\" rel=\"noopener\">Resous COVID-19<\/a><\/h3>\t\t\n\t\t\t\t<a href=\"\/ht\/resous-yo\/vyolans-familyal-domestik\/\" target=\"_self\" itemprop=\"url\" rel=\"noopener\">\n\t\t\t\t<img loading=\"lazy\" decoding=\"async\" src=\"https:\/\/211md.org\/wp-content\/uploads\/bb-plugin\/cache\/Mask-Group-39@2x-circle-b2589197a13c791d910f46dd10b27a87-.png\" alt=\"De p\u00e8 men kenbe youn ak l\u00f2t\" itemprop=\"image\" height=\"500\" width=\"500\" title=\"Gwoup Mask 39@2x\" onerror=\"this.style.display='none'\">\n\t\t\t\t<\/a>\n\t\t<h3><a href=\"\/ht\/resous-yo\/vyolans-familyal-domestik\/\" target=\"_self\" rel=\"noopener\">Vyolans Domestik\/ Fanmi<\/a><\/h3>\t\t\n\t\t\t\t<a href=\"\/ht\/resous-yo\/rechech-travay\/\" target=\"_self\" itemprop=\"url\" rel=\"noopener\">\n\t\t\t\t<img loading=\"lazy\" decoding=\"async\" src=\"https:\/\/211md.org\/wp-content\/uploads\/bb-plugin\/cache\/Employment-circle-bf72562329e950df948954f5d3f44b2e-.png\" alt=\"Yon mekanisyen machin\" itemprop=\"image\" height=\"500\" width=\"500\" title=\"Travay\" onerror=\"this.style.display='none'\">\n\t\t\t\t<\/a>\n\t\t<h3><a href=\"\/ht\/resous-yo\/rechech-travay\/\" target=\"_self\" rel=\"noopener\">Travay<\/a><\/h3>\t\t\n\t\t\t\t<a href=\"\/ht\/resous-yo\/swen-sante\/\" target=\"_self\" itemprop=\"url\" rel=\"noopener\">\n\t\t\t\t<img loading=\"lazy\" decoding=\"async\" src=\"https:\/\/211md.org\/wp-content\/uploads\/bb-plugin\/cache\/Mask-Group-35@2x-circle-94be10c13e4adae1683b4589dc2f5b2f-.png\" alt=\"Dokt\u00e8 ap gade janm gason\" itemprop=\"image\" height=\"500\" width=\"500\" title=\"Gwoup Mask 35@2x\" onerror=\"this.style.display='none'\">\n\t\t\t\t<\/a>\n\t\t<h3><a href=\"\/ht\/resous-yo\/swen-sante\/\" target=\"_self\" rel=\"noopener\">Swen Sante<\/a><\/h3>\t\t\n\t\t\t\t<a href=\"\/ht\/resous-yo\/manje\/\" target=\"_self\" itemprop=\"url\" rel=\"noopener\">\n\t\t\t\t<img loading=\"lazy\" decoding=\"async\" src=\"https:\/\/211md.org\/wp-content\/uploads\/bb-plugin\/cache\/Mask-Group-32@2x-circle-1c6d647dcaf998fa079d26735cedc92b-.png\" alt=\"Legim fre\" itemprop=\"image\" height=\"500\" width=\"500\" title=\"Gwoup Mask 32@2x\" onerror=\"this.style.display='none'\">\n\t\t\t\t<\/a>\n\t\t<h3><a href=\"\/ht\/resous-yo\/manje\/\" target=\"_self\" rel=\"noopener\">Manje<\/a><\/h3>\t\t\n\t\t\t\t<a href=\"\/ht\/resous-yo\/abri-lojman\/\" target=\"_self\" itemprop=\"url\" rel=\"noopener\">\n\t\t\t\t<img loading=\"lazy\" decoding=\"async\" src=\"https:\/\/211md.org\/wp-content\/uploads\/bb-plugin\/cache\/Mask-Group-34@2x-circle-b99c55fc16ef21f35e2f2a1f7cc37b9a-.png\" alt=\"Balkon konpl\u00e8ks apatman\" itemprop=\"image\" height=\"500\" width=\"500\" title=\"Apatman-Konpl\u00e8ks\" onerror=\"this.style.display='none'\">\n\t\t\t\t<\/a>\n\t\t<h3><a href=\"\/ht\/resous-yo\/abri-lojman\/\" target=\"_self\" rel=\"noopener\">Lojman &amp; Abri<\/a><\/h3>\t\t\n\t\t\t\t<a href=\"\/ht\/nouvo-nan-nou-ak-maryland\/\" target=\"_self\" itemprop=\"url\" rel=\"noopener\">\n\t\t\t\t<img loading=\"lazy\" decoding=\"async\" src=\"https:\/\/211md.org\/wp-content\/uploads\/bb-plugin\/cache\/American-flag-circle-0016cc327e27ef7aeb080f1da6c6e98b-.jpg\" alt=\"Drapo Ameriken\" itemprop=\"image\" height=\"364\" width=\"1366\" title=\"Ameriken-drapo\" onerror=\"this.style.display='none'\">\n\t\t\t\t<\/a>\n\t\t<h3><a href=\"\/ht\/nouvo-nan-nou-ak-maryland\/\" target=\"_self\" rel=\"noopener\">Imigrasyon<\/a><\/h3>\t\t\n\t\t\t\t<a href=\"\/ht\/resous-yo\/sevis-legal-yo\/\" target=\"_self\" itemprop=\"url\" rel=\"noopener\">\n\t\t\t\t<img loading=\"lazy\" decoding=\"async\" src=\"https:\/\/211md.org\/wp-content\/uploads\/bb-plugin\/cache\/Housing-Legal-circle-9a8f3c1c72c54b6e1ce612d2993c1ad4-.png\" alt=\"Mato legal ak yon mod\u00e8l plastik nan yon kay akote li\" itemprop=\"image\" height=\"348\" width=\"460\" title=\"Lojman Legal\" onerror=\"this.style.display='none'\">\n\t\t\t\t<\/a>\n\t\t<h3><a href=\"\/ht\/resous-yo\/sevis-legal-yo\/\" target=\"_self\" rel=\"noopener\">S\u00e8vis Legal<\/a><\/h3>\t\t\n\t\t\t\t<a href=\"\/ht\/resous-yo\/sante-mantal\/\" target=\"_self\" itemprop=\"url\" rel=\"noopener\">\n\t\t\t\t<img loading=\"lazy\" decoding=\"async\" src=\"https:\/\/211md.org\/wp-content\/uploads\/bb-plugin\/cache\/Mask-Group-40@2x-circle-7bd9426367852fb3d841bc4bdc57a550-.png\" alt=\"Des yon gason ak yon fanm\" itemprop=\"image\" height=\"500\" width=\"500\" title=\"Gwoup Mask 40@2x\" onerror=\"this.style.display='none'\">\n\t\t\t\t<\/a>\n\t\t<h3><a href=\"\/ht\/resous-yo\/sante-mantal\/\" target=\"_self\" rel=\"noopener\">Sante mantal<\/a><\/h3>\t\t\n\t\t\t\t<a href=\"\/ht\/sispann\/\" target=\"_self\" itemprop=\"url\" rel=\"noopener\">\n\t\t\t\t<img loading=\"lazy\" decoding=\"async\" src=\"https:\/\/211md.org\/wp-content\/uploads\/bb-plugin\/cache\/Background-section-MDStophate-circle-08e2bae1cf9f2ad6cc83e01e23da8cb9-.jpg\" alt=\"Jan nou koumanse-seksyon-MDStophate\" itemprop=\"image\" height=\"768\" width=\"1366\" title=\"Jan nou koumanse-seksyon-MDStophate\" onerror=\"this.style.display='none'\">\n\t\t\t\t<\/a>\n\t\t<h3><a href=\"\/ht\/sispann\/\" target=\"_self\" rel=\"noopener\">Sispann Rayi<\/a><\/h3>\t\t\n\t\t\t\t<a href=\"\/ht\/resous-yo\/itilizasyon-sibstans\/\" target=\"_self\" itemprop=\"url\" rel=\"noopener\">\n\t\t\t\t<img loading=\"lazy\" decoding=\"async\" src=\"https:\/\/211md.org\/wp-content\/uploads\/bb-plugin\/cache\/Substance-Use-circle-ad2d564932dc31267e0c32a6fb2d915c-.png\" alt=\"Grenn kraze men yo\" itemprop=\"image\" height=\"500\" width=\"500\" title=\"Sibstans-Itilize\" onerror=\"this.style.display='none'\">\n\t\t\t\t<\/a>\n\t\t<h3><a href=\"\/ht\/resous-yo\/itilizasyon-sibstans\/\" target=\"_self\" rel=\"noopener\">Itilizasyon sibstans<\/a><\/h3>\t\t\n\t\t\t\t<a href=\"\/ht\/resous-yo\/sevis-taks\/\" target=\"_self\" itemprop=\"url\" rel=\"noopener\">\n\t\t\t\t<img loading=\"lazy\" decoding=\"async\" src=\"https:\/\/211md.org\/wp-content\/uploads\/bb-plugin\/cache\/Mask-Group-34-circle-166a606e37e61188c9a17d5e634cda3c-.png\" alt=\"Moun ki ranpli papye taks sou revni\" itemprop=\"image\" height=\"500\" width=\"500\" title=\"Gwoup Mask 34\" onerror=\"this.style.display='none'\">\n\t\t\t\t<\/a>\n\t\t<h3><a href=\"\/ht\/resous-yo\/sevis-taks\/\" target=\"_self\" rel=\"noopener\">S\u00e8vis taks<\/a><\/h3>\t\t\n\t\t\t\t<a href=\"\/ht\/resous-yo\/asistans-sevis-piblik\/\" target=\"_self\" itemprop=\"url\" rel=\"noopener\">\n\t\t\t\t<img loading=\"lazy\" decoding=\"async\" src=\"https:\/\/211md.org\/wp-content\/uploads\/bb-plugin\/cache\/Mask-Group-37@2x-circle-9661a11b9c4082079c9a1f06bc539567-.png\" alt=\"Yon anpoul limen\" itemprop=\"image\" height=\"500\" width=\"500\" title=\"Gwoup Mask 37@2x\" onerror=\"this.style.display='none'\">\n\t\t\t\t<\/a>\n\t\t<h3><a href=\"\/ht\/resous-yo\/asistans-sevis-piblik\/\" target=\"_self\" rel=\"noopener\">Asistans s\u00e8vis piblik<\/a><\/h3>\t\t\n\t\t\t\t<a href=\"\/ht\/resous-yo\/veteran-yo\/\" target=\"_self\" itemprop=\"url\" rel=\"noopener\">\n\t\t\t\t<img loading=\"lazy\" decoding=\"async\" src=\"https:\/\/211md.org\/wp-content\/uploads\/bb-plugin\/cache\/Veterans-circle-b5b2b017288a5af0f61a41d0f31d0f82-.png\" alt=\"Yon s\u00f2lda ki bay men yon moun epi li souri\" itemprop=\"image\" height=\"500\" width=\"500\" title=\"Veteran yo\" onerror=\"this.style.display='none'\">\n\t\t\t\t<\/a>\n\t\t<h3><a href=\"\/ht\/resous-yo\/veteran-yo\/\" target=\"_self\" rel=\"noopener\">Veteran yo<\/a><\/h3>","protected":false},"excerpt":{"rendered":"<p>Si w bezwen \u00e8d pou ranpli yon preskripsyon, gen eta, pwogram asistans pasyan pharmaceutique ak gwoup lokal san bi likratif ki ka diminye pri medikaman an. Rele 211 pou jwenn pi bon resous pou sitiyasyon w. Ou ka jwenn pwogram asistans pou medikaman sou preskripsyon tou nan baz done 211 la. Rab\u00e8 Medikaman Kat Maryland Rx la se yon gratis...<\/p>","protected":false},"author":8,"featured_media":1119,"parent":838,"menu_order":0,"comment_status":"closed","ping_status":"closed","template":"","meta":{"footnotes":""},"class_list":["post-1105","page","type-page","status-publish","has-post-thumbnail","hentry"],"_links":{"self":[{"href":"https:\/\/211md.org\/ht\/wp-json\/wp\/v2\/pages\/1105","targetHints":{"allow":["GET"]}}],"collection":[{"href":"https:\/\/211md.org\/ht\/wp-json\/wp\/v2\/pages"}],"about":[{"href":"https:\/\/211md.org\/ht\/wp-json\/wp\/v2\/types\/page"}],"author":[{"embeddable":true,"href":"https:\/\/211md.org\/ht\/wp-json\/wp\/v2\/users\/8"}],"replies":[{"embeddable":true,"href":"https:\/\/211md.org\/ht\/wp-json\/wp\/v2\/comments?post=1105"}],"version-history":[{"count":1,"href":"https:\/\/211md.org\/ht\/wp-json\/wp\/v2\/pages\/1105\/revisions"}],"predecessor-version":[{"id":33910,"href":"https:\/\/211md.org\/ht\/wp-json\/wp\/v2\/pages\/1105\/revisions\/33910"}],"up":[{"embeddable":true,"href":"https:\/\/211md.org\/ht\/wp-json\/wp\/v2\/pages\/838"}],"wp:featuredmedia":[{"embeddable":true,"href":"https:\/\/211md.org\/ht\/wp-json\/wp\/v2\/media\/1119"}],"wp:attachment":[{"href":"https:\/\/211md.org\/ht\/wp-json\/wp\/v2\/media?parent=1105"}],"curies":[{"name":"wp","href":"https:\/\/api.w.org\/{rel}","templated":true}]}}