{"id":1107,"date":"2021-04-19T14:48:32","date_gmt":"2021-04-19T14:48:32","guid":{"rendered":"https:\/\/211md.org\/?page_id=1107"},"modified":"2026-04-04T09:56:33","modified_gmt":"2026-04-04T13:56:33","slug":"asirans-sante","status":"publish","type":"page","link":"https:\/\/211md.org\/ht\/resources\/health-care\/health-insurance\/","title":{"rendered":"Opsyon Asirans Sante Maryland"},"content":{"rendered":"<figure data-animation-delay=\"0\" data-animation-duration=\"1\" itemscope itemtype=\"https:\/\/schema.org\/ImageObject\">\n\t\t\t\t<img decoding=\"async\" src=\"https:\/\/stg-maryland211-staging.kinsta.cloud\/wp-content\/uploads\/2025\/08\/5-1-scaled.png\" alt=\"5\" height=\"692\" width=\"2560\" title=\"5\" onerror=\"this.style.display='none'\" loading=\"lazy\" \/>\n\t<\/figure>\n\t\t<p>Are you uninsured? There are a number of circumstances that may qualify you for free health insurance or a low-cost plan.<\/p>\n<p>Learn about Medicaid, private health insurance (discounts available), Medicare, and dental insurance.<\/p>\n<p>211 can answer health insurance questions. Dial 211 or search the database for local health insurance resources, such as a navigator who can provide free guidance for your situation.<\/p>\n<p>&nbsp;<\/p>\n\t\t\t<a href=\"https:\/\/search.211md.org\/search?query=health%20insurance&#038;query_label=health%20insurance&#038;query_type=text\"  target=\"_blank\" rel=\"noopener\">\n\t\t\t\t\t\tJwenn Resous\n\t\t\t\t\t<\/a>\n<figure data-animation-delay=\"0\" data-animation-duration=\"1\" itemscope itemtype=\"https:\/\/schema.org\/ImageObject\">\n\t\t\t\t<img decoding=\"async\" src=\"https:\/\/211md.org\/wp-content\/plugins\/bb-plugin\/img\/pixel.png\" alt=\"\" onerror=\"this.style.display='none'\" loading=\"lazy\" \/>\n\t<\/figure>\n<figure data-animation-delay=\"0\" data-animation-duration=\"1.3\" itemscope itemtype=\"https:\/\/schema.org\/ImageObject\">\n\t\t\t\t<img decoding=\"async\" src=\"https:\/\/stg-maryland211-staging.kinsta.cloud\/wp-content\/uploads\/2025\/08\/16.png\" alt=\"16\" height=\"1000\" width=\"1000\" title=\"16\" onerror=\"this.style.display='none'\" loading=\"lazy\" \/>\n\t<\/figure>\n<figure itemscope itemtype=\"https:\/\/schema.org\/ImageObject\">\n\t\t\t\t<img decoding=\"async\" src=\"http:\/\/211md.org\/wp-content\/uploads\/2026\/04\/girl-in-wheelchair-visiting-doctor.jpg\" alt=\"girl in wheelchair high fiving doctor\" title=\"girl in wheelchair visiting doctor\" onerror=\"this.style.display='none'\" loading=\"lazy\" \/>\n\t<\/figure>\n\t\t<h2>Maryland Medicaid<\/h2>\n\t\t<p>Low-income families, children, pregnant women, and aged, blind, or disabled adults may qualify for Medicaid. Income qualifications change every year.<\/p>\n<p>Children up to age 19 may qualify for additional benefits from the\u00a0<a href=\"https:\/\/211md.org\/ht\/resous-yo\/swen-sante\/medicaid\/\" target=\"_blank\" rel=\"noopener\">Pwogram Sante Timoun Maryland<\/a>.<\/p>\n<p>Individuals who receive other types of public assistance are automatically offered Medicaid. These include:<\/p>\n<ul>\n<li>Supplemental Security Income<\/li>\n<li>Asistans Lajan Kach Tanpor\u00e8<\/li>\n<li>Foster Care<\/li>\n<\/ul>\n<p>If you are not a U.S. citizen, Medicaid may be available during pregnancy and for four months after birth. It may also be available if you meet\u00a0<a href=\"https:\/\/211md.org\/ht\/resous-yo\/swen-sante\/medicaid\/#immigrant\" target=\"_blank\" rel=\"noopener\">other requirements<\/a>, like the 5-year rule.<\/p>\n<p>Ou ka gen asirans sante prive epi ou ka kalifye pou Medicaid.<\/p>\n\t\t\t<a href=\"http:\/\/marylandhealthconnection.gov\/\" target=\"_blank\" rel=\"noopener nofollow\">\n\t\t\t\t\t\t\tApply for Medicaid\n\t\t\t<\/a>\n\t\t<h3>Managed Care Organizations (MCO)<\/h3>\n\t\t<p>Most individuals enrolled in Medicaid receive care through a Managed Care Organization (MCO).<\/p>\n<p>MCO a kouvri depans sante tankou:<\/p>\n<ul>\n<li>vizit dokt\u00e8<\/li>\n<li>swen gwos\u00e8s<\/li>\n<li>medikaman sou preskripsyon<\/li>\n<li>lopital ak s\u00e8vis ijans<\/li>\n<\/ul>\n\t\t\t<a href=\"https:\/\/211md.org\/ht\/resous-yo\/swen-sante\/medicaid\/\" target=\"_blank\" rel=\"noopener nofollow\">\n\t\t\t\t\t\t\tRead 211&#8217;s guide to medicaid\n\t\t\t\t\t<\/a>\n\t\t<h2>Private Health Insurance<\/h2>\n\t\t<p>If you don&#8217;t qualify for Medicaid or children&#8217;s health insurance, individuals and families can apply for private health insurance. Financial help may be available.<\/p>\n<p>While many states use the federal marketplace, Maryland has its own one-stop insurance marketplace, Maryland Health Connection, that handles private insurance, Medicaid, and the Maryland Children&#8217;s Health Program enrollments.<\/p>\n<h3>What do they cover?<\/h3>\n<p>These plans cover preventive care and other essential health care, such as:<\/p>\n<ul>\n<li>Doctor visits<\/li>\n<li>Emergency care<\/li>\n<li>Lopitalizasyon<\/li>\n<li>Lab tests<\/li>\n<li>Maternity and newborn care<\/li>\n<li>Mental and behavioral health care<\/li>\n<li>Swen pedyatrik<\/li>\n<li>Preskripsyon<\/li>\n<li>Preventive and wellness management<\/li>\n<li>Rehabilitation<\/li>\n<li>Substance use disorder treatment<\/li>\n<\/ul>\n<p>The private plans may have a deductible, coinsurance, and copayment.<\/p>\n\t\t\t<a href=\"https:\/\/www.marylandhealthconnection.gov\/health-coverage\/choose-a-plan\/\" target=\"_blank\" rel=\"noopener nofollow\">\n\t\t\t\t\t\t\tLearn how the plans work\n\t\t\t<\/a>\n\t\t<h3>Do I qualify for financial help for a private plan?<\/h3>\n\t\t<p>While financial help is available, the discount may be less than years past. The federal savings program is no longer in place for the Maryland marketplace insurance. Instead, Maryland is providing financial help through Maryland Premium Assistance.<\/p>\n<p>You will no longer be eligible for financial help if your income is below 100% of the federal poverty level and you are not eligible for Medicaid due to your immigration status.<\/p>\n<p>In those situations, the plans are still available, but at full cost.<\/p>\n<p>You can get an\u00a0estimate for how much these plans may cost.<\/p>\n\t\t\t<a href=\"https:\/\/app.marylandhealthconnection.gov\/hixui\/public\/home.html#\/getEstimate?lang=en_US&#038;firstTime=1\" target=\"_blank\" rel=\"noopener nofollow\">\n\t\t\t\t\t\t\tGet a cost estimate\n\t\t\t<\/a>\n\t\t<h2>How do I get help with Insurance enrollment?<\/h2>\n\t\t<p>If you have questions about Medicare or private insurance enrollment, free help is available in counties throughout Maryland. Navigators can answer questions in-person. They&#8217;ll help you find the most savings and apply for insurance.<\/p>\n<p>You can also talk to an insurance broker if you are purchasing a private policy.<\/p>\n\t\t\t<a href=\"https:\/\/www.marylandhealthconnection.gov\/find-help\/\" target=\"_blank\" rel=\"noopener\">\n\t\t\t\t\t\t\tJwenn \u00e8d\n\t\t\t<\/a>\n\t\t<h3>How do I apply?<\/h3>\n\t\t<p>You can find a plan through Maryland Health Connection. Make sure you understand the costs and the coverage. Check to make sure your doctors are included in the plan you choose.<\/p>\n<p>And if you need help, use the free counseling support.<\/p>\n\t\t\t<a href=\"http:\/\/marylandhealthconnection.gov\" target=\"_blank\" rel=\"noopener nofollow\">\n\t\t\t\t\t\t\tAplike\n\t\t\t<\/a>\n<figure itemscope itemtype=\"https:\/\/schema.org\/ImageObject\">\n\t\t\t\t<img decoding=\"async\" src=\"http:\/\/211md.org\/wp-content\/uploads\/2026\/04\/two-women-sitting-at-a-computer-looking-at-options.jpg\" alt=\"counselor helping someone choose a plan\" title=\"two women sitting at a computer looking at options\" onerror=\"this.style.display='none'\" loading=\"lazy\" \/>\n\t<\/figure>\n<figure itemscope itemtype=\"https:\/\/schema.org\/ImageObject\">\n\t\t\t\t<img decoding=\"async\" src=\"http:\/\/211md.org\/wp-content\/uploads\/2026\/04\/front-desk-at-medical-office-with-patient-paying-with-insurance.jpg\" alt=\"patient paying for health care\" title=\"front desk at medical office with patient paying with insurance\" onerror=\"this.style.display='none'\" loading=\"lazy\" \/>\n\t<\/figure>\n\t<h2>Applying for Health Insurance and Medicaid<\/h2>\n<p>Whether you apply for Medicaid or a private health insurance plan in Maryland, all applications go through Maryland Health Connection. It&#8217;s a one-stop shop.<\/p>\n\t\t<h3>Open Enrollment<\/h3>\n\t\t<p>Uninsured Marylanders can apply for coverage during open enrollment, which starts in November. Coverage starts on January 1 of the following year.<\/p>\n<p>Pafwa genyen\u00a0<a href=\"https:\/\/www.marylandhealthconnection.gov\/how-to-enroll\/special-enrollment\/\" target=\"_blank\" rel=\"noopener\">pery\u00f2d enskripsyon espesyal<\/a> that allow you to apply for coverage at any time of year. In addition, you can enroll during a qualifying life event.<\/p>\n<p>Special enrollment periods include:<\/p>\n<ul>\n<li>Vin pa elijib pou Medicaid oswa MCHP<\/li>\n<li>Marye oswa div\u00f2se<\/li>\n<li>F\u00e8 yon timoun, adopte yon timoun oswa mete yon timoun pou adopsyon oswa nan swen adoptif<\/li>\n<li>Demenaje nan Maryland, ak k\u00e8k deplase nan eta a<\/li>\n<li>Pery\u00f2d kouv\u00e8ti COBRA fini<\/li>\n<li>Chanjman sitway\u00e8nte oswa estati imigrasyon<\/li>\n<li>Anprizone oswa lage<\/li>\n<li>Chanjman nan estati k\u00f2m yon Endyen Ameriken\/Natal Alaska<\/li>\n<li>Vin ansent (Remak: ou gen 90 jou pou w enskri depi l\u00e8 yo konfime gwos\u00e8s la.)<\/li>\n<li>Jwenn oswa p\u00e8di yon depandan<\/li>\n<li>Certain losses of other health coverage, like insurance through your job<\/li>\n<li>Enrolled in your parents&#8217; plan, and you turn 26 years old<\/li>\n<\/ul>\n\t\t\t<a href=\"https:\/\/www.marylandhealthconnection.gov\/\" target=\"_blank\" rel=\"noopener\">\n\t\t\t\t\t\tAplike\n\t\t\t\t\t<\/a>\n\t<h3>COBRA<\/h3>\n<p>If you left a job and had medical coverage through your employer, you may be able to temporarily keep your coverage after leaving your job.<\/p>\n<p>Lwa Konsilyasyon Bidj\u00e8 Omnibus Konsolide (COBRA) bay pwoteksyon pou yon pery\u00f2d limite si w aplike nan 60 jou apre d\u00e8nye jou travay ou. Sepandan, pousantaj yo ka ogmante de sa ou te peye pandan w ap travay.<\/p>\n\t\t<h2>Benefis Medicare<\/h2>\n<p>If you are 65 years old or older, have a certain disability and are under age 65, or have End-Stage Renal Disease (ESRD), you may be eligible for Medicare.<\/p>\n<p>Enskripsyon ouvri f\u00e8t nan jou espesifik nan sezon ot\u00f2n la chak ane.<\/p>\n<p>Pandan enskripsyon ouv\u00e8 Medicare, ou gen op\u00f2tinite pou revize plan ou a, achte pou nouvo kouv\u00e8ti asirans epi asire benefis ou yo se pi bon yo pou ane k ap vini an.<\/p>\n<p>Learn more about\u00a0Medicare options and costs.<\/p>\n\t\t\t<a href=\"https:\/\/www.medicare.gov\/\" target=\"_blank\" rel=\"noopener\">\n\t\t\t\t\t\tMedicare Options\n\t\t\t\t\t<\/a>\n\t\t<h3>SHIP Can Help You Find the best plan<\/h3>\n<p>If you need help finding the best program for your needs, contact a State Health Insurance Assistance Program (SHIP) counselor.<\/p>\n<p>They can help you understand costs and coverage, compare options, enroll or change plans, and correct billing issues.<\/p>\n<p>Konseye ki f\u00f2me ak volont\u00e8 yo disponib pou bay asistans gratis nan konte atrav\u00e8 Maryland ak Baltimore City.<\/p>\n\t\t\t<a href=\"https:\/\/aging.maryland.gov\/Pages\/state-health-insurance-program.aspx?fbclid=IwAR1Haustinh1z0yqeLGZi8DOuylIjQRGebVGnXwBiICmVlgOYkCbq92SYtY\" target=\"_blank\" rel=\"noopener\">\n\t\t\t\t\t\tFind a SHIP Counselor\n\t\t\t\t\t<\/a>\n\t\t<figure itemscope itemtype=\"https:\/\/schema.org\/ImageObject\">\n\t\t\t\t<a href=\"https:\/\/search.211md.org\/\" target=\"_blank\" rel=\"noopener\" itemprop=\"url\">\n\t\t\t\t<img decoding=\"async\" src=\"https:\/\/stg-maryland211-staging.kinsta.cloud\/wp-content\/uploads\/2025\/08\/2025_MdInfoNet_Icon-Sets-white_Locate.png\" alt=\"\" onerror=\"this.style.display='none'\" loading=\"lazy\" \/>\n\t\t\t\t<\/a>\n\t<\/figure>\n<h2><a href=\"https:\/\/search.211md.org\/\" target=\"_blank\" rel=\"noopener\">Jwenn Resous Kounye a<\/a><\/h2><p>Jwenn <strong>resous kominot\u00e8 yo <\/strong>pou manje, swen sante, lojman ak plis ank\u00f2 nan baz done nou an. Ch\u00e8che pa k\u00f2d postal.<\/p>\n\t\t\t<a href=\"https:\/\/search.211md.org\/\" target=\"_blank\" rel=\"noopener\">\n\t\t\t\t\t\t\tCh\u00e8che Kounye a\n\t\t\t<\/a>\n\t\t<h2>Asirans Dant\u00e8<\/h2>\n<p>While dental coverage is provided at no cost to children and pregnant women through Medicaid and MCHP, other uninsured individuals may need a separate dental plan from Maryland Health Connection.<\/p>\n<p><a href=\"https:\/\/www.marylandhealthconnection.gov\/health-coverage\/dental-plans\/\" target=\"_blank\" rel=\"noopener\">Aprann plis sou opsyon plan dant\u00e8\u00a0<\/a>from Maryland Health Connection. You can apply for benefits during open enrollment.<\/p>\n<h3>Free and low-cost dental clinic<\/h3>\n<p>If you end up without dental insurance, there are free and low-cost dental clinics throughout Maryland.<\/p>\n\t\t\t<a href=\"\/ht\/resous-yo\/swen-sante\/swen-dante\/\"  target=\"_blank\" rel=\"noopener\">\n\t\t\t\t\t\tFind a free or low cost dental clinic\n\t\t\t\t\t<\/a>\n<figure itemscope itemtype=\"https:\/\/schema.org\/ImageObject\">\n\t\t\t\t<img decoding=\"async\" src=\"http:\/\/211md.org\/wp-content\/uploads\/2025\/11\/Dentist-showing-patient-xrays-of-tooth-at-dental-clinic.jpg\" alt=\"Xrays at a dentists office\" title=\"Dentist showing patient xrays of tooth at dental clinic\" onerror=\"this.style.display='none'\" loading=\"lazy\" \/>\n\t<\/figure>\n<h2>\n\t\t\tMore Health Related Information\t<\/h2>\n\t\t<h4><a href=\"\/ht\/resous-yo\/aje-andikap\/?utm_source=Home&#038;utm_medium=Referral&#038;utm_campaign=211Resources&#038;utm_content=Aging\" target=\"_self\">Aje ak Andikap<\/a><\/h4><figure itemscope itemtype=\"https:\/\/schema.org\/ImageObject\">\n\t\t\t\t<a href=\"\/ht\/resous-yo\/aje-andikap\/?utm_source=Home&#038;utm_medium=Referral&#038;utm_campaign=211Resources&#038;utm_content=Aging\"  target=\"_self\" itemprop=\"url\">\n\t\t\t\t<img decoding=\"async\" src=\"https:\/\/211md.org\/wp-content\/uploads\/bb-plugin\/cache\/2025_MdInfoNet_Icon-Sets_Aging-disability-square-c466727102cae71e5f27b8539bb51945-.png\" alt=\"\" onerror=\"this.style.display='none'\" loading=\"lazy\" \/>\n\t\t\t\t<\/a>\n\t<\/figure>\n\t\t<h4><a href=\"\/ht\/resous-yo\/timoun-fanmi-yo\/?utm_source=Home&#038;utm_medium=Referral&#038;utm_campaign=211Resources&#038;utm_content=Children\" target=\"_self\">Timoun ak Fanmi<\/a><\/h4><figure itemscope itemtype=\"https:\/\/schema.org\/ImageObject\">\n\t\t\t\t<a href=\"\/ht\/resous-yo\/timoun-fanmi-yo\/?utm_source=Home&#038;utm_medium=Referral&#038;utm_campaign=211Resources&#038;utm_content=Children\"  target=\"_self\" itemprop=\"url\">\n\t\t\t\t<img decoding=\"async\" src=\"https:\/\/211md.org\/wp-content\/uploads\/bb-plugin\/cache\/2025_211_Icon-Sets_Child-care-square-f3b0d4edab3dcc467fadb5f55f4064c6-.png\" alt=\"parent and child icon for child care\" height=\"417\" width=\"417\" title=\"2025_211_Ansanm Ik\u00f2n_Swen Timoun\" onerror=\"this.style.display='none'\" loading=\"lazy\" \/>\n\t\t\t\t<\/a>\n\t<\/figure>\n\t\t<h4><a href=\"\/ht\/resous-yo\/vyolans-familyal-domestik\/?utm_source=Home&#038;utm_medium=Referral&#038;utm_campaign=211Resources&#038;utm_content=Domestic\" target=\"_self\">Vyolans domestik<\/a><\/h4><figure itemscope itemtype=\"https:\/\/schema.org\/ImageObject\">\n\t\t\t\t<a href=\"\/ht\/resous-yo\/vyolans-familyal-domestik\/?utm_source=Home&#038;utm_medium=Referral&#038;utm_campaign=211Resources&#038;utm_content=Domestic\"  target=\"_self\" itemprop=\"url\">\n\t\t\t\t<img decoding=\"async\" src=\"https:\/\/211md.org\/wp-content\/uploads\/bb-plugin\/cache\/2025_211_Icon-Sets_Domestic-Violence-square-7b597694a6f05fe90cdc376aa573bc63-.png\" alt=\"House with a heart in the middle icon\" height=\"417\" width=\"417\" title=\"2025_211_Ansanm Ik\u00f2n_Vyolans Domestik\" onerror=\"this.style.display='none'\" loading=\"lazy\" \/>\n\t\t\t\t<\/a>\n\t<\/figure>\n\t\t<h4><a href=\"\/ht\/resous-yo\/rechech-travay\/?utm_source=Home&#038;utm_medium=Referral&#038;utm_campaign=211Resources&#038;utm_content=Employment\" target=\"_self\">Travay<\/a><\/h4><figure itemscope itemtype=\"https:\/\/schema.org\/ImageObject\">\n\t\t\t\t<a href=\"\/ht\/resous-yo\/rechech-travay\/?utm_source=Home&#038;utm_medium=Referral&#038;utm_campaign=211Resources&#038;utm_content=Employment\"  target=\"_self\" itemprop=\"url\">\n\t\t\t\t<img decoding=\"async\" src=\"https:\/\/211md.org\/wp-content\/uploads\/bb-plugin\/cache\/2025_MdInfoNet_Icon-Sets_Employment-square-44707bd410e4df10a470bf130ebcea86-.png\" alt=\"\" onerror=\"this.style.display='none'\" loading=\"lazy\" \/>\n\t\t\t\t<\/a>\n\t<\/figure>\n\t\t<h4><a href=\"\/ht\/resous-yo\/swen-sante\/?utm_source=Home&#038;utm_medium=Referral&#038;utm_campaign=211Resources&#038;utm_content=Health%20Care\" target=\"_self\">Swen Sante<\/a><\/h4><figure itemscope itemtype=\"https:\/\/schema.org\/ImageObject\">\n\t\t\t\t<a href=\"\/ht\/resous-yo\/swen-sante\/?utm_source=Home&#038;utm_medium=Referral&#038;utm_campaign=211Resources&#038;utm_content=Health%20Care\"  target=\"_self\" itemprop=\"url\">\n\t\t\t\t<img decoding=\"async\" src=\"https:\/\/211md.org\/wp-content\/uploads\/bb-plugin\/cache\/2025_MdInfoNet_Icon-Sets_Health-Care-square-dee98a0060cbe0e7f27eda253fc12679-.png\" alt=\"\" onerror=\"this.style.display='none'\" loading=\"lazy\" \/>\n\t\t\t\t<\/a>\n\t<\/figure>\n\t\t<h4><a href=\"\/ht\/resous-yo\/nouvo-nan-nou-ak-maryland\/?utm_source=Home&#038;utm_medium=Referral&#038;utm_campaign=211Resources&#038;utm_content=Immigration\" target=\"_self\">Imigrasyon<\/a><\/h4><figure itemscope itemtype=\"https:\/\/schema.org\/ImageObject\">\n\t\t\t\t<a href=\"\/ht\/resous-yo\/nouvo-nan-nou-ak-maryland\/?utm_source=Home&#038;utm_medium=Referral&#038;utm_campaign=211Resources&#038;utm_content=Immigration\"  target=\"_self\" itemprop=\"url\">\n\t\t\t\t<img decoding=\"async\" src=\"https:\/\/211md.org\/wp-content\/uploads\/bb-plugin\/cache\/2025_MdInfoNet_Icon-Sets_Immigration-square-8b97b7fdfe5e6071405e216855065118-.png\" alt=\"ik\u00f2n imigrasyon\" title=\"2025_MdInfoNet_Icon-Sets_Immigration\" onerror=\"this.style.display='none'\" loading=\"lazy\" \/>\n\t\t\t\t<\/a>\n\t<\/figure>\n\t\t<h4><a href=\"\/ht\/resous-yo\/timoun-fanmi-yo\/swen-fanmi\/?utm_source=Home&#038;utm_medium=Referral&#038;utm_campaign=211Resources&#038;utm_content=Kinship\" target=\"_self\">Parente<\/a><\/h4><figure itemscope itemtype=\"https:\/\/schema.org\/ImageObject\">\n\t\t\t\t<a href=\"\/ht\/resous-yo\/timoun-fanmi-yo\/swen-fanmi\/?utm_source=Home&#038;utm_medium=Referral&#038;utm_campaign=211Resources&#038;utm_content=Kinship\"  target=\"_self\" itemprop=\"url\">\n\t\t\t\t<img decoding=\"async\" src=\"https:\/\/211md.org\/wp-content\/uploads\/bb-plugin\/cache\/2025_211_Icon-Sets_Kinship-square-45bdf872866f5735f842c32071109267-.png\" alt=\"Ik\u00f2n fanmi\" height=\"417\" width=\"417\" title=\"2025_211_Ansanm Ik\u00f2n_Fanmitay\" onerror=\"this.style.display='none'\" loading=\"lazy\" \/>\n\t\t\t\t<\/a>\n\t<\/figure>\n\t\t<h4><a href=\"\/ht\/resous-yo\/sevis-legal-yo\/?utm_source=Home&#038;utm_medium=Referral&#038;utm_campaign=211Resources&#038;utm_content=Legal\" target=\"_self\">S\u00e8vis Legal<\/a><\/h4><figure itemscope itemtype=\"https:\/\/schema.org\/ImageObject\">\n\t\t\t\t<a href=\"\/ht\/resous-yo\/sevis-legal-yo\/?utm_source=Home&#038;utm_medium=Referral&#038;utm_campaign=211Resources&#038;utm_content=Legal\"  target=\"_self\" itemprop=\"url\">\n\t\t\t\t<img decoding=\"async\" src=\"https:\/\/211md.org\/wp-content\/uploads\/bb-plugin\/cache\/2025_MdInfoNet_Icon-Sets_Legal-square-18fdf438feb8435588174d9046463257-.png\" alt=\"\" onerror=\"this.style.display='none'\" loading=\"lazy\" \/>\n\t\t\t\t<\/a>\n\t<\/figure>\n\t\t<h4><a href=\"\/ht\/resous-yo\/sante-mantal\/?utm_source=Home&#038;utm_medium=Referral&#038;utm_campaign=211Resources&#038;utm_content=Mental\" target=\"_self\">Sante mantal<\/a><\/h4><figure itemscope itemtype=\"https:\/\/schema.org\/ImageObject\">\n\t\t\t\t<a href=\"\/ht\/resous-yo\/sante-mantal\/?utm_source=Home&#038;utm_medium=Referral&#038;utm_campaign=211Resources&#038;utm_content=Mental\"  target=\"_self\" itemprop=\"url\">\n\t\t\t\t<img decoding=\"async\" src=\"https:\/\/211md.org\/wp-content\/uploads\/bb-plugin\/cache\/2025_MdInfoNet_Icon-Sets_Mental-Health-square-c59b38c4a993a947d4c9280fbe2d2fee-.png\" alt=\"\" onerror=\"this.style.display='none'\" loading=\"lazy\" \/>\n\t\t\t\t<\/a>\n\t<\/figure>\n\t\t<h4><a href=\"\/ht\/resous-yo\/mdreentry\/?utm_source=Home&#038;utm_medium=Referral&#038;utm_campaign=211Resources&#038;utm_content=Reentry\" target=\"_self\">Reantre<\/a><\/h4><figure itemscope itemtype=\"https:\/\/schema.org\/ImageObject\">\n\t\t\t\t<a href=\"\/ht\/resous-yo\/mdreentry\/?utm_source=Home&#038;utm_medium=Referral&#038;utm_campaign=211Resources&#038;utm_content=Reentry\"  target=\"_self\" itemprop=\"url\">\n\t\t\t\t<img decoding=\"async\" src=\"https:\/\/211md.org\/wp-content\/uploads\/bb-plugin\/cache\/2025_211_Icon-Sets_Reentry-square-8676fea38abd920a832f45642fe31cca-.png\" alt=\"Ik\u00f2n Reantre\" height=\"417\" width=\"417\" title=\"2025_211_Ansanm Ik\u00f2n_Reantre\" onerror=\"this.style.display='none'\" loading=\"lazy\" \/>\n\t\t\t\t<\/a>\n\t<\/figure>\n\t\t<h4><a href=\"\/ht\/resous-yo\/itilizasyon-sibstans\/?utm_source=Home&#038;utm_medium=Referral&#038;utm_campaign=211Resources&#038;utm_content=Substance\" target=\"_self\">Itilizasyon sibstans<\/a><\/h4><figure itemscope itemtype=\"https:\/\/schema.org\/ImageObject\">\n\t\t\t\t<a href=\"\/ht\/resous-yo\/itilizasyon-sibstans\/?utm_source=Home&#038;utm_medium=Referral&#038;utm_campaign=211Resources&#038;utm_content=Substance\"  target=\"_self\" itemprop=\"url\">\n\t\t\t\t<img decoding=\"async\" src=\"https:\/\/211md.org\/wp-content\/uploads\/bb-plugin\/cache\/2025_MdInfoNet_Icon-Sets_Substance-Abuse-square-4f414f085e657267739c181957754f48-.png\" alt=\"Pills for substance Use icon\" title=\"2025_MdInfoNet_Icon-Sets_Substance-Abuse\" onerror=\"this.style.display='none'\" loading=\"lazy\" \/>\n\t\t\t\t<\/a>\n\t<\/figure>\n\t\t<h4><a href=\"\/ht\/resous-yo\/veteran-yo\/?utm_source=Home&#038;utm_medium=Referral&#038;utm_campaign=211Resources&#038;utm_content=Veterans\" target=\"_self\">Veteran yo<\/a><\/h4><figure itemscope itemtype=\"https:\/\/schema.org\/ImageObject\">\n\t\t\t\t<a href=\"\/ht\/resous-yo\/veteran-yo\/?utm_source=Home&#038;utm_medium=Referral&#038;utm_campaign=211Resources&#038;utm_content=Veterans\"  target=\"_self\" itemprop=\"url\">\n\t\t\t\t<img decoding=\"async\" src=\"https:\/\/211md.org\/wp-content\/uploads\/bb-plugin\/cache\/2025_MdInfoNet_Icon-Sets_Rating-square-6e60d00cce4faa8e0a6d4ad7366aa733-.png\" alt=\"\" onerror=\"this.style.display='none'\" loading=\"lazy\" \/>\n\t\t\t\t<\/a>\n\t<\/figure>","protected":false},"excerpt":{"rendered":"<p>Are you uninsured? There are a number of circumstances that may qualify you for free health insurance or a low-cost plan. Learn about Medicaid, private health insurance (discounts available), Medicare, and dental insurance. 211 can answer health insurance questions. Dial 211 or search the database for local health insurance resources, such as a navigator who&hellip;<\/p>","protected":false},"author":8,"featured_media":33763,"parent":838,"menu_order":0,"comment_status":"closed","ping_status":"closed","template":"","meta":{"footnotes":""},"class_list":["post-1107","page","type-page","status-publish","has-post-thumbnail","hentry"],"_links":{"self":[{"href":"https:\/\/211md.org\/ht\/wp-json\/wp\/v2\/pages\/1107","targetHints":{"allow":["GET"]}}],"collection":[{"href":"https:\/\/211md.org\/ht\/wp-json\/wp\/v2\/pages"}],"about":[{"href":"https:\/\/211md.org\/ht\/wp-json\/wp\/v2\/types\/page"}],"author":[{"embeddable":true,"href":"https:\/\/211md.org\/ht\/wp-json\/wp\/v2\/users\/8"}],"replies":[{"embeddable":true,"href":"https:\/\/211md.org\/ht\/wp-json\/wp\/v2\/comments?post=1107"}],"version-history":[{"count":11,"href":"https:\/\/211md.org\/ht\/wp-json\/wp\/v2\/pages\/1107\/revisions"}],"predecessor-version":[{"id":34473,"href":"https:\/\/211md.org\/ht\/wp-json\/wp\/v2\/pages\/1107\/revisions\/34473"}],"up":[{"embeddable":true,"href":"https:\/\/211md.org\/ht\/wp-json\/wp\/v2\/pages\/838"}],"wp:featuredmedia":[{"embeddable":true,"href":"https:\/\/211md.org\/ht\/wp-json\/wp\/v2\/media\/33763"}],"wp:attachment":[{"href":"https:\/\/211md.org\/ht\/wp-json\/wp\/v2\/media?parent=1107"}],"curies":[{"name":"wp","href":"https:\/\/api.w.org\/{rel}","templated":true}]}}