{"id":1115,"date":"2021-04-19T16:17:02","date_gmt":"2021-04-19T16:17:02","guid":{"rendered":"https:\/\/211md.org\/?page_id=1115"},"modified":"2024-12-20T12:32:06","modified_gmt":"2024-12-20T17:32:06","slug":"dwa-lokate-yo","status":"publish","type":"page","link":"https:\/\/211md.org\/ht\/resources\/legal-services\/tenants-rights\/","title":{"rendered":"Kijan Lokat\u00e8\/Lokat\u00e8 kapab jwenn \u00e8d ak konfli pwopriyet\u00e8 yo"},"content":{"rendered":"<img loading=\"lazy\" decoding=\"async\" src=\"https:\/\/211md.org\/wp-content\/uploads\/2021\/05\/Key-Handoff.png\" alt=\"Pwopriyet\u00e8 a bay lokat\u00e8 kle yo\" itemprop=\"image\" height=\"348\" width=\"460\" title=\"Kle Handoff\" onerror=\"this.style.display='none'\"  \/>\n\t<p>Konfli pwopriyet\u00e8 ak lokat\u00e8 yo se youn nan plent ki pi komen nan Biwo Pwokir\u00e8 Jeneral Maryland la. K\u00f2m yon lokat\u00e8, ou gen s\u00e8ten dwa, obligasyon ak rem\u00e8d ki disponib anba lwa Maryland. Kapab genyen tou pwoteksyon lokal ki disponib oswa pwosesis yon ti kras diferan pou rezoud yon diskisyon pwopriyet\u00e8.<\/p>\n<h2>Konfli komen pwopriyet\u00e8-lokat\u00e8<\/h2>\n<p>Lokat\u00e8 ak pwopriyet\u00e8 yo ka pa dak\u00f2 sou:<\/p>\n<ul>\n<li>fr\u00e8 aplikasyon yo<\/li>\n<li>lwaye<\/li>\n<li>lwaye<\/li>\n<li>depo sekirite<\/li>\n<li>dwa pou pran posesyon<\/li>\n<li>renouv\u00e8lman kontra lwaye<\/li>\n<li>kraze yon kontra lwaye<\/li>\n<li>lwe depo<\/li>\n<li>ech\u00e8k pou f\u00e8 reparasyon<\/li>\n<li>vanjans pwopriyet\u00e8 a<\/li>\n<li>danje penti ki baze sou plon<\/li>\n<li>deg\u00e8pisman<\/li>\n<\/ul>\n<p><a href=\"https:\/\/www.marylandattorneygeneral.gov\/CPD%20Documents\/Tips-Publications\/landlordTenantPDF.pdf\" target=\"_blank\" rel=\"noopener\"><strong>Gid Pwokir\u00e8 Jeneral sa a<\/strong><\/a> ofri kons\u00e8y pou evite ak jere diskisyon komen. Li gen ladan senaryo komen epi li ofri fason potansy\u00e8l yo jere sitiyasyon an.<\/p>\n<h2>Kijan pou jere reparasyon lojman ak lokasyon ki pa an sekirite<\/h2>\n<p>Si w gen yon domaj grav oswa danjere nan apatman w lan oswa nan bilding ou lwe a, lokat\u00e8 yo gen s\u00e8ten dwa paske pwopriyet\u00e8 yo gen s\u00e8ten obligasyon dapre lalwa.<\/p>\n<p>Ou ka kapab:<\/p>\n<ul>\n<li>S\u00e8vi ak yon kont depo si Tribinal Distrik la etabli.<\/li>\n<li>Jwenn yon enjonksyon.<\/li>\n<\/ul>\n<h4>Kont Escrow<\/h4>\n<p>Si Tribinal Distrik la etabli yon kont depo, ou depoze k\u00f2b lwaye olye w peye lwaye pwopriyet\u00e8 a chak mwa. Sepandan, gen kondisyon espesifik ak egzijans avi pou ki ou ka s\u00e8vi ak kont fid\u00e8l la.<\/p>\n<p>Pandan ke tribinal la ap deside si yon sitiyasyon jistifye yon kont escrow, li anjeneral itilize pou domaj grav ak danjere. Sa a ka gen ladan men li pa limite:<\/p>\n<ul>\n<li>enfeksyon rat nan de oswa plis inite<\/li>\n<li>danje penti ki baze sou plon<\/li>\n<li>mank de jete dlo egou adekwat<\/li>\n<li>mank de chal\u00e8, limy\u00e8, elektrisite oswa dlo si m\u00e8t kay la responsab pou kenbe li sou.<\/li>\n<\/ul>\n<p>Li pa kouvri mank de \u00e8kondisyone, mete n\u00f2mal oswa l\u00f2t vyolasyon k\u00f2d lojman ki pa danjere.<\/p>\n<h4>Enjonksyon<\/h4>\n<p>Yon enjonksyon ka yon l\u00f2t opsyon. Sa se yon petisyon pou tribinal la bay m\u00e8t kay la l\u00f2d pou l repare oswa fikse kondisyon kons\u00e8ne yo.<\/p>\n<p>Pou plis enf\u00f2masyon, enkli pwosesis detaye pou bay avi ak depoze nan tribinal la, revize\u00a0<a href=\"https:\/\/mvlslaw.org\/wp-content\/uploads\/2018\/09\/Unsafe-Housing-Conditions-Remedies.pdf\" target=\"_blank\" rel=\"noopener\">S\u00e8vis Avoka Volont\u00e8 Maryland<\/a>\u00a0f\u00e8y enf\u00f2masyon.<\/p>\n<h2><b>Jwenn \u00e8d<\/b><\/h2>\n<p>An jeneral, mete diskisyon alekri epi pran foto chak fwa sa posib pou w gen yon santye papye.<\/p>\n<p>La\u00a0<a href=\"https:\/\/www.peoples-law.org\/cat\/landlord-tenant\" target=\"_blank\" rel=\"noopener\">Bibliyot\u00e8k Lwa P\u00e8p la nan Maryland<\/a>\u00a0tou gen plizy\u00e8 gid pwopriyet\u00e8\/lokat\u00e8 ak enf\u00f2masyon sou depo sekirite, deg\u00e8pisman ak ech\u00e8k pou peye lwaye, s\u00e8vis piblik, ak pwoteksyon lojman pou <a href=\"https:\/\/211md.org\/ht\/resous-yo\/vyolans-familyal-domestik\/\">viktim vyolans domestik<\/a>.<\/p>\n<p>Ou kapab tou pale ak yon avoka sou zaf\u00e8 legal sivil ou a gratis atrav\u00e8 Sant \u00c8d Tribinal Maryland la. Rele 410-260-1392 pandan l\u00e8 travay. Ou ka jwenn plis enf\u00f2masyon sou resous sa a nan\u00a0<a href=\"https:\/\/www.peoples-law.org\/\" target=\"_blank\" rel=\"noopener\">Bibliyot\u00e8k Lwa P\u00e8p la nan Maryland<\/a>.<\/p>\n<p>Si w gen yon diskisyon, ou ka jwenn asistans nan Inite Medyasyon Biwo Pwokir\u00e8 Jeneral Maryland la. Yo pral ede rezoud diskisyon ant yon pwopriyet\u00e8 ak lokat\u00e8. Ou ka ranpli yon\u00a0<a href=\"https:\/\/web.oag.state.md.us\/editor\/customer\/onlineformhelpers\/formviewer.aspx?filename=landlordtenant.htm\" target=\"_blank\" rel=\"noopener\">plent pwopriyet\u00e8\/lokat\u00e8 sou Ent\u00e8n\u00e8t<\/a>\u00a0oswa\u00a0<a href=\"https:\/\/www.marylandattorneygeneral.gov\/Pages\/contactus.aspx\" target=\"_blank\" rel=\"noopener\">rele Pwokir\u00e8 Jeneral Maryland la.<\/a><\/p>\n<p>Sa ki endike anwo a se pa kons\u00e8y legal, epi ou ta dwe konsilte yon avoka pou \u00e8d kons\u00e8nan diskisyon espesifik pwopriyet\u00e8\/lokat\u00e8 w la.<\/p>\n<h2>Enf\u00f2masyon ki gen rap\u00f2<\/h2>\n<p><a title=\"Pou ou kab vin yon m\u00e8t kay\" href=\"https:\/\/211md.org\/ht\/resous-yo\/sevis-legal-yo\/se-yon-pwopriyete\/\">Pou ou kab vin yon m\u00e8t kay<\/a><\/p>\n<p><a title=\"Sip\u00f2 pou Timoun\" href=\"https:\/\/211md.org\/ht\/resous-yo\/sevis-legal-yo\/sipo-timoun\/\">Sip\u00f2 pou Timoun<\/a><\/p>\n<p><a title=\"Dwa Lokat\u00e8\" href=\"https:\/\/211md.org\/ht\/resous-yo\/sevis-legal-yo\/dwa-lokate-yo\/\">Dwa Lokat\u00e8<\/a><\/p>\n<h2>\n\t\tJwenn Resous\n\t<\/h2>\n\t\t\t\t<a href=\"\/ht\/resous-yo\/aje-andikap\/\" target=\"_self\" itemprop=\"url\">\n\t\t\t\t<img loading=\"lazy\" decoding=\"async\" src=\"https:\/\/211md.org\/wp-content\/uploads\/bb-plugin\/cache\/Mask-Group-41@2x-circle-73eaadba4cad8269faa4720e25cf1c85-.png\" alt=\"Pye yon fanm ki pi gran ak yon ti fi k ap mache ansanm\" itemprop=\"image\" height=\"500\" width=\"500\" title=\"S\u00e8vis Enfimite\" onerror=\"this.style.display='none'\"  \/>\n\t\t\t\t<\/a>\n\t\t<h3><a href=\"\/ht\/resous-yo\/aje-andikap\/\" target=\"_self\">Aje ak Andikap<\/a><\/h3>\t\n\t\t\t\t<a href=\"\/ht\/resous-yo\/timoun-fanmi-yo\/\" target=\"_self\" itemprop=\"url\">\n\t\t\t\t<img loading=\"lazy\" decoding=\"async\" src=\"https:\/\/211md.org\/wp-content\/uploads\/bb-plugin\/cache\/Mask-Group-38@2x-circle-ac40d46265fbec62083cd27f6dcf23b0-.png\" alt=\"Yon j\u00e8n ti gason ak ti fi k ap souri epi gade kamera a\" itemprop=\"image\" height=\"500\" width=\"500\" title=\"Gwoup Mask 38@2x\" onerror=\"this.style.display='none'\"  \/>\n\t\t\t\t<\/a>\n\t\t<h3><a href=\"\/ht\/resous-yo\/timoun-fanmi-yo\/\" target=\"_self\">Timoun ak Fanmi<\/a><\/h3>\t\n\t\t\t\t<a href=\"\/ht\/resous-yo\/sant-resous-covid-19\/\" target=\"_self\" itemprop=\"url\">\n\t\t\t\t<img decoding=\"async\" src=\"https:\/\/211md.org\/wp-content\/uploads\/bb-plugin\/cache\/Data-Post-Image-COVID-circle-abdf7e097c6f7781a4f84df775b7857e-.png\" alt=\"Yon selil COVID-19\" itemprop=\"image\" title=\"Done Post Imaj - COVID\" onerror=\"this.style.display='none'\"  \/>\n\t\t\t\t<\/a>\n\t\t<h3><a href=\"\/ht\/resous-yo\/sant-resous-covid-19\/\" target=\"_self\">KOVID<\/a><\/h3>\t\n\t\t\t\t<a href=\"\/ht\/resous-yo\/vyolans-familyal-domestik\/\" target=\"_self\" itemprop=\"url\">\n\t\t\t\t<img loading=\"lazy\" decoding=\"async\" src=\"https:\/\/211md.org\/wp-content\/uploads\/bb-plugin\/cache\/Mask-Group-39@2x-circle-b2589197a13c791d910f46dd10b27a87-.png\" alt=\"De p\u00e8 men kenbe youn ak l\u00f2t\" itemprop=\"image\" height=\"500\" width=\"500\" title=\"Gwoup Mask 39@2x\" onerror=\"this.style.display='none'\"  \/>\n\t\t\t\t<\/a>\n\t\t<h3><a href=\"\/ht\/resous-yo\/vyolans-familyal-domestik\/\" target=\"_self\">Vyolans Domestik\/ Fanmi<\/a><\/h3>\t\n\t\t\t\t<a href=\"\/ht\/resous-yo\/rechech-travay\/\" target=\"_self\" itemprop=\"url\">\n\t\t\t\t<img loading=\"lazy\" decoding=\"async\" src=\"https:\/\/211md.org\/wp-content\/uploads\/bb-plugin\/cache\/Employment-circle-bf72562329e950df948954f5d3f44b2e-.png\" alt=\"Yon mekanisyen machin\" itemprop=\"image\" height=\"500\" width=\"500\" title=\"Travay\" onerror=\"this.style.display='none'\"  \/>\n\t\t\t\t<\/a>\n\t\t<h3><a href=\"\/ht\/resous-yo\/rechech-travay\/\" target=\"_self\">Travay<\/a><\/h3>\t\n\t\t\t\t<a href=\"\/ht\/resous-yo\/swen-sante\/\" target=\"_self\" itemprop=\"url\">\n\t\t\t\t<img loading=\"lazy\" decoding=\"async\" src=\"https:\/\/211md.org\/wp-content\/uploads\/bb-plugin\/cache\/Mask-Group-35@2x-circle-94be10c13e4adae1683b4589dc2f5b2f-.png\" alt=\"Dokt\u00e8 ap gade janm gason\" itemprop=\"image\" height=\"500\" width=\"500\" title=\"Gwoup Mask 35@2x\" onerror=\"this.style.display='none'\"  \/>\n\t\t\t\t<\/a>\n\t\t<h3><a href=\"\/ht\/resous-yo\/swen-sante\/\" target=\"_self\">Swen Sante<\/a><\/h3>\t\n\t\t\t\t<a href=\"\/ht\/resous-yo\/manje\/\" target=\"_self\" itemprop=\"url\">\n\t\t\t\t<img loading=\"lazy\" decoding=\"async\" src=\"https:\/\/211md.org\/wp-content\/uploads\/bb-plugin\/cache\/Mask-Group-32@2x-circle-1c6d647dcaf998fa079d26735cedc92b-.png\" alt=\"Legim fre\" itemprop=\"image\" height=\"500\" width=\"500\" title=\"Gwoup Mask 32@2x\" onerror=\"this.style.display='none'\"  \/>\n\t\t\t\t<\/a>\n\t\t<h3><a href=\"\/ht\/resous-yo\/manje\/\" target=\"_self\">Manje<\/a><\/h3>\t\n\t\t\t\t<a href=\"\/ht\/resous-yo\/abri-lojman\/\" target=\"_self\" itemprop=\"url\">\n\t\t\t\t<img loading=\"lazy\" decoding=\"async\" src=\"https:\/\/211md.org\/wp-content\/uploads\/bb-plugin\/cache\/Mask-Group-34@2x-circle-b99c55fc16ef21f35e2f2a1f7cc37b9a-.png\" alt=\"Balkon konpl\u00e8ks apatman\" itemprop=\"image\" height=\"500\" width=\"500\" title=\"Apatman-Konpl\u00e8ks\" onerror=\"this.style.display='none'\"  \/>\n\t\t\t\t<\/a>\n\t\t<h3><a href=\"\/ht\/resous-yo\/abri-lojman\/\" target=\"_self\">Lojman &amp; Abri<\/a><\/h3>\t\n\t\t\t\t<a href=\"\/ht\/resous-yo\/nouvo-nan-nou-ak-maryland\/\" target=\"_self\" itemprop=\"url\">\n\t\t\t\t<img loading=\"lazy\" decoding=\"async\" src=\"https:\/\/211md.org\/wp-content\/uploads\/bb-plugin\/cache\/American-flag-circle-0016cc327e27ef7aeb080f1da6c6e98b-.jpg\" alt=\"nouvo nan eta Zini\" itemprop=\"image\" height=\"364\" width=\"1366\" title=\"Ameriken-drapo\" onerror=\"this.style.display='none'\"  \/>\n\t\t\t\t<\/a>\n\t\t<h3><a href=\"\/ht\/resous-yo\/nouvo-nan-nou-ak-maryland\/\" target=\"_self\">Imigrasyon<\/a><\/h3>\t\n\t\t\t\t<a href=\"\/ht\/resous-yo\/timoun-fanmi-yo\/swen-fanmi\/\" target=\"_self\" itemprop=\"url\">\n\t\t\t\t<img decoding=\"async\" src=\"https:\/\/211md.org\/wp-content\/uploads\/bb-plugin\/cache\/kinship-family-navigating-a-computer-circle-045fee9d587aefb20221bfea41a2cf9b-.png\" alt=\"fanmi fanmi navige nan yon \u00f2dinat\u00e8\" itemprop=\"image\" title=\"fanmi fanmi navige nan yon \u00f2dinat\u00e8\" onerror=\"this.style.display='none'\"  \/>\n\t\t\t\t<\/a>\n\t\t<h3><a href=\"\/ht\/resous-yo\/timoun-fanmi-yo\/swen-fanmi\/\" target=\"_self\">Parente<\/a><\/h3>\t\n\t\t\t\t<a href=\"\/ht\/resous-yo\/sevis-legal-yo\/\" target=\"_self\" itemprop=\"url\">\n\t\t\t\t<img loading=\"lazy\" decoding=\"async\" src=\"https:\/\/211md.org\/wp-content\/uploads\/bb-plugin\/cache\/Housing-Legal-circle-9a8f3c1c72c54b6e1ce612d2993c1ad4-.png\" alt=\"Mato legal ak yon mod\u00e8l plastik nan yon kay akote li\" itemprop=\"image\" height=\"348\" width=\"460\" title=\"Lojman Legal\" onerror=\"this.style.display='none'\"  \/>\n\t\t\t\t<\/a>\n\t\t<h3><a href=\"\/ht\/resous-yo\/sevis-legal-yo\/\" target=\"_self\">S\u00e8vis Legal<\/a><\/h3>\t\n\t\t\t\t<a href=\"\/ht\/resous-yo\/sante-mantal\/\" target=\"_self\" itemprop=\"url\">\n\t\t\t\t<img loading=\"lazy\" decoding=\"async\" src=\"https:\/\/211md.org\/wp-content\/uploads\/bb-plugin\/cache\/Mask-Group-40@2x-circle-7bd9426367852fb3d841bc4bdc57a550-.png\" alt=\"Des yon gason ak yon fanm\" itemprop=\"image\" height=\"500\" width=\"500\" title=\"Gwoup Mask 40@2x\" onerror=\"this.style.display='none'\"  \/>\n\t\t\t\t<\/a>\n\t\t<h3><a href=\"\/ht\/resous-yo\/sante-mantal\/\" target=\"_self\">Sante mantal<\/a><\/h3>\t\n\t\t\t\t<a href=\"\/ht\/resous-yo\/mdreentry\/\" target=\"_self\" itemprop=\"url\">\n\t\t\t\t<img loading=\"lazy\" decoding=\"async\" src=\"https:\/\/211md.org\/wp-content\/uploads\/bb-plugin\/cache\/Diverse-group-of-community-members-circle-4457c114cd48613bc79a0fb50060319c-.jpg\" alt=\"Gwoup div\u00e8s manm kominote a\" itemprop=\"image\" height=\"800\" width=\"1200\" title=\"Gwoup div\u00e8s manm kominote a\" onerror=\"this.style.display='none'\"  \/>\n\t\t\t\t<\/a>\n\t\t<h3><a href=\"\/ht\/resous-yo\/mdreentry\/\" target=\"_self\">Reantre<\/a><\/h3>\t\n\t\t\t\t<a href=\"\/ht\/sispann\/\" target=\"_self\" itemprop=\"url\">\n\t\t\t\t<img loading=\"lazy\" decoding=\"async\" src=\"https:\/\/211md.org\/wp-content\/uploads\/bb-plugin\/cache\/Background-section-MDStophate-circle-08e2bae1cf9f2ad6cc83e01e23da8cb9-.jpg\" alt=\"Jan nou koumanse-seksyon-MDStophate\" itemprop=\"image\" height=\"768\" width=\"1366\" title=\"Jan nou koumanse-seksyon-MDStophate\" onerror=\"this.style.display='none'\"  \/>\n\t\t\t\t<\/a>\n\t\t<h3><a href=\"\/ht\/sispann\/\" target=\"_self\">Sispann Rayi<\/a><\/h3>\t\n\t\t\t\t<a href=\"\/ht\/resous-yo\/itilizasyon-sibstans\/\" target=\"_self\" itemprop=\"url\">\n\t\t\t\t<img loading=\"lazy\" decoding=\"async\" src=\"https:\/\/211md.org\/wp-content\/uploads\/bb-plugin\/cache\/Substance-Use-circle-ad2d564932dc31267e0c32a6fb2d915c-.png\" alt=\"Grenn kraze men yo\" itemprop=\"image\" height=\"500\" width=\"500\" title=\"Sibstans-Itilize\" onerror=\"this.style.display='none'\"  \/>\n\t\t\t\t<\/a>\n\t\t<h3><a href=\"\/ht\/resous-yo\/itilizasyon-sibstans\/\" target=\"_self\">Itilizasyon sibstans<\/a><\/h3>\t\n\t\t\t\t<a href=\"\/ht\/resous-yo\/sevis-taks\/\" target=\"_self\" itemprop=\"url\">\n\t\t\t\t<img loading=\"lazy\" decoding=\"async\" src=\"https:\/\/211md.org\/wp-content\/uploads\/bb-plugin\/cache\/Mask-Group-34-circle-166a606e37e61188c9a17d5e634cda3c-.png\" alt=\"Moun ki ranpli papye taks sou revni\" itemprop=\"image\" height=\"500\" width=\"500\" title=\"Gwoup Mask 34\" onerror=\"this.style.display='none'\"  \/>\n\t\t\t\t<\/a>\n\t\t<h3><a href=\"\/ht\/resous-yo\/sevis-taks\/\" target=\"_self\">S\u00e8vis taks<\/a><\/h3>\t\n\t\t\t\t<a href=\"\/ht\/resous-yo\/asistans-sevis-piblik\/\" target=\"_self\" itemprop=\"url\">\n\t\t\t\t<img loading=\"lazy\" decoding=\"async\" src=\"https:\/\/211md.org\/wp-content\/uploads\/bb-plugin\/cache\/Mask-Group-37@2x-circle-9661a11b9c4082079c9a1f06bc539567-.png\" alt=\"Yon anpoul limen\" itemprop=\"image\" height=\"500\" width=\"500\" title=\"Gwoup Mask 37@2x\" onerror=\"this.style.display='none'\"  \/>\n\t\t\t\t<\/a>\n\t\t<h3><a href=\"\/ht\/resous-yo\/asistans-sevis-piblik\/\" target=\"_self\">Asistans s\u00e8vis piblik<\/a><\/h3>\t\n\t\t\t\t<a href=\"\/ht\/resous-yo\/veteran-yo\/\" target=\"_self\" itemprop=\"url\">\n\t\t\t\t<img decoding=\"async\" src=\"https:\/\/211md.org\/wp-content\/uploads\/bb-plugin\/cache\/Veterans-circle-7c6972a59826c74f1f658f61df785fc3-.png\" alt=\"Yon s\u00f2lda ki bay men yon moun epi li souri\" itemprop=\"image\" title=\"Veteran yo\" onerror=\"this.style.display='none'\"  \/>\n\t\t\t\t<\/a>\n\t\t<h3><a href=\"\/ht\/resous-yo\/veteran-yo\/\" target=\"_self\">Veteran yo<\/a><\/h3>","protected":false},"excerpt":{"rendered":"<p>Konfli pwopriyet\u00e8 ak lokat\u00e8 yo se youn nan plent ki pi komen nan Biwo Pwokir\u00e8 Jeneral Maryland la. K\u00f2m yon lokat\u00e8, ou gen s\u00e8ten dwa, obligasyon ak rem\u00e8d ki disponib anba lwa Maryland. Kapab genyen tou pwoteksyon lokal ki disponib oswa pwosesis yon ti kras diferan pou rezoud yon diskisyon pwopriyet\u00e8. Diskisyon komen pwopriyet\u00e8-lokat\u00e8 Lokat\u00e8 yo ak pwopriyet\u00e8 yo ka pa dak\u00f2 sou: aplikasyon...<\/p>","protected":false},"author":8,"featured_media":1905,"parent":928,"menu_order":0,"comment_status":"closed","ping_status":"closed","template":"","meta":{"footnotes":""},"class_list":["post-1115","page","type-page","status-publish","has-post-thumbnail","hentry"],"_links":{"self":[{"href":"https:\/\/211md.org\/ht\/wp-json\/wp\/v2\/pages\/1115","targetHints":{"allow":["GET"]}}],"collection":[{"href":"https:\/\/211md.org\/ht\/wp-json\/wp\/v2\/pages"}],"about":[{"href":"https:\/\/211md.org\/ht\/wp-json\/wp\/v2\/types\/page"}],"author":[{"embeddable":true,"href":"https:\/\/211md.org\/ht\/wp-json\/wp\/v2\/users\/8"}],"replies":[{"embeddable":true,"href":"https:\/\/211md.org\/ht\/wp-json\/wp\/v2\/comments?post=1115"}],"version-history":[{"count":0,"href":"https:\/\/211md.org\/ht\/wp-json\/wp\/v2\/pages\/1115\/revisions"}],"up":[{"embeddable":true,"href":"https:\/\/211md.org\/ht\/wp-json\/wp\/v2\/pages\/928"}],"wp:featuredmedia":[{"embeddable":true,"href":"https:\/\/211md.org\/ht\/wp-json\/wp\/v2\/media\/1905"}],"wp:attachment":[{"href":"https:\/\/211md.org\/ht\/wp-json\/wp\/v2\/media?parent=1115"}],"curies":[{"name":"wp","href":"https:\/\/api.w.org\/{rel}","templated":true}]}}