{"id":1116,"date":"2021-04-19T16:19:54","date_gmt":"2021-04-19T16:19:54","guid":{"rendered":"https:\/\/211md.org\/?page_id=1116"},"modified":"2026-04-28T11:56:26","modified_gmt":"2026-04-28T15:56:26","slug":"eliminasyon-dwog","status":"publish","type":"page","link":"https:\/\/211md.org\/ht\/resources\/substance-use\/drug-disposal\/","title":{"rendered":"Kisa pou w f\u00e8 ak ansyen medikaman sou preskripsyon"},"content":{"rendered":"<figure data-animation-delay=\"0\" data-animation-duration=\"1\" itemscope itemtype=\"https:\/\/schema.org\/ImageObject\">\n\t\t\t\t<img decoding=\"async\" src=\"https:\/\/stg-maryland211-staging.kinsta.cloud\/wp-content\/uploads\/2025\/08\/5-1-scaled.png\" alt=\"5\" height=\"692\" width=\"2560\" title=\"5\" onerror=\"this.style.display='none'\" loading=\"lazy\" \/>\n\t<\/figure>\n\t\t<h1><a href=\"#start\" target=\"_self\">Tit Paj Defo<\/a><\/h1><p>\u00c8ske ou gen medikaman sou preskripsyon oswa medikaman san preskripsyon ki fin vye, ki ekspire, ki pa neses\u00e8, oswa ki pa itilize nan kabin\u00e8t famasi ou a?<\/p>\n<p>Jete medikaman yo yon fason ki an sekirite ka ede anpeche itilizasyon opyoyid.<\/p>\n<p>Medikaman kapab lak\u00f2z pwobl\u00e8m anviw\u00f2nman tou l\u00e8 yo pa jete yo nan fatra a oswa nan twal\u00e8t la mal.<\/p>\n<p>Aprann kijan pou jete medikaman yo byen.<\/p>\n\t\t\t<a href=\"#start\"  target=\"_self\">\n\t\t\t\t\t\tK\u00f2manse\n\t\t\t\t\t<\/a>\n<figure data-animation-delay=\"0\" data-animation-duration=\"1\" itemscope itemtype=\"https:\/\/schema.org\/ImageObject\">\n\t\t\t\t<img decoding=\"async\" src=\"https:\/\/211md.org\/wp-content\/plugins\/bb-plugin\/img\/pixel.png\" alt=\"\" onerror=\"this.style.display='none'\" loading=\"lazy\" \/>\n\t<\/figure>\n<figure data-animation-delay=\"0\" data-animation-duration=\"1.3\" itemscope itemtype=\"https:\/\/schema.org\/ImageObject\">\n\t\t\t\t<img decoding=\"async\" src=\"https:\/\/stg-maryland211-staging.kinsta.cloud\/wp-content\/uploads\/2025\/08\/16.png\" alt=\"16\" height=\"1000\" width=\"1000\" title=\"16\" onerror=\"this.style.display='none'\" loading=\"lazy\" \/>\n\t<\/figure>\n<figure data-animation-delay=\"0\" data-animation-duration=\"1\" itemscope itemtype=\"https:\/\/schema.org\/ImageObject\">\n\t\t\t\t<img decoding=\"async\" src=\"http:\/\/211md.org\/wp-content\/uploads\/2021\/04\/safely-get-rid-of-prescription-medicine-in-maryland.jpg\" alt=\"Grenn woz, ble, ak v\u00e8t koule soti nan bout\u00e8y grenn\" title=\"san danje debarase m de medikaman sou preskripsyon nan Maryland\" onerror=\"this.style.display='none'\" loading=\"lazy\" \/>\n\t<\/figure>\n\t<h2>Poukisa ou bezwen jete medikaman?<\/h2>\n<p>Anpeche move itilizasyon dw\u00f2g pa janm rive se youn nan pi bon fason ou ka f\u00e8 yon diferans nan epidemi opioid la.<\/p>\n<p>Properly disposing of medications helps:<\/p>\n<ul>\n<li>Keeps drugs out of the hands of teenagers or adults.<\/li>\n<li>Prevents them from being stolen or sold illegally.<\/li>\n<li>Prevents poisoning of children and pets.<\/li>\n<li>Protects the environment.<\/li>\n<\/ul>\n<p>Kit ou gen ansyen medikaman (preskripsyon oswa san preskripsyon) lakay ou oswa yon manm fanmi ki te mouri gen medikaman lakay yo, gen fason gratis pou jete yo san jete yo nan fatra.<\/p>\n<h3>Jwenn yon sak pou jete medikaman gratis<\/h3>\n<p>Ou ka jete medikaman sou preskripsyon lakay ou l\u00e8 w pran s\u00e8ten prekosyon, atrav\u00e8 yon pwogram pou ranmase medikaman nan famasi, oubyen av\u00e8k yon sache pou jete medikaman.<\/p>\n<p>Ou ranpli sache ki ka sele a ak medikaman, ou ajoute yon ti dlo, ou souke l, epi ou jete sache a.<\/p>\n<p>Sak la gen kab\u00f2n ladan l, ki dezaktive medikaman an, sa ki f\u00e8 li san danje pou jete l nan fatra.<\/p>\n\t<h3>Jounen pou pran dw\u00f2g la<\/h3>\n<p>Chak ane, gen ev\u00e8nman reprann dw\u00f2g kote ou ka depoze medikaman sou preskripsyon ou yo pou w jete yo san danje. Yo ap f\u00e8t chak ot\u00f2n ak prentan.<\/p>\n<p><a href=\"https:\/\/apps2.deadiversion.usdoj.gov\/NTBI\/NTBI-PUB.pub;jsessionid=eok_7496ISLHX1XN6KwiBJs1LFug_LlU3VoWHx7U.web1?_flowExecutionKey=_c8710170A-AC86-0E50-1E2F-F12DE4152607_k050F69E5-77E8-5CE1-21C4-8AF29D72BB29\" target=\"_blank\" rel=\"noopener\">Ch\u00e8che nan baz done ajans pou f\u00e8 respekte dw\u00f2g la<\/a>\u00a0pa k\u00f2d postal pou jwenn yon sit lokal pou pran dw\u00f2g nan Maryland.<\/p>\n<h3>Medication Dropoff Boxes<\/h3>\n<p>Gen k\u00e8k famasi ak depatman lapolis ki gen bwat pou jete grenn ke ou ka itilize nenp\u00f2t ki l\u00e8 pandan ane a.<\/p>\n<p>La\u00a0<a href=\"https:\/\/safe.pharmacy\/drug-disposal\/results\/?address=21601&amp;distance=100\" target=\"_blank\" rel=\"noopener\">Asosyasyon Nasyonal pou Komisyon Kons\u00e8y Famasi<\/a>\u00a0gen yon rech\u00e8ch k\u00f2d postal pou jwenn yon bwat jete lokal ki toujou disponib.<\/p>\n<p><a href=\"https:\/\/www.walgreens.com\/storelocator\/find.jsp?RxDisposal=true\" target=\"_blank\" rel=\"noopener\">Walgreens tou gen pw\u00f2p rech\u00e8ch li pou kontwar dw\u00f2g<\/a>\u00a0ki disponib pandan l\u00e8 famasi yo.<\/p>\n<p>Plizy\u00e8 depatman lapolis Maryland gen bwat dw\u00f2g ki p\u00e8m\u00e8t yon moun antre epi jete medikaman yo nenp\u00f2t ki l\u00e8.\u00a0<a href=\"https:\/\/www.rxdrugdropbox.org\/loc\/maryland\/page\/2\/\" target=\"_blank\" rel=\"noopener\">Ch\u00e8che yon bwat dw\u00f2g Maryland<\/a>.<\/p>\n<p>Ou kapab tou\u00a0<a href=\"https:\/\/apps.deadiversion.usdoj.gov\/pubdispsearch\/spring\/main;jsessionid=fq7vl3mOzhqOw4Y5iIIJPgoCw7tEg_83X0rygMp5.web1?execution=e1s1\" target=\"_blank\" rel=\"noopener\">rech\u00e8ch baz done jete piblik sibstans kontwole<\/a>\u00a0pou jwenn yon kote toupre w ki aksepte medikaman sou preskripsyon.<\/p>\n<figure itemscope itemtype=\"https:\/\/schema.org\/ImageObject\">\n\t\t\t\t<img decoding=\"async\" src=\"http:\/\/211md.org\/wp-content\/uploads\/2025\/09\/man-looking-at-old-medications-in-medicine-cabinet.jpg\" alt=\"man looking at old medication in medicine cabinet\" title=\"man looking at old medications in medicine cabinet\" onerror=\"this.style.display='none'\" loading=\"lazy\" \/>\n\t<\/figure>\n<figure itemscope itemtype=\"https:\/\/schema.org\/ImageObject\">\n\t\t\t\t<img decoding=\"async\" src=\"https:\/\/211md.org\/wp-content\/plugins\/bb-plugin\/img\/pixel.png\" alt=\"\" onerror=\"this.style.display='none'\" loading=\"lazy\" \/>\n\t<\/figure>\n\t<h3>Kijan Pou Jete Ansyen Medikaman<\/h3>\n<p>Si ou pa ka jwenn yon sit pou jete dw\u00f2g ki toupre w, ou pa ka tann pou pwochen jou reprann ou epi ou pa gen aks\u00e8 a yon sak pou jete dw\u00f2g \u2013 ou ka jete k\u00e8k medikaman nan twal\u00e8t la oswa jete yo nan twal\u00e8t la. fatra.<\/p>\n<p>Ank\u00f2, li pi bon pou byen jete yo si sa posib.<\/p>\n<p>Dw\u00f2g yo ale nan yon izin tretman dlo ize l\u00e8 yo vide nan koule a oswa l\u00e8 yo vide twal\u00e8t la. Plant sa yo pa f\u00e8t pou retire medikaman regily\u00e8man. K\u00f2m yon rezilta, medikaman ka koule nan dlo anba t\u00e8, rivy\u00e8, ak kouran dlo, antre nan sous dlo pou bw\u00e8.<\/p>\n<h3>Lis Flush FDA<\/h3>\n<p>Gen k\u00e8k dw\u00f2g ki t\u00e8lman danjere l\u00e8 yo nan move men yo epi yo souvan mal itilize ke Food and Drug Administration te kreye yon\u00a0<a href=\"https:\/\/www.fda.gov\/drugs\/disposal-unused-medicines-what-you-should-know\/drug-disposal-fdas-flush-list-certain-medicines#FlushList\" target=\"_blank\" rel=\"noopener\">lis flush apwouve<\/a>. S\u00e8lman lave medikaman ki sou lis sa a si pa gen l\u00f2t opsyon ki disponib.<\/p>\n<p>Medikaman sa yo ka lak\u00f2z lanm\u00f2 nan yon s\u00e8l d\u00f2z si yo pran yon fason ki pa apwopriye. FDA a kw\u00e8 ke risk pou yo ekspoze aksidan an depase byen lwen enkyetid anviw\u00f2nman pou s\u00e8ten dw\u00f2g. Kidonk, li pi bon pou w lave medikaman sa yo pase pou w tann yon jou reprann.<\/p>\n<p>L\u00f2t opsyon an se melanje medikaman an ak fatra chat oswa kafe ak sele li nan yon veso jetab. Sa a ka yon veso yogout vid oswa yon sache sele. Retire fichye ki sou bout\u00e8y medikaman an oswa itilize yon mak\u00e8 p\u00e8manan pou retire enf\u00f2masyon ki kapab idantifye epi jete bout\u00e8y vid la separeman.<\/p>\n<p>&nbsp;<\/p>\n<p>&nbsp;<\/p>\n<h2>Bezwen yon l\u00f2t bagay?<\/h2>\n<p>211 gen plizy\u00e8 milye resous pou l\u00f2t bezwen esansy\u00e8l. Jwenn \u00e8d ak manje, lojman, asistans pou s\u00e8vis piblik, ak plis ank\u00f2!<\/p>\n<p>&nbsp;<\/p>\n\t\t\t<a href=\"\/ht\/resous-yo\/manje\/\"  target=\"_self\">\n\t\t\t\t\t\tjwenn manje\n\t\t\t\t\t<\/a>\n\t\t\t<a href=\"\/ht\/resous-yo\/abri-lojman\/\"  target=\"_self\">\n\t\t\t\t\t\tjwenn lojman\n\t\t\t\t\t<\/a>\n\t\t\t<a href=\"\/ht\/resous-yo\/utilities\/\"  target=\"_self\">\n\t\t\t\t\t\tjwenn asistans s\u00e8vis piblik\n\t\t\t\t\t<\/a>\n\t\t\t<a href=\"\/ht\/resous-pa-konte\/\"  target=\"_self\">\n\t\t\t\t\t\tresous pa konte\n\t\t\t\t\t<\/a>\n<h2>\n\t\t\tOther Articles You May Like\t<\/h2>\n\t\t<h4><a href=\"\/ht\/resous-yo\/aje-andikap\/?utm_source=Home&#038;utm_medium=Referral&#038;utm_campaign=211Resources&#038;utm_content=Aging\" target=\"_self\">Aje ak Andikap<\/a><\/h4><figure itemscope itemtype=\"https:\/\/schema.org\/ImageObject\">\n\t\t\t\t<a href=\"\/ht\/resous-yo\/aje-andikap\/?utm_source=Home&#038;utm_medium=Referral&#038;utm_campaign=211Resources&#038;utm_content=Aging\"  target=\"_self\" itemprop=\"url\">\n\t\t\t\t<img decoding=\"async\" src=\"https:\/\/211md.org\/wp-content\/uploads\/bb-plugin\/cache\/2025_MdInfoNet_Icon-Sets_Aging-disability-square-c466727102cae71e5f27b8539bb51945-.png\" alt=\"\" onerror=\"this.style.display='none'\" loading=\"lazy\" \/>\n\t\t\t\t<\/a>\n\t<\/figure>\n\t\t<h4><a href=\"\/ht\/resous-yo\/timoun-fanmi-yo\/?utm_source=Home&#038;utm_medium=Referral&#038;utm_campaign=211Resources&#038;utm_content=Children\" target=\"_self\">Timoun ak Fanmi<\/a><\/h4><figure itemscope itemtype=\"https:\/\/schema.org\/ImageObject\">\n\t\t\t\t<a href=\"\/ht\/resous-yo\/timoun-fanmi-yo\/?utm_source=Home&#038;utm_medium=Referral&#038;utm_campaign=211Resources&#038;utm_content=Children\"  target=\"_self\" itemprop=\"url\">\n\t\t\t\t<img decoding=\"async\" src=\"https:\/\/211md.org\/wp-content\/uploads\/bb-plugin\/cache\/2025_211_Icon-Sets_Child-care-square-f3b0d4edab3dcc467fadb5f55f4064c6-.png\" alt=\"parent and child icon for child care\" height=\"417\" width=\"417\" title=\"2025_211_Ansanm Ik\u00f2n_Swen Timoun\" onerror=\"this.style.display='none'\" loading=\"lazy\" \/>\n\t\t\t\t<\/a>\n\t<\/figure>\n\t\t<h4><a href=\"\/ht\/resous-yo\/vyolans-familyal-domestik\/?utm_source=Home&#038;utm_medium=Referral&#038;utm_campaign=211Resources&#038;utm_content=Domestic\" target=\"_self\">Vyolans domestik<\/a><\/h4><figure itemscope itemtype=\"https:\/\/schema.org\/ImageObject\">\n\t\t\t\t<a href=\"\/ht\/resous-yo\/vyolans-familyal-domestik\/?utm_source=Home&#038;utm_medium=Referral&#038;utm_campaign=211Resources&#038;utm_content=Domestic\"  target=\"_self\" itemprop=\"url\">\n\t\t\t\t<img decoding=\"async\" src=\"https:\/\/211md.org\/wp-content\/uploads\/bb-plugin\/cache\/2025_211_Icon-Sets_Domestic-Violence-square-7b597694a6f05fe90cdc376aa573bc63-.png\" alt=\"House with a heart in the middle icon\" height=\"417\" width=\"417\" title=\"2025_211_Ansanm Ik\u00f2n_Vyolans Domestik\" onerror=\"this.style.display='none'\" loading=\"lazy\" \/>\n\t\t\t\t<\/a>\n\t<\/figure>\n\t\t<h4><a href=\"\/ht\/resous-yo\/rechech-travay\/?utm_source=Home&#038;utm_medium=Referral&#038;utm_campaign=211Resources&#038;utm_content=Employment\" target=\"_self\">Travay<\/a><\/h4><figure itemscope itemtype=\"https:\/\/schema.org\/ImageObject\">\n\t\t\t\t<a href=\"\/ht\/resous-yo\/rechech-travay\/?utm_source=Home&#038;utm_medium=Referral&#038;utm_campaign=211Resources&#038;utm_content=Employment\"  target=\"_self\" itemprop=\"url\">\n\t\t\t\t<img decoding=\"async\" src=\"https:\/\/211md.org\/wp-content\/uploads\/bb-plugin\/cache\/2025_MdInfoNet_Icon-Sets_Employment-square-44707bd410e4df10a470bf130ebcea86-.png\" alt=\"\" onerror=\"this.style.display='none'\" loading=\"lazy\" \/>\n\t\t\t\t<\/a>\n\t<\/figure>\n\t\t<h4><a href=\"\/ht\/resous-yo\/swen-sante\/?utm_source=Home&#038;utm_medium=Referral&#038;utm_campaign=211Resources&#038;utm_content=Health%20Care\" target=\"_self\">Swen Sante<\/a><\/h4><figure itemscope itemtype=\"https:\/\/schema.org\/ImageObject\">\n\t\t\t\t<a href=\"\/ht\/resous-yo\/swen-sante\/?utm_source=Home&#038;utm_medium=Referral&#038;utm_campaign=211Resources&#038;utm_content=Health%20Care\"  target=\"_self\" itemprop=\"url\">\n\t\t\t\t<img decoding=\"async\" src=\"https:\/\/211md.org\/wp-content\/uploads\/bb-plugin\/cache\/2025_MdInfoNet_Icon-Sets_Health-Care-square-dee98a0060cbe0e7f27eda253fc12679-.png\" alt=\"\" onerror=\"this.style.display='none'\" loading=\"lazy\" \/>\n\t\t\t\t<\/a>\n\t<\/figure>\n\t\t<h4><a href=\"\/ht\/resous-yo\/nouvo-nan-nou-ak-maryland\/?utm_source=Home&#038;utm_medium=Referral&#038;utm_campaign=211Resources&#038;utm_content=Immigration\" target=\"_self\">Imigrasyon<\/a><\/h4><figure itemscope itemtype=\"https:\/\/schema.org\/ImageObject\">\n\t\t\t\t<a href=\"\/ht\/resous-yo\/nouvo-nan-nou-ak-maryland\/?utm_source=Home&#038;utm_medium=Referral&#038;utm_campaign=211Resources&#038;utm_content=Immigration\"  target=\"_self\" itemprop=\"url\">\n\t\t\t\t<img decoding=\"async\" src=\"https:\/\/211md.org\/wp-content\/uploads\/bb-plugin\/cache\/2025_MdInfoNet_Icon-Sets_Immigration-square-8b97b7fdfe5e6071405e216855065118-.png\" alt=\"ik\u00f2n imigrasyon\" title=\"2025_MdInfoNet_Icon-Sets_Immigration\" onerror=\"this.style.display='none'\" loading=\"lazy\" \/>\n\t\t\t\t<\/a>\n\t<\/figure>\n\t\t<h4><a href=\"\/ht\/resous-yo\/timoun-fanmi-yo\/swen-fanmi\/?utm_source=Home&#038;utm_medium=Referral&#038;utm_campaign=211Resources&#038;utm_content=Kinship\" target=\"_self\">Parente<\/a><\/h4><figure itemscope itemtype=\"https:\/\/schema.org\/ImageObject\">\n\t\t\t\t<a href=\"\/ht\/resous-yo\/timoun-fanmi-yo\/swen-fanmi\/?utm_source=Home&#038;utm_medium=Referral&#038;utm_campaign=211Resources&#038;utm_content=Kinship\"  target=\"_self\" itemprop=\"url\">\n\t\t\t\t<img decoding=\"async\" src=\"https:\/\/211md.org\/wp-content\/uploads\/bb-plugin\/cache\/2025_211_Icon-Sets_Kinship-square-45bdf872866f5735f842c32071109267-.png\" alt=\"Ik\u00f2n fanmi\" height=\"417\" width=\"417\" title=\"2025_211_Ansanm Ik\u00f2n_Fanmitay\" onerror=\"this.style.display='none'\" loading=\"lazy\" \/>\n\t\t\t\t<\/a>\n\t<\/figure>\n\t\t<h4><a href=\"\/ht\/resous-yo\/sevis-legal-yo\/?utm_source=Home&#038;utm_medium=Referral&#038;utm_campaign=211Resources&#038;utm_content=Legal\" target=\"_self\">S\u00e8vis Legal<\/a><\/h4><figure itemscope itemtype=\"https:\/\/schema.org\/ImageObject\">\n\t\t\t\t<a href=\"\/ht\/resous-yo\/sevis-legal-yo\/?utm_source=Home&#038;utm_medium=Referral&#038;utm_campaign=211Resources&#038;utm_content=Legal\"  target=\"_self\" itemprop=\"url\">\n\t\t\t\t<img decoding=\"async\" src=\"https:\/\/211md.org\/wp-content\/uploads\/bb-plugin\/cache\/2025_MdInfoNet_Icon-Sets_Legal-square-18fdf438feb8435588174d9046463257-.png\" alt=\"\" onerror=\"this.style.display='none'\" loading=\"lazy\" \/>\n\t\t\t\t<\/a>\n\t<\/figure>\n\t\t<h4><a href=\"\/ht\/resous-yo\/sante-mantal\/?utm_source=Home&#038;utm_medium=Referral&#038;utm_campaign=211Resources&#038;utm_content=Mental\" target=\"_self\">Sante mantal<\/a><\/h4><figure itemscope itemtype=\"https:\/\/schema.org\/ImageObject\">\n\t\t\t\t<a href=\"\/ht\/resous-yo\/sante-mantal\/?utm_source=Home&#038;utm_medium=Referral&#038;utm_campaign=211Resources&#038;utm_content=Mental\"  target=\"_self\" itemprop=\"url\">\n\t\t\t\t<img decoding=\"async\" src=\"https:\/\/211md.org\/wp-content\/uploads\/bb-plugin\/cache\/2025_MdInfoNet_Icon-Sets_Mental-Health-square-c59b38c4a993a947d4c9280fbe2d2fee-.png\" alt=\"\" onerror=\"this.style.display='none'\" loading=\"lazy\" \/>\n\t\t\t\t<\/a>\n\t<\/figure>\n\t\t<h4><a href=\"\/ht\/resous-yo\/mdreentry\/?utm_source=Home&#038;utm_medium=Referral&#038;utm_campaign=211Resources&#038;utm_content=Reentry\" target=\"_self\">Reantre<\/a><\/h4><figure itemscope itemtype=\"https:\/\/schema.org\/ImageObject\">\n\t\t\t\t<a href=\"\/ht\/resous-yo\/mdreentry\/?utm_source=Home&#038;utm_medium=Referral&#038;utm_campaign=211Resources&#038;utm_content=Reentry\"  target=\"_self\" itemprop=\"url\">\n\t\t\t\t<img decoding=\"async\" src=\"https:\/\/211md.org\/wp-content\/uploads\/bb-plugin\/cache\/2025_211_Icon-Sets_Reentry-square-8676fea38abd920a832f45642fe31cca-.png\" alt=\"Ik\u00f2n Reantre\" height=\"417\" width=\"417\" title=\"2025_211_Ansanm Ik\u00f2n_Reantre\" onerror=\"this.style.display='none'\" loading=\"lazy\" \/>\n\t\t\t\t<\/a>\n\t<\/figure>\n\t\t<h4><a href=\"\/ht\/resous-yo\/itilizasyon-sibstans\/?utm_source=Home&#038;utm_medium=Referral&#038;utm_campaign=211Resources&#038;utm_content=Substance\" target=\"_self\">Itilizasyon sibstans<\/a><\/h4><figure itemscope itemtype=\"https:\/\/schema.org\/ImageObject\">\n\t\t\t\t<a href=\"\/ht\/resous-yo\/itilizasyon-sibstans\/?utm_source=Home&#038;utm_medium=Referral&#038;utm_campaign=211Resources&#038;utm_content=Substance\"  target=\"_self\" itemprop=\"url\">\n\t\t\t\t<img decoding=\"async\" src=\"https:\/\/211md.org\/wp-content\/uploads\/bb-plugin\/cache\/2025_MdInfoNet_Icon-Sets_Substance-Abuse-square-4f414f085e657267739c181957754f48-.png\" alt=\"Pills for substance Use icon\" title=\"2025_MdInfoNet_Icon-Sets_Substance-Abuse\" onerror=\"this.style.display='none'\" loading=\"lazy\" \/>\n\t\t\t\t<\/a>\n\t<\/figure>\n\t\t<h4><a href=\"\/ht\/resous-yo\/veteran-yo\/?utm_source=Home&#038;utm_medium=Referral&#038;utm_campaign=211Resources&#038;utm_content=Veterans\" target=\"_self\">Veteran yo<\/a><\/h4><figure itemscope itemtype=\"https:\/\/schema.org\/ImageObject\">\n\t\t\t\t<a href=\"\/ht\/resous-yo\/veteran-yo\/?utm_source=Home&#038;utm_medium=Referral&#038;utm_campaign=211Resources&#038;utm_content=Veterans\"  target=\"_self\" itemprop=\"url\">\n\t\t\t\t<img decoding=\"async\" src=\"https:\/\/211md.org\/wp-content\/uploads\/bb-plugin\/cache\/2025_MdInfoNet_Icon-Sets_Rating-square-6e60d00cce4faa8e0a6d4ad7366aa733-.png\" alt=\"\" onerror=\"this.style.display='none'\" loading=\"lazy\" \/>\n\t\t\t\t<\/a>\n\t<\/figure>","protected":false},"excerpt":{"rendered":"<p>Default Page Heading Do you have old, expired, unwanted, or unused prescriptions or over-the-counter drugs in your medicine cabinet? Safe disposal of medications can help prevent opiod use. Medication can also cause environmental problems when improperly disposed of in the trash or flushed down the toilet. Learn about ways to properly dispose of medications. Get&hellip;<\/p>","protected":false},"author":8,"featured_media":4027,"parent":837,"menu_order":0,"comment_status":"closed","ping_status":"closed","template":"","meta":{"footnotes":""},"class_list":["post-1116","page","type-page","status-publish","has-post-thumbnail","hentry"],"_links":{"self":[{"href":"https:\/\/211md.org\/ht\/wp-json\/wp\/v2\/pages\/1116","targetHints":{"allow":["GET"]}}],"collection":[{"href":"https:\/\/211md.org\/ht\/wp-json\/wp\/v2\/pages"}],"about":[{"href":"https:\/\/211md.org\/ht\/wp-json\/wp\/v2\/types\/page"}],"author":[{"embeddable":true,"href":"https:\/\/211md.org\/ht\/wp-json\/wp\/v2\/users\/8"}],"replies":[{"embeddable":true,"href":"https:\/\/211md.org\/ht\/wp-json\/wp\/v2\/comments?post=1116"}],"version-history":[{"count":7,"href":"https:\/\/211md.org\/ht\/wp-json\/wp\/v2\/pages\/1116\/revisions"}],"predecessor-version":[{"id":34612,"href":"https:\/\/211md.org\/ht\/wp-json\/wp\/v2\/pages\/1116\/revisions\/34612"}],"up":[{"embeddable":true,"href":"https:\/\/211md.org\/ht\/wp-json\/wp\/v2\/pages\/837"}],"wp:featuredmedia":[{"embeddable":true,"href":"https:\/\/211md.org\/ht\/wp-json\/wp\/v2\/media\/4027"}],"wp:attachment":[{"href":"https:\/\/211md.org\/ht\/wp-json\/wp\/v2\/media?parent=1116"}],"curies":[{"name":"wp","href":"https:\/\/api.w.org\/{rel}","templated":true}]}}