{"id":1120,"date":"2021-04-19T16:31:34","date_gmt":"2021-04-19T16:31:34","guid":{"rendered":"https:\/\/211md.org\/?page_id=1120"},"modified":"2023-10-31T16:07:47","modified_gmt":"2023-10-31T20:07:47","slug":"se-yon-pwopriyete","status":"publish","type":"page","link":"https:\/\/211md.org\/ht\/resources\/legal-services\/being-a-landlord\/","title":{"rendered":"Pou ou kab vin yon Pwopriyet\u00e8"},"content":{"rendered":"<p>Biznis la posede ak jere pwopriyete rezidansy\u00e8l lokasyon se anpil tankou nenp\u00f2t biznis. Li mande rech\u00e8ch, planifikasyon ak konesans. Antanke pwopriyet\u00e8 Maryland, li enp\u00f2tan pou w konnen lwa federal, leta ak lokal ki gouv\u00e8ne relasyon lokat\u00e8 pwopriyet\u00e8 a. Men k\u00e8k resous ki ka ede w k\u00f2m yon pwopriyet\u00e8.<\/p>\n<p>La&nbsp;<a href=\"https:\/\/peoples-law.org\/being-landlord\" target=\"_blank\" rel=\"noreferrer noopener\">People&#039;s Law Library of Maryland gen resous ak dokiman<\/a>&nbsp;ki ka f\u00e8 w konnen dwa w ak responsablite w antanke pwopriyet\u00e8.<\/p>\n<h2>Enf\u00f2masyon ki gen rap\u00f2<\/h2>\n<p><a title=\"Dwa Lokat\u00e8\" href=\"https:\/\/211md.org\/ht\/resous-yo\/sevis-legal-yo\/dwa-lokate-yo\/\">Dwa Lokat\u00e8<\/a><\/p>\n<p><a href=\"https:\/\/211md.org\/ht\/resous-yo\/abri-lojman\/\">Lojman<\/a><\/p>\n<h2>\n\t\tJwenn Resous\n\t<\/h2>\n\t\t\t\t<a href=\"\/ht\/resous-yo\/aje-andikap\/\" target=\"_self\" itemprop=\"url\" rel=\"noopener\">\n\t\t\t\t<img loading=\"lazy\" decoding=\"async\" src=\"https:\/\/211md.org\/wp-content\/uploads\/bb-plugin\/cache\/Mask-Group-41@2x-circle.png\" alt=\"Pye yon fanm ki pi gran ak yon ti fi k ap mache ansanm\" itemprop=\"image\" height=\"500\" width=\"500\" title=\"S\u00e8vis Enfimite\" onerror=\"this.style.display='none'\">\n\t\t\t\t<\/a>\n\t\t<h3><a href=\"\/ht\/resous-yo\/aje-andikap\/\" target=\"_self\" rel=\"noopener\">Aje ak Andikap<\/a><\/h3>\t\t\n\t\t\t\t<a href=\"\/ht\/resous-yo\/timoun-fanmi-yo\/\" target=\"_self\" itemprop=\"url\" rel=\"noopener\">\n\t\t\t\t<img loading=\"lazy\" decoding=\"async\" src=\"https:\/\/211md.org\/wp-content\/uploads\/bb-plugin\/cache\/Mask-Group-38@2x-circle.png\" alt=\"Yon j\u00e8n ti gason ak ti fi k ap souri epi gade kamera a\" itemprop=\"image\" height=\"500\" width=\"500\" title=\"Gwoup Mask 38@2x\" onerror=\"this.style.display='none'\">\n\t\t\t\t<\/a>\n\t\t<h3><a href=\"\/ht\/resous-yo\/timoun-fanmi-yo\/\" target=\"_self\" rel=\"noopener\">Timoun ak Fanmi<\/a><\/h3>\t\t\n\t\t\t\t<a href=\"\/ht\/resous-yo\/sant-resous-covid-19\/\" target=\"_self\" itemprop=\"url\" rel=\"noopener\">\n\t\t\t\t<img loading=\"lazy\" decoding=\"async\" src=\"https:\/\/211md.org\/wp-content\/uploads\/bb-plugin\/cache\/Mask-Group-35-circle.png\" alt=\"Yon gason ak yon fanm koud frape\" itemprop=\"image\" height=\"500\" width=\"500\" title=\"Gwoup Mask 35\" onerror=\"this.style.display='none'\">\n\t\t\t\t<\/a>\n\t\t<h3><a href=\"\/ht\/resous-yo\/sant-resous-covid-19\/\" target=\"_self\" rel=\"noopener\">Resous COVID-19<\/a><\/h3>\t\t\n\t\t\t\t<a href=\"\/ht\/resous-yo\/vyolans-familyal-domestik\/\" target=\"_self\" itemprop=\"url\" rel=\"noopener\">\n\t\t\t\t<img loading=\"lazy\" decoding=\"async\" src=\"https:\/\/211md.org\/wp-content\/uploads\/bb-plugin\/cache\/Mask-Group-39@2x-circle.png\" alt=\"De p\u00e8 men kenbe youn ak l\u00f2t\" itemprop=\"image\" height=\"500\" width=\"500\" title=\"Gwoup Mask 39@2x\" onerror=\"this.style.display='none'\">\n\t\t\t\t<\/a>\n\t\t<h3><a href=\"\/ht\/resous-yo\/vyolans-familyal-domestik\/\" target=\"_self\" rel=\"noopener\">Vyolans Domestik\/ Fanmi<\/a><\/h3>\t\t\n\t\t\t\t<a href=\"\/ht\/resous-yo\/rechech-travay\/\" target=\"_self\" itemprop=\"url\" rel=\"noopener\">\n\t\t\t\t<img loading=\"lazy\" decoding=\"async\" src=\"https:\/\/211md.org\/wp-content\/uploads\/bb-plugin\/cache\/Employment-circle.png\" alt=\"Yon mekanisyen machin\" itemprop=\"image\" height=\"500\" width=\"500\" title=\"Travay\" onerror=\"this.style.display='none'\">\n\t\t\t\t<\/a>\n\t\t<h3><a href=\"\/ht\/resous-yo\/rechech-travay\/\" target=\"_self\" rel=\"noopener\">Travay<\/a><\/h3>\t\t\n\t\t\t\t<a href=\"\/ht\/resous-yo\/swen-sante\/\" target=\"_self\" itemprop=\"url\" rel=\"noopener\">\n\t\t\t\t<img loading=\"lazy\" decoding=\"async\" src=\"https:\/\/211md.org\/wp-content\/uploads\/bb-plugin\/cache\/Mask-Group-35@2x-circle.png\" alt=\"Dokt\u00e8 ap gade janm gason\" itemprop=\"image\" height=\"500\" width=\"500\" title=\"Gwoup Mask 35@2x\" onerror=\"this.style.display='none'\">\n\t\t\t\t<\/a>\n\t\t<h3><a href=\"\/ht\/resous-yo\/swen-sante\/\" target=\"_self\" rel=\"noopener\">Swen Sante<\/a><\/h3>\t\t\n\t\t\t\t<a href=\"\/ht\/resous-yo\/manje\/\" target=\"_self\" itemprop=\"url\" rel=\"noopener\">\n\t\t\t\t<img loading=\"lazy\" decoding=\"async\" src=\"https:\/\/211md.org\/wp-content\/uploads\/bb-plugin\/cache\/Mask-Group-32@2x-circle.png\" alt=\"Legim fre\" itemprop=\"image\" height=\"500\" width=\"500\" title=\"Gwoup Mask 32@2x\" onerror=\"this.style.display='none'\">\n\t\t\t\t<\/a>\n\t\t<h3><a href=\"\/ht\/resous-yo\/manje\/\" target=\"_self\" rel=\"noopener\">Manje<\/a><\/h3>\t\t\n\t\t\t\t<a href=\"\/ht\/resous-yo\/abri-lojman\/\" target=\"_self\" itemprop=\"url\" rel=\"noopener\">\n\t\t\t\t<img loading=\"lazy\" decoding=\"async\" src=\"https:\/\/211md.org\/wp-content\/uploads\/bb-plugin\/cache\/Mask-Group-34@2x-circle.png\" alt=\"Balkon konpl\u00e8ks apatman\" itemprop=\"image\" height=\"500\" width=\"500\" title=\"Apatman-Konpl\u00e8ks\" onerror=\"this.style.display='none'\">\n\t\t\t\t<\/a>\n\t\t<h3><a href=\"\/ht\/resous-yo\/abri-lojman\/\" target=\"_self\" rel=\"noopener\">Lojman &amp; Abri<\/a><\/h3>\t\t\n\t\t\t\t<a href=\"\/ht\/nouvo-nan-nou-ak-maryland\/\" target=\"_self\" itemprop=\"url\" rel=\"noopener\">\n\t\t\t\t<img loading=\"lazy\" decoding=\"async\" src=\"https:\/\/211md.org\/wp-content\/uploads\/bb-plugin\/cache\/American-flag-circle.jpg\" alt=\"Drapo Ameriken\" itemprop=\"image\" height=\"364\" width=\"1366\" title=\"Ameriken-drapo\" onerror=\"this.style.display='none'\">\n\t\t\t\t<\/a>\n\t\t<h3><a href=\"\/ht\/nouvo-nan-nou-ak-maryland\/\" target=\"_self\" rel=\"noopener\">Imigrasyon<\/a><\/h3>\t\t\n\t\t\t\t<a href=\"\/ht\/resous-yo\/sevis-legal-yo\/\" target=\"_self\" itemprop=\"url\" rel=\"noopener\">\n\t\t\t\t<img loading=\"lazy\" decoding=\"async\" src=\"https:\/\/211md.org\/wp-content\/uploads\/bb-plugin\/cache\/Housing-Legal-circle.png\" alt=\"Mato legal ak yon mod\u00e8l plastik nan yon kay akote li\" itemprop=\"image\" height=\"348\" width=\"460\" title=\"Lojman Legal\" onerror=\"this.style.display='none'\">\n\t\t\t\t<\/a>\n\t\t<h3><a href=\"\/ht\/resous-yo\/sevis-legal-yo\/\" target=\"_self\" rel=\"noopener\">S\u00e8vis Legal<\/a><\/h3>\t\t\n\t\t\t\t<a href=\"\/ht\/resous-yo\/sante-mantal\/\" target=\"_self\" itemprop=\"url\" rel=\"noopener\">\n\t\t\t\t<img loading=\"lazy\" decoding=\"async\" src=\"https:\/\/211md.org\/wp-content\/uploads\/bb-plugin\/cache\/Mask-Group-40@2x-circle.png\" alt=\"Des yon gason ak yon fanm\" itemprop=\"image\" height=\"500\" width=\"500\" title=\"Gwoup Mask 40@2x\" onerror=\"this.style.display='none'\">\n\t\t\t\t<\/a>\n\t\t<h3><a href=\"\/ht\/resous-yo\/sante-mantal\/\" target=\"_self\" rel=\"noopener\">Sante mantal<\/a><\/h3>\t\t\n\t\t\t\t<a href=\"\/ht\/sispann\/\" target=\"_self\" itemprop=\"url\" rel=\"noopener\">\n\t\t\t\t<img loading=\"lazy\" decoding=\"async\" src=\"https:\/\/211md.org\/wp-content\/uploads\/bb-plugin\/cache\/Background-section-MDStophate-circle.jpg\" alt=\"Jan nou koumanse-seksyon-MDStophate\" itemprop=\"image\" height=\"768\" width=\"1366\" title=\"Jan nou koumanse-seksyon-MDStophate\" onerror=\"this.style.display='none'\">\n\t\t\t\t<\/a>\n\t\t<h3><a href=\"\/ht\/sispann\/\" target=\"_self\" rel=\"noopener\">Sispann Rayi<\/a><\/h3>\t\t\n\t\t\t\t<a href=\"\/ht\/resous-yo\/itilizasyon-sibstans\/\" target=\"_self\" itemprop=\"url\" rel=\"noopener\">\n\t\t\t\t<img loading=\"lazy\" decoding=\"async\" src=\"https:\/\/211md.org\/wp-content\/uploads\/bb-plugin\/cache\/Substance-Use-circle.png\" alt=\"Grenn kraze men yo\" itemprop=\"image\" height=\"500\" width=\"500\" title=\"Sibstans-Itilize\" onerror=\"this.style.display='none'\">\n\t\t\t\t<\/a>\n\t\t<h3><a href=\"\/ht\/resous-yo\/itilizasyon-sibstans\/\" target=\"_self\" rel=\"noopener\">Itilizasyon sibstans<\/a><\/h3>\t\t\n\t\t\t\t<a href=\"\/ht\/resous-yo\/sevis-taks\/\" target=\"_self\" itemprop=\"url\" rel=\"noopener\">\n\t\t\t\t<img loading=\"lazy\" decoding=\"async\" src=\"https:\/\/211md.org\/wp-content\/uploads\/bb-plugin\/cache\/Mask-Group-34-circle.png\" alt=\"Moun ki ranpli papye taks sou revni\" itemprop=\"image\" height=\"500\" width=\"500\" title=\"Gwoup Mask 34\" onerror=\"this.style.display='none'\">\n\t\t\t\t<\/a>\n\t\t<h3><a href=\"\/ht\/resous-yo\/sevis-taks\/\" target=\"_self\" rel=\"noopener\">S\u00e8vis taks<\/a><\/h3>\t\t\n\t\t\t\t<a href=\"\/ht\/resous-yo\/asistans-sevis-piblik\/\" target=\"_self\" itemprop=\"url\" rel=\"noopener\">\n\t\t\t\t<img loading=\"lazy\" decoding=\"async\" src=\"https:\/\/211md.org\/wp-content\/uploads\/bb-plugin\/cache\/Mask-Group-37@2x-circle.png\" alt=\"Yon anpoul limen\" itemprop=\"image\" height=\"500\" width=\"500\" title=\"Gwoup Mask 37@2x\" onerror=\"this.style.display='none'\">\n\t\t\t\t<\/a>\n\t\t<h3><a href=\"\/ht\/resous-yo\/asistans-sevis-piblik\/\" target=\"_self\" rel=\"noopener\">Asistans s\u00e8vis piblik<\/a><\/h3>\t\t\n\t\t\t\t<a href=\"\/ht\/resous-yo\/veteran-yo\/\" target=\"_self\" itemprop=\"url\" rel=\"noopener\">\n\t\t\t\t<img loading=\"lazy\" decoding=\"async\" src=\"https:\/\/211md.org\/wp-content\/uploads\/bb-plugin\/cache\/Veterans-circle.png\" alt=\"Yon s\u00f2lda ki bay men yon moun epi li souri\" itemprop=\"image\" height=\"500\" width=\"500\" title=\"Veteran yo\" onerror=\"this.style.display='none'\">\n\t\t\t\t<\/a>\n\t\t<h3><a href=\"\/ht\/resous-yo\/veteran-yo\/\" target=\"_self\" rel=\"noopener\">Veteran yo<\/a><\/h3>","protected":false},"excerpt":{"rendered":"<p>Biznis la posede ak jere pwopriyete rezidansy\u00e8l lokasyon se anpil tankou nenp\u00f2t biznis. Li mande rech\u00e8ch, planifikasyon ak konesans. Antanke pwopriyet\u00e8 Maryland, li enp\u00f2tan pou w konnen lwa federal, leta ak lokal ki gouv\u00e8ne relasyon lokat\u00e8 pwopriyet\u00e8 a. Men k\u00e8k resous ki ka ede w k\u00f2m yon pwopriyet\u00e8. Bibliyot\u00e8k Dwa P\u00e8p la...<\/p>","protected":false},"author":8,"featured_media":1905,"parent":928,"menu_order":0,"comment_status":"closed","ping_status":"closed","template":"","meta":{"footnotes":""},"class_list":["post-1120","page","type-page","status-publish","has-post-thumbnail","hentry"],"_links":{"self":[{"href":"https:\/\/211md.org\/ht\/wp-json\/wp\/v2\/pages\/1120","targetHints":{"allow":["GET"]}}],"collection":[{"href":"https:\/\/211md.org\/ht\/wp-json\/wp\/v2\/pages"}],"about":[{"href":"https:\/\/211md.org\/ht\/wp-json\/wp\/v2\/types\/page"}],"author":[{"embeddable":true,"href":"https:\/\/211md.org\/ht\/wp-json\/wp\/v2\/users\/8"}],"replies":[{"embeddable":true,"href":"https:\/\/211md.org\/ht\/wp-json\/wp\/v2\/comments?post=1120"}],"version-history":[{"count":0,"href":"https:\/\/211md.org\/ht\/wp-json\/wp\/v2\/pages\/1120\/revisions"}],"up":[{"embeddable":true,"href":"https:\/\/211md.org\/ht\/wp-json\/wp\/v2\/pages\/928"}],"wp:featuredmedia":[{"embeddable":true,"href":"https:\/\/211md.org\/ht\/wp-json\/wp\/v2\/media\/1905"}],"wp:attachment":[{"href":"https:\/\/211md.org\/ht\/wp-json\/wp\/v2\/media?parent=1120"}],"curies":[{"name":"wp","href":"https:\/\/api.w.org\/{rel}","templated":true}]}}