{"id":1130,"date":"2021-04-19T16:48:43","date_gmt":"2021-04-19T16:48:43","guid":{"rendered":"https:\/\/211md.org\/?page_id=1130"},"modified":"2025-09-10T12:47:04","modified_gmt":"2025-09-10T16:47:04","slug":"prevansyon-swisid","status":"publish","type":"page","link":"https:\/\/211md.org\/ht\/resources\/mental-health\/suicide-prevention\/","title":{"rendered":"Kijan Pou Prevni Swisid Pa Pale De Sa Ak Adolesan Ak Granmoun"},"content":{"rendered":"<img decoding=\"async\" src=\"https:\/\/stg-maryland211-staging.kinsta.cloud\/wp-content\/uploads\/2025\/08\/5-1-scaled.png\" alt=\"5\" itemprop=\"image\" height=\"692\" width=\"2560\" title=\"5\" onerror=\"this.style.display='none'\" loading=\"lazy\" \/>\n\t\t<h1><a href=\"#start\" target=\"_self\">Tit Paj Defo<\/a><\/h1><p>Konv\u00e8sasyon fran ka ede anpeche swisid. Pale sou sa ede kraze estigma ak bary\u00e8 ki genyen nan sante mantal.<\/p>\n<p>Aprann kesyon pou poze yo, epi si yon moun bezwen \u00e8d imedyat, rele 988 pou pale ak yon moun 24 sou 24, 7 jou sou 7.<\/p>\n\t\t\t<a href=\"#start\" target=\"_self\">\n\t\t\t\t\t\tK\u00f2manse\n\t\t\t\t\t<\/a>\n\t\t\t\t<img decoding=\"async\" src=\"https:\/\/211md.org\/wp-content\/plugins\/bb-plugin\/img\/pixel.png\" alt=\"\" itemprop=\"image\" onerror=\"this.style.display='none'\" loading=\"lazy\" \/>\n\t\t\t\t<img decoding=\"async\" src=\"https:\/\/stg-maryland211-staging.kinsta.cloud\/wp-content\/uploads\/2025\/08\/16.png\" alt=\"16\" itemprop=\"image\" height=\"1000\" width=\"1000\" title=\"16\" onerror=\"this.style.display='none'\" loading=\"lazy\" \/>\n\t\t\t\t<img decoding=\"async\" src=\"http:\/\/211md.org\/wp-content\/uploads\/2023\/09\/Mom-comforting-daughter-struggling-with-mental-health.jpg\" alt=\"Manman an rekonf\u00f2te pitit fi k ap lite ak sante metnal\" itemprop=\"image\" title=\"Manman rekonf\u00f2te pitit fi k ap lite ak sante mantal\" onerror=\"this.style.display='none'\" loading=\"lazy\" \/>\n\t<h2>Pale sou swisid<\/h2>\n<p>Li ka sanble difisil pou pale de swisid, men pale ka anpeche li.<\/p>\n<p>K\u00f2manse yon konv\u00e8sasyon ak nenp\u00f2t moun ki sanble:<\/p>\n<ul>\n<li>desann<\/li>\n<li>tris<\/li>\n<li>solit\u00e8<\/li>\n<li>pa enterese nan aktivite n\u00f2mal oswa rasanbleman<\/li>\n<\/ul>\n<p>Kontakte yo epi mande yo kijan yo ye.<\/p>\n<p>Sou &quot;Ki sa ki 211 la?&quot; podcast, Brandon Johnson, MSH,\u00a0<a href=\"https:\/\/211md.org\/ht\/podcast\/black-mental-wellness-lounge\/\" target=\"_blank\" rel=\"noopener\">animat\u00e8 Black Mental Wellness Lounge sou YouTube<\/a>, te pale sou ezitasyon moun yo pou pale sou swisid.<\/p>\n<blockquote><p>&quot;Swisid se yon sij\u00e8 ki vr\u00e8man lou. Mwen konprann sa n\u00e8t, men pandan n ap w\u00e8 pousantaj moun sa yo ap kontinye ogmante nan s\u00e8ten kominote, li enp\u00f2tan pou nou konprann ke lide swisid se yon bagay rey\u00e8l.&quot;<\/p><\/blockquote>\n\t<p>L\u00e8 w ap pale de swisid, chwazi mo yo ak anpil atansyon. L\u00e8 nou chanje langaj la, nou ka asire ke moun yo al\u00e8z pou diskite sou sij\u00e8 a epi yo santi yo gen espwa.<\/p>\n<blockquote><p>\u201c\u2026nou vle chanje lang lan. Konsa, moun yo santi yo ka f\u00e8 konv\u00e8sasyon yo nan yon espas ki an sekirite epi yo pa pral sibi okenn mal\u00e8, ok\u00f2mansman jis ak lang lan anvan menm yo gen chans pou yo f\u00e8 eksperyans potansy\u00e8l espwa ak gerizon an,\u201d Johnson te eksplike.<\/p><\/blockquote>\n<p>Epitou, evite karakterizasyon jeneralize moun epi evite jagon. Johnson te eksplike,<\/p>\n<blockquote><p>&quot;Kidonk, nou ka di moun sa a gen TOC oubyen moun sa a ap aji tankou yon moun bipol\u00e8, oubyen moun sa a se yon moun eskizofrenik, san nou pa vr\u00e8man pran an konsiderasyon sa sa vle di tout bon vre ak kijan sa ka estigmatize yon moun ki ka bipol\u00e8, pa vre? Ki moun ki ka eskizofrenik, ki moun ki ka gen TOC. L\u00e8 nou banalise eksperyans yo ak yon t\u00e8m jagon, anjeneral yon fason pou poze yon l\u00f2t moun kesyon, se yon bagay ki ka danjere menm rive nan lide swisid.&quot;<\/p><\/blockquote>\n\t<h2>Bezwen Pale?\u00a0<\/h2>\n<p>&nbsp;<\/p>\n\t<h3><img loading=\"lazy\" decoding=\"async\" src=\"http:\/\/211md.org\/wp-content\/uploads\/2025\/08\/2025_MdInfoNet_Icon-Sets-white_Phone-150x150.png\" alt=\"\" width=\"150\" height=\"150\" \/>Rele oswa voye t\u00e8ks 988<\/h3>\n\t\t\t<a href=\"https:\/\/988lifeline.org\/chat\/\" target=\"_blank\" rel=\"noopener\">\n\t\t\t\t\t\t\tChat kounye a (angle)\n\t\t\t\t\t<\/a>\n\t\t\t<a href=\"https:\/\/988lifeline.org\/es\/chat\/\" target=\"_blank\" rel=\"noopener\">\n\t\t\t\t\t\t\tChatea Ahora (Espa\u00f1ol)\n\t\t\t\t\t<\/a>\n\t<p>Nenp\u00f2t moun ki bezwen asistans ak bezwen sante mantal oswa bezwen ki gen rap\u00f2 ak itilizasyon sibstans ka rele 988. <a href=\"https:\/\/health.maryland.gov\/bha\/Pages\/988md.aspx\" target=\"_blank\" rel=\"noopener\">Aprann sou 988 nan Maryland<\/a>.<\/p>\n\t<h2>Pale ak adolesan yo<\/h2>\n<p>Li ka difisil pou pale ak yon adolesan paske l ap trav\u00e8se anpil pwobl\u00e8m sosyal, emosyon\u00e8l ak mantal.<\/p>\n<p>Si y ap lite ak sa yo santi parap\u00f2 ak t\u00e8t yo, li ka menm pi difisil pou yo f\u00e8 konv\u00e8sasyon sa yo.<\/p>\n<p><a href=\"https:\/\/211md.org\/ht\/blog\/episode-11-prevansyon-swisid-ak-fondasyon-liveforthomas\/\" target=\"_blank\" rel=\"noopener\">Amy Ocasio nan Fondasyon LIVEFORTHOMAS la<\/a> te pale sou difikilte li te jwenn pou l pale ak pitit li yo.<\/p>\n<blockquote><p>\u201cKidonk, mwen te vr\u00e8man jwenn difikilte pou m jwenn balans sa a paske av\u00e8k toulede pitit mwen yo, mwen te aprann ke si m kite yo vin jwenn mwen, y ap pale. Si m k\u00f2manse poze kesyon, se l\u00e8 sa a yo f\u00e8men bouch yo.\u201d<\/p>\n<p>Kidonk, se te jwenn balans sa a ant konbyen mwen ta dwe pouse? Kil\u00e8 mwen ta dwe retire k\u00f2 m?<\/p><\/blockquote>\n<p>Li te mete aksan sou enp\u00f2tans langaj ak konpasyon antanke paran. Li te di li twouve li enp\u00f2tan pou pa inyore, minimize, oswa minimize sa pitit li ap di. Pafwa, sa ki ka sanble san enp\u00f2tans pou yon granmoun, se yon bagay enp\u00f2tan pou yon timoun.<\/p>\n<blockquote><p>&quot;Ou konnen, jis koute. Ou pa menm bezwen konprann tankou, ok, mwen pa konprann poukisa sa a se yon gwo zaf\u00e8, men ou konnen li se pou pitit mwen an. Kidonk, kite m jwenn plis enf\u00f2masyon sou sa k ap pase epi mande yo, ou konnen, ki sa ou bezwen nan men mwen? Tankou ki sa ki pral itil pou ou nan sitiyasyon sa a?&quot; Ocasio eksplike.<\/p><\/blockquote>\n<p>Adolesans se yon pery\u00f2d risk ak op\u00f2tinite. Swisid se youn nan risk sa yo. Li se dezy\u00e8m k\u00f2z lanm\u00f2 nan j\u00e8n ki gen ant 10 ak 24 an, dapre Sant pou Kontw\u00f2l ak Prevansyon Maladi yo.<\/p>\n<p>Yon timoun ki pa janm okipe sante mantal li anvan ka f\u00e8 fas ak defi l\u00e8 l adolesan. Presyon sosyal, entimidasyon ak seksyalite se tout rezon sa yo.<\/p>\n<p>Pale ak adolesan ou yo sou sante mantal yo, epi ch\u00e8che siy av\u00e8tisman ki montre yo gen pwobl\u00e8m sante konp\u00f2tmantal.<\/p>\n<p>Si yo bezwen \u00e8d, kontakte yo ak 988.<\/p>\n\t\t\t\t<a href=\"https:\/\/search.988.mdinfonet.org\/\" target=\"_blank\" rel=\"noopener\" itemprop=\"url\">\n\t\t\t\t<img decoding=\"async\" src=\"https:\/\/stg-maryland211-staging.kinsta.cloud\/wp-content\/uploads\/2025\/08\/2025_MdInfoNet_Icon-Sets-white_Locate.png\" alt=\"\" itemprop=\"image\" onerror=\"this.style.display='none'\" loading=\"lazy\" \/>\n\t\t\t\t<\/a>\n<h2><a href=\"https:\/\/search.988.mdinfonet.org\/\" target=\"_blank\" rel=\"noopener\">Jwenn Resous Sante Mantal<\/a><\/h2><p>Ch\u00e8che nan baz done resous sante mantal ki pi konpl\u00e8 nan eta a, ki gen filt\u00e8 disponib pa kalite peman, laj, kalite sip\u00f2 ak lang.<\/p>\n\t\t\t<a href=\"https:\/\/search.988.mdinfonet.org\/\" target=\"_blank\" rel=\"noopener\">\n\t\t\t\t\t\t\tCh\u00e8che Kounye a\n\t\t\t<\/a>\n<h2>Kesyon pou poze sou sante mantal<\/h2>\n<p>Anvan ou k\u00f2manse konv\u00e8sasyon an, kreye yon espas ki an sekirite pou diskisyon epi prepare w pou koute.<\/p>\n<p>Poze kesyon ouv\u00e8, epi k\u00f2manse konv\u00e8sasyon an av\u00e8k yon fraz tankou \u201cMwen remake.\u201d<\/p>\n<p>Depatman Sante Maryland ak Biwo Prevansyon Swisid Maryland rek\u00f2mande fraz sa yo:<\/p>\n<ul>\n<li>Nou poko pale depi lontan. Koman ou ye?<\/li>\n<li>Ou sanble desann d\u00e8ny\u00e8man. Sa k pase?<\/li>\n<li>Mwen enkyete w pou ou. \u00c8ske yon bagay mal? Mwen vle la pou ou.<\/li>\n<li>Ou pa te t\u00e8t ou d\u00e8ny\u00e8man. Ou byen?<\/li>\n<li>\u00c8ske gen yon bagay ou vle pale sou?<\/li>\n<\/ul>\n<p>Li esansy\u00e8l pou koute epi montre ke ou pran swen. Sip\u00f2te manm fanmi w oswa zanmi w l\u00e8 w reyini ak yo oswa tcheke yo.<\/p>\n<p>Ou pa oblije bay kons\u00e8y, men ou ka refere yo bay pwofesyon\u00e8l oswa resous gratis e konfidansy\u00e8l tankou 988.<\/p>\n<p>&nbsp;<\/p>\n\t\t\t\t<img decoding=\"async\" src=\"http:\/\/211md.org\/wp-content\/uploads\/2025\/06\/Dad-talking-and-supporting-his-teen.jpg\" alt=\"Papa ap pale epi sip\u00f2te adolesan li\" itemprop=\"image\" title=\"Papa ap pale epi sip\u00f2te adolesan li\" onerror=\"this.style.display='none'\" loading=\"lazy\" \/>\n\t\t\t\t<img decoding=\"async\" src=\"http:\/\/211md.org\/wp-content\/uploads\/2025\/09\/Diverse-and-LGBTQ-teens.jpg\" alt=\"J\u00e8n div\u00e8s ak LGBTQ yo\" itemprop=\"image\" title=\"J\u00e8n div\u00e8s ak LGBTQ yo\" onerror=\"this.style.display='none'\" loading=\"lazy\" \/>\n\t<h3>Kijan Pou Pale Ak J\u00e8n LGBTQ+<\/h3>\n<p>Omwen yon j\u00e8n LGBTQ+ ki gen laj ant 13 ak 24 ane eseye touye t\u00e8t li chak 45 segonn Ozetazini.<\/p>\n<p>L\u00e8 yon moun vin jwenn ou, sip\u00f2te moun nan, montre lanmou epi prezan.<\/p>\n<p>Depatman Sante Maryland, Biwo Prevansyon Swisid sijere fraz sip\u00f2 tankou:<\/p>\n<ul>\n<li>\u201cM\u00e8si paske w pataje av\u00e8 m. Ki sa idantite w vle di pou ou?<\/li>\n<li>&quot;Mwen t\u00e8lman kontan ou te di m &#039;, e mwen vle ou konnen sa a pa pral chanje relasyon nou an nan okenn fason.&quot;<\/li>\n<li>&quot;Mwen vr\u00e8man eksite pou ou.&quot;<\/li>\n<\/ul>\n<p>Asire w ke w voye sip\u00f2, olye w refize sa moun nan di w. Pa refere li k\u00f2m yon faz. Montre sip\u00f2 epi koute.<\/p>\n<p>Epitou, s\u00e8vi ak langaj ki afime LGBTQ+ nan konv\u00e8sasyon ak l\u00f2t moun. Elimine langaj s\u00e8ks tankou &quot;ou mesye&quot; epi ranplase li ak &quot;nou tout.&quot;<\/p>\n\t<h3>Jwenn \u00e8d nan men terapis pale pwofesyon\u00e8l<\/h3>\n<p>Malgre ke li esansy\u00e8l pou konekte ak zanmi epi tcheke sante mantal yo, konsilte yon eksp\u00e8 si ou gen yon enkyetid.<\/p>\n<p>Sikoterapi, oswa &quot;terapi pale,&quot; ka efektivman redwi risk swisid. Yon kalite yo rele terapi kognitif konp\u00f2tman (CBT). CBT ka ede moun aprann nouvo fason pou f\u00e8 fas ak eksperyans estr\u00e8s l\u00e8 yo f\u00f2me yo pou yo konsidere aksyon alt\u00e8natif l\u00e8 panse swisid par\u00e8t.<\/p>\n<p>Yon l\u00f2t kalite sikoterapi, yo rele terapi konp\u00f2tman dyal\u00e8ktik (DBT), te montre li diminye to swisid nan mitan moun ki gen twoub p\u00e8sonalite limitw\u00f2f, yon maladi mantal grav ki karakterize pa atitid, relasyon, imaj de soi ak konp\u00f2tman enstab.<\/p>\n<p>Yon terapis ki resevwa f\u00f2masyon nan DBT ede yon moun rekon\u00e8t kil\u00e8 santiman oswa aksyon li yo deranjan oswa malsen epi li anseye konpetans li bezwen pou l pi byen jere sitiyasyon boulv\u00e8san.<\/p>\n<p>&nbsp;<\/p>\n<h2>Ou gen yon l\u00f2t enkyetid?<\/h2>\n<p>211 gen enf\u00f2masyon ak referans pou l\u00f2t pwobl\u00e8m sante mantal ak bezwen esansy\u00e8l. Aprann plis sou l\u00f2t pwogram asistans sa yo.<\/p>\n<p>&nbsp;<\/p>\n\t\t\t<a href=\"\/ht\/resous-yo\/itilizasyon-sibstans\/\" target=\"_self\">\n\t\t\t\t\t\tItilizasyon sibstans\n\t\t\t\t\t<\/a>\n\t\t\t<a href=\"\/ht\/resous-yo\/sante-mantal\/depresyon\/\" target=\"_self\">\n\t\t\t\t\t\tEnf\u00f2masyon sou Depresyon\n\t\t\t\t\t<\/a>\n\t\t\t<a href=\"\/ht\/resous-yo\/veteran-yo\/sante-mantal-pou-veteran-yo\/\" target=\"_self\">\n\t\t\t\t\t\tSante Mantal pou Veteran \n\t\t\t\t\t<\/a>\n\t\t\t<a href=\"\/ht\/resous-yo\/manje\/\" target=\"_self\">\n\t\t\t\t\t\tManje\n\t\t\t\t\t<\/a>\n\t\t\t<a href=\"\/ht\/resous-yo\/abri-lojman\/\" target=\"_self\">\n\t\t\t\t\t\tLojman\n\t\t\t\t\t<\/a>\n<h2>Jwenn Sip\u00f2 Sante Mantal<\/h2>\n<p>Rele oswa voye yon mesaj t\u00e8ks nan 988 pou jwenn sip\u00f2 imedya.<\/p>\n<p>Ou kapab jwenn sip\u00f2 pwofesyon\u00e8l nan dom\u00e8n sante mantal tou pre w tou l\u00e8 w f\u00e8 rech\u00e8ch nan baz done resous sante mantal 988 la, ki fonksyone grasa Maryland Information Network.<\/p>\n\t\t\t<a href=\"https:\/\/search.988.mdinfonet.org\/\" target=\"_blank\" rel=\"noopener\">\n\t\t\t\t\t\tCh\u00e8che resous sante mantal\n\t\t\t\t\t<\/a>\n\t\t\t\t<img decoding=\"async\" src=\"http:\/\/211md.org\/wp-content\/uploads\/2023\/07\/Black-man-talking-to-a-mental-health-counselor.jpg\" alt=\"Moun nwa ap pale ak yon konseye sante mantal\" itemprop=\"image\" title=\"Moun nwa ap pale ak yon konseye sante mantal\" onerror=\"this.style.display='none'\" loading=\"lazy\" \/>\n\t\t\t\t<img decoding=\"async\" src=\"http:\/\/211md.org\/wp-content\/uploads\/2025\/09\/Teen-texting.jpg\" alt=\"Mesaj t\u00e8ks pou adolesan\" itemprop=\"image\" title=\"Mesaj t\u00e8ks pou adolesan\" onerror=\"this.style.display='none'\" loading=\"lazy\" \/>\n<h3>Sip\u00f2 Kontiny\u00e8l<\/h3>\n<p>J\u00e8n yo ka jwenn sip\u00f2 nan yon sante konp\u00f2tman jeneral oswa <a href=\"https:\/\/211md.org\/ht\/chek-sante\/\">pwogram prevansyon swisid<\/a>\u00a0oswa atrav\u00e8 yon pwogram ki konsantre sou adolesan tankou MDYoungMinds oswa Taking Flight.<\/p>\n<h3>J\u00e8n<\/h3>\n<p><a href=\"https:\/\/211md.org\/ht\/sou\/mesaj-teks\/mdyoungminds\/\">MDYoungMinds<\/a> se yon pwogram sip\u00f2 t\u00e8ks atrav\u00e8 211 ak Depatman Sante Maryland, Biwo Prevansyon Swisid. Li voye mesaj t\u00e8ks sip\u00f2 ki konsantre sou pwobl\u00e8m sante mantal ak adolesan adolesan ak str\u00e8s.<\/p>\n<p><a href=\"https:\/\/www.mdcoalition.org\/who-we-help\/youth-helping-youth\/\" target=\"_blank\" rel=\"noopener\">Pran v\u00f2l<\/a> se yon pwogram sip\u00f2 kanmarad ak lid\u00e8 j\u00e8n adilt (ki gen laj 18 a 26) ki gen eksperyans p\u00e8son\u00e8l ak pwobl\u00e8m sante konp\u00f2tman oswa ch\u00f2k. Yo p\u00e8m\u00e8t j\u00e8n adilt yo ak rankont vity\u00e8l chak sem\u00e8n ak <a href=\"https:\/\/www.facebook.com\/TakingFlightMD\/\" target=\"_blank\" rel=\"noopener\">sip\u00f2 kanmarad medya sosyal<\/a>.<\/p>\n<h3>Adilt<\/h3>\n<p><a href=\"https:\/\/211md.org\/ht\/sou\/mesaj-teks\/md-mindhealth\/\">MDMindHealth<\/a> voye mesaj motivasyon\u00e8l ak resous pou s\u00e8vis sante mantal. Mesaj t\u00e8ks yo disponib tou an pany\u00f2l nan MDSaludMental.<\/p>\n<p>Sou mobil, ou ka klike sou bouton ki anba yo pou enskri.<\/p>\n<p><em>L\u00e8 ou voye yon mesaj t\u00e8ks bay MDMindHealth nan 898-211, ou dak\u00f2 pou resevwa mesaj otomatik ki repete.<\/em><\/p>\n\t\t\t<a href=\"sms:\/\/898-211;?&#038;body=MDMINDHEALTH\" target=\"_blank\" rel=\"noopener\">\n\t\t\t\t\t\t\tT\u00e8ks MDMindHealth\n\t\t\t\t\t<\/a>\n\t\t\t<a href=\"sms:\/\/898-211;?&#038;body=MDSALUDMENTAL\" target=\"_blank\" rel=\"noopener\">\n\t\t\t\t\t\t\tT\u00e8ks MDSALUDMENTAL\n\t\t\t\t\t<\/a>\n<h3>Aprann nan men eksp\u00e8 yo<\/h3>\n<p>Epitou, konsilte l\u00f2t resous pou ide nan pale sou sante mantal ak swisid, tankou diskisyon nan men eksp\u00e8 sante mantal tankou Johnson. Li gen yon<a href=\"https:\/\/www.youtube.com\/watch?v=TFt9EvzgB_4&amp;list=PLtVQyUpVKidoX87oH35VxHwUqOH5X6aeY\" target=\"_blank\" rel=\"noopener\">\u00a0seri diskisyon ak konseye lek\u00f2l yo<\/a>, yon sikyat pou timoun, ak l\u00f2t eksp\u00e8 ki kouvri sij\u00e8 tankou sip\u00f2te yon manm fanmi ak sante mantal yo, itilize meditasyon atensyon pou sip\u00f2te byenn\u00e8t mantal ou, ch\u00f2k rasyal, ak transf\u00f2me doul\u00e8 ou an pasyon.<\/p>\n\t\t<iframe loading=\"lazy\" width=\"560\" height=\"315\" src=\"https:\/\/www.youtube.com\/embed\/TFt9EvzgB_4\" title=\"jw\u00e8 videyo YouTube\" frameborder=\"0\" allow=\"accelerometer; autoplay; clipboard-write; encrypted-media; gyroscope; picture-in-picture\" allowfullscreen><\/iframe>\t\n<h2>\n\t\t\tEnf\u00f2masyon ki gen rap\u00f2\t<\/h2>\n\t\t<h4><a href=\"\/ht\/resous-yo\/aje-andikap\/\" target=\"_self\">Aje ak Andikap<\/a><\/h4>\n\t\t\t\t<a href=\"\/ht\/resous-yo\/aje-andikap\/\"  target=\"_self\" itemprop=\"url\">\n\t\t\t\t<img decoding=\"async\" src=\"https:\/\/211md.org\/wp-content\/uploads\/bb-plugin\/cache\/2025_MdInfoNet_Icon-Sets_Aging-disability-square-c466727102cae71e5f27b8539bb51945-.png\" alt=\"2025_MdInfoNet_Icon Sets_Aging-disability\" itemprop=\"image\" title=\"2025_MdInfoNet_Icon Sets_Aging-disability\" onerror=\"this.style.display='none'\" loading=\"lazy\" \/>\n\t\t\t\t<\/a>\n\t\t<h4><a href=\"https:\/\/211md.org\/ht\/resous-yo\/timoun-fanmi-yo\/\" target=\"_blank\" rel=\"noopener\">Timoun ak Fanmi<\/a><\/h4>\n\t\t\t\t<a href=\"https:\/\/211md.org\/ht\/resous-yo\/timoun-fanmi-yo\/\" target=\"_blank\" rel=\"noopener\" itemprop=\"url\">\n\t\t\t\t<img decoding=\"async\" src=\"https:\/\/211md.org\/wp-content\/uploads\/bb-plugin\/cache\/2025_211_Icon-Sets_Child-care-square-a8953c7678f51ed443764342b64ee948-.png\" alt=\"2025_211_Ansanm Ik\u00f2n_Swen Timoun\" itemprop=\"image\" title=\"2025_211_Ansanm Ik\u00f2n_Swen Timoun\" onerror=\"this.style.display='none'\" loading=\"lazy\" \/>\n\t\t\t\t<\/a>\n\t\t<h4><a href=\"\/ht\/resous-yo\/vyolans-familyal-domestik\/\" target=\"_self\">Vyolans domestik<\/a><\/h4>\n\t\t\t\t<a href=\"\/ht\/resous-yo\/vyolans-familyal-domestik\/\"  target=\"_self\" itemprop=\"url\">\n\t\t\t\t<img decoding=\"async\" src=\"https:\/\/211md.org\/wp-content\/uploads\/bb-plugin\/cache\/2025_211_Icon-Sets_Domestic-Violence-square-e6e48b12d9d44dadd394e0d40debfd96-.png\" alt=\"Ik\u00f2n Vyolans Domestik\" itemprop=\"image\" title=\"2025_211_Ansanm Ik\u00f2n_Vyolans Domestik\" onerror=\"this.style.display='none'\" loading=\"lazy\" \/>\n\t\t\t\t<\/a>\n\t\t<h4><a href=\"\/ht\/resous-yo\/rechech-travay\/\" target=\"_self\">Travay<\/a><\/h4>\n\t\t\t\t<a href=\"\/ht\/resous-yo\/rechech-travay\/\"  target=\"_self\" itemprop=\"url\">\n\t\t\t\t<img decoding=\"async\" src=\"https:\/\/211md.org\/wp-content\/uploads\/bb-plugin\/cache\/2025_MdInfoNet_Icon-Sets_Employment-square-44707bd410e4df10a470bf130ebcea86-.png\" alt=\"2025_MdInfoNet_Icon Sets_Anplwa\" itemprop=\"image\" title=\"2025_MdInfoNet_Icon Sets_Anplwa\" onerror=\"this.style.display='none'\" loading=\"lazy\" \/>\n\t\t\t\t<\/a>\n\t\t<h4><a href=\"\/ht\/resous-yo\/swen-sante\/\" target=\"_self\">Swen Sante<\/a><\/h4>\n\t\t\t\t<a href=\"\/ht\/resous-yo\/swen-sante\/\"  target=\"_self\" itemprop=\"url\">\n\t\t\t\t<img decoding=\"async\" src=\"https:\/\/211md.org\/wp-content\/uploads\/bb-plugin\/cache\/2025_MdInfoNet_Icon-Sets_Health-Care-square-dee98a0060cbe0e7f27eda253fc12679-.png\" alt=\"2025_MdInfoNet_Icon Sets_Swen Sante\" itemprop=\"image\" title=\"2025_MdInfoNet_Icon Sets_Swen Sante\" onerror=\"this.style.display='none'\" loading=\"lazy\" \/>\n\t\t\t\t<\/a>\n\t\t<h4><a href=\"\/ht\/resous-yo\/timoun-fanmi-yo\/swen-fanmi\/\" target=\"_self\">Parente<\/a><\/h4>\n\t\t\t\t<a href=\"\/ht\/resous-yo\/timoun-fanmi-yo\/swen-fanmi\/\"  target=\"_self\" itemprop=\"url\">\n\t\t\t\t<img decoding=\"async\" src=\"https:\/\/211md.org\/wp-content\/uploads\/bb-plugin\/cache\/2025_211_Icon-Sets_Kinship-square-21d4c353354c53c083c80118abb066f2-.png\" alt=\"Ik\u00f2n fanmi\" itemprop=\"image\" title=\"2025_211_Ansanm Ik\u00f2n_Fanmitay\" onerror=\"this.style.display='none'\" loading=\"lazy\" \/>\n\t\t\t\t<\/a>\n\t\t<h4><a href=\"\/ht\/resous-yo\/sevis-legal-yo\/\" target=\"_self\">S\u00e8vis Legal<\/a><\/h4>\n\t\t\t\t<a href=\"\/ht\/resous-yo\/sevis-legal-yo\/\"  target=\"_self\" itemprop=\"url\">\n\t\t\t\t<img decoding=\"async\" src=\"https:\/\/211md.org\/wp-content\/uploads\/bb-plugin\/cache\/2025_MdInfoNet_Icon-Sets_Legal-square-18fdf438feb8435588174d9046463257-.png\" alt=\"2025_MdInfoNet_Ikon_Ansanm_Legal\" itemprop=\"image\" title=\"2025_MdInfoNet_Ikon_Ansanm_Legal\" onerror=\"this.style.display='none'\" loading=\"lazy\" \/>\n\t\t\t\t<\/a>\n\t\t<h4><a href=\"\/ht\/resous-yo\/sante-mantal\/\" target=\"_self\">Sante mantal<\/a><\/h4>\n\t\t\t\t<a href=\"\/ht\/resous-yo\/sante-mantal\/\"  target=\"_self\" itemprop=\"url\">\n\t\t\t\t<img decoding=\"async\" src=\"https:\/\/211md.org\/wp-content\/uploads\/bb-plugin\/cache\/2025_MdInfoNet_Icon-Sets_Mental-Health-square-c59b38c4a993a947d4c9280fbe2d2fee-.png\" alt=\"2025_MdInfoNet_Icon Sets_Sante Mantal\" itemprop=\"image\" title=\"2025_MdInfoNet_Icon Sets_Sante Mantal\" onerror=\"this.style.display='none'\" loading=\"lazy\" \/>\n\t\t\t\t<\/a>\n\t\t<h4><a href=\"\/ht\/resous-yo\/mdreentry\/\" target=\"_self\">Reantre<\/a><\/h4>\n\t\t\t\t<a href=\"\/ht\/resous-yo\/mdreentry\/\"  target=\"_self\" itemprop=\"url\">\n\t\t\t\t<img decoding=\"async\" src=\"https:\/\/211md.org\/wp-content\/uploads\/bb-plugin\/cache\/2025_211_Icon-Sets_Reentry-square-f36b65d903a62fd4c3819ff05988ca60-.png\" alt=\"Ik\u00f2n Reantre\" itemprop=\"image\" title=\"2025_211_Ansanm Ik\u00f2n_Reantre\" onerror=\"this.style.display='none'\" loading=\"lazy\" \/>\n\t\t\t\t<\/a>\n\t\t<h4><a href=\"\/ht\/resous-yo\/itilizasyon-sibstans\/\" target=\"_self\">Itilizasyon sibstans<\/a><\/h4>\n\t\t\t\t<a href=\"\/ht\/resous-yo\/itilizasyon-sibstans\/\"  target=\"_self\" itemprop=\"url\">\n\t\t\t\t<img decoding=\"async\" src=\"https:\/\/211md.org\/wp-content\/uploads\/bb-plugin\/cache\/2025_MdInfoNet_Icon-Sets_Substance-Abuse-square-9022fec9d18a64118ad685c101885b55-.png\" alt=\"2025_MdInfoNet_Icon Sets_Abi Sibstans\" itemprop=\"image\" title=\"2025_MdInfoNet_Icon Sets_Abi Sibstans\" onerror=\"this.style.display='none'\" loading=\"lazy\" \/>\n\t\t\t\t<\/a>\n\t\t<h4><a href=\"\/ht\/resous-yo\/veteran-yo\/\" target=\"_self\">Veteran yo<\/a><\/h4>\n\t\t\t\t<a href=\"\/ht\/resous-yo\/veteran-yo\/\"  target=\"_self\" itemprop=\"url\">\n\t\t\t\t<img decoding=\"async\" src=\"https:\/\/211md.org\/wp-content\/uploads\/bb-plugin\/cache\/2025_MdInfoNet_Icon-Sets_Rating-square-6e60d00cce4faa8e0a6d4ad7366aa733-.png\" alt=\"2025_MdInfoNet_Icon Sets_Rating\" itemprop=\"image\" title=\"2025_MdInfoNet_Icon Sets_Rating\" onerror=\"this.style.display='none'\" loading=\"lazy\" \/>\n\t\t\t\t<\/a>","protected":false},"excerpt":{"rendered":"<p>Tit Paj Defo Konv\u00e8sasyon fran ka ede anpeche swisid. Pale sou li ede kraze estigma ak bary\u00e8 sante mantal. Aprann kesyon pou poze, epi si yon moun bezwen \u00e8d imedya, rele 988 pou pale ak yon moun 24 sou 24, 7 jou sou 7. K\u00f2manse Pale sou swisid Li ka sanble difisil pou pale sou swisid, men pale ka anpeche...<\/p>","protected":false},"author":8,"featured_media":4020,"parent":836,"menu_order":0,"comment_status":"closed","ping_status":"closed","template":"","meta":{"footnotes":""},"class_list":["post-1130","page","type-page","status-publish","has-post-thumbnail","hentry"],"_links":{"self":[{"href":"https:\/\/211md.org\/ht\/wp-json\/wp\/v2\/pages\/1130","targetHints":{"allow":["GET"]}}],"collection":[{"href":"https:\/\/211md.org\/ht\/wp-json\/wp\/v2\/pages"}],"about":[{"href":"https:\/\/211md.org\/ht\/wp-json\/wp\/v2\/types\/page"}],"author":[{"embeddable":true,"href":"https:\/\/211md.org\/ht\/wp-json\/wp\/v2\/users\/8"}],"replies":[{"embeddable":true,"href":"https:\/\/211md.org\/ht\/wp-json\/wp\/v2\/comments?post=1130"}],"version-history":[{"count":9,"href":"https:\/\/211md.org\/ht\/wp-json\/wp\/v2\/pages\/1130\/revisions"}],"predecessor-version":[{"id":33825,"href":"https:\/\/211md.org\/ht\/wp-json\/wp\/v2\/pages\/1130\/revisions\/33825"}],"up":[{"embeddable":true,"href":"https:\/\/211md.org\/ht\/wp-json\/wp\/v2\/pages\/836"}],"wp:featuredmedia":[{"embeddable":true,"href":"https:\/\/211md.org\/ht\/wp-json\/wp\/v2\/media\/4020"}],"wp:attachment":[{"href":"https:\/\/211md.org\/ht\/wp-json\/wp\/v2\/media?parent=1130"}],"curies":[{"name":"wp","href":"https:\/\/api.w.org\/{rel}","templated":true}]}}