{"id":1133,"date":"2021-04-19T16:54:37","date_gmt":"2021-04-19T16:54:37","guid":{"rendered":"https:\/\/211md.org\/?page_id=1133"},"modified":"2025-09-11T08:50:21","modified_gmt":"2025-09-11T12:50:21","slug":"depresyon","status":"publish","type":"page","link":"https:\/\/211md.org\/ht\/resources\/mental-health\/depression\/","title":{"rendered":"Depresyon adilt ak adolesan: siy, sent\u00f2m ak sip\u00f2"},"content":{"rendered":"<img decoding=\"async\" src=\"https:\/\/stg-maryland211-staging.kinsta.cloud\/wp-content\/uploads\/2025\/08\/5-1-scaled.png\" alt=\"5\" itemprop=\"image\" height=\"692\" width=\"2560\" title=\"5\" onerror=\"this.style.display='none'\" loading=\"lazy\" \/>\n\t\t<h1><a href=\"#start\" target=\"_self\">Tit Paj Defo<\/a><\/h1><p>Kijan w santi w? Ou dwe on\u00e8t ak t\u00e8t ou. \u00c8ske ou santi ou &quot;ble&quot;, desann, oswa tris pafwa? Li n\u00f2mal pou santi yon seri emosyon, men l\u00e8 santiman sa yo gen enpak sou lavi chak jou ou, li ta ka yon siy nan yon kondisyon ki pi grav ke yo rekon\u00e8t k\u00f2m depresyon.<\/p>\n<p>Aprann sou siy av\u00e8tisman yo, epi kijan pou jwenn \u00e8d.<\/p>\n<p>Rele 988 pou jwenn asistans imedya.<\/p>\n\t\t\t<a href=\"#start\" target=\"_self\">\n\t\t\t\t\t\tK\u00f2manse\n\t\t\t\t\t<\/a>\n\t\t\t\t<img decoding=\"async\" src=\"https:\/\/211md.org\/wp-content\/plugins\/bb-plugin\/img\/pixel.png\" alt=\"\" itemprop=\"image\" onerror=\"this.style.display='none'\" loading=\"lazy\" \/>\n\t\t\t\t<img decoding=\"async\" src=\"https:\/\/stg-maryland211-staging.kinsta.cloud\/wp-content\/uploads\/2025\/08\/16.png\" alt=\"16\" itemprop=\"image\" height=\"1000\" width=\"1000\" title=\"16\" onerror=\"this.style.display='none'\" loading=\"lazy\" \/>\n\t\t\t\t<img decoding=\"async\" src=\"http:\/\/211md.org\/wp-content\/uploads\/2025\/09\/Man-looking-out-window-thinking.jpg\" alt=\"Yon nonm k ap gade dey\u00f2 nan fen\u00e8t la ap reflechi\" itemprop=\"image\" title=\"Yon nonm k ap gade dey\u00f2 nan fen\u00e8t la ap reflechi\" onerror=\"this.style.display='none'\" loading=\"lazy\" \/>\n\t<h2>Depresyon 101<\/h2>\n<p>Depresyon ka afekte nenp\u00f2t moun epi li ka par\u00e8t diferan nan timoun, adolesan, j\u00e8n adilt ak adilt. Li ka rive poukont li oswa nan konbinezon ak l\u00f2t kondisyon sante mantal ak maladi kwonik. Pa egzanp, yon dyagnostik oswa yon batay ak kans\u00e8, dyab\u00e8t, oswa maladi k\u00e8 ka deklanche depresyon.<\/p>\n<p>Ev\u00e8nman lavi kapab tou deklanche sent\u00f2m yo. Pou egzanp, gwos\u00e8s ka pote sou sent\u00f2m depresyon tou de pandan gwos\u00e8s la ak apre.<\/p>\n<p>Sezon yo ka f\u00e8 w santi w ble, sitou pandan yon sezon fredi long, fr\u00e8t. Li ka rive tou nenp\u00f2t ki l\u00e8 nan ane a.<\/p>\n\t<h3>\u00c8ske mwen gen depresyon?<\/h3>\n<p>Gen plizy\u00e8 siy ak sent\u00f2m depresyon, epi yo ka varye selon laj. Pandan ke santi tris se youn nan sent\u00f2m depresyon, li plis pase sa. Li santi tou san espwa ak san val\u00e8 pou plis pase de sem\u00e8n, ansanm ak yon chanjman nan f\u00e8 bagay ou te konn jwi.<\/p>\n<p>La\u00a0<a href=\"https:\/\/www.nimh.nih.gov\/health\/publications\/depression\" target=\"_blank\" rel=\"noopener\">Enstiti Nasyonal Sante Mantal<\/a>\u00a0sijere poze t\u00e8t ou kesyon sa yo.<\/p>\n<p>\u00c8ske mwen santi....?<\/p>\n<ul>\n<li>Toujou tris, enkyete, san val\u00e8 oswa &quot;vid&quot;?<\/li>\n<li>San espwa oswa pesimis?<\/li>\n<li>Fasil fristre, fache, chimerik oswa M&#039;enerve?<\/li>\n<li>Pa enterese nan pastan oswa aktivite mwen te renmen yon fwa?<\/li>\n<li>Mwen retire zanmi ak fanmi?<\/li>\n<li>Ou santi w koupab, san val\u00e8, oswa san f\u00f2s?<\/li>\n<li>Li pi difisil pou pran desizyon, sonje, oswa konsantre?<\/li>\n<li>Manje chak jou ak abitid d\u00f2mi mwen chanje?<\/li>\n<li>Fatige, fatige oswa ou gen eksperyans p\u00e8t memwa?<\/li>\n<li>Doul\u00e8 ak doul\u00e8, malt\u00e8t, kranp, oswa pwobl\u00e8m dijestif ki pa gen yon k\u00f2z oswa ki pa sispann ak tretman.<\/li>\n<li>Tankou f\u00e8 t\u00e8t mwen mal oswa kom\u00e8t swisid?<\/li>\n<\/ul>\n<p>Adilt yo ka f\u00e8 eksperyans l\u00f2t sent\u00f2m tou tankou lensomni mitan lannwit, diminye libido, sent\u00f2m gastwoentestinal, trist\u00e8s oswa lapenn.<\/p>\n<p>Sent\u00f2m ou yo ka diferan de sent\u00f2m yon zanmi oswa yon manm fanmi.<\/p>\n<p>J\u00e8n\/Adolesan ta dwe mande t\u00e8t yo tou si yo santi yo...?<\/p>\n<ul>\n<li>Ke yo pa ap f\u00e8 byen nan lek\u00f2l la?<\/li>\n<\/ul>\n<p>Pandan ke sent\u00f2m depresyon yo sanble nan adolesan ak granmoun, gen k\u00e8k diferans. Konnen siy av\u00e8tisman depresyon ak l\u00f2t kondisyon sante mantal nan adolesan, ak <a href=\"https:\/\/211md.org\/ht\/resous-yo\/sante-mantal\/sipo-adolesan\/\" rel=\"noopener\">kijan pou jwenn sip\u00f2 adolesan<\/a>. Ou pa pou kont ou. \u00c8d disponib.<\/p>\n<h3>Ki jan yo dyagnostike depresyon?<\/h3>\n<p>Depresyon se dyagnostike pa kantite sent\u00f2m ou genyen chak jou. Si ou gen senk sent\u00f2m depresyon chak jou, pr\u00e8ske tout jounen an, epi mod\u00e8l sa a kontinye pou omwen de sem\u00e8n, ou ka gen depresyon. Enstiti Nasyonal Sante Mantal di youn nan sent\u00f2m yo dwe yon atitid deprime oswa yon p\u00e8t enter\u00e8 nan pr\u00e8ske tout aktivite.<\/p>\n<p>Yon espesyalis sante konp\u00f2tmantal ka f\u00e8 dyagnostik kondisyon ou epi bay sip\u00f2 ak tretman. Si ou pa ka jwenn yon randevou, ou ka jwenn \u00e8d ak sip\u00f2 tou nan men founis\u00e8 swen prensipal ou.<\/p>\n\t<h2>Bezwen Pale?\u00a0<\/h2>\n<p><strong>Rele oswa voye t\u00e8ks 988<\/strong><\/p>\n<p>&nbsp;<\/p>\n\t\t\t<a href=\"https:\/\/988lifeline.org\/chat\/\" target=\"_blank\" rel=\"noopener\">\n\t\t\t\t\t\t\tChat kounye a (angle)\n\t\t\t\t\t<\/a>\n\t\t\t<a href=\"https:\/\/988lifeline.org\/es\/chat\/\" target=\"_blank\" rel=\"noopener\">\n\t\t\t\t\t\t\tChatea Ahora (Espa\u00f1ol)\n\t\t\t\t\t<\/a>\n\t<p>Nenp\u00f2t moun ki bezwen asistans ak bezwen sante mantal oswa bezwen ki gen rap\u00f2 ak itilizasyon sibstans ka rele 988. <a href=\"https:\/\/health.maryland.gov\/bha\/Pages\/988md.aspx\" target=\"_blank\" rel=\"noopener\">Aprann sou 988 nan Maryland<\/a>.<\/p>\n<h2>\u00c8d Sante Mantal<\/h2>\n<p>Si w santi w desann epi li afekte lavi w chak jou, ou ta dwe ch\u00e8che \u00e8d yon pwofesyon\u00e8l sante konp\u00f2tmantal. Si w bezwen \u00e8d pou w jwenn youn:<\/p>\n<ul>\n<li>Rele 211<\/li>\n<li>Ch\u00e8che yon resous sante mantal toupre w nan baz done ki pi konpl\u00e8 nan Maryland sou resous sante mantal lokal yo, ki fonksyone grasa Maryland Information Network.<\/li>\n<\/ul>\n\t\t\t<a href=\"https:\/\/search.988.mdinfonet.org\/\" target=\"_blank\" rel=\"noopener\">\n\t\t\t\t\t\t\tCh\u00e8che founis\u00e8 sante mantal\n\t\t\t\t\t<\/a>\n\t<p>Si ou se yon paran oswa moun k ap bay swen, aprann sou <a href=\"https:\/\/211md.org\/ht\/resous-yo\/sante-mantal\/sipo-adolesan\/\">pwogram sante mantal ki f\u00e8t espesyalman pou adolesan<\/a>.<\/p>\n<p>Si ou bezwen \u00e8d imedyat, rele 988 epi pale ak yon pwofesyon\u00e8l ki resevwa f\u00f2masyon.<\/p>\n\t\t\t\t<img decoding=\"async\" src=\"https:\/\/211md.org\/wp-content\/uploads\/2023\/04\/Woman-in-wheelchair-getting-mental-health-support.jpg\" alt=\"Fanm nan ch\u00e8z woulant ap resevwa sip\u00f2 pou sante mantal\" itemprop=\"image\" height=\"800\" width=\"1200\" title=\"Fanm nan ch\u00e8z woulant ap resevwa sip\u00f2 pou sante mantal\" onerror=\"this.style.display='none'\" loading=\"lazy\" \/>\n<h3>Jwenn yon terapis<\/h3>\n<p>211 konprann ke li difisil pou jwenn yon randevou pou sante konp\u00f2tman, epi pafwa l\u00e8 ou jwenn randevou sa a, se pa ak yon moun ou klike sou oswa ou santi w al\u00e8z pou pataje jan ou santi w vr\u00e8man.<\/p>\n<p>Pandan yon <a href=\"https:\/\/211md.org\/ht\/objektif-sante-mantal\/\" target=\"_blank\" rel=\"noopener\">diskisyon<\/a> Av\u00e8k 92Q ak pwofesyon\u00e8l sante mantal sou etablisman objektif sante mantal, 211 ak l\u00f2t pan\u00e8lis yo te pataje difikilte pou jwenn yon terapis ki se yon moun de koul\u00e8 oswa yon moun ki konprann ou. Si ou pa al\u00e8z ak moun nan, ou ka santi ou mwens anvi pataje tout bagay.<\/p>\n<p>Sepandan, pa tann pou jwenn terapis paf\u00e8 a.<\/p>\n<p>Si ou pa ka jwenn yon randevou ak premye chwa ou a, konsidere rantre nan lis datant yo epi pran yon randevou ak yon l\u00f2t moun. K\u00f2manse konv\u00e8sasyon an ak yon moun, epi finalman, ou pral rive jwenn terapis ki vr\u00e8man konekte av\u00e8 l la.<\/p>\n<p>Anplis defi pou jwenn yon randevou, li ka es\u00e8 ak er\u00e8 pou jwenn yon koneksyon. Si ou jwenn yon moun ke ou pa konekte ak, li ok. Ch\u00e8che yon l\u00f2t moun.<\/p>\n<p>211 toujou la pou ede w. Pwogram nou yo gratis e konfidansy\u00e8l, epi yo mete w an kontak ak yon pwofesyon\u00e8l ki resevwa f\u00f2masyon, ki gen sousi pou l\u00f2t moun e ki gen konpasyon.<\/p>\n<h3>Sip\u00f2 t\u00e8ks gratis<\/h3>\n<p>MDMindHealth\/MDSaludMental bay sip\u00f2 mesaj t\u00e8ks enspirasyon\u00e8l ak motivasyon\u00e8l pou granmoun. Li disponib an Angl\u00e8 ak an Pany\u00f2l.<\/p>\n<p>Tou de pwogram sa yo disponib l\u00e8 ou bezwen yo.<\/p>\n<p>Ou pa pou kont ou! \u00c8d gratis ak konfidansy\u00e8l disponib.<\/p>\n\t\t\t<a href=\"https:\/\/211md.org\/ht\/sou\/mesaj-teks\/md-mindhealth\/\" target=\"_blank\" rel=\"noopener\">\n\t\t\t\t\t\t\tAprann plis\n\t\t\t\t\t<\/a>\n\t<h3>Sip\u00f2 pou sante mantal pou j\u00e8n yo<\/h3>\n<p>Sonje byen, sante mantal ka diferan lakay timoun, adolesan ak j\u00e8n adilt. Konnen siy av\u00e8tisman yo epi jwenn \u00e8d nan men pwogram sante mantal espesifik pou adolesan nan Maryland.<\/p>\n<p>211 bay yon sist\u00e8m sip\u00f2 mesaj t\u00e8ks gratis ki konsantre sou j\u00e8n yo. J\u00e8n yo ka enskri pou MDYoungMinds. Li bay mesaj t\u00e8ks ki bay sip\u00f2. Sa yo ka gen ladan resous sou depresyon, sante mantal adolesan ak adolesan, ak pwogram sip\u00f2.<\/p>\n\t\t\t<a href=\"https:\/\/211md.org\/ht\/sou\/mesaj-teks\/mdyoungminds\/\" target=\"_self\">\n\t\t\t\t\t\t\tAprann plis bagay sou mdyoungminds\n\t\t\t\t\t<\/a>\n\t<p>Adolesan yo ka konekte tou ak kamarad ki te f\u00e8 eksperyans yon pwobl\u00e8m sante mantal oswa ch\u00f2k nan\u00a0<a href=\"https:\/\/www.mdcoalition.org\/who-we-help\/youth-helping-youth\/\" target=\"_blank\" rel=\"noopener\">Pran pwogram v\u00f2l<\/a>.<\/p>\n<p>Ou kapab tou\u00a0<a href=\"https:\/\/www.childrensmentalhealthmatters.org\/files\/2021\/03\/CMHM-Family-Resource-Kit-2021.pdf\" target=\"_blank\" rel=\"noopener\">telechaje Twous Resous Familyal Children&#039;s Health Matters<\/a>. Li se yon gid konpl\u00e8 sou sent\u00f2m sante mantal ak siy pandan y ap bay opsyon tretman ak sip\u00f2 nan Maryland.<\/p>\n\t\t\t\t<img decoding=\"async\" src=\"http:\/\/211md.org\/wp-content\/uploads\/2025\/09\/teenage-skateboarder-thinking.jpg\" alt=\"yon adolesan skateboarder k ap panse\" itemprop=\"image\" title=\"yon adolesan skateboarder k ap panse\" onerror=\"this.style.display='none'\" loading=\"lazy\" \/>\n<h2>Fason Pou Amelyore Sante Mantal<\/h2>\n<p>Anplis pwogram sa yo gratis ak konfidansy\u00e8l, ou ka sip\u00f2te sante mantal ou l\u00e8 w pale ak yon adilt ou f\u00e8 konfyans. Sa a ka yon pwofesyon\u00e8l ki resevwa f\u00f2masyon, paran, manm fanmi, gadyen, pwofes\u00e8, konseye lek\u00f2l oswa dokt\u00e8, enkli pedyat.<\/p>\n<p>Anplis jwenn \u00e8d ou bezwen nan men pwofesyon\u00e8l, li enp\u00f2tan pou pase tan ak zanmi ak manm fanmi yo epi rete aktif, swiv yon woutin regilye d\u00f2mi ak manje manje ki an sante.<\/p>\n<h3><strong>Anpeche swisid ak atensyon<\/strong><\/h3>\n<p>Ou ka eseye tou egz\u00e8sis t\u00e8t-k\u00f2 tankou atensyon pou ede w ch\u00e8che sip\u00f2 ak \u00e8d l\u00e8 w ap f\u00e8 eksperyans lide swisid oswa santi w desann. Sa yo se videyo ans\u00e8yman atensyon soti nan\u00a0<a href=\"https:\/\/nowmattersnow.org\/skill\/mindfulness\" target=\"_blank\" rel=\"noopener\">Now Matters Now<\/a>, yon koleksyon resous ki konsantre sou anpeche swisid ak rech\u00e8ch, resous ak kont premye men nan panse swisid.<\/p>\n<p>Now Matters Now bay ladr\u00e8s atensyon ak f\u00e8 remake ke yon pratik atensyon se &quot;pi move l\u00e8nmi ou&quot; l\u00e8 ou gen panse swisid.<\/p>\n<p>Sonje byen, sip\u00f2 sante mantal youn a youn toujou disponib tou l\u00e8 w rele oswa voye t\u00e8ks 988.<\/p>\n\t\t<iframe loading=\"lazy\" src=\"https:\/\/player.vimeo.com\/video\/101372253?h=961480ee68&#038;title=0&#038;byline=0\" width=\"640\" height=\"360\" frameborder=\"0\" allow=\"autoplay; fullscreen; picture-in-picture\" allowfullscreen><\/iframe>\t\n<h2>\n\t\t\tEnf\u00f2masyon ki gen rap\u00f2\t<\/h2>\n\t\t<h4><a href=\"\/ht\/resous-yo\/aje-andikap\/\" target=\"_self\">Aje ak Andikap<\/a><\/h4>\n\t\t\t\t<a href=\"\/ht\/resous-yo\/aje-andikap\/\"  target=\"_self\" itemprop=\"url\">\n\t\t\t\t<img decoding=\"async\" src=\"https:\/\/211md.org\/wp-content\/uploads\/bb-plugin\/cache\/2025_MdInfoNet_Icon-Sets_Aging-disability-square-c466727102cae71e5f27b8539bb51945-.png\" alt=\"2025_MdInfoNet_Icon Sets_Aging-disability\" itemprop=\"image\" title=\"2025_MdInfoNet_Icon Sets_Aging-disability\" onerror=\"this.style.display='none'\" loading=\"lazy\" \/>\n\t\t\t\t<\/a>\n\t\t<h4><a href=\"https:\/\/211md.org\/ht\/resous-yo\/timoun-fanmi-yo\/\" target=\"_blank\" rel=\"noopener\">Timoun ak Fanmi<\/a><\/h4>\n\t\t\t\t<a href=\"https:\/\/211md.org\/ht\/resous-yo\/timoun-fanmi-yo\/\" target=\"_blank\" rel=\"noopener\" itemprop=\"url\">\n\t\t\t\t<img decoding=\"async\" src=\"https:\/\/211md.org\/wp-content\/uploads\/bb-plugin\/cache\/2025_211_Icon-Sets_Child-care-square-a8953c7678f51ed443764342b64ee948-.png\" alt=\"2025_211_Ansanm Ik\u00f2n_Swen Timoun\" itemprop=\"image\" title=\"2025_211_Ansanm Ik\u00f2n_Swen Timoun\" onerror=\"this.style.display='none'\" loading=\"lazy\" \/>\n\t\t\t\t<\/a>\n\t\t<h4><a href=\"\/ht\/resous-yo\/vyolans-familyal-domestik\/\" target=\"_self\">Vyolans domestik<\/a><\/h4>\n\t\t\t\t<a href=\"\/ht\/resous-yo\/vyolans-familyal-domestik\/\"  target=\"_self\" itemprop=\"url\">\n\t\t\t\t<img decoding=\"async\" src=\"https:\/\/211md.org\/wp-content\/uploads\/bb-plugin\/cache\/2025_211_Icon-Sets_Domestic-Violence-square-e6e48b12d9d44dadd394e0d40debfd96-.png\" alt=\"Ik\u00f2n Vyolans Domestik\" itemprop=\"image\" title=\"2025_211_Ansanm Ik\u00f2n_Vyolans Domestik\" onerror=\"this.style.display='none'\" loading=\"lazy\" \/>\n\t\t\t\t<\/a>\n\t\t<h4><a href=\"\/ht\/resous-yo\/rechech-travay\/\" target=\"_self\">Travay<\/a><\/h4>\n\t\t\t\t<a href=\"\/ht\/resous-yo\/rechech-travay\/\"  target=\"_self\" itemprop=\"url\">\n\t\t\t\t<img decoding=\"async\" src=\"https:\/\/211md.org\/wp-content\/uploads\/bb-plugin\/cache\/2025_MdInfoNet_Icon-Sets_Employment-square-44707bd410e4df10a470bf130ebcea86-.png\" alt=\"2025_MdInfoNet_Icon Sets_Anplwa\" itemprop=\"image\" title=\"2025_MdInfoNet_Icon Sets_Anplwa\" onerror=\"this.style.display='none'\" loading=\"lazy\" \/>\n\t\t\t\t<\/a>\n\t\t<h4><a href=\"\/ht\/resous-yo\/swen-sante\/\" target=\"_self\">Swen Sante<\/a><\/h4>\n\t\t\t\t<a href=\"\/ht\/resous-yo\/swen-sante\/\"  target=\"_self\" itemprop=\"url\">\n\t\t\t\t<img decoding=\"async\" src=\"https:\/\/211md.org\/wp-content\/uploads\/bb-plugin\/cache\/2025_MdInfoNet_Icon-Sets_Health-Care-square-dee98a0060cbe0e7f27eda253fc12679-.png\" alt=\"2025_MdInfoNet_Icon Sets_Swen Sante\" itemprop=\"image\" title=\"2025_MdInfoNet_Icon Sets_Swen Sante\" onerror=\"this.style.display='none'\" loading=\"lazy\" \/>\n\t\t\t\t<\/a>\n\t\t<h4><a href=\"\/ht\/resous-yo\/timoun-fanmi-yo\/swen-fanmi\/\" target=\"_self\">Parente<\/a><\/h4>\n\t\t\t\t<a href=\"\/ht\/resous-yo\/timoun-fanmi-yo\/swen-fanmi\/\"  target=\"_self\" itemprop=\"url\">\n\t\t\t\t<img decoding=\"async\" src=\"https:\/\/211md.org\/wp-content\/uploads\/bb-plugin\/cache\/2025_211_Icon-Sets_Kinship-square-21d4c353354c53c083c80118abb066f2-.png\" alt=\"Ik\u00f2n fanmi\" itemprop=\"image\" title=\"2025_211_Ansanm Ik\u00f2n_Fanmitay\" onerror=\"this.style.display='none'\" loading=\"lazy\" \/>\n\t\t\t\t<\/a>\n\t\t<h4><a href=\"\/ht\/resous-yo\/sevis-legal-yo\/\" target=\"_self\">S\u00e8vis Legal<\/a><\/h4>\n\t\t\t\t<a href=\"\/ht\/resous-yo\/sevis-legal-yo\/\"  target=\"_self\" itemprop=\"url\">\n\t\t\t\t<img decoding=\"async\" src=\"https:\/\/211md.org\/wp-content\/uploads\/bb-plugin\/cache\/2025_MdInfoNet_Icon-Sets_Legal-square-18fdf438feb8435588174d9046463257-.png\" alt=\"2025_MdInfoNet_Ikon_Ansanm_Legal\" itemprop=\"image\" title=\"2025_MdInfoNet_Ikon_Ansanm_Legal\" onerror=\"this.style.display='none'\" loading=\"lazy\" \/>\n\t\t\t\t<\/a>\n\t\t<h4><a href=\"\/ht\/resous-yo\/sante-mantal\/\" target=\"_self\">Sante mantal<\/a><\/h4>\n\t\t\t\t<a href=\"\/ht\/resous-yo\/sante-mantal\/\"  target=\"_self\" itemprop=\"url\">\n\t\t\t\t<img decoding=\"async\" src=\"https:\/\/211md.org\/wp-content\/uploads\/bb-plugin\/cache\/2025_MdInfoNet_Icon-Sets_Mental-Health-square-c59b38c4a993a947d4c9280fbe2d2fee-.png\" alt=\"2025_MdInfoNet_Icon Sets_Sante Mantal\" itemprop=\"image\" title=\"2025_MdInfoNet_Icon Sets_Sante Mantal\" onerror=\"this.style.display='none'\" loading=\"lazy\" \/>\n\t\t\t\t<\/a>\n\t\t<h4><a href=\"\/ht\/resous-yo\/mdreentry\/\" target=\"_self\">Reantre<\/a><\/h4>\n\t\t\t\t<a href=\"\/ht\/resous-yo\/mdreentry\/\"  target=\"_self\" itemprop=\"url\">\n\t\t\t\t<img decoding=\"async\" src=\"https:\/\/211md.org\/wp-content\/uploads\/bb-plugin\/cache\/2025_211_Icon-Sets_Reentry-square-f36b65d903a62fd4c3819ff05988ca60-.png\" alt=\"Ik\u00f2n Reantre\" itemprop=\"image\" title=\"2025_211_Ansanm Ik\u00f2n_Reantre\" onerror=\"this.style.display='none'\" loading=\"lazy\" \/>\n\t\t\t\t<\/a>\n\t\t<h4><a href=\"\/ht\/resous-yo\/itilizasyon-sibstans\/\" target=\"_self\">Itilizasyon sibstans<\/a><\/h4>\n\t\t\t\t<a href=\"\/ht\/resous-yo\/itilizasyon-sibstans\/\"  target=\"_self\" itemprop=\"url\">\n\t\t\t\t<img decoding=\"async\" src=\"https:\/\/211md.org\/wp-content\/uploads\/bb-plugin\/cache\/2025_MdInfoNet_Icon-Sets_Substance-Abuse-square-9022fec9d18a64118ad685c101885b55-.png\" alt=\"2025_MdInfoNet_Icon Sets_Abi Sibstans\" itemprop=\"image\" title=\"2025_MdInfoNet_Icon Sets_Abi Sibstans\" onerror=\"this.style.display='none'\" loading=\"lazy\" \/>\n\t\t\t\t<\/a>\n\t\t<h4><a href=\"\/ht\/resous-yo\/veteran-yo\/\" target=\"_self\">Veteran yo<\/a><\/h4>\n\t\t\t\t<a href=\"\/ht\/resous-yo\/veteran-yo\/\"  target=\"_self\" itemprop=\"url\">\n\t\t\t\t<img decoding=\"async\" src=\"https:\/\/211md.org\/wp-content\/uploads\/bb-plugin\/cache\/2025_MdInfoNet_Icon-Sets_Rating-square-6e60d00cce4faa8e0a6d4ad7366aa733-.png\" alt=\"2025_MdInfoNet_Icon Sets_Rating\" itemprop=\"image\" title=\"2025_MdInfoNet_Icon Sets_Rating\" onerror=\"this.style.display='none'\" loading=\"lazy\" \/>\n\t\t\t\t<\/a>","protected":false},"excerpt":{"rendered":"<p>Tit Paj Defo Kijan ou santi w? On\u00e8t ak t\u00e8t ou. \u00c8ske ou santi w &quot;tris&quot;, dekouraje, oswa deprime pafwa? Li n\u00f2mal pou w santi yon seri emosyon, men l\u00e8 santiman sa yo afekte lavi chak jou ou, sa ka yon siy yon kondisyon ki pi grav ke yo rekon\u00e8t k\u00f2m depresyon. Aprann sou siy av\u00e8tisman yo, epi kijan pou w jwenn...<\/p>","protected":false},"author":8,"featured_media":3766,"parent":836,"menu_order":0,"comment_status":"closed","ping_status":"closed","template":"","meta":{"footnotes":""},"class_list":["post-1133","page","type-page","status-publish","has-post-thumbnail","hentry"],"_links":{"self":[{"href":"https:\/\/211md.org\/ht\/wp-json\/wp\/v2\/pages\/1133","targetHints":{"allow":["GET"]}}],"collection":[{"href":"https:\/\/211md.org\/ht\/wp-json\/wp\/v2\/pages"}],"about":[{"href":"https:\/\/211md.org\/ht\/wp-json\/wp\/v2\/types\/page"}],"author":[{"embeddable":true,"href":"https:\/\/211md.org\/ht\/wp-json\/wp\/v2\/users\/8"}],"replies":[{"embeddable":true,"href":"https:\/\/211md.org\/ht\/wp-json\/wp\/v2\/comments?post=1133"}],"version-history":[{"count":9,"href":"https:\/\/211md.org\/ht\/wp-json\/wp\/v2\/pages\/1133\/revisions"}],"predecessor-version":[{"id":33830,"href":"https:\/\/211md.org\/ht\/wp-json\/wp\/v2\/pages\/1133\/revisions\/33830"}],"up":[{"embeddable":true,"href":"https:\/\/211md.org\/ht\/wp-json\/wp\/v2\/pages\/836"}],"wp:featuredmedia":[{"embeddable":true,"href":"https:\/\/211md.org\/ht\/wp-json\/wp\/v2\/media\/3766"}],"wp:attachment":[{"href":"https:\/\/211md.org\/ht\/wp-json\/wp\/v2\/media?parent=1133"}],"curies":[{"name":"wp","href":"https:\/\/api.w.org\/{rel}","templated":true}]}}