{"id":1142,"date":"2021-04-19T17:38:06","date_gmt":"2021-04-19T17:38:06","guid":{"rendered":"https:\/\/211md.org\/?page_id=1142"},"modified":"2026-04-28T17:45:00","modified_gmt":"2026-04-28T21:45:00","slug":"preparasyon-pou-katastwof","status":"publish","type":"page","link":"https:\/\/211md.org\/ht\/disaster-preparedness\/","title":{"rendered":"Preparasyon pou Dezas"},"content":{"rendered":"<p>Si w an danje imedya rele 9-1-1.<\/p>\n<p>2-1-1 ka ede w jwenn resous pou prepare w pou katastw\u00f2f yo. <a href=\"https:\/\/search.211md.org\/\" target=\"_blank\" rel=\"noopener\">Ch\u00e8che baz done 2-1-1 la<\/a> pou jwenn resous pou Preparasyon pou Dezas oswa Sekou pou Katastw\u00f2f. Ou ka ch\u00e8che bagay tankou s\u00e8vis manje apre katastw\u00f2f, transp\u00f2, don, pr\u00e8 pou katastw\u00f2f, sibvansyon lajan kach, \u00f2ganizasyon rekiperasyon ak plis ank\u00f2.<\/p>\n<p>211 gen tou MdReady\/MdListo, yon pwogram mesaj t\u00e8ks angle ak pany\u00f2l ak Depatman Jesyon Ijans Maryland, pou av\u00e8ti w anvan, pandan ak apre yon kriz. <a href=\"https:\/\/211md.org\/ht\/sou\/mesaj-teks\/mdready\/\">Nenp\u00f2t moun ka enskri pou al\u00e8t MdReady\/MdListo<\/a>.<\/p>\n<p>Konnen menas yo:<\/p>\n<ul>\n<li><a href=\"https:\/\/mdready.maryland.gov\/know-the-threats\/Pages\/COVID-19.aspx\" target=\"_blank\" rel=\"noopener\">KOVID 19<\/a><\/li>\n<li><a href=\"https:\/\/mdready.maryland.gov\/know-the-threats\/Pages\/floods.aspx\" target=\"_blank\" rel=\"noopener\">Inondasyon<\/a><\/li>\n<li><a href=\"https:\/\/mdready.maryland.gov\/know-the-threats\/Pages\/heat-drought.aspx\" target=\"_blank\" rel=\"noopener\">Chal\u00e8 ak sechr\u00e8s<\/a><\/li>\n<li><a href=\"https:\/\/mdready.maryland.gov\/know-the-threats\/Pages\/hurricanes.aspx\" target=\"_blank\" rel=\"noopener\">Sikl\u00f2n yo<\/a><\/li>\n<li><a href=\"https:\/\/mdready.maryland.gov\/know-the-threats\/Pages\/thunder-and-lightning.aspx\" target=\"_blank\" rel=\"noopener\">Loraj ak z\u00e8kl\u00e8<\/a><\/li>\n<li><a href=\"https:\/\/mdready.maryland.gov\/know-the-threats\/Pages\/winter-storms.aspx\" target=\"_blank\" rel=\"noopener\">Tanp\u00e8t iv\u00e8<\/a> (<a href=\"https:\/\/health.maryland.gov\/preparedness\/Pages\/resources_cold.aspx\" target=\"_blank\" rel=\"noopener\">ekstr\u00e8m fr\u00e8t<\/a>)<\/li>\n<li><a href=\"https:\/\/mdready.maryland.gov\/know-the-threats\/Pages\/tornadoes.aspx\" target=\"_blank\" rel=\"noopener\">Toubiyon<\/a><\/li>\n<li><a href=\"https:\/\/mdready.maryland.gov\/know-the-threats\/Pages\/earthquakes.aspx\" target=\"_blank\" rel=\"noopener\">Tranblemannt\u00e8<\/a><\/li>\n<li><a href=\"https:\/\/mdready.maryland.gov\/know-the-threats\/technology-disasters\/Pages\/default.aspx\" target=\"_blank\" rel=\"noopener\">Dezas Teknoloji<\/a><\/li>\n<li><a href=\"https:\/\/mdready.maryland.gov\/know-the-threats\/Pages\/landslides-and-mudslides.aspx\" target=\"_blank\" rel=\"noopener\">Glisman teren ak glisman labou<\/a><\/li>\n<li><a href=\"https:\/\/mdready.maryland.gov\/know-the-threats\/Pages\/public-health-events.aspx\" target=\"_blank\" rel=\"noopener\">Ev\u00e8nman Sante Piblik<\/a><\/li>\n<li><a href=\"https:\/\/mdready.maryland.gov\/know-the-threats\/Pages\/wildfires.aspx\" target=\"_blank\" rel=\"noopener\">Dife sovaj<\/a><\/li>\n<li><a href=\"https:\/\/mdready.maryland.gov\/know-the-threats\/Pages\/Terrorism.aspx\" target=\"_blank\" rel=\"noopener\">Teworis&nbsp;<\/a><\/li>\n<\/ul>\n<p>Pou jwenn aks\u00e8 a kons\u00e8y ak enf\u00f2masyon sou preparasyon an, enstale aplikasyon ent\u00e8n\u00e8t MdReady la l\u00e8 w vizite&nbsp;<a href=\"http:\/\/mdready.maryland.gov\/\" target=\"_blank\" rel=\"noopener\">MdReady.Maryland.gov<\/a>&nbsp;sou navigat\u00e8 ent\u00e8n\u00e8t apar\u00e8y mobil ou a. Pou resevwa al\u00e8t t\u00e8ks, kons\u00e8y, ak resous ki gen rap\u00f2 ak menas ak danje ki ka afekte Maryland, voye t\u00e8ks &quot;MdReady&quot; nan 211-631 oswa &quot;MdListo&quot; pou resevwa t\u00e8ks an Pany\u00f2l.<\/p>\n<h2>W\u00f2l 211 Pandan Dezas<\/h2>\n<p>Si yon katastw\u00f2f te afekte w, ou ka rele 2-1-1 pou w jwenn enf\u00f2masyon ak resous ajou ki gen rap\u00f2 ak katastw\u00f2f nan kominote w la.<\/p>\n<p>211MD bay kontw\u00f2l rim\u00e8 yo epi li ofri enf\u00f2masyon ajou sou resous ki gen rap\u00f2 ak katastw\u00f2f ki toujou ap chanje. Nou te etabli kontak pou jwenn enf\u00f2masyon ki pi resan sou plan evakyasyon, abri tanpor\u00e8, sit manje, kamyon dlo, swen medikal elatriye. Nou ka bay enf\u00f2masyon tou sou ki founis\u00e8 s\u00e8vis lokal yo toujou kapab ofri s\u00e8vis tipik yo.<\/p>\n<p>Bay enf\u00f2masyon esansy\u00e8l sa yo ka libere sekouris ijans yo pou yo f\u00e8 travay yo pi bon pou yo f\u00e8 pou kominote a. Nou eseye retire yon fado nan sist\u00e8m 911 la, kite li gratis pou ijans rey\u00e8l.<\/p>","protected":false},"excerpt":{"rendered":"<p>Si w an danje imedya rele 9-1-1. 2-1-1 ka ede w jwenn resous pou prepare w pou katastw\u00f2f yo. Ch\u00e8che baz done 2-1-1 pou jwenn resous pou Preparasyon pou Dezas oswa Sekou pou Katastw\u00f2f. Ou ka ch\u00e8che bagay tankou s\u00e8vis manje apre katastw\u00f2f, transp\u00f2, don, pr\u00e8 pou katastw\u00f2f, sibvansyon lajan kach, \u00f2ganizasyon rekiperasyon ak plis ank\u00f2. 211 gen tou MdReady\/MdListo,...<\/p>","protected":false},"author":8,"featured_media":0,"parent":0,"menu_order":0,"comment_status":"closed","ping_status":"closed","template":"","meta":{"footnotes":""},"class_list":["post-1142","page","type-page","status-publish","hentry"],"_links":{"self":[{"href":"https:\/\/211md.org\/ht\/wp-json\/wp\/v2\/pages\/1142","targetHints":{"allow":["GET"]}}],"collection":[{"href":"https:\/\/211md.org\/ht\/wp-json\/wp\/v2\/pages"}],"about":[{"href":"https:\/\/211md.org\/ht\/wp-json\/wp\/v2\/types\/page"}],"author":[{"embeddable":true,"href":"https:\/\/211md.org\/ht\/wp-json\/wp\/v2\/users\/8"}],"replies":[{"embeddable":true,"href":"https:\/\/211md.org\/ht\/wp-json\/wp\/v2\/comments?post=1142"}],"version-history":[{"count":1,"href":"https:\/\/211md.org\/ht\/wp-json\/wp\/v2\/pages\/1142\/revisions"}],"predecessor-version":[{"id":34615,"href":"https:\/\/211md.org\/ht\/wp-json\/wp\/v2\/pages\/1142\/revisions\/34615"}],"wp:attachment":[{"href":"https:\/\/211md.org\/ht\/wp-json\/wp\/v2\/media?parent=1142"}],"curies":[{"name":"wp","href":"https:\/\/api.w.org\/{rel}","templated":true}]}}