{"id":1143,"date":"2021-04-19T17:49:39","date_gmt":"2021-04-19T17:49:39","guid":{"rendered":"https:\/\/211md.org\/?page_id=1143"},"modified":"2024-12-10T09:08:43","modified_gmt":"2024-12-10T14:08:43","slug":"podcast","status":"publish","type":"page","link":"https:\/\/211md.org\/ht\/podcast\/","title":{"rendered":"Podcast"},"content":{"rendered":"<h2>\n\t\tPodcasts Prezante 211 Maryland\n\t<\/h2>\n\t<p>Koute sa ki 211 la? podcast oswa podcast kote 211 Maryland se yon envite.<\/p>\n<p>Aprann sou pwogram ak s\u00e8vis 211 Maryland ak pwogram patn\u00e8 kominot\u00e8 yo ofri yo.<\/p>\n<h2>\n\t\tEpiz\u00f2d\n\t<\/h2>\n<h2>\n\t\tTelechaje Podcast sa a\n\t<\/h2>\n\t\t\t\t<a href=\"https:\/\/apps.apple.com\/app\/apple-store\/id973361050\" target=\"_blank\" rel=\"noopener\" itemprop=\"url\">\n\t\t\t\t<img loading=\"lazy\" decoding=\"async\" src=\"https:\/\/211md.org\/wp-content\/uploads\/2022\/11\/app-store-download.png\" alt=\"app-magazen-telechaje\" itemprop=\"image\" height=\"414\" width=\"1200\" title=\"app-magazen-telechaje\" onerror=\"this.style.display='none'\"  \/>\n\t\t\t\t<\/a>\n\t\t\t\t<a href=\"https:\/\/play.google.com\/store\/apps\/details?id=com.podbean.app.podcast&#038;referrer=utm_source%3Dpodbean_web%26utm_campaign%3Dpb_usersite\" target=\"_blank\" rel=\"noopener\" itemprop=\"url\">\n\t\t\t\t<img loading=\"lazy\" decoding=\"async\" src=\"https:\/\/211md.org\/wp-content\/uploads\/2022\/11\/get-it-on-google-play.png\" alt=\"jwenn li sou google play\" itemprop=\"image\" height=\"250\" width=\"646\" title=\"jwenn li sou google play\" onerror=\"this.style.display='none'\"  \/>\n\t\t\t\t<\/a>\n<h2>Enf\u00f2masyon ki gen rap\u00f2<\/h2>\n<p><a title=\"Podcast: Ki sa ki nan 211 la? \" href=\"\/ht\/podcast\/\">Podcast: Ki sa ki nan 211 la?<\/a><\/p>\n<p><a href=\"\/ht\/podcast\/nami-podcast\/\" rel=\"noopener\">NAMI Podcast<\/a><\/p>\n<p><a title=\"211 Maryland Toolkit\" href=\"\/ht\/zouti-maketing\/\">211 Maryland Toolkit<\/a><\/p>\n<p><a title=\"Kanpay edikasyon opioid &quot;Stop the Stigma&quot;.\" href=\"\/ht\/sispann-stigma-a\/\">Kanpay Edikasyon Opyoyid &quot;Stop the Stigma&quot;.<\/a><\/p>","protected":false},"excerpt":{"rendered":"<p>Podcasts Featuring 211 Maryland Koute What&#039;s the 211? podcast oswa podcast kote 211 Maryland se yon envite. Aprann sou pwogram ak s\u00e8vis 211 Maryland ak pwogram patn\u00e8 kominot\u00e8 yo ofri yo. Epiz\u00f2d Telechaje Podcast sa a Enf\u00f2masyon ki gen rap\u00f2 Podcast: Ki sa ki nan 211 la? NAMI Podcast 211 Maryland Toolkit \u201cStop the Stigma\u201d Kanpay Edikasyon Opyoyid<\/p>","protected":false},"author":8,"featured_media":2104,"parent":0,"menu_order":0,"comment_status":"closed","ping_status":"closed","template":"","meta":{"footnotes":""},"class_list":["post-1143","page","type-page","status-publish","has-post-thumbnail","hentry"],"_links":{"self":[{"href":"https:\/\/211md.org\/ht\/wp-json\/wp\/v2\/pages\/1143","targetHints":{"allow":["GET"]}}],"collection":[{"href":"https:\/\/211md.org\/ht\/wp-json\/wp\/v2\/pages"}],"about":[{"href":"https:\/\/211md.org\/ht\/wp-json\/wp\/v2\/types\/page"}],"author":[{"embeddable":true,"href":"https:\/\/211md.org\/ht\/wp-json\/wp\/v2\/users\/8"}],"replies":[{"embeddable":true,"href":"https:\/\/211md.org\/ht\/wp-json\/wp\/v2\/comments?post=1143"}],"version-history":[{"count":0,"href":"https:\/\/211md.org\/ht\/wp-json\/wp\/v2\/pages\/1143\/revisions"}],"wp:featuredmedia":[{"embeddable":true,"href":"https:\/\/211md.org\/ht\/wp-json\/wp\/v2\/media\/2104"}],"wp:attachment":[{"href":"https:\/\/211md.org\/ht\/wp-json\/wp\/v2\/media?parent=1143"}],"curies":[{"name":"wp","href":"https:\/\/api.w.org\/{rel}","templated":true}]}}