{"id":115,"date":"2019-10-18T20:29:20","date_gmt":"2019-10-18T20:29:20","guid":{"rendered":"https:\/\/211md.org\/?page_id=115"},"modified":"2026-02-27T14:04:16","modified_gmt":"2026-02-27T19:04:16","slug":"lakay-ou","status":"publish","type":"page","link":"https:\/\/211md.org\/ht\/","title":{"rendered":"Lakay"},"content":{"rendered":"<h1>\n\t\t\tKonekte Maryland pou Ede\t<\/h1>\n\t<p>Jwenn resous kominot\u00e8 pou manje, lojman, asistans pou s\u00e8vis piblik, \u00e8d pou peye b\u00f2dwo, ak plis ank\u00f2!\u00a0<\/p>\n<p><strong>211 Maryland<\/strong> se Sist\u00e8m Enf\u00f2masyon ak Referans ki pi konpl\u00e8 nan eta a. <\/p>\n<p>Ansanm, nou ka ede kominote yo pwospere.<\/p>\n\t\t\t<a href=\"https:\/\/search.211md.org\/?utm_source=Homehero&#038;utm_medium=Referral&#038;utm_campaign=211home&#038;utm_content=\"  target=\"_blank\" rel=\"noopener\">\n\t\t\t\t\t\t\tJwenn \u00e8d\n\t\t\t\t\t<\/a>\n\t\t\t<a href=\"https:\/\/211md.org\/ht\/patne\/?utm_source=Homehero&#038;utm_medium=Referral&#038;utm_campaign=211home&#038;utm_content=CTA\"  target=\"_self\">\n\t\t\t\t\t\t\tAntre nan baz done resous yo\n\t\t\t\t\t<\/a>\n\t\t<h4><a href=\"\/ht\/resous-yo\/aje-andikap\/?utm_source=Home&#038;utm_medium=Referral&#038;utm_campaign=211Resources&#038;utm_content=Aging\" target=\"_self\">Aje ak Andikap<\/a><\/h4><figure itemscope itemtype=\"https:\/\/schema.org\/ImageObject\">\n\t\t\t\t<a href=\"\/ht\/resous-yo\/aje-andikap\/?utm_source=Home&#038;utm_medium=Referral&#038;utm_campaign=211Resources&#038;utm_content=Aging\"  target=\"_self\" itemprop=\"url\">\n\t\t\t\t<img decoding=\"async\" src=\"https:\/\/211md.org\/wp-content\/uploads\/bb-plugin\/cache\/2025_MdInfoNet_Icon-Sets_Aging-disability-square-c466727102cae71e5f27b8539bb51945-.png\" alt=\"\" onerror=\"this.style.display='none'\" loading=\"lazy\" \/>\n\t\t\t\t<\/a>\n\t<\/figure>\n\t\t<h4><a href=\"\/ht\/resous-yo\/timoun-fanmi-yo\/?utm_source=Home&#038;utm_medium=Referral&#038;utm_campaign=211Resources&#038;utm_content=Children\" target=\"_self\">Timoun ak Fanmi<\/a><\/h4><figure itemscope itemtype=\"https:\/\/schema.org\/ImageObject\">\n\t\t\t\t<a href=\"\/ht\/resous-yo\/timoun-fanmi-yo\/?utm_source=Home&#038;utm_medium=Referral&#038;utm_campaign=211Resources&#038;utm_content=Children\"  target=\"_self\" itemprop=\"url\">\n\t\t\t\t<img decoding=\"async\" src=\"https:\/\/211md.org\/wp-content\/uploads\/bb-plugin\/cache\/2025_211_Icon-Sets_Child-care-square-f3b0d4edab3dcc467fadb5f55f4064c6-.png\" alt=\"parent and child icon for child care\" height=\"417\" width=\"417\" title=\"2025_211_Ansanm Ik\u00f2n_Swen Timoun\" onerror=\"this.style.display='none'\" loading=\"lazy\" \/>\n\t\t\t\t<\/a>\n\t<\/figure>\n\t\t<h4><a href=\"\/ht\/resous-yo\/vyolans-familyal-domestik\/?utm_source=Home&#038;utm_medium=Referral&#038;utm_campaign=211Resources&#038;utm_content=Domestic\" target=\"_self\">Vyolans domestik<\/a><\/h4><figure itemscope itemtype=\"https:\/\/schema.org\/ImageObject\">\n\t\t\t\t<a href=\"\/ht\/resous-yo\/vyolans-familyal-domestik\/?utm_source=Home&#038;utm_medium=Referral&#038;utm_campaign=211Resources&#038;utm_content=Domestic\"  target=\"_self\" itemprop=\"url\">\n\t\t\t\t<img decoding=\"async\" src=\"https:\/\/211md.org\/wp-content\/uploads\/bb-plugin\/cache\/2025_211_Icon-Sets_Domestic-Violence-square-7b597694a6f05fe90cdc376aa573bc63-.png\" alt=\"House with a heart in the middle icon\" height=\"417\" width=\"417\" title=\"2025_211_Ansanm Ik\u00f2n_Vyolans Domestik\" onerror=\"this.style.display='none'\" loading=\"lazy\" \/>\n\t\t\t\t<\/a>\n\t<\/figure>\n\t\t<h4><a href=\"\/ht\/resous-yo\/rechech-travay\/?utm_source=Home&#038;utm_medium=Referral&#038;utm_campaign=211Resources&#038;utm_content=Employment\" target=\"_self\">Travay<\/a><\/h4><figure itemscope itemtype=\"https:\/\/schema.org\/ImageObject\">\n\t\t\t\t<a href=\"\/ht\/resous-yo\/rechech-travay\/?utm_source=Home&#038;utm_medium=Referral&#038;utm_campaign=211Resources&#038;utm_content=Employment\"  target=\"_self\" itemprop=\"url\">\n\t\t\t\t<img decoding=\"async\" src=\"https:\/\/211md.org\/wp-content\/uploads\/bb-plugin\/cache\/2025_MdInfoNet_Icon-Sets_Employment-square-44707bd410e4df10a470bf130ebcea86-.png\" alt=\"\" onerror=\"this.style.display='none'\" loading=\"lazy\" \/>\n\t\t\t\t<\/a>\n\t<\/figure>\n\t\t<h4><a href=\"\/ht\/resous-yo\/swen-sante\/?utm_source=Home&#038;utm_medium=Referral&#038;utm_campaign=211Resources&#038;utm_content=Health%20Care\" target=\"_self\">Swen Sante<\/a><\/h4><figure itemscope itemtype=\"https:\/\/schema.org\/ImageObject\">\n\t\t\t\t<a href=\"\/ht\/resous-yo\/swen-sante\/?utm_source=Home&#038;utm_medium=Referral&#038;utm_campaign=211Resources&#038;utm_content=Health%20Care\"  target=\"_self\" itemprop=\"url\">\n\t\t\t\t<img decoding=\"async\" src=\"https:\/\/211md.org\/wp-content\/uploads\/bb-plugin\/cache\/2025_MdInfoNet_Icon-Sets_Health-Care-square-dee98a0060cbe0e7f27eda253fc12679-.png\" alt=\"\" onerror=\"this.style.display='none'\" loading=\"lazy\" \/>\n\t\t\t\t<\/a>\n\t<\/figure>\n\t\t<h4><a href=\"\/ht\/resous-yo\/nouvo-nan-nou-ak-maryland\/?utm_source=Home&#038;utm_medium=Referral&#038;utm_campaign=211Resources&#038;utm_content=Immigration\" target=\"_self\">Imigrasyon<\/a><\/h4><figure itemscope itemtype=\"https:\/\/schema.org\/ImageObject\">\n\t\t\t\t<a href=\"\/ht\/resous-yo\/nouvo-nan-nou-ak-maryland\/?utm_source=Home&#038;utm_medium=Referral&#038;utm_campaign=211Resources&#038;utm_content=Immigration\"  target=\"_self\" itemprop=\"url\">\n\t\t\t\t<img decoding=\"async\" src=\"https:\/\/211md.org\/wp-content\/uploads\/bb-plugin\/cache\/2025_MdInfoNet_Icon-Sets_Immigration-square-8b97b7fdfe5e6071405e216855065118-.png\" alt=\"ik\u00f2n imigrasyon\" title=\"2025_MdInfoNet_Icon-Sets_Immigration\" onerror=\"this.style.display='none'\" loading=\"lazy\" \/>\n\t\t\t\t<\/a>\n\t<\/figure>\n\t\t<h4><a href=\"\/ht\/resous-yo\/timoun-fanmi-yo\/swen-fanmi\/?utm_source=Home&#038;utm_medium=Referral&#038;utm_campaign=211Resources&#038;utm_content=Kinship\" target=\"_self\">Parente<\/a><\/h4><figure itemscope itemtype=\"https:\/\/schema.org\/ImageObject\">\n\t\t\t\t<a href=\"\/ht\/resous-yo\/timoun-fanmi-yo\/swen-fanmi\/?utm_source=Home&#038;utm_medium=Referral&#038;utm_campaign=211Resources&#038;utm_content=Kinship\"  target=\"_self\" itemprop=\"url\">\n\t\t\t\t<img decoding=\"async\" src=\"https:\/\/211md.org\/wp-content\/uploads\/bb-plugin\/cache\/2025_211_Icon-Sets_Kinship-square-45bdf872866f5735f842c32071109267-.png\" alt=\"Ik\u00f2n fanmi\" height=\"417\" width=\"417\" title=\"2025_211_Ansanm Ik\u00f2n_Fanmitay\" onerror=\"this.style.display='none'\" loading=\"lazy\" \/>\n\t\t\t\t<\/a>\n\t<\/figure>\n\t\t<h4><a href=\"\/ht\/resous-yo\/sevis-legal-yo\/?utm_source=Home&#038;utm_medium=Referral&#038;utm_campaign=211Resources&#038;utm_content=Legal\" target=\"_self\">S\u00e8vis Legal<\/a><\/h4><figure itemscope itemtype=\"https:\/\/schema.org\/ImageObject\">\n\t\t\t\t<a href=\"\/ht\/resous-yo\/sevis-legal-yo\/?utm_source=Home&#038;utm_medium=Referral&#038;utm_campaign=211Resources&#038;utm_content=Legal\"  target=\"_self\" itemprop=\"url\">\n\t\t\t\t<img decoding=\"async\" src=\"https:\/\/211md.org\/wp-content\/uploads\/bb-plugin\/cache\/2025_MdInfoNet_Icon-Sets_Legal-square-18fdf438feb8435588174d9046463257-.png\" alt=\"\" onerror=\"this.style.display='none'\" loading=\"lazy\" \/>\n\t\t\t\t<\/a>\n\t<\/figure>\n\t\t<h4><a href=\"\/ht\/resous-yo\/sante-mantal\/?utm_source=Home&#038;utm_medium=Referral&#038;utm_campaign=211Resources&#038;utm_content=Mental\" target=\"_self\">Sante mantal<\/a><\/h4><figure itemscope itemtype=\"https:\/\/schema.org\/ImageObject\">\n\t\t\t\t<a href=\"\/ht\/resous-yo\/sante-mantal\/?utm_source=Home&#038;utm_medium=Referral&#038;utm_campaign=211Resources&#038;utm_content=Mental\"  target=\"_self\" itemprop=\"url\">\n\t\t\t\t<img decoding=\"async\" src=\"https:\/\/211md.org\/wp-content\/uploads\/bb-plugin\/cache\/2025_MdInfoNet_Icon-Sets_Mental-Health-square-c59b38c4a993a947d4c9280fbe2d2fee-.png\" alt=\"\" onerror=\"this.style.display='none'\" loading=\"lazy\" \/>\n\t\t\t\t<\/a>\n\t<\/figure>\n\t\t<h4><a href=\"\/ht\/resous-yo\/mdreentry\/?utm_source=Home&#038;utm_medium=Referral&#038;utm_campaign=211Resources&#038;utm_content=Reentry\" target=\"_self\">Reantre<\/a><\/h4><figure itemscope itemtype=\"https:\/\/schema.org\/ImageObject\">\n\t\t\t\t<a href=\"\/ht\/resous-yo\/mdreentry\/?utm_source=Home&#038;utm_medium=Referral&#038;utm_campaign=211Resources&#038;utm_content=Reentry\"  target=\"_self\" itemprop=\"url\">\n\t\t\t\t<img decoding=\"async\" src=\"https:\/\/211md.org\/wp-content\/uploads\/bb-plugin\/cache\/2025_211_Icon-Sets_Reentry-square-8676fea38abd920a832f45642fe31cca-.png\" alt=\"Ik\u00f2n Reantre\" height=\"417\" width=\"417\" title=\"2025_211_Ansanm Ik\u00f2n_Reantre\" onerror=\"this.style.display='none'\" loading=\"lazy\" \/>\n\t\t\t\t<\/a>\n\t<\/figure>\n\t\t<h4><a href=\"\/ht\/resous-yo\/itilizasyon-sibstans\/?utm_source=Home&#038;utm_medium=Referral&#038;utm_campaign=211Resources&#038;utm_content=Substance\" target=\"_self\">Itilizasyon sibstans<\/a><\/h4><figure itemscope itemtype=\"https:\/\/schema.org\/ImageObject\">\n\t\t\t\t<a href=\"\/ht\/resous-yo\/itilizasyon-sibstans\/?utm_source=Home&#038;utm_medium=Referral&#038;utm_campaign=211Resources&#038;utm_content=Substance\"  target=\"_self\" itemprop=\"url\">\n\t\t\t\t<img decoding=\"async\" src=\"https:\/\/211md.org\/wp-content\/uploads\/bb-plugin\/cache\/2025_MdInfoNet_Icon-Sets_Substance-Abuse-square-4f414f085e657267739c181957754f48-.png\" alt=\"Pills for substance Use icon\" title=\"2025_MdInfoNet_Icon-Sets_Substance-Abuse\" onerror=\"this.style.display='none'\" loading=\"lazy\" \/>\n\t\t\t\t<\/a>\n\t<\/figure>\n\t\t<h4><a href=\"\/ht\/resous-yo\/veteran-yo\/?utm_source=Home&#038;utm_medium=Referral&#038;utm_campaign=211Resources&#038;utm_content=Veterans\" target=\"_self\">Veteran yo<\/a><\/h4><figure itemscope itemtype=\"https:\/\/schema.org\/ImageObject\">\n\t\t\t\t<a href=\"\/ht\/resous-yo\/veteran-yo\/?utm_source=Home&#038;utm_medium=Referral&#038;utm_campaign=211Resources&#038;utm_content=Veterans\"  target=\"_self\" itemprop=\"url\">\n\t\t\t\t<img decoding=\"async\" src=\"https:\/\/211md.org\/wp-content\/uploads\/bb-plugin\/cache\/2025_MdInfoNet_Icon-Sets_Rating-square-6e60d00cce4faa8e0a6d4ad7366aa733-.png\" alt=\"\" onerror=\"this.style.display='none'\" loading=\"lazy\" \/>\n\t\t\t\t<\/a>\n\t<\/figure>\n\t<h2>L\u00f2t fason pou jwenn \u00e8d<\/h2>\n\t\t<h3><a href=\"tel:+211\" target=\"_self\">Rele 211<\/a><\/h3><figure itemscope itemtype=\"https:\/\/schema.org\/ImageObject\">\n\t\t\t\t<a href=\"tel:+211\"  target=\"_self\" itemprop=\"url\">\n\t\t\t\t<img decoding=\"async\" src=\"https:\/\/211md.org\/wp-content\/uploads\/bb-plugin\/cache\/Call-center-specialst-circle-eeffe277a2415307db9e1df3ed658a58-.jpg\" alt=\"Espesyalis nan sant ap\u00e8l\" height=\"800\" width=\"1200\" title=\"Espesyalis nan sant ap\u00e8l\" onerror=\"this.style.display='none'\" loading=\"lazy\" \/>\n\t\t\t\t<\/a>\n\t<\/figure>\n<p>Espesyalis Enf\u00f2masyon ak Referans ki gen sousi ak konpasyon disponib 24\/7\/365 pou koute, reponn kesyon, epi konekte moun Maryland yo ak resous kominot\u00e8 yo.<\/p>\n<p>Ap\u00e8l yo gratis epi konfidansy\u00e8l.<\/p>\n\t\t\t<a href=\"tel:+211\"  target=\"_self\">\n\t\t\t\t\t\t\tRele 211\n\t\t\t<\/a>\n\t\t<h3><a href=\"\/ht\/sou\/mesaj-teks\/\" target=\"_self\">Enskri pou Mesaj T\u00e8ks<\/a><\/h3><figure itemscope itemtype=\"https:\/\/schema.org\/ImageObject\">\n\t\t\t\t<a href=\"\/ht\/sou\/mesaj-teks\/\"  target=\"_self\" itemprop=\"url\">\n\t\t\t\t<img decoding=\"async\" src=\"https:\/\/211md.org\/wp-content\/uploads\/bb-plugin\/cache\/African-American-girl-texting-circle-b49f6599e0ac8a416892afc9b7a57fc8-.jpg\" alt=\"Ti fi Afriken Ameriken kap voye t\u00e8ks mesaj\" height=\"378\" width=\"505\" title=\"Ti fi Afriken Ameriken kap voye t\u00e8ks mesaj\" onerror=\"this.style.display='none'\" loading=\"lazy\" \/>\n\t\t\t\t<\/a>\n\t<\/figure>\n<p>Resevwa mesaj t\u00e8ks ki bay sip\u00f2 pou sante mantal adolesan ak granmoun, pou reyentegrasyon, pou relasyon familyal ak plis ank\u00f2.<\/p>\n\t\t\t<a href=\"\/ht\/sou\/mesaj-teks\/\"  target=\"_self\">\n\t\t\t\t\t\t\tEnskri\n\t\t\t<\/a>\n<figure itemscope itemtype=\"https:\/\/schema.org\/ImageObject\">\n\t\t\t\t<img decoding=\"async\" src=\"http:\/\/211md.org\/wp-content\/uploads\/2025\/10\/Dad-on-phone-with-child.jpg\" alt=\"Papa nan telef\u00f2n ak pitit li\" title=\"Papa nan telef\u00f2n ak pitit li\" onerror=\"this.style.display='none'\" loading=\"lazy\" \/>\n\t<\/figure>\n\t<h2>Jwenn Konekte<\/h2>\n<p>Jwenn resous kominot\u00e8 pou manje, lojman, asistans pou s\u00e8vis piblik, \u00e8d pou peye b\u00f2dwo, ak plis ank\u00f2!<\/p>\n<p>211 Maryland se Sist\u00e8m Enf\u00f2masyon ak Referans ki pi konpl\u00e8 nan eta a.<\/p>\n<p>Ansanm, nou ka ede kominote yo pwospere.<\/p>\n\t\t\t<a href=\"https:\/\/search.211md.org\/?utm_source=Homehero&#038;utm_medium=Referral&#038;utm_campaign=211home&#038;utm_content=\"  target=\"_blank\" rel=\"noopener\">\n\t\t\t\t\t\t\tCh\u00e8che \u00e8d\n\t\t\t<\/a>\n\t\t\t<a href=\"https:\/\/211md.org\/ht\/patne\/?utm_source=Homehero&#038;utm_medium=Referral&#038;utm_campaign=211home&#038;utm_content=CTA\"  target=\"_self\">\n\t\t\t\t\t\t\tAntre nan baz done resous yo\n\t\t\t\t\t<\/a>\n\t<h2>Sa Moun Di Sou 211<\/h2>\n\t\t<ul>\n\t\t<li><blockquote><p>Nan jis k\u00e8k mwa, kliyan mwen an te soti nan risk ak depandans chak jou pou rive nan estabilite, revni, ak yon diyite renouvle. Siks\u00e8 kliyan mwen an pwouve enpak sip\u00f2 sibl\u00e9 ka genyen pou kraze sik readmisyon lopital la epi transf\u00f2me lavi.<strong>Kow\u00f2dinat\u00e8 Swen, Tranzisyon Lopital <\/strong><strong>Pwogram<\/strong><\/p><\/blockquote><\/li>\t\t<li><blockquote>Patenarya nou ak Maryland 211 te p\u00e8m\u00e8t nou rive jwenn moun ki prefere kominikasyon t\u00e8ks pou al\u00e8t ak mizajou. Li konplimante tout apw\u00f2ch kominote nou an nan kominikasyon.<strong>Jorge Eduardo Castillo, MBA<\/strong><br \/><strong>MD, Ajans Jesyon Ijans Maryland<\/strong><\/blockquote><\/li>\t\t<li><blockquote>Patenarya ki deja egziste Depatman Maryland pou Aje ak 211 Maryland p\u00e8m\u00e8t tou de ajans nou yo elaji port\u00e9e nou epi pote enf\u00f2masyon sou s\u00e8vis ak sip\u00f2 alont\u00e8m bay moun ki bezwen yo. Amelyorasyon sa a pral rann s\u00e8vis nou yo pi fasil epi pi fasil disponib.<strong>Rona E. Kramer<\/strong><br \/><strong>Sekret\u00e8, Maryland Depatman Aje<\/strong><\/blockquote><\/li>\t\t<li><blockquote>Av\u00e8k lansman nouvo apw\u00f2ch inovat\u00e8 sa a pa 211 Maryland, nou gen kapasite pou sove lavi. Kalite patenarya sa a se yon egzanp patenarya gouv\u00e8nman an pou ede moun.<strong>Craig Zucker<\/strong><br \/><strong>Senat\u00e8 Eta Maryland<\/strong><\/blockquote><\/li>\t\t<li><blockquote>NAMI Maryland gen on\u00e8 pou l travay ak 211 Maryland k\u00f2m yon patn\u00e8 sansibilizasyon ak kolaborat\u00e8. Ansanm, nou konnen nou ka chanje figi sante mantal pou Maryland.<strong>Kate Farinholt, Direkt\u00e8 Egzekitif<\/strong><br \/><strong>NAMI Maryland, Alyans Nasyonal pou Maladi Mantal<\/strong><\/blockquote><\/li>\t\t<li><blockquote>211 Maryland te montre yon fleksibilite, lid\u00e8chip ak kolaborasyon ekstra\u00f2din\u00e8. Yo te rankontre tout defi pou bay moun k ap rele yo yon s\u00e8vis kliyan ekselan k\u00f2m yon pati nan pwogram alimantasyon nan tout eta a.<strong>Bethany Brown, Asistan Ch\u00e8f Divizyon Operasyon Administratif<\/strong><br \/><strong>Biwo Operasyon Ijans, Depatman S\u00e8vis Imen Maryland<\/strong><\/blockquote><\/li>\t\t\t<\/ul>\n\t<h2>Enpak nou an<\/h2>\n\t\t\t\t\tPlis pase 1,151,771 Koneksyon Plis pase 8,500 Resous Plis pase 200,000 Ab\u00f2ne T\u00e8ks Plis pase 150 Lang\n\t\t<h2><a href=\"\/ht\/patne\/rantre-nan-baz-done-nou-an\/\" target=\"_self\">Antre nan baz done resous 211 nou an<\/a><\/h2>\u00c8ske ajans ou a bay sip\u00f2 nan dom\u00e8n sante ak s\u00e8vis sosyal?<br \/>\nAjoute ajans ou a nan baz done resous ki pi konpl\u00e8 nan eta a oubyen <a href=\"\/ht\/patne\/founise-resous-yo\/\">tcheke lis ou a nan baz done resous 211 la.<\/a>\n\t\t\t<a href=\"\/ht\/patne\/rantre-nan-baz-done-nou-an\/\"  target=\"_self\">\n\t\t\t\t\t\t\tAjoute ajans ou a\n\t\t\t<\/a>\n\t\t<h2>Jwenn Konekte<\/h2><p>Enskri pou bilten nou an!<\/p>\n\t<h2>Kesyon yo poze souvan pou moun Maryland yo<\/h2>\n<p>Aprann plis bagay sou FAQ jeneral nou yo isit la oubyen <a href=\"\/ht\/patne\/#faq\">vizite paj Patn\u00e8 nou an pou jwenn FAQ Patn\u00e8 yo.<\/a><\/p>\n\t\t\t\t\t<h3 id=\"fl-accordion--label-0\">ki sa ki 211 Maryland?<\/h3>\n\t\t\t\t\t\t\t\t\t\t\t<button type=\"button\" id=\"fl-accordion--icon-0\" aria-expanded=\"true\" aria-controls=\"fl-accordion--panel-0\"><i>Redwi<\/i><\/button>\n\t\t\t\t\t<p>211 se Sist\u00e8m Enf\u00f2masyon ak Referans ki pi konpl\u00e8 nan eta a sou s\u00e8vis sante ak s\u00e8vis imen. Av\u00e8k plis pase 7,500 resous, moun ki gen bezwen esansy\u00e8l yo ka jwenn \u00e8d lokal 24 sou 24, 7 jou sou 7, 365 jou sou 7. 211 Maryland se yon s\u00e8vis gratis e konfidansy\u00e8l, ak tradiksyon disponib nan plis pase 150 lang.<\/p>\n<p>La\u00a0<a href=\"https:\/\/mdinfonet.org\/\" target=\"_blank\" rel=\"noopener\">Rezo enf\u00f2masyon Maryland<\/a>, yon \u00f2ganizasyon san bi likratif 501(c)3, se administrat\u00e8 leta deziyen pou sist\u00e8m 211 la nan Maryland.<\/p>\n\t\t\t\t\t<h3 id=\"fl-accordion--label-1\">Kouman pou mwen jwenn aks\u00e8 nan 211 Maryland Resources?<\/h3>\n\t\t\t\t\t\t\t\t\t\t\t<button type=\"button\" id=\"fl-accordion--icon-1\" aria-expanded=\"false\" aria-controls=\"fl-accordion--panel-1\"><i>Elaji<\/i><\/button>\n\t\t\t\t\t<p>Konekte 24\/7\/365 ak 211 pa:<\/p>\n<ul>\n<li>Rele\u00a0<strong>211\u00a0<\/strong>soti nan nenp\u00f2t telef\u00f2n.<\/li>\n<li><a href=\"https:\/\/search.211md.org\/\" target=\"_blank\" rel=\"noopener\">Ch\u00e8che baz done nou an.<\/a><\/li>\n<li><a href=\"https:\/\/211md.org\/ht\/sou\/mesaj-teks\/\" rel=\"noopener\">Enskri pou sip\u00f2 kontiny\u00e8l, mesaj t\u00e8ks<\/a>.<\/li>\n<\/ul>\n<p>Se yon resous kominot\u00e8 GRATIS ak konfidansy\u00e8l ki disponib pou\u00a0<u>tout moun<\/u>\u00a0nan Maryland. S\u00e8vis mesaj t\u00e8ks ak done ka aplike.<\/p>\n\t\t\t\t\t<h3 id=\"fl-accordion--label-2\">Ki nimewo telef\u00f2n 211 Maryland?<\/h3>\n\t\t\t\t\t\t\t\t\t\t\t<button type=\"button\" id=\"fl-accordion--icon-2\" aria-expanded=\"false\" aria-controls=\"fl-accordion--panel-2\"><i>Elaji<\/i><\/button>\n\t\t\t\t\t<p>Kontakte 211 Maryland nan nimewo sa a. Espesyalis yo disponib 24 sou 24, 7 jou sou 7, 365 jou sou 7.<\/p>\n\t\t\t\t\t<h3 id=\"fl-accordion--label-3\">Kil\u00e8 mwen ka rele 211 Maryland?<\/h3>\n\t\t\t\t\t\t\t\t\t\t\t<button type=\"button\" id=\"fl-accordion--icon-3\" aria-expanded=\"false\" aria-controls=\"fl-accordion--panel-3\"><i>Elaji<\/i><\/button>\n\t\t\t\t\t<p>211 disponib 24 \u00e8dtan pa jou, 7 jou sou 7, 365 jou pa ane.<\/p>\n\t\t\t\t\t<h3 id=\"fl-accordion--label-4\">Kijan 211 Maryland ka ede m?<\/h3>\n\t\t\t\t\t\t\t\t\t\t\t<button type=\"button\" id=\"fl-accordion--icon-4\" aria-expanded=\"false\" aria-controls=\"fl-accordion--panel-4\"><i>Elaji<\/i><\/button>\n\t\t\t\t\t<p><strong>Enf\u00f2masyon ak Rek\u00f2mandasyon anpatik\u00a0<\/strong>Espesyalis yo konprann li ka difisil pou navige nan labirent pafwa konfizyon resous sante ak resous imen yo. Y ap itilize k\u00f2d postal ou a pou f\u00e8 rech\u00e8ch nan baz done resous ajou nou an ki gen plis pase 7,000 ajans ak s\u00e8vis. N ap mete w an kontak ak pi bon \u00f2ganizasyon ak s\u00e8vis ki toupre w yo epi reponn kesyon sou bezwen sa yo ki poko satisf\u00e8:<\/p>\n<ul>\n<li>Manje<\/li>\n<li>Lojman ak abri<\/li>\n<li>Abri ijans<\/li>\n<li>Asistans s\u00e8vis piblik<\/li>\n<li>Asistans finansye<\/li>\n<li>Sante mantal<\/li>\n<li>Abi sibstans<\/li>\n<li>Ent\u00e8vansyon swisid ak kriz<\/li>\n<li>T\u00e8s COVID-19<\/li>\n<li>Swen Sante<\/li>\n<li>Timoun ak fanmi (gadri, sip\u00f2 paran, founiti ak rad ak preparasyon pou lek\u00f2l)<\/li>\n<li>Aje ak andikap<\/li>\n<li>S\u00e8vis legal<\/li>\n<li>Enf\u00f2masyon sou preparasyon taks<\/li>\n<li>Veteran yo<\/li>\n<li>Vyolans domestik<\/li>\n<li>Travay<\/li>\n<li>Transp\u00f2<\/li>\n<\/ul>\n<p>Nan fen ap\u00e8l la, ou pral pare pou pran aksyon pou jwenn \u00e8d ou bezwen an.<\/p>\n\t\t\t\t\t<h3 id=\"fl-accordion--label-5\">Kisa mwen ka atann l\u00e8 mwen rele?<\/h3>\n\t\t\t\t\t\t\t\t\t\t\t<button type=\"button\" id=\"fl-accordion--icon-5\" aria-expanded=\"false\" aria-controls=\"fl-accordion--panel-5\"><i>Elaji<\/i><\/button>\n\t\t\t\t\t<ol>\n<li>Rele 211.<\/li>\n<li>Yon espesyalis 211 pral\u00a0<strong>koute<\/strong>\u00a0nan enkyetid ou yo.<\/li>\n<li>Espesyalis la ap poze kesyon\u00a0<strong>idantifye bezwen ou pa satisf\u00e8<\/strong>.<\/li>\n<li>Ou pral bay ou<strong>\u00a0kote<\/strong>\u00a0pou ede det\u00e8mine resous nan z\u00f2n ou an.<\/li>\n<li>Ou ka bay\u00a0<strong>enf\u00f2masyon kontak<\/strong>\u00a0si ou ta renmen yon ap\u00e8l swivi pou ofri resous adisyon\u00e8l.<\/li>\n<li>Espesyalis resous ap\u00e8l la konekte ou ak\u00a0<strong>resous yo<\/strong>.<\/li>\n<\/ol>\n<p>Tout ap\u00e8l yo konfidansy\u00e8l.<\/p>\n\t\t\t\t\t<h3 id=\"fl-accordion--label-6\">E Si Telef\u00f2n Selil\u00e8 Mwen Pa P Konekte Ak 211 Maryland?<\/h3>\n\t\t\t\t\t\t\t\t\t\t\t<button type=\"button\" id=\"fl-accordion--icon-6\" aria-expanded=\"false\" aria-controls=\"fl-accordion--panel-6\"><i>Elaji<\/i><\/button>\n\t\t\t\t\t<p>Pif\u00f2 telef\u00f2n yo sip\u00f2te rele 211. Si ou gen yon pwobl\u00e8m, ou ka rele tou:<\/p>\n<ul>\n<li>Sid (Kapital) Maryland: 1-866-770-1910<\/li>\n<li>Santral Maryland: 1-866-406-8156<\/li>\n<li>Eastern Shore: 1-866-231-7101<\/li>\n<li>Lw\u00e8s Maryland: 1-866-411-6803<\/li>\n<\/ul>\n\t\t\t\t\t<h3 id=\"fl-accordion--label-7\">E si mwen soud oswa mwen mal pou tande?<\/h3>\n\t\t\t\t\t\t\t\t\t\t\t<button type=\"button\" id=\"fl-accordion--icon-7\" aria-expanded=\"false\" aria-controls=\"fl-accordion--panel-7\"><i>Elaji<\/i><\/button>\n\t\t\t\t\t<p>Rele 7-1-1 pou jwenn aks\u00e8 nan 211 Maryland atrav\u00e8 Maryland Relay.<\/p>\n\t\t\t\t\t<h3 id=\"fl-accordion--label-8\">Ki lang ki disponib?<\/h3>\n\t\t\t\t\t\t\t\t\t\t\t<button type=\"button\" id=\"fl-accordion--icon-8\" aria-expanded=\"false\" aria-controls=\"fl-accordion--panel-8\"><i>Elaji<\/i><\/button>\n\t\t\t\t\t<p>Espesyalis ki pale angle ak pany\u00f2l yo disponib, ansanm ak tradiksyon nan plis pase 150 lang.<\/p>\n\t\t\t\t\t<h3 id=\"fl-accordion--label-9\">\u00c8ske mwen ka ch\u00e8che resous t\u00e8t mwen?<\/h3>\n\t\t\t\t\t\t\t\t\t\t\t<button type=\"button\" id=\"fl-accordion--icon-9\" aria-expanded=\"false\" aria-controls=\"fl-accordion--panel-9\"><i>Elaji<\/i><\/button>\n\t\t\t\t\t<p>Wi! Baz done sou ent\u00e8n\u00e8t nou an gen plis pase 7,000 resous nan tout eta a.<\/p>\n<p>Ch\u00e8che pa\u00a0<strong>mo kle\u00a0<\/strong>oswa ou<strong> kote. <\/strong>Ale nan\u00a0<a href=\"https:\/\/search.211md.org\/\" target=\"_blank\" rel=\"noopener\">search.211md.org<\/a>\u00a0pou k\u00f2manse rech\u00e8ch ou jodi a.<\/p>\n\t\t\t\t\t<h3 id=\"fl-accordion--label-10\">Kouman mwen ka jwenn sip\u00f2 kontiny\u00e8l?<\/h3>\n\t\t\t\t\t\t\t\t\t\t\t<button type=\"button\" id=\"fl-accordion--icon-10\" aria-expanded=\"false\" aria-controls=\"fl-accordion--panel-10\"><i>Elaji<\/i><\/button>\n\t\t\t\t\t<p>211 Maryland ofri\u00a0<a href=\"\/ht\/sou\/mesaj-teks\/\">sip\u00f2 mesaj t\u00e8ks kontiny\u00e8l<\/a>\u00a0an Angle ak Pany\u00f2l. Enskri pa t\u00e8ks nenp\u00f2t nan mo kle sa yo nan 898-211 (TXT211).<\/p>\n<ul>\n<li>Aje ak andikap: MDAging<\/li>\n<li>Krim rayisab ak ensidan: MDStopHate<\/li>\n<li>Parente: MDKinCares<\/li>\n<li>Byenn\u00e8t mantal: MDMindHealth | MDSaludMental<\/li>\n<li>Sante mantal j\u00e8n timoun: MDYoungMinds<\/li>\n<li>Ev\u00e8nman MidShore ak resous kominot\u00e8: MidShore<\/li>\n<li>Sip\u00f2 opioid: MHDope<\/li>\n<li>Pwogram Reantre pou moun ki nan prizon ak ansyen nan prizon ak fanmi yo: Reantre<\/li>\n<li>Veteran: MDCom2Vets<\/li>\n<li>Byenn\u00e8t: MDWellness<\/li>\n<\/ul>\n<p>Enskri l\u00e8 w voye mesaj t\u00e8ks nenp\u00f2t nan mo kle sa yo nan 211-631 (211MD1).<\/p>\n<ul>\n<li>Preparasyon pou katastw\u00f2f: MDReady | MDListo<\/li>\n<\/ul>\n<p><em>211 Maryland ofri pwogram al\u00e8t mesaj t\u00e8ks ki bay enf\u00f2masyon sou resous espesifik rejyon yo oswa bay al\u00e8t pou katastw\u00f2f. Pousantaj mesaj ak done yo ka aplike. Frekans mesaj yo ka varye. T\u00e8ks STOP nan menm nimewo a pou dezab\u00f2ne. Pou \u00e8d, ekri HELP. T\u00e8m konpl\u00e8 SMS nan\u00a0<a href=\"https:\/\/211md.org\/ht\/sms\/\">https:\/\/211md.org\/sms\/<\/a>\u00a0epi\u00a0<a href=\"https:\/\/211md.org\/ht\/politik-konfidansyalite\/\">politik konfidansyalite<\/a>\u00a0pral aplike tou.\u00a0<\/em><\/p>","protected":false},"excerpt":{"rendered":"<p>Connecting Maryland to Help Find community resources for food, housing, utility assistance, help paying bills, and more!\u00a0 211 Maryland is the state&#8217;s most comprehensive Information and Referral System. Together, we can help communities thrive. Get Help Join Resource Database Aging &#038; Disability Children &#038; Families Domestic Violence Employment Health Care Immigration Kinship Legal Services Mental&hellip;<\/p>","protected":false},"author":8,"featured_media":2436,"parent":0,"menu_order":0,"comment_status":"closed","ping_status":"closed","template":"","meta":{"footnotes":""},"class_list":["post-115","page","type-page","status-publish","has-post-thumbnail","hentry"],"_links":{"self":[{"href":"https:\/\/211md.org\/ht\/wp-json\/wp\/v2\/pages\/115","targetHints":{"allow":["GET"]}}],"collection":[{"href":"https:\/\/211md.org\/ht\/wp-json\/wp\/v2\/pages"}],"about":[{"href":"https:\/\/211md.org\/ht\/wp-json\/wp\/v2\/types\/page"}],"author":[{"embeddable":true,"href":"https:\/\/211md.org\/ht\/wp-json\/wp\/v2\/users\/8"}],"replies":[{"embeddable":true,"href":"https:\/\/211md.org\/ht\/wp-json\/wp\/v2\/comments?post=115"}],"version-history":[{"count":11,"href":"https:\/\/211md.org\/ht\/wp-json\/wp\/v2\/pages\/115\/revisions"}],"predecessor-version":[{"id":34393,"href":"https:\/\/211md.org\/ht\/wp-json\/wp\/v2\/pages\/115\/revisions\/34393"}],"wp:featuredmedia":[{"embeddable":true,"href":"https:\/\/211md.org\/ht\/wp-json\/wp\/v2\/media\/2436"}],"wp:attachment":[{"href":"https:\/\/211md.org\/ht\/wp-json\/wp\/v2\/media?parent=115"}],"curies":[{"name":"wp","href":"https:\/\/api.w.org\/{rel}","templated":true}]}}