{"id":1163,"date":"2021-04-19T21:28:21","date_gmt":"2021-04-19T21:28:21","guid":{"rendered":"https:\/\/211md.org\/?page_id=1163"},"modified":"2025-10-09T09:08:52","modified_gmt":"2025-10-09T13:08:52","slug":"md-mindhealth","status":"publish","type":"page","link":"https:\/\/211md.org\/ht\/about\/text-messages\/md-mindhealth\/","title":{"rendered":"MDMindHealth: Sip\u00f2 pou mesaj t\u00e8ks pou sante mantal Maryland"},"content":{"rendered":"<h2>MDMindHealth<\/h2>\n<p>Sip\u00f2te sante mantal ou ak mesaj t\u00e8ks ki bay sip\u00f2 ak ankouraje\u00a0<a href=\"https:\/\/211md.org\/ht\/chape-anba-tristes\/\" target=\"_blank\" rel=\"noopener\">MDMindHealth ak MDSaludMental<\/a>, yon pwogram an patenarya av\u00e8k Depatman Sante Maryland, Administrasyon Sante Konp\u00f2tmantal.<\/p>\n<p>Mesaj t\u00e8ks yo konsantre sou sij\u00e8 tankou:<\/p>\n<ul>\n<li>Evite negatif pw\u00f2p t\u00e8t ou pale<\/li>\n<li>Montre bonte pw\u00f2p t\u00e8t ou<\/li>\n<li>Pratike pw\u00f2p t\u00e8t ou konpasyon<\/li>\n<li>Konsantre sou prezan an<\/li>\n<\/ul>\n<p>Jwenn kons\u00e8y pratik ki ka f\u00e8 yon diferans nan lavi ou. Jwenn konekte ak l\u00f2t sip\u00f2 ak resous nenp\u00f2t l\u00e8 ou bezwen li.<\/p>\n<p><em>*211 Maryland ofri pwogram al\u00e8t mesaj t\u00e8ks ki bay enf\u00f2masyon sou resous espesifik rejyon yo oswa ki bay al\u00e8t pou katastw\u00f2f. Msg. &amp; done pousantaj yo ka aplike ak msg. frek. ka varye. Pou \u00c8d, ekri HELP. Pou refize, ekri STOP nan menm nimewo a. T\u00e8m konpl\u00e8 SMS nan\u00a0<a href=\"https:\/\/211md.org\/ht\/sms\/\">https:\/\/211md.org\/sms\/<\/a>\u00a0pral aplike tou.<\/em><\/p>\n\t<h2>Sip\u00f2 sante mantal imedyat<\/h2>\n<p>Si w bezwen pale ak yon moun sou santiman depresyon, enkyetid, swisid, oswa itilizasyon sibstans \u2013 rele 988. Ou pral pale ak yon pwofesyon\u00e8l ki resevwa f\u00f2masyon ak Suicide &amp; Crisis Lifeline. Ou kapab tou chat nan <a href=\"https:\/\/988lifeline.org\/chat\/\" target=\"_blank\" rel=\"noopener\">angle<\/a> oswa <a href=\"https:\/\/988lifeline.org\/es\/chat\/\" target=\"_blank\" rel=\"noopener\">Pany\u00f2l<\/a>.<\/p>\n<p>Ou kapab tou <a href=\"https:\/\/search.988.mdinfonet.org\/\" target=\"_blank\" rel=\"noopener\">ch\u00e8che resous sante konp\u00f2tmantal eta a<\/a> Patwone pa Rezo Enf\u00f2masyon Maryland.<\/p>\n<p>&nbsp;<\/p>","protected":false},"excerpt":{"rendered":"<p>MDMindHealth Sip\u00f2te sante mantal ou ak mesaj t\u00e8ks ki bay sip\u00f2 ak ankourajan nan men MDMindHealth ak MDSaludMental, yon pwogram an patenarya ak Depatman Sante Maryland, Administrasyon Sante Konp\u00f2tman. Mesaj t\u00e8ks yo konsantre sou sij\u00e8 tankou: Evite pale negatif sou t\u00e8t ou Montre jantiy\u00e8s ak t\u00e8t ou Pratike konpasyon pou t\u00e8t ou Konsantre sou prezan an Jwenn kons\u00e8y pratik ki ka f\u00e8 yon diferans nan lavi ou...<\/p>","protected":false},"author":8,"featured_media":33928,"parent":962,"menu_order":0,"comment_status":"closed","ping_status":"closed","template":"","meta":{"footnotes":""},"class_list":["post-1163","page","type-page","status-publish","has-post-thumbnail","hentry"],"_links":{"self":[{"href":"https:\/\/211md.org\/ht\/wp-json\/wp\/v2\/pages\/1163","targetHints":{"allow":["GET"]}}],"collection":[{"href":"https:\/\/211md.org\/ht\/wp-json\/wp\/v2\/pages"}],"about":[{"href":"https:\/\/211md.org\/ht\/wp-json\/wp\/v2\/types\/page"}],"author":[{"embeddable":true,"href":"https:\/\/211md.org\/ht\/wp-json\/wp\/v2\/users\/8"}],"replies":[{"embeddable":true,"href":"https:\/\/211md.org\/ht\/wp-json\/wp\/v2\/comments?post=1163"}],"version-history":[{"count":3,"href":"https:\/\/211md.org\/ht\/wp-json\/wp\/v2\/pages\/1163\/revisions"}],"predecessor-version":[{"id":4455,"href":"https:\/\/211md.org\/ht\/wp-json\/wp\/v2\/pages\/1163\/revisions\/4455"}],"up":[{"embeddable":true,"href":"https:\/\/211md.org\/ht\/wp-json\/wp\/v2\/pages\/962"}],"wp:featuredmedia":[{"embeddable":true,"href":"https:\/\/211md.org\/ht\/wp-json\/wp\/v2\/media\/33928"}],"wp:attachment":[{"href":"https:\/\/211md.org\/ht\/wp-json\/wp\/v2\/media?parent=1163"}],"curies":[{"name":"wp","href":"https:\/\/api.w.org\/{rel}","templated":true}]}}