{"id":1168,"date":"2021-04-19T21:42:40","date_gmt":"2021-04-19T21:42:40","guid":{"rendered":"https:\/\/211md.org\/?page_id=1168"},"modified":"2025-10-03T16:21:59","modified_gmt":"2025-10-03T20:21:59","slug":"sipo-timoun","status":"publish","type":"page","link":"https:\/\/211md.org\/ht\/resources\/legal-services\/child-support\/","title":{"rendered":"Sip\u00f2 pou Timoun"},"content":{"rendered":"<p>Nan Maryland tou de paran yo gen yon devwa legal pou sip\u00f2te pitit yo selon kapasite yo pou bay sip\u00f2 sa a.<\/p>\n<h3><b>Kalkilat\u00e8 Sip\u00f2 pou Timoun\u00a0<\/b><\/h3>\n<p>Gid pou sip\u00f2 timoun Maryland yo baze sip\u00f2 pou timoun sou yon pwop\u00f2syon nan revni brit chak paran.<\/p>\n<p>Depatman Resous Im\u00e8n gen yon\u00a0<a href=\"https:\/\/mydhrbenefits.dhr.state.md.us\/dashboardclient\/#\/csocDisclaimer\" target=\"_blank\" rel=\"noopener\">kalkilatris sip\u00f2 timoun gratis<\/a>\u00a0pou ede estime kantite sip\u00f2 timoun yon tribinal ka apwouve.<\/p>\n<p>&nbsp;<\/p>\n<h3><b>\u00c8d Legal\u00a0<\/b><\/h3>\n<p>La\u00a0<a href=\"https:\/\/peoples-law.org\/\" target=\"_blank\" rel=\"noopener\">Bibliyot\u00e8k Lwa P\u00e8p la nan Maryland<\/a>\u00a0tou bay yon\u00a0<a href=\"https:\/\/peoples-law.org\/node\/258\" target=\"_blank\" rel=\"noopener\">ap\u00e8si legal sou lwa sip\u00f2 timoun nan Maryland<\/a>.<\/p>\n<p>Si ou bezwen chanje yon l\u00f2d ki deja an plas,\u00a0<a href=\"https:\/\/mvlslaw.org\/wp-content\/uploads\/2021\/03\/Child-Support.pdf\" target=\"_blank\" rel=\"noopener\">S\u00e8vis Avoka Volont\u00e8 Maryland<\/a> bay enf\u00f2masyon jeneral sou pwosesis sip\u00f2 pou timoun.<\/p>\n<p>Pou w pale ak yon avoka sou sitiyasyon w, rele liy dir\u00e8k sou lwa fanmi an nan 1-800-845-8550.<\/p>\n<p>Si w bezwen yon avoka Pro Bono oswa yon avoka ki pa koute ch\u00e8,\u00a0<a href=\"https:\/\/search.211md.org\/search?query=FT-3200&amp;query_type=taxonomy&amp;query_label=&amp;query_language=en\" target=\"_blank\" rel=\"noopener\">ou ka jwenn \u00f2ganizasyon ki ofri s\u00e8vis legal nan baz done 211 la<\/a>. Kapab genyen kondisyon sou revni, jeyografik ak kalite ka.<\/p>\n<p>Pou plis enf\u00f2masyon sou pwogram sa yo rele 211.<\/p>\n\t\t\t\t<img decoding=\"async\" src=\"https:\/\/211md.org\/wp-content\/uploads\/2021\/05\/Children-With-Rainbow.png\" alt=\"De timoun kap gade nan yon fen\u00e8t ak yon lakansy\u00e8l ki pentire sou fen\u00e8t la anl\u00e8 yo\" itemprop=\"image\" height=\"348\" width=\"460\" title=\"Timoun ak Rainbow\" onerror=\"this.style.display='none'\" loading=\"lazy\" \/>\n<h2>Enf\u00f2masyon ki gen rap\u00f2<\/h2>\n<a href=\"https:\/\/211md.org\/ht\/resous-yo\/sevis-legal-yo\/\">\u00c8d Legal<\/a>\n<p><a href=\"https:\/\/211md.org\/ht\/resous-yo\/sevis-legal-yo\/dwa-lokate-yo\/\">Konfli pwopriyet\u00e8<\/a><\/p>\n<a href=\"https:\/\/211md.org\/ht\/resous-yo\/timoun-fanmi-yo\/\">Sip\u00f2 pou Timoun ak Fanmi<\/a>","protected":false},"excerpt":{"rendered":"<p>Nan Maryland, tou de paran yo gen yon devwa legal pou sip\u00f2te pitit yo selon kapasite yo pou bay sip\u00f2 sa a. Kalkilatris Pansyon Alimant\u00e8 Gid pansyon alimant\u00e8 pou Maryland yo baze pansyon alimant\u00e8 a sou yon pwop\u00f2syon nan revni brit chak paran. Depatman Resous Im\u00e8n yo gen yon kalkilatris pansyon alimant\u00e8 gratis pou ede estime kantite pansyon alimant\u00e8...<\/p>","protected":false},"author":8,"featured_media":1905,"parent":928,"menu_order":0,"comment_status":"closed","ping_status":"closed","template":"","meta":{"footnotes":""},"class_list":["post-1168","page","type-page","status-publish","has-post-thumbnail","hentry"],"_links":{"self":[{"href":"https:\/\/211md.org\/ht\/wp-json\/wp\/v2\/pages\/1168","targetHints":{"allow":["GET"]}}],"collection":[{"href":"https:\/\/211md.org\/ht\/wp-json\/wp\/v2\/pages"}],"about":[{"href":"https:\/\/211md.org\/ht\/wp-json\/wp\/v2\/types\/page"}],"author":[{"embeddable":true,"href":"https:\/\/211md.org\/ht\/wp-json\/wp\/v2\/users\/8"}],"replies":[{"embeddable":true,"href":"https:\/\/211md.org\/ht\/wp-json\/wp\/v2\/comments?post=1168"}],"version-history":[{"count":3,"href":"https:\/\/211md.org\/ht\/wp-json\/wp\/v2\/pages\/1168\/revisions"}],"predecessor-version":[{"id":33887,"href":"https:\/\/211md.org\/ht\/wp-json\/wp\/v2\/pages\/1168\/revisions\/33887"}],"up":[{"embeddable":true,"href":"https:\/\/211md.org\/ht\/wp-json\/wp\/v2\/pages\/928"}],"wp:featuredmedia":[{"embeddable":true,"href":"https:\/\/211md.org\/ht\/wp-json\/wp\/v2\/media\/1905"}],"wp:attachment":[{"href":"https:\/\/211md.org\/ht\/wp-json\/wp\/v2\/media?parent=1168"}],"curies":[{"name":"wp","href":"https:\/\/api.w.org\/{rel}","templated":true}]}}