{"id":1176,"date":"2021-04-19T22:49:37","date_gmt":"2021-04-19T22:49:37","guid":{"rendered":"https:\/\/211md.org\/?page_id=1176"},"modified":"2025-05-01T10:01:31","modified_gmt":"2025-05-01T14:01:31","slug":"md-espwa","status":"publish","type":"page","link":"https:\/\/211md.org\/ht\/about\/text-messages\/md-hope\/","title":{"rendered":"MHDope: Sip\u00f2 pou mesaj t\u00e8ks ki gen rap\u00f2 ak opioid"},"content":{"rendered":"<h2><strong>ki sa ki MHDope?<\/strong><\/h2>\n<p>MDHope se yon nouvo pwogram mesaj t\u00e8ks opioid ki konekte fanmi Maryland ak resous esansy\u00e8l ki gen rap\u00f2 ak opioid ki gen ladan founis\u00e8 tretman, jete dw\u00f2g san danje, ak mesaj sip\u00f2. Endividi, manm fanmi, zanmi, ak pwofesyon\u00e8l ka itilize pwogram t\u00e8ks la pou resevwa enf\u00f2masyon sou demann. Kontiny\u00e8l, afimasyon sip\u00f2 yo ofri tou pou sip\u00f2te yon moun sou wout rekiperasyon an.<\/p>\n<p><strong>T\u00e8ks MHDope nan 898-211<\/strong><\/p>\n<p><em>211 Maryland ofri pwogram al\u00e8t mesaj t\u00e8ks ki bay enf\u00f2masyon sou resous espesifik rejyon yo oswa bay al\u00e8t pou katastw\u00f2f. T\u00e8ks STOP nan menm nimewo a pou dezab\u00f2ne. T\u00e8m konpl\u00e8 SMS nan <a href=\"https:\/\/211md.org\/ht\/sms\/\">https:\/\/211md.org\/sms\/<\/a> pral aplike tou.<\/em><\/p>\n<h3>Ki jan MHDope ede ak itilizasyon opioid<\/h3>\n<p>L\u00e8 yo voye t\u00e8ks MHDope nan 898-211, yo pral poze moun nan kesyon pou gide yo nan pi bon resous pou yon sitiyasyon yo bay.<\/p>\n<p>Enf\u00f2masyon yo ofri bay nenp\u00f2t moun nan Maryland ki gen enkyetid kons\u00e8nan itilizasyon opioid, tankou fanmi, zanmi, pwofesyon\u00e8l, ak founis\u00e8 s\u00e8vis yo.<\/p>\n<p>Mesaj t\u00e8ks yo ka genyen ladan yo:<\/p>\n<ul>\n<li>Enf\u00f2masyon sou medikaman ranv\u00e8se surdozaj.<\/li>\n<li>Kons\u00e8y prevansyon surdozaj.<\/li>\n<li>Enf\u00f2masyon jeneral sou itilizasyon opioid.<\/li>\n<li>Opsyon tretman.<\/li>\n<li>Siy surdozaj.<\/li>\n<li>Jete san danje nan medikaman sou preskripsyon.<\/li>\n<li>Sip\u00f2 ak afimasyon chak de sem\u00e8n.<\/li>\n<\/ul>\n<p>Moun nan ka pale imedyatman ak yon pwofesyon\u00e8l ki resevwa f\u00f2masyon nenp\u00f2t l\u00e8 l\u00e8 w rele 988. Ou pral pale ak Suicide &amp; Crisis Lifeline, ki bay sip\u00f2 sante mantal ak itilizasyon sibstans. <a href=\"https:\/\/health.maryland.gov\/bha\/Pages\/988md.aspx\" target=\"_blank\" rel=\"noopener\">Aprann sou 988 nan Maryland<\/a>.<\/p>\n<p>Ou ka aprann sou l\u00f2t fason 211 Maryland ap ede\u00a0<a href=\"https:\/\/211md.org\/ht\/sispann-stigma-a\/\" target=\"_blank\" rel=\"noopener\">sispann stigma a<\/a>.<\/p>\n\t<h2>Jete san danje nan medikaman sou preskripsyon<\/h2>\n<p>Ou pa bezwen konnen yon moun k ap lite ak adiksyon pou f\u00e8 yon diferans nan kominote w la. Eliminasyon an sekirite nan medikaman sou preskripsyon anpeche move itilizasyon ak pwoteje anviw\u00f2nman an. De fwa pa ane, Maryland\u00e8 yo ka patisipe nan Inisyativ pou Reprann Medikaman Preskripsyon an. Yo ap f\u00e8t nan sezon prentan ak ot\u00f2n. Ev\u00e8nman sa a ki dire yon jou p\u00e8m\u00e8t rezidan Maryland yo jete san danje medikaman yo pa vle.<\/p>\n<p>RALI Maryland bay\u00a0<a href=\"https:\/\/www.ralimd.org\/safedisposal\" target=\"_blank\" rel=\"noopener\">twous jete dw\u00f2g<\/a>\u00a0ki f\u00e8 li fasil debarase m de ansyen medikaman. Ou senpleman vide medikaman ou nan sak la, ajoute dlo, sele li, epi jete li.<\/p>\n<p>Jwenn yon\u00a0<a href=\"https:\/\/211md.org\/ht\/eliminasyon-dwog\/\">Sit pou pran dw\u00f2g tou pre w, oswa ch\u00e8che yon sit pou jete dw\u00f2g 24\/7\/365<\/a>.<\/p>\n<p>&nbsp;<\/p>\n<h2>Kijan ou ka ede sispann s\u00e8vi ak opioid<\/h2>\n<p>Pataje detay pwogram nan ak fanmi, zanmi, oswa yon moun nan swen ou. Telechaje fey\u00e8 ki anba a oswa pataje videyo ki soti nan lejislat\u00e8 eta yo byen koni.<\/p>\n<p>Plizy\u00e8 lejislat\u00e8 eta Maryland ap pataje mesaj espwa sa a. Delege yo\u00a0<a href=\"https:\/\/msa.maryland.gov\/msa\/mdmanual\/06hse\/html\/msa14629.html\" target=\"_blank\" rel=\"noopener\">Joseline Pe\u00f1a-Melnyk<\/a>,\u00a0<a href=\"https:\/\/msa.maryland.gov\/msa\/mdmanual\/06hse\/html\/msa15452.html\" target=\"_blank\" rel=\"noopener\">Bonnie Cullison<\/a>,\u00a0<a href=\"https:\/\/msa.maryland.gov\/msa\/mdmanual\/06hse\/html\/msa18109.html\" target=\"_blank\" rel=\"noopener\">Shaneka Henson<\/a>, epi\u00a0<a href=\"https:\/\/msa.maryland.gov\/msa\/mdmanual\/06hse\/html\/msa18011.html\" target=\"_blank\" rel=\"noopener\">Ken Kerr<\/a>\u00a0osi byen ke\u00a0<a href=\"https:\/\/msa.maryland.gov\/msa\/mdmanual\/05sen\/html\/msa12255.html\" target=\"_blank\" rel=\"noopener\">Senat\u00e8 Kathy Klausmeier<\/a>\u00a0yo ankouraje Maryland\u00e8 yo voye t\u00e8ks MHDope nan 898-211.<\/p>\n<p>\u00c8d se jis yon t\u00e8ks lwen.<\/p>\n\t<iframe loading=\"lazy\" frameborder=\"0\" width=\"560\" height=\"314\" scrolling=\"no\" src=\"https:\/\/video.wixstatic.com\/video\/a0c76e_6223838a57fd4401a54771ed041a8f95\/720p\/mp4\/file.mp4\" sandbox><\/iframe>","protected":false},"excerpt":{"rendered":"<p>ki sa ki MHDope? MHDope se yon nouvo pwogram mesaj t\u00e8ks opioid ki konekte fanmi Maryland ak resous esansy\u00e8l ki gen rap\u00f2 ak opioid ki gen ladan founis\u00e8 tretman, jete dw\u00f2g san danje, ak mesaj sip\u00f2. Endividi, manm fanmi, zanmi, ak pwofesyon\u00e8l ka itilize pwogram t\u00e8ks la pou resevwa enf\u00f2masyon sou demann. Kontiny\u00e8l, afimasyon sip\u00f2 yo ofri tou pou sip\u00f2te yon moun sou wout rekiperasyon an.\u2026<\/p>","protected":false},"author":8,"featured_media":1925,"parent":962,"menu_order":0,"comment_status":"closed","ping_status":"closed","template":"","meta":{"footnotes":""},"class_list":["post-1176","page","type-page","status-publish","has-post-thumbnail","hentry"],"_links":{"self":[{"href":"https:\/\/211md.org\/ht\/wp-json\/wp\/v2\/pages\/1176","targetHints":{"allow":["GET"]}}],"collection":[{"href":"https:\/\/211md.org\/ht\/wp-json\/wp\/v2\/pages"}],"about":[{"href":"https:\/\/211md.org\/ht\/wp-json\/wp\/v2\/types\/page"}],"author":[{"embeddable":true,"href":"https:\/\/211md.org\/ht\/wp-json\/wp\/v2\/users\/8"}],"replies":[{"embeddable":true,"href":"https:\/\/211md.org\/ht\/wp-json\/wp\/v2\/comments?post=1176"}],"version-history":[{"count":2,"href":"https:\/\/211md.org\/ht\/wp-json\/wp\/v2\/pages\/1176\/revisions"}],"predecessor-version":[{"id":4426,"href":"https:\/\/211md.org\/ht\/wp-json\/wp\/v2\/pages\/1176\/revisions\/4426"}],"up":[{"embeddable":true,"href":"https:\/\/211md.org\/ht\/wp-json\/wp\/v2\/pages\/962"}],"wp:featuredmedia":[{"embeddable":true,"href":"https:\/\/211md.org\/ht\/wp-json\/wp\/v2\/media\/1925"}],"wp:attachment":[{"href":"https:\/\/211md.org\/ht\/wp-json\/wp\/v2\/media?parent=1176"}],"curies":[{"name":"wp","href":"https:\/\/api.w.org\/{rel}","templated":true}]}}