{"id":1181,"date":"2021-04-19T23:31:12","date_gmt":"2021-04-19T23:31:12","guid":{"rendered":"https:\/\/211md.org\/?page_id=1181"},"modified":"2024-11-14T16:00:10","modified_gmt":"2024-11-14T21:00:10","slug":"mdready","status":"publish","type":"page","link":"https:\/\/211md.org\/ht\/about\/text-messages\/mdready\/","title":{"rendered":"MdReady: Al\u00e8t t\u00e8ks p\u00e8sonalize nan Maryland"},"content":{"rendered":"<h2>Al\u00e8t T\u00e8ks Ijans Maryland la<\/h2>\n<p>Teknoloji amelyore MdReady a bay al\u00e8t rapid z\u00e8kl\u00e8 pou move tan, inondasyon, dife sovaj ak menas sante piblik. Jwenn al\u00e8t pou kote ou (yo) ak nan lang ou pi pito.<\/p>\n<p>Patenarya sa a ant 211 Maryland ak la <a href=\"https:\/\/mdready.maryland.gov\/Pages\/default.aspx\" target=\"_blank\" rel=\"noopener\">Maryland Depatman Jesyon Ijans<\/a> kenbe ou enf\u00f2me pou ou ka planifye ak prepare.<\/p>\n<p><img loading=\"lazy\" decoding=\"async\" src=\"http:\/\/211md.org\/wp-content\/uploads\/2024\/07\/MdReady-Color-Logo-400x148.png\" alt=\"MdReady Koul\u00e8 Logo\" width=\"400\" height=\"148\" \/><\/p>\n\n<h4><strong>Customize al\u00e8t ou yo<\/strong><\/h4>\n<p><em>211 Maryland ofri pwogram al\u00e8t mesaj t\u00e8ks ki bay enf\u00f2masyon sou resous espesifik rejyon yo oswa bay al\u00e8t pou katastw\u00f2f. Pousantaj mesaj ak done yo ka aplike. Frekans mesaj yo ka varye. T\u00e8ks <strong>SISPANN<\/strong> nan menm nimewo a pou dezab\u00f2ne. Pou \u00e8d, voye t\u00e8ks <strong>EDE<\/strong>. T\u00e8m konpl\u00e8 SMS nan\u00a0<a href=\"https:\/\/211md.org\/ht\/sms\/\">https:\/\/211md.org\/sms\/<\/a>\u00a0epi\u00a0<a href=\"https:\/\/211md.org\/ht\/politik-konfidansyalite\/\">politik konfidansyalite<\/a>\u00a0pral aplike tou.\u00a0<\/em><\/p>\n<p>Si w gen nenp\u00f2t kesyon pandan w ap mete ajou preferans ou yo, voye yon im\u00e8l ba info@211md.org.<\/p>\n\t<h2>Kons\u00e8nan MdReady<\/h2>\n<p>Depi fevriye 2020, 211 te f\u00e8 patenarya ak MDEM pou bay al\u00e8t t\u00e8ks anvan, pandan ak apre yon kriz. Pr\u00e8ske 200,000 moun te ab\u00f2nman nan al\u00e8t sa yo.<\/p>\n<p>Nouvo teknoloji sa a p\u00e8m\u00e8t nou rive jwenn abonn\u00e9s nan jis plis pase sis minit.<\/p>\n<p>L\u00e8 yo chwazi lang pi pito yo ak kote (yo), itilizat\u00e8 yo ka resevwa al\u00e8t plis p\u00e8sonalize. Tradiksyon disponib nan 185 lang.<\/p>\n<p>Nan yon ijans tankou yon inondasyon flash, nivo dlo ka monte plizy\u00e8 pye nan yon kesyon de minit, kidonk chak segonn konte.<\/p>\n<p>MdReady\/MdListo toujou pare pou ede Maryland prepare, rete enf\u00f2me ak ref\u00e8.<\/p>\n<p>Pou jwenn aks\u00e8 a kons\u00e8y ak enf\u00f2masyon sou preparasyon an, enstale aplikasyon ent\u00e8n\u00e8t MdReady la l\u00e8 w vizite\u00a0<a href=\"http:\/\/mdready.maryland.gov\/\" target=\"_blank\" rel=\"noopener\">MdReady.Maryland.gov<\/a> sou navigat\u00e8 ent\u00e8n\u00e8t apar\u00e8y mobil ou a.<\/p>","protected":false},"excerpt":{"rendered":"<p>Av\u00e8tisman T\u00e8ks Ijans Maryland Teknoloji amelyore MdReady a bay al\u00e8t rapid z\u00e8kl\u00e8 pou move tan, inondasyon, dife sovaj ak menas sante piblik. Jwenn al\u00e8t pou kote ou (yo) ak nan lang ou pi pito. Patenarya sa a ant 211 Maryland ak Depatman Jesyon Ijans Maryland kenbe ou enf\u00f2me pou ou ka planifye ak prepare. Customize Alerts ou yo 211 Maryland...<\/p>","protected":false},"author":8,"featured_media":1925,"parent":962,"menu_order":0,"comment_status":"closed","ping_status":"closed","template":"","meta":{"footnotes":""},"class_list":["post-1181","page","type-page","status-publish","has-post-thumbnail","hentry"],"_links":{"self":[{"href":"https:\/\/211md.org\/ht\/wp-json\/wp\/v2\/pages\/1181","targetHints":{"allow":["GET"]}}],"collection":[{"href":"https:\/\/211md.org\/ht\/wp-json\/wp\/v2\/pages"}],"about":[{"href":"https:\/\/211md.org\/ht\/wp-json\/wp\/v2\/types\/page"}],"author":[{"embeddable":true,"href":"https:\/\/211md.org\/ht\/wp-json\/wp\/v2\/users\/8"}],"replies":[{"embeddable":true,"href":"https:\/\/211md.org\/ht\/wp-json\/wp\/v2\/comments?post=1181"}],"version-history":[{"count":0,"href":"https:\/\/211md.org\/ht\/wp-json\/wp\/v2\/pages\/1181\/revisions"}],"up":[{"embeddable":true,"href":"https:\/\/211md.org\/ht\/wp-json\/wp\/v2\/pages\/962"}],"wp:featuredmedia":[{"embeddable":true,"href":"https:\/\/211md.org\/ht\/wp-json\/wp\/v2\/media\/1925"}],"wp:attachment":[{"href":"https:\/\/211md.org\/ht\/wp-json\/wp\/v2\/media?parent=1181"}],"curies":[{"name":"wp","href":"https:\/\/api.w.org\/{rel}","templated":true}]}}