{"id":1340,"date":"2021-04-28T01:30:35","date_gmt":"2021-04-28T01:30:35","guid":{"rendered":"https:\/\/211md.org\/?page_id=1340"},"modified":"2026-02-02T08:43:37","modified_gmt":"2026-02-02T13:43:37","slug":"jwenn-ed","status":"publish","type":"page","link":"https:\/\/211md.org\/ht\/about\/get-help\/","title":{"rendered":"Ki jan yo jwenn \u00e8d ak bezwen esansy\u00e8l nan Maryland"},"content":{"rendered":"<figure data-animation-delay=\"0\" data-animation-duration=\"1\" itemscope itemtype=\"https:\/\/schema.org\/ImageObject\">\n\t\t\t\t<img decoding=\"async\" src=\"https:\/\/stg-maryland211-staging.kinsta.cloud\/wp-content\/uploads\/2025\/08\/5-1-scaled.png\" alt=\"5\" height=\"692\" width=\"2560\" title=\"5\" onerror=\"this.style.display='none'\" loading=\"lazy\" \/>\n\t<\/figure>\n\t\t<p>211 Maryland se sist\u00e8m enf\u00f2masyon ak referans s\u00e8vis sante ak moun ki pi konpl\u00e8 nan eta a.<\/p>\n<p>211 has many ways to get help, depending on what works best for your situation. We have your back when needed most, including the federal shutdown.<\/p>\n<p>Learn about the ways to get help and get connected to information and resources.<\/p>\n\t\t\t<a href=\"#start\"  target=\"_self\">\n\t\t\t\t\t\tK\u00f2manse\n\t\t\t\t\t<\/a>\n<figure data-animation-delay=\"0\" data-animation-duration=\"1\" itemscope itemtype=\"https:\/\/schema.org\/ImageObject\">\n\t\t\t\t<img decoding=\"async\" src=\"https:\/\/211md.org\/wp-content\/plugins\/bb-plugin\/img\/pixel.png\" alt=\"\" onerror=\"this.style.display='none'\" loading=\"lazy\" \/>\n\t<\/figure>\n<figure data-animation-delay=\"0\" data-animation-duration=\"1.3\" itemscope itemtype=\"https:\/\/schema.org\/ImageObject\">\n\t\t\t\t<img decoding=\"async\" src=\"https:\/\/stg-maryland211-staging.kinsta.cloud\/wp-content\/uploads\/2025\/08\/16.png\" alt=\"16\" height=\"1000\" width=\"1000\" title=\"16\" onerror=\"this.style.display='none'\" loading=\"lazy\" \/>\n\t<\/figure>\n<figure itemscope itemtype=\"https:\/\/schema.org\/ImageObject\">\n\t\t\t\t<img decoding=\"async\" src=\"http:\/\/211md.org\/wp-content\/uploads\/2025\/10\/two-older-veterans-helping-each-other-at-park.jpg\" alt=\"de ansyen veteran k ap ede youn l\u00f2t nan pak la\" title=\"de ansyen veteran k ap ede youn l\u00f2t nan pak la\" onerror=\"this.style.display='none'\" loading=\"lazy\" \/>\n\t<\/figure>\n\t\t\n\t\t<h2>Kijan 211 ka ede m?<\/h2>\n<p>211 is a way to get connected to essential needs, such as:<\/p>\n<ul>\n<li><a href=\"\/ht\/resous-yo\/abri-lojman\/\">lojman<\/a><\/li>\n<li><a href=\"https:\/\/211md.org\/ht\/resous-yo\/manje\/\">manje<\/a><\/li>\n<li><a href=\"http:\/\/resources\/utility-assistance\/\">f\u00e8men s\u00e8vis piblik<\/a><\/li>\n<li><a href=\"https:\/\/211md.org\/ht\/resous-yo\/sante-mantal\/\">Sante mantal<\/a><\/li>\n<li><a href=\"https:\/\/211md.org\/ht\/resous-yo\/timoun-fanmi-yo\/\">timoun ak fanmi yo<\/a><\/li>\n<li><a href=\"\/ht\/resous-yo\/sevis-legal-yo\/\">kesyon legal ak \u00e8d<\/a><\/li>\n<li><a href=\"\/ht\/resous-yo\/rechech-travay\/\">travay<\/a><\/li>\n<\/ul>\n<p>Individuals and families can search for help or dial 211 to speak to a caring and compassionate person.<\/p>\n<p>The Maryland Information Network powers 211, and is the state-authorized administrator of the 211 system. We work with many state and local organizations to connect Marylanders to health and human services.<\/p>\n<p>Have another question? Read our frequently asked questions.<\/p>\n<h3>Does It Cost Anything to Use 211?<\/h3>\n<p>No. The service is free and confidential.<\/p>\n<p>Si ou konpoze youn nan nimewo lokal nou yo andey\u00f2 z\u00f2n nan, tarif long distans founis\u00e8 telef\u00f2n ou an ka aplike. Si ou rele nan yon telef\u00f2n selil\u00e8, ou ka aplike fr\u00e8 tan l\u00e8 ak l\u00f2t fr\u00e8 telef\u00f2n selil\u00e8.<\/p>\n\t\t\t<a href=\"https:\/\/211md.org\/ht\/sou\/faq\/\"  target=\"_self\">\n\t\t\t\t\t\t\tLi FAQ nou yo\n\t\t\t\t\t<\/a>\n\t\t<h2>How to Find 211 Help<\/h2>\n\t\t<p>There are 3 main ways to navigate the 211 website, and they&#8217;re always available in the menu at the top under &#8220;Get Help.&#8221;<\/p>\n<h3>I need to find local resources that can help.<\/h3>\n<p>Search our Community Resource database, the state&#8217;s most comprehensive for health and human services. This will connect you directly to organizations that can help. Choose a category like food pantries, and you&#8217;ll get a list and map of local help.<\/p>\n<p>With over 8,500 community resources, find what you need nearby. Enter a ZIP code and use the filters to narrow options.<\/p>\n<p>For Spanish, go to the upper right-hand corner and select Spanish. Then, search in Spanish.<\/p>\n\t\t\t<a href=\"https:\/\/search.211md.org\/\"  target=\"_blank\" rel=\"noopener\">\n\t\t\t\t\t\tFind Resources by ZIP code\n\t\t\t\t\t<\/a>\n\t\t<h3>I want to see the top community resources in my county.<\/h3>\n\t\t<p>Every county in the state has unique resources and needs. 211&#8217;s county pages make it easy to find top resources in a geographic area, with a focus on food pantries, utility assistance, and mental health.<\/p>\n\t\t\t<a href=\"https:\/\/211md.org\/ht\/resous-pa-konte\/\"  target=\"_blank\" rel=\"noopener\">\n\t\t\t\t\t\tSearch your county for help\n\t\t\t\t\t<\/a>\n\t\t<h3>I need information About Benefit Programs<\/h3>\n\t\t<p>Start with our resource categories, like food or health care, and learn about available assistance programs and available benefits, as well as common community resources.<\/p>\n<p>Get the information you need, then link directly to our Community Resource Database for that need using our common resource searches.<\/p>\n\t\t\t<a href=\"https:\/\/211md.org\/ht\/resous-yo\/\"  target=\"_self\">\n\t\t\t\t\t\t\tGet information and resources\n\t\t\t\t\t<\/a>\n\t\t<h3>I want to talk to someone.<\/h3>\n\t\t<p>Dial 211, and a caring and compassionate person will talk with you and help you navigate and connect with help. 211 is also accessible for the deaf and hard of hearing through Maryland Relay (dial 7-1-1).<\/p>\n\t\t\t<a href=\"tel:%20+211\"  target=\"_self\">\n\t\t\t\t\t\t\tRele 211\n\t\t\t\t\t<\/a>\n\t<h3>Tradiksyon<\/h3>\n<p>Sit ent\u00e8n\u00e8t la ka tradui nan plizy\u00e8 lang, tankou Pany\u00f2l, Krey\u00f2l Ayisyen, Yoruba, Frans\u00e8, ak plis ank\u00f2. Klike sou Angle nan kwen anwo adwat la epi chwazi lang ou nan meni ki dewoule a.<\/p>\n<p>Translation is also available by phone in 150+ languages.<\/p>\n<figure itemscope itemtype=\"https:\/\/schema.org\/ImageObject\">\n\t\t\t\t<img decoding=\"async\" src=\"http:\/\/211md.org\/wp-content\/uploads\/2025\/10\/Couple-looking-for-help-on-phone-in-park.jpg\" alt=\"Koup k ap ch\u00e8che \u00e8d nan telef\u00f2n nan pak la\" title=\"Koup k ap ch\u00e8che \u00e8d nan telef\u00f2n nan pak la\" onerror=\"this.style.display='none'\" loading=\"lazy\" \/>\n\t<\/figure>\n\t<h2>L\u00f2t Fason 211 Kapab Ede<\/h2>\n<p>211 asosye tou av\u00e8k ajans leta yo ak gwoup kominot\u00e8 yo pou bay pwogram mesaj t\u00e8ks ki bay enf\u00f2masyon ak enspirasyon atrav\u00e8 mesaj t\u00e8ks.<\/p>\n<h3>Koneksyon t\u00e8ks<\/h3>\n<p>Ou kapab enskri tou nan youn nan pwogram mesaj t\u00e8ks nou yo, ki konekte ou ak enf\u00f2masyon, resous ak sip\u00f2 pou yon menas\/ijans sante piblik oswa move tan, fanmi, resous Mid Shore, sante mantal, opyoyid ak plis ank\u00f2.<\/p>\n\t\t<h2>T\u00e8s Depistaj Benefis nan Maryland<\/h2>\n\t\t<p>Maryland Benefits is a one-stop location to check eligibility and to apply for multiple benefits like food benefits, housing and energy assistance, health and disability services, unemployment, and more.<\/p>\n<p>With basic information like the number of people in your household, their incomes, and your household costs, you can quickly check your eligibility.<\/p>\n\t\t\t<a href=\"https:\/\/benefits.maryland.gov\/home\/#\/\" target=\"_self\" rel=\"noopener\">\n\t\t\t\t\t\t\tCheck Maryland Benefits\n\t\t\t\t\t<\/a>\n\t\t<h3>Granmoun aje ak t\u00e8s depistaj benefis andikap<\/h3>\n\t\t<p>Si ou se yon granmoun ki pi gran oswa ou gen andikap, ou ka itilize <a href=\"https:\/\/benefitscheckup.org\/\" target=\"_blank\" rel=\"noopener\">BenefisCheckUp<\/a>\u00ae soti nan Kons\u00e8y Nasyonal pou Aje. Li ede w jwenn pwogram ou ka elijib pou yo.<\/p>\n<p>W ap reponn kesyon yo anonim pou w konnen si w kalifye pou pwogram avantaj komen. Sa yo ka gen ladan s\u00e8vis sosyal pou manje oswa Medicare. Ou ka jwenn tou pwogram asistans pasyan pou medikaman.<\/p>\n<p>Ch\u00e8che konnen ki pwogram ak s\u00e8vis ou ka elijib pou resevwa atrav\u00e8 BenefitsCheckUp.<\/p>\n\t\t\t<a href=\"https:\/\/benefitscheckup.org\/\" target=\"_self\" rel=\"noopener\">\n\t\t\t\t\t\t\tUse Benefits Checkup\n\t\t\t\t\t<\/a>\n\t\t<h4><a href=\"\/ht\/resous-yo\/aje-andikap\/?utm_source=Home&#038;utm_medium=Referral&#038;utm_campaign=211Resources&#038;utm_content=Aging\" target=\"_self\">Aje ak Andikap<\/a><\/h4><figure itemscope itemtype=\"https:\/\/schema.org\/ImageObject\">\n\t\t\t\t<a href=\"\/ht\/resous-yo\/aje-andikap\/?utm_source=Home&#038;utm_medium=Referral&#038;utm_campaign=211Resources&#038;utm_content=Aging\"  target=\"_self\" itemprop=\"url\">\n\t\t\t\t<img decoding=\"async\" src=\"https:\/\/211md.org\/wp-content\/uploads\/bb-plugin\/cache\/2025_MdInfoNet_Icon-Sets_Aging-disability-square-c466727102cae71e5f27b8539bb51945-.png\" alt=\"\" onerror=\"this.style.display='none'\" loading=\"lazy\" \/>\n\t\t\t\t<\/a>\n\t<\/figure>\n\t\t<h4><a href=\"\/ht\/resous-yo\/timoun-fanmi-yo\/?utm_source=Home&#038;utm_medium=Referral&#038;utm_campaign=211Resources&#038;utm_content=Children\" target=\"_self\">Timoun ak Fanmi<\/a><\/h4><figure itemscope itemtype=\"https:\/\/schema.org\/ImageObject\">\n\t\t\t\t<a href=\"\/ht\/resous-yo\/timoun-fanmi-yo\/?utm_source=Home&#038;utm_medium=Referral&#038;utm_campaign=211Resources&#038;utm_content=Children\"  target=\"_self\" itemprop=\"url\">\n\t\t\t\t<img decoding=\"async\" src=\"https:\/\/211md.org\/wp-content\/uploads\/bb-plugin\/cache\/2025_211_Icon-Sets_Child-care-square-f3b0d4edab3dcc467fadb5f55f4064c6-.png\" alt=\"parent and child icon for child care\" height=\"417\" width=\"417\" title=\"2025_211_Ansanm Ik\u00f2n_Swen Timoun\" onerror=\"this.style.display='none'\" loading=\"lazy\" \/>\n\t\t\t\t<\/a>\n\t<\/figure>\n\t\t<h4><a href=\"\/ht\/resous-yo\/vyolans-familyal-domestik\/?utm_source=Home&#038;utm_medium=Referral&#038;utm_campaign=211Resources&#038;utm_content=Domestic\" target=\"_self\">Vyolans domestik<\/a><\/h4><figure itemscope itemtype=\"https:\/\/schema.org\/ImageObject\">\n\t\t\t\t<a href=\"\/ht\/resous-yo\/vyolans-familyal-domestik\/?utm_source=Home&#038;utm_medium=Referral&#038;utm_campaign=211Resources&#038;utm_content=Domestic\"  target=\"_self\" itemprop=\"url\">\n\t\t\t\t<img decoding=\"async\" src=\"https:\/\/211md.org\/wp-content\/uploads\/bb-plugin\/cache\/2025_211_Icon-Sets_Domestic-Violence-square-7b597694a6f05fe90cdc376aa573bc63-.png\" alt=\"House with a heart in the middle icon\" height=\"417\" width=\"417\" title=\"2025_211_Ansanm Ik\u00f2n_Vyolans Domestik\" onerror=\"this.style.display='none'\" loading=\"lazy\" \/>\n\t\t\t\t<\/a>\n\t<\/figure>\n\t\t<h4><a href=\"\/ht\/resous-yo\/rechech-travay\/?utm_source=Home&#038;utm_medium=Referral&#038;utm_campaign=211Resources&#038;utm_content=Employment\" target=\"_self\">Travay<\/a><\/h4><figure itemscope itemtype=\"https:\/\/schema.org\/ImageObject\">\n\t\t\t\t<a href=\"\/ht\/resous-yo\/rechech-travay\/?utm_source=Home&#038;utm_medium=Referral&#038;utm_campaign=211Resources&#038;utm_content=Employment\"  target=\"_self\" itemprop=\"url\">\n\t\t\t\t<img decoding=\"async\" src=\"https:\/\/211md.org\/wp-content\/uploads\/bb-plugin\/cache\/2025_MdInfoNet_Icon-Sets_Employment-square-44707bd410e4df10a470bf130ebcea86-.png\" alt=\"\" onerror=\"this.style.display='none'\" loading=\"lazy\" \/>\n\t\t\t\t<\/a>\n\t<\/figure>\n\t\t<h4><a href=\"\/ht\/resous-yo\/swen-sante\/?utm_source=Home&#038;utm_medium=Referral&#038;utm_campaign=211Resources&#038;utm_content=Health%20Care\" target=\"_self\">Swen Sante<\/a><\/h4><figure itemscope itemtype=\"https:\/\/schema.org\/ImageObject\">\n\t\t\t\t<a href=\"\/ht\/resous-yo\/swen-sante\/?utm_source=Home&#038;utm_medium=Referral&#038;utm_campaign=211Resources&#038;utm_content=Health%20Care\"  target=\"_self\" itemprop=\"url\">\n\t\t\t\t<img decoding=\"async\" src=\"https:\/\/211md.org\/wp-content\/uploads\/bb-plugin\/cache\/2025_MdInfoNet_Icon-Sets_Health-Care-square-dee98a0060cbe0e7f27eda253fc12679-.png\" alt=\"\" onerror=\"this.style.display='none'\" loading=\"lazy\" \/>\n\t\t\t\t<\/a>\n\t<\/figure>\n\t\t<h4><a href=\"\/ht\/resous-yo\/timoun-fanmi-yo\/swen-fanmi\/?utm_source=Home&#038;utm_medium=Referral&#038;utm_campaign=211Resources&#038;utm_content=Kinship\" target=\"_self\">Parente<\/a><\/h4><figure itemscope itemtype=\"https:\/\/schema.org\/ImageObject\">\n\t\t\t\t<a href=\"\/ht\/resous-yo\/timoun-fanmi-yo\/swen-fanmi\/?utm_source=Home&#038;utm_medium=Referral&#038;utm_campaign=211Resources&#038;utm_content=Kinship\"  target=\"_self\" itemprop=\"url\">\n\t\t\t\t<img decoding=\"async\" src=\"https:\/\/211md.org\/wp-content\/uploads\/bb-plugin\/cache\/2025_211_Icon-Sets_Kinship-square-45bdf872866f5735f842c32071109267-.png\" alt=\"Ik\u00f2n fanmi\" height=\"417\" width=\"417\" title=\"2025_211_Ansanm Ik\u00f2n_Fanmitay\" onerror=\"this.style.display='none'\" loading=\"lazy\" \/>\n\t\t\t\t<\/a>\n\t<\/figure>\n\t\t<h4><a href=\"\/ht\/resous-yo\/sevis-legal-yo\/?utm_source=Home&#038;utm_medium=Referral&#038;utm_campaign=211Resources&#038;utm_content=Legal\" target=\"_self\">S\u00e8vis Legal<\/a><\/h4><figure itemscope itemtype=\"https:\/\/schema.org\/ImageObject\">\n\t\t\t\t<a href=\"\/ht\/resous-yo\/sevis-legal-yo\/?utm_source=Home&#038;utm_medium=Referral&#038;utm_campaign=211Resources&#038;utm_content=Legal\"  target=\"_self\" itemprop=\"url\">\n\t\t\t\t<img decoding=\"async\" src=\"https:\/\/211md.org\/wp-content\/uploads\/bb-plugin\/cache\/2025_MdInfoNet_Icon-Sets_Legal-square-18fdf438feb8435588174d9046463257-.png\" alt=\"\" onerror=\"this.style.display='none'\" loading=\"lazy\" \/>\n\t\t\t\t<\/a>\n\t<\/figure>\n\t\t<h4><a href=\"\/ht\/resous-yo\/sante-mantal\/?utm_source=Home&#038;utm_medium=Referral&#038;utm_campaign=211Resources&#038;utm_content=Mental\" target=\"_self\">Sante mantal<\/a><\/h4><figure itemscope itemtype=\"https:\/\/schema.org\/ImageObject\">\n\t\t\t\t<a href=\"\/ht\/resous-yo\/sante-mantal\/?utm_source=Home&#038;utm_medium=Referral&#038;utm_campaign=211Resources&#038;utm_content=Mental\"  target=\"_self\" itemprop=\"url\">\n\t\t\t\t<img decoding=\"async\" src=\"https:\/\/211md.org\/wp-content\/uploads\/bb-plugin\/cache\/2025_MdInfoNet_Icon-Sets_Mental-Health-square-c59b38c4a993a947d4c9280fbe2d2fee-.png\" alt=\"\" onerror=\"this.style.display='none'\" loading=\"lazy\" \/>\n\t\t\t\t<\/a>\n\t<\/figure>\n\t\t<h4><a href=\"\/ht\/resous-yo\/mdreentry\/?utm_source=Home&#038;utm_medium=Referral&#038;utm_campaign=211Resources&#038;utm_content=Reentry\" target=\"_self\">Reantre<\/a><\/h4><figure itemscope itemtype=\"https:\/\/schema.org\/ImageObject\">\n\t\t\t\t<a href=\"\/ht\/resous-yo\/mdreentry\/?utm_source=Home&#038;utm_medium=Referral&#038;utm_campaign=211Resources&#038;utm_content=Reentry\"  target=\"_self\" itemprop=\"url\">\n\t\t\t\t<img decoding=\"async\" src=\"https:\/\/211md.org\/wp-content\/uploads\/bb-plugin\/cache\/2025_211_Icon-Sets_Reentry-square-8676fea38abd920a832f45642fe31cca-.png\" alt=\"Ik\u00f2n Reantre\" height=\"417\" width=\"417\" title=\"2025_211_Ansanm Ik\u00f2n_Reantre\" onerror=\"this.style.display='none'\" loading=\"lazy\" \/>\n\t\t\t\t<\/a>\n\t<\/figure>\n\t\t<h4><a href=\"\/ht\/resous-yo\/itilizasyon-sibstans\/?utm_source=Home&#038;utm_medium=Referral&#038;utm_campaign=211Resources&#038;utm_content=Substance\" target=\"_self\">Itilizasyon sibstans<\/a><\/h4><figure itemscope itemtype=\"https:\/\/schema.org\/ImageObject\">\n\t\t\t\t<a href=\"\/ht\/resous-yo\/itilizasyon-sibstans\/?utm_source=Home&#038;utm_medium=Referral&#038;utm_campaign=211Resources&#038;utm_content=Substance\"  target=\"_self\" itemprop=\"url\">\n\t\t\t\t<img decoding=\"async\" src=\"https:\/\/211md.org\/wp-content\/uploads\/bb-plugin\/cache\/2025_MdInfoNet_Icon-Sets_Substance-Abuse-square-9022fec9d18a64118ad685c101885b55-.png\" alt=\"\" onerror=\"this.style.display='none'\" loading=\"lazy\" \/>\n\t\t\t\t<\/a>\n\t<\/figure>\n\t\t<h4><a href=\"\/ht\/resous-yo\/veteran-yo\/?utm_source=Home&#038;utm_medium=Referral&#038;utm_campaign=211Resources&#038;utm_content=Veterans\" target=\"_self\">Veteran yo<\/a><\/h4><figure itemscope itemtype=\"https:\/\/schema.org\/ImageObject\">\n\t\t\t\t<a href=\"\/ht\/resous-yo\/veteran-yo\/?utm_source=Home&#038;utm_medium=Referral&#038;utm_campaign=211Resources&#038;utm_content=Veterans\"  target=\"_self\" itemprop=\"url\">\n\t\t\t\t<img decoding=\"async\" src=\"https:\/\/211md.org\/wp-content\/uploads\/bb-plugin\/cache\/2025_MdInfoNet_Icon-Sets_Rating-square-6e60d00cce4faa8e0a6d4ad7366aa733-.png\" alt=\"\" onerror=\"this.style.display='none'\" loading=\"lazy\" \/>\n\t\t\t\t<\/a>\n\t<\/figure>\n\t<h2>Jwenn \u00c8d nan men 211 Nan L\u00f2t Eta<\/h2>\n<p>2-1-1 disponib nan chak eta, Distri Columbia, P\u00f2toriko ak anpil nan Kanada. Vwazen nou yo:<\/p>\n<p><a href=\"http:\/\/www.delaware211.org\/\" target=\"_blank\" rel=\"noreferrer noopener\">Delaware<\/a>\u00a0|\u00a0<a href=\"http:\/\/answersplease.dc.gov\/\" target=\"_blank\" rel=\"noreferrer noopener\">Distri Columbia<\/a>\u00a0|\u00a0<a href=\"http:\/\/www.nj211.org\/\" target=\"_blank\" rel=\"noreferrer noopener\">New Jersey<\/a>\u00a0|\u00a0<a href=\"http:\/\/www.pa211.org\/\" target=\"_blank\" rel=\"noreferrer noopener\">Pennsilvani<\/a>\u00a0|\u00a0<a href=\"http:\/\/wv211.org\/\" target=\"_blank\" rel=\"noreferrer noopener\">Vijini de Lw\u00e8s<\/a>\u00a0|\u00a0<a href=\"http:\/\/www.211virginia.org\/\" target=\"_blank\" rel=\"noreferrer noopener\">Vijini<\/a><\/p>\n<h6>\n\t\t\tjwenn \u00e8d\t<\/h6>","protected":false},"excerpt":{"rendered":"<p>211 Maryland is the state&#8217;s most comprehensive health and human services Information and Referral System. 211 has many ways to get help, depending on what works best for your situation. We have your back when needed most, including the federal shutdown. Learn about the ways to get help and get connected to information and resources.&hellip;<\/p>","protected":false},"author":8,"featured_media":1980,"parent":521,"menu_order":0,"comment_status":"closed","ping_status":"closed","template":"","meta":{"footnotes":""},"class_list":["post-1340","page","type-page","status-publish","has-post-thumbnail","hentry"],"_links":{"self":[{"href":"https:\/\/211md.org\/ht\/wp-json\/wp\/v2\/pages\/1340","targetHints":{"allow":["GET"]}}],"collection":[{"href":"https:\/\/211md.org\/ht\/wp-json\/wp\/v2\/pages"}],"about":[{"href":"https:\/\/211md.org\/ht\/wp-json\/wp\/v2\/types\/page"}],"author":[{"embeddable":true,"href":"https:\/\/211md.org\/ht\/wp-json\/wp\/v2\/users\/8"}],"replies":[{"embeddable":true,"href":"https:\/\/211md.org\/ht\/wp-json\/wp\/v2\/comments?post=1340"}],"version-history":[{"count":11,"href":"https:\/\/211md.org\/ht\/wp-json\/wp\/v2\/pages\/1340\/revisions"}],"predecessor-version":[{"id":34200,"href":"https:\/\/211md.org\/ht\/wp-json\/wp\/v2\/pages\/1340\/revisions\/34200"}],"up":[{"embeddable":true,"href":"https:\/\/211md.org\/ht\/wp-json\/wp\/v2\/pages\/521"}],"wp:featuredmedia":[{"embeddable":true,"href":"https:\/\/211md.org\/ht\/wp-json\/wp\/v2\/media\/1980"}],"wp:attachment":[{"href":"https:\/\/211md.org\/ht\/wp-json\/wp\/v2\/media?parent=1340"}],"curies":[{"name":"wp","href":"https:\/\/api.w.org\/{rel}","templated":true}]}}