{"id":1344,"date":"2021-04-28T11:48:57","date_gmt":"2021-04-28T11:48:57","guid":{"rendered":"https:\/\/211md.org\/?page_id=1344"},"modified":"2026-03-20T16:48:18","modified_gmt":"2026-03-20T20:48:18","slug":"rezo-sant-apel","status":"publish","type":"page","link":"https:\/\/211md.org\/ht\/about\/call-center-network\/","title":{"rendered":"Rezo Sant ap\u00e8l 211 Maryland"},"content":{"rendered":"<img decoding=\"async\" src=\"https:\/\/stg-maryland211-staging.kinsta.cloud\/wp-content\/uploads\/2025\/08\/5-1-scaled.png\" alt=\"5\" itemprop=\"image\" height=\"692\" width=\"2560\" title=\"5\" onerror=\"this.style.display='none'\" loading=\"lazy\" \/>\n<p>Rezo sant ap\u00e8l rejyonal 211 la konekte moun Maryland yo ak resous esansy\u00e8l nan tout eta a. L\u00e8 Maryland\u00e8 yo konpoze 211, yo otomatikman voye yo nan sant ap\u00e8l rejyonal yo pou \u00e8d.<\/p>\n\t\t\t<a href=\"#start\" target=\"_self\">\n\t\t\t\t\t\tAprann plis\n\t\t\t\t\t<\/a>\n\t\t\t\t<img decoding=\"async\" src=\"https:\/\/211md.org\/wp-content\/plugins\/bb-plugin\/img\/pixel.png\" alt=\"\" itemprop=\"image\" onerror=\"this.style.display='none'\" loading=\"lazy\" \/>\n\t\t\t\t<img decoding=\"async\" src=\"https:\/\/stg-maryland211-staging.kinsta.cloud\/wp-content\/uploads\/2025\/08\/16.png\" alt=\"16\" itemprop=\"image\" height=\"1000\" width=\"1000\" title=\"16\" onerror=\"this.style.display='none'\" loading=\"lazy\" \/>\n\t\t\t\t<img decoding=\"async\" src=\"http:\/\/211md.org\/wp-content\/uploads\/2021\/05\/UWCM-211MD-Call-Center-2-scaled.jpeg\" alt=\"Moun k ap travay nan yon sant ap\u00e8l\" itemprop=\"image\" title=\"Sant ap\u00e8l UWCM 211MD 2\" onerror=\"this.style.display='none'\" loading=\"lazy\" \/>\n<h2><strong>About the Call Center Network<\/strong><\/h2>\n<p>Life Crisis Center, Mental Health Association of Frederick County, United Way of Central Maryland, and Community Crisis Services, Inc. have been part of the 211 Call Center Network since 211&#8217;s inception in Maryland.<\/p>\n\t\t\t\t<a href=\"https:\/\/fcmha.org\/\" target=\"_blank\" rel=\"noopener\" itemprop=\"url\">\n\t\t\t\t<img decoding=\"async\" src=\"https:\/\/211md.org\/wp-content\/uploads\/2021\/04\/MHA_Logo_PMS669U.jpg\" alt=\"Logo Asosyasyon Sante Mantal\" itemprop=\"image\" height=\"1065\" width=\"1143\" title=\"MHA_Logo_PMS669U\" onerror=\"this.style.display='none'\" loading=\"lazy\" \/>\n\t\t\t\t<\/a>\n<p>The Mental Health Association of Frederick County (MHA) started its call center in 1985 and began operating 24\/7\/365 in 1990. Crisis Specialists offer crisis intervention, support and information and resource referrals.<\/p>\n<p>The Mental Health Association works to ensure all Marylanders have access to high-quality behavioral healthcare. The call center is the hub of their crisis services, connecting Marylanders to resources and support.<\/p>\n\t\t\t<a href=\"https:\/\/fcmha.org\/\" target=\"_blank\" rel=\"noopener\">\n\t\t\t\t\t\t\tAprann plis\n\t\t\t<\/a>\n\t\t\t\t<a href=\"https:\/\/www.lifecrisiscenter.org\/\" target=\"_blank\" rel=\"noopener\" itemprop=\"url\">\n\t\t\t\t<img decoding=\"async\" src=\"https:\/\/211md.org\/wp-content\/uploads\/2021\/04\/LCC_Logo-1-1.jpg\" alt=\"Logo Life Crisis Center\" itemprop=\"image\" height=\"330\" width=\"2000\" title=\"LCC_Logo (1) (1)\" onerror=\"this.style.display='none'\" loading=\"lazy\" \/>\n\t\t\t\t<\/a>\n<p>Life Crisis Center operates a comprehensive call center that offers crisis intervention, emotional support, and information and referral services by phone, chat, and text.<\/p>\n<p>The organization has provided crisis support in the community since 1976, starting as a volunteer-operated crisis hotline for sexual assault victims. The nonprofit has served the lower Eastern Shore for over 44 years as a call center and a safe place for healing for victims of domestic violence, sexual assault, and child abuse.<\/p>\n\t\t\t<a href=\"https:\/\/www.lifecrisiscenter.org\/\" target=\"_blank\" rel=\"noopener\">\n\t\t\t\t\t\t\tAprann plis\n\t\t\t<\/a>\n\t\t\t\t<a href=\"https:\/\/www.uwcm.org\/\" target=\"_blank\" rel=\"noopener\" itemprop=\"url\">\n\t\t\t\t<img decoding=\"async\" src=\"https:\/\/211md.org\/wp-content\/uploads\/2021\/04\/UWCM_4c.png\" alt=\"Logo United Way of Central Maryland\" itemprop=\"image\" height=\"832\" width=\"1200\" title=\"UWCM_4c\" onerror=\"this.style.display='none'\" loading=\"lazy\" \/>\n\t\t\t\t<\/a>\n<p>United Way Central Maryland (UWCM) played a pivotal role in developing and planning the 211 system, starting in 2000. The UWCM helpline, though, has origins that date back to 1962.<\/p>\n<p>Information and Referral specialists help central Marylanders make connections to essential health and human services resources in Baltimore City and the counties of Anne Arundel, Baltimore, Carroll, Harford, and Howard counties.<\/p>\n<p>While not a crisis hotline, the staff is ASIST Certified, so they can identify callers who may be in crisis and\/or having thoughts of suicide. They can manage the call, assess, and plan for safety.<\/p>\n\t\t\t<a href=\"https:\/\/www.uwcm.org\/\" target=\"_blank\" rel=\"noopener\">\n\t\t\t\t\t\t\tAprann plis\n\t\t\t<\/a>\n\t\t\t\t<a href=\"https:\/\/www.communitycrisis.org\/\" target=\"_blank\" rel=\"noopener\" itemprop=\"url\">\n\t\t\t\t<img decoding=\"async\" src=\"https:\/\/211md.org\/wp-content\/uploads\/2021\/04\/CCSI-logo-HORIZONTAL.jpg\" alt=\"Logo S\u00e8vis Kriz Kominot\u00e8\" itemprop=\"image\" height=\"320\" width=\"640\" title=\"CCSI logo ORIZONTAL\" onerror=\"this.style.display='none'\" loading=\"lazy\" \/>\n\t\t\t\t<\/a>\n<p>For more than 50 years, Community Crisis Services, Inc. (CCSI) has provided call center services, and the organization became the first hotline in Maryland to be accredited by the American Association of Suicidology in the 1980s.<\/p>\n<p>In addition to certification, CCSI offers compassionate crisis support and information and referral services to essential resources. They also support the community with safe shelter programs.<\/p>\n\t\t\t<a href=\"https:\/\/www.communitycrisis.org\/\" target=\"_blank\" rel=\"noopener\">\n\t\t\t\t\t\t\tAprann plis\n\t\t\t<\/a>\n<h2>\n\t\t\tF\u00f2masyon ak Akreditasyon\t<\/h2>\n\t<p>Espesyalis yo akredite pa Asosyasyon Ameriken Swisidoloji (AAS) ak\/oswa Alliance of Information and Referral Systems (AIRS). CCSI gen yon akreditasyon tou nan Kons\u00e8y Ent\u00e8nasyonal pou Liy Asistans (ICH) ak anplwaye UWCM yo s\u00e8tifye ASIST.<\/p>\n\t\t\t\t<img decoding=\"async\" src=\"https:\/\/211md.org\/wp-content\/uploads\/2021\/05\/AAS-Logo.png\" alt=\"Logo Asosyasyon Ameriken pou Swisidoloji\" itemprop=\"image\" height=\"182\" width=\"995\" title=\"Logo AAS\" onerror=\"this.style.display='none'\" loading=\"lazy\" \/>\n\t\t\t\t<img decoding=\"async\" src=\"https:\/\/211md.org\/wp-content\/uploads\/2021\/04\/AIRS-Cropped.png\" alt=\"AIRS logo\" itemprop=\"image\" height=\"585\" width=\"635\" title=\"AIRS koupe\" onerror=\"this.style.display='none'\" loading=\"lazy\" \/>\n\t\t\t\t<img decoding=\"async\" src=\"https:\/\/211md.org\/wp-content\/plugins\/bb-plugin\/img\/pixel.png\" alt=\"\" itemprop=\"image\" onerror=\"this.style.display='none'\" loading=\"lazy\" \/>\n\t\t\t\t<img decoding=\"async\" src=\"https:\/\/211md.org\/wp-content\/uploads\/bb-plugin\/cache\/Call-center-specialst-circle-eeffe277a2415307db9e1df3ed658a58-.jpg\" alt=\"Espesyalis nan sant ap\u00e8l\" itemprop=\"image\" height=\"800\" width=\"1200\" title=\"Espesyalis nan sant ap\u00e8l\" onerror=\"this.style.display='none'\" loading=\"lazy\" \/>\n<h2>211 is available to everyone<\/h2><p>Espesyalis Enf\u00f2masyon ak Referans ki pale Angle ak Pany\u00f2l yo disponib 24\/7\/365. Tradiksyon disponib tou nan plis pase 150 lang.<\/p>\n<p>Si w gen pwobl\u00e8m pou tande, rele 711 pou jwenn aks\u00e8 nan 211 atrav\u00e8 Maryland Relay.<\/p>\n\t\t\t<a href=\"tel:%20+211\" target=\"_blank\" rel=\"noopener\">\n\t\t\t\t\t\tRele 211 (mobil)\n\t\t\t\t\t<\/a>","protected":false},"excerpt":{"rendered":"<p>211&#8217;s network of regional call centers connects Marylanders to essential resources throughout the state. When Marylanders dial 211, they are automatically routed to their regional call center for help. Learn More About the Call Center Network Life Crisis Center, Mental Health Association of Frederick County, United Way of Central Maryland, and Community Crisis Services, Inc.&hellip;<\/p>","protected":false},"author":8,"featured_media":34257,"parent":521,"menu_order":0,"comment_status":"closed","ping_status":"closed","template":"","meta":{"footnotes":""},"class_list":["post-1344","page","type-page","status-publish","has-post-thumbnail","hentry"],"_links":{"self":[{"href":"https:\/\/211md.org\/ht\/wp-json\/wp\/v2\/pages\/1344","targetHints":{"allow":["GET"]}}],"collection":[{"href":"https:\/\/211md.org\/ht\/wp-json\/wp\/v2\/pages"}],"about":[{"href":"https:\/\/211md.org\/ht\/wp-json\/wp\/v2\/types\/page"}],"author":[{"embeddable":true,"href":"https:\/\/211md.org\/ht\/wp-json\/wp\/v2\/users\/8"}],"replies":[{"embeddable":true,"href":"https:\/\/211md.org\/ht\/wp-json\/wp\/v2\/comments?post=1344"}],"version-history":[{"count":1,"href":"https:\/\/211md.org\/ht\/wp-json\/wp\/v2\/pages\/1344\/revisions"}],"predecessor-version":[{"id":34424,"href":"https:\/\/211md.org\/ht\/wp-json\/wp\/v2\/pages\/1344\/revisions\/34424"}],"up":[{"embeddable":true,"href":"https:\/\/211md.org\/ht\/wp-json\/wp\/v2\/pages\/521"}],"wp:featuredmedia":[{"embeddable":true,"href":"https:\/\/211md.org\/ht\/wp-json\/wp\/v2\/media\/34257"}],"wp:attachment":[{"href":"https:\/\/211md.org\/ht\/wp-json\/wp\/v2\/media?parent=1344"}],"curies":[{"name":"wp","href":"https:\/\/api.w.org\/{rel}","templated":true}]}}