{"id":1481,"date":"2021-05-03T12:27:26","date_gmt":"2021-05-03T16:27:26","guid":{"rendered":"https:\/\/211md.org\/?page_id=1481"},"modified":"2026-02-02T08:36:05","modified_gmt":"2026-02-02T13:36:05","slug":"politik-konfidansyalite","status":"publish","type":"page","link":"https:\/\/211md.org\/ht\/privacy-policy\/","title":{"rendered":"R\u00e8gleman sou enf\u00f2masyon prive"},"content":{"rendered":"<p><a href=\"\/ht\/sms\/\">Gade t\u00e8m ak kondisyon mesaj t\u00e8ks yo.<\/a><\/p>\n<p><strong>Anvig\u00e8 apati 29 avril 2022<\/strong><\/p>\n<p>211 Maryland respekte vi prive w. 211 Maryland gendwa kolekte enf\u00f2masyon nan men itilizat\u00e8 sitw\u00e8b li yo (&quot;Sit Web&quot;). R\u00e8gleman sa a dekri:<\/p>\n<ul>\n<li>Kalite enf\u00f2masyon nou ka kolekte oswa ke ou ka bay atrav\u00e8 sitw\u00e8b la.<\/li>\n<li>Pratik nou yo pou kolekte, itilize ak divilge enf\u00f2masyon sa yo.<\/li>\n<\/ul>\n<p>R\u00e8gleman sa a aplike s\u00e8lman nan enf\u00f2masyon nou kolekte nan men ou atrav\u00e8 sit ent\u00e8n\u00e8t nou an ak nan l\u00f2t kominikasyon elektwonik ki voye atrav\u00e8 oswa an koneksyon av\u00e8k sit ent\u00e8n\u00e8t nou an. R\u00e8gleman sa a pa aplike pou enf\u00f2masyon ki:<\/p>\n<ul>\n<li>Yo kolekte sou oswa pa sitw\u00e8b twazy\u00e8m pati oswa aplikasyon ke ou ka jwenn aks\u00e8 atrav\u00e8 sit ent\u00e8n\u00e8t nou an oswa otreman.<\/li>\n<li>Ou bay oswa kolekte pa nenp\u00f2t twazy\u00e8m pati. Twazy\u00e8m pati sa yo ka gen pw\u00f2p r\u00e8gleman sou enf\u00f2masyon prive yo, ke nou ankouraje w li anvan ou ba yo enf\u00f2masyon.<\/li>\n<\/ul>\n<p>Tanpri li r\u00e8gleman sa a ak anpil atansyon pou w konprann r\u00e8gleman ak pratik nou yo kons\u00e8nan enf\u00f2masyon ou yo ak fason nou pral trete yo. Si w gen nenp\u00f2t kesyon sou r\u00e8gleman sa a oswa sou zaf\u00e8 ki gen rap\u00f2 ak li, ou ka kontakte nou nan\u00a0<a href=\"mailto:info@211md.org\">info@211md.org<\/a>.<\/p>\n<h3><strong>Enf\u00f2masyon nou kolekte ak kijan nou kolekte li<\/strong><\/h3>\n<p>Nou ka kolekte enf\u00f2masyon ki soti nan ak sou ou l\u00e8 ou angaje ak sit ent\u00e8n\u00e8t nou an:<\/p>\n<ul>\n<li>Dir\u00e8kteman nan men ou l\u00e8 ou ba nou li.<\/li>\n<li>Soti nan l\u00f2t twazy\u00e8m pati; pa egzanp, patn\u00e8 biznis nou yo.<\/li>\n<li>Otomatikman l\u00e8 ou itilize s\u00e8ten karakteristik nan sit ent\u00e8n\u00e8t nou an.<\/li>\n<\/ul>\n\n<h3><strong>Enf\u00f2masyon ou bay nou<\/strong><\/h3>\n<p>Ou ka bay enf\u00f2masyon p\u00e8son\u00e8l:<\/p>\n<ul>\n<li>Sa idantifye ou, ki gen ladan, san limitasyon, non w, adr\u00e8s postal, adr\u00e8s imel, nimewo telef\u00f2n, nenp\u00f2t l\u00f2t idantifyan yo ka kontakte w sou ent\u00e8n\u00e8t oswa offline, eta rezidans, laj, s\u00e8ks, lek\u00f2l, lang yo pale, kont medya sosyal. , enf\u00f2masyon kat kredi ak foto.<\/li>\n<li>Sa idantifye l\u00f2t moun, tankou, san limitasyon, non viktim yo, temwen, oswa moun ki kom\u00e8t krim rayisman oswa ensidan menm jan an ak detay sou ensidan ki afekte moun sa yo.<\/li>\n<\/ul>\n<p>Enf\u00f2masyon sa a gen ladann:<\/p>\n<ul>\n<li>Enf\u00f2masyon ou bay l\u00e8 w ranpli f\u00f2m yo. Sa enkli enf\u00f2masyon yo bay nan moman enskripsyon an, enf\u00f2masyon ki ekri sou nenp\u00f2t aplikasyon, enf\u00f2masyon yo bay pandan yon ent\u00e8vyou, enf\u00f2masyon ou bay l\u00e8 w rap\u00f2te yon ensidan oswa krim rayisman ak\/oswa enf\u00f2masyon ou bay l\u00e8 w ap mande plis s\u00e8vis.<\/li>\n<li>Enf\u00f2masyon ki konfime idantite w, otorite, oswa l\u00f2t karakteristik ou.<\/li>\n<li>Repons ou yo nan sondaj oswa kesyon\u00e8 ke nou ka mande w ranpli.<\/li>\n<li>Detay sou tranzaksyon ou f\u00e8 atrav\u00e8 sitw\u00e8b nou an.<\/li>\n<li>Enf\u00f2masyon ki gen rap\u00f2 ak pwofil itilizat\u00e8 ou an, ki gen ladan non itilizat\u00e8 ou, modpas, kesyon ak repons pou rap\u00e8l modpas ou, enter\u00e8, preferans kominikasyon, ak nenp\u00f2t korespondans ou voye ba nou.<\/li>\n<li>Enf\u00f2masyon opsyon\u00e8l ou ka chwazi pou bay, pou p\u00e8m\u00e8t ou gen yon eksperyans p\u00e8sonalize ak sit ent\u00e8n\u00e8t nou an ak p\u00e8m\u00e8t nou ba ou enf\u00f2masyon ou vle a.<\/li>\n<\/ul>\n<p>Ou menm ak l\u00f2t moun kapab tou bay enf\u00f2masyon yo dwe afiche sou z\u00f2n piblik nan sitw\u00e8b la, oswa transm\u00e8t bay l\u00f2t itilizat\u00e8 nan sit w\u00e8b la oswa twazy\u00e8m pati (kolektivman, &quot;Kontribisyon itilizat\u00e8&quot;). Si ou divilge enf\u00f2masyon nan yon Kontribisyon Itilizat\u00e8, enf\u00f2masyon sa a ka w\u00e8, kolekte epi itilize pa l\u00f2t moun.<\/p>\n\n<h3><strong>Otomatik koleksyon enf\u00f2masyon ak swiv<\/strong><\/h3>\n<p>L\u00e8 w gen aks\u00e8 oswa itilize sitw\u00e8b nou an, nou ka itilize teknoloji pou kolekte enf\u00f2masyon otomatikman, tankou:<\/p>\n<ul>\n<li><strong>Itilizasyon Detay.<\/strong>\u00a0L\u00e8 w gen aks\u00e8 a epi s\u00e8vi ak sitw\u00e8b la, nou ka otomatikman kolekte s\u00e8ten detay sou aks\u00e8 w ak itilizasyon sitw\u00e8b la, ki gen ladan done kote w ap vizite sit nou an, kantite tan w ap vizite sit nou an, vize paj la, enf\u00f2masyon klike sou kouran, URL referans, m\u00f2so bwa ak l\u00f2t. done kominikasyon ak resous ou jwenn ak itilize sou oswa atrav\u00e8 Sit w\u00e8b la.<\/li>\n<li><strong>Enf\u00f2masyon sou Apar\u00e8y.<\/strong>\u00a0Nou ka kolekte enf\u00f2masyon sou apar\u00e8y ou an ak koneksyon ent\u00e8n\u00e8t, ki gen ladan idantifikasyon apar\u00e8y inik apar\u00e8y la, adr\u00e8s IP, sist\u00e8m operasyon, kalite navigat\u00e8, ak enf\u00f2masyon rezo.<\/li>\n<\/ul>\n\n<h3><strong>Teknoloji Koleksyon ak Suivi Enf\u00f2masyon<\/strong><\/h3>\n<p>Nou ka asosye av\u00e8k rezo piblisite ak l\u00f2t founis\u00e8 piblisite (&quot;Founis\u00e8 Piblisite&quot;) ki s\u00e8vi piblisite pou nou ak l\u00f2t moun sou platf\u00f2m ki pa afilye. Gen k\u00e8k nan piblisite sa yo ki ka p\u00e8sonalize, sa vle di yo f\u00e8t pou yo enp\u00f2tan pou ou dapre enf\u00f2masyon Founis\u00e8 Piblisite yo kolekte sou fason ou itilize Sit la ak l\u00f2t sit oswa aplikasyon sou tan, tankou enf\u00f2masyon sou relasyon ki genyen ant diferan navigat\u00e8 ak apar\u00e8y yo. Kalite piblisite sa a rele piblisite ki baze sou enter\u00e8.<\/p>\n<p>Nou ka travay tou ak twazy\u00e8m pati ki kolekte done sou itilizasyon sitw\u00e8b la ak l\u00f2t sit oswa aplikasyon sou tan pou rezon ki pa f\u00e8 piblisite. Teknoloji nou itilize pou kolekte enf\u00f2masyon otomatik sou sitw\u00e8b nou an kapab genyen ladan yo:<\/p>\n<ul>\n<li><strong>Bonbon.<\/strong>\u00a0Menm jan ak pif\u00f2 sit ent\u00e8n\u00e8t, 211 Maryland ak founis\u00e8 analytics twazy\u00e8m pati nou yo ka itilize bonbon sou sitw\u00e8b la. Yon bonbon se yon ti fichye ki mete sou apar\u00e8y ou an pou p\u00e8m\u00e8t yon analiz sou itilizasyon sitw\u00e8b ou a. Pou egzanp, bonbon yo ka itilize pou bay kontni p\u00e8sonalize koutim oswa kontwole efikasite Sit w\u00e8b la.<\/li>\n<li><strong>Flash bonbon.<\/strong>\u00a0S\u00e8ten karakteristik nan sitw\u00e8b la ka itilize obj\u00e8 ki estoke lokal yo (oswa bonbon Flash) pou kolekte epi estoke enf\u00f2masyon sou preferans ou ak navigasyon pou ale, soti ak sou sitw\u00e8b la.<\/li>\n<li><strong>Web Beacons ak l\u00f2t teknoloji.<\/strong>\u00a0Nou ka itilize teknoloji ent\u00e8n\u00e8t estanda, tankou baliz ent\u00e8n\u00e8t (ki rele tou gif kl\u00e8, tag piks\u00e8l, ak gif yon s\u00e8l piks\u00e8l) ak l\u00f2t teknoloji ki sanble, pou swiv itilizasyon sitw\u00e8b ou a, konte itilizat\u00e8 ki te vizite s\u00e8ten paj epi verifye. entegrite sist\u00e8m ak s\u00e8v\u00e8.<\/li>\n<li><strong>Google.<\/strong>\u00a0211 Maryland s\u00e8vi ak Google Analytics ak l\u00f2t s\u00e8vis twazy\u00e8m pati pou amelyore p\u00e8f\u00f2mans sit la ak pou analiz ak maketing. Pou plis enf\u00f2masyon sou fason Google Analytics kolekte epi s\u00e8vi ak done l\u00e8 ou itilize sit nou an, vizite\u00a0<a href=\"https:\/\/policies.google.com\/technologies\/partner-sites\" target=\"_blank\" rel=\"noopener\">www.google.com\/policies\/privacy\/partners<\/a>, epi pou patisipe nan Google Analytics, vizite\u00a0<a href=\"https:\/\/tools.google.com\/dlpage\/gaoptout\" target=\"_blank\" rel=\"noopener\">tools.google.com\/dlpage\/gaoptout<\/a>\u00a0Nou ka itilize Google Analytics, yon s\u00e8vis analytics ent\u00e8n\u00e8t ki bay yon twazy\u00e8m pati.<\/li>\n<\/ul>\n<p>Navigat\u00e8 w la ka ofri zouti pou limite itilizasyon bonbon oswa pou efase bonbon, sepandan, si w itilize zouti sa yo, sitw\u00e8b nou an ka pa fonksyone jan sa vle di.<\/p>\n\n<h3><strong>Kijan nou itilize enf\u00f2masyon ou yo<\/strong><\/h3>\n<p>Enf\u00f2masyon sou itilizasyon sitw\u00e8b la ak enf\u00f2masyon nou kolekte otomatikman ede nou amelyore sit ent\u00e8n\u00e8t la epi bay yon eksperyans pi bon ak plis p\u00e8sonalize l\u00e8 nou p\u00e8m\u00e8t nou:<\/p>\n<ul>\n<li>Estime mod\u00e8l itilizasyon nou yo.<\/li>\n<li>Sere enf\u00f2masyon sou preferans ou yo, sa ki p\u00e8m\u00e8t nou Customize Sit w\u00e8b la.<\/li>\n<li>Konpile enf\u00f2masyon sou krim rayisman ak ensidan menm jan an.<\/li>\n<li>Akselere rech\u00e8ch ou yo epi ede w jwenn aks\u00e8 nan enf\u00f2masyon av\u00e8k efikasite.<\/li>\n<li>Rekon\u00e8t ou l\u00e8 ou s\u00e8vi ak sit ent\u00e8n\u00e8t la.<\/li>\n<li>Ede dyagnostike pwobl\u00e8m ak s\u00e8v\u00e8 nou yo ak pou administre sitw\u00e8b la.<\/li>\n<li>Swiv antre, soum\u00e8t, ak estati nan nenp\u00f2t pati ent\u00e8aktif nan sitw\u00e8b la.<\/li>\n<li>Siveye efikasite Sit w\u00e8b la ak mezi total.<\/li>\n<\/ul>\n<p>Nou itilize enf\u00f2masyon ke nou kolekte sou ou oswa ke ou ba nou, ki gen ladan nenp\u00f2t enf\u00f2masyon p\u00e8son\u00e8l, pou:<\/p>\n<ul>\n<li>Bay ou sitw\u00e8b la, ak nenp\u00f2t l\u00f2t enf\u00f2masyon, pwodwi, oswa s\u00e8vis ke ou mande nan men nou.<\/li>\n<li>Bay ou sa ki nan sit w\u00e8b la ak karakteristik ent\u00e8aktif li yo.<\/li>\n<li>Kontakte ou sou krim rayisman ak ensidan menm jan ou rap\u00f2te nou.<\/li>\n<li>P\u00e8m\u00e8t ou travay, konsilte, oswa volont\u00e8 pou nou.<\/li>\n<li>Pwosesis don ou.<\/li>\n<li>Devlope estatistik.<\/li>\n<li>Evalye aplikasyon w oswa enskripsyon w pou w resevwa pwogram ak s\u00e8vis nan men nou.<\/li>\n<li>Ba ou avi sou kont ou oswa enskripsyon an.<\/li>\n<li>Bay ou ak kominikasyon maketing oswa bilten.<\/li>\n<li>Egzekite obligasyon nou yo epi f\u00e8 respekte dwa nou ki soti nan nenp\u00f2t kontra nou antre ant ou menm ak nou.<\/li>\n<li>Enf\u00f2me w l\u00e8 d\u00e8nye nouv\u00e8l sou sitw\u00e8b nou an disponib epi f\u00e8 w konnen chanjman nan nenp\u00f2t s\u00e8vis nou ofri oswa bay.<\/li>\n<li>Pou akonpli objektif ou bay li a. Pou egzanp, si ou ban nou yon adr\u00e8s imel pou itilize yon karakteristik imel nan sitw\u00e8b la.<\/li>\n<li>Pou rezon ent\u00e8n, kote sa neses\u00e8.<\/li>\n<li>Pou respekte lwa ki aplikab yo.<\/li>\n<li>Pou nenp\u00f2t l\u00f2t rezon ak konsantman ou.<\/li>\n<\/ul>\n\n<h3><strong>Divilgasyon Enf\u00f2masyon Ou<\/strong><\/h3>\n<p>Nou ka divilge enf\u00f2masyon total sou itilizat\u00e8 nou yo, ak enf\u00f2masyon ki pa idantifye okenn moun oswa apar\u00e8y, san restriksyon.<\/p>\n<p>Anplis de sa, nou ka divilge enf\u00f2masyon ke nou kolekte, oswa ou bay:<\/p>\n<ul>\n<li>Pou filiales nou yo, afilye, ak ajan yo.<\/li>\n<li>Pou kontrakt\u00e8, founis\u00e8 s\u00e8vis, ak l\u00f2t twazy\u00e8m pati nou itilize pou sip\u00f2te biznis nou an.<\/li>\n<li>Bay Biwo Af\u00e8 Imigrasyon an, lapolis lokal la, oswa l\u00f2t ajans pou rap\u00f2te ensidan ki gen ladan krim rayisman, oubyen bay Biwo Inisyativ Kominot\u00e8 Gouv\u00e8n\u00e8 a, Sant Kow\u00f2dinasyon ak Analiz Maryland (MCAC) oswa antite menm jan an pou pataj done ak sansibilize piblik la.<\/li>\n<li>Pou yon acht\u00e8 oswa yon l\u00f2t sikses\u00e8 nan ka yon fizyon, devestisman, restriktirasyon, re\u00f2ganizasyon, disolisyon, oswa l\u00f2t vann oswa transf\u00e8 nan k\u00e8k oswa tout byen 211 Maryland yo, kit k\u00f2m yon konsyans ap mache oswa k\u00f2m yon pati nan fayit, likidasyon, oswa menm jan an. pwosedi, kote enf\u00f2masyon p\u00e8son\u00e8l ki te kenbe pa 211 Maryland sou itilizat\u00e8 yo nan sit ent\u00e8n\u00e8t nou an se pami byen yo transfere.<\/li>\n<li>Pou konf\u00f2me ak nenp\u00f2t l\u00f2d tribinal, lwa, oswa pwosesis legal, ki gen ladan pou reponn a nenp\u00f2t demann pou koperasyon nan men anf\u00f2sman lalwa, ajans regilasyon oswa l\u00f2t ajans gouv\u00e8nman an, oswa pou etabli oswa aplike oswa aplike kondisyon itilizasyon nou yo oswa dwa nou oswa rem\u00e8d ki soti nan nenp\u00f2t ki. kontra yo te antre nan ant ou menm ak nou, ak l\u00f2t ak\u00f2, ki gen ladan pou b\u00f2dwo ak koleksyon. Nan ka sa yo, nou ka leve oswa renonse nenp\u00f2t objeksyon legal oswa dwa ki disponib pou nou, nan s\u00e8l diskresyon nou an.<\/li>\n<li>Si nou kw\u00e8 divilgasyon neses\u00e8 oswa apwopriye an koneksyon av\u00e8k ef\u00f2 pou mennen ank\u00e8t, anpeche, rap\u00f2te oswa pran l\u00f2t aksyon kons\u00e8nan aktivite ilegal, sisp\u00e8k fwod oswa l\u00f2t move aksyon; pou pwoteje oswa defann dwa, pwopriyete, oswa sekirite 211 Maryland oswa l\u00f2t moun. Sa gen ladann echanj enf\u00f2masyon ak l\u00f2t konpayi ak \u00f2ganizasyon pou rezon pwoteksyon fwod ak rediksyon risk kredi.<\/li>\n<li>Pou rap\u00f2te sisp\u00e8k abi, neglijans, abi sou timoun, krim rayisman oswa ensidan menm jan an.<\/li>\n<li>Pou moun nou divilge l\u00e8 ou bay enf\u00f2masyon yo.<\/li>\n<li>Pou l\u00f2t moun oswa antite av\u00e8k konsantman w oswa jan yo divilge sa nan moman koleksyon an.<\/li>\n<\/ul>\n\n<h3><strong>Chwa w yo<\/strong><\/h3>\n<p>L\u00e8 ou enskri oswa kontakte nou atrav\u00e8 sitw\u00e8b la, ou ka mete kanpe pou resevwa mesaj imel, sof si ou endike ke ou pa vle resevwa im\u00e8l. A nenp\u00f2t ki l\u00e8, ou ka chwazi pou pa resevwa im\u00e8l sa yo ank\u00f2 l\u00e8 w suiv enstriksyon yo jwenn nan im\u00e8l yo, oswa l\u00e8 w voye yon im\u00e8l ba nou ki f\u00e8 demann ou an bay.\u00a0<u>info@211md.org<\/u><\/p>\n<p>Si ou pa vle ke 211 Maryland s\u00e8vi ak enf\u00f2masyon kontak ou pou ankouraje pwogram nou yo oswa s\u00e8vis nou yo, ou ka refize nou bay enf\u00f2masyon l\u00e8 w voye yon l\u00e8t oswa yon im\u00e8l pou nou f\u00e8 demann ou an.<\/p>\n<p>Pou chwa ki gen rap\u00f2 ak aktivite piblisite ak analiz ki baze sou enter\u00e8 yon twazy\u00e8m pati, tanpri gade seksyon &quot;Koleksyon Enf\u00f2masyon ak Teknoloji Suivi&quot; ki pi wo a.<\/p>\n\n<h3><strong>Lyen Twazy\u00e8m Pati<\/strong><\/h3>\n<p>Sit w\u00e8b la ka bay lyen ki mennen nan sitw\u00e8b oswa aplikasyon twazy\u00e8m pati. Nou pa kontwole pratik sou vi prive sitw\u00e8b oswa aplikasyon sa yo, epi yo pa kouvri nan r\u00e8gleman sou enf\u00f2masyon prive sa a. Ou ta dwe revize r\u00e8gleman sou enf\u00f2masyon prive l\u00f2t sitw\u00e8b oswa aplikasyon ou itilize pou aprann sou pratik done yo.<\/p>\n\n<h3><strong>Aks\u00e8 ak korije enf\u00f2masyon p\u00e8son\u00e8l ou<\/strong><\/h3>\n<p>Ou ka rele, im\u00e8l, oswa kontakte nou pou mande aks\u00e8 a, korije, oswa efase enf\u00f2masyon p\u00e8son\u00e8l ou te bay nou. Nan k\u00e8k ka, nou pa ka efase enf\u00f2masyon p\u00e8son\u00e8l ou eksepte l\u00e8 nou efase kont itilizat\u00e8 ou an oswa sispann nenp\u00f2t s\u00e8vis w ap angaje nan kounye a oswa ou resevwa nan men 211 Maryland. Nou ka pa akomode yon demann pou chanje enf\u00f2masyon si nou kw\u00e8 chanjman an ta vyole nenp\u00f2t lwa oswa egzijans legal oswa lak\u00f2z enf\u00f2masyon yo pa k\u00f2r\u00e8k.<\/p>\n\n<h3><strong>Koleksyon Enf\u00f2masyon pou Timoun yo\u00a0<\/strong><\/h3>\n<p>Nou kolekte enf\u00f2masyon s\u00e8lman sou moun ki poko gen 13 an ak konsantman paran yo. Si nou aprann nou kolekte oswa resevwa enf\u00f2masyon p\u00e8son\u00e8l nan men yon timoun ki poko gen 13 lane, nou pral efase enf\u00f2masyon sa yo sou demann paran an.<\/p>\n\n<h3><strong>Chanjman nan R\u00e8gleman sou enf\u00f2masyon prive nou an<\/strong><\/h3>\n<p>Nou ka mete ajou r\u00e8gleman sou enf\u00f2masyon prive nou an de tan zan tan. Nou ankouraje w vizite paj sa a detanzantan pou w konnen nenp\u00f2t mizajou.<\/p>\n\n<h3><strong>Enf\u00f2masyon sou kontak<\/strong><\/h3>\n<p>Pou poze kesyon oswa jwenn plis enf\u00f2masyon sou r\u00e8gleman sou enf\u00f2masyon prive sa a ak pratik konfidansyalite nou yo, tanpri kontakte nou nan:<\/p>\n211 Maryland<br \/>\n9770 Patuxent Woods Drive<br \/>\nSuite 334<br \/>\nColumbia, MD 21046<br \/>\nTelef\u00f2n: 301-970-9888<br \/>\nIm\u00e8l:\u00a0<a href=\"mailto:info@211md.org\">info@211md.org<\/a>\n<p>D\u00e8nye revize 5\/2\/2022<\/p>\n\t<h2><strong>211 Maryland Solitasyon ak R\u00e8gleman pou bay volont\u00e8<\/strong><\/h2>\n<p>Moun ki gen plis repons yo se moun ki gen op\u00f2tinite pou vin enf\u00f2me ak patisipe. Se pout\u00e8t sa, nou ankouraje bay volont\u00e8 nan f\u00e8 fas ak donat\u00e8, anplwaye, volont\u00e8, ak machann.<\/p>\n<p>Nou pral respekte dwa donat\u00e8 yo pou:<\/p>\n<ul>\n<li>Ou dwe enf\u00f2me sou misyon 211 Maryland, ki jan yo pral itilize resous yo e ke donasyon yo itilize efikasman pou objektif yo.<\/li>\n<li>Ou dwe enf\u00f2me sou idantite moun k ap s\u00e8vi nan Kons\u00e8y Administrasyon an epi atann ke Kons\u00e8y Administrasyon an ap egz\u00e8se yon jijman pridan nan responsablite jesyon li yo.<\/li>\n<li>Gen aks\u00e8 a d\u00e8nye rap\u00f2 finansye 211 Maryland yo.<\/li>\n<li>Resevwa rekonesans ak rekonesans apwopriye.<\/li>\n<li>Asire w ke enf\u00f2masyon sou kado yo trete ak resp\u00e8 ak konfidansyalite nan limit lalwa bay.<\/li>\n<li>Atann ke tout relasyon ak moun 211 Maryland anplwaye bay donat\u00e8 a pral pwofesyon\u00e8l nan nati.<\/li>\n<li>Gen op\u00f2tinite pou yo retire non yo nan lis distribisyon yo.<\/li>\n<li>Pa santi w lib pou w poze kesyon l\u00e8 w ap bay yon donasyon epi pou w resevwa repons rapid ak veridik.<\/li>\n<\/ul>\n<p>Donat\u00e8 ki gen enkyetid yo ta dwe kontakte Liy \u00c8d Donat\u00e8 nou an nan: im\u00e8l nan\u00a0<a href=\"mailto:info@211md.org\">info@211md.org<\/a>.<\/p>","protected":false},"excerpt":{"rendered":"<p>Gade t\u00e8m ak kondisyon mesaj t\u00e8ks yo. Anvig\u00e8 apati 29 avril 2022 211 Maryland respekte vi prive w. 211 Maryland gendwa kolekte enf\u00f2masyon nan men itilizat\u00e8 sitw\u00e8b li yo (&quot;Sit Web&quot;). R\u00e8gleman sa a dekri: Kalite enf\u00f2masyon nou ka kolekte oswa ou ka bay atrav\u00e8 sitw\u00e8b la. Pratik nou yo pou kolekte, itilize ak divilge sa...<\/p>","protected":false},"author":8,"featured_media":0,"parent":0,"menu_order":0,"comment_status":"closed","ping_status":"closed","template":"","meta":{"footnotes":""},"class_list":["post-1481","page","type-page","status-publish","hentry"],"_links":{"self":[{"href":"https:\/\/211md.org\/ht\/wp-json\/wp\/v2\/pages\/1481","targetHints":{"allow":["GET"]}}],"collection":[{"href":"https:\/\/211md.org\/ht\/wp-json\/wp\/v2\/pages"}],"about":[{"href":"https:\/\/211md.org\/ht\/wp-json\/wp\/v2\/types\/page"}],"author":[{"embeddable":true,"href":"https:\/\/211md.org\/ht\/wp-json\/wp\/v2\/users\/8"}],"replies":[{"embeddable":true,"href":"https:\/\/211md.org\/ht\/wp-json\/wp\/v2\/comments?post=1481"}],"version-history":[{"count":0,"href":"https:\/\/211md.org\/ht\/wp-json\/wp\/v2\/pages\/1481\/revisions"}],"wp:attachment":[{"href":"https:\/\/211md.org\/ht\/wp-json\/wp\/v2\/media?parent=1481"}],"curies":[{"name":"wp","href":"https:\/\/api.w.org\/{rel}","templated":true}]}}