{"id":1515,"date":"2021-05-04T16:18:58","date_gmt":"2021-05-04T16:18:58","guid":{"rendered":"https:\/\/211md.org\/?page_id=1515"},"modified":"2025-07-11T17:27:14","modified_gmt":"2025-07-11T21:27:14","slug":"politik-enklizyon","status":"publish","type":"page","link":"https:\/\/211md.org\/ht\/inclusion-policy\/","title":{"rendered":"R\u00e8gleman enklizyon"},"content":{"rendered":"<h2>\n\t\t\t211 Baz Done Resous Kominot\u00e8 a\t<\/h2>\n\t<p>R\u00e8gleman Enklizyon\/Esklizyon sa a bay direktiv kons\u00e8nan kalite \u00f2ganizasyon ak s\u00e8vis ki kalifye pou enklizyon nan Baz Done Resous Kominot\u00e8 211 la, ki fonksyone grasa Rezo Enf\u00f2masyon Maryland (MdInfoNet). An ak\u00f2 av\u00e8k <a href=\"https:\/\/www.informusa.org\/standards\" target=\"_blank\" rel=\"noopener\">Enf\u00f2me N\u00f2m Etazini yo<\/a>, r\u00e8gleman sa a dwe aplike inif\u00f2mman e yon fason ki jis. Li pibliye pou tout itilizat\u00e8 yo okouran de dimansyon ak limit any\u00e8 a.<\/p>\n<h3>Kalifye pou enklizyon<\/h3>\n<p>Maryland Information Network, ki se \u00f2ganizasyon san bi likratif ki administre pa leta a pou sist\u00e8m 211 la nan Maryland, s\u00e8vi tout Eta Maryland epi li ch\u00e8che gen ladan l \u00f2ganizasyon ak pwogram s\u00e8vis sante ak sosyal ki bay s\u00e8vis bay rezidan Maryland, k\u00e8lkeswa kote fizik founis\u00e8 s\u00e8vis la ye a.<\/p>\n<p><strong>An jeneral, sa ki annapre yo konsidere k\u00f2m kalifye pou enklizyon:<\/strong><\/p>\n<ul>\n<li>\u00d2ganizasyon san bi likratif ak pou bi likratif, gwoup relijye, klib ak sosyete, koperativ, pratikan endividy\u00e8l, ak ajans ak ofisy\u00e8l gouv\u00e8nmantal k ap bay s\u00e8vis sante, sosyal, edikasyon, bibliyot\u00e8k, travay, legal, lwazi ak l\u00f2t s\u00e8vis imen pou kominote a an jeneral.<\/li>\n<li>\u00d2ganizasyon ki gen yon estati plis enf\u00f2m\u00e8l ki dirije prensipalman pa volont\u00e8, tankou gwoup sip\u00f2 oto-\u00e8d.<\/li>\n<li>Liy ijans gratis, liy dir\u00e8k, liy asistans, zouti lokalizat\u00e8, ak sit ent\u00e8n\u00e8t ki ofri asistans dir\u00e8k oswa ki bay enf\u00f2masyon espesyalize ak rek\u00f2mandasyon pou \u00f2ganizasyon sante ak s\u00e8vis imen.<\/li>\n<li>\u00d2ganizasyon ki defann pwogram ak r\u00e8gleman s\u00e8vis imen, tankou sa yo ki ofri op\u00f2tinite pou moun ak gwoup patisipe nan amelyorasyon kominot\u00e8 oswa pwoj\u00e8 s\u00e8vis, oswa pou yo gen yon vwa nan pwosesis politik la.<\/li>\n<li>\u00d2ganizasyon kom\u00e8syal ak \u00f2ganizasyon ki gen pwofi ki bay s\u00e8vis gratis, sibvansyone, oswa ak yon ech\u00e8l fr\u00e8 glisman, oswa ki ofri s\u00e8vis inik oswa esansy\u00e8l ki pa byen kouvri nan sekt\u00e8 \u00f2ganizasyon ki gen pwofi a.<\/li>\n<li>Lopital, klinik sante, mezon swen p\u00e8son\u00e8l, ak ajans swen lakay ki gen lisans.<\/li>\n<li>S\u00e8vis tanpor\u00e8 ki vin aktif an repons a sikonstans espesyal, tankou dezas natir\u00e8l oswa katastw\u00f2f ki koze pa moun, ansanm ak pwogram sezon ak jou ferye.<\/li>\n<li>\u00d2ganizasyon ki bay pwogram ak s\u00e8vis ki gen rap\u00f2 ak yon patenarya oswa yon kontra Maryland Information Network\/211.<\/li>\n<\/ul>\n<p>Rezo Enf\u00f2masyon Maryland 211 Maryland Inc. pa ent\u00e8di enklizyon okenn pwogram ki vize s\u00e8vis ki baze sou laj, ras, relijyon, s\u00e8ks, oryantasyon seksy\u00e8l, andikap, oswa l\u00f2t karakteristik ki f\u00e8t pou satisf\u00e8 bezwen espesyal popilasyon sib yo si yo ouv\u00e8 pou tout moun ki f\u00e8 pati popilasyon espesifik sa yo.<\/p>\n<h3>Pa kalifye pou enklizyon<\/h3>\n<p><strong>\u00d2ganizasyon ki pa tipikman kalifye pou enklizyon yo enkli, men yo pa limite a:<\/strong><\/p>\n<ul>\n<li>\u00d2ganizasyon ki gen mwens pase yon ane depi y ap opere, sof si y ap s\u00e8vi yon bezwen kritik.<\/li>\n<li>\u00d2ganizasyon ki f\u00e8 diskriminasyon sou baz koul\u00e8, ras, relijyon, s\u00e8ks, oryantasyon seksy\u00e8l, zans\u00e8t, idantite seksy\u00e8l, orijin nasyonal, oswa nenp\u00f2t l\u00f2t kategori pwoteje pa lalwa.<\/li>\n<li>Gwoup relijye, klib sosyal, ak asosyasyon kominot\u00e8 ki ofri s\u00e8vis s\u00e8lman pou manm yo.<\/li>\n<li>\u00d2ganizasyon ki ofri s\u00e8vis ki ilegal anba lwa, \u00f2donans, r\u00e8gleman oswa l\u00f2d Maryland, federal oswa lokal.<\/li>\n<li>\u00d2ganizasyon ki te akize oswa kondane piblikman pou aksyon ki pa nan pi bon enter\u00e8 moun y ap s\u00e8vi yo.<\/li>\n<li>Pratik kom\u00e8syal ak prive nan medsin, travay sosyal, enfimy\u00e8, kons\u00e8y, sikyatri, sikoloji, terapi fizik oswa okipasyon\u00e8l, elatriye ki pa aksepte Medicare, Medicaid, oswa ki pa ofri yon ech\u00e8l fr\u00e8 glisman pou s\u00e8vis peye pou yo rete aksesib pou moun ki gen ti revni.<\/li>\n<li>\u00d2ganizasyon ki bay fo enf\u00f2masyon sou t\u00e8t yo oswa s\u00e8vis yo nan nenp\u00f2t fason.<\/li>\n<\/ul>\n<p>Sist\u00e8m 211 la f\u00e8 ef\u00f2 pou l ofri yon reprezantasyon ekilibre nan resous yo, ki gen ladan sa yo ki soti nan k\u00f2z politik ak gwoup aksyon ki oryante sou pwobl\u00e8m espesifik. Sepandan, si yon \u00f2ganizasyon oswa yon pwogram yo konsidere dapre krit\u00e8 sa yo jije danjere pou kominote a, y ap eskli l.<\/p>\n<p><strong>Kontw\u00f2l Kalite<\/strong><\/p>\n<p>Pou asire li satisf\u00e8 bezwen kominote a k ap chanje, MdInfoNet, ki bay s\u00e8vis 211 yo pouvwa, revize R\u00e8gleman Enklizyon\/Esklizyon an chak ane epi li f\u00e8 revizyon any\u00e8 regilye pou asire tout \u00f2ganizasyon ak s\u00e8vis yo konf\u00f2m.<\/p>\n<p>Pou \u00f2ganizasyon ki nan lis la rete an r\u00e8g epi pou yo pa retire yo nan any\u00e8 a, yo dwe dak\u00f2 pou patisipe nan verifikasyon any\u00e8l enf\u00f2masyon yo epi kenbe mizajou regilye pandan chanjman rive.<\/p>\n<p><strong>Eksklizyon ak Retire<\/strong><\/p>\n<p>MdInfoNet rez\u00e8ve dwa pou refize mete \u00f2ganizasyon ak s\u00e8vis ki pa satisf\u00e8 krit\u00e8 pou enklizyon pou nenp\u00f2t rezon. We211 kapab retire tou yon \u00f2ganizasyon oswa yon s\u00e8vis ki te deja apwouve pou enklizyon si yo pa tonbe anba lis la ank\u00f2, si yo pa verifye enf\u00f2masyon yo l\u00e8 yo resevwa d\u00e8nye avi a, oswa si gen plent grav ki depoze kont yo nan men nenp\u00f2t \u00f2ganizasyon regilasyon, piblik la an jeneral, oswa nan sist\u00e8m 211 la oswa MdInfoNet.<\/p>\n<p><strong>Plent ak Ap\u00e8l<\/strong><\/p>\n<p>MdInfoNet konsidere plent yo k\u00f2m fidbak enp\u00f2tan ki ka amelyore kalite any\u00e8 resous la ak s\u00e8vis ki gen rap\u00f2 ak yo. Ou ka voye plent ak ap\u00e8l kons\u00e8nan enklizyon oswa esklizyon bay <strong>resources@211md.org<\/strong> epi yo pral adrese li jan yo resevwa li.<\/p>\n<p><strong>Av\u00e8tisman adisyon\u00e8l<\/strong><\/p>\n<ul>\n<li>Baz Done Resous Kominot\u00e8 211 la pa f\u00e8t pou bay biznis yo maketing gratis - enklizyon pa vle di yon apwobasyon. Esklizyon pa vle di dezapwobasyon, ni li pa reflete val\u00e8 oswa kontribisyon okenn \u00f2ganizasyon nan kominote a.<\/li>\n<li>Nou pa egzije, resevwa, oswa aksepte peman nan men okenn \u00f2ganizasyon pou nou enskri nan any\u00e8 a.<\/li>\n<li>Yo ka modifye enf\u00f2masyon sou \u00f2ganizasyon an ki soum\u00e8t pou f\u00f2ma, stil, konsizyon oswa kl\u00e8te epi itilize yo pou rezon referans ak piblikasyon.<\/li>\n<\/ul>\n<p><strong>D\u00e8nye Mizajou:<\/strong>\u00a0 Jiy\u00e8 2025<\/p>","protected":false},"excerpt":{"rendered":"<p>Baz Done Resous Kominot\u00e8 211 R\u00e8gleman Enklizyon\/Esklizyon sa a bay direktiv kons\u00e8nan kalite \u00f2ganizasyon ak s\u00e8vis ki kalifye pou enklizyon nan Baz Done Resous Kominot\u00e8 211 la, ki fonksyone grasa Maryland Information Network (MdInfoNet). An ak\u00f2 ak N\u00f2m Inform USA yo, r\u00e8gleman sa a dwe aplike inif\u00f2mman e yon fason jis. Li pibliye pou tout itilizat\u00e8 yo ka...<\/p>","protected":false},"author":8,"featured_media":0,"parent":0,"menu_order":0,"comment_status":"closed","ping_status":"closed","template":"","meta":{"footnotes":""},"class_list":["post-1515","page","type-page","status-publish","hentry"],"_links":{"self":[{"href":"https:\/\/211md.org\/ht\/wp-json\/wp\/v2\/pages\/1515","targetHints":{"allow":["GET"]}}],"collection":[{"href":"https:\/\/211md.org\/ht\/wp-json\/wp\/v2\/pages"}],"about":[{"href":"https:\/\/211md.org\/ht\/wp-json\/wp\/v2\/types\/page"}],"author":[{"embeddable":true,"href":"https:\/\/211md.org\/ht\/wp-json\/wp\/v2\/users\/8"}],"replies":[{"embeddable":true,"href":"https:\/\/211md.org\/ht\/wp-json\/wp\/v2\/comments?post=1515"}],"version-history":[{"count":2,"href":"https:\/\/211md.org\/ht\/wp-json\/wp\/v2\/pages\/1515\/revisions"}],"predecessor-version":[{"id":4914,"href":"https:\/\/211md.org\/ht\/wp-json\/wp\/v2\/pages\/1515\/revisions\/4914"}],"wp:attachment":[{"href":"https:\/\/211md.org\/ht\/wp-json\/wp\/v2\/media?parent=1515"}],"curies":[{"name":"wp","href":"https:\/\/api.w.org\/{rel}","templated":true}]}}