{"id":1683,"date":"2021-05-12T00:20:30","date_gmt":"2021-05-12T00:20:30","guid":{"rendered":"https:\/\/211md.org\/?page_id=1683"},"modified":"2026-02-04T09:37:03","modified_gmt":"2026-02-04T14:37:03","slug":"garrett-konte","status":"publish","type":"page","link":"https:\/\/211md.org\/ht\/resources-by-county\/garrett-county\/","title":{"rendered":"Garrett County Community Resources"},"content":{"rendered":"<figure data-animation-delay=\"0\" data-animation-duration=\"1\" itemscope=\"\" itemtype=\"https:\/\/schema.org\/ImageObject\">\n\t\t\t\t<img decoding=\"async\" src=\"https:\/\/stg-maryland211-staging.kinsta.cloud\/wp-content\/uploads\/2025\/08\/5-1-scaled.png\" alt=\"5\" height=\"692\" width=\"2560\" title=\"5\" onerror=\"this.style.display='none'\" loading=\"lazy\">\n\t<\/figure>\n\t\t<p>211 Maryland tande moun ki abite nan Garrett konte ki bezwen \u00e8d pou peye b\u00f2dwo s\u00e8vis piblik yo, jwenn founis\u00e8 sante mantal, jwenn aks\u00e8 nan gadmanje manje, jwenn abri ak konpanse depans lojman.<\/p>\n<p>You can enter any of those keywords, or another one, in the 211 Community Resource database.<\/p>\n\t\t\t<a href=\"https:\/\/search.211md.org\/\" target=\"_blank\" rel=\"noopener\">\n\t\t\t\t\t\tsearch for resources\n\t\t\t\t\t<\/a>\n<figure data-animation-delay=\"0\" data-animation-duration=\"1\" itemscope=\"\" itemtype=\"https:\/\/schema.org\/ImageObject\">\n\t\t\t\t<img decoding=\"async\" src=\"https:\/\/211md.org\/wp-content\/plugins\/bb-plugin\/img\/pixel.png\" alt=\"\" onerror=\"this.style.display='none'\" loading=\"lazy\">\n\t<\/figure>\n<figure data-animation-delay=\"0\" data-animation-duration=\"1.3\" itemscope=\"\" itemtype=\"https:\/\/schema.org\/ImageObject\">\n\t\t\t\t<img decoding=\"async\" src=\"https:\/\/stg-maryland211-staging.kinsta.cloud\/wp-content\/uploads\/2025\/08\/16.png\" alt=\"16\" height=\"1000\" width=\"1000\" title=\"16\" onerror=\"this.style.display='none'\" loading=\"lazy\">\n\t<\/figure>\n<figure data-animation-delay=\"0\" data-animation-duration=\"1\" itemscope=\"\" itemtype=\"https:\/\/schema.org\/ImageObject\">\n\t\t\t\t<img decoding=\"async\" src=\"http:\/\/211md.org\/wp-content\/uploads\/2025\/10\/Family-Talking-Outside-of-House.jpg\" alt=\"Family talking outside of home\" title=\"Fanmi k ap pale dey\u00f2 kay la\" onerror=\"this.style.display='none'\" loading=\"lazy\">\n\t<\/figure>\n\t\t<h2>\u00c8d Finansye Ak Lwaye Oswa Yon B\u00f2dwo chofaj<\/h2>\n\t\t<p>211 refers many people to the Garrett County Department of Social Services (DSS) in Oakland, Maryland.<\/p>\n<p>Their Emergency Assistance for Families &amp; Children (EAFC) program provides emergency cash to help families avoid eviction. The funds also help address emergency fuel\/heating shortages.<\/p>\n<p>The funds are available every 24 months, and there must be a child under 21 living in the household. You&#8217;ll also need to show proof that you can maintain ongoing rent and utility bills.<\/p>\n\t\t\t<a href=\"https:\/\/garrettcac.org\/index.php\/rental-services\/energy-assistance\" target=\"_blank\" rel=\"noopener\">\n\t\t\t\t\t\tContact Garrett County DSS\n\t\t\t\t\t<\/a>\n\t\t<h3>State Energy Assistance Grants&nbsp;<\/h3>\n\t\t<p>There are also Maryland Energy Assistance grants available from the Office of Home Energy Programs. <a href=\"https:\/\/211md.org\/ht\/resous-yo\/asistans-sevis-piblik\/\">211&#8217;s guide to utility assistance<\/a> makes it easy to navigate the application, so your request for utility assistance doesn&#8217;t get delayed.<\/p>\n<p>Si w bezwen plis \u00e8d ak aplikasyon pou sibvansyon s\u00e8vis piblik, la&nbsp;<a href=\"https:\/\/garrettcac.org\/index.php\/rental-services\/energy-assistance\" target=\"_blank\" rel=\"noopener\">Komite Aksyon Kominot\u00e8 Garrett County<\/a>&nbsp;ofri asistans. Evite tan tann lontan ak yon randevou.<\/p>\n\t\t\t<a href=\"https:\/\/211md.org\/ht\/resous-yo\/asistans-sevis-piblik\/\" target=\"_self\">\n\t\t\t\t\t\t\t211&#8217;s Guide to Energy Assistance\n\t\t\t\t\t<\/a>\n\t\t<h3>\u00c8d Ijans <\/h3>\n\t\t<p>\u00c8ske w te vin jwenn l\u00f2t ajans pou w jwenn \u00e8d men w poko jwenn resous ou bezwen yo?<\/p>\n<p>Pou plis pase 40 ane, la&nbsp;<a href=\"http:\/\/www.houseofhopegc.org\/\" target=\"_blank\" rel=\"noopener\">House of Hope nan Oakland<\/a>&nbsp;te ofri \u00e8d ijans kout t\u00e8m bay moun ki pa ka jwenn \u00e8d nenp\u00f2t l\u00f2t kote. Objektif la se s\u00e8vi k\u00f2m yon privye sekirite pou asire ke p\u00e8sonn pa tonbe nan fant yo.<\/p>\n<p>The House of Hope is a nonprofit &#8220;network of concern&#8221; whose members assist with unmet critical emergency needs in Garrett County. That includes:<\/p>\n<ul>\n<li>manje<\/li>\n<li>heating oil<\/li>\n<li>emergency housing<\/li>\n<\/ul>\n<p>The nonprofit has four free emergency food pantries in Hoyes, Grantsville, Deer Park and Oakland.<\/p>\n\t\t\t<a href=\"http:\/\/www.houseofhopegc.org\/\" target=\"_blank\" rel=\"noopener\">\n\t\t\t\t\t\tContact House of Hope\n\t\t\t\t\t<\/a>\n\t<h2>Find Help in A Neighboring County<\/h2>\n<p>Help may also be available in nearby counties. Some organizations provide help to the neighboring areas. Find the top resources in <a href=\"https:\/\/211md.org\/ht\/resous-pa-konte\/konte-allegany\/\">Konte Allegany<\/a>.<\/p>\n<figure itemscope=\"\" itemtype=\"https:\/\/schema.org\/ImageObject\">\n\t\t\t\t<img decoding=\"async\" src=\"https:\/\/211md.org\/wp-content\/plugins\/bb-plugin\/img\/pixel.png\" alt=\"\" onerror=\"this.style.display='none'\" loading=\"lazy\">\n\t<\/figure>\n\t\t<figure itemscope=\"\" itemtype=\"https:\/\/schema.org\/ImageObject\">\n\t\t\t\t<img decoding=\"async\" src=\"https:\/\/211md.org\/wp-content\/uploads\/bb-plugin\/cache\/Call-center-specialst-circle-4e9ecd7b3425be4576416abc911049bb-.jpg\" alt=\"Espesyalis nan sant ap\u00e8l\" title=\"Espesyalis nan sant ap\u00e8l\" onerror=\"this.style.display='none'\" loading=\"lazy\">\n\t<\/figure>\n<h2>Rele 211<\/h2><p>Pale ak yon moun ki gen sousi pou ou epi ki gen konpasyon 24 sou 24, 7 jou sou 7. Yo kapab tou mete ou an kontak ak resous.&nbsp;<\/p>\n\t\t\t<a href=\"tel:%20+211\" target=\"_blank\" rel=\"noopener\">\n\t\t\t\t\t\tRele 211 (mobil)\n\t\t\t\t\t<\/a>\n\t\t<h4><a href=\"\/ht\/resous-yo\/aje-andikap\/?utm_source=Home&amp;utm_medium=Referral&amp;utm_campaign=211Resources&amp;utm_content=Aging\" target=\"_self\">Aje ak Andikap<\/a><\/h4><figure itemscope=\"\" itemtype=\"https:\/\/schema.org\/ImageObject\">\n\t\t\t\t<a href=\"\/ht\/resous-yo\/aje-andikap\/?utm_source=Home&amp;utm_medium=Referral&amp;utm_campaign=211Resources&amp;utm_content=Aging\" target=\"_self\" itemprop=\"url\">\n\t\t\t\t<img decoding=\"async\" src=\"https:\/\/211md.org\/wp-content\/uploads\/bb-plugin\/cache\/2025_MdInfoNet_Icon-Sets_Aging-disability-square-c466727102cae71e5f27b8539bb51945-.png\" alt=\"\" onerror=\"this.style.display='none'\" loading=\"lazy\">\n\t\t\t\t<\/a>\n\t<\/figure>\n\t\t<h4><a href=\"\/ht\/resous-yo\/timoun-fanmi-yo\/?utm_source=Home&amp;utm_medium=Referral&amp;utm_campaign=211Resources&amp;utm_content=Children\" target=\"_self\">Timoun ak Fanmi<\/a><\/h4><figure itemscope=\"\" itemtype=\"https:\/\/schema.org\/ImageObject\">\n\t\t\t\t<a href=\"\/ht\/resous-yo\/timoun-fanmi-yo\/?utm_source=Home&amp;utm_medium=Referral&amp;utm_campaign=211Resources&amp;utm_content=Children\" target=\"_self\" itemprop=\"url\">\n\t\t\t\t<img decoding=\"async\" src=\"https:\/\/211md.org\/wp-content\/uploads\/bb-plugin\/cache\/2025_211_Icon-Sets_Child-care-square-f3b0d4edab3dcc467fadb5f55f4064c6-.png\" alt=\"parent and child icon for child care\" height=\"417\" width=\"417\" title=\"2025_211_Ansanm Ik\u00f2n_Swen Timoun\" onerror=\"this.style.display='none'\" loading=\"lazy\">\n\t\t\t\t<\/a>\n\t<\/figure>\n\t\t<h4><a href=\"\/ht\/resous-yo\/vyolans-familyal-domestik\/?utm_source=Home&amp;utm_medium=Referral&amp;utm_campaign=211Resources&amp;utm_content=Domestic\" target=\"_self\">Vyolans domestik<\/a><\/h4><figure itemscope=\"\" itemtype=\"https:\/\/schema.org\/ImageObject\">\n\t\t\t\t<a href=\"\/ht\/resous-yo\/vyolans-familyal-domestik\/?utm_source=Home&amp;utm_medium=Referral&amp;utm_campaign=211Resources&amp;utm_content=Domestic\" target=\"_self\" itemprop=\"url\">\n\t\t\t\t<img decoding=\"async\" src=\"https:\/\/211md.org\/wp-content\/uploads\/bb-plugin\/cache\/2025_211_Icon-Sets_Domestic-Violence-square-7b597694a6f05fe90cdc376aa573bc63-.png\" alt=\"House with a heart in the middle icon\" height=\"417\" width=\"417\" title=\"2025_211_Ansanm Ik\u00f2n_Vyolans Domestik\" onerror=\"this.style.display='none'\" loading=\"lazy\">\n\t\t\t\t<\/a>\n\t<\/figure>\n\t\t<h4><a href=\"\/ht\/resous-yo\/rechech-travay\/?utm_source=Home&amp;utm_medium=Referral&amp;utm_campaign=211Resources&amp;utm_content=Employment\" target=\"_self\">Travay<\/a><\/h4><figure itemscope=\"\" itemtype=\"https:\/\/schema.org\/ImageObject\">\n\t\t\t\t<a href=\"\/ht\/resous-yo\/rechech-travay\/?utm_source=Home&amp;utm_medium=Referral&amp;utm_campaign=211Resources&amp;utm_content=Employment\" target=\"_self\" itemprop=\"url\">\n\t\t\t\t<img decoding=\"async\" src=\"https:\/\/211md.org\/wp-content\/uploads\/bb-plugin\/cache\/2025_MdInfoNet_Icon-Sets_Employment-square-44707bd410e4df10a470bf130ebcea86-.png\" alt=\"\" onerror=\"this.style.display='none'\" loading=\"lazy\">\n\t\t\t\t<\/a>\n\t<\/figure>\n\t\t<h4><a href=\"\/ht\/resous-yo\/swen-sante\/?utm_source=Home&amp;utm_medium=Referral&amp;utm_campaign=211Resources&amp;utm_content=Health%20Care\" target=\"_self\">Swen Sante<\/a><\/h4><figure itemscope=\"\" itemtype=\"https:\/\/schema.org\/ImageObject\">\n\t\t\t\t<a href=\"\/ht\/resous-yo\/swen-sante\/?utm_source=Home&amp;utm_medium=Referral&amp;utm_campaign=211Resources&amp;utm_content=Health%20Care\" target=\"_self\" itemprop=\"url\">\n\t\t\t\t<img decoding=\"async\" src=\"https:\/\/211md.org\/wp-content\/uploads\/bb-plugin\/cache\/2025_MdInfoNet_Icon-Sets_Health-Care-square-dee98a0060cbe0e7f27eda253fc12679-.png\" alt=\"\" onerror=\"this.style.display='none'\" loading=\"lazy\">\n\t\t\t\t<\/a>\n\t<\/figure>\n\t\t<h4><a href=\"\/ht\/resous-yo\/timoun-fanmi-yo\/swen-fanmi\/?utm_source=Home&amp;utm_medium=Referral&amp;utm_campaign=211Resources&amp;utm_content=Kinship\" target=\"_self\">Parente<\/a><\/h4><figure itemscope=\"\" itemtype=\"https:\/\/schema.org\/ImageObject\">\n\t\t\t\t<a href=\"\/ht\/resous-yo\/timoun-fanmi-yo\/swen-fanmi\/?utm_source=Home&amp;utm_medium=Referral&amp;utm_campaign=211Resources&amp;utm_content=Kinship\" target=\"_self\" itemprop=\"url\">\n\t\t\t\t<img decoding=\"async\" src=\"https:\/\/211md.org\/wp-content\/uploads\/bb-plugin\/cache\/2025_211_Icon-Sets_Kinship-square-45bdf872866f5735f842c32071109267-.png\" alt=\"Ik\u00f2n fanmi\" height=\"417\" width=\"417\" title=\"2025_211_Ansanm Ik\u00f2n_Fanmitay\" onerror=\"this.style.display='none'\" loading=\"lazy\">\n\t\t\t\t<\/a>\n\t<\/figure>\n\t\t<h4><a href=\"\/ht\/resous-yo\/sevis-legal-yo\/?utm_source=Home&amp;utm_medium=Referral&amp;utm_campaign=211Resources&amp;utm_content=Legal\" target=\"_self\">S\u00e8vis Legal<\/a><\/h4><figure itemscope=\"\" itemtype=\"https:\/\/schema.org\/ImageObject\">\n\t\t\t\t<a href=\"\/ht\/resous-yo\/sevis-legal-yo\/?utm_source=Home&amp;utm_medium=Referral&amp;utm_campaign=211Resources&amp;utm_content=Legal\" target=\"_self\" itemprop=\"url\">\n\t\t\t\t<img decoding=\"async\" src=\"https:\/\/211md.org\/wp-content\/uploads\/bb-plugin\/cache\/2025_MdInfoNet_Icon-Sets_Legal-square-18fdf438feb8435588174d9046463257-.png\" alt=\"\" onerror=\"this.style.display='none'\" loading=\"lazy\">\n\t\t\t\t<\/a>\n\t<\/figure>\n\t\t<h4><a href=\"\/ht\/resous-yo\/sante-mantal\/?utm_source=Home&amp;utm_medium=Referral&amp;utm_campaign=211Resources&amp;utm_content=Mental\" target=\"_self\">Sante mantal<\/a><\/h4><figure itemscope=\"\" itemtype=\"https:\/\/schema.org\/ImageObject\">\n\t\t\t\t<a href=\"\/ht\/resous-yo\/sante-mantal\/?utm_source=Home&amp;utm_medium=Referral&amp;utm_campaign=211Resources&amp;utm_content=Mental\" target=\"_self\" itemprop=\"url\">\n\t\t\t\t<img decoding=\"async\" src=\"https:\/\/211md.org\/wp-content\/uploads\/bb-plugin\/cache\/2025_MdInfoNet_Icon-Sets_Mental-Health-square-c59b38c4a993a947d4c9280fbe2d2fee-.png\" alt=\"\" onerror=\"this.style.display='none'\" loading=\"lazy\">\n\t\t\t\t<\/a>\n\t<\/figure>\n\t\t<h4><a href=\"\/ht\/resous-yo\/mdreentry\/?utm_source=Home&amp;utm_medium=Referral&amp;utm_campaign=211Resources&amp;utm_content=Reentry\" target=\"_self\">Reantre<\/a><\/h4><figure itemscope=\"\" itemtype=\"https:\/\/schema.org\/ImageObject\">\n\t\t\t\t<a href=\"\/ht\/resous-yo\/mdreentry\/?utm_source=Home&amp;utm_medium=Referral&amp;utm_campaign=211Resources&amp;utm_content=Reentry\" target=\"_self\" itemprop=\"url\">\n\t\t\t\t<img decoding=\"async\" src=\"https:\/\/211md.org\/wp-content\/uploads\/bb-plugin\/cache\/2025_211_Icon-Sets_Reentry-square-8676fea38abd920a832f45642fe31cca-.png\" alt=\"Ik\u00f2n Reantre\" height=\"417\" width=\"417\" title=\"2025_211_Ansanm Ik\u00f2n_Reantre\" onerror=\"this.style.display='none'\" loading=\"lazy\">\n\t\t\t\t<\/a>\n\t<\/figure>\n\t\t<h4><a href=\"\/ht\/resous-yo\/itilizasyon-sibstans\/?utm_source=Home&amp;utm_medium=Referral&amp;utm_campaign=211Resources&amp;utm_content=Substance\" target=\"_self\">Itilizasyon sibstans<\/a><\/h4><figure itemscope=\"\" itemtype=\"https:\/\/schema.org\/ImageObject\">\n\t\t\t\t<a href=\"\/ht\/resous-yo\/itilizasyon-sibstans\/?utm_source=Home&amp;utm_medium=Referral&amp;utm_campaign=211Resources&amp;utm_content=Substance\" target=\"_self\" itemprop=\"url\">\n\t\t\t\t<img decoding=\"async\" src=\"https:\/\/211md.org\/wp-content\/uploads\/bb-plugin\/cache\/2025_MdInfoNet_Icon-Sets_Substance-Abuse-square-4f414f085e657267739c181957754f48-.png\" alt=\"Pills for substance Use icon\" title=\"2025_MdInfoNet_Icon-Sets_Substance-Abuse\" onerror=\"this.style.display='none'\" loading=\"lazy\">\n\t\t\t\t<\/a>\n\t<\/figure>\n\t\t<h4><a href=\"\/ht\/resous-yo\/sevis-taks\/\" target=\"_self\">Enpo<\/a><\/h4><figure itemscope=\"\" itemtype=\"https:\/\/schema.org\/ImageObject\">\n\t\t\t\t<a href=\"\/ht\/resous-yo\/sevis-taks\/\" target=\"_self\" itemprop=\"url\">\n\t\t\t\t<img decoding=\"async\" src=\"https:\/\/211md.org\/wp-content\/uploads\/bb-plugin\/cache\/2025_MdInfoNet_Icon-Sets_Taxes-square-e2aa520919327b1fa037ee92d1164ad1-.png\" alt=\"Piece of paper for blue tax icon\" height=\"417\" width=\"417\" title=\"2025_MdInfoNet_Icon-Sets_Taxes\" onerror=\"this.style.display='none'\" loading=\"lazy\">\n\t\t\t\t<\/a>\n\t<\/figure>\n\t\t<h4><a href=\"\/ht\/resous-yo\/veteran-yo\/?utm_source=Home&amp;utm_medium=Referral&amp;utm_campaign=211Resources&amp;utm_content=Veterans\" target=\"_self\">Veteran yo<\/a><\/h4><figure itemscope=\"\" itemtype=\"https:\/\/schema.org\/ImageObject\">\n\t\t\t\t<a href=\"\/ht\/resous-yo\/veteran-yo\/?utm_source=Home&amp;utm_medium=Referral&amp;utm_campaign=211Resources&amp;utm_content=Veterans\" target=\"_self\" itemprop=\"url\">\n\t\t\t\t<img decoding=\"async\" src=\"https:\/\/211md.org\/wp-content\/uploads\/bb-plugin\/cache\/2025_MdInfoNet_Icon-Sets_Rating-square-6e60d00cce4faa8e0a6d4ad7366aa733-.png\" alt=\"\" onerror=\"this.style.display='none'\" loading=\"lazy\">\n\t\t\t\t<\/a>\n\t<\/figure>","protected":false},"excerpt":{"rendered":"<p>211 Maryland hears from residents in Garrett county who need help paying utility bills, finding mental health providers, accessing food pantries, finding shelter and offsetting housing expenses. You can enter any of those keywords, or another one, in the 211 Community Resource database. search for resources Financial Help With Rent Or A Heating Bill 211&hellip;<\/p>","protected":false},"author":8,"featured_media":34325,"parent":750,"menu_order":0,"comment_status":"closed","ping_status":"closed","template":"","meta":{"footnotes":""},"class_list":["post-1683","page","type-page","status-publish","has-post-thumbnail","hentry"],"_links":{"self":[{"href":"https:\/\/211md.org\/ht\/wp-json\/wp\/v2\/pages\/1683","targetHints":{"allow":["GET"]}}],"collection":[{"href":"https:\/\/211md.org\/ht\/wp-json\/wp\/v2\/pages"}],"about":[{"href":"https:\/\/211md.org\/ht\/wp-json\/wp\/v2\/types\/page"}],"author":[{"embeddable":true,"href":"https:\/\/211md.org\/ht\/wp-json\/wp\/v2\/users\/8"}],"replies":[{"embeddable":true,"href":"https:\/\/211md.org\/ht\/wp-json\/wp\/v2\/comments?post=1683"}],"version-history":[{"count":3,"href":"https:\/\/211md.org\/ht\/wp-json\/wp\/v2\/pages\/1683\/revisions"}],"predecessor-version":[{"id":34081,"href":"https:\/\/211md.org\/ht\/wp-json\/wp\/v2\/pages\/1683\/revisions\/34081"}],"up":[{"embeddable":true,"href":"https:\/\/211md.org\/ht\/wp-json\/wp\/v2\/pages\/750"}],"wp:featuredmedia":[{"embeddable":true,"href":"https:\/\/211md.org\/ht\/wp-json\/wp\/v2\/media\/34325"}],"wp:attachment":[{"href":"https:\/\/211md.org\/ht\/wp-json\/wp\/v2\/media?parent=1683"}],"curies":[{"name":"wp","href":"https:\/\/api.w.org\/{rel}","templated":true}]}}