{"id":1684,"date":"2021-05-12T00:22:30","date_gmt":"2021-05-12T00:22:30","guid":{"rendered":"https:\/\/211md.org\/?page_id=1684"},"modified":"2025-10-29T07:02:09","modified_gmt":"2025-10-29T11:02:09","slug":"worcester-konte","status":"publish","type":"page","link":"https:\/\/211md.org\/ht\/resources-by-county\/worcester-county\/","title":{"rendered":"Jwenn \u00e8d nan Worcester County"},"content":{"rendered":"<p>\u00c8ske w ap ch\u00e8che \u00e8d nan Ocean City, Berlin, Ocean Pines, Sinepuxent, Newark, Whiteburg, Newark, Pocomoke City oswa yon l\u00f2t kominote Worcester County? Konekte ak sip\u00f2 kominot\u00e8 l\u00e8 w ch\u00e8che baz done 211 la oswa rele epi pale ak yon moun ki pran swen ak konpasyon ki ka idantifye bezwen w yo epi konekte w ak sip\u00f2 kominote a.<\/p>\n\t\t<h2>\t\n\tRele 211<\/h2><p>Moun k ap viv nan Konte Worcester, rele 211 si w bezwen \u00e8d pou jwenn manje, asistans pou s\u00e8vis piblik, oswa l\u00f2t \u00e8d finansye. N ap mete w an kontak ak resous kominot\u00e8 ki ka ede w. 211 disponib l\u00e8 w pi bezwen \u00e8d la. Rele 24\/7\/365.<\/p>\n<p>&nbsp;<\/p>\n\t\t\t\t<img decoding=\"async\" src=\"http:\/\/211md.org\/wp-content\/uploads\/2022\/09\/Woman-holding-utility-bill-and-needing-help-paying-it.jpg\" alt=\"Fanm ki kenbe b\u00f2dwo s\u00e8vis piblik ak ajoute depans yo\" itemprop=\"image\" title=\"Fanm-kenbe-b\u00f2dwo s\u00e8vis piblik-ak-bezwen-\u00e8d-peye-li\" onerror=\"this.style.display='none'\" loading=\"lazy\" \/>\n\t\t\t\t<img decoding=\"async\" src=\"https:\/\/211md.org\/wp-content\/plugins\/bb-plugin\/img\/pixel.png\" alt=\"\" itemprop=\"image\" onerror=\"this.style.display='none'\" loading=\"lazy\" \/>\n\t<h2>Asistans s\u00e8vis piblik<\/h2>\n<p>Si w bezwen \u00e8d pou peye b\u00f2dwo s\u00e8vis piblik ou a, kontakte <a href=\"https:\/\/search.211md.org\/search\/c4973704d435d8a3a48d69c75180c661\" target=\"_blank\" rel=\"noopener\">SHORE UP! Konte Worcester<\/a>. \u00d2ganizasyon an ka ede w aplike pou asistans en\u00e8ji nan men eta a. <\/p>\n<p>Gen plizy\u00e8 pwogram ki ka ede av\u00e8k b\u00f2dwo s\u00e8vis piblik yo, tankou:<\/p>\n<ul>\n<li>Chofaj kay - Maryland Energy Assistance Program (MEAP)<\/li>\n<li>Prevansyon f\u00e8b revni pandan sezon chofaj la - Pwogram Pwoteksyon S\u00e8vis Itilite (USPP)<\/li>\n<li>Elektrisite - Pwogram S\u00e8vis Iniv\u00e8s\u00e8l Elektrik (EUSP)<\/li>\n<li>B\u00f2dwo ki anrap\u00f2 yo \u2013 Asistans pou pran retr\u00e8t arri\u00e9r\u00e9s<\/li>\n<\/ul>\n<p>211 bay detay tou sou kalifikasyon yo ak bon fason pou ranpli f\u00f2m yo pou aplikasyon w lan pa pran reta. <a href=\"https:\/\/211md.org\/ht\/resous-yo\/asistans-sevis-piblik\/\" target=\"_blank\" rel=\"noopener\">Aprann plis sou pwogram asistans s\u00e8vis piblik yo<\/a>.<\/p>\n<p>Ou ka depoze aplikasyon yo nan SHORE UP! nan Newark, Maryland, oswa nan lokal ki nan konte ki tou pre yo, tankou Salisbury nan Konte Wicomico ak Princess Anne nan Konte Somerset. <a href=\"https:\/\/shoreup.org\/housing\/energy-assistance\/\" target=\"_blank\" rel=\"noopener\">Jwenn yon kote toupre ou<\/a>.<\/p>\n<p>Ou dwe reaplike chak ane fiskal, ki soti nan Jiy\u00e8 rive nan Jen.<\/p>\n<h3>Amelyorasyon kay efikas en\u00e8ji<\/h3>\n<p>Shore UP! ka ede tou <a href=\"https:\/\/shoreup.org\/housing\/energy-efficiency-improvement\/\" target=\"_blank\" rel=\"noopener\">refere<\/a> pwopriyet\u00e8 kay ki elijib ki gen revni ba-a-modere pou pwogram amelyorasyon kay ki gen efikasite en\u00e8ji atrav\u00e8 Depatman Lojman ak Devlopman Kominot\u00e8 Maryland.<\/p>\n<p>Amelyorasyon sa yo ka diminye itilizasyon en\u00e8ji, p\u00e8t ak efikasite.<\/p>\n\t<h2><strong>\u00c8d finansye ijans<\/strong> <\/h2>\n<p>\u00c8d finansye ijans ki disponib nan Worcester County soti nan <a href=\"https:\/\/worcestergold.org\/\" target=\"_blank\" rel=\"noopener\">Bay l\u00f2t lavi diyite (GOLD)<\/a> \u00f2ganizasyon san bi likratif. Sepandan, ou dwe jwenn aks\u00e8 a sip\u00f2 sa a atrav\u00e8 211 oubyen yon patn\u00e8 kominot\u00e8 paske pwogram GOLD la pa ouv\u00e8 pou piblik la.<\/p>\n<p>Pwogram ki disponib yo enkli:<\/p>\n<ul>\n<li>prevansyon deg\u00e8pisman<\/li>\n<li>premye mwa lwaye pou moun ki pa gen abri p\u00e8manan k ap deplase nan lojman alont\u00e8m.<\/li>\n<li>asistans s\u00e8vis piblik<\/li>\n<li>bezwen swen sante ijans<\/li>\n<li>manje<\/li>\n<li>atik nan kay la<\/li>\n<li>rad<\/li>\n<li>\u00e8d travay ijans (minit telef\u00f2n, rad\/ekipman, fr\u00e8 lisans)<\/li>\n<\/ul>\n<p>Si w bezwen \u00e8d ak youn nan bezwen esansy\u00e8l sa yo, konekte av\u00e8k 2-1-1 oswa yon patn\u00e8 kominot\u00e8 Worcester County.<\/p>\n<p>&nbsp;<\/p>\n<h2>S\u00e8vis Sosyal Konte Worcester<\/h2>\n<p>Kontakte la <a href=\"https:\/\/dhs.maryland.gov\/local-offices\/worcester-county\/\" target=\"_blank\" rel=\"noopener\">Depatman S\u00e8vis Sosyal Konte Worcester<\/a> si w bezwen \u00e8d pou aplike pou benefis gouv\u00e8nman an tankou koupon pou manje oswa SNAP, bousdetid pou gadri a oswa yon l\u00f2t pwogram<\/p>\n<h2><b><br \/>\n\u00c8d Legal<\/b><\/h2>\n<p>Si ou gen yon pwobl\u00e8m legal, epi ou pa reprezante epi ou bezwen \u00e8d, ou ka kalifye pou S\u00e8vis pou Fanmi yo <a href=\"https:\/\/mdcourts.gov\/circuit\/worcester\/family#prose\" target=\"_blank\" rel=\"noopener\">Pro<\/a><a href=\"https:\/\/mdcourts.gov\/circuit\/worcester\/family#prose\" target=\"_blank\" rel=\"noopener\"> Se<\/a><a href=\"https:\/\/mdcourts.gov\/circuit\/worcester\/family#prose\" target=\"_blank\" rel=\"noopener\"> Asistan<\/a><a href=\"https:\/\/mdcourts.gov\/circuit\/worcester\/family#prose\" target=\"_blank\" rel=\"noopener\">ce<\/a><a href=\"https:\/\/mdcourts.gov\/circuit\/worcester\/family#prose\" target=\"_blank\" rel=\"noopener\"> Klinik<\/a>.<\/p>\n<p>Pwoj\u00e8 Lwa Fanmi Pro Se bay \u00e8d legal ak kons\u00e8y, kidonk li pi fasil pou ranpli f\u00f2m pou pw\u00f2p t\u00e8t ou-reprezantasyon nan div\u00f2s, vyolans domestik, gad, chanjman non, vizit ak modifikasyon sip\u00f2 timoun. Rele 410-632-5638.<\/p>\n<p><a href=\"https:\/\/www.mdlab.org\/contact-us\/\" target=\"_blank\" rel=\"noopener\">\u00c8d Legal<\/a> Li ofri \u00e8d tou ak pwobl\u00e8m legal sivil, tankou lojman, dwa fanmi, travay, benefis piblik ak pwobl\u00e8m konsomat\u00e8\/finansye. Biwo Salisbury a s\u00e8vi Lower Eastern Shore, ki gen ladan konte Worcester.<\/p>\n<p>&nbsp;<\/p>\n<h3><b>Ch\u00e8che \u00e8d pa kategori\u00a0<\/b><\/h3>\n<p>Ou ka jwenn tou resous pou l\u00f2t bezwen esansy\u00e8l l\u00e8 w chwazi yon kategori ki anba a. <\/p>\n<p>Ou kapab rele 211 tou nenp\u00f2t ki l\u00e8 nan jounen an pou yon Espesyalis Enf\u00f2masyon ak Referans mete w an kontak ak pi bon resous nan Konte Worcester ak z\u00f2n ki antoure a.<\/p>\n\t\t<h4><a href=\"\/ht\/resous-yo\/aje-andikap\/?utm_source=Home&#038;utm_medium=Referral&#038;utm_campaign=211Resources&#038;utm_content=Aging\" target=\"_self\">Aje ak Andikap<\/a><\/h4>\n\t\t\t\t<a href=\"\/ht\/resous-yo\/aje-andikap\/?utm_source=Home&#038;utm_medium=Referral&#038;utm_campaign=211Resources&#038;utm_content=Aging\"  target=\"_self\" itemprop=\"url\">\n\t\t\t\t<img decoding=\"async\" src=\"https:\/\/211md.org\/wp-content\/uploads\/bb-plugin\/cache\/2025_MdInfoNet_Icon-Sets_Aging-disability-square-c466727102cae71e5f27b8539bb51945-.png\" alt=\"\" itemprop=\"image\" onerror=\"this.style.display='none'\" loading=\"lazy\" \/>\n\t\t\t\t<\/a>\n\t\t<h4><a href=\"\/ht\/resous-yo\/timoun-fanmi-yo\/?utm_source=Home&#038;utm_medium=Referral&#038;utm_campaign=211Resources&#038;utm_content=Children\" target=\"_self\">Timoun ak Fanmi<\/a><\/h4>\n\t\t\t\t<a href=\"\/ht\/resous-yo\/timoun-fanmi-yo\/?utm_source=Home&#038;utm_medium=Referral&#038;utm_campaign=211Resources&#038;utm_content=Children\"  target=\"_self\" itemprop=\"url\">\n\t\t\t\t<img decoding=\"async\" src=\"https:\/\/211md.org\/wp-content\/uploads\/bb-plugin\/cache\/2025_211_Icon-Sets_Child-care-square-f3b0d4edab3dcc467fadb5f55f4064c6-.png\" alt=\"2025_211_Ansanm Ik\u00f2n_Swen Timoun\" itemprop=\"image\" height=\"417\" width=\"417\" title=\"2025_211_Ansanm Ik\u00f2n_Swen Timoun\" onerror=\"this.style.display='none'\" loading=\"lazy\" \/>\n\t\t\t\t<\/a>\n\t\t<h4><a href=\"\/ht\/resous-yo\/vyolans-familyal-domestik\/?utm_source=Home&#038;utm_medium=Referral&#038;utm_campaign=211Resources&#038;utm_content=Domestic\" target=\"_self\">Vyolans domestik<\/a><\/h4>\n\t\t\t\t<a href=\"\/ht\/resous-yo\/vyolans-familyal-domestik\/?utm_source=Home&#038;utm_medium=Referral&#038;utm_campaign=211Resources&#038;utm_content=Domestic\"  target=\"_self\" itemprop=\"url\">\n\t\t\t\t<img decoding=\"async\" src=\"https:\/\/211md.org\/wp-content\/uploads\/bb-plugin\/cache\/2025_211_Icon-Sets_Domestic-Violence-square-7b597694a6f05fe90cdc376aa573bc63-.png\" alt=\"Ik\u00f2n Vyolans Domestik\" itemprop=\"image\" height=\"417\" width=\"417\" title=\"2025_211_Ansanm Ik\u00f2n_Vyolans Domestik\" onerror=\"this.style.display='none'\" loading=\"lazy\" \/>\n\t\t\t\t<\/a>\n\t\t<h4><a href=\"\/ht\/resous-yo\/rechech-travay\/?utm_source=Home&#038;utm_medium=Referral&#038;utm_campaign=211Resources&#038;utm_content=Employment\" target=\"_self\">Travay<\/a><\/h4>\n\t\t\t\t<a href=\"\/ht\/resous-yo\/rechech-travay\/?utm_source=Home&#038;utm_medium=Referral&#038;utm_campaign=211Resources&#038;utm_content=Employment\"  target=\"_self\" itemprop=\"url\">\n\t\t\t\t<img decoding=\"async\" src=\"https:\/\/211md.org\/wp-content\/uploads\/bb-plugin\/cache\/2025_MdInfoNet_Icon-Sets_Employment-square-44707bd410e4df10a470bf130ebcea86-.png\" alt=\"\" itemprop=\"image\" onerror=\"this.style.display='none'\" loading=\"lazy\" \/>\n\t\t\t\t<\/a>\n\t\t<h4><a href=\"\/ht\/resous-yo\/swen-sante\/?utm_source=Home&#038;utm_medium=Referral&#038;utm_campaign=211Resources&#038;utm_content=Health%20Care\" target=\"_self\">Swen Sante<\/a><\/h4>\n\t\t\t\t<a href=\"\/ht\/resous-yo\/swen-sante\/?utm_source=Home&#038;utm_medium=Referral&#038;utm_campaign=211Resources&#038;utm_content=Health%20Care\"  target=\"_self\" itemprop=\"url\">\n\t\t\t\t<img decoding=\"async\" src=\"https:\/\/211md.org\/wp-content\/uploads\/bb-plugin\/cache\/2025_MdInfoNet_Icon-Sets_Health-Care-square-dee98a0060cbe0e7f27eda253fc12679-.png\" alt=\"\" itemprop=\"image\" onerror=\"this.style.display='none'\" loading=\"lazy\" \/>\n\t\t\t\t<\/a>\n\t\t<h4><a href=\"\/ht\/resous-yo\/timoun-fanmi-yo\/swen-fanmi\/?utm_source=Home&#038;utm_medium=Referral&#038;utm_campaign=211Resources&#038;utm_content=Kinship\" target=\"_self\">Parente<\/a><\/h4>\n\t\t\t\t<a href=\"\/ht\/resous-yo\/timoun-fanmi-yo\/swen-fanmi\/?utm_source=Home&#038;utm_medium=Referral&#038;utm_campaign=211Resources&#038;utm_content=Kinship\"  target=\"_self\" itemprop=\"url\">\n\t\t\t\t<img decoding=\"async\" src=\"https:\/\/211md.org\/wp-content\/uploads\/bb-plugin\/cache\/2025_211_Icon-Sets_Kinship-square-45bdf872866f5735f842c32071109267-.png\" alt=\"Ik\u00f2n fanmi\" itemprop=\"image\" height=\"417\" width=\"417\" title=\"2025_211_Ansanm Ik\u00f2n_Fanmitay\" onerror=\"this.style.display='none'\" loading=\"lazy\" \/>\n\t\t\t\t<\/a>\n\t\t<h4><a href=\"\/ht\/resous-yo\/sevis-legal-yo\/?utm_source=Home&#038;utm_medium=Referral&#038;utm_campaign=211Resources&#038;utm_content=Legal\" target=\"_self\">S\u00e8vis Legal<\/a><\/h4>\n\t\t\t\t<a href=\"\/ht\/resous-yo\/sevis-legal-yo\/?utm_source=Home&#038;utm_medium=Referral&#038;utm_campaign=211Resources&#038;utm_content=Legal\"  target=\"_self\" itemprop=\"url\">\n\t\t\t\t<img decoding=\"async\" src=\"https:\/\/211md.org\/wp-content\/uploads\/bb-plugin\/cache\/2025_MdInfoNet_Icon-Sets_Legal-square-18fdf438feb8435588174d9046463257-.png\" alt=\"\" itemprop=\"image\" onerror=\"this.style.display='none'\" loading=\"lazy\" \/>\n\t\t\t\t<\/a>\n\t\t<h4><a href=\"\/ht\/resous-yo\/sante-mantal\/?utm_source=Home&#038;utm_medium=Referral&#038;utm_campaign=211Resources&#038;utm_content=Mental\" target=\"_self\">Sante mantal<\/a><\/h4>\n\t\t\t\t<a href=\"\/ht\/resous-yo\/sante-mantal\/?utm_source=Home&#038;utm_medium=Referral&#038;utm_campaign=211Resources&#038;utm_content=Mental\"  target=\"_self\" itemprop=\"url\">\n\t\t\t\t<img decoding=\"async\" src=\"https:\/\/211md.org\/wp-content\/uploads\/bb-plugin\/cache\/2025_MdInfoNet_Icon-Sets_Mental-Health-square-c59b38c4a993a947d4c9280fbe2d2fee-.png\" alt=\"\" itemprop=\"image\" onerror=\"this.style.display='none'\" loading=\"lazy\" \/>\n\t\t\t\t<\/a>\n\t\t<h4><a href=\"\/ht\/resous-yo\/mdreentry\/?utm_source=Home&#038;utm_medium=Referral&#038;utm_campaign=211Resources&#038;utm_content=Reentry\" target=\"_self\">Reantre<\/a><\/h4>\n\t\t\t\t<a href=\"\/ht\/resous-yo\/mdreentry\/?utm_source=Home&#038;utm_medium=Referral&#038;utm_campaign=211Resources&#038;utm_content=Reentry\"  target=\"_self\" itemprop=\"url\">\n\t\t\t\t<img decoding=\"async\" src=\"https:\/\/211md.org\/wp-content\/uploads\/bb-plugin\/cache\/2025_211_Icon-Sets_Reentry-square-8676fea38abd920a832f45642fe31cca-.png\" alt=\"Ik\u00f2n Reantre\" itemprop=\"image\" height=\"417\" width=\"417\" title=\"2025_211_Ansanm Ik\u00f2n_Reantre\" onerror=\"this.style.display='none'\" loading=\"lazy\" \/>\n\t\t\t\t<\/a>\n\t\t<h4><a href=\"\/ht\/resous-yo\/itilizasyon-sibstans\/?utm_source=Home&#038;utm_medium=Referral&#038;utm_campaign=211Resources&#038;utm_content=Substance\" target=\"_self\">Itilizasyon sibstans<\/a><\/h4>\n\t\t\t\t<a href=\"\/ht\/resous-yo\/itilizasyon-sibstans\/?utm_source=Home&#038;utm_medium=Referral&#038;utm_campaign=211Resources&#038;utm_content=Substance\"  target=\"_self\" itemprop=\"url\">\n\t\t\t\t<img decoding=\"async\" src=\"https:\/\/211md.org\/wp-content\/uploads\/bb-plugin\/cache\/2025_MdInfoNet_Icon-Sets_Substance-Abuse-square-9022fec9d18a64118ad685c101885b55-.png\" alt=\"\" itemprop=\"image\" onerror=\"this.style.display='none'\" loading=\"lazy\" \/>\n\t\t\t\t<\/a>\n\t\t<h4><a href=\"\/ht\/resous-yo\/veteran-yo\/?utm_source=Home&#038;utm_medium=Referral&#038;utm_campaign=211Resources&#038;utm_content=Veterans\" target=\"_self\">Veteran yo<\/a><\/h4>\n\t\t\t\t<a href=\"\/ht\/resous-yo\/veteran-yo\/?utm_source=Home&#038;utm_medium=Referral&#038;utm_campaign=211Resources&#038;utm_content=Veterans\"  target=\"_self\" itemprop=\"url\">\n\t\t\t\t<img decoding=\"async\" src=\"https:\/\/211md.org\/wp-content\/uploads\/bb-plugin\/cache\/2025_MdInfoNet_Icon-Sets_Rating-square-6e60d00cce4faa8e0a6d4ad7366aa733-.png\" alt=\"\" itemprop=\"image\" onerror=\"this.style.display='none'\" loading=\"lazy\" \/>\n\t\t\t\t<\/a>","protected":false},"excerpt":{"rendered":"<p>Are you looking for help in Ocean City, Berlin, Ocean Pines, Sinepuxent, Newark, Whiteburg, Newark, Pocomoke City or another Worcester County community? Get connected to community supporting by searching the 211 database or calling and speaking to a caring and compassionate person who can identify your needs and connect you to community support. Dial 211&hellip;<\/p>","protected":false},"author":8,"featured_media":4096,"parent":750,"menu_order":0,"comment_status":"closed","ping_status":"closed","template":"","meta":{"footnotes":""},"class_list":["post-1684","page","type-page","status-publish","has-post-thumbnail","hentry"],"_links":{"self":[{"href":"https:\/\/211md.org\/ht\/wp-json\/wp\/v2\/pages\/1684","targetHints":{"allow":["GET"]}}],"collection":[{"href":"https:\/\/211md.org\/ht\/wp-json\/wp\/v2\/pages"}],"about":[{"href":"https:\/\/211md.org\/ht\/wp-json\/wp\/v2\/types\/page"}],"author":[{"embeddable":true,"href":"https:\/\/211md.org\/ht\/wp-json\/wp\/v2\/users\/8"}],"replies":[{"embeddable":true,"href":"https:\/\/211md.org\/ht\/wp-json\/wp\/v2\/comments?post=1684"}],"version-history":[{"count":3,"href":"https:\/\/211md.org\/ht\/wp-json\/wp\/v2\/pages\/1684\/revisions"}],"predecessor-version":[{"id":34079,"href":"https:\/\/211md.org\/ht\/wp-json\/wp\/v2\/pages\/1684\/revisions\/34079"}],"up":[{"embeddable":true,"href":"https:\/\/211md.org\/ht\/wp-json\/wp\/v2\/pages\/750"}],"wp:featuredmedia":[{"embeddable":true,"href":"https:\/\/211md.org\/ht\/wp-json\/wp\/v2\/media\/4096"}],"wp:attachment":[{"href":"https:\/\/211md.org\/ht\/wp-json\/wp\/v2\/media?parent=1684"}],"curies":[{"name":"wp","href":"https:\/\/api.w.org\/{rel}","templated":true}]}}