{"id":1685,"date":"2021-05-12T00:22:40","date_gmt":"2021-05-12T00:22:40","guid":{"rendered":"https:\/\/211md.org\/?page_id=1685"},"modified":"2025-10-29T07:09:20","modified_gmt":"2025-10-29T11:09:20","slug":"konte-somerset","status":"publish","type":"page","link":"https:\/\/211md.org\/ht\/resources-by-county\/somerset-county\/","title":{"rendered":"Konte Somerset"},"content":{"rendered":"<p>\u00c8d disponib nan Somerset County. Ch\u00e8che baz done 211 pou resous nan Princess Anne, Crisfield, Westover, Deal Island, Marion ak l\u00f2t kominote Somerset County.<\/p>\n<p>Ou kapab tou rele 2-1-1 nenp\u00f2t ki l\u00e8 lajounen oswa lannwit. Nou te tou mete ansanm lis resous sa a ak souvan refere yo bay ajans yo.<\/p>\n<h3><b>Sip\u00f2 pou bezwen esansy\u00e8l yo<\/b><\/h3>\n<p><a href=\"https:\/\/shoreup.org\/about-us\/offices-facilities\/\" target=\"_blank\" rel=\"noopener\">SHORE UP!<\/a>\u00a0nan Princess Anne ofri \u00e8d ak aplikasyon pou pwogram asistans en\u00e8ji Maryland, lojman ak\u00a0<a href=\"https:\/\/shoreup.org\/family-support\/free-tax-preparation\/\" target=\"_blank\" rel=\"noopener\">preparasyon taks gratis<\/a>.<\/p>\n<p>Si w ap viv nan Konte Somerset, ka gen l\u00f2t resous nan konte ki antoure.<\/p>\n<p>211 Espesyalis Enf\u00f2masyon ak Referans yo souvan refere rezidan yo a\u00a0<a href=\"https:\/\/thejosephhouse.org\/if-you-need-help\/\" target=\"_blank\" rel=\"noopener\">Joseph House Crisis Center<\/a>\u00a0nan Salisbury ki tou pre. Pa gen okenn kondisyon rezidans pou jwenn \u00e8d. Ou dwe aplike an p\u00e8s\u00f2n, sepandan, pou jwenn \u00e8d ak manje oswa peye yon b\u00f2dwo.<\/p>\n<p>Si ou bezwen manje, la\u00a0<a href=\"https:\/\/mdfoodbank.org\/find-food\/\" target=\"_blank\" rel=\"noopener\">Bank Manje Maryland<\/a>\u00a0gen yon Branch Eastern Shore nan Salisbury, ki gen ladan yon Pwogram Pantry School.\u00a0<a href=\"https:\/\/mdfoodbank.org\/find-food\/?post%5B0%5D=partner_locations&amp;address%5B0%5D=Somerset%20County%2C%20MD%2C%20USA&amp;distance=100&amp;units=imperial&amp;per_page=50&amp;lat=38.086233&amp;lng=-75.853395&amp;form=1&amp;action=fs\" target=\"_blank\" rel=\"noopener\">Jwenn yon gadmanje manje nan Somerset County<\/a>.<\/p>\n<p>&nbsp;<\/p>\n<h3><b>Sant Kriz lavi<\/b><\/h3>\n<p><a href=\"https:\/\/www.lifecrisiscenter.org\/\" target=\"_blank\" rel=\"noopener\">Sant Kriz lavi<\/a>, ki f\u00e8 pati rezo sant ap\u00e8l 211, sip\u00f2te bezwen sante mantal nan Konte Somerset ak kominote ki antoure yo.<\/p>\n<p>Yo bay ent\u00e8vansyon kriz ak pwogram prevansyon vyolans pou viktim vyolans domestik, atak seksy\u00e8l ak abi sou timoun. S\u00e8vis yo enkli yon kay ki an sekirite, jesyon ka entansif, vizit sip\u00e8vize, kons\u00e8y,\u00a0<a href=\"https:\/\/www.lifecrisiscenter.org\/services\/Legal-Services-and-Advocacy.htm\" target=\"_blank\" rel=\"noopener\">s\u00e8vis legal yo<\/a>, sip\u00f2 viktim, gwoup abiz\u00e8 ak kontak. Yo s\u00e8vi konte Wicomico, Worcester ak Somerset.<\/p>\n<p><a href=\"https:\/\/www.lifecrisiscenter.org\/services\/Counseling.htm\" target=\"_blank\" rel=\"noopener\">Terapi<\/a> yo ofri gratis pou moun ki viktim vyolans domestik, agresyon seksy\u00e8l ak abi sou timoun. Terapi disponib tou pou manm fanmi sivivan ki te afekte pa omisid nan rejyon twa konte nan Eastern Shore nan Maryland.<\/p>\n<p>Rele oswa voye yon mesaj t\u00e8ks nan 988 si ou bezwen sip\u00f2 imedya ak pwobl\u00e8m sante mantal, panse swisid, depresyon oswa move itilizasyon sibstans. Ou kapab tou <a href=\"https:\/\/search.988.mdinfonet.org\/\" target=\"_blank\" rel=\"noopener\">ch\u00e8che l\u00f2t founis\u00e8 swen sante mantal<\/a> nan baz done resous 988 la ki fonksyone grasa Maryland Information Network.<\/p>\n<h3><b>Ch\u00e8che \u00e8d pa kategori\u00a0<\/b><\/h3>\n<p>Bezwen \u00e8d ak yon l\u00f2t bagay? Nou gen do ou. Rele 2-1-1 pou w pale ak yon moun imedyatman. Oswa, rech\u00e8ch pa kategori pou jwenn yon resous toupre ou nan Somerset County.<\/p>\n\t\t<h4><a href=\"\/ht\/resous-yo\/aje-andikap\/?utm_source=Home&#038;utm_medium=Referral&#038;utm_campaign=211Resources&#038;utm_content=Aging\" target=\"_self\">Aje ak Andikap<\/a><\/h4>\n\t\t\t\t<a href=\"\/ht\/resous-yo\/aje-andikap\/?utm_source=Home&#038;utm_medium=Referral&#038;utm_campaign=211Resources&#038;utm_content=Aging\"  target=\"_self\" itemprop=\"url\">\n\t\t\t\t<img decoding=\"async\" src=\"https:\/\/211md.org\/wp-content\/uploads\/bb-plugin\/cache\/2025_MdInfoNet_Icon-Sets_Aging-disability-square-c466727102cae71e5f27b8539bb51945-.png\" alt=\"\" itemprop=\"image\" onerror=\"this.style.display='none'\" loading=\"lazy\" \/>\n\t\t\t\t<\/a>\n\t\t<h4><a href=\"\/ht\/resous-yo\/timoun-fanmi-yo\/?utm_source=Home&#038;utm_medium=Referral&#038;utm_campaign=211Resources&#038;utm_content=Children\" target=\"_self\">Timoun ak Fanmi<\/a><\/h4>\n\t\t\t\t<a href=\"\/ht\/resous-yo\/timoun-fanmi-yo\/?utm_source=Home&#038;utm_medium=Referral&#038;utm_campaign=211Resources&#038;utm_content=Children\"  target=\"_self\" itemprop=\"url\">\n\t\t\t\t<img decoding=\"async\" src=\"https:\/\/211md.org\/wp-content\/uploads\/bb-plugin\/cache\/2025_211_Icon-Sets_Child-care-square-f3b0d4edab3dcc467fadb5f55f4064c6-.png\" alt=\"2025_211_Ansanm Ik\u00f2n_Swen Timoun\" itemprop=\"image\" height=\"417\" width=\"417\" title=\"2025_211_Ansanm Ik\u00f2n_Swen Timoun\" onerror=\"this.style.display='none'\" loading=\"lazy\" \/>\n\t\t\t\t<\/a>\n\t\t<h4><a href=\"\/ht\/resous-yo\/vyolans-familyal-domestik\/?utm_source=Home&#038;utm_medium=Referral&#038;utm_campaign=211Resources&#038;utm_content=Domestic\" target=\"_self\">Vyolans domestik<\/a><\/h4>\n\t\t\t\t<a href=\"\/ht\/resous-yo\/vyolans-familyal-domestik\/?utm_source=Home&#038;utm_medium=Referral&#038;utm_campaign=211Resources&#038;utm_content=Domestic\"  target=\"_self\" itemprop=\"url\">\n\t\t\t\t<img decoding=\"async\" src=\"https:\/\/211md.org\/wp-content\/uploads\/bb-plugin\/cache\/2025_211_Icon-Sets_Domestic-Violence-square-7b597694a6f05fe90cdc376aa573bc63-.png\" alt=\"Ik\u00f2n Vyolans Domestik\" itemprop=\"image\" height=\"417\" width=\"417\" title=\"2025_211_Ansanm Ik\u00f2n_Vyolans Domestik\" onerror=\"this.style.display='none'\" loading=\"lazy\" \/>\n\t\t\t\t<\/a>\n\t\t<h4><a href=\"\/ht\/resous-yo\/rechech-travay\/?utm_source=Home&#038;utm_medium=Referral&#038;utm_campaign=211Resources&#038;utm_content=Employment\" target=\"_self\">Travay<\/a><\/h4>\n\t\t\t\t<a href=\"\/ht\/resous-yo\/rechech-travay\/?utm_source=Home&#038;utm_medium=Referral&#038;utm_campaign=211Resources&#038;utm_content=Employment\"  target=\"_self\" itemprop=\"url\">\n\t\t\t\t<img decoding=\"async\" src=\"https:\/\/211md.org\/wp-content\/uploads\/bb-plugin\/cache\/2025_MdInfoNet_Icon-Sets_Employment-square-44707bd410e4df10a470bf130ebcea86-.png\" alt=\"\" itemprop=\"image\" onerror=\"this.style.display='none'\" loading=\"lazy\" \/>\n\t\t\t\t<\/a>\n\t\t<h4><a href=\"\/ht\/resous-yo\/swen-sante\/?utm_source=Home&#038;utm_medium=Referral&#038;utm_campaign=211Resources&#038;utm_content=Health%20Care\" target=\"_self\">Swen Sante<\/a><\/h4>\n\t\t\t\t<a href=\"\/ht\/resous-yo\/swen-sante\/?utm_source=Home&#038;utm_medium=Referral&#038;utm_campaign=211Resources&#038;utm_content=Health%20Care\"  target=\"_self\" itemprop=\"url\">\n\t\t\t\t<img decoding=\"async\" src=\"https:\/\/211md.org\/wp-content\/uploads\/bb-plugin\/cache\/2025_MdInfoNet_Icon-Sets_Health-Care-square-dee98a0060cbe0e7f27eda253fc12679-.png\" alt=\"\" itemprop=\"image\" onerror=\"this.style.display='none'\" loading=\"lazy\" \/>\n\t\t\t\t<\/a>\n\t\t<h4><a href=\"\/ht\/resous-yo\/timoun-fanmi-yo\/swen-fanmi\/?utm_source=Home&#038;utm_medium=Referral&#038;utm_campaign=211Resources&#038;utm_content=Kinship\" target=\"_self\">Parente<\/a><\/h4>\n\t\t\t\t<a href=\"\/ht\/resous-yo\/timoun-fanmi-yo\/swen-fanmi\/?utm_source=Home&#038;utm_medium=Referral&#038;utm_campaign=211Resources&#038;utm_content=Kinship\"  target=\"_self\" itemprop=\"url\">\n\t\t\t\t<img decoding=\"async\" src=\"https:\/\/211md.org\/wp-content\/uploads\/bb-plugin\/cache\/2025_211_Icon-Sets_Kinship-square-45bdf872866f5735f842c32071109267-.png\" alt=\"Ik\u00f2n fanmi\" itemprop=\"image\" height=\"417\" width=\"417\" title=\"2025_211_Ansanm Ik\u00f2n_Fanmitay\" onerror=\"this.style.display='none'\" loading=\"lazy\" \/>\n\t\t\t\t<\/a>\n\t\t<h4><a href=\"\/ht\/resous-yo\/sevis-legal-yo\/?utm_source=Home&#038;utm_medium=Referral&#038;utm_campaign=211Resources&#038;utm_content=Legal\" target=\"_self\">S\u00e8vis Legal<\/a><\/h4>\n\t\t\t\t<a href=\"\/ht\/resous-yo\/sevis-legal-yo\/?utm_source=Home&#038;utm_medium=Referral&#038;utm_campaign=211Resources&#038;utm_content=Legal\"  target=\"_self\" itemprop=\"url\">\n\t\t\t\t<img decoding=\"async\" src=\"https:\/\/211md.org\/wp-content\/uploads\/bb-plugin\/cache\/2025_MdInfoNet_Icon-Sets_Legal-square-18fdf438feb8435588174d9046463257-.png\" alt=\"\" itemprop=\"image\" onerror=\"this.style.display='none'\" loading=\"lazy\" \/>\n\t\t\t\t<\/a>\n\t\t<h4><a href=\"\/ht\/resous-yo\/sante-mantal\/?utm_source=Home&#038;utm_medium=Referral&#038;utm_campaign=211Resources&#038;utm_content=Mental\" target=\"_self\">Sante mantal<\/a><\/h4>\n\t\t\t\t<a href=\"\/ht\/resous-yo\/sante-mantal\/?utm_source=Home&#038;utm_medium=Referral&#038;utm_campaign=211Resources&#038;utm_content=Mental\"  target=\"_self\" itemprop=\"url\">\n\t\t\t\t<img decoding=\"async\" src=\"https:\/\/211md.org\/wp-content\/uploads\/bb-plugin\/cache\/2025_MdInfoNet_Icon-Sets_Mental-Health-square-c59b38c4a993a947d4c9280fbe2d2fee-.png\" alt=\"\" itemprop=\"image\" onerror=\"this.style.display='none'\" loading=\"lazy\" \/>\n\t\t\t\t<\/a>\n\t\t<h4><a href=\"\/ht\/resous-yo\/mdreentry\/?utm_source=Home&#038;utm_medium=Referral&#038;utm_campaign=211Resources&#038;utm_content=Reentry\" target=\"_self\">Reantre<\/a><\/h4>\n\t\t\t\t<a href=\"\/ht\/resous-yo\/mdreentry\/?utm_source=Home&#038;utm_medium=Referral&#038;utm_campaign=211Resources&#038;utm_content=Reentry\"  target=\"_self\" itemprop=\"url\">\n\t\t\t\t<img decoding=\"async\" src=\"https:\/\/211md.org\/wp-content\/uploads\/bb-plugin\/cache\/2025_211_Icon-Sets_Reentry-square-8676fea38abd920a832f45642fe31cca-.png\" alt=\"Ik\u00f2n Reantre\" itemprop=\"image\" height=\"417\" width=\"417\" title=\"2025_211_Ansanm Ik\u00f2n_Reantre\" onerror=\"this.style.display='none'\" loading=\"lazy\" \/>\n\t\t\t\t<\/a>\n\t\t<h4><a href=\"\/ht\/resous-yo\/itilizasyon-sibstans\/?utm_source=Home&#038;utm_medium=Referral&#038;utm_campaign=211Resources&#038;utm_content=Substance\" target=\"_self\">Itilizasyon sibstans<\/a><\/h4>\n\t\t\t\t<a href=\"\/ht\/resous-yo\/itilizasyon-sibstans\/?utm_source=Home&#038;utm_medium=Referral&#038;utm_campaign=211Resources&#038;utm_content=Substance\"  target=\"_self\" itemprop=\"url\">\n\t\t\t\t<img decoding=\"async\" src=\"https:\/\/211md.org\/wp-content\/uploads\/bb-plugin\/cache\/2025_MdInfoNet_Icon-Sets_Substance-Abuse-square-9022fec9d18a64118ad685c101885b55-.png\" alt=\"\" itemprop=\"image\" onerror=\"this.style.display='none'\" loading=\"lazy\" \/>\n\t\t\t\t<\/a>\n\t\t<h4><a href=\"\/ht\/resous-yo\/veteran-yo\/?utm_source=Home&#038;utm_medium=Referral&#038;utm_campaign=211Resources&#038;utm_content=Veterans\" target=\"_self\">Veteran yo<\/a><\/h4>\n\t\t\t\t<a href=\"\/ht\/resous-yo\/veteran-yo\/?utm_source=Home&#038;utm_medium=Referral&#038;utm_campaign=211Resources&#038;utm_content=Veterans\"  target=\"_self\" itemprop=\"url\">\n\t\t\t\t<img decoding=\"async\" src=\"https:\/\/211md.org\/wp-content\/uploads\/bb-plugin\/cache\/2025_MdInfoNet_Icon-Sets_Rating-square-6e60d00cce4faa8e0a6d4ad7366aa733-.png\" alt=\"\" itemprop=\"image\" onerror=\"this.style.display='none'\" loading=\"lazy\" \/>\n\t\t\t\t<\/a>","protected":false},"excerpt":{"rendered":"<p>Help is available in Somerset County. Search the 211 database for resources in Princess Anne, Crisfield, Westover, Deal Island, Marion and other Somerset County communities. You can also dial 2-1-1 any time of day or night. We&#8217;ve also put together this resource list with commonly referred to agencies. Support For Essential Needs SHORE UP!\u00a0in Princess&hellip;<\/p>","protected":false},"author":8,"featured_media":0,"parent":750,"menu_order":0,"comment_status":"closed","ping_status":"closed","template":"","meta":{"footnotes":""},"class_list":["post-1685","page","type-page","status-publish","hentry"],"_links":{"self":[{"href":"https:\/\/211md.org\/ht\/wp-json\/wp\/v2\/pages\/1685","targetHints":{"allow":["GET"]}}],"collection":[{"href":"https:\/\/211md.org\/ht\/wp-json\/wp\/v2\/pages"}],"about":[{"href":"https:\/\/211md.org\/ht\/wp-json\/wp\/v2\/types\/page"}],"author":[{"embeddable":true,"href":"https:\/\/211md.org\/ht\/wp-json\/wp\/v2\/users\/8"}],"replies":[{"embeddable":true,"href":"https:\/\/211md.org\/ht\/wp-json\/wp\/v2\/comments?post=1685"}],"version-history":[{"count":3,"href":"https:\/\/211md.org\/ht\/wp-json\/wp\/v2\/pages\/1685\/revisions"}],"predecessor-version":[{"id":34092,"href":"https:\/\/211md.org\/ht\/wp-json\/wp\/v2\/pages\/1685\/revisions\/34092"}],"up":[{"embeddable":true,"href":"https:\/\/211md.org\/ht\/wp-json\/wp\/v2\/pages\/750"}],"wp:attachment":[{"href":"https:\/\/211md.org\/ht\/wp-json\/wp\/v2\/media?parent=1685"}],"curies":[{"name":"wp","href":"https:\/\/api.w.org\/{rel}","templated":true}]}}