{"id":1688,"date":"2021-05-12T00:23:17","date_gmt":"2021-05-12T00:23:17","guid":{"rendered":"https:\/\/211md.org\/?page_id=1688"},"modified":"2025-11-07T06:55:17","modified_gmt":"2025-11-07T11:55:17","slug":"talbot-konte","status":"publish","type":"page","link":"https:\/\/211md.org\/ht\/resources-by-county\/talbot-county\/","title":{"rendered":"Konte Talbot"},"content":{"rendered":"<h2><a href=\"https:\/\/search.211md.org\/\" target=\"_blank\"  rel=\"noopener\">Jwenn Resous Toupre Mwen<\/a><\/h2>\n\t\t\t<a href=\"https:\/\/search.211md.org\/\" target=\"_blank\" rel=\"noopener\">\n\t\t\t\t\t\t\tCh\u00e8che Kounye a\n\t\t\t<\/a>\n\t<p><strong><a href=\"\/ht\/rantre-nan-baz-done-nou-an\/\">Ajoute ajans ou oswa \u00f2ganizasyon w nan baz done resous nou an.<\/a><\/strong><\/p>\n<p>211 ka konekte w ak resous ki nan Konte Talbot. Kit w ap viv nan Easton, Trappe, Wye Mills, Wye Landing, Saint Michaels oswa yon l\u00f2t kominote, \u00e8d disponib.<\/p>\n<p>Ch\u00e8che resous ki anwo yo oubyen rele 211 pou pale ak yon Espesyalis Enf\u00f2masyon ak Referans ki gen sousi pou ou epi ki gen konpasyon.<\/p>\n\t\t<h2>\t\n\tRele 211<\/h2><p>Jwenn konekte ak resous kominote a ak sip\u00f2 24\/7\/365.<\/p>\n\t<h2>Talbot County Food<\/h2>\n<p>In Talbot County, there&#8217;s a mobile mini grocery store that brings low-cost groceries like fresh produce and prepared meals to <a href=\"https:\/\/www.carolineculinaryarts.org\/shogo-mobile\" target=\"_blank\" rel=\"noopener\">planned stops<\/a> throughout Talbot, Caroline, and Dorchester Counties.<\/p>\n<h3>gadmanje manje<\/h3>\n<p>Si w bezwen manje,\u00a0<a href=\"https:\/\/search.211md.org\/search?query=BD-1800.2000&amp;query_type=taxonomy&amp;query_label=&amp;query_language=en\" target=\"_blank\" rel=\"noopener\">ch\u00e8che yon gadmanje<\/a> tou pre ou nan Konte Talbot. Baz done resous nou an nan tout eta a gen plizy\u00e8 resous lokal.<\/p>\n<p><a href=\"https:\/\/healthytalbot.org\/about\/talbot-county-hunger-coalition\/\" target=\"_blank\" rel=\"noopener\">Kowalisyon Grangou Konte Talbot<\/a> tou gen gadmanje manje lokal nan Easton, Royal Oak, St. Michaels, Wittman ak Tilghman. Genyen tou yon liy sip\u00f2 pou moun ki pa ka jwenn resous manje ki neses\u00e8 yo.<\/p>\n<p>Nan ki z\u00f2n ou rete? Klike sou vil sa a pou w jwenn depo manje ki nan z\u00f2n ou an.<\/p>\n<ul>\n<li><a href=\"#Easton\">Easton<\/a><\/li>\n<li><a href=\"#Trappe\">Trappe<\/a><\/li>\n<li><a href=\"#Bay\">Bay san z\u00f2n<\/a><\/li>\n<li><a href=\"#Wye\">Wye Mills<\/a><\/li>\n<\/ul>\n\t\t\t\t<img decoding=\"async\" src=\"http:\/\/211md.org\/wp-content\/uploads\/2023\/11\/food-pantry-distribution.jpg\" alt=\"bwat manje ki soti nan distribisyon gadmanje manje\" itemprop=\"image\" title=\"distribisyon gadmanje manje\" onerror=\"this.style.display='none'\" loading=\"lazy\" \/>\n\t<h3>Easton<\/h3>\n\t\t<h3>Sant S\u00e8vis Katye<\/h3><p>126 Port Street<\/p>\n<p>410-822-5015<\/p>\n<p>Ale nan gwoup la pou jwenn yon f\u00f2m.<\/p>\n<p>&nbsp;<\/p>\n<p><strong>Lendi-Vandredi 9 am jiska 12 pm &amp; 1:30-4 pm<\/strong><\/p>\n\t<iframe src=\"https:\/\/www.google.com\/maps\/embed\/v1\/place?q=126+Port+Street%0AEaston%2C+MD+21601&#038;key=AIzaSyD09zQ9PNDNNy9TadMuzRV_UsPUoWKntt8\" aria-hidden=\"true\" title=\"Neighborhood Service Center Food Pantry nan Easton\"><\/iframe>\n\t\t<h3>Sen Vensan de P\u00f2l<\/h3><p>29533 Canvasback Drive<\/p>\n<p>410-770-4505<\/p>\n<p><a href=\"https:\/\/svdpeastonmd.org\/\" target=\"_blank\" rel=\"noopener\">Aprann plis<\/a><\/p>\n<p>&nbsp;<\/p>\n<p><strong>Madi 1-4 pm, Samdi 9 am - 12 pm<\/strong><\/p>\n\t<iframe src=\"https:\/\/www.google.com\/maps\/embed\/v1\/place?q=29533+Canvasback+Drive%0AEaston%2C+MD+21601&#038;key=AIzaSyD09zQ9PNDNNy9TadMuzRV_UsPUoWKntt8\" aria-hidden=\"true\" title=\"Sen Vensan de P\u00f2l\"><\/iframe>\n\t\t<h3>Harvest of Hope - Legliz Bondye a<\/h3><p>1009 N. Washington Street<\/p>\n<p>410-822-3088<\/p>\n<p>&nbsp;<\/p>\n<strong>Jedi 12-1:30 pm<br \/>\nRele li si w gen yon bezwen ijan nan yon l\u00f2t jou.<\/strong>\n<p>&nbsp;<\/p>\n\t<iframe src=\"https:\/\/www.google.com\/maps\/embed\/v1\/place?q=1009+N.+Washington+Street%0AEaston%2C+MD+21601&#038;key=AIzaSyD09zQ9PNDNNy9TadMuzRV_UsPUoWKntt8\" aria-hidden=\"true\" title=\"Harvest of Hope\"><\/iframe>\n\t\t<h3>Pantry St Mark nan Brookletts Senior Center<\/h3><p>400 Brookletts Avenue<\/p>\n<p>410-822-2869<\/p>\n<p>&nbsp;<\/p>\n<b>Vandredi 9-11 am<br \/>\nManje disponib Lendi, M\u00e8kredi, ak Vandredi<\/b>\n<p>&nbsp;<\/p>\n\t<iframe src=\"https:\/\/www.google.com\/maps\/embed\/v1\/place?q=400+Brookletts+Avenue%0AEaston%2C+MD+21601&#038;key=AIzaSyD09zQ9PNDNNy9TadMuzRV_UsPUoWKntt8\" aria-hidden=\"true\" title=\"Pantry St Mak la\"><\/iframe>\n\t<h3>Trappe, MD<\/h3>\n\t\t<h3>Legliz Metodis Ini Scott a<\/h3><p>3748 Main Street<\/p>\n<p>410-476-3980<\/p>\n<p>&nbsp;<\/p>\n<b>4y\u00e8m Jedi nan mwa a 8:30 am<br \/>\n(Dat yo ka varye)<\/b>\n<p>&nbsp;<\/p>\n\t<iframe src=\"https:\/\/www.google.com\/maps\/embed\/v1\/place?q=3748+Main+Street%0ATrappe%2C+MD+21673%0A&#038;key=AIzaSyD09zQ9PNDNNy9TadMuzRV_UsPUoWKntt8\" aria-hidden=\"true\" title=\"Legliz Metodis Ini Scott a\"><\/iframe>\n\t<h3>Bay san z\u00f2n<\/h3>\n\t\t<h3>Royal Oak United Methodist<\/h3><p>6968 Bellevue Road<\/p>\n<p>Royal Oak, MD<\/p>\n<p>&nbsp;<\/p>\n<p>&nbsp;<\/p>\n<b>24\/7<br \/>\n<\/b><b>San ekipe andedan<\/b>\n\t<iframe src=\"https:\/\/www.google.com\/maps\/embed\/v1\/place?q=6968+Bellevue+Road%0ARoyal+Oak%2C+MD+21662&#038;key=AIzaSyD09zQ9PNDNNy9TadMuzRV_UsPUoWKntt8\" aria-hidden=\"true\" title=\"Royal Oak United Methodist\"><\/iframe>\n\t\t<h3>Sant kominot\u00e8 St. Michaels<\/h3><p>207 N. Talbot Street<\/p>\n<p>St Michaels, MD<\/p>\n<p>&nbsp;<\/p>\n<p><b>Lendi 3-5 pm | M\u00e8kredi 1:30-3:30 pm | Vandredi 12-3 pm<\/b><\/p>\n<p><strong>Manje disponib tou nan jou sa yo<\/strong><\/p>\n\t<iframe src=\"https:\/\/www.google.com\/maps\/embed\/v1\/place?q=207+N.+Talbot+Street%0ASt.+Michael%27s%2C+MD+21663&#038;key=AIzaSyD09zQ9PNDNNy9TadMuzRV_UsPUoWKntt8\" aria-hidden=\"true\" title=\"Sant kominot\u00e8 St. Michaels\"><\/iframe>\n\t\t<h3>Tilghman gadmanje manje<\/h3><p>5731 Tilghman Island Road<\/p>\n<p>Tilghman, MD<\/p>\n<p>410-886-9863<\/p>\n<p>&nbsp;<\/p>\n<p><b>M\u00e8kredi 3-4:30 pm<\/b><\/p>\n<p><strong>Rele si w bezwen aks\u00e8 nan yon l\u00f2t l\u00e8.<\/strong><\/p>\n\t<iframe src=\"https:\/\/www.google.com\/maps\/embed\/v1\/place?q=5731+Tilghman+Island+Road%0ATilghman%2C+MD+21671&#038;key=AIzaSyD09zQ9PNDNNy9TadMuzRV_UsPUoWKntt8\" aria-hidden=\"true\" title=\"Tilghman gadmanje manje\"><\/iframe>\n\t<h3>Wye Mills<\/h3>\n\t\t<h3>Corner of Care \u2013 Chesapeake College<\/h3><p>1000 College Circle<\/p>\n<p>Wye Mills, MD<\/p>\n<p>Caroline Center Building<\/p>\n<p>&nbsp;<\/p>\n<p><b>Lendi-Vandredi, 8:30 am \u2013 4:30 pm<\/b><\/p>\n\t<iframe src=\"https:\/\/www.google.com\/maps\/embed\/v1\/place?q=1000+College+Circle%0AWye+Mills%2C+MD+21678&#038;key=AIzaSyD09zQ9PNDNNy9TadMuzRV_UsPUoWKntt8\" aria-hidden=\"true\" title=\"Corner of Care Food Pantry\"><\/iframe>\n\t<p>Si ou bezwen l\u00f2t resous ki gen rap\u00f2 ak manje tankou <a href=\"https:\/\/211md.org\/ht\/resous-yo\/manje\/koupon-pou-manje\/\">kijan pou aplike pou koupon pou manje<\/a> oswa l\u00f2t resous manje, jwenn enf\u00f2masyon sou <a href=\"https:\/\/211md.org\/ht\/resous-yo\/manje\/\">Paj manje 211 la<\/a>.<\/p>\n<h2>Bezwen esansy\u00e8l<\/h2>\n<p>Anplis manje, la <strong><a href=\"https:\/\/www.nsctalbotmd.org\/programs\" target=\"_blank\" rel=\"noopener\">Sant S\u00e8vis Katye<\/a><\/strong> nan Easton ofri yon pwogram alokasyon pou lokasyon (RAP), yon abri tranzisyon pou sanzabri, byen ak rad pou kay la, ak s\u00e8vis ijans pou moun ki f\u00e8 fas ak deg\u00e8pisman oswa f\u00e8men s\u00e8vis piblik nan Konte Talbot.<\/p>\n<p>L\u00e8 lajan yo disponib, pwogram s\u00e8vis ijans la ka ede tou ak medikaman sou preskripsyon ak l\u00f2t ijans.<\/p>\n<h2>Depistaj Sante<\/h2>\n<p>Depatman Sante Talbot County ka ede moun ak fanmi yo ak t\u00e8s depistaj sante, vaksen ak plis ank\u00f2. Aprann sou la <a href=\"https:\/\/talbothealth.org\/\" target=\"_blank\" rel=\"noopener\">pwogram sante ki disponib<\/a>.<\/p>\n<p>Mid Shore Health Improvement Coalition ap travay pou anpeche dyab\u00e8t ak prediabetes. 1 nan 3 granmoun gen prediabetes, men pif\u00f2 pa konnen li. <a href=\"https:\/\/www.midshorehealth.org\/diabetesrisk\" target=\"_blank\" rel=\"noopener\">Pran t\u00e8s la<\/a> nan Mid Shore Health Improvement Coalition pou konnen si w gen risk.<\/p>\n<h2>Medyasyon ak sip\u00f2 legal<\/h2>\n<p>Si w ap rankontre yon pwobl\u00e8m ak yon pwopriyet\u00e8, kolokasyon oswa vwazen, plan paran\/ak\u00f2 gad, swen pou granmoun aje, pwobl\u00e8m travay, ka ti reklamasyon oswa l\u00f2t sitiyasyon ki ta ka benefisye de medyasyon, kontakte a.\u00a0<strong><a href=\"https:\/\/midshoremediation.org\/mediation\/\" target=\"_blank\" rel=\"noopener\">Sant Medyasyon Mid Shore<\/a>.\u00a0<\/strong><\/p>\n<p>Medyasyon volont\u00e8, konfidansy\u00e8l, san jijman ka ede rezoud konfli yo. S\u00e8vis la gratis nan lokal li yo nan konte Dorchester, Talbot, ak Caroline.<\/p>\n<p>Pou \u00e8d legal,\u00a0<strong><a href=\"https:\/\/midshoreprobono.org\/how-we-help\/\" target=\"_blank\" rel=\"noopener\">Mid-Shore Pro Bono<\/a><\/strong>\u00a0ka ofri yon solisyon. Yo ede rezidan Eastern Shore ak gadyen adilt, div\u00f2s, sezi, separasyon legal, pouvwa, gad timoun, fayit, ak l\u00f2t diskisyon legal. Yo chaje yon fr\u00e8 yon s\u00e8l fwa $25 pou trete aplikasyon yo. Ou ka mande yon egzansyon nan fr\u00e8 sa a. Yo sitiye nan Easton ak biwo satelit nan Chestertown ak Salisbury.<\/p>\n\t\t\t\t<img decoding=\"async\" src=\"http:\/\/211md.org\/wp-content\/uploads\/2024\/01\/Whats-the-211-hon.jpg\" alt=\"Ki rap\u00e8l mesaj t\u00e8ks 211 Hon\" itemprop=\"image\" title=\"Ki sa ki onorab 211 la\" onerror=\"this.style.display='none'\" loading=\"lazy\" \/>\n\t<h2>Resous Konte Talbot<\/h2>\n<p>Aprann sou <a href=\"https:\/\/211md.org\/ht\/ki-sa-ki-211-la\/\">Ki sa ki nan 211, Hon?<\/a> \u2013 yon ef\u00f2 de baz pou ogmante konsyantizasyon sou fason 211 ka ede rezidan Talbot County jwenn resous sante ak s\u00e8vis imen lokal yo. 211 disponib 24\/7\/365.<\/p>\n<p>Ou ka jwenn tou mizajou mesaj t\u00e8ks ak resous sante Mid Shore. Enskri pa mesaj MidShore nan 898-211.<\/p>\n\t\t<h3>\t\n\tJwenn Av\u00e8tisman T\u00e8ks MidShore<\/h3><p>Jwenn mizajou mesaj t\u00e8ks ak resous kominote a. Enskri pa t\u00e8ks MidShore nan 898-211.<\/p>\n\t\t<h4><a href=\"\/ht\/resous-yo\/aje-andikap\/?utm_source=Home&#038;utm_medium=Referral&#038;utm_campaign=211Resources&#038;utm_content=Aging\" target=\"_self\">Aje ak Andikap<\/a><\/h4>\n\t\t\t\t<a href=\"\/ht\/resous-yo\/aje-andikap\/?utm_source=Home&#038;utm_medium=Referral&#038;utm_campaign=211Resources&#038;utm_content=Aging\"  target=\"_self\" itemprop=\"url\">\n\t\t\t\t<img decoding=\"async\" src=\"https:\/\/211md.org\/wp-content\/uploads\/bb-plugin\/cache\/2025_MdInfoNet_Icon-Sets_Aging-disability-square-c466727102cae71e5f27b8539bb51945-.png\" alt=\"\" itemprop=\"image\" onerror=\"this.style.display='none'\" loading=\"lazy\" \/>\n\t\t\t\t<\/a>\n\t\t<h4><a href=\"\/ht\/resous-yo\/timoun-fanmi-yo\/?utm_source=Home&#038;utm_medium=Referral&#038;utm_campaign=211Resources&#038;utm_content=Children\" target=\"_self\">Timoun ak Fanmi<\/a><\/h4>\n\t\t\t\t<a href=\"\/ht\/resous-yo\/timoun-fanmi-yo\/?utm_source=Home&#038;utm_medium=Referral&#038;utm_campaign=211Resources&#038;utm_content=Children\"  target=\"_self\" itemprop=\"url\">\n\t\t\t\t<img decoding=\"async\" src=\"https:\/\/211md.org\/wp-content\/uploads\/bb-plugin\/cache\/2025_211_Icon-Sets_Child-care-square-f3b0d4edab3dcc467fadb5f55f4064c6-.png\" alt=\"2025_211_Ansanm Ik\u00f2n_Swen Timoun\" itemprop=\"image\" height=\"417\" width=\"417\" title=\"2025_211_Ansanm Ik\u00f2n_Swen Timoun\" onerror=\"this.style.display='none'\" loading=\"lazy\" \/>\n\t\t\t\t<\/a>\n\t\t<h4><a href=\"\/ht\/resous-yo\/vyolans-familyal-domestik\/?utm_source=Home&#038;utm_medium=Referral&#038;utm_campaign=211Resources&#038;utm_content=Domestic\" target=\"_self\">Vyolans domestik<\/a><\/h4>\n\t\t\t\t<a href=\"\/ht\/resous-yo\/vyolans-familyal-domestik\/?utm_source=Home&#038;utm_medium=Referral&#038;utm_campaign=211Resources&#038;utm_content=Domestic\"  target=\"_self\" itemprop=\"url\">\n\t\t\t\t<img decoding=\"async\" src=\"https:\/\/211md.org\/wp-content\/uploads\/bb-plugin\/cache\/2025_211_Icon-Sets_Domestic-Violence-square-7b597694a6f05fe90cdc376aa573bc63-.png\" alt=\"Ik\u00f2n Vyolans Domestik\" itemprop=\"image\" height=\"417\" width=\"417\" title=\"2025_211_Ansanm Ik\u00f2n_Vyolans Domestik\" onerror=\"this.style.display='none'\" loading=\"lazy\" \/>\n\t\t\t\t<\/a>\n\t\t<h4><a href=\"\/ht\/resous-yo\/rechech-travay\/?utm_source=Home&#038;utm_medium=Referral&#038;utm_campaign=211Resources&#038;utm_content=Employment\" target=\"_self\">Travay<\/a><\/h4>\n\t\t\t\t<a href=\"\/ht\/resous-yo\/rechech-travay\/?utm_source=Home&#038;utm_medium=Referral&#038;utm_campaign=211Resources&#038;utm_content=Employment\"  target=\"_self\" itemprop=\"url\">\n\t\t\t\t<img decoding=\"async\" src=\"https:\/\/211md.org\/wp-content\/uploads\/bb-plugin\/cache\/2025_MdInfoNet_Icon-Sets_Employment-square-44707bd410e4df10a470bf130ebcea86-.png\" alt=\"\" itemprop=\"image\" onerror=\"this.style.display='none'\" loading=\"lazy\" \/>\n\t\t\t\t<\/a>\n\t\t<h4><a href=\"\/ht\/resous-yo\/swen-sante\/?utm_source=Home&#038;utm_medium=Referral&#038;utm_campaign=211Resources&#038;utm_content=Health%20Care\" target=\"_self\">Swen Sante<\/a><\/h4>\n\t\t\t\t<a href=\"\/ht\/resous-yo\/swen-sante\/?utm_source=Home&#038;utm_medium=Referral&#038;utm_campaign=211Resources&#038;utm_content=Health%20Care\"  target=\"_self\" itemprop=\"url\">\n\t\t\t\t<img decoding=\"async\" src=\"https:\/\/211md.org\/wp-content\/uploads\/bb-plugin\/cache\/2025_MdInfoNet_Icon-Sets_Health-Care-square-dee98a0060cbe0e7f27eda253fc12679-.png\" alt=\"\" itemprop=\"image\" onerror=\"this.style.display='none'\" loading=\"lazy\" \/>\n\t\t\t\t<\/a>\n\t\t<h4><a href=\"\/ht\/resous-yo\/timoun-fanmi-yo\/swen-fanmi\/?utm_source=Home&#038;utm_medium=Referral&#038;utm_campaign=211Resources&#038;utm_content=Kinship\" target=\"_self\">Parente<\/a><\/h4>\n\t\t\t\t<a href=\"\/ht\/resous-yo\/timoun-fanmi-yo\/swen-fanmi\/?utm_source=Home&#038;utm_medium=Referral&#038;utm_campaign=211Resources&#038;utm_content=Kinship\"  target=\"_self\" itemprop=\"url\">\n\t\t\t\t<img decoding=\"async\" src=\"https:\/\/211md.org\/wp-content\/uploads\/bb-plugin\/cache\/2025_211_Icon-Sets_Kinship-square-45bdf872866f5735f842c32071109267-.png\" alt=\"Ik\u00f2n fanmi\" itemprop=\"image\" height=\"417\" width=\"417\" title=\"2025_211_Ansanm Ik\u00f2n_Fanmitay\" onerror=\"this.style.display='none'\" loading=\"lazy\" \/>\n\t\t\t\t<\/a>\n\t\t<h4><a href=\"\/ht\/resous-yo\/sevis-legal-yo\/?utm_source=Home&#038;utm_medium=Referral&#038;utm_campaign=211Resources&#038;utm_content=Legal\" target=\"_self\">S\u00e8vis Legal<\/a><\/h4>\n\t\t\t\t<a href=\"\/ht\/resous-yo\/sevis-legal-yo\/?utm_source=Home&#038;utm_medium=Referral&#038;utm_campaign=211Resources&#038;utm_content=Legal\"  target=\"_self\" itemprop=\"url\">\n\t\t\t\t<img decoding=\"async\" src=\"https:\/\/211md.org\/wp-content\/uploads\/bb-plugin\/cache\/2025_MdInfoNet_Icon-Sets_Legal-square-18fdf438feb8435588174d9046463257-.png\" alt=\"\" itemprop=\"image\" onerror=\"this.style.display='none'\" loading=\"lazy\" \/>\n\t\t\t\t<\/a>\n\t\t<h4><a href=\"\/ht\/resous-yo\/sante-mantal\/?utm_source=Home&#038;utm_medium=Referral&#038;utm_campaign=211Resources&#038;utm_content=Mental\" target=\"_self\">Sante mantal<\/a><\/h4>\n\t\t\t\t<a href=\"\/ht\/resous-yo\/sante-mantal\/?utm_source=Home&#038;utm_medium=Referral&#038;utm_campaign=211Resources&#038;utm_content=Mental\"  target=\"_self\" itemprop=\"url\">\n\t\t\t\t<img decoding=\"async\" src=\"https:\/\/211md.org\/wp-content\/uploads\/bb-plugin\/cache\/2025_MdInfoNet_Icon-Sets_Mental-Health-square-c59b38c4a993a947d4c9280fbe2d2fee-.png\" alt=\"\" itemprop=\"image\" onerror=\"this.style.display='none'\" loading=\"lazy\" \/>\n\t\t\t\t<\/a>\n\t\t<h4><a href=\"\/ht\/resous-yo\/mdreentry\/?utm_source=Home&#038;utm_medium=Referral&#038;utm_campaign=211Resources&#038;utm_content=Reentry\" target=\"_self\">Reantre<\/a><\/h4>\n\t\t\t\t<a href=\"\/ht\/resous-yo\/mdreentry\/?utm_source=Home&#038;utm_medium=Referral&#038;utm_campaign=211Resources&#038;utm_content=Reentry\"  target=\"_self\" itemprop=\"url\">\n\t\t\t\t<img decoding=\"async\" src=\"https:\/\/211md.org\/wp-content\/uploads\/bb-plugin\/cache\/2025_211_Icon-Sets_Reentry-square-8676fea38abd920a832f45642fe31cca-.png\" alt=\"Ik\u00f2n Reantre\" itemprop=\"image\" height=\"417\" width=\"417\" title=\"2025_211_Ansanm Ik\u00f2n_Reantre\" onerror=\"this.style.display='none'\" loading=\"lazy\" \/>\n\t\t\t\t<\/a>\n\t\t<h4><a href=\"\/ht\/resous-yo\/itilizasyon-sibstans\/?utm_source=Home&#038;utm_medium=Referral&#038;utm_campaign=211Resources&#038;utm_content=Substance\" target=\"_self\">Itilizasyon sibstans<\/a><\/h4>\n\t\t\t\t<a href=\"\/ht\/resous-yo\/itilizasyon-sibstans\/?utm_source=Home&#038;utm_medium=Referral&#038;utm_campaign=211Resources&#038;utm_content=Substance\"  target=\"_self\" itemprop=\"url\">\n\t\t\t\t<img decoding=\"async\" src=\"https:\/\/211md.org\/wp-content\/uploads\/bb-plugin\/cache\/2025_MdInfoNet_Icon-Sets_Substance-Abuse-square-9022fec9d18a64118ad685c101885b55-.png\" alt=\"\" itemprop=\"image\" onerror=\"this.style.display='none'\" loading=\"lazy\" \/>\n\t\t\t\t<\/a>\n\t\t<h4><a href=\"\/ht\/resous-yo\/veteran-yo\/?utm_source=Home&#038;utm_medium=Referral&#038;utm_campaign=211Resources&#038;utm_content=Veterans\" target=\"_self\">Veteran yo<\/a><\/h4>\n\t\t\t\t<a href=\"\/ht\/resous-yo\/veteran-yo\/?utm_source=Home&#038;utm_medium=Referral&#038;utm_campaign=211Resources&#038;utm_content=Veterans\"  target=\"_self\" itemprop=\"url\">\n\t\t\t\t<img decoding=\"async\" src=\"https:\/\/211md.org\/wp-content\/uploads\/bb-plugin\/cache\/2025_MdInfoNet_Icon-Sets_Rating-square-6e60d00cce4faa8e0a6d4ad7366aa733-.png\" alt=\"\" itemprop=\"image\" onerror=\"this.style.display='none'\" loading=\"lazy\" \/>\n\t\t\t\t<\/a>","protected":false},"excerpt":{"rendered":"<p>Jwenn Resous Toupre Mwen Ch\u00e8che Kounye a Ajoute ajans oswa \u00f2ganizasyon ou nan baz done resous nou an. 211 ka konekte ou ak resous nan Konte Talbot. Kit ou rete nan Easton, Trappe, Wye Mills, Wye Landing, Saint Michaels oswa yon l\u00f2t kominote, \u00e8d disponib. Ch\u00e8che resous ki anwo yo oswa rele 211 pou pale ak yon moun ki gen sousi pou ou epi...<\/p>","protected":false},"author":8,"featured_media":3918,"parent":750,"menu_order":0,"comment_status":"closed","ping_status":"closed","template":"","meta":{"footnotes":""},"class_list":["post-1688","page","type-page","status-publish","has-post-thumbnail","hentry"],"_links":{"self":[{"href":"https:\/\/211md.org\/ht\/wp-json\/wp\/v2\/pages\/1688","targetHints":{"allow":["GET"]}}],"collection":[{"href":"https:\/\/211md.org\/ht\/wp-json\/wp\/v2\/pages"}],"about":[{"href":"https:\/\/211md.org\/ht\/wp-json\/wp\/v2\/types\/page"}],"author":[{"embeddable":true,"href":"https:\/\/211md.org\/ht\/wp-json\/wp\/v2\/users\/8"}],"replies":[{"embeddable":true,"href":"https:\/\/211md.org\/ht\/wp-json\/wp\/v2\/comments?post=1688"}],"version-history":[{"count":5,"href":"https:\/\/211md.org\/ht\/wp-json\/wp\/v2\/pages\/1688\/revisions"}],"predecessor-version":[{"id":34195,"href":"https:\/\/211md.org\/ht\/wp-json\/wp\/v2\/pages\/1688\/revisions\/34195"}],"up":[{"embeddable":true,"href":"https:\/\/211md.org\/ht\/wp-json\/wp\/v2\/pages\/750"}],"wp:featuredmedia":[{"embeddable":true,"href":"https:\/\/211md.org\/ht\/wp-json\/wp\/v2\/media\/3918"}],"wp:attachment":[{"href":"https:\/\/211md.org\/ht\/wp-json\/wp\/v2\/media?parent=1688"}],"curies":[{"name":"wp","href":"https:\/\/api.w.org\/{rel}","templated":true}]}}