{"id":1690,"date":"2021-05-12T00:23:36","date_gmt":"2021-05-12T00:23:36","guid":{"rendered":"https:\/\/211md.org\/?page_id=1690"},"modified":"2025-10-29T07:08:26","modified_gmt":"2025-10-29T11:08:26","slug":"queen-annes-county","status":"publish","type":"page","link":"https:\/\/211md.org\/ht\/resources-by-county\/queen-annes-county\/","title":{"rendered":"Konte R\u00e8n Anne"},"content":{"rendered":"<h2><a href=\"https:\/\/search.211md.org\/\" target=\"_blank\"  rel=\"noopener\">Jwenn Resous Toupre Mwen<\/a><\/h2>\n\t\t\t<a href=\"https:\/\/search.211md.org\/\" target=\"_blank\" rel=\"noopener\">\n\t\t\t\t\t\t\tCh\u00e8che Kounye a\n\t\t\t<\/a>\n\t<p><strong><a href=\"\/ht\/rantre-nan-baz-done-nou-an\/\">Ajoute ajans ou oswa \u00f2ganizasyon w nan baz done resous nou an.<\/a><\/strong><\/p>\n\t<p>Bezwen manje oswa sip\u00f2 finansye ijans pou lojman oswa b\u00f2dwo s\u00e8vis piblik? 211 ka ede ak bezwen sa yo ak l\u00f2t ank\u00f2. Ch\u00e8che nan plis pase 7,000 resous nan tout Maryland, oswa rele 211 pou pale ak yon Espesyalis Enf\u00f2masyon ak Referans 211 pou jwenn pi bon resous lokal yo.<\/p>\n<p>\u00c8d disponib si w ap viv nan Sudlersville, Church Hill, Queenstown, Grasonville, Stevensville oswa Centerville oswa youn nan l\u00f2t kominote nan Queen Anne&#039;s.<\/p>\n\t\t<h2>\t\n\tRele 211<\/h2><p>Jwenn konekte ak resous kominote a ak sip\u00f2 24\/7\/365.<\/p>\n<h2>Haven Ministries<\/h2>\n<p><a href=\"https:\/\/haven-ministries.org\/\" target=\"_blank\" rel=\"noopener\">Haven Ministries<\/a>, yon kowalisyon legliz kretyen nan Konte Queen Anne, ofri asistans lojman, manje, rad ak abri pou fanmi ki nan bezwen.<\/p>\n<p>Gen yon sant resous ak gadmanje manje nan Queenstown d\u00e8y\u00e8 Royal Farms. Moun ki abite Queen Anne yo ka s\u00e8vi ak gadmanje manje a yon fwa pa mwa, av\u00e8k yon idantite foto valab Ou ka pran yon randevou l\u00e8 w rele 410-827-7194.<\/p>\n<p>Genyen tou yon kamyon gadmanje manje mobil nan Sudlersville, Maryland. Kamyon manje a ofri manje ki pa kwit pou moun ki gen bezwen manje ijans nan rejyon n\u00f2 Queen Anne&#039;s County.<\/p>\n<p>Haven Ministries kapab ede tou jwenn lojman ab\u00f2dab, ki pa gen anpil nan Konte Queen Anne. Yo ofri yon abri sezon fredi ijans ak\u00a0<a href=\"https:\/\/haven-ministries.org\/2020\/11\/haven-ministries-expands-housing-assistance-program-2\/\" target=\"_blank\" rel=\"noopener\">Pwogram Asistans Lojman<\/a>.<\/p>\n<p>Finansman ka disponib atrav\u00e8 Legliz Katolik St. Christopher, Haven Ministries, ak Kent Island United Methodist Church pou lwaye ak peman s\u00e8vis piblik yo l\u00e8 sa disponib.<\/p>\n<p>Ou ka kontakte ajans sa yo oubyen rele 211 pou jwenn resous nan Konte Queen Anne ki ka ede w ak b\u00f2dwo s\u00e8vis piblik yo ak prevansyon pou yo pa mete w dey\u00f2.<\/p>\n<h2><b>\u00c8d Lojman\u00a0<\/b><\/h2>\n<p>Si w bezwen \u00e8d pou lojman, Queen Anne&#039;s Housing &amp; Community Services ofri yon seri pwogram k ap ede prevansyon deg\u00e8pisman, sanzabri, premye moun k ap achte kay, ak reparasyon lojman ijans. Ou ka tcheke yo tou <a href=\"https:\/\/www.qac.org\/1210\/Homeless-Assistance\" target=\"_blank\" rel=\"noopener\">paj resous yo<\/a> pou jwenn enf\u00f2masyon sou kote lojman nan tout konte a, lojman pou granmoun aje, enstalasyon asistans, ak abri.<\/p>\n<h2><b>\u00c8d s\u00e8vis piblik<\/b><\/h2>\n<p>Si ou bezwen \u00e8d pou peye b\u00f2dwo s\u00e8vis piblik ou, la\u00a0<a href=\"https:\/\/search.211md.org\/search\/6308c2bd4994ec149dfa74324ebccfde\" target=\"_blank\" rel=\"noopener\">Depatman S\u00e8vis Sosyal Konte R\u00e8n Anne<\/a>\u00a0ka ede ak sibvansyon en\u00e8ji leta tankou Pwogram Asistans En\u00e8ji Maryland (MEAP) pou pri chofaj, Pwogram S\u00e8vis Iniv\u00e8s\u00e8l Elektrik (EUSP) pou b\u00f2dwo elektrik ak l\u00f2t sibvansyon atrav\u00e8 Office of Home Energy Programs (OHEP).<\/p>\n<p><a href=\"\/ht\/resous-yo\/asistans-sevis-piblik\/\" rel=\"noopener\">211 gen yon gid asistans en\u00e8ji<\/a>\u00a0ak enf\u00f2masyon detaye sou direktiv revni ak kijan pou ranpli f\u00f2m lan k\u00f2r\u00e8kteman.<\/p>\n<p>Ou ka kontakte tou <a href=\"https:\/\/www.delmarva.com\/MyAccount\/CustomerSupport\/Pages\/MD\/BillPaymentAssistance.aspx\" target=\"_blank\" rel=\"noopener\">Delmarva Power<\/a> oswa <a href=\"https:\/\/www.choptankelectric.coop\/energy-assistance\" target=\"_blank\" rel=\"noopener\">Choptank elektrik<\/a> pou mete sou pye yon plan peman.<\/p>\n<h2>gadmanje manje<\/h2>\n<p>Anvan ou vizite yon gadmanje manje, tcheke kondisyon elijiblite yo epi konfime fwa yo paske yo ka chanje.<\/p>\n<p>Pou k\u00e8k gadmanje manje, ou ka bezwen yon randevou ak\/oswa yon idantite foto valab<\/p>\n\t\t<h3>Haven Ministries, Inc.<\/h3>206 Del Rhodes Avenue<br \/>\nQueenstown, MD 21658<br \/>\n(d\u00e8y\u00e8 Royal Farms)<br \/>\nTelef\u00f2n: (410) 827-7194\n<p>Ou dwe yon rezidan QAC ak foto ID Rezidan yo akeyi yon fwa pa mwa.<\/p>\n<p>&nbsp;<\/p>\n<strong>gadmanje manje | M, W, Je, V apati 8:30 am - 4:30 pm<br \/>\nT soti 7 am jiska 7 pm\u00a0<\/strong>\n\t<iframe src=\"https:\/\/www.google.com\/maps\/embed\/v1\/place?q=Haven+Ministries%0A206+Del+Rhodes+Avenue%0AQueenstown%2C+MD+21658&#038;key=AIzaSyD09zQ9PNDNNy9TadMuzRV_UsPUoWKntt8\" aria-hidden=\"true\" title=\"Haven Ministries\"><\/iframe>\n\t\t<h3>Haven Ministries, Inc. Kamyon manje mobil<\/h3>407 Dudley Corner Road<br \/>\nSudlersville, MD 21668<br \/>\n410-827-7194\n<p>&nbsp;<\/p>\n<p>Rezidan Northern QAC ki gen bezwen manje ijans, yon randevou, ak foto idantite<\/p>\n<p>&nbsp;<\/p>\n<p><b>Kamyon manje mobil | Sou randevou nan Madi 12 pm - 7 pm ak\u00a0<\/b><strong>Vandredi 9 am \u2013 7 pm<\/strong><\/p>\n\t<iframe src=\"https:\/\/www.google.com\/maps\/embed\/v1\/place?q=407+Dudley+Corner+Road%0ASudersville%2C+MD+21668&#038;key=AIzaSyD09zQ9PNDNNy9TadMuzRV_UsPUoWKntt8\" aria-hidden=\"true\" title=\"Kamyon manje Haven Ministries\"><\/iframe>\n\t\t<h3>Legliz Metodis Ini nan Centerville<\/h3>608 Church Hill Road<br \/>\nCentreville, MD 21617<br \/>\n410-758-0868\n<p>&nbsp;<\/p>\n<p><strong>gadmanje manje | 1ye ak 3y\u00e8m M\u00e8kredi chak mwa ant 10 am ak 12 pm<\/strong><\/p>\n\t<iframe src=\"https:\/\/www.google.com\/maps\/embed\/v1\/place?q=Centreville+United+Methodist+Church+%0A608+Church+Hill+Road%0ACentreville%2C+MD+21617&#038;key=AIzaSyD09zQ9PNDNNy9TadMuzRV_UsPUoWKntt8\" aria-hidden=\"true\" title=\"Legliz Metodis Ini nan Centerville \"><\/iframe>\n\t\t<h3>Legliz Katolik St Christopher<\/h3>1861 Harbour Drive<br \/>\nChester, MD 21619<br \/>\n410-643-6220\n<p>Pantry f\u00e8men si lek\u00f2l yo f\u00e8men pou move tan.<\/p>\n<strong><br \/>\ngadmanje manje | MWF 9:30 am pou 12 pm<\/strong>\n\t<iframe src=\"https:\/\/www.google.com\/maps\/embed\/v1\/place?q=St.+Christopher%27s+Catholic+Church%0A1861+Harbor+Drive%0AChester%2C+MD+21619&#038;key=AIzaSyD09zQ9PNDNNy9TadMuzRV_UsPUoWKntt8\" aria-hidden=\"true\" title=\"Legliz Katolik St Christopher\"><\/iframe>\n\t\t<h3>Legliz Bethel AME<\/h3>102 Washington Street<br \/>\nCentreville, MD 21617<br \/>\n410-758-3748\n<p>&nbsp;<\/p>\n<p><strong>gadmanje manje | Rele pou enf\u00f2masyon<\/strong><\/p>\n\t<iframe src=\"https:\/\/www.google.com\/maps\/embed\/v1\/place?q=Bethel+AME+Church+%0A102+Washington+Street%0ACentreville%2C+MD+21617&#038;key=AIzaSyD09zQ9PNDNNy9TadMuzRV_UsPUoWKntt8\" aria-hidden=\"true\" title=\"Legliz Bethel AME\"><\/iframe>\n\t\t<h3>Sant kominot\u00e8 Grasonville<\/h3>5601 Main Street<br \/>\nGrasonville, MD 21638<br \/>\n410-827-9215\n<p>&nbsp;<\/p>\n<p><strong>gadmanje manje | Madi 11:30 am \u2013 4 pm ak Vandredi 10 am \u2013 4 pm<\/strong><\/p>\n\t<iframe src=\"https:\/\/www.google.com\/maps\/embed\/v1\/place?q=Grasonville+Community+Center%0A5601+Main+Street%0AGrasonville%2C+MD+21638&#038;key=AIzaSyD09zQ9PNDNNy9TadMuzRV_UsPUoWKntt8\" aria-hidden=\"true\" title=\"Sant kominot\u00e8 Grasonville\"><\/iframe>\n\t\t<h3>Legliz Advantis Sety\u00e8m Jou Grasonville<\/h3>208 Medical Center Drive<br \/>\nGrasonville, MD 21638<br \/>\n410-827-8461\n<p>&nbsp;<\/p>\n<p>Ou dwe yon rezidan QAC ak yon idantite foto<\/p>\n<p>&nbsp;<\/p>\n<p><strong>gadmanje manje | Chak lendi 10 am - 1 pm\u00a0<\/strong><\/p>\n\t<iframe src=\"https:\/\/www.google.com\/maps\/embed\/v1\/place?q=Grasonville+Seventh+Day+Adventist+Church+%0A208+Medical+Center+Drive%0AGrasonville%2C+MD+21638&#038;key=AIzaSyD09zQ9PNDNNy9TadMuzRV_UsPUoWKntt8\" aria-hidden=\"true\" title=\"Legliz Advantis Sety\u00e8m Jou Grasonville \"><\/iframe>\n\t\t<h3>Legliz UM Sudlersville<\/h3>103 North Church Street<br \/>\nSudlersville, MD 21668<br \/>\n410-438-3816<br \/>\n<a href=\"http:\/\/www.sudlersvilleumc.org\/sudlersville-charge-food-pantry.html\" target=\"_blank\" rel=\"noopener\">Aprann sou gadmanje a<\/a>.\n<p>Dwe rete QAC. Kondisyon pou revni.<\/p>\n<strong><br \/>\ngadmanje manje | Rele pou Dat<\/strong>\n\t<iframe src=\"https:\/\/www.google.com\/maps\/embed\/v1\/place?q=Sudlersville+UM+Church%0A103+North+Church+Street%0ASudlersville%2C+MD+21668&#038;key=AIzaSyD09zQ9PNDNNy9TadMuzRV_UsPUoWKntt8\" aria-hidden=\"true\" title=\"Pantry Manje Legliz UM Sudlersville\"><\/iframe>\n\t\t<h3>Minist\u00e8 Sensibilisation Manman Doul\u00e8 nou an<\/h3>301 Homewood Avenue<br \/>\nCentreville, MD 21617<br \/>\n410-758-6833<br \/>\n<a href=\"https:\/\/sorrowsparish.org\/outreach\" target=\"_blank\" rel=\"noopener\">Aprann plis sou gadmanje a<\/a>.\n<p>Randevou obligatwa.<\/p>\n<p>&nbsp;<\/p>\n<p><strong>gadmanje manje | Dezy\u00e8m ak Katriy\u00e8m Jedi chak mwa ant 4 pm \u2013 6 pm l\u00e8 disponib ak yon randevou.<\/strong><\/p>\n\t<iframe src=\"https:\/\/www.google.com\/maps\/embed\/v1\/place?q=Our+Mother+of+Sorrows+Outreach+Ministry%0A301+Homewood+Avenue%0ACentreville%2C+MD+21617&#038;key=AIzaSyD09zQ9PNDNNy9TadMuzRV_UsPUoWKntt8\" aria-hidden=\"true\" title=\"Minist\u00e8 Sensibilisation Manman Doul\u00e8 nou an\"><\/iframe>\n\t<p>Si w ap viv nan yon l\u00f2t konte sou rivaj l\u00e8s la, ou ka jwenn l\u00f2t gadmanje pa <a href=\"https:\/\/211md.org\/ht\/resous-pa-konte\/\">chwazi konte a.<\/a><\/p>\n<p>Aprann sou l\u00f2t resous manje tankou <a href=\"https:\/\/211md.org\/ht\/resous-yo\/manje\/\">Avantaj SNAP ak fason pou ekonomize sou manje<\/a>.<\/p>\n\t\t\t\t<img decoding=\"async\" src=\"http:\/\/211md.org\/wp-content\/uploads\/2024\/01\/Whats-the-211-hon.jpg\" alt=\"Ki rap\u00e8l mesaj t\u00e8ks 211 Hon\" itemprop=\"image\" title=\"Ki sa ki onorab 211 la\" onerror=\"this.style.display='none'\" loading=\"lazy\" \/>\n\t<h2>Resous Konte R\u00e8n Anne<\/h2>\n<p>Aprann sou <a href=\"https:\/\/211md.org\/ht\/ki-sa-ki-211-la\/\">Ki sa ki nan 211, Hon?<\/a> \u2013 yon ef\u00f2 de baz pou ogmante konsyantizasyon sou fason 211 ka ede rezidan Queen Anne&#039;s County jwenn resous sante ak s\u00e8vis imen lokal yo. 211 disponib 24\/7\/365.<\/p>\n<p>Ou ka jwenn tou mizajou mesaj t\u00e8ks ak resous sante Mid Shore. Enskri pa mesaj MidShore nan 898-211.<\/p>\n\t\t<h3>\t\n\tJwenn Av\u00e8tisman T\u00e8ks MidShore<\/h3><p>Jwenn mizajou mesaj t\u00e8ks ak resous kominote a. Enskri pa t\u00e8ks MidShore nan 898-211.<\/p>\n\t\t<h4><a href=\"\/ht\/resous-yo\/aje-andikap\/?utm_source=Home&#038;utm_medium=Referral&#038;utm_campaign=211Resources&#038;utm_content=Aging\" target=\"_self\">Aje ak Andikap<\/a><\/h4>\n\t\t\t\t<a href=\"\/ht\/resous-yo\/aje-andikap\/?utm_source=Home&#038;utm_medium=Referral&#038;utm_campaign=211Resources&#038;utm_content=Aging\"  target=\"_self\" itemprop=\"url\">\n\t\t\t\t<img decoding=\"async\" src=\"https:\/\/211md.org\/wp-content\/uploads\/bb-plugin\/cache\/2025_MdInfoNet_Icon-Sets_Aging-disability-square-c466727102cae71e5f27b8539bb51945-.png\" alt=\"\" itemprop=\"image\" onerror=\"this.style.display='none'\" loading=\"lazy\" \/>\n\t\t\t\t<\/a>\n\t\t<h4><a href=\"\/ht\/resous-yo\/timoun-fanmi-yo\/?utm_source=Home&#038;utm_medium=Referral&#038;utm_campaign=211Resources&#038;utm_content=Children\" target=\"_self\">Timoun ak Fanmi<\/a><\/h4>\n\t\t\t\t<a href=\"\/ht\/resous-yo\/timoun-fanmi-yo\/?utm_source=Home&#038;utm_medium=Referral&#038;utm_campaign=211Resources&#038;utm_content=Children\"  target=\"_self\" itemprop=\"url\">\n\t\t\t\t<img decoding=\"async\" src=\"https:\/\/211md.org\/wp-content\/uploads\/bb-plugin\/cache\/2025_211_Icon-Sets_Child-care-square-f3b0d4edab3dcc467fadb5f55f4064c6-.png\" alt=\"2025_211_Ansanm Ik\u00f2n_Swen Timoun\" itemprop=\"image\" height=\"417\" width=\"417\" title=\"2025_211_Ansanm Ik\u00f2n_Swen Timoun\" onerror=\"this.style.display='none'\" loading=\"lazy\" \/>\n\t\t\t\t<\/a>\n\t\t<h4><a href=\"\/ht\/resous-yo\/vyolans-familyal-domestik\/?utm_source=Home&#038;utm_medium=Referral&#038;utm_campaign=211Resources&#038;utm_content=Domestic\" target=\"_self\">Vyolans domestik<\/a><\/h4>\n\t\t\t\t<a href=\"\/ht\/resous-yo\/vyolans-familyal-domestik\/?utm_source=Home&#038;utm_medium=Referral&#038;utm_campaign=211Resources&#038;utm_content=Domestic\"  target=\"_self\" itemprop=\"url\">\n\t\t\t\t<img decoding=\"async\" src=\"https:\/\/211md.org\/wp-content\/uploads\/bb-plugin\/cache\/2025_211_Icon-Sets_Domestic-Violence-square-7b597694a6f05fe90cdc376aa573bc63-.png\" alt=\"Ik\u00f2n Vyolans Domestik\" itemprop=\"image\" height=\"417\" width=\"417\" title=\"2025_211_Ansanm Ik\u00f2n_Vyolans Domestik\" onerror=\"this.style.display='none'\" loading=\"lazy\" \/>\n\t\t\t\t<\/a>\n\t\t<h4><a href=\"\/ht\/resous-yo\/rechech-travay\/?utm_source=Home&#038;utm_medium=Referral&#038;utm_campaign=211Resources&#038;utm_content=Employment\" target=\"_self\">Travay<\/a><\/h4>\n\t\t\t\t<a href=\"\/ht\/resous-yo\/rechech-travay\/?utm_source=Home&#038;utm_medium=Referral&#038;utm_campaign=211Resources&#038;utm_content=Employment\"  target=\"_self\" itemprop=\"url\">\n\t\t\t\t<img decoding=\"async\" src=\"https:\/\/211md.org\/wp-content\/uploads\/bb-plugin\/cache\/2025_MdInfoNet_Icon-Sets_Employment-square-44707bd410e4df10a470bf130ebcea86-.png\" alt=\"\" itemprop=\"image\" onerror=\"this.style.display='none'\" loading=\"lazy\" \/>\n\t\t\t\t<\/a>\n\t\t<h4><a href=\"\/ht\/resous-yo\/swen-sante\/?utm_source=Home&#038;utm_medium=Referral&#038;utm_campaign=211Resources&#038;utm_content=Health%20Care\" target=\"_self\">Swen Sante<\/a><\/h4>\n\t\t\t\t<a href=\"\/ht\/resous-yo\/swen-sante\/?utm_source=Home&#038;utm_medium=Referral&#038;utm_campaign=211Resources&#038;utm_content=Health%20Care\"  target=\"_self\" itemprop=\"url\">\n\t\t\t\t<img decoding=\"async\" src=\"https:\/\/211md.org\/wp-content\/uploads\/bb-plugin\/cache\/2025_MdInfoNet_Icon-Sets_Health-Care-square-dee98a0060cbe0e7f27eda253fc12679-.png\" alt=\"\" itemprop=\"image\" onerror=\"this.style.display='none'\" loading=\"lazy\" \/>\n\t\t\t\t<\/a>\n\t\t<h4><a href=\"\/ht\/resous-yo\/timoun-fanmi-yo\/swen-fanmi\/?utm_source=Home&#038;utm_medium=Referral&#038;utm_campaign=211Resources&#038;utm_content=Kinship\" target=\"_self\">Parente<\/a><\/h4>\n\t\t\t\t<a href=\"\/ht\/resous-yo\/timoun-fanmi-yo\/swen-fanmi\/?utm_source=Home&#038;utm_medium=Referral&#038;utm_campaign=211Resources&#038;utm_content=Kinship\"  target=\"_self\" itemprop=\"url\">\n\t\t\t\t<img decoding=\"async\" src=\"https:\/\/211md.org\/wp-content\/uploads\/bb-plugin\/cache\/2025_211_Icon-Sets_Kinship-square-45bdf872866f5735f842c32071109267-.png\" alt=\"Ik\u00f2n fanmi\" itemprop=\"image\" height=\"417\" width=\"417\" title=\"2025_211_Ansanm Ik\u00f2n_Fanmitay\" onerror=\"this.style.display='none'\" loading=\"lazy\" \/>\n\t\t\t\t<\/a>\n\t\t<h4><a href=\"\/ht\/resous-yo\/sevis-legal-yo\/?utm_source=Home&#038;utm_medium=Referral&#038;utm_campaign=211Resources&#038;utm_content=Legal\" target=\"_self\">S\u00e8vis Legal<\/a><\/h4>\n\t\t\t\t<a href=\"\/ht\/resous-yo\/sevis-legal-yo\/?utm_source=Home&#038;utm_medium=Referral&#038;utm_campaign=211Resources&#038;utm_content=Legal\"  target=\"_self\" itemprop=\"url\">\n\t\t\t\t<img decoding=\"async\" src=\"https:\/\/211md.org\/wp-content\/uploads\/bb-plugin\/cache\/2025_MdInfoNet_Icon-Sets_Legal-square-18fdf438feb8435588174d9046463257-.png\" alt=\"\" itemprop=\"image\" onerror=\"this.style.display='none'\" loading=\"lazy\" \/>\n\t\t\t\t<\/a>\n\t\t<h4><a href=\"\/ht\/resous-yo\/sante-mantal\/?utm_source=Home&#038;utm_medium=Referral&#038;utm_campaign=211Resources&#038;utm_content=Mental\" target=\"_self\">Sante mantal<\/a><\/h4>\n\t\t\t\t<a href=\"\/ht\/resous-yo\/sante-mantal\/?utm_source=Home&#038;utm_medium=Referral&#038;utm_campaign=211Resources&#038;utm_content=Mental\"  target=\"_self\" itemprop=\"url\">\n\t\t\t\t<img decoding=\"async\" src=\"https:\/\/211md.org\/wp-content\/uploads\/bb-plugin\/cache\/2025_MdInfoNet_Icon-Sets_Mental-Health-square-c59b38c4a993a947d4c9280fbe2d2fee-.png\" alt=\"\" itemprop=\"image\" onerror=\"this.style.display='none'\" loading=\"lazy\" \/>\n\t\t\t\t<\/a>\n\t\t<h4><a href=\"\/ht\/resous-yo\/mdreentry\/?utm_source=Home&#038;utm_medium=Referral&#038;utm_campaign=211Resources&#038;utm_content=Reentry\" target=\"_self\">Reantre<\/a><\/h4>\n\t\t\t\t<a href=\"\/ht\/resous-yo\/mdreentry\/?utm_source=Home&#038;utm_medium=Referral&#038;utm_campaign=211Resources&#038;utm_content=Reentry\"  target=\"_self\" itemprop=\"url\">\n\t\t\t\t<img decoding=\"async\" src=\"https:\/\/211md.org\/wp-content\/uploads\/bb-plugin\/cache\/2025_211_Icon-Sets_Reentry-square-8676fea38abd920a832f45642fe31cca-.png\" alt=\"Ik\u00f2n Reantre\" itemprop=\"image\" height=\"417\" width=\"417\" title=\"2025_211_Ansanm Ik\u00f2n_Reantre\" onerror=\"this.style.display='none'\" loading=\"lazy\" \/>\n\t\t\t\t<\/a>\n\t\t<h4><a href=\"\/ht\/resous-yo\/itilizasyon-sibstans\/?utm_source=Home&#038;utm_medium=Referral&#038;utm_campaign=211Resources&#038;utm_content=Substance\" target=\"_self\">Itilizasyon sibstans<\/a><\/h4>\n\t\t\t\t<a href=\"\/ht\/resous-yo\/itilizasyon-sibstans\/?utm_source=Home&#038;utm_medium=Referral&#038;utm_campaign=211Resources&#038;utm_content=Substance\"  target=\"_self\" itemprop=\"url\">\n\t\t\t\t<img decoding=\"async\" src=\"https:\/\/211md.org\/wp-content\/uploads\/bb-plugin\/cache\/2025_MdInfoNet_Icon-Sets_Substance-Abuse-square-9022fec9d18a64118ad685c101885b55-.png\" alt=\"\" itemprop=\"image\" onerror=\"this.style.display='none'\" loading=\"lazy\" \/>\n\t\t\t\t<\/a>\n\t\t<h4><a href=\"\/ht\/resous-yo\/veteran-yo\/?utm_source=Home&#038;utm_medium=Referral&#038;utm_campaign=211Resources&#038;utm_content=Veterans\" target=\"_self\">Veteran yo<\/a><\/h4>\n\t\t\t\t<a href=\"\/ht\/resous-yo\/veteran-yo\/?utm_source=Home&#038;utm_medium=Referral&#038;utm_campaign=211Resources&#038;utm_content=Veterans\"  target=\"_self\" itemprop=\"url\">\n\t\t\t\t<img decoding=\"async\" src=\"https:\/\/211md.org\/wp-content\/uploads\/bb-plugin\/cache\/2025_MdInfoNet_Icon-Sets_Rating-square-6e60d00cce4faa8e0a6d4ad7366aa733-.png\" alt=\"\" itemprop=\"image\" onerror=\"this.style.display='none'\" loading=\"lazy\" \/>\n\t\t\t\t<\/a>","protected":false},"excerpt":{"rendered":"<p>Jwenn Resous Toupre Mwen Ch\u00e8che Kounye a Ajoute ajans oswa \u00f2ganizasyon ou nan baz done resous nou an. Bezwen manje oswa sip\u00f2 finansye ijans pou lojman oswa b\u00f2dwo s\u00e8vis piblik? 211 ka ede ak bezwen sa yo ak l\u00f2t ank\u00f2. Ch\u00e8che plis pase 7,000 resous nan tout Maryland, oswa rele 211 pou pale ak yon Espesyalis Enf\u00f2masyon ak Referans 211 pou jwenn...<\/p>","protected":false},"author":8,"featured_media":0,"parent":750,"menu_order":0,"comment_status":"closed","ping_status":"closed","template":"","meta":{"footnotes":""},"class_list":["post-1690","page","type-page","status-publish","hentry"],"_links":{"self":[{"href":"https:\/\/211md.org\/ht\/wp-json\/wp\/v2\/pages\/1690","targetHints":{"allow":["GET"]}}],"collection":[{"href":"https:\/\/211md.org\/ht\/wp-json\/wp\/v2\/pages"}],"about":[{"href":"https:\/\/211md.org\/ht\/wp-json\/wp\/v2\/types\/page"}],"author":[{"embeddable":true,"href":"https:\/\/211md.org\/ht\/wp-json\/wp\/v2\/users\/8"}],"replies":[{"embeddable":true,"href":"https:\/\/211md.org\/ht\/wp-json\/wp\/v2\/comments?post=1690"}],"version-history":[{"count":3,"href":"https:\/\/211md.org\/ht\/wp-json\/wp\/v2\/pages\/1690\/revisions"}],"predecessor-version":[{"id":34088,"href":"https:\/\/211md.org\/ht\/wp-json\/wp\/v2\/pages\/1690\/revisions\/34088"}],"up":[{"embeddable":true,"href":"https:\/\/211md.org\/ht\/wp-json\/wp\/v2\/pages\/750"}],"wp:attachment":[{"href":"https:\/\/211md.org\/ht\/wp-json\/wp\/v2\/media?parent=1690"}],"curies":[{"name":"wp","href":"https:\/\/api.w.org\/{rel}","templated":true}]}}